{"id":34,"date":"2024-03-14T07:43:47","date_gmt":"2024-03-14T05:43:47","guid":{"rendered":"https:\/\/www.ipsen.com\/frn\/?page_id=34"},"modified":"2025-07-08T09:55:37","modified_gmt":"2025-07-08T07:55:37","slug":"nos-aires-therapeutiques","status":"publish","type":"page","link":"https:\/\/www.ipsen.com\/france\/nos-aires-therapeutiques\/","title":{"rendered":"Nos aires th\u00e9rapeutiques"},"content":{"rendered":"    <section class=\"sub-page-banner \" style=\"background-image:url()\">\n        <div class=\"container content-sec\">\n            <nav aria-label=\"breadcrumb\">\n            <ol class=\"breadcrumb\">\n                <li class=\"breadcrumb-item\"><a href=\"https:\/\/www.ipsen.com\/france\">Accueil<\/a><\/li><li class=\"breadcrumb-item active\"><a class=\"link-pointer-events-none\" href=\"#\" aria-current=\"page\">Nos aires th\u00e9rapeutiques<\/a><\/li><\/ol>\n            <\/nav>            <h1 class=\"visible\">Nos aires th\u00e9rapeutiques<\/h1>\n            <p class=\"visible\">Avoir un impact pour les patients et leurs familles dans trois aires th\u00e9rapeutiques<\/p>\n        <\/div>\n    <\/section>\n\n\n    <section class=\"title-text \">\n        <div class=\"container\">\n            <div class=\"title-text-inner\" style=\"background-color:#EDEBE4;\">\n\n                <!-- If heading is enabled then it's visible -->\n                <div class=\"text-head-dash hidden\">\n                <h3 class=\"heading-three\" role=\"heading\" aria-level=\"2\">\n                                            <\/h3>\n                <\/div>\n               \n                <!-- If description is enabled then it's visible -->\n                <div class=\"text-parbase visible\">\n                    <p>Nous nous concentrons sur le d\u00e9veloppement de traitements innovants dans nos trois aires th\u00e9rapeutiques : l\u2019oncologie, les neurosciences et les maladies rares. Nous sommes convaincus qu\u2019en ciblant nos efforts sur les maladies et les troubles dans ces trois aires th\u00e9rapeutiques, nous pouvons avoir un impact positif sur le quotidien des patients et de leurs familles.<\/p>\n                <\/div>\n\n                <!-- If button is enabled then it's visible -->\n                \n            <\/div>\n        <\/div>\n    <\/section>\n\n\n<!-- Text & Media Block Code -->\n<section class=\"two-col-section text-media-section\">\n    <div class=\"container two-section-innner \">\n        <div class=\"response-inner\" style=\"background-image: url('')\">\n            <div class=\"row \">\n                <div class=\"col-xs-12 col-sm-12 col-md-6\">\n                                                    <div class=\"img-video-section\">\n                                <img decoding=\"async\" \n                                    src=\"https:\/\/www.ipsen.com\/france\/wp-content\/uploads\/sites\/15\/2024\/04\/Module-3-E28093-Patients-strategy_Ipsen-Crewe-Steve-Pointon_056_08_700X420px.jpg\" \n                                    alt=\"\" \n                                >\n                            <\/div>\n                                        <\/div>\n                <div class=\" col-xs-12 col-sm-12 col-md-6\">\n                    <div class=\"section-content\">\n                        <div class=\"heading-dash\">\n                                                            <span class=\"dash\"><\/span>\n                                <h4 class=\"heading-para heading-four\" role=\"heading\" aria-level=\"2\">\n                                    Oncologie                                <\/h4>\n                                                    <\/div>\n                                                <p>Notre travail en oncologie se concentre sur les tumeurs solides et certains des cancers les plus difficiles \u00e0 traiter. Nous disposons d&#8217;un portefeuille croissant de th\u00e9rapies visant \u00e0 am\u00e9liorer la vie des patients atteints de ces types de tumeurs et cancers.<\/p>\n                            <a \n                            aria-label=\" about Oncologie\"  \n                                role=\"link\" \n                                class=\"btn-link hidden\"\n                                href=\"\" \n                                target=\"_self\"\n                            > \n                                 \n                            <\/a>\n\n                    <\/div>\n                <\/div>\n            <\/div>\n        <\/div>\n    <\/div>\n<\/section>\n\n<!-- Text & Media Block Code -->\n<section class=\"two-col-section text-media-section\">\n    <div class=\"container two-section-innner section-reverse\">\n        <div class=\"response-inner\" style=\"background-image: url('')\">\n            <div class=\"row section-reverse\">\n                <div class=\"col-xs-12 col-sm-12 col-md-6\">\n                                                    <div class=\"img-video-section\">\n                                <img decoding=\"async\" \n                                    src=\"https:\/\/www.ipsen.com\/france\/wp-content\/uploads\/sites\/15\/2024\/04\/Our-Commitment-to-Rare-Disease_Savannah_card-700x420pix.jpg\" \n                                    alt=\"\" \n                                >\n                            <\/div>\n                                        <\/div>\n                <div class=\" col-xs-12 col-sm-12 col-md-6\">\n                    <div class=\"section-content\">\n                        <div class=\"heading-dash\">\n                                                            <span class=\"dash\"><\/span>\n                                <h4 class=\"heading-para heading-four\" role=\"heading\" aria-level=\"2\">\n                                    Maladies rares                                <\/h4>\n                                                    <\/div>\n                                                <p>Nous continuons d&#8217;\u00e9voluer et d&#8217;accro\u00eetre nos efforts de recherche dans le domaine des maladies rares et ultra-rares. \u00c9tant donn\u00e9 la compr\u00e9hension limit\u00e9e de ces maladies, nous nous engageons \u00e0 r\u00e9pondre aux besoins des patients, de l&#8217;aide au diagnostic au traitement.<\/p>\n                            <a \n                            aria-label=\" about Maladies rares\"  \n                                role=\"link\" \n                                class=\"btn-link hidden\"\n                                href=\"\" \n                                target=\"_self\"\n                            > \n                                 \n                            <\/a>\n\n                    <\/div>\n                <\/div>\n            <\/div>\n        <\/div>\n    <\/div>\n<\/section>\n\n<!-- Text & Media Block Code -->\n<section class=\"two-col-section text-media-section\">\n    <div class=\"container two-section-innner \">\n        <div class=\"response-inner\" style=\"background-image: url('')\">\n            <div class=\"row \">\n                <div class=\"col-xs-12 col-sm-12 col-md-6\">\n                                                    <div class=\"img-video-section\">\n                                <img decoding=\"async\" \n                                    src=\"https:\/\/www.ipsen.com\/france\/wp-content\/uploads\/sites\/15\/2024\/04\/05-03_PATIENTS_Text-and-Photos-Overlapped_ipsen-81_DIANA_700X420px.jpg\" \n                                    alt=\"\" \n                                >\n                            <\/div>\n                                        <\/div>\n                <div class=\" col-xs-12 col-sm-12 col-md-6\">\n                    <div class=\"section-content\">\n                        <div class=\"heading-dash\">\n                                                            <span class=\"dash\"><\/span>\n                                <h4 class=\"heading-para heading-four\" role=\"heading\" aria-level=\"2\">\n                                    Neurosciences                                <\/h4>\n                                                    <\/div>\n                                                <p>Nous sommes engag\u00e9s dans la recherche, le d\u00e9veloppement, la fabrication et la commercialisation de traitements destin\u00e9s \u00e0 traiter certains troubles neurologiques chez les adultes et les enfants.<\/p>\n                            <a \n                            aria-label=\" about Neurosciences\"  \n                                role=\"link\" \n                                class=\"btn-link hidden\"\n                                href=\"\" \n                                target=\"_self\"\n                            > \n                                 \n                            <\/a>\n\n                    <\/div>\n                <\/div>\n            <\/div>\n        <\/div>\n    <\/div>\n<\/section>\n\n<!-- Ipsen Content Overlay Start -->\n<section class=\"two-col-image-section\">\n    <div class=\"container two-img-section-innner\"  >\n        <div class=\"content-overlay-inner bg-color-enabled\" style=\"background-color:#EDEBE4\">\n                <!-- Ipsen Content Overlay Variation Two Start -->\n                <div class=\"row section-bg-reverse\">\n                    <div class=\"col-xs-12 col-sm-12 col-md-6 column-1 order-2\">\n                        <div id=\"image-carousel\" class=\"img-video-section carousel\" data-bs-ride=\"carousel\">\n                            <div class=\"carousel-inner\">\n                                                                        <div class=\"carousel-item active\">\n                                            <img decoding=\"async\" src=\"https:\/\/www.ipsen.com\/france\/wp-content\/uploads\/sites\/15\/2024\/04\/05-04_PATIENTS_Text-and-Photos-Overlapped_526A1119_STEPHEN.jpg\" alt=\"Media Image\" >\n                                        <\/div>\n                                                            <\/div>\n                                                    <\/div>\n                    <\/div>\n                    <div class=\" col-xs-12 col-sm-12 col-md-6 column-2 order-1\">\n                        <div class=\" section-content\">\n                                                                <div class=\"heading-dash\">\n                                        <span class=\"dash\"><\/span>\n                                        <h4 role=\"heading\" aria-level=\"2\" class=\"heading-para-right heading-four\">\n                                            Patients                                        <\/h4>\n                                    <\/div>\n                                                                                            <p role=\"heading\" aria-level=\"2\" class=\"section-head-two heading-four\">\n                                        Placer les patients au c\u0153ur de notre activit\u00e9                                    <\/p>\n                                                                                            <p class=\"section-para \">\n                                        Notre engagement \u00e0 am\u00e9liorer la vie et la sant\u00e9 des patients guide chacune de nos d\u00e9cisions. Il est primordial de travailler avec et pour les patients, d&#8217;\u00e9couter leurs besoins et d&#8217;int\u00e9grer leurs perspectives dans l&#8217;ensemble du processus de d\u00e9veloppement                                    <\/p>\n                                                                                                <a \n                                            role=\"link\" \n                                            class=\"btn-link section-btn cta-visible\" \n                                            href=\"https:\/\/www.ipsen.com\/france\/durabilite\/patients\/\" \n                                            aria-label=\"\" \n                                            target=\"_self\"\n                                        >\n                                            En savoir plus                                        <\/a>    \n                                    <\/button>\n                                                    <\/div>\n                    <\/div>\n                    <!-- Ipsen Content Overlay Variation Two End -->\n                <\/div>\n        <!-- Ipsen Content Overlay Variation two End -->\n                <\/div>\n    <\/div>\n<\/section>\n<!-- Ipsen Content Overlay End -->\n\n\n<!--Alert Card Layout Start Here-->\n<section class=\"alertcard-section\">\n      <div class=\"container\">\n        <!--Alert Box HTML Start Here-->\n        <div class=\"alert-box info-box\">\n                    <div class=\"info-icon\">\n              <span class=\"info-circle\"><img decoding=\"async\" src=\"https:\/\/www.ipsen.com\/france\/wp-content\/themes\/ipsen-main\/dist\/images\/alert-general-icon.png\" alt=\"Alert\"\/><\/i>\n            <\/div>\n                    <div class=\"info-contents\">\n          <h4 role=\"heading\" aria-level=\"2\" class=\"info-head heading-four heading-four\"><\/h4>\n            <p class=\"info-sub-head-para hidden heading-para\"><\/p>\n            <div class=\"alert-content visible\"><p>ALLSC-FR-001354 &#8211; juin 2024<\/p>\n<\/div>\n          <\/div>\n        <\/div>\n        <!--Alert Box HTML Start Here-->\n      <\/div>\n    <\/section>\n<!--Alert Card Layout End Here-->\n","protected":false},"excerpt":{"rendered":"","protected":false},"author":2,"featured_media":0,"parent":0,"menu_order":0,"comment_status":"closed","ping_status":"closed","template":"","meta":{"_acf_changed":false,"footnotes":""},"class_list":["post-34","page","type-page","status-publish","hentry","entry"],"acf":[],"yoast_head":"<!-- This site is optimized with the Yoast SEO plugin v26.8 - https:\/\/yoast.com\/product\/yoast-seo-wordpress\/ -->\n<title>Aires th\u00e9rapeutiques Ipsen<\/title>\n<meta name=\"description\" content=\"Aires th\u00e9rapeutiques Ipsen\" \/>\n<meta name=\"robots\" content=\"index, follow, max-snippet:-1, max-image-preview:large, max-video-preview:-1\" \/>\n<link rel=\"canonical\" href=\"https:\/\/www.ipsen.com\/france\/nos-aires-therapeutiques\/\" \/>\n<meta property=\"og:locale\" content=\"fr_FR\" \/>\n<meta property=\"og:type\" content=\"article\" \/>\n<meta property=\"og:title\" content=\"Aires th\u00e9rapeutiques Ipsen\" \/>\n<meta property=\"og:description\" content=\"Aires th\u00e9rapeutiques Ipsen\" \/>\n<meta property=\"og:url\" content=\"https:\/\/www.ipsen.com\/france\/nos-aires-therapeutiques\/\" \/>\n<meta property=\"og:site_name\" content=\"France\" \/>\n<meta property=\"article:modified_time\" content=\"2025-07-08T07:55:37+00:00\" \/>\n<meta name=\"twitter:card\" content=\"summary_large_image\" \/>\n<script type=\"application\/ld+json\" class=\"yoast-schema-graph\">{\"@context\":\"https:\/\/schema.org\",\"@graph\":[{\"@type\":\"WebPage\",\"@id\":\"https:\/\/www.ipsen.com\/france\/nos-aires-therapeutiques\/\",\"url\":\"https:\/\/www.ipsen.com\/france\/nos-aires-therapeutiques\/\",\"name\":\"Aires th\u00e9rapeutiques Ipsen\",\"isPartOf\":{\"@id\":\"https:\/\/www.ipsen.com\/france\/#website\"},\"datePublished\":\"2024-03-14T05:43:47+00:00\",\"dateModified\":\"2025-07-08T07:55:37+00:00\",\"description\":\"Aires th\u00e9rapeutiques Ipsen\",\"breadcrumb\":{\"@id\":\"https:\/\/www.ipsen.com\/france\/nos-aires-therapeutiques\/#breadcrumb\"},\"inLanguage\":\"fr-FR\",\"potentialAction\":[{\"@type\":\"ReadAction\",\"target\":[\"https:\/\/www.ipsen.com\/france\/nos-aires-therapeutiques\/\"]}]},{\"@type\":\"BreadcrumbList\",\"@id\":\"https:\/\/www.ipsen.com\/france\/nos-aires-therapeutiques\/#breadcrumb\",\"itemListElement\":[{\"@type\":\"ListItem\",\"position\":1,\"name\":\"Home\",\"item\":\"https:\/\/www.ipsen.com\/france\/\"},{\"@type\":\"ListItem\",\"position\":2,\"name\":\"Nos aires th\u00e9rapeutiques\"}]},{\"@type\":\"WebSite\",\"@id\":\"https:\/\/www.ipsen.com\/france\/#website\",\"url\":\"https:\/\/www.ipsen.com\/france\/\",\"name\":\"France\",\"description\":\"\",\"publisher\":{\"@id\":\"https:\/\/www.ipsen.com\/france\/#organization\"},\"potentialAction\":[{\"@type\":\"SearchAction\",\"target\":{\"@type\":\"EntryPoint\",\"urlTemplate\":\"https:\/\/www.ipsen.com\/france\/?s={search_term_string}\"},\"query-input\":{\"@type\":\"PropertyValueSpecification\",\"valueRequired\":true,\"valueName\":\"search_term_string\"}}],\"inLanguage\":\"fr-FR\"},{\"@type\":\"Organization\",\"@id\":\"https:\/\/www.ipsen.com\/france\/#organization\",\"name\":\"France\",\"url\":\"https:\/\/www.ipsen.com\/france\/\",\"logo\":{\"@type\":\"ImageObject\",\"inLanguage\":\"fr-FR\",\"@id\":\"https:\/\/www.ipsen.com\/france\/#\/schema\/logo\/image\/\",\"url\":\"https:\/\/www.ipsen.com\/france\/wp-content\/uploads\/sites\/15\/2024\/03\/Logo-Ipsen.svg\",\"contentUrl\":\"https:\/\/www.ipsen.com\/france\/wp-content\/uploads\/sites\/15\/2024\/03\/Logo-Ipsen.svg\",\"caption\":\"France\"},\"image\":{\"@id\":\"https:\/\/www.ipsen.com\/france\/#\/schema\/logo\/image\/\"}}]}<\/script>\n<!-- \/ Yoast SEO plugin. -->","yoast_head_json":{"title":"Aires th\u00e9rapeutiques Ipsen","description":"Aires th\u00e9rapeutiques Ipsen","robots":{"index":"index","follow":"follow","max-snippet":"max-snippet:-1","max-image-preview":"max-image-preview:large","max-video-preview":"max-video-preview:-1"},"canonical":"https:\/\/www.ipsen.com\/france\/nos-aires-therapeutiques\/","og_locale":"fr_FR","og_type":"article","og_title":"Aires th\u00e9rapeutiques Ipsen","og_description":"Aires th\u00e9rapeutiques Ipsen","og_url":"https:\/\/www.ipsen.com\/france\/nos-aires-therapeutiques\/","og_site_name":"France","article_modified_time":"2025-07-08T07:55:37+00:00","twitter_card":"summary_large_image","schema":{"@context":"https:\/\/schema.org","@graph":[{"@type":"WebPage","@id":"https:\/\/www.ipsen.com\/france\/nos-aires-therapeutiques\/","url":"https:\/\/www.ipsen.com\/france\/nos-aires-therapeutiques\/","name":"Aires th\u00e9rapeutiques Ipsen","isPartOf":{"@id":"https:\/\/www.ipsen.com\/france\/#website"},"datePublished":"2024-03-14T05:43:47+00:00","dateModified":"2025-07-08T07:55:37+00:00","description":"Aires th\u00e9rapeutiques Ipsen","breadcrumb":{"@id":"https:\/\/www.ipsen.com\/france\/nos-aires-therapeutiques\/#breadcrumb"},"inLanguage":"fr-FR","potentialAction":[{"@type":"ReadAction","target":["https:\/\/www.ipsen.com\/france\/nos-aires-therapeutiques\/"]}]},{"@type":"BreadcrumbList","@id":"https:\/\/www.ipsen.com\/france\/nos-aires-therapeutiques\/#breadcrumb","itemListElement":[{"@type":"ListItem","position":1,"name":"Home","item":"https:\/\/www.ipsen.com\/france\/"},{"@type":"ListItem","position":2,"name":"Nos aires th\u00e9rapeutiques"}]},{"@type":"WebSite","@id":"https:\/\/www.ipsen.com\/france\/#website","url":"https:\/\/www.ipsen.com\/france\/","name":"France","description":"","publisher":{"@id":"https:\/\/www.ipsen.com\/france\/#organization"},"potentialAction":[{"@type":"SearchAction","target":{"@type":"EntryPoint","urlTemplate":"https:\/\/www.ipsen.com\/france\/?s={search_term_string}"},"query-input":{"@type":"PropertyValueSpecification","valueRequired":true,"valueName":"search_term_string"}}],"inLanguage":"fr-FR"},{"@type":"Organization","@id":"https:\/\/www.ipsen.com\/france\/#organization","name":"France","url":"https:\/\/www.ipsen.com\/france\/","logo":{"@type":"ImageObject","inLanguage":"fr-FR","@id":"https:\/\/www.ipsen.com\/france\/#\/schema\/logo\/image\/","url":"https:\/\/www.ipsen.com\/france\/wp-content\/uploads\/sites\/15\/2024\/03\/Logo-Ipsen.svg","contentUrl":"https:\/\/www.ipsen.com\/france\/wp-content\/uploads\/sites\/15\/2024\/03\/Logo-Ipsen.svg","caption":"France"},"image":{"@id":"https:\/\/www.ipsen.com\/france\/#\/schema\/logo\/image\/"}}]}},"parsely":{"version":"1.1.0","canonical_url":"https:\/\/ipsen.com\/france\/nos-aires-therapeutiques\/","smart_links":{"inbound":0,"outbound":0},"traffic_boost_suggestions_count":0,"meta":{"@context":"https:\/\/schema.org","@type":"WebPage","headline":"Nos aires th\u00e9rapeutiques","url":"http:\/\/www.ipsen.com\/france\/nos-aires-therapeutiques\/","mainEntityOfPage":{"@type":"WebPage","@id":"http:\/\/www.ipsen.com\/france\/nos-aires-therapeutiques\/"},"thumbnailUrl":"","image":{"@type":"ImageObject","url":""},"articleSection":"Non classifi\u00e9(e)","author":[{"@type":"Person","name":"navya"}],"creator":["navya"],"publisher":{"@type":"Organization","name":"France","logo":""},"keywords":[],"dateCreated":"2024-03-14T05:43:47Z","datePublished":"2024-03-14T05:43:47Z","dateModified":"2025-07-08T07:55:37Z"},"rendered":"<script type=\"application\/ld+json\" class=\"wp-parsely-metadata\">{\"@context\":\"https:\\\/\\\/schema.org\",\"@type\":\"WebPage\",\"headline\":\"Nos aires th\\u00e9rapeutiques\",\"url\":\"http:\\\/\\\/www.ipsen.com\\\/france\\\/nos-aires-therapeutiques\\\/\",\"mainEntityOfPage\":{\"@type\":\"WebPage\",\"@id\":\"http:\\\/\\\/www.ipsen.com\\\/france\\\/nos-aires-therapeutiques\\\/\"},\"thumbnailUrl\":\"\",\"image\":{\"@type\":\"ImageObject\",\"url\":\"\"},\"articleSection\":\"Non classifi\\u00e9(e)\",\"author\":[{\"@type\":\"Person\",\"name\":\"navya\"}],\"creator\":[\"navya\"],\"publisher\":{\"@type\":\"Organization\",\"name\":\"France\",\"logo\":\"\"},\"keywords\":[],\"dateCreated\":\"2024-03-14T05:43:47Z\",\"datePublished\":\"2024-03-14T05:43:47Z\",\"dateModified\":\"2025-07-08T07:55:37Z\"}<\/script>","tracker_url":"https:\/\/cdn.parsely.com\/keys\/ipsen.com\/p.js"},"jetpack_sharing_enabled":true,"_links":{"self":[{"href":"https:\/\/www.ipsen.com\/france\/wp-json\/wp\/v2\/pages\/34","targetHints":{"allow":["GET"]}}],"collection":[{"href":"https:\/\/www.ipsen.com\/france\/wp-json\/wp\/v2\/pages"}],"about":[{"href":"https:\/\/www.ipsen.com\/france\/wp-json\/wp\/v2\/types\/page"}],"author":[{"embeddable":true,"href":"https:\/\/www.ipsen.com\/france\/wp-json\/wp\/v2\/users\/2"}],"replies":[{"embeddable":true,"href":"https:\/\/www.ipsen.com\/france\/wp-json\/wp\/v2\/comments?post=34"}],"version-history":[{"count":15,"href":"https:\/\/www.ipsen.com\/france\/wp-json\/wp\/v2\/pages\/34\/revisions"}],"predecessor-version":[{"id":1630,"href":"https:\/\/www.ipsen.com\/france\/wp-json\/wp\/v2\/pages\/34\/revisions\/1630"}],"wp:attachment":[{"href":"https:\/\/www.ipsen.com\/france\/wp-json\/wp\/v2\/media?parent=34"}],"curies":[{"name":"wp","href":"https:\/\/api.w.org\/{rel}","templated":true}]}}