{"id":33,"date":"2024-03-14T07:43:09","date_gmt":"2024-03-14T05:43:09","guid":{"rendered":"https:\/\/www.ipsen.com\/frn\/?page_id=33"},"modified":"2026-01-28T18:43:40","modified_gmt":"2026-01-28T16:43:40","slug":"nos-sites","status":"publish","type":"page","link":"https:\/\/www.ipsen.com\/france\/a-propos-de-nous\/nos-sites\/","title":{"rendered":"Nos sites"},"content":{"rendered":"    <section class=\"sub-page-banner \" style=\"background-image:url()\">\n        <div class=\"container content-sec\">\n            <nav aria-label=\"breadcrumb\">\n            <ol class=\"breadcrumb\">\n                <li class=\"breadcrumb-item\"><a href=\"https:\/\/www.ipsen.com\/france\">Accueil<\/a><\/li><li class=\"breadcrumb-item active\"><a class=\"link-pointer-events-none\" href=\"#\" aria-current=\"page\">Nos sites<\/a><\/li><\/ol>\n            <\/nav>            <h1 class=\"visible\">Nos sites<\/h1>\n            <p class=\"hidden\"><\/p>\n        <\/div>\n    <\/section>\n\n\n    <section class=\"title-text \">\n        <div class=\"container\">\n            <div class=\"title-text-inner\" style=\"background-color:#EDEBE4;\">\n\n                <!-- If heading is enabled then it's visible -->\n                <div class=\"text-head-dash visible\">\n                <h3 class=\"heading-three\" role=\"heading\" aria-level=\"2\">\n                        Notre engagement pour la souverainet\u00e9 sanitaire fran\u00e7aise                     <\/h3>\n                <\/div>\n               \n                <!-- If description is enabled then it's visible -->\n                <div class=\"text-parbase visible\">\n                    <p>Chez Ipsen, nous accordons une grande importance \u00e0 notre responsabilit\u00e9 soci\u00e9tale d\u2019entreprise et nos engagements fondent notre action. En tant que laboratoire fran\u00e7ais, nous nous investissons pleinement pour renforcer la souverainet\u00e9 sanitaire de la France et de l&#8217;Europe, tout en promouvant l\u2019\u00e9cosyst\u00e8me d&#8217;innovation en sant\u00e9 \u00e0 travers diverses collaborations et partenariats.<\/p>\n                <\/div>\n\n                <!-- If button is enabled then it's visible -->\n                                        <div class=\"btn-txt\">\n                            <a \n                                aria-label=\"\" \n                                class=\"btn-link section-btn cta-visible\"  \n                                role=\"link\"\n                                href=\"https:\/\/www.ipsen.com\/france\/a-propos-de-nous\/\" target=\"_self\">\n                                En savoir plus                            <\/a>\n                        <\/div>\n                \n            <\/div>\n        <\/div>\n    <\/section>\n\n\n<!-- Text & Media Block Code -->\n<section class=\"two-col-section text-media-section\">\n    <div class=\"container two-section-innner section-reverse\">\n        <div class=\"response-inner\" style=\"background-image: url('')\">\n            <div class=\"row section-reverse\">\n                <div class=\"col-xs-12 col-sm-12 col-md-6\">\n                                                    <div class=\"img-video-section\">\n                                <img decoding=\"async\" \n                                    src=\"https:\/\/www.ipsen.com\/france\/wp-content\/uploads\/sites\/15\/2024\/04\/PARIS_700X420.jpg\" \n                                    alt=\"\" \n                                >\n                            <\/div>\n                                        <\/div>\n                <div class=\" col-xs-12 col-sm-12 col-md-6\">\n                    <div class=\"section-content\">\n                        <div class=\"heading-dash\">\n                                                            <span class=\"dash\"><\/span>\n                                <h4 class=\"heading-para heading-four\" role=\"heading\" aria-level=\"2\">\n                                    Paris                                <\/h4>\n                                                    <\/div>\n                                                    <p class=\"section-head-two heading-para\" role=\"heading\" aria-level=\"3\">\n                                    Notre si\u00e8ge social                                <\/p>\n                                                <p>Le nouveau si\u00e8ge social d\u2019Ipsen, situ\u00e9 \u00e0 Paris, marque une \u00e9tape structurante pour le groupe. Ce site regroupe d\u00e9sormais les fonctions corporate et les \u00e9quipes de Recherche &amp; D\u00e9veloppement dans un lieu unique, favorisant les synergies et la collaboration entre les expertises. Cette int\u00e9gration strat\u00e9gique t\u00e9moigne de notre engagement \u00e0 renforcer notre efficacit\u00e9 op\u00e9rationnelle, \u00e0 acc\u00e9l\u00e9rer l\u2019innovation scientifique et \u00e0 r\u00e9pondre toujours mieux aux besoins des patients dans nos trois domaines th\u00e9rapeutiques cl\u00e9s : l\u2019oncologie, les neurosciences et les maladies rares.<\/p>\n                            <a \n                            aria-label=\" about Paris\"  \n                                role=\"link\" \n                                class=\"btn-link hidden\"\n                                href=\"\" \n                                target=\"_self\"\n                            > \n                                 \n                            <\/a>\n\n                    <\/div>\n                <\/div>\n            <\/div>\n        <\/div>\n    <\/div>\n<\/section>\n\n<!-- Text & Media Block Code -->\n<section class=\"two-col-section text-media-section\">\n    <div class=\"container two-section-innner \">\n        <div class=\"response-inner\" style=\"background-image: url('')\">\n            <div class=\"row \">\n                <div class=\"col-xs-12 col-sm-12 col-md-6\">\n                                                    <div class=\"img-video-section\">\n                                <img decoding=\"async\" \n                                    src=\"https:\/\/www.ipsen.com\/france\/wp-content\/uploads\/sites\/15\/2024\/04\/DREUX_700X420.jpg\" \n                                    alt=\"\" \n                                >\n                            <\/div>\n                                        <\/div>\n                <div class=\" col-xs-12 col-sm-12 col-md-6\">\n                    <div class=\"section-content\">\n                        <div class=\"heading-dash\">\n                                                            <span class=\"dash\"><\/span>\n                                <h4 class=\"heading-para heading-four\" role=\"heading\" aria-level=\"2\">\n                                    Dreux                                <\/h4>\n                                                    <\/div>\n                                                    <p class=\"section-head-two heading-para\" role=\"heading\" aria-level=\"3\">\n                                    Notre centre de d\u00e9veloppement pharmaceutique                                <\/p>\n                                                <p>Le d\u00e9veloppement pharmaceutique intervient sur les entit\u00e9s chimiques et biologiques des m\u00e9dicaments, leur mode de fabrication et la m\u00e9thode utilis\u00e9e pour ma\u00eetriser le processus de fabrication. Le site de Dreux mutualise \u00e9galement la distribution pour la plupart des m\u00e9dicaments du groupe.<\/p>\n                            <a \n                            aria-label=\" about Dreux\"  \n                                role=\"link\" \n                                class=\"btn-link hidden\"\n                                href=\"\" \n                                target=\"_self\"\n                            > \n                                 \n                            <\/a>\n\n                    <\/div>\n                <\/div>\n            <\/div>\n        <\/div>\n    <\/div>\n<\/section>\n\n<!-- Text & Media Block Code -->\n<section class=\"two-col-section text-media-section\">\n    <div class=\"container two-section-innner section-reverse\">\n        <div class=\"response-inner\" style=\"background-image: url('')\">\n            <div class=\"row section-reverse\">\n                <div class=\"col-xs-12 col-sm-12 col-md-6\">\n                                                    <div class=\"img-video-section\">\n                                <img decoding=\"async\" \n                                    src=\"https:\/\/www.ipsen.com\/france\/wp-content\/uploads\/sites\/15\/2024\/04\/SIGNES_700X420-.jpg\" \n                                    alt=\"\" \n                                >\n                            <\/div>\n                                        <\/div>\n                <div class=\" col-xs-12 col-sm-12 col-md-6\">\n                    <div class=\"section-content\">\n                        <div class=\"heading-dash\">\n                                                            <span class=\"dash\"><\/span>\n                                <h4 class=\"heading-para heading-four\" role=\"heading\" aria-level=\"2\">\n                                    Signes                                <\/h4>\n                                                    <\/div>\n                                                    <p class=\"section-head-two heading-para\" role=\"heading\" aria-level=\"3\">\n                                    Notre centre de production                                <\/p>\n                                                <p>Le site de Signes (Var) est sp\u00e9cialis\u00e9 dans la production de formes injectables, notamment des formes \u00e0 lib\u00e9ration prolong\u00e9e de peptides. Cela repr\u00e9sente 60% de la production en valeur du groupe qui est export\u00e9 dans plus de 70 pays.<\/p>\n                            <a \n                            aria-label=\" about Signes\"  \n                                role=\"link\" \n                                class=\"btn-link hidden\"\n                                href=\"\" \n                                target=\"_self\"\n                            > \n                                 \n                            <\/a>\n\n                    <\/div>\n                <\/div>\n            <\/div>\n        <\/div>\n    <\/div>\n<\/section>\n\n\n<!--Alert Card Layout Start Here-->\n<section class=\"alertcard-section\">\n      <div class=\"container\">\n        <!--Alert Box HTML Start Here-->\n        <div class=\"alert-box info-box\">\n                    <div class=\"info-icon\">\n              <span class=\"info-circle\"><img decoding=\"async\" src=\"https:\/\/www.ipsen.com\/france\/wp-content\/themes\/ipsen-main\/dist\/images\/alert-general-icon.png\" alt=\"Alert\"\/><\/i>\n            <\/div>\n                    <div class=\"info-contents\">\n          <h4 role=\"heading\" aria-level=\"2\" class=\"info-head heading-four heading-four\"><\/h4>\n            <p class=\"info-sub-head-para hidden heading-para\"><\/p>\n            <div class=\"alert-content visible\"><p>ALLSC-FR-001354 V3.0 &#8211; avril 2025<\/p>\n<\/div>\n          <\/div>\n        <\/div>\n        <!--Alert Box HTML Start Here-->\n      <\/div>\n    <\/section>\n<!--Alert Card Layout End Here-->\n","protected":false},"excerpt":{"rendered":"","protected":false},"author":2,"featured_media":0,"parent":1111,"menu_order":0,"comment_status":"closed","ping_status":"closed","template":"","meta":{"_acf_changed":false,"footnotes":""},"class_list":["post-33","page","type-page","status-publish","hentry","entry"],"acf":[],"yoast_head":"<!-- This site is optimized with the Yoast SEO plugin v26.8 - https:\/\/yoast.com\/product\/yoast-seo-wordpress\/ -->\n<title>Implantation Ipsen France<\/title>\n<meta name=\"description\" content=\"Implantation Ipsen France\" \/>\n<meta name=\"robots\" content=\"index, follow, max-snippet:-1, max-image-preview:large, max-video-preview:-1\" \/>\n<link rel=\"canonical\" href=\"https:\/\/www.ipsen.com\/france\/a-propos-de-nous\/nos-sites\/\" \/>\n<meta property=\"og:locale\" content=\"fr_FR\" \/>\n<meta property=\"og:type\" content=\"article\" \/>\n<meta property=\"og:title\" content=\"Implantation Ipsen France\" \/>\n<meta property=\"og:description\" content=\"Implantation Ipsen France\" \/>\n<meta property=\"og:url\" content=\"https:\/\/www.ipsen.com\/france\/a-propos-de-nous\/nos-sites\/\" \/>\n<meta property=\"og:site_name\" content=\"France\" \/>\n<meta property=\"article:modified_time\" content=\"2026-01-28T16:43:40+00:00\" \/>\n<meta name=\"twitter:card\" content=\"summary_large_image\" \/>\n<script type=\"application\/ld+json\" class=\"yoast-schema-graph\">{\"@context\":\"https:\/\/schema.org\",\"@graph\":[{\"@type\":\"WebPage\",\"@id\":\"https:\/\/www.ipsen.com\/france\/a-propos-de-nous\/nos-sites\/\",\"url\":\"https:\/\/www.ipsen.com\/france\/a-propos-de-nous\/nos-sites\/\",\"name\":\"Implantation Ipsen France\",\"isPartOf\":{\"@id\":\"https:\/\/www.ipsen.com\/france\/#website\"},\"datePublished\":\"2024-03-14T05:43:09+00:00\",\"dateModified\":\"2026-01-28T16:43:40+00:00\",\"description\":\"Implantation Ipsen France\",\"breadcrumb\":{\"@id\":\"https:\/\/www.ipsen.com\/france\/a-propos-de-nous\/nos-sites\/#breadcrumb\"},\"inLanguage\":\"fr-FR\",\"potentialAction\":[{\"@type\":\"ReadAction\",\"target\":[\"https:\/\/www.ipsen.com\/france\/a-propos-de-nous\/nos-sites\/\"]}]},{\"@type\":\"BreadcrumbList\",\"@id\":\"https:\/\/www.ipsen.com\/france\/a-propos-de-nous\/nos-sites\/#breadcrumb\",\"itemListElement\":[{\"@type\":\"ListItem\",\"position\":1,\"name\":\"Home\",\"item\":\"https:\/\/www.ipsen.com\/france\/\"},{\"@type\":\"ListItem\",\"position\":2,\"name\":\"A propos de nous\",\"item\":\"https:\/\/www.ipsen.com\/france\/a-propos-de-nous\/\"},{\"@type\":\"ListItem\",\"position\":3,\"name\":\"Nos sites\"}]},{\"@type\":\"WebSite\",\"@id\":\"https:\/\/www.ipsen.com\/france\/#website\",\"url\":\"https:\/\/www.ipsen.com\/france\/\",\"name\":\"France\",\"description\":\"\",\"publisher\":{\"@id\":\"https:\/\/www.ipsen.com\/france\/#organization\"},\"potentialAction\":[{\"@type\":\"SearchAction\",\"target\":{\"@type\":\"EntryPoint\",\"urlTemplate\":\"https:\/\/www.ipsen.com\/france\/?s={search_term_string}\"},\"query-input\":{\"@type\":\"PropertyValueSpecification\",\"valueRequired\":true,\"valueName\":\"search_term_string\"}}],\"inLanguage\":\"fr-FR\"},{\"@type\":\"Organization\",\"@id\":\"https:\/\/www.ipsen.com\/france\/#organization\",\"name\":\"France\",\"url\":\"https:\/\/www.ipsen.com\/france\/\",\"logo\":{\"@type\":\"ImageObject\",\"inLanguage\":\"fr-FR\",\"@id\":\"https:\/\/www.ipsen.com\/france\/#\/schema\/logo\/image\/\",\"url\":\"https:\/\/www.ipsen.com\/france\/wp-content\/uploads\/sites\/15\/2024\/03\/Logo-Ipsen.svg\",\"contentUrl\":\"https:\/\/www.ipsen.com\/france\/wp-content\/uploads\/sites\/15\/2024\/03\/Logo-Ipsen.svg\",\"caption\":\"France\"},\"image\":{\"@id\":\"https:\/\/www.ipsen.com\/france\/#\/schema\/logo\/image\/\"}}]}<\/script>\n<!-- \/ Yoast SEO plugin. -->","yoast_head_json":{"title":"Implantation Ipsen France","description":"Implantation Ipsen France","robots":{"index":"index","follow":"follow","max-snippet":"max-snippet:-1","max-image-preview":"max-image-preview:large","max-video-preview":"max-video-preview:-1"},"canonical":"https:\/\/www.ipsen.com\/france\/a-propos-de-nous\/nos-sites\/","og_locale":"fr_FR","og_type":"article","og_title":"Implantation Ipsen France","og_description":"Implantation Ipsen France","og_url":"https:\/\/www.ipsen.com\/france\/a-propos-de-nous\/nos-sites\/","og_site_name":"France","article_modified_time":"2026-01-28T16:43:40+00:00","twitter_card":"summary_large_image","schema":{"@context":"https:\/\/schema.org","@graph":[{"@type":"WebPage","@id":"https:\/\/www.ipsen.com\/france\/a-propos-de-nous\/nos-sites\/","url":"https:\/\/www.ipsen.com\/france\/a-propos-de-nous\/nos-sites\/","name":"Implantation Ipsen France","isPartOf":{"@id":"https:\/\/www.ipsen.com\/france\/#website"},"datePublished":"2024-03-14T05:43:09+00:00","dateModified":"2026-01-28T16:43:40+00:00","description":"Implantation Ipsen France","breadcrumb":{"@id":"https:\/\/www.ipsen.com\/france\/a-propos-de-nous\/nos-sites\/#breadcrumb"},"inLanguage":"fr-FR","potentialAction":[{"@type":"ReadAction","target":["https:\/\/www.ipsen.com\/france\/a-propos-de-nous\/nos-sites\/"]}]},{"@type":"BreadcrumbList","@id":"https:\/\/www.ipsen.com\/france\/a-propos-de-nous\/nos-sites\/#breadcrumb","itemListElement":[{"@type":"ListItem","position":1,"name":"Home","item":"https:\/\/www.ipsen.com\/france\/"},{"@type":"ListItem","position":2,"name":"A propos de nous","item":"https:\/\/www.ipsen.com\/france\/a-propos-de-nous\/"},{"@type":"ListItem","position":3,"name":"Nos sites"}]},{"@type":"WebSite","@id":"https:\/\/www.ipsen.com\/france\/#website","url":"https:\/\/www.ipsen.com\/france\/","name":"France","description":"","publisher":{"@id":"https:\/\/www.ipsen.com\/france\/#organization"},"potentialAction":[{"@type":"SearchAction","target":{"@type":"EntryPoint","urlTemplate":"https:\/\/www.ipsen.com\/france\/?s={search_term_string}"},"query-input":{"@type":"PropertyValueSpecification","valueRequired":true,"valueName":"search_term_string"}}],"inLanguage":"fr-FR"},{"@type":"Organization","@id":"https:\/\/www.ipsen.com\/france\/#organization","name":"France","url":"https:\/\/www.ipsen.com\/france\/","logo":{"@type":"ImageObject","inLanguage":"fr-FR","@id":"https:\/\/www.ipsen.com\/france\/#\/schema\/logo\/image\/","url":"https:\/\/www.ipsen.com\/france\/wp-content\/uploads\/sites\/15\/2024\/03\/Logo-Ipsen.svg","contentUrl":"https:\/\/www.ipsen.com\/france\/wp-content\/uploads\/sites\/15\/2024\/03\/Logo-Ipsen.svg","caption":"France"},"image":{"@id":"https:\/\/www.ipsen.com\/france\/#\/schema\/logo\/image\/"}}]}},"parsely":{"version":"1.1.0","canonical_url":"https:\/\/ipsen.com\/france\/a-propos-de-nous\/nos-sites\/","smart_links":{"inbound":0,"outbound":0},"traffic_boost_suggestions_count":0,"meta":{"@context":"https:\/\/schema.org","@type":"WebPage","headline":"Nos sites","url":"http:\/\/www.ipsen.com\/france\/a-propos-de-nous\/nos-sites\/","mainEntityOfPage":{"@type":"WebPage","@id":"http:\/\/www.ipsen.com\/france\/a-propos-de-nous\/nos-sites\/"},"thumbnailUrl":"","image":{"@type":"ImageObject","url":""},"articleSection":"Non classifi\u00e9(e)","author":[{"@type":"Person","name":"navya"}],"creator":["navya"],"publisher":{"@type":"Organization","name":"France","logo":""},"keywords":[],"dateCreated":"2024-03-14T05:43:09Z","datePublished":"2024-03-14T05:43:09Z","dateModified":"2026-01-28T16:43:40Z"},"rendered":"<script type=\"application\/ld+json\" class=\"wp-parsely-metadata\">{\"@context\":\"https:\\\/\\\/schema.org\",\"@type\":\"WebPage\",\"headline\":\"Nos sites\",\"url\":\"http:\\\/\\\/www.ipsen.com\\\/france\\\/a-propos-de-nous\\\/nos-sites\\\/\",\"mainEntityOfPage\":{\"@type\":\"WebPage\",\"@id\":\"http:\\\/\\\/www.ipsen.com\\\/france\\\/a-propos-de-nous\\\/nos-sites\\\/\"},\"thumbnailUrl\":\"\",\"image\":{\"@type\":\"ImageObject\",\"url\":\"\"},\"articleSection\":\"Non classifi\\u00e9(e)\",\"author\":[{\"@type\":\"Person\",\"name\":\"navya\"}],\"creator\":[\"navya\"],\"publisher\":{\"@type\":\"Organization\",\"name\":\"France\",\"logo\":\"\"},\"keywords\":[],\"dateCreated\":\"2024-03-14T05:43:09Z\",\"datePublished\":\"2024-03-14T05:43:09Z\",\"dateModified\":\"2026-01-28T16:43:40Z\"}<\/script>","tracker_url":"https:\/\/cdn.parsely.com\/keys\/ipsen.com\/p.js"},"jetpack_sharing_enabled":true,"_links":{"self":[{"href":"https:\/\/www.ipsen.com\/france\/wp-json\/wp\/v2\/pages\/33","targetHints":{"allow":["GET"]}}],"collection":[{"href":"https:\/\/www.ipsen.com\/france\/wp-json\/wp\/v2\/pages"}],"about":[{"href":"https:\/\/www.ipsen.com\/france\/wp-json\/wp\/v2\/types\/page"}],"author":[{"embeddable":true,"href":"https:\/\/www.ipsen.com\/france\/wp-json\/wp\/v2\/users\/2"}],"replies":[{"embeddable":true,"href":"https:\/\/www.ipsen.com\/france\/wp-json\/wp\/v2\/comments?post=33"}],"version-history":[{"count":17,"href":"https:\/\/www.ipsen.com\/france\/wp-json\/wp\/v2\/pages\/33\/revisions"}],"predecessor-version":[{"id":1576,"href":"https:\/\/www.ipsen.com\/france\/wp-json\/wp\/v2\/pages\/33\/revisions\/1576"}],"up":[{"embeddable":true,"href":"https:\/\/www.ipsen.com\/france\/wp-json\/wp\/v2\/pages\/1111"}],"wp:attachment":[{"href":"https:\/\/www.ipsen.com\/france\/wp-json\/wp\/v2\/media?parent=33"}],"curies":[{"name":"wp","href":"https:\/\/api.w.org\/{rel}","templated":true}]}}