{"id":1016,"date":"2024-12-23T09:27:15","date_gmt":"2024-12-23T07:27:15","guid":{"rendered":"https:\/\/www.ipsen.com\/france\/?page_id=1016"},"modified":"2025-06-05T11:30:54","modified_gmt":"2025-06-05T09:30:54","slug":"note-dinformation-pmsi","status":"publish","type":"page","link":"https:\/\/www.ipsen.com\/france\/note-dinformation-pmsi\/","title":{"rendered":"Note d&#8217;information PMSI"},"content":{"rendered":"    <section class=\"sub-page-banner bg-color-enabled  banner-no-filter\" style=\"background: linear-gradient(93.64deg, #224A81 2.99%, #2797D3 97.01%)\">\n                <div class=\"container content-sec\">\n            <nav aria-label=\"breadcrumb\">\n            <ol class=\"breadcrumb\">\n                <li class=\"breadcrumb-item\"><a href=\"https:\/\/www.ipsen.com\/france\">Accueil<\/a><\/li><li class=\"breadcrumb-item visible\"><a href=\"https:\/\/www.ipsen.com\/france\/politique-de-confidentialite\/\">Politique de confidentialit\u00e9<\/a><\/li><li class=\"breadcrumb-item active\"><a class=\"link-pointer-events-none\" href=\"#\" aria-current=\"page\">Note d&#8217;information PMSI<\/a><\/li><\/ol>\n            <\/nav>            <h1 class=\"visible banner-font-color-white\">Note d&#8217;information PMSI<\/h1>\n            <p class=\"hidden banner-font-color-white\"><\/p>\n        <\/div>\n    <\/section>\n\n\n\n\n<div class=\"wp-block-columns is-layout-flex wp-container-core-columns-is-layout-9d6595d7 wp-block-columns-is-layout-flex\">\n<div class=\"wp-block-column is-layout-flow wp-block-column-is-layout-flow\" style=\"flex-basis:80%\">\n<p>Cette note d\u2019information sur la protection des donn\u00e9es \u00e0 caract\u00e8re personnel explique comment nous utilisons les donn\u00e9es personnelles concernant s\u2019adresse aux personnes ayant \u00e9t\u00e9 hospitalis\u00e9es en France.<\/p>\n\n\n\n<p><strong>R\u00e9utilisation des donn\u00e9es d\u2019hospitalisation (PMSI) \u2013 Note d\u2019information sur la protection des donn\u00e9es \u00e0 caract\u00e8re personnel<\/strong><\/p>\n\n\n\n<p>Ipsen est susceptible de r\u00e9utiliser des <a>donn\u00e9es personnelles issues <\/a><a>d\u2019une base de donn\u00e9es publique appel\u00e9e \u00ab PMSI \u00bb regroupant les donn\u00e9es des personnes hospitalis\u00e9es<\/a>. Cette utilisation est tr\u00e8s strictement encadr\u00e9e par la r\u00e9glementation et par une d\u00e9lib\u00e9ration de la Commission Nationale Informatique et Libert\u00e9s &#8211; \u00ab CNIL \u00bb. L\u2019objet de cette notice est de vous informer sur les conditions d\u2019acc\u00e8s au PMSI par Ipsen ou ses prestataires.<\/p>\n\n\n\n<p><strong>Qui est le responsable du traitement de vos informations personnelles ?<\/strong><\/p>\n\n\n\n<p>Aux fins de la pr\u00e9sente note d\u2019information sur la protection des donn\u00e9es \u00e0 caract\u00e8re personnel, Ipsen Pharma SAS, dont le si\u00e8ge social est situ\u00e9 au 70 rue Balard, 75015 Paris, et ses filiales, sont les responsables du traitement des donn\u00e9es \u00e0 caract\u00e8re personnel d\u00e9crites (d\u00e9nomm\u00e9es Ipsen, nous ou notre dans la pr\u00e9sente note d\u2019information).<\/p>\n\n\n\n<p>Ipsen n\u2019acc\u00e8de pas \u00e0 vos donn\u00e9es personnelles. Seuls les bureaux d\u2019\u00e9tudes r\u00e9f\u00e9renc\u00e9s aupr\u00e8s de la CNIL ont un acc\u00e8s direct aux donn\u00e9es PMSI. Ces bureaux d\u2019\u00e9tudes produisent des rapports comportant des r\u00e9sultats anonymes, \u00e0 la demande et pour les besoins d\u2019Ipsen. Ces rapports ne permettent pas \u00e0 Ipsen d\u2019identifier les patients en cause.<\/p>\n\n\n\n<p><strong>Quelles sont les informations personnelles recueillies \u00e0 votre sujet ?<\/strong><\/p>\n\n\n\n<p>Les cat\u00e9gories de donn\u00e9es personnelles recueillies par le bureau d\u2019\u00e9tudes sont mises \u00e0 disposition par l\u2019Agence technique de l\u2019information sur l\u2019hospitalisation (ATIH). Ces informations incluent&nbsp;:<\/p>\n\n\n\n<ul class=\"wp-block-list\">\n<li>Les informations dites administratives&nbsp;: date de s\u00e9jour ; date de naissance ; sexe ; code postal de r\u00e9sidence ; num\u00e9ro de l\u2019unit\u00e9 m\u00e9dicale d\u2019hospitalisation ; dates et modes d\u2019entr\u00e9e et de sortie, provenance et destination ; nombre de s\u00e9ances\u2026<\/li>\n\n\n\n<li>Les informations m\u00e9dicales : diagnostics; actes m\u00e9dicaux; types de dosim\u00e9trie et de machine en radioth\u00e9rapie\u2026<\/li>\n<\/ul>\n\n\n\n<p>Vos noms, pr\u00e9noms, adresses postale et \u00e9lectronique et num\u00e9ro de t\u00e9l\u00e9phone ne sont pas recueillis.&nbsp;<\/p>\n\n\n\n<p><strong>Pourquoi sommes-nous autoris\u00e9s \u00e0 collecter et \u00e0 utiliser vos informations personnelles ?<\/strong><\/p>\n\n\n\n<figure class=\"wp-block-table\"><table class=\"has-fixed-layout\"><tbody><tr><td><strong>Fondement juridique<\/strong><strong><\/strong><\/td><td><strong>Objectifs<\/strong><strong><\/strong><\/td><\/tr><tr><td>Int\u00e9r\u00eat public<strong><\/strong><\/td><td>La finalit\u00e9 de chaque traitement de donn\u00e9es est clairement expos\u00e9e et d\u00e9taill\u00e9e dans le protocole de recherche. En tout \u00e9tat de cause, cela peut \u00eatre : La pr\u00e9paration des dossiers de discussions et des r\u00e9unions avec les autorit\u00e9s et comit\u00e9s comp\u00e9tents (exemple : r\u00e9unions annuelles du comit\u00e9 de prospective des innovations m\u00e9dicamenteuses (CPIM), comit\u00e9 \u00e9conomique des produits de sant\u00e9 (CEPS), etc.) ;La r\u00e9alisation d\u2019\u00e9tudes en conditions r\u00e9elles d\u2019utilisation \u00e0 destination ou \u00e0 la demande des autorit\u00e9s ;Le ciblage des centres et\/ou la r\u00e9alisation d\u2019\u00e9tudes de faisabilit\u00e9 dans le cadre d\u2019une recherche impliquant ou n\u2019impliquant pas la personne humaine ;La r\u00e9alisation d\u2019\u00e9tudes dans le cadre de la vigilance et de la surveillance apr\u00e8s commercialisation.<\/td><\/tr><\/tbody><\/table><\/figure>\n\n\n\n<p>Ipsen traite les rapports anonymes qui lui sont remis pour les finalit\u00e9s g\u00e9n\u00e9rales suivantes :<\/p>\n\n\n\n<ul class=\"wp-block-list\">\n<li>Assurer la pharmacovigilance (surveillance des effets secondaires)<\/li>\n\n\n\n<li>Et toute autre finalit\u00e9 impos\u00e9e par la r\u00e9glementation et les autorit\u00e9s<\/li>\n<\/ul>\n\n\n\n<p><strong>D&#8217;o\u00f9 proviennent vos donn\u00e9es personnelles ?<\/strong><\/p>\n\n\n\n<p>Vos donn\u00e9es personnelles sont issues d\u2019une base de donn\u00e9es publique appel\u00e9e \u00ab PMSI \u00bb regroupant les donn\u00e9es des personnes hospitalis\u00e9es.<\/p>\n\n\n\n<p><strong>Avec qui partageons-nous vos informations personnelles ?<\/strong><\/p>\n\n\n\n<p>Seul le laboratoire de recherche \/ bureau d\u2019\u00e9tudes a acc\u00e8s aux donn\u00e9es du PMSI par l\u2019interm\u00e9diaire d\u2019une solution s\u00e9curis\u00e9e. Il est soumis \u00e0 un r\u00e9f\u00e9rentiel de la CNIL d\u00e9terminant les crit\u00e8res de confidentialit\u00e9, d\u2019expertise et d\u2019ind\u00e9pendance pour les laboratoires de recherche et bureaux d\u2019\u00e9tudes. Son personnel est soumis au secret professionnel et les personnes charg\u00e9es de la r\u00e9alisation de l\u2019\u00e9tude ont sign\u00e9 un engagement individuel de confidentialit\u00e9.<\/p>\n\n\n\n<p>Ipsen peut \u00eatre amen\u00e9 \u00e0 partager les rapports anonymes avec d\u2019autres destinataires (par exemple, toute entit\u00e9 du groupe Ipsen).<\/p>\n\n\n\n<p>Comme \u00e9voqu\u00e9 pr\u00e9c\u00e9demment, Ipsen n\u2019a pas acc\u00e8s aux donn\u00e9es du PMSI mais uniquement \u00e0 des rapports anonymes.<\/p>\n\n\n\n<p><strong>Combien de temps conservons-nous vos informations personnelles ?<\/strong><\/p>\n\n\n\n<p>Les donn\u00e9es personnelles du PMSI ne sont pas conserv\u00e9es en dehors de la solution s\u00e9curis\u00e9e utilis\u00e9e par le laboratoire de recherche ou le bureau d\u2019\u00e9tudes avec lequel Ipsen travaille.<\/p>\n\n\n\n<p>Ipsen ne conserve que des r\u00e9sultats anonymes.<\/p>\n\n\n\n<p><strong>Comment prot\u00e9geons-nous vos informations personnelles ?<\/strong><\/p>\n\n\n\n<p>Le laboratoire de recherche \/ bureau d\u2019\u00e9tudes ayant acc\u00e8s aux donn\u00e9es PMSI mises \u00e0 disposition par l\u2019ATIH a l\u2019obligation de r\u00e9aliser un engagement de conformit\u00e9 aupr\u00e8s de la CNIL \u00e0 l\u2019arr\u00eat\u00e9 du 17 juillet 2017 relatif au r\u00e9f\u00e9rentiel d\u00e9terminant les crit\u00e8res de confidentialit\u00e9, d\u2019expertise et d\u2019ind\u00e9pendance pour les laboratoires de recherche et bureaux d\u2019\u00e9tudes, ainsi qu\u2019\u00e0 l\u2019arr\u00eat\u00e9 du 22 mars 2017 relatif au r\u00e9f\u00e9rentiel de s\u00e9curit\u00e9 applicable au SNDS.<\/p>\n\n\n\n<p>Les donn\u00e9es PMSI sont mises \u00e0 disposition par l\u2019interm\u00e9diaire d\u2019une solution s\u00e9curis\u00e9e :<\/p>\n\n\n\n<ul class=\"wp-block-list\">\n<li>Soit, elles sont mises \u00e0 disposition par l\u2019interm\u00e9diaire du prestataire d\u2019acc\u00e8s s\u00e9curis\u00e9 d\u00e9sign\u00e9 par l\u2019ATIH ;<\/li>\n\n\n\n<li>Soit, elles peuvent \u00eatre export\u00e9es vers le laboratoire de recherche \/ bureau d\u2019\u00e9tudes disposant d\u2019une solution s\u00e9curis\u00e9e et ayant conclu une convention avec l\u2019ATIH.<\/li>\n<\/ul>\n\n\n\n<p>Dans le contrat avec le laboratoire de recherche \/ bureau d\u2019\u00e9tudes, Ipsen s\u2019assure de la conformit\u00e9 de son engagement \u00e0 respecter le droit applicable \u00e0 la protection des donn\u00e9es personnelles.<\/p>\n\n\n\n<p>Par ailleurs, une d\u00e9claration aupr\u00e8s de la CNIL attestant de la conformit\u00e9 des projets d\u2019Ipsen \u00e0 la M\u00e9thodologie de r\u00e9f\u00e9rence MR-006 relative aux traitements de donn\u00e9es n\u00e9cessitant l\u2019acc\u00e8s pour le compte des personnes produisant ou commercialisant des produits mentionn\u00e9s au II de l\u2019article L. 5311-1 du code de la sant\u00e9 publique aux donn\u00e9es du PMSI a \u00e9t\u00e9 effectu\u00e9e.<\/p>\n\n\n\n<p><strong>Transfert de donn\u00e9es personnelles en dehors de votre pays d&#8217;origine ?<\/strong><\/p>\n\n\n\n<p>Le laboratoire de recherche \/ bureau d\u2019\u00e9tudes est bas\u00e9 au sein de l\u2019Union europ\u00e9enne.<\/p>\n\n\n\n<p>Aucun acc\u00e8s distant aux donn\u00e9es depuis un territoire hors UE n\u2019est envisag\u00e9\/possible.<\/p>\n\n\n\n<p><strong>Quels sont vos droits concernant vos informations ?<\/strong><\/p>\n\n\n\n<p>Vous pouvez b\u00e9n\u00e9ficier des droits suivants concernant vos informations, en fonction des circonstances et de la l\u00e9gislation applicable :<\/p>\n\n\n\n<figure class=\"wp-block-table\"><table class=\"has-fixed-layout\"><tbody><tr><td><strong>Droit<\/strong><strong><\/strong><\/td><td><strong>Qu&#8217;est-ce que cela signifie ?<\/strong><strong><\/strong><\/td><\/tr><tr><td><strong>1. <\/strong><strong>Le droit d&#8217;acc\u00e8s<\/strong><strong><\/strong><\/td><td>Vous avez le droit d&#8217;obtenir l&#8217;acc\u00e8s aux informations trait\u00e9es par Ipsen.<\/td><\/tr><tr><td><strong>2. <\/strong><strong>Droit de rectification<\/strong><strong><\/strong><\/td><td>Vous avez le droit de faire rectifier les informations vous concernant qui sont inexactes ou incompl\u00e8tes.<\/td><\/tr><tr><td><strong>3. <\/strong><strong>Le droit \u00e0 l&#8217;effacement<\/strong><strong><\/strong><\/td><td>Il est \u00e9galement connu sous le nom de &#8220;droit \u00e0 l&#8217;oubli&#8221; et, en termes simples, vous permet de demander l&#8217;effacement ou la suppression de vos informations lorsqu&#8217;il n&#8217;y a pas de raison imp\u00e9rieuse pour qu&#8217;Ipsen continue \u00e0 les utiliser. Il ne s&#8217;agit pas d&#8217;un droit g\u00e9n\u00e9ral \u00e0 l&#8217;effacement ; il existe des exceptions.<\/td><\/tr><tr><td><strong>4. <\/strong><strong>Le droit de restreindre le traitement<\/strong><strong><\/strong><\/td><td>Vous avez le droit de &#8220;bloquer&#8221; ou de supprimer l&#8217;utilisation ult\u00e9rieure de vos informations dans certaines circonstances. Lorsque le traitement est limit\u00e9, Ipsen peut toujours stocker vos informations, mais ne peut plus les utiliser.<\/td><\/tr><tr><td><strong>5. <\/strong><strong>Le droit \u00e0 la portabilit\u00e9 des donn\u00e9es<\/strong><\/td><td>Vous avez le droit d&#8217;obtenir et de r\u00e9utiliser vos donn\u00e9es personnelles dans un format structur\u00e9, couramment utilis\u00e9 et lisible par machine dans certaines circonstances.<\/td><\/tr><tr><td><strong>6. <\/strong><strong>Le droit d&#8217;opposition<\/strong><strong><\/strong><\/td><td>Vous avez le droit de vous opposer \u00e0 certains types de traitement, dans certaines circonstances.<\/td><\/tr><tr><td><strong>7. <\/strong><strong>Droit de retirer son consentement<\/strong><strong><\/strong><\/td><td>Si nous utilisons vos donn\u00e9es \u00e0 caract\u00e8re personnel sur la base de votre consentement, vous avez le droit de retirer ce consentement \u00e0 tout moment.<\/td><\/tr><\/tbody><\/table><\/figure>\n\n\n\n<p><strong>Informations de contact.<\/strong><\/p>\n\n\n\n<p>Si vous souhaitez exercer l&#8217;un de ces droits, veuillez nous envoyer une demande de droits de la personne concern\u00e9e en remplissant <a href=\"https:\/\/privacyportal-de.onetrust.com\/webform\/6b1542cd-1d95-4ee9-98ba-5b2e7639eaac\/6c7a3ff4-c078-4035-a018-76293fe3e8a9\">ce formulaire<\/a>.<\/p>\n\n\n\n<p>Vous pouvez \u00e9galement exercer vos droits d&#8217;acc\u00e8s, de rectification et d&#8217;opposition aupr\u00e8s du directeur de l&#8217;organisme gestionnaire du r\u00e9gime d&#8217;assurance maladie obligatoire auquel vous \u00eates rattach\u00e9.<\/p>\n\n\n\n<p>Si vous souhaitez nous poser des questions sur la mani\u00e8re dont nous traitons vos donn\u00e9es personnelles, vous pouvez contacter notre \u00e9quipe Global Privacy \u00e0 l&#8217;adresse <a href=\"mailto:dataprivacy@ipsen.com\">dataprivacy@ipsen.com<\/a>.<\/p>\n\n\n\n<p>Si vous n&#8217;\u00eates pas satisfait de la mani\u00e8re dont Ipsen traite vos donn\u00e9es personnelles, ou si vous pensez que notre traitement n&#8217;est pas conforme aux lois sur la protection des donn\u00e9es, vous avez le droit de d\u00e9poser une plainte aupr\u00e8s de l&#8217;autorit\u00e9 de contr\u00f4le comp\u00e9tente en mati\u00e8re de protection des donn\u00e9es.<\/p>\n\n\n\n<p>L&#8217;autorit\u00e9 de contr\u00f4le chef de file d&#8217;Ipsen dans l&#8217;UE est la Commission Nationale de l&#8217;Informatique et des Libert\u00e9s (CNIL), 3 Place de Fontenoy, TSA 80715, 75334 PARIS CEDEX 07, FRANCE.<\/p>\n\n\n\n<!--Alert Card Layout Start Here-->\n<section class=\"alertcard-section\">\n      <div class=\"container\">\n        <!--Alert Box HTML Start Here-->\n        <div class=\"alert-box info-box\">\n                  <div class=\"info-contents\">\n          <h4 role=\"heading\" aria-level=\"2\" class=\"info-head heading-four heading-four\"><\/h4>\n            <p class=\"info-sub-head-para hidden heading-para\"><\/p>\n            <div class=\"alert-content visible\"><p>ALLSC-FR-002082 V2.0<\/p>\n<\/div>\n          <\/div>\n        <\/div>\n        <!--Alert Box HTML Start Here-->\n      <\/div>\n    <\/section>\n<!--Alert Card Layout End Here-->\n<\/div>\n<\/div>\n","protected":false},"excerpt":{"rendered":"","protected":false},"author":11,"featured_media":0,"parent":0,"menu_order":0,"comment_status":"closed","ping_status":"closed","template":"","meta":{"_acf_changed":false,"footnotes":""},"class_list":["post-1016","page","type-page","status-publish","hentry","entry"],"acf":[],"yoast_head":"<!-- This site is optimized with the Yoast SEO plugin v26.8 - https:\/\/yoast.com\/product\/yoast-seo-wordpress\/ -->\n<title>Note d&#039;information PMSI - France<\/title>\n<meta name=\"robots\" content=\"index, follow, max-snippet:-1, max-image-preview:large, max-video-preview:-1\" \/>\n<link rel=\"canonical\" href=\"https:\/\/www.ipsen.com\/france\/note-dinformation-pmsi\/\" \/>\n<meta property=\"og:locale\" content=\"fr_FR\" \/>\n<meta property=\"og:type\" content=\"article\" \/>\n<meta property=\"og:title\" content=\"Note d&#039;information PMSI - France\" \/>\n<meta property=\"og:url\" content=\"https:\/\/www.ipsen.com\/france\/note-dinformation-pmsi\/\" \/>\n<meta property=\"og:site_name\" content=\"France\" \/>\n<meta property=\"article:modified_time\" content=\"2025-06-05T09:30:54+00:00\" \/>\n<meta name=\"twitter:card\" content=\"summary_large_image\" \/>\n<meta name=\"twitter:label1\" content=\"Est. reading time\" \/>\n\t<meta name=\"twitter:data1\" content=\"7 minutes\" \/>\n<script type=\"application\/ld+json\" class=\"yoast-schema-graph\">{\"@context\":\"https:\/\/schema.org\",\"@graph\":[{\"@type\":\"WebPage\",\"@id\":\"https:\/\/www.ipsen.com\/france\/note-dinformation-pmsi\/\",\"url\":\"https:\/\/www.ipsen.com\/france\/note-dinformation-pmsi\/\",\"name\":\"Note d'information PMSI - France\",\"isPartOf\":{\"@id\":\"https:\/\/www.ipsen.com\/france\/#website\"},\"datePublished\":\"2024-12-23T07:27:15+00:00\",\"dateModified\":\"2025-06-05T09:30:54+00:00\",\"breadcrumb\":{\"@id\":\"https:\/\/www.ipsen.com\/france\/note-dinformation-pmsi\/#breadcrumb\"},\"inLanguage\":\"fr-FR\",\"potentialAction\":[{\"@type\":\"ReadAction\",\"target\":[\"https:\/\/www.ipsen.com\/france\/note-dinformation-pmsi\/\"]}]},{\"@type\":\"BreadcrumbList\",\"@id\":\"https:\/\/www.ipsen.com\/france\/note-dinformation-pmsi\/#breadcrumb\",\"itemListElement\":[{\"@type\":\"ListItem\",\"position\":1,\"name\":\"Home\",\"item\":\"https:\/\/www.ipsen.com\/france\/\"},{\"@type\":\"ListItem\",\"position\":2,\"name\":\"Note d&rsquo;information PMSI\"}]},{\"@type\":\"WebSite\",\"@id\":\"https:\/\/www.ipsen.com\/france\/#website\",\"url\":\"https:\/\/www.ipsen.com\/france\/\",\"name\":\"France\",\"description\":\"\",\"publisher\":{\"@id\":\"https:\/\/www.ipsen.com\/france\/#organization\"},\"potentialAction\":[{\"@type\":\"SearchAction\",\"target\":{\"@type\":\"EntryPoint\",\"urlTemplate\":\"https:\/\/www.ipsen.com\/france\/?s={search_term_string}\"},\"query-input\":{\"@type\":\"PropertyValueSpecification\",\"valueRequired\":true,\"valueName\":\"search_term_string\"}}],\"inLanguage\":\"fr-FR\"},{\"@type\":\"Organization\",\"@id\":\"https:\/\/www.ipsen.com\/france\/#organization\",\"name\":\"France\",\"url\":\"https:\/\/www.ipsen.com\/france\/\",\"logo\":{\"@type\":\"ImageObject\",\"inLanguage\":\"fr-FR\",\"@id\":\"https:\/\/www.ipsen.com\/france\/#\/schema\/logo\/image\/\",\"url\":\"https:\/\/www.ipsen.com\/france\/wp-content\/uploads\/sites\/15\/2024\/03\/Logo-Ipsen.svg\",\"contentUrl\":\"https:\/\/www.ipsen.com\/france\/wp-content\/uploads\/sites\/15\/2024\/03\/Logo-Ipsen.svg\",\"caption\":\"France\"},\"image\":{\"@id\":\"https:\/\/www.ipsen.com\/france\/#\/schema\/logo\/image\/\"}}]}<\/script>\n<!-- \/ Yoast SEO plugin. -->","yoast_head_json":{"title":"Note d'information PMSI - France","robots":{"index":"index","follow":"follow","max-snippet":"max-snippet:-1","max-image-preview":"max-image-preview:large","max-video-preview":"max-video-preview:-1"},"canonical":"https:\/\/www.ipsen.com\/france\/note-dinformation-pmsi\/","og_locale":"fr_FR","og_type":"article","og_title":"Note d'information PMSI - France","og_url":"https:\/\/www.ipsen.com\/france\/note-dinformation-pmsi\/","og_site_name":"France","article_modified_time":"2025-06-05T09:30:54+00:00","twitter_card":"summary_large_image","twitter_misc":{"Est. reading time":"7 minutes"},"schema":{"@context":"https:\/\/schema.org","@graph":[{"@type":"WebPage","@id":"https:\/\/www.ipsen.com\/france\/note-dinformation-pmsi\/","url":"https:\/\/www.ipsen.com\/france\/note-dinformation-pmsi\/","name":"Note d'information PMSI - France","isPartOf":{"@id":"https:\/\/www.ipsen.com\/france\/#website"},"datePublished":"2024-12-23T07:27:15+00:00","dateModified":"2025-06-05T09:30:54+00:00","breadcrumb":{"@id":"https:\/\/www.ipsen.com\/france\/note-dinformation-pmsi\/#breadcrumb"},"inLanguage":"fr-FR","potentialAction":[{"@type":"ReadAction","target":["https:\/\/www.ipsen.com\/france\/note-dinformation-pmsi\/"]}]},{"@type":"BreadcrumbList","@id":"https:\/\/www.ipsen.com\/france\/note-dinformation-pmsi\/#breadcrumb","itemListElement":[{"@type":"ListItem","position":1,"name":"Home","item":"https:\/\/www.ipsen.com\/france\/"},{"@type":"ListItem","position":2,"name":"Note d&rsquo;information PMSI"}]},{"@type":"WebSite","@id":"https:\/\/www.ipsen.com\/france\/#website","url":"https:\/\/www.ipsen.com\/france\/","name":"France","description":"","publisher":{"@id":"https:\/\/www.ipsen.com\/france\/#organization"},"potentialAction":[{"@type":"SearchAction","target":{"@type":"EntryPoint","urlTemplate":"https:\/\/www.ipsen.com\/france\/?s={search_term_string}"},"query-input":{"@type":"PropertyValueSpecification","valueRequired":true,"valueName":"search_term_string"}}],"inLanguage":"fr-FR"},{"@type":"Organization","@id":"https:\/\/www.ipsen.com\/france\/#organization","name":"France","url":"https:\/\/www.ipsen.com\/france\/","logo":{"@type":"ImageObject","inLanguage":"fr-FR","@id":"https:\/\/www.ipsen.com\/france\/#\/schema\/logo\/image\/","url":"https:\/\/www.ipsen.com\/france\/wp-content\/uploads\/sites\/15\/2024\/03\/Logo-Ipsen.svg","contentUrl":"https:\/\/www.ipsen.com\/france\/wp-content\/uploads\/sites\/15\/2024\/03\/Logo-Ipsen.svg","caption":"France"},"image":{"@id":"https:\/\/www.ipsen.com\/france\/#\/schema\/logo\/image\/"}}]}},"parsely":{"version":"1.1.0","canonical_url":"https:\/\/ipsen.com\/france\/note-dinformation-pmsi\/","smart_links":{"inbound":0,"outbound":0},"traffic_boost_suggestions_count":0,"meta":{"@context":"https:\/\/schema.org","@type":"WebPage","headline":"Note d&#8217;information PMSI","url":"http:\/\/www.ipsen.com\/france\/note-dinformation-pmsi\/","mainEntityOfPage":{"@type":"WebPage","@id":"http:\/\/www.ipsen.com\/france\/note-dinformation-pmsi\/"},"thumbnailUrl":"","image":{"@type":"ImageObject","url":""},"articleSection":"Non classifi\u00e9(e)","author":[{"@type":"Person","name":"heloisedetouchet"}],"creator":["heloisedetouchet"],"publisher":{"@type":"Organization","name":"France","logo":""},"keywords":[],"dateCreated":"2024-12-23T07:27:15Z","datePublished":"2024-12-23T07:27:15Z","dateModified":"2025-06-05T09:30:54Z"},"rendered":"<script type=\"application\/ld+json\" class=\"wp-parsely-metadata\">{\"@context\":\"https:\\\/\\\/schema.org\",\"@type\":\"WebPage\",\"headline\":\"Note d&#8217;information PMSI\",\"url\":\"http:\\\/\\\/www.ipsen.com\\\/france\\\/note-dinformation-pmsi\\\/\",\"mainEntityOfPage\":{\"@type\":\"WebPage\",\"@id\":\"http:\\\/\\\/www.ipsen.com\\\/france\\\/note-dinformation-pmsi\\\/\"},\"thumbnailUrl\":\"\",\"image\":{\"@type\":\"ImageObject\",\"url\":\"\"},\"articleSection\":\"Non classifi\\u00e9(e)\",\"author\":[{\"@type\":\"Person\",\"name\":\"heloisedetouchet\"}],\"creator\":[\"heloisedetouchet\"],\"publisher\":{\"@type\":\"Organization\",\"name\":\"France\",\"logo\":\"\"},\"keywords\":[],\"dateCreated\":\"2024-12-23T07:27:15Z\",\"datePublished\":\"2024-12-23T07:27:15Z\",\"dateModified\":\"2025-06-05T09:30:54Z\"}<\/script>","tracker_url":"https:\/\/cdn.parsely.com\/keys\/ipsen.com\/p.js"},"jetpack_sharing_enabled":true,"_links":{"self":[{"href":"https:\/\/www.ipsen.com\/france\/wp-json\/wp\/v2\/pages\/1016","targetHints":{"allow":["GET"]}}],"collection":[{"href":"https:\/\/www.ipsen.com\/france\/wp-json\/wp\/v2\/pages"}],"about":[{"href":"https:\/\/www.ipsen.com\/france\/wp-json\/wp\/v2\/types\/page"}],"author":[{"embeddable":true,"href":"https:\/\/www.ipsen.com\/france\/wp-json\/wp\/v2\/users\/11"}],"replies":[{"embeddable":true,"href":"https:\/\/www.ipsen.com\/france\/wp-json\/wp\/v2\/comments?post=1016"}],"version-history":[{"count":10,"href":"https:\/\/www.ipsen.com\/france\/wp-json\/wp\/v2\/pages\/1016\/revisions"}],"predecessor-version":[{"id":1395,"href":"https:\/\/www.ipsen.com\/france\/wp-json\/wp\/v2\/pages\/1016\/revisions\/1395"}],"wp:attachment":[{"href":"https:\/\/www.ipsen.com\/france\/wp-json\/wp\/v2\/media?parent=1016"}],"curies":[{"name":"wp","href":"https:\/\/api.w.org\/{rel}","templated":true}]}}