{"id":80770,"date":"2025-06-12T13:59:30","date_gmt":"2025-06-12T11:59:30","guid":{"rendered":"https:\/\/www.ipsen.com\/?page_id=80770"},"modified":"2025-11-05T06:35:24","modified_gmt":"2025-11-05T04:35:24","slug":"contacts-media","status":"publish","type":"page","link":"https:\/\/www.ipsen.com\/fr\/contacts-media\/","title":{"rendered":"Contacts M\u00e9dias"},"content":{"rendered":"    <section class=\"sub-page-banner bg-img\" style=\"background-image:url(https:\/\/www.ipsen.com\/wp-content\/uploads\/2025\/07\/Highlights.png)\">\n        <div class=\"container content-sec\">\n            <nav aria-label=\"breadcrumb\">\n            <ol class=\"breadcrumb\">\n                <li class=\"breadcrumb-item\"><a href=\"https:\/\/www.ipsen.com\/fr\/\">Accueil<\/a><\/li><li class=\"breadcrumb-item active\"><a href=\"#\" aria-current=\"page\"> M\u00e9dias &#8211; Contacts M\u00e9dias<\/a><\/li><\/ol>\n            <\/nav>            <h1 class=\"visible\">Contacts M\u00e9dias<\/h1>\n            <p class=\"hidden\"><\/p>\n        <\/div>\n    <\/section>\n\n\n\n    <section class=\"side-panel contacts-card\">\n        <div class=\"container\">\n            <div class=\"fullwidth-contact\">\n    <div class=\"container\">\n        <div class=\"contact-heading\">\n            <h3 aria-level=\"2\" class=\"contact-title visible heading-three\">\n                Relations M\u00e9dias            <\/h3>\n            <p class=\"contact-desc hidden\"><\/p>\n        <\/div>\n    \n        <!-- glider insert -->\n        <div class=\"glider-contain\">\n            <!-- buttons -->\n                        <div class=\"glider-contact multiple\">\n                \n                        <div class=\"contact-box glider-slide active left-1 visible\" data-gslide=\"1\" tab-index=\"0\">\n                            <div class=\"contact-details\">\n                                <h5 role=\"heading\" aria-level=\"3\" class=\"contactName visible\">Sally Bain<\/h5>\n                                <p class=\"designation visible\">Directrice des Relations M\u00e9dias Globales <\/p>\n                                <p class=\"location cCode hidden\"  data-contactId=\"80767\">  <\/p>\n                                                            <\/div>\n                            <p class=\"visually-hidden\"> after clicking the copy button contact informnation getting copied <\/p>\n                            <div class=\"contact-info\">\n                                <ul>                                \n                                    <li class=\"location hidden\" >\n                                        <span class=\"before-icon\" title=\"Adresse\"><\/span><span><\/span>\n                                        <button class=\"desktop-view after-icon\" aria-label=\"Copier l'adresse\" data-value=\"\" >\n                                        <img decoding=\"async\" alt=\"\" src=\"\/wp-content\/themes\/ipsen-main\/dist\/images\/Copy-Icon-New.svg\"><\/button>\n                                    <\/li>\n                                    <li class=\"mobile-no visible\" >\n                                        <span class=\"before-icon\" title=\"Num\u00e9ro de t\u00e9l\u00e9phone\"><\/span><a href=\"tel:+1 857 320 0517\" id=\"user_phone\">+1 857 320 0517<\/a>\n                                        <button class=\"desktop-view after-icon\" aria-label=\"Copier le num\u00e9ro de t\u00e9l\u00e9phone+1 857 320 0517\" data-value=\"+1 857 320 0517\" >\n                                        <img decoding=\"async\" alt=\"\" src=\"\/wp-content\/themes\/ipsen-main\/dist\/images\/Copy-Icon-New.svg\"><\/button>\n                                    <\/li>\n                                    <li class=\"fax-no hidden\" id=\"user_fax\">\n                                        <span class=\"before-icon\" title=\"Num\u00e9ro de fax\" ><\/span>\n                                        <span class=\"fax-name\" ><\/span>\n                                        <span class=\"desktop-view after-icon\" role=\"button\" tabindex=\"0\"  aria-label=\"Copier le num\u00e9ro de fax\" data-value=\"\" ><\/span>\n                                    <\/li>\n                                    <li class=\"email-id visible\" >\n                                        <span class=\"before-icon\" title=\"Adresse e-mail\"><\/span><a href=\"mailto:sally.bain@ipsen.com\" id=\"user_email\">sally.bain@ipsen.com<\/a>\n                                        <button class=\"desktop-view after-icon\" role=\"button\" tabindex=\"0\"  aria-label=\"Copier l'adresse e-mailsally.bain@ipsen.com\" data-value=\"sally.bain@ipsen.com\">\n                                        <img decoding=\"async\" alt=\"\" src=\"\/wp-content\/themes\/ipsen-main\/dist\/images\/Copy-Icon-New.svg\"><\/button>\n                                    <\/li>\n                                <\/ul>\n                            <\/div>\n                        <\/div>\n                    \n                        <div class=\"contact-box glider-slide  left-2 \" data-gslide=\"2\" tab-index=\"0\">\n                            <div class=\"contact-details\">\n                                <h5 role=\"heading\" aria-level=\"3\" class=\"contactName visible\">Anne Liontas<\/h5>\n                                <p class=\"designation visible\">Responsable des relations m\u00e9dias en France <\/p>\n                                <p class=\"location cCode hidden\"  data-contactId=\"80765\">  <\/p>\n                                                            <\/div>\n                            <p class=\"visually-hidden\"> after clicking the copy button contact informnation getting copied <\/p>\n                            <div class=\"contact-info\">\n                                <ul>                                \n                                    <li class=\"location hidden\" >\n                                        <span class=\"before-icon\" title=\"Adresse\"><\/span><span><\/span>\n                                        <button class=\"desktop-view after-icon\" aria-label=\"Copier l'adresse\" data-value=\"\" >\n                                        <img decoding=\"async\" alt=\"\" src=\"\/wp-content\/themes\/ipsen-main\/dist\/images\/Copy-Icon-New.svg\"><\/button>\n                                    <\/li>\n                                    <li class=\"mobile-no visible\" >\n                                        <span class=\"before-icon\" title=\"Num\u00e9ro de t\u00e9l\u00e9phone\"><\/span><a href=\"tel:+33 7 67 34 72 96\" id=\"user_phone\">+33 7 67 34 72 96<\/a>\n                                        <button class=\"desktop-view after-icon\" aria-label=\"Copier le num\u00e9ro de t\u00e9l\u00e9phone+33 7 67 34 72 96\" data-value=\"+33 7 67 34 72 96\" >\n                                        <img decoding=\"async\" alt=\"\" src=\"\/wp-content\/themes\/ipsen-main\/dist\/images\/Copy-Icon-New.svg\"><\/button>\n                                    <\/li>\n                                    <li class=\"fax-no hidden\" id=\"user_fax\">\n                                        <span class=\"before-icon\" title=\"Num\u00e9ro de fax\" ><\/span>\n                                        <span class=\"fax-name\" ><\/span>\n                                        <span class=\"desktop-view after-icon\" role=\"button\" tabindex=\"0\"  aria-label=\"Copier le num\u00e9ro de fax\" data-value=\"\" ><\/span>\n                                    <\/li>\n                                    <li class=\"email-id visible\" >\n                                        <span class=\"before-icon\" title=\"Adresse e-mail\"><\/span><a href=\"mailto:anne.liontas.ext@ipsen.com\" id=\"user_email\">anne.liontas.ext@ipsen.com<\/a>\n                                        <button class=\"desktop-view after-icon\" role=\"button\" tabindex=\"0\"  aria-label=\"Copier l'adresse e-mailanne.liontas.ext@ipsen.com\" data-value=\"anne.liontas.ext@ipsen.com\">\n                                        <img decoding=\"async\" alt=\"\" src=\"\/wp-content\/themes\/ipsen-main\/dist\/images\/Copy-Icon-New.svg\"><\/button>\n                                    <\/li>\n                                <\/ul>\n                            <\/div>\n                        <\/div>\n                                <\/div> \n        <\/div>\n    <\/div>\n<\/div>        <\/div> \n    <\/section>\n","protected":false},"excerpt":{"rendered":"","protected":false},"author":97,"featured_media":0,"parent":0,"menu_order":0,"comment_status":"closed","ping_status":"closed","template":"","meta":{"_acf_changed":false,"footnotes":""},"class_list":["post-80770","page","type-page","status-publish","hentry","entry"],"acf":[],"yoast_head":"<!-- This site is optimized with the Yoast SEO plugin v26.8 - https:\/\/yoast.com\/product\/yoast-seo-wordpress\/ -->\n<title>Contacts M\u00e9dias - Global<\/title>\n<meta name=\"robots\" content=\"index, follow, max-snippet:-1, max-image-preview:large, max-video-preview:-1\" \/>\n<link rel=\"canonical\" href=\"https:\/\/www.ipsen.com\/fr\/contacts-media\/\" \/>\n<meta property=\"og:locale\" content=\"fr_FR\" \/>\n<meta property=\"og:type\" content=\"article\" \/>\n<meta property=\"og:title\" content=\"Contacts M\u00e9dias - Global\" \/>\n<meta property=\"og:url\" content=\"https:\/\/www.ipsen.com\/fr\/contacts-media\/\" \/>\n<meta property=\"og:site_name\" content=\"Global\" \/>\n<meta property=\"article:modified_time\" content=\"2025-11-05T04:35:24+00:00\" \/>\n<meta name=\"twitter:card\" content=\"summary_large_image\" \/>\n<meta name=\"twitter:site\" content=\"@ipsengroup\" \/>\n<script type=\"application\/ld+json\" class=\"yoast-schema-graph\">{\"@context\":\"https:\/\/schema.org\",\"@graph\":[{\"@type\":\"WebPage\",\"@id\":\"https:\/\/www.ipsen.com\/fr\/contacts-media\/\",\"url\":\"https:\/\/www.ipsen.com\/fr\/contacts-media\/\",\"name\":\"Contacts M\u00e9dias - Global\",\"isPartOf\":{\"@id\":\"https:\/\/www.ipsen.com\/fr\/#website\"},\"datePublished\":\"2025-06-12T11:59:30+00:00\",\"dateModified\":\"2025-11-05T04:35:24+00:00\",\"breadcrumb\":{\"@id\":\"https:\/\/www.ipsen.com\/fr\/contacts-media\/#breadcrumb\"},\"inLanguage\":\"fr-FR\",\"potentialAction\":[{\"@type\":\"ReadAction\",\"target\":[\"https:\/\/www.ipsen.com\/fr\/contacts-media\/\"]}]},{\"@type\":\"BreadcrumbList\",\"@id\":\"https:\/\/www.ipsen.com\/fr\/contacts-media\/#breadcrumb\",\"itemListElement\":[{\"@type\":\"ListItem\",\"position\":1,\"name\":\"Home\",\"item\":\"https:\/\/www.ipsen.com\/fr\/\"},{\"@type\":\"ListItem\",\"position\":2,\"name\":\"Contacts M\u00e9dias\"}]},{\"@type\":\"WebSite\",\"@id\":\"https:\/\/www.ipsen.com\/fr\/#website\",\"url\":\"https:\/\/www.ipsen.com\/fr\/\",\"name\":\"Global\",\"description\":\"\",\"publisher\":{\"@id\":\"https:\/\/www.ipsen.com\/fr\/#organization\"},\"potentialAction\":[{\"@type\":\"SearchAction\",\"target\":{\"@type\":\"EntryPoint\",\"urlTemplate\":\"https:\/\/www.ipsen.com\/fr\/?s={search_term_string}\"},\"query-input\":{\"@type\":\"PropertyValueSpecification\",\"valueRequired\":true,\"valueName\":\"search_term_string\"}}],\"inLanguage\":\"fr-FR\"},{\"@type\":\"Organization\",\"@id\":\"https:\/\/www.ipsen.com\/fr\/#organization\",\"name\":\"IPSEN\",\"url\":\"https:\/\/www.ipsen.com\/fr\/\",\"logo\":{\"@type\":\"ImageObject\",\"inLanguage\":\"fr-FR\",\"@id\":\"https:\/\/www.ipsen.com\/fr\/#\/schema\/logo\/image\/\",\"url\":\"https:\/\/www.ipsen.com\/wp-content\/uploads\/2023\/12\/Latest_Ipsen-logo_168x48.svg\",\"contentUrl\":\"https:\/\/www.ipsen.com\/wp-content\/uploads\/2023\/12\/Latest_Ipsen-logo_168x48.svg\",\"caption\":\"IPSEN\"},\"image\":{\"@id\":\"https:\/\/www.ipsen.com\/fr\/#\/schema\/logo\/image\/\"},\"sameAs\":[\"https:\/\/www.facebook.com\/Ipsengroup\",\"https:\/\/x.com\/ipsengroup\"]}]}<\/script>\n<!-- \/ Yoast SEO plugin. -->","yoast_head_json":{"title":"Contacts M\u00e9dias - Global","robots":{"index":"index","follow":"follow","max-snippet":"max-snippet:-1","max-image-preview":"max-image-preview:large","max-video-preview":"max-video-preview:-1"},"canonical":"https:\/\/www.ipsen.com\/fr\/contacts-media\/","og_locale":"fr_FR","og_type":"article","og_title":"Contacts M\u00e9dias - Global","og_url":"https:\/\/www.ipsen.com\/fr\/contacts-media\/","og_site_name":"Global","article_modified_time":"2025-11-05T04:35:24+00:00","twitter_card":"summary_large_image","twitter_site":"@ipsengroup","schema":{"@context":"https:\/\/schema.org","@graph":[{"@type":"WebPage","@id":"https:\/\/www.ipsen.com\/fr\/contacts-media\/","url":"https:\/\/www.ipsen.com\/fr\/contacts-media\/","name":"Contacts M\u00e9dias - Global","isPartOf":{"@id":"https:\/\/www.ipsen.com\/fr\/#website"},"datePublished":"2025-06-12T11:59:30+00:00","dateModified":"2025-11-05T04:35:24+00:00","breadcrumb":{"@id":"https:\/\/www.ipsen.com\/fr\/contacts-media\/#breadcrumb"},"inLanguage":"fr-FR","potentialAction":[{"@type":"ReadAction","target":["https:\/\/www.ipsen.com\/fr\/contacts-media\/"]}]},{"@type":"BreadcrumbList","@id":"https:\/\/www.ipsen.com\/fr\/contacts-media\/#breadcrumb","itemListElement":[{"@type":"ListItem","position":1,"name":"Home","item":"https:\/\/www.ipsen.com\/fr\/"},{"@type":"ListItem","position":2,"name":"Contacts M\u00e9dias"}]},{"@type":"WebSite","@id":"https:\/\/www.ipsen.com\/fr\/#website","url":"https:\/\/www.ipsen.com\/fr\/","name":"Global","description":"","publisher":{"@id":"https:\/\/www.ipsen.com\/fr\/#organization"},"potentialAction":[{"@type":"SearchAction","target":{"@type":"EntryPoint","urlTemplate":"https:\/\/www.ipsen.com\/fr\/?s={search_term_string}"},"query-input":{"@type":"PropertyValueSpecification","valueRequired":true,"valueName":"search_term_string"}}],"inLanguage":"fr-FR"},{"@type":"Organization","@id":"https:\/\/www.ipsen.com\/fr\/#organization","name":"IPSEN","url":"https:\/\/www.ipsen.com\/fr\/","logo":{"@type":"ImageObject","inLanguage":"fr-FR","@id":"https:\/\/www.ipsen.com\/fr\/#\/schema\/logo\/image\/","url":"https:\/\/www.ipsen.com\/wp-content\/uploads\/2023\/12\/Latest_Ipsen-logo_168x48.svg","contentUrl":"https:\/\/www.ipsen.com\/wp-content\/uploads\/2023\/12\/Latest_Ipsen-logo_168x48.svg","caption":"IPSEN"},"image":{"@id":"https:\/\/www.ipsen.com\/fr\/#\/schema\/logo\/image\/"},"sameAs":["https:\/\/www.facebook.com\/Ipsengroup","https:\/\/x.com\/ipsengroup"]}]}},"jetpack_sharing_enabled":true,"_links":{"self":[{"href":"https:\/\/www.ipsen.com\/fr\/wp-json\/wp\/v2\/pages\/80770","targetHints":{"allow":["GET"]}}],"collection":[{"href":"https:\/\/www.ipsen.com\/fr\/wp-json\/wp\/v2\/pages"}],"about":[{"href":"https:\/\/www.ipsen.com\/fr\/wp-json\/wp\/v2\/types\/page"}],"author":[{"embeddable":true,"href":"https:\/\/www.ipsen.com\/fr\/wp-json\/wp\/v2\/users\/97"}],"replies":[{"embeddable":true,"href":"https:\/\/www.ipsen.com\/fr\/wp-json\/wp\/v2\/comments?post=80770"}],"version-history":[{"count":8,"href":"https:\/\/www.ipsen.com\/fr\/wp-json\/wp\/v2\/pages\/80770\/revisions"}],"predecessor-version":[{"id":92581,"href":"https:\/\/www.ipsen.com\/fr\/wp-json\/wp\/v2\/pages\/80770\/revisions\/92581"}],"wp:attachment":[{"href":"https:\/\/www.ipsen.com\/fr\/wp-json\/wp\/v2\/media?parent=80770"}],"curies":[{"name":"wp","href":"https:\/\/api.w.org\/{rel}","templated":true}]}}