{"id":69000,"date":"2024-10-07T10:43:35","date_gmt":"2024-10-07T08:43:35","guid":{"rendered":"https:\/\/www.ipsen.com\/?page_id=69000"},"modified":"2025-08-26T09:25:23","modified_gmt":"2025-08-26T07:25:23","slug":"vos-contacts","status":"publish","type":"page","link":"https:\/\/www.ipsen.com\/fr\/investisseurs\/vos-contacts\/","title":{"rendered":"Contacts d\u00e9di\u00e9s"},"content":{"rendered":"    <section class=\"sub-page-banner bg-color-enabled  banner-no-filter\" style=\"background: linear-gradient(93.64deg, #224A81 2.99%, #2797D3 97.01%)\">\n                <div class=\"container content-sec\">\n            <nav aria-label=\"breadcrumb\">\n            <ol class=\"breadcrumb\">\n                <li class=\"breadcrumb-item\"><a href=\"https:\/\/www.ipsen.com\/fr\/\">Accueil<\/a><\/li><li class=\"breadcrumb-item visible\"><a href=\"https:\/\/www.ipsen.com\/fr\/investisseurs\/\">Investisseurs<\/a><\/li><li class=\"breadcrumb-item active\"><a class=\"link-pointer-events-none\" href=\"#\" aria-current=\"page\">Contacts d\u00e9di\u00e9s<\/a><\/li><\/ol>\n            <\/nav>            <h1 class=\"visible banner-font-color-white\">Contacts d\u00e9di\u00e9s<\/h1>\n            <p class=\"hidden banner-font-color-white\"><\/p>\n        <\/div>\n    <\/section>\n\n\n\n\n    <section class=\"side-panel contacts-card\">\n        <div class=\"container\">\n            <div class=\"fullwidth-contact\">\n    <div class=\"container\">\n        <div class=\"contact-heading\">\n            <h3 aria-level=\"2\" class=\"contact-title visible heading-three\">\n                Relations Investisseurs            <\/h3>\n            <p class=\"contact-desc hidden\"><\/p>\n        <\/div>\n    \n        <!-- glider insert -->\n        <div class=\"glider-contain\">\n            <!-- buttons -->\n                        <div class=\"glider-contact multiple\">\n                \n                        <div class=\"contact-box glider-slide active left-1 visible\" data-gslide=\"1\" tab-index=\"0\">\n                            <div class=\"contact-details\">\n                                <h5 role=\"heading\" aria-level=\"3\" class=\"contactName visible\">Henry Wheeler<\/h5>\n                                <p class=\"designation visible\">Vice President, Relations Investisseurs <\/p>\n                                <p class=\"location cCode visible\"  data-contactId=\"85900\"> Global <\/p>\n                                                            <\/div>\n                            <p class=\"visually-hidden\"> after clicking the copy button contact informnation getting copied <\/p>\n                            <div class=\"contact-info\">\n                                <ul>                                \n                                    <li class=\"location hidden\" >\n                                        <span class=\"before-icon\" title=\"Adresse\"><\/span><span><\/span>\n                                        <button class=\"desktop-view after-icon\" aria-label=\"Copier l'adresse\" data-value=\"\" >\n                                        <img decoding=\"async\" alt=\"\" src=\"\/wp-content\/themes\/ipsen-main\/dist\/images\/Copy-Icon-New.svg\"><\/button>\n                                    <\/li>\n                                    <li class=\"mobile-no visible\" >\n                                        <span class=\"before-icon\" title=\"Num\u00e9ro de t\u00e9l\u00e9phone\"><\/span><a href=\"tel:+33 7 64 47 11 49\" id=\"user_phone\">+33 7 64 47 11 49<\/a>\n                                        <button class=\"desktop-view after-icon\" aria-label=\"Copier le num\u00e9ro de t\u00e9l\u00e9phone+33 7 64 47 11 49\" data-value=\"+33 7 64 47 11 49\" >\n                                        <img decoding=\"async\" alt=\"\" src=\"\/wp-content\/themes\/ipsen-main\/dist\/images\/Copy-Icon-New.svg\"><\/button>\n                                    <\/li>\n                                    <li class=\"fax-no hidden\" id=\"user_fax\">\n                                        <span class=\"before-icon\" title=\"Num\u00e9ro de fax\" ><\/span>\n                                        <span class=\"fax-name\" ><\/span>\n                                        <span class=\"desktop-view after-icon\" role=\"button\" tabindex=\"0\"  aria-label=\"Copier le num\u00e9ro de fax\" data-value=\"\" ><\/span>\n                                    <\/li>\n                                    <li class=\"email-id visible\" >\n                                        <span class=\"before-icon\" title=\"Adresse e-mail\"><\/span><a href=\"mailto:henry.wheeler@ipsen.com\" id=\"user_email\">henry.wheeler@ipsen.com<\/a>\n                                        <button class=\"desktop-view after-icon\" role=\"button\" tabindex=\"0\"  aria-label=\"Copier l'adresse e-mailhenry.wheeler@ipsen.com\" data-value=\"henry.wheeler@ipsen.com\">\n                                        <img decoding=\"async\" alt=\"\" src=\"\/wp-content\/themes\/ipsen-main\/dist\/images\/Copy-Icon-New.svg\"><\/button>\n                                    <\/li>\n                                <\/ul>\n                            <\/div>\n                        <\/div>\n                    \n                        <div class=\"contact-box glider-slide  left-2 \" data-gslide=\"2\" tab-index=\"0\">\n                            <div class=\"contact-details\">\n                                <h5 role=\"heading\" aria-level=\"3\" class=\"contactName visible\">Khalid Deojee<\/h5>\n                                <p class=\"designation visible\">Responsable Principal, Relations Investisseurs <\/p>\n                                <p class=\"location cCode visible\"  data-contactId=\"77190\"> Global <\/p>\n                                                            <\/div>\n                            <p class=\"visually-hidden\"> after clicking the copy button contact informnation getting copied <\/p>\n                            <div class=\"contact-info\">\n                                <ul>                                \n                                    <li class=\"location hidden\" >\n                                        <span class=\"before-icon\" title=\"Adresse\"><\/span><span><\/span>\n                                        <button class=\"desktop-view after-icon\" aria-label=\"Copier l'adresse\" data-value=\"\" >\n                                        <img decoding=\"async\" alt=\"\" src=\"\/wp-content\/themes\/ipsen-main\/dist\/images\/Copy-Icon-New.svg\"><\/button>\n                                    <\/li>\n                                    <li class=\"mobile-no visible\" >\n                                        <span class=\"before-icon\" title=\"Num\u00e9ro de t\u00e9l\u00e9phone\"><\/span><a href=\"tel:+33 6 66 01 95 26\" id=\"user_phone\">+33 6 66 01 95 26<\/a>\n                                        <button class=\"desktop-view after-icon\" aria-label=\"Copier le num\u00e9ro de t\u00e9l\u00e9phone+33 6 66 01 95 26\" data-value=\"+33 6 66 01 95 26\" >\n                                        <img decoding=\"async\" alt=\"\" src=\"\/wp-content\/themes\/ipsen-main\/dist\/images\/Copy-Icon-New.svg\"><\/button>\n                                    <\/li>\n                                    <li class=\"fax-no hidden\" id=\"user_fax\">\n                                        <span class=\"before-icon\" title=\"Num\u00e9ro de fax\" ><\/span>\n                                        <span class=\"fax-name\" ><\/span>\n                                        <span class=\"desktop-view after-icon\" role=\"button\" tabindex=\"0\"  aria-label=\"Copier le num\u00e9ro de fax\" data-value=\"\" ><\/span>\n                                    <\/li>\n                                    <li class=\"email-id visible\" >\n                                        <span class=\"before-icon\" title=\"Adresse e-mail\"><\/span><a href=\"mailto:khalid.deojee@ipsen.com\" id=\"user_email\">khalid.deojee@ipsen.com<\/a>\n                                        <button class=\"desktop-view after-icon\" role=\"button\" tabindex=\"0\"  aria-label=\"Copier l'adresse e-mailkhalid.deojee@ipsen.com\" data-value=\"khalid.deojee@ipsen.com\">\n                                        <img decoding=\"async\" alt=\"\" src=\"\/wp-content\/themes\/ipsen-main\/dist\/images\/Copy-Icon-New.svg\"><\/button>\n                                    <\/li>\n                                <\/ul>\n                            <\/div>\n                        <\/div>\n                                <\/div> \n        <\/div>\n    <\/div>\n<\/div>        <\/div> \n    <\/section>\n","protected":false},"excerpt":{"rendered":"","protected":false},"author":11,"featured_media":0,"parent":195,"menu_order":0,"comment_status":"closed","ping_status":"closed","template":"","meta":{"_acf_changed":false,"footnotes":""},"class_list":["post-69000","page","type-page","status-publish","hentry","entry"],"acf":[],"yoast_head":"<!-- This site is optimized with the Yoast SEO plugin v26.8 - https:\/\/yoast.com\/product\/yoast-seo-wordpress\/ -->\n<title>Contacts d\u00e9di\u00e9s - Global<\/title>\n<meta name=\"robots\" content=\"index, follow, max-snippet:-1, max-image-preview:large, max-video-preview:-1\" \/>\n<link rel=\"canonical\" href=\"https:\/\/www.ipsen.com\/fr\/investisseurs\/vos-contacts\/\" \/>\n<meta property=\"og:locale\" content=\"fr_FR\" \/>\n<meta property=\"og:type\" content=\"article\" \/>\n<meta property=\"og:title\" content=\"Contacts d\u00e9di\u00e9s - Global\" \/>\n<meta property=\"og:url\" content=\"https:\/\/www.ipsen.com\/fr\/investisseurs\/vos-contacts\/\" \/>\n<meta property=\"og:site_name\" content=\"Global\" \/>\n<meta property=\"article:modified_time\" content=\"2025-08-26T07:25:23+00:00\" \/>\n<meta name=\"twitter:card\" content=\"summary_large_image\" \/>\n<meta name=\"twitter:site\" content=\"@ipsengroup\" \/>\n<script type=\"application\/ld+json\" class=\"yoast-schema-graph\">{\"@context\":\"https:\/\/schema.org\",\"@graph\":[{\"@type\":\"WebPage\",\"@id\":\"https:\/\/www.ipsen.com\/fr\/investisseurs\/vos-contacts\/\",\"url\":\"https:\/\/www.ipsen.com\/fr\/investisseurs\/vos-contacts\/\",\"name\":\"Contacts d\u00e9di\u00e9s - Global\",\"isPartOf\":{\"@id\":\"https:\/\/www.ipsen.com\/fr\/#website\"},\"datePublished\":\"2024-10-07T08:43:35+00:00\",\"dateModified\":\"2025-08-26T07:25:23+00:00\",\"breadcrumb\":{\"@id\":\"https:\/\/www.ipsen.com\/fr\/investisseurs\/vos-contacts\/#breadcrumb\"},\"inLanguage\":\"fr-FR\",\"potentialAction\":[{\"@type\":\"ReadAction\",\"target\":[\"https:\/\/www.ipsen.com\/fr\/investisseurs\/vos-contacts\/\"]}]},{\"@type\":\"BreadcrumbList\",\"@id\":\"https:\/\/www.ipsen.com\/fr\/investisseurs\/vos-contacts\/#breadcrumb\",\"itemListElement\":[{\"@type\":\"ListItem\",\"position\":1,\"name\":\"Home\",\"item\":\"https:\/\/www.ipsen.com\/fr\/home\/\"},{\"@type\":\"ListItem\",\"position\":2,\"name\":\"Investisseurs\",\"item\":\"https:\/\/www.ipsen.com\/fr\/investisseurs\/\"},{\"@type\":\"ListItem\",\"position\":3,\"name\":\"Contacts d\u00e9di\u00e9s\"}]},{\"@type\":\"WebSite\",\"@id\":\"https:\/\/www.ipsen.com\/fr\/#website\",\"url\":\"https:\/\/www.ipsen.com\/fr\/\",\"name\":\"Global\",\"description\":\"\",\"publisher\":{\"@id\":\"https:\/\/www.ipsen.com\/fr\/#organization\"},\"potentialAction\":[{\"@type\":\"SearchAction\",\"target\":{\"@type\":\"EntryPoint\",\"urlTemplate\":\"https:\/\/www.ipsen.com\/fr\/?s={search_term_string}\"},\"query-input\":{\"@type\":\"PropertyValueSpecification\",\"valueRequired\":true,\"valueName\":\"search_term_string\"}}],\"inLanguage\":\"fr-FR\"},{\"@type\":\"Organization\",\"@id\":\"https:\/\/www.ipsen.com\/fr\/#organization\",\"name\":\"IPSEN\",\"url\":\"https:\/\/www.ipsen.com\/fr\/\",\"logo\":{\"@type\":\"ImageObject\",\"inLanguage\":\"fr-FR\",\"@id\":\"https:\/\/www.ipsen.com\/fr\/#\/schema\/logo\/image\/\",\"url\":\"https:\/\/www.ipsen.com\/wp-content\/uploads\/2023\/12\/Latest_Ipsen-logo_168x48.svg\",\"contentUrl\":\"https:\/\/www.ipsen.com\/wp-content\/uploads\/2023\/12\/Latest_Ipsen-logo_168x48.svg\",\"caption\":\"IPSEN\"},\"image\":{\"@id\":\"https:\/\/www.ipsen.com\/fr\/#\/schema\/logo\/image\/\"},\"sameAs\":[\"https:\/\/www.facebook.com\/Ipsengroup\",\"https:\/\/x.com\/ipsengroup\"]}]}<\/script>\n<!-- \/ Yoast SEO plugin. -->","yoast_head_json":{"title":"Contacts d\u00e9di\u00e9s - Global","robots":{"index":"index","follow":"follow","max-snippet":"max-snippet:-1","max-image-preview":"max-image-preview:large","max-video-preview":"max-video-preview:-1"},"canonical":"https:\/\/www.ipsen.com\/fr\/investisseurs\/vos-contacts\/","og_locale":"fr_FR","og_type":"article","og_title":"Contacts d\u00e9di\u00e9s - Global","og_url":"https:\/\/www.ipsen.com\/fr\/investisseurs\/vos-contacts\/","og_site_name":"Global","article_modified_time":"2025-08-26T07:25:23+00:00","twitter_card":"summary_large_image","twitter_site":"@ipsengroup","schema":{"@context":"https:\/\/schema.org","@graph":[{"@type":"WebPage","@id":"https:\/\/www.ipsen.com\/fr\/investisseurs\/vos-contacts\/","url":"https:\/\/www.ipsen.com\/fr\/investisseurs\/vos-contacts\/","name":"Contacts d\u00e9di\u00e9s - Global","isPartOf":{"@id":"https:\/\/www.ipsen.com\/fr\/#website"},"datePublished":"2024-10-07T08:43:35+00:00","dateModified":"2025-08-26T07:25:23+00:00","breadcrumb":{"@id":"https:\/\/www.ipsen.com\/fr\/investisseurs\/vos-contacts\/#breadcrumb"},"inLanguage":"fr-FR","potentialAction":[{"@type":"ReadAction","target":["https:\/\/www.ipsen.com\/fr\/investisseurs\/vos-contacts\/"]}]},{"@type":"BreadcrumbList","@id":"https:\/\/www.ipsen.com\/fr\/investisseurs\/vos-contacts\/#breadcrumb","itemListElement":[{"@type":"ListItem","position":1,"name":"Home","item":"https:\/\/www.ipsen.com\/fr\/home\/"},{"@type":"ListItem","position":2,"name":"Investisseurs","item":"https:\/\/www.ipsen.com\/fr\/investisseurs\/"},{"@type":"ListItem","position":3,"name":"Contacts d\u00e9di\u00e9s"}]},{"@type":"WebSite","@id":"https:\/\/www.ipsen.com\/fr\/#website","url":"https:\/\/www.ipsen.com\/fr\/","name":"Global","description":"","publisher":{"@id":"https:\/\/www.ipsen.com\/fr\/#organization"},"potentialAction":[{"@type":"SearchAction","target":{"@type":"EntryPoint","urlTemplate":"https:\/\/www.ipsen.com\/fr\/?s={search_term_string}"},"query-input":{"@type":"PropertyValueSpecification","valueRequired":true,"valueName":"search_term_string"}}],"inLanguage":"fr-FR"},{"@type":"Organization","@id":"https:\/\/www.ipsen.com\/fr\/#organization","name":"IPSEN","url":"https:\/\/www.ipsen.com\/fr\/","logo":{"@type":"ImageObject","inLanguage":"fr-FR","@id":"https:\/\/www.ipsen.com\/fr\/#\/schema\/logo\/image\/","url":"https:\/\/www.ipsen.com\/wp-content\/uploads\/2023\/12\/Latest_Ipsen-logo_168x48.svg","contentUrl":"https:\/\/www.ipsen.com\/wp-content\/uploads\/2023\/12\/Latest_Ipsen-logo_168x48.svg","caption":"IPSEN"},"image":{"@id":"https:\/\/www.ipsen.com\/fr\/#\/schema\/logo\/image\/"},"sameAs":["https:\/\/www.facebook.com\/Ipsengroup","https:\/\/x.com\/ipsengroup"]}]}},"jetpack_sharing_enabled":true,"_links":{"self":[{"href":"https:\/\/www.ipsen.com\/fr\/wp-json\/wp\/v2\/pages\/69000","targetHints":{"allow":["GET"]}}],"collection":[{"href":"https:\/\/www.ipsen.com\/fr\/wp-json\/wp\/v2\/pages"}],"about":[{"href":"https:\/\/www.ipsen.com\/fr\/wp-json\/wp\/v2\/types\/page"}],"author":[{"embeddable":true,"href":"https:\/\/www.ipsen.com\/fr\/wp-json\/wp\/v2\/users\/11"}],"replies":[{"embeddable":true,"href":"https:\/\/www.ipsen.com\/fr\/wp-json\/wp\/v2\/comments?post=69000"}],"version-history":[{"count":8,"href":"https:\/\/www.ipsen.com\/fr\/wp-json\/wp\/v2\/pages\/69000\/revisions"}],"predecessor-version":[{"id":85903,"href":"https:\/\/www.ipsen.com\/fr\/wp-json\/wp\/v2\/pages\/69000\/revisions\/85903"}],"up":[{"embeddable":true,"href":"https:\/\/www.ipsen.com\/fr\/wp-json\/wp\/v2\/pages\/195"}],"wp:attachment":[{"href":"https:\/\/www.ipsen.com\/fr\/wp-json\/wp\/v2\/media?parent=69000"}],"curies":[{"name":"wp","href":"https:\/\/api.w.org\/{rel}","templated":true}]}}