{"id":217,"date":"2025-10-15T15:27:36","date_gmt":"2025-10-15T13:27:36","guid":{"rendered":"https:\/\/www.ipsen.com\/neurosciences\/"},"modified":"2025-11-05T08:01:07","modified_gmt":"2025-11-05T06:01:07","slug":"neurosciences","status":"publish","type":"page","link":"https:\/\/www.ipsen.com\/fr\/science\/neurosciences\/","title":{"rendered":"Neurosciences"},"content":{"rendered":"    <section class=\"sub-page-banner bg-color-disabled  banner-no-filter\" style=\"background: linear-gradient(93.64deg, #224A81 2.99%, #2797D3 97.01%)\">\n                <div class=\"container content-sec\">\n            <nav aria-label=\"breadcrumb\">\n            <ol class=\"breadcrumb\">\n                <li class=\"breadcrumb-item\"><a href=\"https:\/\/www.ipsen.com\/fr\/\">Accueil<\/a><\/li><li class=\"breadcrumb-item visible\"><a href=\"https:\/\/www.ipsen.com\/fr\/science\/\">Science<\/a><\/li><li class=\"breadcrumb-item active\"><a class=\"link-pointer-events-none\" href=\"#\" aria-current=\"page\">Neurosciences<\/a><\/li><\/ol>\n            <\/nav>            <h1 class=\"visible banner-font-color-white\">Neurosciences<\/h1>\n            <p class=\"visible banner-font-color-white\">Chez Ipsen, notre expertise approfondie acquise au fil des d\u00e9cennies nous permet de repousser sans cesse les limites de la science et de la fabrication pour offrir la prochaine innovation en neurosciences, red\u00e9finissant ce qui est possible, car nous croyons que chacun m\u00e9rite de vivre pleinement sa vie.<\/p>\n        <\/div>\n    <\/section>\n\n\n\n    <section class=\"title-text img-bg\">\n        <div class=\"container\">\n            <div class=\"title-text-inner\" style=\"background-image:url(https:\/\/www.ipsen.com\/wp-content\/uploads\/2025\/07\/Join-Us.png)\">\n\n                <!-- If heading is enabled then it's visible -->\n                <div class=\"text-head-dash visible\">\n                <h3 class=\"heading-three\" role=\"heading\" aria-level=\"2\">\n                        La raison d\u2019\u00eatre d\u2019Ipsen dans les neurosciences                    <\/h3>\n                <\/div>\n               \n                <!-- If description is enabled then it's visible -->\n                <div class=\"text-parbase visible\">\n                    <p><span class=\"TextRun SCXW131110291 BCX8\" lang=\"FR-FR\" xml:lang=\"FR-FR\" data-contrast=\"none\"><span class=\"NormalTextRun SCXW131110291 BCX8\" data-ccp-parastyle=\"Normal (Web)\">Notre objectif est de cr\u00e9er des traitements transformateurs qui am\u00e9liorent et prolongent les b\u00e9n\u00e9fices pour les personnes atteintes de maladies invalidantes, l\u00e0 o\u00f9 les options sont limit\u00e9es.<\/span><\/span><span class=\"LineBreakBlob BlobObject DragDrop SCXW131110291 BCX8\"><span class=\"SCXW131110291 BCX8\"><br \/>\n<\/span><br class=\"SCXW131110291 BCX8\" \/><\/span><span class=\"TextRun SCXW131110291 BCX8\" lang=\"FR-FR\" xml:lang=\"FR-FR\" data-contrast=\"none\"><span class=\"NormalTextRun SCXW131110291 BCX8\" data-ccp-parastyle=\"Normal (Web)\">En combinant notre expertise dans les toxines, notre h\u00e9ritage en neurosciences et nos capacit\u00e9s uniques de d\u00e9veloppement en bioth\u00e9rapies, nous faisons progresser l\u2019innovation.<\/span><\/span><span class=\"EOP SCXW131110291 BCX8\" data-ccp-props=\"{&quot;134233117&quot;:true,&quot;134233118&quot;:true,&quot;201341983&quot;:0,&quot;335559740&quot;:240}\">\u00a0<\/span><\/p>\n                <\/div>\n\n                <!-- If button is enabled then it's visible -->\n                \n            <\/div>\n        <\/div>\n    <\/section>\n\n\n\n<div class=\"wp-block-columns is-layout-flex wp-container-core-columns-is-layout-9d6595d7 wp-block-columns-is-layout-flex\">\n<div class=\"wp-block-column is-layout-flow wp-block-column-is-layout-flow\" style=\"flex-basis:100%\">\n<h3 class=\"wp-block-heading\"><strong>Comment Ipsen fait progresser la science avec d\u00e9termination dans les neurosciences<\/strong>&nbsp;<\/h3>\n<\/div>\n<\/div>\n\n\n\n<div class=\"wp-block-columns is-layout-flex wp-container-core-columns-is-layout-9d6595d7 wp-block-columns-is-layout-flex\">\n<div class=\"wp-block-column is-layout-flow wp-block-column-is-layout-flow\" style=\"flex-basis:1000%\"><!-- Text & Media Block Code -->\n<section class=\"two-col-section text-media-section\">\n    <div class=\"container two-section-innner \">\n        <div class=\"response-inner\" style=\"background-image: url('')\">\n            <div class=\"row \">\n                <div class=\"col-xs-12 col-sm-12 col-md-6\">\n                                                    <div class=\"img-video-section\">\n                                <img decoding=\"async\" \n                                    src=\"https:\/\/www.ipsen.com\/wp-content\/uploads\/2025\/10\/Ipsen_PBC-Page_Science-in-Fatigue-v1.png\" \n                                    alt=\"\" \n                                >\n                            <\/div>\n                                        <\/div>\n                <div class=\" col-xs-12 col-sm-12 col-md-6\">\n                    <div class=\"section-content\">\n                        <div class=\"heading-dash\">\n                                                            <span class=\"dash\"><\/span>\n                                <h4 class=\"heading-para heading-four\" role=\"heading\" aria-level=\"2\">\n                                    Notre science en neurosciences                                <\/h4>\n                                                    <\/div>\n                                                <p>Chez Ipsen, nous repoussons les limites de la science afin d&#8217;apporter aux patients les bienfaits qu&#8217;ils recherchent, car nous pensons que chacun m\u00e9rite de vivre pleinement sa vie.<\/p>\n                            <a \n                            aria-label=\" about Notre science en neurosciences\"  \n                                role=\"link\" \n                                class=\"btn-link hidden\"\n                                href=\"\" \n                                target=\"_self\"\n                            > \n                                 \n                            <\/a>\n\n                    <\/div>\n                <\/div>\n            <\/div>\n        <\/div>\n    <\/div>\n<\/section><\/div>\n<\/div>\n\n\n    <section class=\"title-text \">\n        <div class=\"container\">\n            <div class=\"title-text-inner\" style=\"background-color:#EDEBE4;\">\n\n                <!-- If heading is enabled then it's visible -->\n                <div class=\"text-head-dash visible\">\n                <h3 class=\"heading-three\" role=\"heading\" aria-level=\"2\">\n                        Rencontrez l\u2019\u00e9quipe\u00a0                    <\/h3>\n                <\/div>\n               \n                <!-- If description is enabled then it's visible -->\n                <div class=\"text-parbase visible\">\n                    <p><span data-contrast=\"none\">D\u00e9couvrez les personnes qui font avancer la R&amp;D chez Ipsen, en transformant la science en impact pour les patients, de la d\u00e9couverte \u00e0 la mise \u00e0 disposition des traitements.<\/span><\/p>\n                <\/div>\n\n                <!-- If button is enabled then it's visible -->\n                                        <div class=\"btn-txt\">\n                            <a \n                                aria-label=\"\" \n                                class=\"btn-link section-btn cta-visible\"  \n                                role=\"link\"\n                                href=\"https:\/\/www.ipsen.com\/fr\/profils\/\" target=\"_self\">\n                                En savoir plus                            <\/a>\n                        <\/div>\n                \n            <\/div>\n        <\/div>\n    <\/section>\n\n\n    <section class=\"title-text img-bg\">\n        <div class=\"container\">\n            <div class=\"title-text-inner\" style=\"background-image:url(https:\/\/www.ipsen.com\/wp-content\/uploads\/2025\/07\/Join-Us.png)\">\n\n                <!-- If heading is enabled then it's visible -->\n                <div class=\"text-head-dash visible\">\n                <h3 class=\"heading-three\" role=\"heading\" aria-level=\"2\">\n                        La science guid\u00e9e par le sens                    <\/h3>\n                <\/div>\n               \n                <!-- If description is enabled then it's visible -->\n                <div class=\"text-parbase visible\">\n                    <p data-ccp-props=\"{&quot;335551550&quot;:1,&quot;335551620&quot;:1,&quot;335559683&quot;:0,&quot;335559685&quot;:0,&quot;335559731&quot;:0,&quot;335559737&quot;:0,&quot;335562764&quot;:2,&quot;335562765&quot;:1,&quot;335562766&quot;:4,&quot;335562767&quot;:0,&quot;335562768&quot;:4,&quot;335562769&quot;:0}\"><span class=\"TextRun SCXW75530754 BCX8\" lang=\"FR-FR\" xml:lang=\"FR-FR\" data-contrast=\"none\"><span class=\"NormalTextRun SCXW75530754 BCX8\" data-ccp-parastyle=\"Normal (Web)\">Nous d\u00e9veloppons des m\u00e9dicaments en oncologie, en maladies rares et en neurosciences gr\u00e2ce \u00e0 une innovation guid\u00e9e par la science. Explorez notre domaine de l\u2019Oncologie pour d\u00e9couvrir comment nous transformons l\u2019innovation en traitement.<\/span><\/span><span class=\"LineBreakBlob BlobObject DragDrop SCXW75530754 BCX8\"><span class=\"SCXW75530754 BCX8\">\u00a0<\/span><\/span><\/p>\n                <\/div>\n\n                <!-- If button is enabled then it's visible -->\n                                        <div class=\"btn-txt\">\n                            <a \n                                aria-label=\"\" \n                                class=\"btn-link section-btn cta-visible\"  \n                                role=\"link\"\n                                href=\"https:\/\/www.ipsen.com\/fr\/science-2\/oncologie\/\" target=\"_self\">\n                                En savoir plus sur l\u2019Oncologie                            <\/a>\n                        <\/div>\n                \n            <\/div>\n        <\/div>\n    <\/section>\n","protected":false},"excerpt":{"rendered":"","protected":false},"author":97,"featured_media":0,"parent":90909,"menu_order":0,"comment_status":"closed","ping_status":"closed","template":"","meta":{"_acf_changed":false,"footnotes":""},"class_list":["post-217","page","type-page","status-publish","hentry","entry"],"acf":[],"yoast_head":"<!-- This site is optimized with the Yoast SEO plugin v26.8 - https:\/\/yoast.com\/product\/yoast-seo-wordpress\/ -->\n<title>Neurosciences chez Ipsen | Faire progresser les traitements contre les affections neurologiques<\/title>\n<meta name=\"description\" content=\"Ipsen est un leader mondial dans la recherche en neurosciences et toxines pour le traitement des troubles neurologiques.\" \/>\n<meta name=\"robots\" content=\"index, follow, max-snippet:-1, max-image-preview:large, max-video-preview:-1\" \/>\n<link rel=\"canonical\" href=\"https:\/\/www.ipsen.com\/fr\/science\/neurosciences\/\" \/>\n<meta property=\"og:locale\" content=\"fr_FR\" \/>\n<meta property=\"og:type\" content=\"article\" \/>\n<meta property=\"og:title\" content=\"Neurosciences chez Ipsen | Faire progresser les traitements contre les affections neurologiques\" \/>\n<meta property=\"og:description\" content=\"Ipsen est un leader mondial dans la recherche en neurosciences et toxines pour le traitement des troubles neurologiques.\" \/>\n<meta property=\"og:url\" content=\"https:\/\/www.ipsen.com\/fr\/science\/neurosciences\/\" \/>\n<meta property=\"og:site_name\" content=\"Global\" \/>\n<meta property=\"article:modified_time\" content=\"2025-11-05T06:01:07+00:00\" \/>\n<meta name=\"twitter:card\" content=\"summary_large_image\" \/>\n<meta name=\"twitter:site\" content=\"@ipsengroup\" \/>\n<meta name=\"twitter:label1\" content=\"Est. reading time\" \/>\n\t<meta name=\"twitter:data1\" content=\"1 minute\" \/>\n<script type=\"application\/ld+json\" class=\"yoast-schema-graph\">{\"@context\":\"https:\/\/schema.org\",\"@graph\":[{\"@type\":\"WebPage\",\"@id\":\"https:\/\/www.ipsen.com\/fr\/science\/neurosciences\/\",\"url\":\"https:\/\/www.ipsen.com\/fr\/science\/neurosciences\/\",\"name\":\"Neurosciences chez Ipsen | Faire progresser les traitements contre les affections neurologiques\",\"isPartOf\":{\"@id\":\"https:\/\/www.ipsen.com\/fr\/#website\"},\"datePublished\":\"2025-10-15T13:27:36+00:00\",\"dateModified\":\"2025-11-05T06:01:07+00:00\",\"description\":\"Ipsen est un leader mondial dans la recherche en neurosciences et toxines pour le traitement des troubles neurologiques.\",\"breadcrumb\":{\"@id\":\"https:\/\/www.ipsen.com\/fr\/science\/neurosciences\/#breadcrumb\"},\"inLanguage\":\"fr-FR\",\"potentialAction\":[{\"@type\":\"ReadAction\",\"target\":[\"https:\/\/www.ipsen.com\/fr\/science\/neurosciences\/\"]}]},{\"@type\":\"BreadcrumbList\",\"@id\":\"https:\/\/www.ipsen.com\/fr\/science\/neurosciences\/#breadcrumb\",\"itemListElement\":[{\"@type\":\"ListItem\",\"position\":1,\"name\":\"Home\",\"item\":\"https:\/\/www.ipsen.com\/fr\/home\/\"},{\"@type\":\"ListItem\",\"position\":2,\"name\":\"Science\",\"item\":\"https:\/\/www.ipsen.com\/fr\/science\/\"},{\"@type\":\"ListItem\",\"position\":3,\"name\":\"Neurosciences\"}]},{\"@type\":\"WebSite\",\"@id\":\"https:\/\/www.ipsen.com\/fr\/#website\",\"url\":\"https:\/\/www.ipsen.com\/fr\/\",\"name\":\"Global\",\"description\":\"\",\"publisher\":{\"@id\":\"https:\/\/www.ipsen.com\/fr\/#organization\"},\"potentialAction\":[{\"@type\":\"SearchAction\",\"target\":{\"@type\":\"EntryPoint\",\"urlTemplate\":\"https:\/\/www.ipsen.com\/fr\/?s={search_term_string}\"},\"query-input\":{\"@type\":\"PropertyValueSpecification\",\"valueRequired\":true,\"valueName\":\"search_term_string\"}}],\"inLanguage\":\"fr-FR\"},{\"@type\":\"Organization\",\"@id\":\"https:\/\/www.ipsen.com\/fr\/#organization\",\"name\":\"IPSEN\",\"url\":\"https:\/\/www.ipsen.com\/fr\/\",\"logo\":{\"@type\":\"ImageObject\",\"inLanguage\":\"fr-FR\",\"@id\":\"https:\/\/www.ipsen.com\/fr\/#\/schema\/logo\/image\/\",\"url\":\"https:\/\/www.ipsen.com\/wp-content\/uploads\/2023\/12\/Latest_Ipsen-logo_168x48.svg\",\"contentUrl\":\"https:\/\/www.ipsen.com\/wp-content\/uploads\/2023\/12\/Latest_Ipsen-logo_168x48.svg\",\"caption\":\"IPSEN\"},\"image\":{\"@id\":\"https:\/\/www.ipsen.com\/fr\/#\/schema\/logo\/image\/\"},\"sameAs\":[\"https:\/\/www.facebook.com\/Ipsengroup\",\"https:\/\/x.com\/ipsengroup\"]}]}<\/script>\n<!-- \/ Yoast SEO plugin. -->","yoast_head_json":{"title":"Neurosciences chez Ipsen | Faire progresser les traitements contre les affections neurologiques","description":"Ipsen est un leader mondial dans la recherche en neurosciences et toxines pour le traitement des troubles neurologiques.","robots":{"index":"index","follow":"follow","max-snippet":"max-snippet:-1","max-image-preview":"max-image-preview:large","max-video-preview":"max-video-preview:-1"},"canonical":"https:\/\/www.ipsen.com\/fr\/science\/neurosciences\/","og_locale":"fr_FR","og_type":"article","og_title":"Neurosciences chez Ipsen | Faire progresser les traitements contre les affections neurologiques","og_description":"Ipsen est un leader mondial dans la recherche en neurosciences et toxines pour le traitement des troubles neurologiques.","og_url":"https:\/\/www.ipsen.com\/fr\/science\/neurosciences\/","og_site_name":"Global","article_modified_time":"2025-11-05T06:01:07+00:00","twitter_card":"summary_large_image","twitter_site":"@ipsengroup","twitter_misc":{"Est. reading time":"1 minute"},"schema":{"@context":"https:\/\/schema.org","@graph":[{"@type":"WebPage","@id":"https:\/\/www.ipsen.com\/fr\/science\/neurosciences\/","url":"https:\/\/www.ipsen.com\/fr\/science\/neurosciences\/","name":"Neurosciences chez Ipsen | Faire progresser les traitements contre les affections neurologiques","isPartOf":{"@id":"https:\/\/www.ipsen.com\/fr\/#website"},"datePublished":"2025-10-15T13:27:36+00:00","dateModified":"2025-11-05T06:01:07+00:00","description":"Ipsen est un leader mondial dans la recherche en neurosciences et toxines pour le traitement des troubles neurologiques.","breadcrumb":{"@id":"https:\/\/www.ipsen.com\/fr\/science\/neurosciences\/#breadcrumb"},"inLanguage":"fr-FR","potentialAction":[{"@type":"ReadAction","target":["https:\/\/www.ipsen.com\/fr\/science\/neurosciences\/"]}]},{"@type":"BreadcrumbList","@id":"https:\/\/www.ipsen.com\/fr\/science\/neurosciences\/#breadcrumb","itemListElement":[{"@type":"ListItem","position":1,"name":"Home","item":"https:\/\/www.ipsen.com\/fr\/home\/"},{"@type":"ListItem","position":2,"name":"Science","item":"https:\/\/www.ipsen.com\/fr\/science\/"},{"@type":"ListItem","position":3,"name":"Neurosciences"}]},{"@type":"WebSite","@id":"https:\/\/www.ipsen.com\/fr\/#website","url":"https:\/\/www.ipsen.com\/fr\/","name":"Global","description":"","publisher":{"@id":"https:\/\/www.ipsen.com\/fr\/#organization"},"potentialAction":[{"@type":"SearchAction","target":{"@type":"EntryPoint","urlTemplate":"https:\/\/www.ipsen.com\/fr\/?s={search_term_string}"},"query-input":{"@type":"PropertyValueSpecification","valueRequired":true,"valueName":"search_term_string"}}],"inLanguage":"fr-FR"},{"@type":"Organization","@id":"https:\/\/www.ipsen.com\/fr\/#organization","name":"IPSEN","url":"https:\/\/www.ipsen.com\/fr\/","logo":{"@type":"ImageObject","inLanguage":"fr-FR","@id":"https:\/\/www.ipsen.com\/fr\/#\/schema\/logo\/image\/","url":"https:\/\/www.ipsen.com\/wp-content\/uploads\/2023\/12\/Latest_Ipsen-logo_168x48.svg","contentUrl":"https:\/\/www.ipsen.com\/wp-content\/uploads\/2023\/12\/Latest_Ipsen-logo_168x48.svg","caption":"IPSEN"},"image":{"@id":"https:\/\/www.ipsen.com\/fr\/#\/schema\/logo\/image\/"},"sameAs":["https:\/\/www.facebook.com\/Ipsengroup","https:\/\/x.com\/ipsengroup"]}]}},"jetpack_sharing_enabled":true,"_links":{"self":[{"href":"https:\/\/www.ipsen.com\/fr\/wp-json\/wp\/v2\/pages\/217","targetHints":{"allow":["GET"]}}],"collection":[{"href":"https:\/\/www.ipsen.com\/fr\/wp-json\/wp\/v2\/pages"}],"about":[{"href":"https:\/\/www.ipsen.com\/fr\/wp-json\/wp\/v2\/types\/page"}],"author":[{"embeddable":true,"href":"https:\/\/www.ipsen.com\/fr\/wp-json\/wp\/v2\/users\/97"}],"replies":[{"embeddable":true,"href":"https:\/\/www.ipsen.com\/fr\/wp-json\/wp\/v2\/comments?post=217"}],"version-history":[{"count":93,"href":"https:\/\/www.ipsen.com\/fr\/wp-json\/wp\/v2\/pages\/217\/revisions"}],"predecessor-version":[{"id":93018,"href":"https:\/\/www.ipsen.com\/fr\/wp-json\/wp\/v2\/pages\/217\/revisions\/93018"}],"up":[{"embeddable":true,"href":"https:\/\/www.ipsen.com\/fr\/wp-json\/wp\/v2\/pages\/90909"}],"wp:attachment":[{"href":"https:\/\/www.ipsen.com\/fr\/wp-json\/wp\/v2\/media?parent=217"}],"curies":[{"name":"wp","href":"https:\/\/api.w.org\/{rel}","templated":true}]}}