{"id":20004,"date":"2023-04-27T06:03:35","date_gmt":"2023-04-27T04:03:35","guid":{"rendered":"https:\/\/www.ipsen.com\/patients\/collaborate-with-us\/"},"modified":"2025-07-29T16:23:32","modified_gmt":"2025-07-29T14:23:32","slug":"collaborez-avec-nous","status":"publish","type":"page","link":"https:\/\/www.ipsen.com\/fr\/patients\/collaborez-avec-nous\/","title":{"rendered":"Collaborez avec nous"},"content":{"rendered":"    <section class=\"sub-page-banner bg-img\" style=\"background-image:url(https:\/\/www.ipsen.com\/wp-content\/uploads\/2025\/07\/Patients-Collaborate-with-us.jpg)\">\n        <div class=\"container content-sec\">\n            <nav aria-label=\"breadcrumb\">\n            <ol class=\"breadcrumb\">\n                <li class=\"breadcrumb-item\"><a href=\"https:\/\/www.ipsen.com\/fr\/\">Accueil<\/a><\/li><li class=\"breadcrumb-item visible\"><a href=\"https:\/\/www.ipsen.com\/fr\/patients\/\">Patients<\/a><\/li><li class=\"breadcrumb-item active\"><a class=\"link-pointer-events-none\" href=\"#\" aria-current=\"page\">Collaborez avec nous<\/a><\/li><\/ol>\n            <\/nav>            <h1 class=\"visible\">Collaborez avec nous<\/h1>\n            <p class=\"visible\">Nous sommes toujours \u00e0 la recherche d&#8217;opportunit\u00e9s pour cr\u00e9er de nouveaux partenariats<\/p>\n        <\/div>\n    <\/section>\n\n\n\n<div class=\"wp-block-columns alignfull is-layout-flex wp-container-core-columns-is-layout-9d6595d7 wp-block-columns-is-layout-flex\">\n<div class=\"wp-block-column is-layout-flow wp-block-column-is-layout-flow\" style=\"flex-basis:100%\">\n<div class=\"wp-block-group\"><div class=\"wp-block-group__inner-container is-layout-constrained wp-block-group-is-layout-constrained\">\n<h3 class=\"wp-block-heading\">Collaborer avec la communaut\u00e9 de patients<\/h3>\n\n\n\n<p>Toujours \u00e0 la recherche d&#8217;opportunit\u00e9s de nouer de nouveaux partenariats, nous collaborons avec les patients et les associations de patients pour d\u00e9velopper ensemble des solutions qui auront un impact \u00e0 long terme.<\/p>\n\n\n\n<figure class=\"wp-block-image size-full\"><img loading=\"lazy\" decoding=\"async\" width=\"1563\" height=\"723\" src=\"https:\/\/www.ipsen.com\/wp-content\/uploads\/2025\/07\/Patient-page-FR.jpg\" alt=\"\" class=\"wp-image-84475\" srcset=\"https:\/\/www.ipsen.com\/wp-content\/uploads\/2025\/07\/Patient-page-FR.jpg 1563w, https:\/\/www.ipsen.com\/wp-content\/uploads\/2025\/07\/Patient-page-FR.jpg?resize=150,69 150w, https:\/\/www.ipsen.com\/wp-content\/uploads\/2025\/07\/Patient-page-FR.jpg?resize=300,139 300w, https:\/\/www.ipsen.com\/wp-content\/uploads\/2025\/07\/Patient-page-FR.jpg?resize=768,355 768w, https:\/\/www.ipsen.com\/wp-content\/uploads\/2025\/07\/Patient-page-FR.jpg?resize=1024,474 1024w, https:\/\/www.ipsen.com\/wp-content\/uploads\/2025\/07\/Patient-page-FR.jpg?resize=1536,711 1536w\" sizes=\"auto, (max-width: 1563px) 100vw, 1563px\" \/><\/figure>\n\n\n\n<div style=\"height:47px\" aria-hidden=\"true\" class=\"wp-block-spacer\"><\/div>\n\n\n\n<p>Chez Ipsen, nous travaillons avec les patients, pour les patients. Ensemble, nous collaborons pour apporter les derni\u00e8res innovations et am\u00e9liorer l&#8217;acc\u00e8s \u00e0 l&#8217;information, en tenant compte des priorit\u00e9s des patients.<\/p>\n<\/div><\/div>\n\n\n    <section class=\"title-text \">\n        <div class=\"container\">\n            <div class=\"title-text-inner\" style=\"background-color:#EDEBE4;\">\n\n                <!-- If heading is enabled then it's visible -->\n                <div class=\"text-head-dash visible\">\n                <h3 class=\"heading-three\" role=\"heading\" aria-level=\"2\">\n                        Nous Travaillons Avec Les Patients, Pour Les Patients                    <\/h3>\n                <\/div>\n               \n                <!-- If description is enabled then it's visible -->\n                <div class=\"text-parbase visible\">\n                    <p><strong>Lorsque nous affirmons que nous travaillons avec les patients, pour les patients, qu&#8217;est-ce que cela signifie concr\u00e8tement\u00a0?<\/strong><\/p>\n<p>Cela signifie que nous veillons constamment \u00e0 ce que les patients et les associations de patients aient voix au chapitre dans tout ce que nous faisons. Nous entendons par l\u00e0 une interaction significative, dynamique et collaborative entre les associations de patients, les patients, leurs familles, leurs partenaires de sant\u00e9 et les chercheurs \u00e0 toutes les \u00e9tapes de la recherche et du d\u00e9veloppement de produits de sant\u00e9. Nous nous assurons de permettre aux patients de contribuer en tant que partenaires, en tenant compte de leurs exp\u00e9riences, de leurs valeurs et de leurs expertises sp\u00e9cifiques.<\/p>\n<p>Nous commen\u00e7ons par \u00e9couter les patients, pour mieux comprendre et int\u00e9grer leurs points de vue \u00e0 chaque \u00e9tape du processus de d\u00e9veloppement du m\u00e9dicament, avec l&#8217;ambition ultime d&#8217;am\u00e9liorer leur exp\u00e9rience.<\/p>\n<p>S&#8217;agissant de nos partenariats, nous nous effor\u00e7ons constamment d&#8217;am\u00e9liorer nos relations avec les associations de patients et les communaut\u00e9s qu&#8217;elles repr\u00e9sentent en leur demandant comment nous pouvons faire mieux.<\/p>\n<p><em>Si vous avez un projet dont vous pensez qu\u2019il pourrait faire l\u2019objet d\u2019une collaboration avec Ipsen, nous serions ravis d&#8217;\u00e9changer avec vous.<\/em><\/p>\n                <\/div>\n\n                <!-- If button is enabled then it's visible -->\n                \n            <\/div>\n        <\/div>\n    <\/section>\n\n\n\n<h3 class=\"wp-block-heading\">Pilliers de collaboration<\/h3>\n\n\n<!-- Text & Media Block Code -->\n<section class=\"two-col-section text-media-section\">\n    <div class=\"container two-section-innner \">\n        <div class=\"response-inner\" style=\"background-image: url('')\">\n            <div class=\"row \">\n                <div class=\"col-xs-12 col-sm-12 col-md-6\">\n                                                    <div class=\"img-video-section\">\n                                <img decoding=\"async\" \n                                    src=\"https:\/\/www.ipsen.com\/wp-content\/uploads\/2025\/07\/Patient-page-FR-2.jpg\" \n                                    alt=\"\" \n                                >\n                            <\/div>\n                                        <\/div>\n                <div class=\" col-xs-12 col-sm-12 col-md-6\">\n                    <div class=\"section-content\">\n                        <div class=\"heading-dash\">\n                                                            <span class=\"dash\"><\/span>\n                                <h4 class=\"heading-para heading-four\" role=\"heading\" aria-level=\"2\">\n                                    Conversation                                <\/h4>\n                                                    <\/div>\n                                                <p>Lors du d\u00e9veloppement de nouveaux m\u00e9dicaments, nous entamons un dialogue avec les patients le plus t\u00f4t possible pour les \u00e9couter et mieux comprendre quels programmes et supports seraient les plus adapt\u00e9s pour am\u00e9liorer leurs exp\u00e9riences dans les essais cliniques et au-del\u00e0.<\/p>\n                            <a \n                            aria-label=\" about Conversation\"  \n                                role=\"link\" \n                                class=\"btn-link hidden\"\n                                href=\"\" \n                                target=\"_self\"\n                            > \n                                 \n                            <\/a>\n\n                    <\/div>\n                <\/div>\n            <\/div>\n        <\/div>\n    <\/div>\n<\/section>\n\n<!-- Text & Media Block Code -->\n<section class=\"two-col-section text-media-section\">\n    <div class=\"container two-section-innner section-reverse\">\n        <div class=\"response-inner\" style=\"background-image: url('')\">\n            <div class=\"row section-reverse\">\n                <div class=\"col-xs-12 col-sm-12 col-md-6\">\n                                                    <div class=\"img-video-section\">\n                                <img decoding=\"async\" \n                                    src=\"https:\/\/www.ipsen.com\/wp-content\/uploads\/2025\/07\/Patient-page-FR-3.jpg\" \n                                    alt=\"\" \n                                >\n                            <\/div>\n                                        <\/div>\n                <div class=\" col-xs-12 col-sm-12 col-md-6\">\n                    <div class=\"section-content\">\n                        <div class=\"heading-dash\">\n                                                            <span class=\"dash\"><\/span>\n                                <h4 class=\"heading-para heading-four\" role=\"heading\" aria-level=\"2\">\n                                    Collaboration                                <\/h4>\n                                                    <\/div>\n                                                <p>Nous collaborons avec des associations de patients dans le monde entier. Nous sommes convaincus qu&#8217;une collaboration efficace repose sur la prise en compte du point de vue des patients au m\u00eame titre que celui des autres parties prenantes cl\u00e9s.<\/p>\n                            <a \n                            aria-label=\" about Collaboration\"  \n                                role=\"link\" \n                                class=\"btn-link hidden\"\n                                href=\"\" \n                                target=\"_self\"\n                            > \n                                 \n                            <\/a>\n\n                    <\/div>\n                <\/div>\n            <\/div>\n        <\/div>\n    <\/div>\n<\/section>\n\n<!-- Text & Media Block Code -->\n<section class=\"two-col-section text-media-section\">\n    <div class=\"container two-section-innner \">\n        <div class=\"response-inner\" style=\"background-image: url('')\">\n            <div class=\"row \">\n                <div class=\"col-xs-12 col-sm-12 col-md-6\">\n                                                    <div class=\"img-video-section\">\n                                <img decoding=\"async\" \n                                    src=\"https:\/\/www.ipsen.com\/wp-content\/uploads\/2025\/07\/Patient-page-FR-4.jpg\" \n                                    alt=\"\" \n                                >\n                            <\/div>\n                                        <\/div>\n                <div class=\" col-xs-12 col-sm-12 col-md-6\">\n                    <div class=\"section-content\">\n                        <div class=\"heading-dash\">\n                                                            <span class=\"dash\"><\/span>\n                                <h4 class=\"heading-para heading-four\" role=\"heading\" aria-level=\"2\">\n                                    Transformation                                <\/h4>\n                                                    <\/div>\n                                                <p>Du laboratoire au monde r\u00e9el, nous recueillons des preuves et des donn\u00e9es sur la qualit\u00e9 de vie des patients qui garantissent que nos d\u00e9couvertes scientifiques r\u00e9pondront \u00e0 leurs besoins.<\/p>\n                            <a \n                            aria-label=\" about Transformation\"  \n                                role=\"link\" \n                                class=\"btn-link hidden\"\n                                href=\"\" \n                                target=\"_self\"\n                            > \n                                 \n                            <\/a>\n\n                    <\/div>\n                <\/div>\n            <\/div>\n        <\/div>\n    <\/div>\n<\/section><\/div>\n<\/div>\n","protected":false},"excerpt":{"rendered":"","protected":false},"author":2,"featured_media":0,"parent":225,"menu_order":0,"comment_status":"closed","ping_status":"closed","template":"","meta":{"_acf_changed":false,"footnotes":""},"class_list":["post-20004","page","type-page","status-publish","hentry","entry"],"acf":[],"yoast_head":"<!-- This site is optimized with the Yoast SEO plugin v26.8 - https:\/\/yoast.com\/product\/yoast-seo-wordpress\/ -->\n<title>Collaborez avec nous | Programme Ipsen de collaboration avec les patients<\/title>\n<meta name=\"description\" content=\"Chez Ipsen, nous collaborons avec les patients et les associations de patients pour d\u00e9velopper ensemble des solutions qui auront un impact \u00e0 long terme.\" \/>\n<meta name=\"robots\" content=\"index, follow, max-snippet:-1, max-image-preview:large, max-video-preview:-1\" \/>\n<link rel=\"canonical\" href=\"https:\/\/www.ipsen.com\/fr\/patients\/collaborez-avec-nous\/\" \/>\n<meta property=\"og:locale\" content=\"fr_FR\" \/>\n<meta property=\"og:type\" content=\"article\" \/>\n<meta property=\"og:title\" content=\"Collaborez avec nous | Programme Ipsen de collaboration avec les patients\" \/>\n<meta property=\"og:description\" content=\"Chez Ipsen, nous collaborons avec les patients et les associations de patients pour d\u00e9velopper ensemble des solutions qui auront un impact \u00e0 long terme.\" \/>\n<meta property=\"og:url\" content=\"https:\/\/www.ipsen.com\/fr\/patients\/collaborez-avec-nous\/\" \/>\n<meta property=\"og:site_name\" content=\"Global\" \/>\n<meta property=\"article:modified_time\" content=\"2025-07-29T14:23:32+00:00\" \/>\n<meta property=\"og:image\" content=\"https:\/\/www.ipsen.com\/wp-content\/uploads\/2025\/07\/Patient-page-FR.jpg\" \/>\n<meta name=\"twitter:card\" content=\"summary_large_image\" \/>\n<meta name=\"twitter:site\" content=\"@ipsengroup\" \/>\n<meta name=\"twitter:label1\" content=\"Est. reading time\" \/>\n\t<meta name=\"twitter:data1\" content=\"1 minute\" \/>\n<script type=\"application\/ld+json\" class=\"yoast-schema-graph\">{\"@context\":\"https:\/\/schema.org\",\"@graph\":[{\"@type\":\"WebPage\",\"@id\":\"https:\/\/www.ipsen.com\/fr\/patients\/collaborez-avec-nous\/\",\"url\":\"https:\/\/www.ipsen.com\/fr\/patients\/collaborez-avec-nous\/\",\"name\":\"Collaborez avec nous | Programme Ipsen de collaboration avec les patients\",\"isPartOf\":{\"@id\":\"https:\/\/www.ipsen.com\/fr\/#website\"},\"primaryImageOfPage\":{\"@id\":\"https:\/\/www.ipsen.com\/fr\/patients\/collaborez-avec-nous\/#primaryimage\"},\"image\":{\"@id\":\"https:\/\/www.ipsen.com\/fr\/patients\/collaborez-avec-nous\/#primaryimage\"},\"thumbnailUrl\":\"https:\/\/www.ipsen.com\/wp-content\/uploads\/2025\/07\/Patient-page-FR.jpg\",\"datePublished\":\"2023-04-27T04:03:35+00:00\",\"dateModified\":\"2025-07-29T14:23:32+00:00\",\"description\":\"Chez Ipsen, nous collaborons avec les patients et les associations de patients pour d\u00e9velopper ensemble des solutions qui auront un impact \u00e0 long terme.\",\"breadcrumb\":{\"@id\":\"https:\/\/www.ipsen.com\/fr\/patients\/collaborez-avec-nous\/#breadcrumb\"},\"inLanguage\":\"fr-FR\",\"potentialAction\":[{\"@type\":\"ReadAction\",\"target\":[\"https:\/\/www.ipsen.com\/fr\/patients\/collaborez-avec-nous\/\"]}]},{\"@type\":\"ImageObject\",\"inLanguage\":\"fr-FR\",\"@id\":\"https:\/\/www.ipsen.com\/fr\/patients\/collaborez-avec-nous\/#primaryimage\",\"url\":\"https:\/\/www.ipsen.com\/wp-content\/uploads\/2025\/07\/Patient-page-FR.jpg\",\"contentUrl\":\"https:\/\/www.ipsen.com\/wp-content\/uploads\/2025\/07\/Patient-page-FR.jpg\"},{\"@type\":\"BreadcrumbList\",\"@id\":\"https:\/\/www.ipsen.com\/fr\/patients\/collaborez-avec-nous\/#breadcrumb\",\"itemListElement\":[{\"@type\":\"ListItem\",\"position\":1,\"name\":\"Home\",\"item\":\"https:\/\/www.ipsen.com\/fr\/\"},{\"@type\":\"ListItem\",\"position\":2,\"name\":\"Patients\",\"item\":\"https:\/\/www.ipsen.com\/fr\/patients\/\"},{\"@type\":\"ListItem\",\"position\":3,\"name\":\"Collaborez avec nous\"}]},{\"@type\":\"WebSite\",\"@id\":\"https:\/\/www.ipsen.com\/fr\/#website\",\"url\":\"https:\/\/www.ipsen.com\/fr\/\",\"name\":\"Global\",\"description\":\"\",\"publisher\":{\"@id\":\"https:\/\/www.ipsen.com\/fr\/#organization\"},\"potentialAction\":[{\"@type\":\"SearchAction\",\"target\":{\"@type\":\"EntryPoint\",\"urlTemplate\":\"https:\/\/www.ipsen.com\/fr\/?s={search_term_string}\"},\"query-input\":{\"@type\":\"PropertyValueSpecification\",\"valueRequired\":true,\"valueName\":\"search_term_string\"}}],\"inLanguage\":\"fr-FR\"},{\"@type\":\"Organization\",\"@id\":\"https:\/\/www.ipsen.com\/fr\/#organization\",\"name\":\"IPSEN\",\"url\":\"https:\/\/www.ipsen.com\/fr\/\",\"logo\":{\"@type\":\"ImageObject\",\"inLanguage\":\"fr-FR\",\"@id\":\"https:\/\/www.ipsen.com\/fr\/#\/schema\/logo\/image\/\",\"url\":\"https:\/\/www.ipsen.com\/wp-content\/uploads\/2023\/12\/Latest_Ipsen-logo_168x48.svg\",\"contentUrl\":\"https:\/\/www.ipsen.com\/wp-content\/uploads\/2023\/12\/Latest_Ipsen-logo_168x48.svg\",\"caption\":\"IPSEN\"},\"image\":{\"@id\":\"https:\/\/www.ipsen.com\/fr\/#\/schema\/logo\/image\/\"},\"sameAs\":[\"https:\/\/www.facebook.com\/Ipsengroup\",\"https:\/\/x.com\/ipsengroup\"]}]}<\/script>\n<!-- \/ Yoast SEO plugin. -->","yoast_head_json":{"title":"Collaborez avec nous | Programme Ipsen de collaboration avec les patients","description":"Chez Ipsen, nous collaborons avec les patients et les associations de patients pour d\u00e9velopper ensemble des solutions qui auront un impact \u00e0 long terme.","robots":{"index":"index","follow":"follow","max-snippet":"max-snippet:-1","max-image-preview":"max-image-preview:large","max-video-preview":"max-video-preview:-1"},"canonical":"https:\/\/www.ipsen.com\/fr\/patients\/collaborez-avec-nous\/","og_locale":"fr_FR","og_type":"article","og_title":"Collaborez avec nous | Programme Ipsen de collaboration avec les patients","og_description":"Chez Ipsen, nous collaborons avec les patients et les associations de patients pour d\u00e9velopper ensemble des solutions qui auront un impact \u00e0 long terme.","og_url":"https:\/\/www.ipsen.com\/fr\/patients\/collaborez-avec-nous\/","og_site_name":"Global","article_modified_time":"2025-07-29T14:23:32+00:00","og_image":[{"url":"https:\/\/www.ipsen.com\/wp-content\/uploads\/2025\/07\/Patient-page-FR.jpg","type":"","width":"","height":""}],"twitter_card":"summary_large_image","twitter_site":"@ipsengroup","twitter_misc":{"Est. reading time":"1 minute"},"schema":{"@context":"https:\/\/schema.org","@graph":[{"@type":"WebPage","@id":"https:\/\/www.ipsen.com\/fr\/patients\/collaborez-avec-nous\/","url":"https:\/\/www.ipsen.com\/fr\/patients\/collaborez-avec-nous\/","name":"Collaborez avec nous | Programme Ipsen de collaboration avec les patients","isPartOf":{"@id":"https:\/\/www.ipsen.com\/fr\/#website"},"primaryImageOfPage":{"@id":"https:\/\/www.ipsen.com\/fr\/patients\/collaborez-avec-nous\/#primaryimage"},"image":{"@id":"https:\/\/www.ipsen.com\/fr\/patients\/collaborez-avec-nous\/#primaryimage"},"thumbnailUrl":"https:\/\/www.ipsen.com\/wp-content\/uploads\/2025\/07\/Patient-page-FR.jpg","datePublished":"2023-04-27T04:03:35+00:00","dateModified":"2025-07-29T14:23:32+00:00","description":"Chez Ipsen, nous collaborons avec les patients et les associations de patients pour d\u00e9velopper ensemble des solutions qui auront un impact \u00e0 long terme.","breadcrumb":{"@id":"https:\/\/www.ipsen.com\/fr\/patients\/collaborez-avec-nous\/#breadcrumb"},"inLanguage":"fr-FR","potentialAction":[{"@type":"ReadAction","target":["https:\/\/www.ipsen.com\/fr\/patients\/collaborez-avec-nous\/"]}]},{"@type":"ImageObject","inLanguage":"fr-FR","@id":"https:\/\/www.ipsen.com\/fr\/patients\/collaborez-avec-nous\/#primaryimage","url":"https:\/\/www.ipsen.com\/wp-content\/uploads\/2025\/07\/Patient-page-FR.jpg","contentUrl":"https:\/\/www.ipsen.com\/wp-content\/uploads\/2025\/07\/Patient-page-FR.jpg"},{"@type":"BreadcrumbList","@id":"https:\/\/www.ipsen.com\/fr\/patients\/collaborez-avec-nous\/#breadcrumb","itemListElement":[{"@type":"ListItem","position":1,"name":"Home","item":"https:\/\/www.ipsen.com\/fr\/"},{"@type":"ListItem","position":2,"name":"Patients","item":"https:\/\/www.ipsen.com\/fr\/patients\/"},{"@type":"ListItem","position":3,"name":"Collaborez avec nous"}]},{"@type":"WebSite","@id":"https:\/\/www.ipsen.com\/fr\/#website","url":"https:\/\/www.ipsen.com\/fr\/","name":"Global","description":"","publisher":{"@id":"https:\/\/www.ipsen.com\/fr\/#organization"},"potentialAction":[{"@type":"SearchAction","target":{"@type":"EntryPoint","urlTemplate":"https:\/\/www.ipsen.com\/fr\/?s={search_term_string}"},"query-input":{"@type":"PropertyValueSpecification","valueRequired":true,"valueName":"search_term_string"}}],"inLanguage":"fr-FR"},{"@type":"Organization","@id":"https:\/\/www.ipsen.com\/fr\/#organization","name":"IPSEN","url":"https:\/\/www.ipsen.com\/fr\/","logo":{"@type":"ImageObject","inLanguage":"fr-FR","@id":"https:\/\/www.ipsen.com\/fr\/#\/schema\/logo\/image\/","url":"https:\/\/www.ipsen.com\/wp-content\/uploads\/2023\/12\/Latest_Ipsen-logo_168x48.svg","contentUrl":"https:\/\/www.ipsen.com\/wp-content\/uploads\/2023\/12\/Latest_Ipsen-logo_168x48.svg","caption":"IPSEN"},"image":{"@id":"https:\/\/www.ipsen.com\/fr\/#\/schema\/logo\/image\/"},"sameAs":["https:\/\/www.facebook.com\/Ipsengroup","https:\/\/x.com\/ipsengroup"]}]}},"jetpack_sharing_enabled":true,"_links":{"self":[{"href":"https:\/\/www.ipsen.com\/fr\/wp-json\/wp\/v2\/pages\/20004","targetHints":{"allow":["GET"]}}],"collection":[{"href":"https:\/\/www.ipsen.com\/fr\/wp-json\/wp\/v2\/pages"}],"about":[{"href":"https:\/\/www.ipsen.com\/fr\/wp-json\/wp\/v2\/types\/page"}],"author":[{"embeddable":true,"href":"https:\/\/www.ipsen.com\/fr\/wp-json\/wp\/v2\/users\/2"}],"replies":[{"embeddable":true,"href":"https:\/\/www.ipsen.com\/fr\/wp-json\/wp\/v2\/comments?post=20004"}],"version-history":[{"count":40,"href":"https:\/\/www.ipsen.com\/fr\/wp-json\/wp\/v2\/pages\/20004\/revisions"}],"predecessor-version":[{"id":84499,"href":"https:\/\/www.ipsen.com\/fr\/wp-json\/wp\/v2\/pages\/20004\/revisions\/84499"}],"up":[{"embeddable":true,"href":"https:\/\/www.ipsen.com\/fr\/wp-json\/wp\/v2\/pages\/225"}],"wp:attachment":[{"href":"https:\/\/www.ipsen.com\/fr\/wp-json\/wp\/v2\/media?parent=20004"}],"curies":[{"name":"wp","href":"https:\/\/api.w.org\/{rel}","templated":true}]}}