{"id":18215,"date":"2023-04-28T09:35:43","date_gmt":"2023-04-28T07:35:43","guid":{"rendered":"https:\/\/www.ipsen.com\/?page_id=18215"},"modified":"2026-04-01T12:09:25","modified_gmt":"2026-04-01T10:09:25","slug":"notre-culture","status":"publish","type":"page","link":"https:\/\/www.ipsen.com\/fr\/carrieres\/notre-culture\/","title":{"rendered":"Notre culture"},"content":{"rendered":"    <section class=\"sub-page-banner bg-img\" style=\"background-image:url(https:\/\/www.ipsen.com\/wp-content\/uploads\/2025\/07\/Careers-Our-Culture.jpg)\">\n        <div class=\"container content-sec\">\n            <nav aria-label=\"breadcrumb\">\n            <ol class=\"breadcrumb\">\n                <li class=\"breadcrumb-item\"><a href=\"https:\/\/www.ipsen.com\/fr\/\">Accueil<\/a><\/li><li class=\"breadcrumb-item visible\"><a href=\"https:\/\/www.ipsen.com\/fr\/carrieres\/\">Carri\u00e8res<\/a><\/li><li class=\"breadcrumb-item active\"><a class=\"link-pointer-events-none\" href=\"#\" aria-current=\"page\">Notre culture<\/a><\/li><\/ol>\n            <\/nav>            <h1 class=\"visible\">Notre culture<\/h1>\n            <p class=\"visible\">Creating real impacting for patients and society.<\/p>\n        <\/div>\n    <\/section>\n\n\n\t<!-- Hero Carousel Start Here-->\n\t<section class=\"hero-section no-filter\">\n\t\t<div class=\"hero_gridwidth container\"><!-- container class shown if gridlayout choosen -->\n\t\t\t<div id=\"heroCarousel\" class=\"carousel slide herocaro hero-banner-no-bg-image\" data-bs-ride=\"carousel\" data-enableplaybtn=\"1\" data-autoplay= \"\"  data-autospeed= \"\" >\n\t\t\t\t<!-- Slider Indicator-->\n\t\t\t\t<div class=\"carousel-indicators hidden\">\n\t\t\t\t<button type=\"button\" data-bs-target=\"#heroCarousel\" data-bs-slide-to=\"0\" class=\"active\" aria-current=\"true\" aria-label=\"Slide 0\"><\/button>\t\t\t\t<\/div>\n\t\t\t\t<!-- Items -->\n\t\t\t\t<div class=\"carousel-inner\">\n\t\t\t\t\t\t\n\t\t\t\t\t\t<!-- Hero Banner with carousel HTML -->\n\t\t\t\t\t\t<div class=\"carousel-item active banner-no-filter\">\n\n\t\t\t\t\t\t\t\t\t\t\t\t\t\t\t<img decoding=\"async\" class=\"bd-placeholder-img visible\" alt=\"Never in silos. Always together CREATING REAL IMPACT EVERY DAY for patients &#038; society\" width=\"100%\" height=\"100%\" src=\"https:\/\/www.ipsen.com\/wp-content\/uploads\/2023\/05\/Website-EVP-top-banner_2025-branding-FR-scaled.png\" \/> \n\t\t\t\t\t\t\t\n\t\t\t\t\t\t\t\t\n\n\t\t\t\t\t\t\t<div class=\"container align-left\">\n\t\t\t\t\t\t\t\t<div class=\"carousel-caption\">\n\t\t\t\t\t\t\t\t\t<h1 class=\"visible text-start heading-one banner-font-color-blue\">\n\t\t\t\t\t\t\t\t\t\t\t\t\t\t\t\t\t\t\t<\/h1>\n\t\t\t\t\t\t\t\t\t<div class=\"visible text-start banner-font-color-blue\"><\/div>\n\t\t\t\t\t\t\t\t\t\n\t\t\t\t\t\t\t\t\t\t\t\t\t\t\t\t\t\t\n\t\t\t\t\t\t\t\t<\/div>\n\t\t\t\t\t\t\t<\/div>\n\t\t\t\t\t\t<\/div>\n\n\t\t\t\t\t\t\t\t\t<\/div>\n\t\t\t\t\n\t\t\t\t\t\t\t\t\t<div id=\"carouselButtons\" class=\"hidden visible\">\n\t\t\t\t\t\t<button id=\"playButton\" class=\"hidden\" aria-label=\"Diapositive suivante\" type=\"button\"><\/button>\n\t\t\t\t\t\t<button id=\"pauseButton\" aria-label=\"Diapositive suivante\" type=\"button\"><\/button>\n\t\t\t\t\t<\/div>\n\t\t\t\t\n\t\t\t<\/div>\n\t\t<\/div>\n\t<\/section>\n\t<!-- Hero Carousel End Here-->\n  \n\n\t<!-- Ipsen Quotes Start -->\n\t<section class=\"quotes-section\" aria-label=\"quotes-section\">\n\t\t<div class=\"container\">\n\t\t\t\t\t\t<div class=\"quote-sec-inner\"    >\n\t\t\t\t\t<div class=\"row\">\n\t\t\t\t\t\t\t\t\t\t\t\t<div class=\"column-1 col-xl-4 col-md-6 col-xs-12 \">\n\t\t\t\t\t\t\t\t\t\t\t\t\t\t\t\t\t\t<div class=\"quote-img\">\n\t\t\t\t\t\t\t\t\t\t\t<img \n\t\t\t\t\t\t\t\t\t\t\t\tsrc=\"https:\/\/www.ipsen.com\/wp-content\/uploads\/2026\/04\/regis.png\" \n\t\t\t\t\t\t\t\t\t\t\t\talt=\"\"\n\t\t\t\t\t\t\t\t\t\t\t>\n\t\t\t\t\t\t\t\t\t\t<\/div>\n\t\t\t\t\t\t\t\t\t\t\t\t\t\t\t<\/div>\n\t\t\t\t\t\t\t<div class=\"column-2 col-xl-8 col-md-6 col-xs-12 \">\n\t\t\t\t\t\t\t\t<div class=\"quote-content\">\n\t\t\t\t\t\t\t\t\t<div class=\"quote-para \">\n\t\t\t\t\t\t\t\t\t\t<p class=\"para\">\n\t\t\t\t\t\t\t\t\t\t\t<p>Notre entreprise est en forte croissance. Nous transformons Ipsen pour devenir une entreprise biopharmaceutique leader au niveau mondial, focalis\u00e9e sur l\u2019innovation et la m\u00e9decine de sp\u00e9cialit\u00e9 en oncologie, dans les maladies rares et en neurosciences. Nous poursuivrons notre transformation \u00e0 travers le leadership, les collaborateurs et la culture d\u2019Ipsen. Notre vision est de soutenir la capacit\u00e9 de nos collaborateurs \u00e0 produire un impact r\u00e9el, au b\u00e9n\u00e9fice des patients, de la soci\u00e9t\u00e9 et de l\u2019environnement. Pour y parvenir, nous investissons dans le d\u00e9veloppement professionnel de chacun et encourageons la diversit\u00e9 et l&#8217;inclusion, avec une culture ouverte, respectueuse et \u00e9thique.<\/p>\n\t\t\t\t\t\t\t\t\t\t<\/p>\n\t\t\t\t\t\t\t\t\t<\/div>\n\t\t\t\t\t\t\t\t\t<div class=\"quote-sign-div\">\n\t\t\t\t\t\t\t\t\t\t<div class=\"quote-author-div\">\n\t\t\t\t\t\t\t\t\t\t\t<div class=\"quote-dash-div\">\n\t\t\t\t\t\t\t\t\t\t\t\t<span class=\"quote-dash\">\n\n\t\t\t\t\t\t\t\t\t\t\t\t<\/span>\n\t\t\t\t\t\t\t\t\t\t\t\t\t\t\n\t\t\t\t\t\t\t\t\t\t\t\t\t\t\t\t\t\t\t\t\t\t\t\t\t\t\t\t\t\t\t\t\t<p class=\"quote-author primary-blue\">\n\t\t\t\t\t\t\t\t\t\t\t\t\t\t\t\t\t\tR\u00e9gis Mulot\t\t\t\t\t\t\t\t\t\t\t\t\t\t\t\t\t<\/p>\n\t\t\t\t\t\t\t\t\t\t\t\t\t\t\t\t\t\n\t\t\t\t\t\t\t\t\t\t\t\t\t\t\t\t\t\t\t\t\t\t\t\t\t\t<\/div>\n\t\t\t\t\t\t\t\t\t\t\t\t\t\t\t\t\t\t\t\t\t\t\t<p class=\"quote-author-role\">\n\t\t\t\t\t\t\t\t\t\t\t\t\tVice-Pr\u00e9sident Ex\u00e9cutif, Ressources Humaines\t\t\t\t\t\t\t\t\t\t\t\t<\/p> \n\t\t\t\t\t\t\t\t\t\t\t\t\t\t\t\t\t\t\t\t\t<\/div>\n\t\t\t\t\t\t\t\t\t<\/div>\n\t\t\t\t\t\t\t\t<\/div>\n\t\t\t\t\t\t\t<\/div>\n\t\t\t\t\t\t\t\t\t<\/div>\n\t\t\t<\/div>\n\t\t\t<\/div>\n<\/section>\n<!-- Ipsen Quotes End -->\n\n\n\n<div class=\"wp-block-columns is-layout-flex wp-container-core-columns-is-layout-9d6595d7 wp-block-columns-is-layout-flex\">\n<div class=\"wp-block-column is-layout-flow wp-block-column-is-layout-flow\" style=\"flex-basis:90%\">\n<h3 class=\"wp-block-heading\">Notre culture aspirationnelle<\/h3>\n\n\n\n<p>Guid\u00e9s par un objectif commun, nous cr\u00e9ons un impact r\u00e9el pour les patients et la soci\u00e9t\u00e9 en travaillant ensemble \u00e0 atteindre notre culture aspirationnelle de collaboration, d&#8217;excellence et d&#8217;impact. Nos progr\u00e8s sont \u00e9valu\u00e9s chaque ann\u00e9e dans le cadre de notre enqu\u00eate sur l&#8217;exp\u00e9rience des personnes.<\/p>\n\n\n<div class=\"wp-block-image\">\n<figure class=\"aligncenter size-large\"><img loading=\"lazy\" decoding=\"async\" height=\"576\" width=\"1024\" src=\"https:\/\/www.ipsen.com\/wp-content\/uploads\/2026\/01\/Website-Culture-manifesto-chapter_EN-1536x864-1.png?w=1024\" alt=\"\" class=\"wp-image-98688\" srcset=\"https:\/\/www.ipsen.com\/wp-content\/uploads\/2026\/01\/Website-Culture-manifesto-chapter_EN-1536x864-1.png 1536w, https:\/\/www.ipsen.com\/wp-content\/uploads\/2026\/01\/Website-Culture-manifesto-chapter_EN-1536x864-1.png?resize=150,84 150w, https:\/\/www.ipsen.com\/wp-content\/uploads\/2026\/01\/Website-Culture-manifesto-chapter_EN-1536x864-1.png?resize=300,169 300w, https:\/\/www.ipsen.com\/wp-content\/uploads\/2026\/01\/Website-Culture-manifesto-chapter_EN-1536x864-1.png?resize=768,432 768w, https:\/\/www.ipsen.com\/wp-content\/uploads\/2026\/01\/Website-Culture-manifesto-chapter_EN-1536x864-1.png?resize=1024,576 1024w\" sizes=\"auto, (max-width: 1024px) 100vw, 1024px\" \/><\/figure>\n<\/div>\n\n\n<div style=\"height:65px\" aria-hidden=\"true\" class=\"wp-block-spacer\"><\/div>\n<\/div>\n<\/div>\n\n\n<!-- Text & Media Block Code -->\n<section class=\"two-col-section text-media-section\">\n    <div class=\"container two-section-innner \">\n        <div class=\"response-inner\" style=\"background-image: url('')\">\n            <div class=\"row \">\n                <div class=\"col-xs-12 col-sm-12 col-md-6\">\n                                                    <div class=\"img-video-section\">\n                                <img decoding=\"async\" \n                                    src=\"https:\/\/www.ipsen.com\/wp-content\/uploads\/2025\/07\/Website-WoB-banner_2025-in-transition-1-1.jpg\" \n                                    alt=\"\" \n                                >\n                            <\/div>\n                                        <\/div>\n                <div class=\" col-xs-12 col-sm-12 col-md-6\">\n                    <div class=\"section-content\">\n                        <div class=\"heading-dash\">\n                                                            <span class=\"dash\"><\/span>\n                                <h4 class=\"heading-para heading-four\" role=\"heading\" aria-level=\"2\">\n                                    Nos valeurs                                <\/h4>\n                                                    <\/div>\n                                                <p>Notre fa\u00e7on d&#8217;\u00eatre Ipsen s&#8217;articule autour de 5 valeurs. Elles constituent chacune un ingr\u00e9dient cl\u00e9 pour promouvoir une culture de la collaboration, de l&#8217;excellence et de l&#8217;impact au sein de nos \u00e9quipes. Ces valeurs interconnect\u00e9es se renforcent les unes les autres, tout en faisant progresser la strat\u00e9gie d&#8217;Ipsen.<\/p>\n                            <a \n                            aria-label=\" about Nos valeurs\"  \n                                role=\"link\" \n                                class=\"btn-link hidden\"\n                                href=\"\" \n                                target=\"_self\"\n                            > \n                                 \n                            <\/a>\n\n                    <\/div>\n                <\/div>\n            <\/div>\n        <\/div>\n    <\/div>\n<\/section>\n\n    <section class=\"title-text \">\n        <div class=\"container\">\n            <div class=\"title-text-inner\" style=\"background-color:#EDEBE4;\">\n\n                <!-- If heading is enabled then it's visible -->\n                <div class=\"text-head-dash visible\">\n                <h3 class=\"heading-three\" role=\"heading\" aria-level=\"2\">\n                        Carri\u00e8res chez Ipsen                    <\/h3>\n                <\/div>\n               \n                <!-- If description is enabled then it's visible -->\n                <div class=\"text-parbase visible\">\n                    <p>Chez Ipsen, nous savons que nos collaborateurs sont la pierre angulaire de notre r\u00e9ussite. Nous proposons des occasions stimulantes pour renforcer leurs comp\u00e9tences et d\u00e9velopper leur carri\u00e8re tout en ayant un impact r\u00e9el sur les patients et la soci\u00e9t\u00e9<\/p>\n                <\/div>\n\n                <!-- If button is enabled then it's visible -->\n                                        <div class=\"btn-txt\">\n                            <a \n                                aria-label=\"\" \n                                class=\"btn-link section-btn cta-visible\"  \n                                role=\"link\"\n                                href=\"https:\/\/ipsen.wd103.myworkdayjobs.com\/fr-FR\/Ipsen_Careers\" target=\"_blank\">\n                                Rejoindre Ipsen                            <\/a>\n                        <\/div>\n                \n            <\/div>\n        <\/div>\n    <\/section>\n","protected":false},"excerpt":{"rendered":"","protected":false},"author":3,"featured_media":0,"parent":173,"menu_order":0,"comment_status":"closed","ping_status":"closed","template":"","meta":{"_acf_changed":false,"footnotes":""},"class_list":["post-18215","page","type-page","status-publish","hentry","entry"],"acf":[],"yoast_head":"<!-- This site is optimized with the Yoast SEO plugin v26.8 - https:\/\/yoast.com\/product\/yoast-seo-wordpress\/ -->\n<title>D\u00e9couvrez les valeurs d\u2019Ipsen : Way of Being | Ipsen Global<\/title>\n<meta name=\"description\" content=\"D\u00e9couvrez la culture et les valeurs d\u2019Ipsen qui fa\u00e7onnent notre engagement \u00e0 innover et am\u00e9liorer les r\u00e9sultats de sant\u00e9 des patients dans l\u2019industrie biopharmaceutique.\" \/>\n<meta name=\"robots\" content=\"index, follow, max-snippet:-1, max-image-preview:large, max-video-preview:-1\" \/>\n<link rel=\"canonical\" href=\"https:\/\/www.ipsen.com\/fr\/carrieres\/notre-culture\/\" \/>\n<meta property=\"og:locale\" content=\"fr_FR\" \/>\n<meta property=\"og:type\" content=\"article\" \/>\n<meta property=\"og:title\" content=\"D\u00e9couvrez les valeurs d\u2019Ipsen : Way of Being | Ipsen Global\" \/>\n<meta property=\"og:description\" content=\"D\u00e9couvrez la culture et les valeurs d\u2019Ipsen qui fa\u00e7onnent notre engagement \u00e0 innover et am\u00e9liorer les r\u00e9sultats de sant\u00e9 des patients dans l\u2019industrie biopharmaceutique.\" \/>\n<meta property=\"og:url\" content=\"https:\/\/www.ipsen.com\/fr\/carrieres\/notre-culture\/\" \/>\n<meta property=\"og:site_name\" content=\"Global\" \/>\n<meta property=\"article:modified_time\" content=\"2026-04-01T10:09:25+00:00\" \/>\n<meta property=\"og:image\" content=\"https:\/\/www.ipsen.com\/wp-content\/uploads\/2026\/01\/Website-Culture-manifesto-chapter_EN-1536x864-1.png?w=1024\" \/>\n<meta name=\"twitter:card\" content=\"summary_large_image\" \/>\n<meta name=\"twitter:site\" content=\"@ipsengroup\" \/>\n<meta name=\"twitter:label1\" content=\"Est. reading time\" \/>\n\t<meta name=\"twitter:data1\" content=\"1 minute\" \/>\n<script type=\"application\/ld+json\" class=\"yoast-schema-graph\">{\"@context\":\"https:\/\/schema.org\",\"@graph\":[{\"@type\":\"WebPage\",\"@id\":\"https:\/\/www.ipsen.com\/fr\/carrieres\/notre-culture\/\",\"url\":\"https:\/\/www.ipsen.com\/fr\/carrieres\/notre-culture\/\",\"name\":\"D\u00e9couvrez les valeurs d\u2019Ipsen : Way of Being | Ipsen Global\",\"isPartOf\":{\"@id\":\"https:\/\/www.ipsen.com\/fr\/#website\"},\"primaryImageOfPage\":{\"@id\":\"https:\/\/www.ipsen.com\/fr\/carrieres\/notre-culture\/#primaryimage\"},\"image\":{\"@id\":\"https:\/\/www.ipsen.com\/fr\/carrieres\/notre-culture\/#primaryimage\"},\"thumbnailUrl\":\"https:\/\/www.ipsen.com\/wp-content\/uploads\/2026\/01\/Website-Culture-manifesto-chapter_EN-1536x864-1.png?w=1024\",\"datePublished\":\"2023-04-28T07:35:43+00:00\",\"dateModified\":\"2026-04-01T10:09:25+00:00\",\"description\":\"D\u00e9couvrez la culture et les valeurs d\u2019Ipsen qui fa\u00e7onnent notre engagement \u00e0 innover et am\u00e9liorer les r\u00e9sultats de sant\u00e9 des patients dans l\u2019industrie biopharmaceutique.\",\"breadcrumb\":{\"@id\":\"https:\/\/www.ipsen.com\/fr\/carrieres\/notre-culture\/#breadcrumb\"},\"inLanguage\":\"fr-FR\",\"potentialAction\":[{\"@type\":\"ReadAction\",\"target\":[\"https:\/\/www.ipsen.com\/fr\/carrieres\/notre-culture\/\"]}]},{\"@type\":\"ImageObject\",\"inLanguage\":\"fr-FR\",\"@id\":\"https:\/\/www.ipsen.com\/fr\/carrieres\/notre-culture\/#primaryimage\",\"url\":\"https:\/\/www.ipsen.com\/wp-content\/uploads\/2026\/01\/Website-Culture-manifesto-chapter_EN-1536x864-1.png?w=1024\",\"contentUrl\":\"https:\/\/www.ipsen.com\/wp-content\/uploads\/2026\/01\/Website-Culture-manifesto-chapter_EN-1536x864-1.png?w=1024\"},{\"@type\":\"BreadcrumbList\",\"@id\":\"https:\/\/www.ipsen.com\/fr\/carrieres\/notre-culture\/#breadcrumb\",\"itemListElement\":[{\"@type\":\"ListItem\",\"position\":1,\"name\":\"Home\",\"item\":\"https:\/\/www.ipsen.com\/fr\/\"},{\"@type\":\"ListItem\",\"position\":2,\"name\":\"Carri\u00e8res\",\"item\":\"https:\/\/www.ipsen.com\/fr\/carrieres\/\"},{\"@type\":\"ListItem\",\"position\":3,\"name\":\"Notre culture\"}]},{\"@type\":\"WebSite\",\"@id\":\"https:\/\/www.ipsen.com\/fr\/#website\",\"url\":\"https:\/\/www.ipsen.com\/fr\/\",\"name\":\"Global\",\"description\":\"\",\"publisher\":{\"@id\":\"https:\/\/www.ipsen.com\/fr\/#organization\"},\"potentialAction\":[{\"@type\":\"SearchAction\",\"target\":{\"@type\":\"EntryPoint\",\"urlTemplate\":\"https:\/\/www.ipsen.com\/fr\/?s={search_term_string}\"},\"query-input\":{\"@type\":\"PropertyValueSpecification\",\"valueRequired\":true,\"valueName\":\"search_term_string\"}}],\"inLanguage\":\"fr-FR\"},{\"@type\":\"Organization\",\"@id\":\"https:\/\/www.ipsen.com\/fr\/#organization\",\"name\":\"IPSEN\",\"url\":\"https:\/\/www.ipsen.com\/fr\/\",\"logo\":{\"@type\":\"ImageObject\",\"inLanguage\":\"fr-FR\",\"@id\":\"https:\/\/www.ipsen.com\/fr\/#\/schema\/logo\/image\/\",\"url\":\"https:\/\/www.ipsen.com\/wp-content\/uploads\/2023\/12\/Latest_Ipsen-logo_168x48.svg\",\"contentUrl\":\"https:\/\/www.ipsen.com\/wp-content\/uploads\/2023\/12\/Latest_Ipsen-logo_168x48.svg\",\"caption\":\"IPSEN\"},\"image\":{\"@id\":\"https:\/\/www.ipsen.com\/fr\/#\/schema\/logo\/image\/\"},\"sameAs\":[\"https:\/\/www.facebook.com\/Ipsengroup\",\"https:\/\/x.com\/ipsengroup\"]}]}<\/script>\n<!-- \/ Yoast SEO plugin. -->","yoast_head_json":{"title":"D\u00e9couvrez les valeurs d\u2019Ipsen : Way of Being | Ipsen Global","description":"D\u00e9couvrez la culture et les valeurs d\u2019Ipsen qui fa\u00e7onnent notre engagement \u00e0 innover et am\u00e9liorer les r\u00e9sultats de sant\u00e9 des patients dans l\u2019industrie biopharmaceutique.","robots":{"index":"index","follow":"follow","max-snippet":"max-snippet:-1","max-image-preview":"max-image-preview:large","max-video-preview":"max-video-preview:-1"},"canonical":"https:\/\/www.ipsen.com\/fr\/carrieres\/notre-culture\/","og_locale":"fr_FR","og_type":"article","og_title":"D\u00e9couvrez les valeurs d\u2019Ipsen : Way of Being | Ipsen Global","og_description":"D\u00e9couvrez la culture et les valeurs d\u2019Ipsen qui fa\u00e7onnent notre engagement \u00e0 innover et am\u00e9liorer les r\u00e9sultats de sant\u00e9 des patients dans l\u2019industrie biopharmaceutique.","og_url":"https:\/\/www.ipsen.com\/fr\/carrieres\/notre-culture\/","og_site_name":"Global","article_modified_time":"2026-04-01T10:09:25+00:00","og_image":[{"url":"https:\/\/www.ipsen.com\/wp-content\/uploads\/2026\/01\/Website-Culture-manifesto-chapter_EN-1536x864-1.png?w=1024","type":"","width":"","height":""}],"twitter_card":"summary_large_image","twitter_site":"@ipsengroup","twitter_misc":{"Est. reading time":"1 minute"},"schema":{"@context":"https:\/\/schema.org","@graph":[{"@type":"WebPage","@id":"https:\/\/www.ipsen.com\/fr\/carrieres\/notre-culture\/","url":"https:\/\/www.ipsen.com\/fr\/carrieres\/notre-culture\/","name":"D\u00e9couvrez les valeurs d\u2019Ipsen : Way of Being | Ipsen Global","isPartOf":{"@id":"https:\/\/www.ipsen.com\/fr\/#website"},"primaryImageOfPage":{"@id":"https:\/\/www.ipsen.com\/fr\/carrieres\/notre-culture\/#primaryimage"},"image":{"@id":"https:\/\/www.ipsen.com\/fr\/carrieres\/notre-culture\/#primaryimage"},"thumbnailUrl":"https:\/\/www.ipsen.com\/wp-content\/uploads\/2026\/01\/Website-Culture-manifesto-chapter_EN-1536x864-1.png?w=1024","datePublished":"2023-04-28T07:35:43+00:00","dateModified":"2026-04-01T10:09:25+00:00","description":"D\u00e9couvrez la culture et les valeurs d\u2019Ipsen qui fa\u00e7onnent notre engagement \u00e0 innover et am\u00e9liorer les r\u00e9sultats de sant\u00e9 des patients dans l\u2019industrie biopharmaceutique.","breadcrumb":{"@id":"https:\/\/www.ipsen.com\/fr\/carrieres\/notre-culture\/#breadcrumb"},"inLanguage":"fr-FR","potentialAction":[{"@type":"ReadAction","target":["https:\/\/www.ipsen.com\/fr\/carrieres\/notre-culture\/"]}]},{"@type":"ImageObject","inLanguage":"fr-FR","@id":"https:\/\/www.ipsen.com\/fr\/carrieres\/notre-culture\/#primaryimage","url":"https:\/\/www.ipsen.com\/wp-content\/uploads\/2026\/01\/Website-Culture-manifesto-chapter_EN-1536x864-1.png?w=1024","contentUrl":"https:\/\/www.ipsen.com\/wp-content\/uploads\/2026\/01\/Website-Culture-manifesto-chapter_EN-1536x864-1.png?w=1024"},{"@type":"BreadcrumbList","@id":"https:\/\/www.ipsen.com\/fr\/carrieres\/notre-culture\/#breadcrumb","itemListElement":[{"@type":"ListItem","position":1,"name":"Home","item":"https:\/\/www.ipsen.com\/fr\/"},{"@type":"ListItem","position":2,"name":"Carri\u00e8res","item":"https:\/\/www.ipsen.com\/fr\/carrieres\/"},{"@type":"ListItem","position":3,"name":"Notre culture"}]},{"@type":"WebSite","@id":"https:\/\/www.ipsen.com\/fr\/#website","url":"https:\/\/www.ipsen.com\/fr\/","name":"Global","description":"","publisher":{"@id":"https:\/\/www.ipsen.com\/fr\/#organization"},"potentialAction":[{"@type":"SearchAction","target":{"@type":"EntryPoint","urlTemplate":"https:\/\/www.ipsen.com\/fr\/?s={search_term_string}"},"query-input":{"@type":"PropertyValueSpecification","valueRequired":true,"valueName":"search_term_string"}}],"inLanguage":"fr-FR"},{"@type":"Organization","@id":"https:\/\/www.ipsen.com\/fr\/#organization","name":"IPSEN","url":"https:\/\/www.ipsen.com\/fr\/","logo":{"@type":"ImageObject","inLanguage":"fr-FR","@id":"https:\/\/www.ipsen.com\/fr\/#\/schema\/logo\/image\/","url":"https:\/\/www.ipsen.com\/wp-content\/uploads\/2023\/12\/Latest_Ipsen-logo_168x48.svg","contentUrl":"https:\/\/www.ipsen.com\/wp-content\/uploads\/2023\/12\/Latest_Ipsen-logo_168x48.svg","caption":"IPSEN"},"image":{"@id":"https:\/\/www.ipsen.com\/fr\/#\/schema\/logo\/image\/"},"sameAs":["https:\/\/www.facebook.com\/Ipsengroup","https:\/\/x.com\/ipsengroup"]}]}},"jetpack_sharing_enabled":true,"_links":{"self":[{"href":"https:\/\/www.ipsen.com\/fr\/wp-json\/wp\/v2\/pages\/18215","targetHints":{"allow":["GET"]}}],"collection":[{"href":"https:\/\/www.ipsen.com\/fr\/wp-json\/wp\/v2\/pages"}],"about":[{"href":"https:\/\/www.ipsen.com\/fr\/wp-json\/wp\/v2\/types\/page"}],"author":[{"embeddable":true,"href":"https:\/\/www.ipsen.com\/fr\/wp-json\/wp\/v2\/users\/3"}],"replies":[{"embeddable":true,"href":"https:\/\/www.ipsen.com\/fr\/wp-json\/wp\/v2\/comments?post=18215"}],"version-history":[{"count":64,"href":"https:\/\/www.ipsen.com\/fr\/wp-json\/wp\/v2\/pages\/18215\/revisions"}],"predecessor-version":[{"id":102838,"href":"https:\/\/www.ipsen.com\/fr\/wp-json\/wp\/v2\/pages\/18215\/revisions\/102838"}],"up":[{"embeddable":true,"href":"https:\/\/www.ipsen.com\/fr\/wp-json\/wp\/v2\/pages\/173"}],"wp:attachment":[{"href":"https:\/\/www.ipsen.com\/fr\/wp-json\/wp\/v2\/media?parent=18215"}],"curies":[{"name":"wp","href":"https:\/\/api.w.org\/{rel}","templated":true}]}}