{"id":173,"date":"2023-04-13T10:51:21","date_gmt":"2023-04-13T08:51:21","guid":{"rendered":"https:\/\/www.ipsen.com\/carrieres\/"},"modified":"2025-12-09T13:32:30","modified_gmt":"2025-12-09T11:32:30","slug":"carrieres","status":"publish","type":"page","link":"https:\/\/www.ipsen.com\/fr\/carrieres\/","title":{"rendered":"Carri\u00e8res"},"content":{"rendered":"    <section class=\"sub-page-banner bg-img\" style=\"background-image:url(https:\/\/www.ipsen.com\/wp-content\/uploads\/2025\/07\/Careers.jpg)\">\n        <div class=\"container content-sec\">\n            <nav aria-label=\"breadcrumb\">\n            <ol class=\"breadcrumb\">\n                <li class=\"breadcrumb-item\"><a href=\"https:\/\/www.ipsen.com\/fr\/\">Accueil<\/a><\/li><li class=\"breadcrumb-item active\"><a class=\"link-pointer-events-none\" href=\"#\" aria-current=\"page\">Carri\u00e8res<\/a><\/li><\/ol>\n            <\/nav>            <h1 class=\"visible\">Carri\u00e8res<\/h1>\n            <p class=\"visible\">Innover ensemble pour la sant\u00e9 et un avenir meilleur.<\/p>\n        <\/div>\n    <\/section>\n\t<!-- Hero Carousel Start Here-->\n\t<section class=\"hero-section no-filter\">\n\t\t<div class=\"hero_gridwidth container\"><!-- container class shown if gridlayout choosen -->\n\t\t\t<div id=\"heroCarousel\" class=\"carousel slide herocaro hero-banner-no-bg-image\" data-bs-ride=\"carousel\" data-enableplaybtn=\"\" data-autoplay= \"\"  data-autospeed= \"\" >\n\t\t\t\t<!-- Slider Indicator-->\n\t\t\t\t<div class=\"carousel-indicators hidden\">\n\t\t\t\t<button type=\"button\" data-bs-target=\"#heroCarousel\" data-bs-slide-to=\"0\" class=\"active\" aria-current=\"true\" aria-label=\"Slide 0\"><\/button>\t\t\t\t<\/div>\n\t\t\t\t<!-- Items -->\n\t\t\t\t<div class=\"carousel-inner\">\n\t\t\t\t\t\t\n\t\t\t\t\t\t<!-- Hero Banner with carousel HTML -->\n\t\t\t\t\t\t<div class=\"carousel-item active banner-no-filter\">\n\n\t\t\t\t\t\t\t\t\t\t\t\t\t\t\t<img decoding=\"async\" class=\"bd-placeholder-img visible\" alt=\"\" width=\"100%\" height=\"100%\" src=\"https:\/\/www.ipsen.com\/wp-content\/uploads\/2024\/10\/Website_header-banner-1920x720px_FR-1-scaled.png\" \/> \n\t\t\t\t\t\t\t\n\t\t\t\t\t\t\t\t\n\n\t\t\t\t\t\t\t<div class=\"container align-left\">\n\t\t\t\t\t\t\t\t<div class=\"carousel-caption\">\n\t\t\t\t\t\t\t\t\t<h2 class=\"visible text-start heading-two banner-font-color-blue\">\n\t\t\t\t\t\t\t\t\t\tDes carri\u00e8res qui r\u00e9pondent \u00e0 vos talents uniques\t\t\t\t\t\t\t\t\t<\/h2>\n\t\t\t\t\t\t\t\t\t<div class=\"hidden text-start banner-font-color-blue\"><\/div>\n\t\t\t\t\t\t\t\t\t\n\t\t\t\t\t\t\t\t\t\t\t\t\t\t\t\t\t\t\t<p class=\"visible text-start banner-font-color-blue\">\n\t\t\t\t\t\t\t\t\t\t\t<a class=\"btn btn-lg btn-primary\" href=\"https:\/\/ipsen.wd103.myworkdayjobs.com\/fr-FR\/Ipsen_Careers\" aria-label=\"Parcourir les opportunit\u00e9s de carri\u00e8res chez Ipsen about Des carri\u00e8res qui r\u00e9pondent \u00e0 vos talents uniques\" target=\"_blank\">\n\t\t\t\t\t\t\t\t\t\t\t\tParcourir les opportunit\u00e9s de carri\u00e8res chez Ipsen\t\t\t\t\t\t\t\t\t\t\t<\/a>\n\t\t\t\t\t\t\t\t\t\t<\/p>\n\t\t\t\t\t\t\t\t\t\t\t\t\t\t\t\t\t\t\n\t\t\t\t\t\t\t\t<\/div>\n\t\t\t\t\t\t\t<\/div>\n\t\t\t\t\t\t<\/div>\n\n\t\t\t\t\t\t\t\t\t<\/div>\n\t\t\t\t\n\t\t\t\t\n\t\t\t<\/div>\n\t\t<\/div>\n\t<\/section>\n\t<!-- Hero Carousel End Here-->\n  <!-- Text & Media Block Code -->\n<section class=\"two-col-section text-media-section\">\n    <div class=\"container two-section-innner \">\n        <div class=\"response-inner\" style=\"background-image: url('')\">\n            <div class=\"row \">\n                <div class=\"col-xs-12 col-sm-12 col-md-6\">\n                                                    <div class=\"img-video-section\">\n                                <img decoding=\"async\" \n                                    src=\"https:\/\/www.ipsen.com\/wp-content\/uploads\/2025\/07\/Boulogne-France-img-25-S-1.jpg\" \n                                    alt=\"\" \n                                >\n                            <\/div>\n                                        <\/div>\n                <div class=\" col-xs-12 col-sm-12 col-md-6\">\n                    <div class=\"section-content\">\n                        <div class=\"heading-dash\">\n                                                            <span class=\"dash\"><\/span>\n                                <h4 class=\"heading-para heading-four\" role=\"heading\" aria-level=\"2\">\n                                    Pourquoi Rejoindre Ipsen?                                <\/h4>\n                                                    <\/div>\n                                                <p>Chez Ipsen, chaque collaborateur a un r\u00e9el impact. Nos \u00e9quipes sont passionn\u00e9es par leur m\u00e9tier, parce qu&#8217;elles ont \u00e0 c\u0153ur de faire une diff\u00e9rence dans la vie des patients. Nous investissons dans nos collaborateurs pour soutenir des projets qui changent le quotidien et ont un impact positif pour les patients et la soci\u00e9t\u00e9. C\u2019est pourquoi nous r\u00e9compensons ce qui compte. Nos programmes de r\u00e9mun\u00e9ration comp\u00e9titifs sont con\u00e7us pour reconna\u00eetre la contribution de chacun et encourager les r\u00e9sultats exceptionnels.<\/p>\n                            <a \n                            aria-label=\"En savoir plus about Pourquoi Rejoindre Ipsen?\"  \n                                role=\"link\" \n                                class=\"btn-link section-btn cta-visible\"\n                                href=\"working-at-ipsen\/\" \n                                target=\"_self\"\n                            > \n                                En savoir plus \n                            <\/a>\n\n                    <\/div>\n                <\/div>\n            <\/div>\n        <\/div>\n    <\/div>\n<\/section><!-- Text & Media Block Code -->\n<section class=\"two-col-section text-media-section\">\n    <div class=\"container two-section-innner section-reverse\">\n        <div class=\"response-inner\" style=\"background-image: url('')\">\n            <div class=\"row section-reverse\">\n                <div class=\"col-xs-12 col-sm-12 col-md-6\">\n                                                    <div class=\"img-video-section\">\n                                <img decoding=\"async\" \n                                    src=\"https:\/\/www.ipsen.com\/wp-content\/uploads\/2025\/07\/Cambridge-USA-img-33-hd-scaled-1.jpg\" \n                                    alt=\"\" \n                                >\n                            <\/div>\n                                        <\/div>\n                <div class=\" col-xs-12 col-sm-12 col-md-6\">\n                    <div class=\"section-content\">\n                        <div class=\"heading-dash\">\n                                                            <span class=\"dash\"><\/span>\n                                <h4 class=\"heading-para heading-four\" role=\"heading\" aria-level=\"2\">\n                                    Notre Culture                                <\/h4>\n                                                    <\/div>\n                                                <p>Ipsen promeut une culture de collaboration, d&#8217;excellence et d&#8217;impact, soutenue par notre fa\u00e7on d&#8217;\u00eatre Ipsen, articul\u00e9e autour des cinq valeurs &#8211; S&#8217;engager avec d\u00e9termination, Apprendre et Partager, Oeuvrer pour notre r\u00e9ussite, Faire confiance et Etre ma\u00eetre des r\u00e9sultats. Gr\u00e2ce \u00e0 la diversit\u00e9 et \u00e0 la coh\u00e9sion de nos \u00e9quipes, Ipsen a \u00e9t\u00e9 reconnu comme une entreprise o\u00f9 il fait bon travailler sur 25 sites dans le monde en 2023.<\/p>\n                            <a \n                            aria-label=\"En savoir plus about Notre Culture\"  \n                                role=\"link\" \n                                class=\"btn-link section-btn cta-visible\"\n                                href=\"our-culture\/\" \n                                target=\"_self\"\n                            > \n                                En savoir plus \n                            <\/a>\n\n                    <\/div>\n                <\/div>\n            <\/div>\n        <\/div>\n    <\/div>\n<\/section>\t<!-- Ipsen Quotes Start -->\n\t<section class=\"quotes-section\" aria-label=\"quotes-section\">\n\t\t<div class=\"container\">\n\t\t\t\t\t\t<div class=\"quote-sec-inner\"    >\n\t\t\t\t\t<div class=\"row\">\n\t\t\t\t\t\t\t\t\t\t\t\t<div class=\"column-1 col-xl-4 col-md-6 col-xs-12 \">\n\t\t\t\t\t\t\t\t\t\t\t\t\t\t\t\t\t\t<div class=\"quote-img\">\n\t\t\t\t\t\t\t\t\t\t\t<img \n\t\t\t\t\t\t\t\t\t\t\t\tsrc=\"https:\/\/www.ipsen.com\/wp-content\/uploads\/2025\/07\/Janaine-Oliveira-Ferreira.png\" \n\t\t\t\t\t\t\t\t\t\t\t\talt=\"\"\n\t\t\t\t\t\t\t\t\t\t\t>\n\t\t\t\t\t\t\t\t\t\t<\/div>\n\t\t\t\t\t\t\t\t\t\t\t\t\t\t\t<\/div>\n\t\t\t\t\t\t\t<div class=\"column-2 col-xl-8 col-md-6 col-xs-12 \">\n\t\t\t\t\t\t\t\t<div class=\"quote-content\">\n\t\t\t\t\t\t\t\t\t<div class=\"quote-para \">\n\t\t\t\t\t\t\t\t\t\t<p class=\"para\">\n\t\t\t\t\t\t\t\t\t\t\t<p>Ce qui me motive \u00e0 me lever chaque matin, c&#8217;est mon engagement envers Ipsen et mes coll\u00e8gues, ma d\u00e9termination \u00e0 faire progresser les connaissances scientifiques et \u00e0 apporter aux patients le meilleur traitement possible pour am\u00e9liorer leur quotidien.<\/p>\n\t\t\t\t\t\t\t\t\t\t<\/p>\n\t\t\t\t\t\t\t\t\t<\/div>\n\t\t\t\t\t\t\t\t\t<div class=\"quote-sign-div\">\n\t\t\t\t\t\t\t\t\t\t<div class=\"quote-author-div\">\n\t\t\t\t\t\t\t\t\t\t\t<div class=\"quote-dash-div\">\n\t\t\t\t\t\t\t\t\t\t\t\t<span class=\"quote-dash\">\n\n\t\t\t\t\t\t\t\t\t\t\t\t<\/span>\n\t\t\t\t\t\t\t\t\t\t\t\t\t\t\t\t\t\t\t\t\t\t\t\t\t\t\t\t\t\t<a href=\"#!\" target=\"\">\n\t\t\t\t\t\t\t\t\t\t\t\t\t\t\t\t\t\t<p class=\"quote-author primary-blue\">\n\t\t\t\t\t\t\t\t\t\t\t\t\t\t\t\t\t\t\tJanaine Oliveira Ferreira\t\t\t\t\t\t\t\t\t\t\t\t\t\t\t\t\t\t<\/p>\n\t\t\t\t\t\t\t\t\t\t\t\t\t\t\t\t\t<\/a>\n\t\t\t\t\t\t\t\t\t\t\t\t\t\t\t\t\t\t\t\t\t\t\t\t\t\t\t<\/div>\n\t\t\t\t\t\t\t\t\t\t\t\t\t\t\t\t\t\t\t\t\t\t\t<p class=\"quote-author-role\">\n\t\t\t\t\t\t\t\t\t\t\t\t\tChef de produit Senior\t\t\t\t\t\t\t\t\t\t\t\t<\/p> \n\t\t\t\t\t\t\t\t\t\t\t\t\t\t\t\t\t\t\t\t\t<\/div>\n\t\t\t\t\t\t\t\t\t<\/div>\n\t\t\t\t\t\t\t\t<\/div>\n\t\t\t\t\t\t\t<\/div>\n\t\t\t\t\t\t\t\t\t<\/div>\n\t\t\t<\/div>\n\t\t\t<\/div>\n<\/section>\n<!-- Ipsen Quotes End -->\n    <section class=\"video-card \">\n        <div class=\"container\">\n            <!-- Block Details -->\n            <div class=\"video-card-header\">\n                <h3 class=\"video-card-block-title hidden heading-three\">\n                                    <\/h3>\n                <p class=\"charcoal-grey video-card-block-summary hidden\"> \n                                    <\/p>\n            <\/div>\n\n            <!-- Video Iframe embed -->\n                            <div class=\"video-embed\"> \n                <iframe loading=\"lazy\" title=\"Janaine video_FR\" src=\"https:\/\/player.vimeo.com\/video\/1020153201?app_id=122963&#038;autoplay=1&#038;muted=1&#038;controls=1&#038;loop=1&#038;autopause=1&#038;background=0\" width=\"640\" height=\"360\" frameborder=\"0\" allow=\"autoplay; fullscreen; picture-in-picture; clipboard-write; encrypted-media; web-share\" referrerpolicy=\"strict-origin-when-cross-origin\" frameborder=\"0\" allow=\"autoplay; fullscreen; picture-in-picture\" data-ot-ignore><\/iframe>                <\/div>\n            \n            <!-- Block CTA -->\n            <div class=\"cta-block hidden\">\n                            <\/div>\n\n        <\/div>\n    <\/section>\n    <section class=\"title-text \">\n        <div class=\"container\">\n            <div class=\"title-text-inner\" style=\"background-color:#EDEBE4;\">\n\n                <!-- If heading is enabled then it's visible -->\n                <div class=\"text-head-dash visible\">\n                <h3 class=\"heading-three\" role=\"heading\" aria-level=\"2\">\n                        Categories D&#8217;offres                    <\/h3>\n                <\/div>\n               \n                <!-- If description is enabled then it's visible -->\n                <div class=\"text-parbase visible\">\n                    <p>D\u00e9couvrez les opportunit\u00e9s de carri\u00e8re chez Ipsen et faites une r\u00e9elle diff\u00e9rence dans la vie des patients. Explorez nos cat\u00e9gories d&#8217;offres d&#8217;emploi :<\/p>\n<ul>\n<li>Vente et Marketing<\/li>\n<li>M\u00e9dical et Clinique<\/li>\n<li>Recherche et D\u00e9veloppement<\/li>\n<li>Production et Fabrication<\/li>\n<li>Qualit\u00e9, Environnement, Hygi\u00e8ne et S\u00e9curit\u00e9<\/li>\n<li>Achats et Supply Chain<\/li>\n<li>Finance<\/li>\n<li>Ressources Humaines<\/li>\n<li>IT et Digital<\/li>\n<li>Juridique et Conformit\u00e9<\/li>\n<li>Administration<\/li>\n<li>D\u00e9veloppement Commercial et Direction G\u00e9n\u00e9rale<\/li>\n<li>Communication et Affaires Publiques<\/li>\n<\/ul>\n                <\/div>\n\n                <!-- If button is enabled then it's visible -->\n                                        <div class=\"btn-txt\">\n                            <a \n                                aria-label=\"\" \n                                class=\"btn-link section-btn cta-visible\"  \n                                role=\"link\"\n                                href=\"https:\/\/ipsen.wd103.myworkdayjobs.com\/fr-FR\/Ipsen_Careers\" target=\"_blank\">\n                                En savoir plus                            <\/a>\n                        <\/div>\n                \n            <\/div>\n        <\/div>\n    <\/section>\n    <section class=\"title-text \">\n        <div class=\"container\">\n            <div class=\"title-text-inner\" style=\"background-color:#EDEBE4;\">\n\n                <!-- If heading is enabled then it's visible -->\n                <div class=\"text-head-dash visible\">\n                <h3 class=\"heading-three\" role=\"heading\" aria-level=\"2\">\n                        Notre Processus De Recrutement                    <\/h3>\n                <\/div>\n               \n                <!-- If description is enabled then it's visible -->\n                <div class=\"text-parbase visible\">\n                    <p><!--StartFragment --><\/p>\n<p class=\"pf0\"><span class=\"cf0\">La strat\u00e9gie d&#8217;acquisition de talents chez Ipsen donne la priorit\u00e9 \u00e0 une organisation claire, des politiques de communication rigoureuses et un retour d\u2019exp\u00e9rience utile. Nous veillons \u00e0 ce que notre processus de recrutement respecte les normes de qualit\u00e9 les plus \u00e9lev\u00e9es tout en favorisant une approche \u00e9quitable, en mettant l&#8217;accent sur la diversit\u00e9, l&#8217;\u00e9quit\u00e9 et l&#8217;inclusion, dans le cadre de notre strat\u00e9gie globale. <\/span><!--EndFragment --><\/p>\n                <\/div>\n\n                <!-- If button is enabled then it's visible -->\n                \n            <\/div>\n        <\/div>\n    <\/section>\n","protected":false},"excerpt":{"rendered":"","protected":false},"author":2,"featured_media":0,"parent":0,"menu_order":0,"comment_status":"closed","ping_status":"closed","template":"","meta":{"_acf_changed":false,"footnotes":""},"class_list":["post-173","page","type-page","status-publish","hentry","entry"],"acf":[],"yoast_head":"<!-- This site is optimized with the Yoast SEO plugin v26.8 - https:\/\/yoast.com\/product\/yoast-seo-wordpress\/ -->\n<title>Opportunit\u00e9s de carri\u00e8res chez Ipsen | Ipsen Global<\/title>\n<meta name=\"description\" content=\"Parcourez les opportunit\u00e9s de carri\u00e8res chez Ipsen dans divers domaines d&#039;activit\u00e9s. Recherchez une offre d&#039;emploi chez Ipsen en fonction de vos comp\u00e9tences uniques. Rejoignez-nous pour avoir un impact concret sur la vie des patients.\" \/>\n<meta name=\"robots\" content=\"index, follow, max-snippet:-1, max-image-preview:large, max-video-preview:-1\" \/>\n<link rel=\"canonical\" href=\"https:\/\/www.ipsen.com\/fr\/carrieres\/\" \/>\n<meta property=\"og:locale\" content=\"fr_FR\" \/>\n<meta property=\"og:type\" content=\"article\" \/>\n<meta property=\"og:title\" content=\"Opportunit\u00e9s de carri\u00e8res chez Ipsen | Ipsen Global\" \/>\n<meta property=\"og:description\" content=\"Parcourez les opportunit\u00e9s de carri\u00e8res chez Ipsen dans divers domaines d&#039;activit\u00e9s. Recherchez une offre d&#039;emploi chez Ipsen en fonction de vos comp\u00e9tences uniques. Rejoignez-nous pour avoir un impact concret sur la vie des patients.\" \/>\n<meta property=\"og:url\" content=\"https:\/\/www.ipsen.com\/fr\/carrieres\/\" \/>\n<meta property=\"og:site_name\" content=\"Global\" \/>\n<meta property=\"article:modified_time\" content=\"2025-12-09T11:32:30+00:00\" \/>\n<meta name=\"twitter:card\" content=\"summary_large_image\" \/>\n<meta name=\"twitter:site\" content=\"@ipsengroup\" \/>\n<script type=\"application\/ld+json\" class=\"yoast-schema-graph\">{\"@context\":\"https:\/\/schema.org\",\"@graph\":[{\"@type\":\"WebPage\",\"@id\":\"https:\/\/www.ipsen.com\/fr\/carrieres\/\",\"url\":\"https:\/\/www.ipsen.com\/fr\/carrieres\/\",\"name\":\"Opportunit\u00e9s de carri\u00e8res chez Ipsen | Ipsen Global\",\"isPartOf\":{\"@id\":\"https:\/\/www.ipsen.com\/fr\/#website\"},\"datePublished\":\"2023-04-13T08:51:21+00:00\",\"dateModified\":\"2025-12-09T11:32:30+00:00\",\"description\":\"Parcourez les opportunit\u00e9s de carri\u00e8res chez Ipsen dans divers domaines d'activit\u00e9s. Recherchez une offre d'emploi chez Ipsen en fonction de vos comp\u00e9tences uniques. Rejoignez-nous pour avoir un impact concret sur la vie des patients.\",\"breadcrumb\":{\"@id\":\"https:\/\/www.ipsen.com\/fr\/carrieres\/#breadcrumb\"},\"inLanguage\":\"fr-FR\",\"potentialAction\":[{\"@type\":\"ReadAction\",\"target\":[\"https:\/\/www.ipsen.com\/fr\/carrieres\/\"]}]},{\"@type\":\"BreadcrumbList\",\"@id\":\"https:\/\/www.ipsen.com\/fr\/carrieres\/#breadcrumb\",\"itemListElement\":[{\"@type\":\"ListItem\",\"position\":1,\"name\":\"Home\",\"item\":\"https:\/\/www.ipsen.com\/fr\/\"},{\"@type\":\"ListItem\",\"position\":2,\"name\":\"Carri\u00e8res\"}]},{\"@type\":\"WebSite\",\"@id\":\"https:\/\/www.ipsen.com\/fr\/#website\",\"url\":\"https:\/\/www.ipsen.com\/fr\/\",\"name\":\"Global\",\"description\":\"\",\"publisher\":{\"@id\":\"https:\/\/www.ipsen.com\/fr\/#organization\"},\"potentialAction\":[{\"@type\":\"SearchAction\",\"target\":{\"@type\":\"EntryPoint\",\"urlTemplate\":\"https:\/\/www.ipsen.com\/fr\/?s={search_term_string}\"},\"query-input\":{\"@type\":\"PropertyValueSpecification\",\"valueRequired\":true,\"valueName\":\"search_term_string\"}}],\"inLanguage\":\"fr-FR\"},{\"@type\":\"Organization\",\"@id\":\"https:\/\/www.ipsen.com\/fr\/#organization\",\"name\":\"IPSEN\",\"url\":\"https:\/\/www.ipsen.com\/fr\/\",\"logo\":{\"@type\":\"ImageObject\",\"inLanguage\":\"fr-FR\",\"@id\":\"https:\/\/www.ipsen.com\/fr\/#\/schema\/logo\/image\/\",\"url\":\"https:\/\/www.ipsen.com\/wp-content\/uploads\/2023\/12\/Latest_Ipsen-logo_168x48.svg\",\"contentUrl\":\"https:\/\/www.ipsen.com\/wp-content\/uploads\/2023\/12\/Latest_Ipsen-logo_168x48.svg\",\"caption\":\"IPSEN\"},\"image\":{\"@id\":\"https:\/\/www.ipsen.com\/fr\/#\/schema\/logo\/image\/\"},\"sameAs\":[\"https:\/\/www.facebook.com\/Ipsengroup\",\"https:\/\/x.com\/ipsengroup\"]}]}<\/script>\n<!-- \/ Yoast SEO plugin. -->","yoast_head_json":{"title":"Opportunit\u00e9s de carri\u00e8res chez Ipsen | Ipsen Global","description":"Parcourez les opportunit\u00e9s de carri\u00e8res chez Ipsen dans divers domaines d'activit\u00e9s. Recherchez une offre d'emploi chez Ipsen en fonction de vos comp\u00e9tences uniques. Rejoignez-nous pour avoir un impact concret sur la vie des patients.","robots":{"index":"index","follow":"follow","max-snippet":"max-snippet:-1","max-image-preview":"max-image-preview:large","max-video-preview":"max-video-preview:-1"},"canonical":"https:\/\/www.ipsen.com\/fr\/carrieres\/","og_locale":"fr_FR","og_type":"article","og_title":"Opportunit\u00e9s de carri\u00e8res chez Ipsen | Ipsen Global","og_description":"Parcourez les opportunit\u00e9s de carri\u00e8res chez Ipsen dans divers domaines d'activit\u00e9s. Recherchez une offre d'emploi chez Ipsen en fonction de vos comp\u00e9tences uniques. Rejoignez-nous pour avoir un impact concret sur la vie des patients.","og_url":"https:\/\/www.ipsen.com\/fr\/carrieres\/","og_site_name":"Global","article_modified_time":"2025-12-09T11:32:30+00:00","twitter_card":"summary_large_image","twitter_site":"@ipsengroup","schema":{"@context":"https:\/\/schema.org","@graph":[{"@type":"WebPage","@id":"https:\/\/www.ipsen.com\/fr\/carrieres\/","url":"https:\/\/www.ipsen.com\/fr\/carrieres\/","name":"Opportunit\u00e9s de carri\u00e8res chez Ipsen | Ipsen Global","isPartOf":{"@id":"https:\/\/www.ipsen.com\/fr\/#website"},"datePublished":"2023-04-13T08:51:21+00:00","dateModified":"2025-12-09T11:32:30+00:00","description":"Parcourez les opportunit\u00e9s de carri\u00e8res chez Ipsen dans divers domaines d'activit\u00e9s. Recherchez une offre d'emploi chez Ipsen en fonction de vos comp\u00e9tences uniques. Rejoignez-nous pour avoir un impact concret sur la vie des patients.","breadcrumb":{"@id":"https:\/\/www.ipsen.com\/fr\/carrieres\/#breadcrumb"},"inLanguage":"fr-FR","potentialAction":[{"@type":"ReadAction","target":["https:\/\/www.ipsen.com\/fr\/carrieres\/"]}]},{"@type":"BreadcrumbList","@id":"https:\/\/www.ipsen.com\/fr\/carrieres\/#breadcrumb","itemListElement":[{"@type":"ListItem","position":1,"name":"Home","item":"https:\/\/www.ipsen.com\/fr\/"},{"@type":"ListItem","position":2,"name":"Carri\u00e8res"}]},{"@type":"WebSite","@id":"https:\/\/www.ipsen.com\/fr\/#website","url":"https:\/\/www.ipsen.com\/fr\/","name":"Global","description":"","publisher":{"@id":"https:\/\/www.ipsen.com\/fr\/#organization"},"potentialAction":[{"@type":"SearchAction","target":{"@type":"EntryPoint","urlTemplate":"https:\/\/www.ipsen.com\/fr\/?s={search_term_string}"},"query-input":{"@type":"PropertyValueSpecification","valueRequired":true,"valueName":"search_term_string"}}],"inLanguage":"fr-FR"},{"@type":"Organization","@id":"https:\/\/www.ipsen.com\/fr\/#organization","name":"IPSEN","url":"https:\/\/www.ipsen.com\/fr\/","logo":{"@type":"ImageObject","inLanguage":"fr-FR","@id":"https:\/\/www.ipsen.com\/fr\/#\/schema\/logo\/image\/","url":"https:\/\/www.ipsen.com\/wp-content\/uploads\/2023\/12\/Latest_Ipsen-logo_168x48.svg","contentUrl":"https:\/\/www.ipsen.com\/wp-content\/uploads\/2023\/12\/Latest_Ipsen-logo_168x48.svg","caption":"IPSEN"},"image":{"@id":"https:\/\/www.ipsen.com\/fr\/#\/schema\/logo\/image\/"},"sameAs":["https:\/\/www.facebook.com\/Ipsengroup","https:\/\/x.com\/ipsengroup"]}]}},"jetpack_sharing_enabled":true,"_links":{"self":[{"href":"https:\/\/www.ipsen.com\/fr\/wp-json\/wp\/v2\/pages\/173","targetHints":{"allow":["GET"]}}],"collection":[{"href":"https:\/\/www.ipsen.com\/fr\/wp-json\/wp\/v2\/pages"}],"about":[{"href":"https:\/\/www.ipsen.com\/fr\/wp-json\/wp\/v2\/types\/page"}],"author":[{"embeddable":true,"href":"https:\/\/www.ipsen.com\/fr\/wp-json\/wp\/v2\/users\/2"}],"replies":[{"embeddable":true,"href":"https:\/\/www.ipsen.com\/fr\/wp-json\/wp\/v2\/comments?post=173"}],"version-history":[{"count":81,"href":"https:\/\/www.ipsen.com\/fr\/wp-json\/wp\/v2\/pages\/173\/revisions"}],"predecessor-version":[{"id":95495,"href":"https:\/\/www.ipsen.com\/fr\/wp-json\/wp\/v2\/pages\/173\/revisions\/95495"}],"wp:attachment":[{"href":"https:\/\/www.ipsen.com\/fr\/wp-json\/wp\/v2\/media?parent=173"}],"curies":[{"name":"wp","href":"https:\/\/api.w.org\/{rel}","templated":true}]}}