{"id":103584,"date":"2026-04-20T16:56:15","date_gmt":"2026-04-20T14:56:15","guid":{"rendered":"https:\/\/www.ipsen.com\/?page_id=103584"},"modified":"2026-04-21T09:16:00","modified_gmt":"2026-04-21T07:16:00","slug":"actionnaire-nominatif-note-dinformation-sur-la-protection-des-donnees-a-caractere-personnel","status":"publish","type":"page","link":"https:\/\/www.ipsen.com\/fr\/actionnaire-nominatif-note-dinformation-sur-la-protection-des-donnees-a-caractere-personnel\/","title":{"rendered":"Actionnaire nominatif \u2013 Note d\u2019information sur la protection des donn\u00e9es \u00e0 caract\u00e8re personnel"},"content":{"rendered":"    <section class=\"sub-page-banner bg-color-enabled  banner-no-filter\" style=\"background: linear-gradient(93.64deg, #224A81 2.99%, #2797D3 97.01%)\">\n                <div class=\"container content-sec\">\n            <nav aria-label=\"breadcrumb\">\n            <ol class=\"breadcrumb\">\n                <li class=\"breadcrumb-item\"><a href=\"https:\/\/www.ipsen.com\/fr\/\">Accueil<\/a><\/li><li class=\"breadcrumb-item visible\"><a href=\"https:\/\/www.ipsen.com\/fr\/investisseurs\/informations-aux-actionnaires\/\">Informations destin\u00e9es aux actionnaires<\/a><\/li><li class=\"breadcrumb-item active\"><a class=\"link-pointer-events-none\" href=\"#\" aria-current=\"page\">Actionnaire nominatif \u2013 Note d\u2019information sur la protection des donn\u00e9es \u00e0 caract\u00e8re personnel<\/a><\/li><\/ol>\n            <\/nav>            <h1 class=\"visible banner-font-color-white\">Actionnaire nominatif \u2013 Note d\u2019information sur la protection des donn\u00e9es \u00e0 caract\u00e8re personnel<\/h1>\n            <p class=\"hidden banner-font-color-white\"><\/p>\n        <\/div>\n    <\/section>\n\n\n\n\n<div class=\"wp-block-columns is-layout-flex wp-container-core-columns-is-layout-9d6595d7 wp-block-columns-is-layout-flex\">\n<div class=\"wp-block-column is-layout-flow wp-block-column-is-layout-flow\" style=\"flex-basis:3%\"><\/div>\n\n\n\n<div class=\"wp-block-column is-layout-flow wp-block-column-is-layout-flow\" style=\"flex-basis:80%\">\n<p>Cette note d\u2019information sur la protection des donn\u00e9es \u00e0 caract\u00e8re personnel explique comment nous utilisons vos donn\u00e9es personnelles dans le cadre de votre qualit\u00e9 d\u2019actionnaire d\u2019Ipsen S.A.<\/p>\n\n\n\n<p><strong>Qui est le responsable du traitement de vos informations personnelles ?<\/strong><\/p>\n\n\n\n<p>Aux fins de la pr\u00e9sente note d\u2019information sur la protection des donn\u00e9es \u00e0 caract\u00e8re personnel, Ipsen S.A, dont le si\u00e8ge social est situ\u00e9 au 70 rue Balard, 75015, Paris, France, et ses filiales, sont les responsables du traitement des donn\u00e9es \u00e0 caract\u00e8re personnel d\u00e9crites (d\u00e9nomm\u00e9es Ipsen, nous ou notre dans la pr\u00e9sente note d\u2019information).<\/p>\n\n\n\n<p><strong>Quelles sont les informations personnelles que nous recueillons \u00e0 votre sujet ?<\/strong><\/p>\n\n\n\n<p>Nous collecterons ou utiliserons les types de donn\u00e9es \u00e0 caract\u00e8re personnel suivants :<\/p>\n\n\n\n<ul class=\"wp-block-list\">\n<li><strong>Donn\u00e9es d\u2019identification<\/strong> : pr\u00e9nom, nom, date de naissance, pays de r\u00e9sidence et de r\u00e9sidence fiscale, sexe<\/li>\n\n\n\n<li><strong>Coordonn\u00e9es<\/strong> : adresse postale, adresse e-mail, num\u00e9ro de t\u00e9l\u00e9phone<\/li>\n\n\n\n<li><strong>Informations financi\u00e8res<\/strong> : coordonn\u00e9es bancaires ou de carte de cr\u00e9dit (pour le paiement des dividendes), nombre d\u2019actions d\u00e9tenues, quantit\u00e9 de droits de vote, nombre de voix, historique des transactions.<\/li>\n<\/ul>\n\n\n\n<p><strong>Pourquoi sommes-nous autoris\u00e9s \u00e0 collecter et \u00e0 utiliser vos informations personnelles ?<\/strong><\/p>\n\n\n\n<p>Ipsen traite vos donn\u00e9es \u00e0 caract\u00e8re personnel \u00e0 diverses fins et, en fonction de ces fins, nous nous appuyons sur plusieurs bases juridiques diff\u00e9rentes pour ce traitement, comme le pr\u00e9cise le tableau ci-dessous.<\/p>\n\n\n\n<figure class=\"wp-block-table\"><table class=\"has-fixed-layout\"><tbody><tr><td><strong>Bases L\u00e9gales<\/strong><strong><\/strong><\/td><td><strong>Objectifs<\/strong><strong><\/strong><\/td><\/tr><tr><td><strong>Obligations l\u00e9gales<\/strong><br>Article 6 (1) (c)<\/td><td>Nous collectons et utilisons des donn\u00e9es \u00e0 caract\u00e8re personnel dans le but de respecter nos obligations l\u00e9gales \u00e0 l&#8217;\u00e9gard du Code de commerce, du R\u00e8glement europ\u00e9en sur les abus de march\u00e9 (R\u00e8glement MAR), ainsi que les dispositions du Code mon\u00e9taire et financier (article L. 621-18-2 et s.) qui en assurent l\u2019application en France.<\/td><\/tr><tr><td><strong>Int\u00e9r\u00eat l\u00e9gitime<\/strong><br>Article 6 (1) (f)<\/td><td>Nous collectons et utilisons vos donn\u00e9es personnelles dans le cadre de nos int\u00e9r\u00eats l\u00e9gitimes, notamment pour la connaissance, l\u2019analyse et le suivi de l\u2019actionnariat et de son \u00e9volution, la gestion de la relation actionnaire, la communication financi\u00e8re, l\u2019organisation d\u2019\u00e9v\u00e9nements actionnaires, la pr\u00e9vention des fraudes, la r\u00e9ponse aux demandes d\u2019informations et l\u2019am\u00e9lioration des services.<\/td><\/tr><\/tbody><\/table><\/figure>\n\n\n\n<p><strong>D&#8217;o\u00f9 proviennent vos donn\u00e9es personnelles ?<\/strong><\/p>\n\n\n\n<p>Nous obtenons vos donn\u00e9es personnelles directement aupr\u00e8s de vous. Nous obtenons \u00e9galement des donn\u00e9es \u00e0 caract\u00e8re personnel vous concernant aupr\u00e8s de Soci\u00e9t\u00e9 G\u00e9n\u00e9rale Securities Services (SGSS) via Sharinbox en qualit\u00e9 de teneur de compte-conservateur habilit\u00e9 par Ipsen SA ou d\u2019autres interm\u00e9diaires financiers en cas d\u2019acquisition de titres ou de transferts de positions.<\/p>\n\n\n\n<p>Soci\u00e9t\u00e9 G\u00e9n\u00e9rale Securities Services (SGSS), en sa qualit\u00e9 de teneur de compte-conservateur habilit\u00e9 par Ipsen SA, assure la tenue du registre des actionnaires nominatifs, la gestion des comptes-titres et des mouvements de titres, le traitement des op\u00e9rations sur titre, la mise en paiement des dividendes ainsi que la gestion des op\u00e9rations li\u00e9es aux Assembl\u00e9es G\u00e9n\u00e9rales notamment l\u2019envoi des convocations, la collecte des votes et l\u2019\u00e9tablissement des feuilles de pr\u00e9sence. Un fichier r\u00e9pertoriant les positions de l&#8217;ensemble des actionnaires nominatifs est transmis p\u00e9riodiquement \u00e0 Ipsen SA.<\/p>\n\n\n\n<p><strong>Avec qui partageons-nous vos informations personnelles ?<\/strong><\/p>\n\n\n\n<p>Les informations vous concernant ne seront accessibles qu&#8217;aux employ\u00e9s autoris\u00e9s d&#8217;Ipsen, ayant un besoin pertinent et tangible d&#8217;acc\u00e9der \u00e0 ces informations.<\/p>\n\n\n\n<p>En outre, Ipsen fait appel \u00e0 des prestataires de services pour traiter vos donn\u00e9es \u00e0 caract\u00e8re personnel au nom d&#8217;Ipsen, afin d&#8217;entreprendre diverses activit\u00e9s en notre nom. Parmi ces prestataires, on peut citer la Soci\u00e9t\u00e9 G\u00e9n\u00e9rale.<\/p>\n\n\n\n<p>Ces prestataires de services ne peuvent traiter vos donn\u00e9es \u00e0 caract\u00e8re personnel que conform\u00e9ment aux instructions expresses d&#8217;Ipsen et ne peuvent pas utiliser vos donn\u00e9es \u00e0 leurs propres fins.<\/p>\n\n\n\n<p>Ipsen est tenue de communiquer certaines de vos donn\u00e9es aux autorit\u00e9s comp\u00e9tentes dans le cadre de ses obligations l\u00e9gales : Autorit\u00e9 des March\u00e9s Financiers (AMF), administration fiscale, autorit\u00e9s judiciaires.&nbsp;<\/p>\n\n\n\n<p><strong>Combien de temps conservons-nous vos informations personnelles ?<\/strong><\/p>\n\n\n\n<p>Nous ne conserverons vos informations que pour r\u00e9pondre \u00e0 nos besoins op\u00e9rationnels et pour nous conformer aux exigences l\u00e9gislatives en mati\u00e8re de conservation, conform\u00e9ment aux politiques de conservation d&#8217;Ipsen.<\/p>\n\n\n\n<p>Les donn\u00e9es sont conserv\u00e9es au minimum tant que vous restez actionnaire et jusqu&#8217;\u00e0 l\u2019expiration des d\u00e9lais l\u00e9gaux applicables.<\/p>\n\n\n\n<p><strong>Comment prot\u00e9geons-nous vos informations personnelles ?<\/strong><\/p>\n\n\n\n<p>Pour emp\u00eacher tout acc\u00e8s non autoris\u00e9, maintenir l&#8217;exactitude des donn\u00e9es et garantir l&#8217;utilisation correcte des informations, Ipsen et ses prestataires de services tiers ont mis en place des proc\u00e9dures physiques, \u00e9lectroniques et organisationnelles appropri\u00e9es pour sauvegarder et s\u00e9curiser les informations que nous recueillons.<\/p>\n\n\n\n<p><strong>Transfert de donn\u00e9es personnelles en dehors de votre pays d&#8217;origine ?<\/strong><\/p>\n\n\n\n<p>Nous travaillons dans le monde entier. Par cons\u00e9quent, les donn\u00e9es \u00e0 caract\u00e8re personnel peuvent \u00eatre trait\u00e9es, consult\u00e9es ou stock\u00e9es dans un pays autre que celui o\u00f9 vous vous trouvez, qui peut ne pas offrir le m\u00eame niveau de protection des donn\u00e9es \u00e0 caract\u00e8re personnel que votre pays d&#8217;origine.<\/p>\n\n\n\n<p>Lorsque nous transf\u00e9rons des donn\u00e9es \u00e0 caract\u00e8re personnel \u00e0 des soci\u00e9t\u00e9s externes dans d&#8217;autres pays, ou entre nos entit\u00e9s internationales d&#8217;Ipsen, nous prot\u00e9geons les donn\u00e9es \u00e0 caract\u00e8re personnel en mettant en place des accords contractuels appropri\u00e9s. Lorsque nous transf\u00e9rons des donn\u00e9es \u00e0 caract\u00e8re personnel de soci\u00e9t\u00e9s d&#8217;Ipsen situ\u00e9es dans l&#8217;Espace \u00e9conomique europ\u00e9en (&#8220;EEE&#8221;) vers un pays tiers sans d\u00e9cision d&#8217;ad\u00e9quation de la Commission europ\u00e9enne, nous le ferons sur la base de clauses contractuelles types approuv\u00e9es par la Commission europ\u00e9enne. De m\u00eame, nous prot\u00e9gerons les transferts de donn\u00e9es \u00e0 caract\u00e8re personnel en provenance d&#8217;autres pays, y compris le Royaume-Uni et la Suisse, en utilisant des clauses contractuelles appropri\u00e9es approuv\u00e9es par les autorit\u00e9s comp\u00e9tentes de ces pays.<\/p>\n\n\n\n<p><strong>Quels sont vos droits concernant vos informations ?<\/strong><\/p>\n\n\n\n<p>Vous pouvez b\u00e9n\u00e9ficier des droits suivants concernant vos informations, en fonction des circonstances et de la l\u00e9gislation applicable :<\/p>\n\n\n\n<figure class=\"wp-block-table\"><table class=\"has-fixed-layout\"><tbody><tr><td><strong>Droit<\/strong><strong><\/strong><\/td><td><strong>Qu&#8217;est-ce que cela signifie ?<\/strong><strong><\/strong><\/td><\/tr><tr><td><strong>1. <\/strong><strong>Le droit d&#8217;acc\u00e8s<\/strong><strong><\/strong><\/td><td>Vous avez le droit d&#8217;obtenir l&#8217;acc\u00e8s aux informations trait\u00e9es par Ipsen.<\/td><\/tr><tr><td><strong>2. Le d<\/strong><strong>roit de rectification<\/strong><strong><\/strong><\/td><td>Vous avez le droit de faire rectifier les informations vous concernant qui sont inexactes ou incompl\u00e8tes.<\/td><\/tr><tr><td><strong>3. <\/strong><strong>Le droit \u00e0 l&#8217;effacement<\/strong><strong><\/strong><\/td><td>Il est \u00e9galement connu sous le nom de &#8220;droit \u00e0 l&#8217;oubli&#8221; et, en termes simples, vous permet de demander l&#8217;effacement ou la suppression de vos informations lorsqu&#8217;il n&#8217;y a pas de raison imp\u00e9rieuse pour qu&#8217;Ipsen continue \u00e0 les utiliser. Il ne s&#8217;agit pas d&#8217;un droit g\u00e9n\u00e9ral \u00e0 l&#8217;effacement ; il existe des exceptions.<\/td><\/tr><tr><td><strong>4. <\/strong><strong>Le droit de restreindre le traitement<\/strong><strong><\/strong><\/td><td>Vous avez le droit de &#8220;bloquer&#8221; ou de supprimer l&#8217;utilisation ult\u00e9rieure de vos informations dans certaines circonstances. Lorsque le traitement est limit\u00e9, Ipsen peut toujours stocker vos informations, mais ne peut plus les utiliser.<\/td><\/tr><tr><td><strong>5. <\/strong><strong>Le droit \u00e0 la portabilit\u00e9 des donn\u00e9es<\/strong><\/td><td>Vous avez le droit d&#8217;obtenir et de r\u00e9utiliser vos donn\u00e9es personnelles dans un format structur\u00e9, couramment utilis\u00e9 et lisible par machine dans certaines circonstances.<\/td><\/tr><tr><td><strong>6. <\/strong><strong>Le droit d&#8217;opposition<\/strong><strong><\/strong><\/td><td>Vous avez le droit de vous opposer \u00e0 certains types de traitement, dans certaines circonstances.<\/td><\/tr><\/tbody><\/table><\/figure>\n\n\n\n<!--Alert Card Layout Start Here-->\n<section class=\"alertcard-section\">\n      <div class=\"container\">\n        <!--Alert Box HTML Start Here-->\n        <div class=\"alert-box general-box\">\n                  <div class=\"info-contents\">\n          <h4 role=\"heading\" aria-level=\"2\" class=\"info-head heading-four heading-four\">Informations de contact<\/h4>\n            <p class=\"info-sub-head-para hidden heading-para\"><\/p>\n            <div class=\"alert-content visible\"><p>Si vous souhaitez exercer l&#8217;un de ces droits, veuillez nous envoyer une demande de droits de la personne concern\u00e9e en remplissant <a href=\"https:\/\/privacyportal-de.onetrust.com\/webform\/6b1542cd-1d95-4ee9-98ba-5b2e7639eaac\/6c7a3ff4-c078-4035-a018-76293fe3e8a9\">ce formulaire.<\/a><\/p>\n<p>Si vous souhaitez nous poser des questions sur la mani\u00e8re dont nous traitons vos donn\u00e9es personnelles, vous pouvez contacter notre \u00e9quipe Global Privacy \u00e0 l&#8217;adresse <a href=\"mailto:dataprivacy@ipsen.com\">dataprivacy@ipsen.com<\/a>.<\/p>\n<p>Si vous n&#8217;\u00eates pas satisfait de la mani\u00e8re dont Ipsen traite vos donn\u00e9es personnelles, ou si vous pensez que notre traitement n&#8217;est pas conforme aux lois sur la protection des donn\u00e9es, vous avez le droit de d\u00e9poser une plainte aupr\u00e8s de l&#8217;autorit\u00e9 de contr\u00f4le comp\u00e9tente en mati\u00e8re de protection des donn\u00e9es.<\/p>\n<p>L&#8217;autorit\u00e9 de contr\u00f4le chef de file d&#8217;Ipsen dans l&#8217;UE est la Commission Nationale de l&#8217;Informatique et des Libert\u00e9s (CNIL), 3 Place de Fontenoy, TSA 80715, 75334 PARIS CEDEX 07, FRANCE.<\/p>\n<\/div>\n          <\/div>\n        <\/div>\n        <!--Alert Box HTML Start Here-->\n      <\/div>\n    <\/section>\n<!--Alert Card Layout End Here-->\n<\/div>\n<\/div>\n\n\n\n<p><\/p>\n","protected":false},"excerpt":{"rendered":"","protected":false},"author":11,"featured_media":0,"parent":0,"menu_order":0,"comment_status":"closed","ping_status":"closed","template":"","meta":{"_acf_changed":false,"footnotes":""},"class_list":["post-103584","page","type-page","status-publish","hentry","entry"],"acf":[],"yoast_head":"<!-- This site is optimized with the Yoast SEO plugin v26.8 - https:\/\/yoast.com\/product\/yoast-seo-wordpress\/ -->\n<title>Actionnaire nominatif \u2013 Note d\u2019information sur la protection des donn\u00e9es \u00e0 caract\u00e8re personnel - Global<\/title>\n<meta name=\"robots\" content=\"index, follow, max-snippet:-1, max-image-preview:large, max-video-preview:-1\" \/>\n<link rel=\"canonical\" href=\"https:\/\/www.ipsen.com\/fr\/actionnaire-nominatif-note-dinformation-sur-la-protection-des-donnees-a-caractere-personnel\/\" \/>\n<meta property=\"og:locale\" content=\"fr_FR\" \/>\n<meta property=\"og:type\" content=\"article\" \/>\n<meta property=\"og:title\" content=\"Actionnaire nominatif \u2013 Note d\u2019information sur la protection des donn\u00e9es \u00e0 caract\u00e8re personnel - Global\" \/>\n<meta property=\"og:url\" content=\"https:\/\/www.ipsen.com\/fr\/actionnaire-nominatif-note-dinformation-sur-la-protection-des-donnees-a-caractere-personnel\/\" \/>\n<meta property=\"og:site_name\" content=\"Global\" \/>\n<meta property=\"article:modified_time\" content=\"2026-04-21T07:16:00+00:00\" \/>\n<meta name=\"twitter:card\" content=\"summary_large_image\" \/>\n<meta name=\"twitter:site\" content=\"@ipsengroup\" \/>\n<meta name=\"twitter:label1\" content=\"Est. reading time\" \/>\n\t<meta name=\"twitter:data1\" content=\"5 minutes\" \/>\n<script type=\"application\/ld+json\" class=\"yoast-schema-graph\">{\"@context\":\"https:\/\/schema.org\",\"@graph\":[{\"@type\":\"WebPage\",\"@id\":\"https:\/\/www.ipsen.com\/fr\/actionnaire-nominatif-note-dinformation-sur-la-protection-des-donnees-a-caractere-personnel\/\",\"url\":\"https:\/\/www.ipsen.com\/fr\/actionnaire-nominatif-note-dinformation-sur-la-protection-des-donnees-a-caractere-personnel\/\",\"name\":\"Actionnaire nominatif \u2013 Note d\u2019information sur la protection des donn\u00e9es \u00e0 caract\u00e8re personnel - Global\",\"isPartOf\":{\"@id\":\"https:\/\/www.ipsen.com\/fr\/#website\"},\"datePublished\":\"2026-04-20T14:56:15+00:00\",\"dateModified\":\"2026-04-21T07:16:00+00:00\",\"breadcrumb\":{\"@id\":\"https:\/\/www.ipsen.com\/fr\/actionnaire-nominatif-note-dinformation-sur-la-protection-des-donnees-a-caractere-personnel\/#breadcrumb\"},\"inLanguage\":\"fr-FR\",\"potentialAction\":[{\"@type\":\"ReadAction\",\"target\":[\"https:\/\/www.ipsen.com\/fr\/actionnaire-nominatif-note-dinformation-sur-la-protection-des-donnees-a-caractere-personnel\/\"]}]},{\"@type\":\"BreadcrumbList\",\"@id\":\"https:\/\/www.ipsen.com\/fr\/actionnaire-nominatif-note-dinformation-sur-la-protection-des-donnees-a-caractere-personnel\/#breadcrumb\",\"itemListElement\":[{\"@type\":\"ListItem\",\"position\":1,\"name\":\"Home\",\"item\":\"https:\/\/www.ipsen.com\/fr\/home\/\"},{\"@type\":\"ListItem\",\"position\":2,\"name\":\"Actionnaire nominatif \u2013 Note d\u2019information sur la protection des donn\u00e9es \u00e0 caract\u00e8re personnel\"}]},{\"@type\":\"WebSite\",\"@id\":\"https:\/\/www.ipsen.com\/fr\/#website\",\"url\":\"https:\/\/www.ipsen.com\/fr\/\",\"name\":\"Global\",\"description\":\"\",\"publisher\":{\"@id\":\"https:\/\/www.ipsen.com\/fr\/#organization\"},\"potentialAction\":[{\"@type\":\"SearchAction\",\"target\":{\"@type\":\"EntryPoint\",\"urlTemplate\":\"https:\/\/www.ipsen.com\/fr\/?s={search_term_string}\"},\"query-input\":{\"@type\":\"PropertyValueSpecification\",\"valueRequired\":true,\"valueName\":\"search_term_string\"}}],\"inLanguage\":\"fr-FR\"},{\"@type\":\"Organization\",\"@id\":\"https:\/\/www.ipsen.com\/fr\/#organization\",\"name\":\"IPSEN\",\"url\":\"https:\/\/www.ipsen.com\/fr\/\",\"logo\":{\"@type\":\"ImageObject\",\"inLanguage\":\"fr-FR\",\"@id\":\"https:\/\/www.ipsen.com\/fr\/#\/schema\/logo\/image\/\",\"url\":\"https:\/\/www.ipsen.com\/wp-content\/uploads\/2023\/12\/Latest_Ipsen-logo_168x48.svg\",\"contentUrl\":\"https:\/\/www.ipsen.com\/wp-content\/uploads\/2023\/12\/Latest_Ipsen-logo_168x48.svg\",\"caption\":\"IPSEN\"},\"image\":{\"@id\":\"https:\/\/www.ipsen.com\/fr\/#\/schema\/logo\/image\/\"},\"sameAs\":[\"https:\/\/www.facebook.com\/Ipsengroup\",\"https:\/\/x.com\/ipsengroup\"]}]}<\/script>\n<!-- \/ Yoast SEO plugin. -->","yoast_head_json":{"title":"Actionnaire nominatif \u2013 Note d\u2019information sur la protection des donn\u00e9es \u00e0 caract\u00e8re personnel - Global","robots":{"index":"index","follow":"follow","max-snippet":"max-snippet:-1","max-image-preview":"max-image-preview:large","max-video-preview":"max-video-preview:-1"},"canonical":"https:\/\/www.ipsen.com\/fr\/actionnaire-nominatif-note-dinformation-sur-la-protection-des-donnees-a-caractere-personnel\/","og_locale":"fr_FR","og_type":"article","og_title":"Actionnaire nominatif \u2013 Note d\u2019information sur la protection des donn\u00e9es \u00e0 caract\u00e8re personnel - Global","og_url":"https:\/\/www.ipsen.com\/fr\/actionnaire-nominatif-note-dinformation-sur-la-protection-des-donnees-a-caractere-personnel\/","og_site_name":"Global","article_modified_time":"2026-04-21T07:16:00+00:00","twitter_card":"summary_large_image","twitter_site":"@ipsengroup","twitter_misc":{"Est. reading time":"5 minutes"},"schema":{"@context":"https:\/\/schema.org","@graph":[{"@type":"WebPage","@id":"https:\/\/www.ipsen.com\/fr\/actionnaire-nominatif-note-dinformation-sur-la-protection-des-donnees-a-caractere-personnel\/","url":"https:\/\/www.ipsen.com\/fr\/actionnaire-nominatif-note-dinformation-sur-la-protection-des-donnees-a-caractere-personnel\/","name":"Actionnaire nominatif \u2013 Note d\u2019information sur la protection des donn\u00e9es \u00e0 caract\u00e8re personnel - Global","isPartOf":{"@id":"https:\/\/www.ipsen.com\/fr\/#website"},"datePublished":"2026-04-20T14:56:15+00:00","dateModified":"2026-04-21T07:16:00+00:00","breadcrumb":{"@id":"https:\/\/www.ipsen.com\/fr\/actionnaire-nominatif-note-dinformation-sur-la-protection-des-donnees-a-caractere-personnel\/#breadcrumb"},"inLanguage":"fr-FR","potentialAction":[{"@type":"ReadAction","target":["https:\/\/www.ipsen.com\/fr\/actionnaire-nominatif-note-dinformation-sur-la-protection-des-donnees-a-caractere-personnel\/"]}]},{"@type":"BreadcrumbList","@id":"https:\/\/www.ipsen.com\/fr\/actionnaire-nominatif-note-dinformation-sur-la-protection-des-donnees-a-caractere-personnel\/#breadcrumb","itemListElement":[{"@type":"ListItem","position":1,"name":"Home","item":"https:\/\/www.ipsen.com\/fr\/home\/"},{"@type":"ListItem","position":2,"name":"Actionnaire nominatif \u2013 Note d\u2019information sur la protection des donn\u00e9es \u00e0 caract\u00e8re personnel"}]},{"@type":"WebSite","@id":"https:\/\/www.ipsen.com\/fr\/#website","url":"https:\/\/www.ipsen.com\/fr\/","name":"Global","description":"","publisher":{"@id":"https:\/\/www.ipsen.com\/fr\/#organization"},"potentialAction":[{"@type":"SearchAction","target":{"@type":"EntryPoint","urlTemplate":"https:\/\/www.ipsen.com\/fr\/?s={search_term_string}"},"query-input":{"@type":"PropertyValueSpecification","valueRequired":true,"valueName":"search_term_string"}}],"inLanguage":"fr-FR"},{"@type":"Organization","@id":"https:\/\/www.ipsen.com\/fr\/#organization","name":"IPSEN","url":"https:\/\/www.ipsen.com\/fr\/","logo":{"@type":"ImageObject","inLanguage":"fr-FR","@id":"https:\/\/www.ipsen.com\/fr\/#\/schema\/logo\/image\/","url":"https:\/\/www.ipsen.com\/wp-content\/uploads\/2023\/12\/Latest_Ipsen-logo_168x48.svg","contentUrl":"https:\/\/www.ipsen.com\/wp-content\/uploads\/2023\/12\/Latest_Ipsen-logo_168x48.svg","caption":"IPSEN"},"image":{"@id":"https:\/\/www.ipsen.com\/fr\/#\/schema\/logo\/image\/"},"sameAs":["https:\/\/www.facebook.com\/Ipsengroup","https:\/\/x.com\/ipsengroup"]}]}},"jetpack_sharing_enabled":true,"_links":{"self":[{"href":"https:\/\/www.ipsen.com\/fr\/wp-json\/wp\/v2\/pages\/103584","targetHints":{"allow":["GET"]}}],"collection":[{"href":"https:\/\/www.ipsen.com\/fr\/wp-json\/wp\/v2\/pages"}],"about":[{"href":"https:\/\/www.ipsen.com\/fr\/wp-json\/wp\/v2\/types\/page"}],"author":[{"embeddable":true,"href":"https:\/\/www.ipsen.com\/fr\/wp-json\/wp\/v2\/users\/11"}],"replies":[{"embeddable":true,"href":"https:\/\/www.ipsen.com\/fr\/wp-json\/wp\/v2\/comments?post=103584"}],"version-history":[{"count":4,"href":"https:\/\/www.ipsen.com\/fr\/wp-json\/wp\/v2\/pages\/103584\/revisions"}],"predecessor-version":[{"id":103599,"href":"https:\/\/www.ipsen.com\/fr\/wp-json\/wp\/v2\/pages\/103584\/revisions\/103599"}],"wp:attachment":[{"href":"https:\/\/www.ipsen.com\/fr\/wp-json\/wp\/v2\/media?parent=103584"}],"curies":[{"name":"wp","href":"https:\/\/api.w.org\/{rel}","templated":true}]}}