{"id":101985,"date":"2026-03-19T18:46:07","date_gmt":"2026-03-19T16:46:07","guid":{"rendered":"https:\/\/www.ipsen.com\/?page_id=101985"},"modified":"2026-03-27T10:27:01","modified_gmt":"2026-03-27T08:27:01","slug":"notations-obligation","status":"publish","type":"page","link":"https:\/\/www.ipsen.com\/fr\/notations-obligation\/","title":{"rendered":"Notations &amp; Obligations"},"content":{"rendered":"    <section class=\"sub-page-banner \" style=\"background: linear-gradient(93.64deg, #224A81 2.99%, #2797D3 97.01%)\">\n        <div class=\"container content-sec\">\n            <nav aria-label=\"breadcrumb\">\n            <ol class=\"breadcrumb\">\n                <li class=\"breadcrumb-item\"><a href=\"https:\/\/www.ipsen.com\/fr\/\">Accueil<\/a><\/li><li class=\"breadcrumb-item visible\"><a href=\"https:\/\/www.ipsen.com\/fr\/investisseurs\/\">Investisseurs<\/a><\/li><li class=\"breadcrumb-item active\"><a class=\"link-pointer-events-none\" href=\"#\" aria-current=\"page\">Notations &amp; Obligations<\/a><\/li><\/ol>\n            <\/nav>            <h1 class=\"visible\">Notations &amp; Obligations<\/h1>\n            <p class=\"hidden\"><\/p>\n        <\/div>\n    <\/section>\n\n\n\n<!--Alert Card Layout Start Here-->\n<section class=\"alertcard-section\">\n      <div class=\"container\">\n        <!--Alert Box HTML Start Here-->\n        <div class=\"alert-box info-box\">\n                  <div class=\"info-contents\">\n          <h4 role=\"heading\" aria-level=\"2\" class=\"info-head heading-four heading-four\"><\/h4>\n            <p class=\"info-sub-head-para hidden heading-para\"><\/p>\n            <div class=\"alert-content visible\"><p>La notation de cr\u00e9dit est une \u00e9valuation ind\u00e9pendante de la capacit\u00e9 d&#8217;une entreprise donn\u00e9e \u00e0 honorer ses obligations financi\u00e8res. Ipsen est suivi par deux agences de notation : <strong>Moody&#8217;s Investors Service et S&amp;P Global Ratings<\/strong>.<\/p>\n<p>Les rapports de notation sont disponibles sur les sites web des agences de notation respectives.<\/p>\n<\/div>\n          <\/div>\n        <\/div>\n        <!--Alert Box HTML Start Here-->\n      <\/div>\n    <\/section>\n<!--Alert Card Layout End Here-->\n\n\n\n<div class=\"wp-block-columns is-layout-flex wp-container-core-columns-is-layout-9d6595d7 wp-block-columns-is-layout-flex\">\n<div class=\"wp-block-column is-layout-flow wp-block-column-is-layout-flow\" style=\"flex-basis:85%\">\n<p><strong><strong>\u00c9mission obligataire<\/strong><\/strong><\/p>\n\n\n\n<figure class=\"wp-block-table\"><table class=\"has-fixed-layout\"><tbody><tr><td>Devise<\/td><td>Montant en circulation<\/td><td>Coupon<\/td><td>Date de r\u00e8glement<\/td><td>Date d&#8217;\u00e9ch\u00e9ance<\/td><td>ISIN<\/td><td>Prospectus<\/td><\/tr><tr><td>EUR<\/td><td>500m<\/td><td>3.875%<\/td><td>25\/03\/2025<\/td><td>25\/03\/2032<\/td><td>FR001400YD27<\/td><td><strong><span style=\"text-decoration: underline;\"><a href=\"https:\/\/www.ipsen.com\/wp-content\/uploads\/2026\/03\/Impulse-Final-Prospectus-No.-25-076.pdf\" target=\"_blank\" rel=\"noreferrer noopener\">Cliquez ici<\/a><\/span><\/strong><\/td><\/tr><\/tbody><\/table><\/figure>\n\n\n\n<p><strong>Notations<\/strong><\/p>\n\n\n\n<figure class=\"wp-block-table\"><table class=\"has-fixed-layout\"><tbody><tr><td>&nbsp;<\/td><td>Moody\u2019s<\/td><td>S&amp;P<\/td><\/tr><tr><td>Notation <\/td><td>Baa3<\/td><td>BBB-<\/td><\/tr><tr><td>Perspective<\/td><td>Stable<\/td><td>Stable<\/td><\/tr><tr><td>Date de derni\u00e8re mise \u00e0 jour<\/td><td>20\/03\/2026<\/td><td>26\/03\/2026<\/td><\/tr><\/tbody><\/table><\/figure>\n<\/div>\n<\/div>\n\n\n\n<p class=\"has-white-color has-text-color has-link-color wp-elements-7e4ac651328708ea719ac0894fa30934\">.<\/p>\n\n\n\n<p class=\"has-white-color has-text-color has-link-color wp-elements-7e4ac651328708ea719ac0894fa30934\">.<\/p>\n\n\n\n<p><\/p>\n","protected":false},"excerpt":{"rendered":"","protected":false},"author":11,"featured_media":0,"parent":0,"menu_order":0,"comment_status":"closed","ping_status":"closed","template":"","meta":{"_acf_changed":false,"footnotes":""},"class_list":["post-101985","page","type-page","status-publish","hentry","entry"],"acf":[],"yoast_head":"<!-- This site is optimized with the Yoast SEO plugin v26.8 - https:\/\/yoast.com\/product\/yoast-seo-wordpress\/ -->\n<title>Notations &amp; Obligations - Global<\/title>\n<meta name=\"robots\" content=\"index, follow, max-snippet:-1, max-image-preview:large, max-video-preview:-1\" \/>\n<link rel=\"canonical\" href=\"https:\/\/www.ipsen.com\/fr\/notations-obligation\/\" \/>\n<meta property=\"og:locale\" content=\"fr_FR\" \/>\n<meta property=\"og:type\" content=\"article\" \/>\n<meta property=\"og:title\" content=\"Notations &amp; Obligations - Global\" \/>\n<meta property=\"og:url\" content=\"https:\/\/www.ipsen.com\/fr\/notations-obligation\/\" \/>\n<meta property=\"og:site_name\" content=\"Global\" \/>\n<meta property=\"article:modified_time\" content=\"2026-03-27T08:27:01+00:00\" \/>\n<meta name=\"twitter:card\" content=\"summary_large_image\" \/>\n<meta name=\"twitter:site\" content=\"@ipsengroup\" \/>\n<meta name=\"twitter:label1\" content=\"Est. reading time\" \/>\n\t<meta name=\"twitter:data1\" content=\"1 minute\" \/>\n<script type=\"application\/ld+json\" class=\"yoast-schema-graph\">{\"@context\":\"https:\/\/schema.org\",\"@graph\":[{\"@type\":\"WebPage\",\"@id\":\"https:\/\/www.ipsen.com\/fr\/notations-obligation\/\",\"url\":\"https:\/\/www.ipsen.com\/fr\/notations-obligation\/\",\"name\":\"Notations &amp; Obligations - Global\",\"isPartOf\":{\"@id\":\"https:\/\/www.ipsen.com\/fr\/#website\"},\"datePublished\":\"2026-03-19T16:46:07+00:00\",\"dateModified\":\"2026-03-27T08:27:01+00:00\",\"breadcrumb\":{\"@id\":\"https:\/\/www.ipsen.com\/fr\/notations-obligation\/#breadcrumb\"},\"inLanguage\":\"fr-FR\",\"potentialAction\":[{\"@type\":\"ReadAction\",\"target\":[\"https:\/\/www.ipsen.com\/fr\/notations-obligation\/\"]}]},{\"@type\":\"BreadcrumbList\",\"@id\":\"https:\/\/www.ipsen.com\/fr\/notations-obligation\/#breadcrumb\",\"itemListElement\":[{\"@type\":\"ListItem\",\"position\":1,\"name\":\"Home\",\"item\":\"https:\/\/www.ipsen.com\/fr\/\"},{\"@type\":\"ListItem\",\"position\":2,\"name\":\"Notations &amp; Obligations\"}]},{\"@type\":\"WebSite\",\"@id\":\"https:\/\/www.ipsen.com\/fr\/#website\",\"url\":\"https:\/\/www.ipsen.com\/fr\/\",\"name\":\"Global\",\"description\":\"\",\"publisher\":{\"@id\":\"https:\/\/www.ipsen.com\/fr\/#organization\"},\"potentialAction\":[{\"@type\":\"SearchAction\",\"target\":{\"@type\":\"EntryPoint\",\"urlTemplate\":\"https:\/\/www.ipsen.com\/fr\/?s={search_term_string}\"},\"query-input\":{\"@type\":\"PropertyValueSpecification\",\"valueRequired\":true,\"valueName\":\"search_term_string\"}}],\"inLanguage\":\"fr-FR\"},{\"@type\":\"Organization\",\"@id\":\"https:\/\/www.ipsen.com\/fr\/#organization\",\"name\":\"IPSEN\",\"url\":\"https:\/\/www.ipsen.com\/fr\/\",\"logo\":{\"@type\":\"ImageObject\",\"inLanguage\":\"fr-FR\",\"@id\":\"https:\/\/www.ipsen.com\/fr\/#\/schema\/logo\/image\/\",\"url\":\"https:\/\/www.ipsen.com\/wp-content\/uploads\/2023\/12\/Latest_Ipsen-logo_168x48.svg\",\"contentUrl\":\"https:\/\/www.ipsen.com\/wp-content\/uploads\/2023\/12\/Latest_Ipsen-logo_168x48.svg\",\"caption\":\"IPSEN\"},\"image\":{\"@id\":\"https:\/\/www.ipsen.com\/fr\/#\/schema\/logo\/image\/\"},\"sameAs\":[\"https:\/\/www.facebook.com\/Ipsengroup\",\"https:\/\/x.com\/ipsengroup\"]}]}<\/script>\n<!-- \/ Yoast SEO plugin. -->","yoast_head_json":{"title":"Notations &amp; Obligations - Global","robots":{"index":"index","follow":"follow","max-snippet":"max-snippet:-1","max-image-preview":"max-image-preview:large","max-video-preview":"max-video-preview:-1"},"canonical":"https:\/\/www.ipsen.com\/fr\/notations-obligation\/","og_locale":"fr_FR","og_type":"article","og_title":"Notations &amp; Obligations - Global","og_url":"https:\/\/www.ipsen.com\/fr\/notations-obligation\/","og_site_name":"Global","article_modified_time":"2026-03-27T08:27:01+00:00","twitter_card":"summary_large_image","twitter_site":"@ipsengroup","twitter_misc":{"Est. reading time":"1 minute"},"schema":{"@context":"https:\/\/schema.org","@graph":[{"@type":"WebPage","@id":"https:\/\/www.ipsen.com\/fr\/notations-obligation\/","url":"https:\/\/www.ipsen.com\/fr\/notations-obligation\/","name":"Notations &amp; Obligations - Global","isPartOf":{"@id":"https:\/\/www.ipsen.com\/fr\/#website"},"datePublished":"2026-03-19T16:46:07+00:00","dateModified":"2026-03-27T08:27:01+00:00","breadcrumb":{"@id":"https:\/\/www.ipsen.com\/fr\/notations-obligation\/#breadcrumb"},"inLanguage":"fr-FR","potentialAction":[{"@type":"ReadAction","target":["https:\/\/www.ipsen.com\/fr\/notations-obligation\/"]}]},{"@type":"BreadcrumbList","@id":"https:\/\/www.ipsen.com\/fr\/notations-obligation\/#breadcrumb","itemListElement":[{"@type":"ListItem","position":1,"name":"Home","item":"https:\/\/www.ipsen.com\/fr\/"},{"@type":"ListItem","position":2,"name":"Notations &amp; Obligations"}]},{"@type":"WebSite","@id":"https:\/\/www.ipsen.com\/fr\/#website","url":"https:\/\/www.ipsen.com\/fr\/","name":"Global","description":"","publisher":{"@id":"https:\/\/www.ipsen.com\/fr\/#organization"},"potentialAction":[{"@type":"SearchAction","target":{"@type":"EntryPoint","urlTemplate":"https:\/\/www.ipsen.com\/fr\/?s={search_term_string}"},"query-input":{"@type":"PropertyValueSpecification","valueRequired":true,"valueName":"search_term_string"}}],"inLanguage":"fr-FR"},{"@type":"Organization","@id":"https:\/\/www.ipsen.com\/fr\/#organization","name":"IPSEN","url":"https:\/\/www.ipsen.com\/fr\/","logo":{"@type":"ImageObject","inLanguage":"fr-FR","@id":"https:\/\/www.ipsen.com\/fr\/#\/schema\/logo\/image\/","url":"https:\/\/www.ipsen.com\/wp-content\/uploads\/2023\/12\/Latest_Ipsen-logo_168x48.svg","contentUrl":"https:\/\/www.ipsen.com\/wp-content\/uploads\/2023\/12\/Latest_Ipsen-logo_168x48.svg","caption":"IPSEN"},"image":{"@id":"https:\/\/www.ipsen.com\/fr\/#\/schema\/logo\/image\/"},"sameAs":["https:\/\/www.facebook.com\/Ipsengroup","https:\/\/x.com\/ipsengroup"]}]}},"jetpack_sharing_enabled":true,"_links":{"self":[{"href":"https:\/\/www.ipsen.com\/fr\/wp-json\/wp\/v2\/pages\/101985","targetHints":{"allow":["GET"]}}],"collection":[{"href":"https:\/\/www.ipsen.com\/fr\/wp-json\/wp\/v2\/pages"}],"about":[{"href":"https:\/\/www.ipsen.com\/fr\/wp-json\/wp\/v2\/types\/page"}],"author":[{"embeddable":true,"href":"https:\/\/www.ipsen.com\/fr\/wp-json\/wp\/v2\/users\/11"}],"replies":[{"embeddable":true,"href":"https:\/\/www.ipsen.com\/fr\/wp-json\/wp\/v2\/comments?post=101985"}],"version-history":[{"count":10,"href":"https:\/\/www.ipsen.com\/fr\/wp-json\/wp\/v2\/pages\/101985\/revisions"}],"predecessor-version":[{"id":102368,"href":"https:\/\/www.ipsen.com\/fr\/wp-json\/wp\/v2\/pages\/101985\/revisions\/102368"}],"wp:attachment":[{"href":"https:\/\/www.ipsen.com\/fr\/wp-json\/wp\/v2\/media?parent=101985"}],"curies":[{"name":"wp","href":"https:\/\/api.w.org\/{rel}","templated":true}]}}