{"id":101272,"date":"2026-03-09T19:19:32","date_gmt":"2026-03-09T17:19:32","guid":{"rendered":"https:\/\/www.ipsen.com\/?page_id=101272"},"modified":"2026-03-09T19:19:23","modified_gmt":"2026-03-09T17:19:23","slug":"annonce-tazverik","status":"publish","type":"page","link":"https:\/\/www.ipsen.com\/fr\/annonce-tazverik\/","title":{"rendered":"Annonce"},"content":{"rendered":"    <section class=\"sub-page-banner bg-color-enabled  banner-no-filter\" style=\"background: linear-gradient(93.64deg, #224A81 2.99%, #2797D3 97.01%)\">\n                <div class=\"container content-sec\">\n            <nav aria-label=\"breadcrumb\">\n            <ol class=\"breadcrumb\">\n                <li class=\"breadcrumb-item\"><a href=\"https:\/\/www.ipsen.com\/fr\/\">Accueil<\/a><\/li><li class=\"breadcrumb-item\"><a href=\"\">Pages<\/a><\/li><li class=\"breadcrumb-item active\"><a class=\"link-pointer-events-none\" href=\"#\" aria-current=\"page\">Annonce<\/a><\/li><\/ol>\n            <\/nav>            <h1 class=\"visible banner-font-color-white\">Annonce<\/h1>\n            <p class=\"hidden banner-font-color-white\"><\/p>\n        <\/div>\n    <\/section>\n\n\n\n\n<div class=\"wp-block-columns is-layout-flex wp-container-core-columns-is-layout-9d6595d7 wp-block-columns-is-layout-flex\">\n<div class=\"wp-block-column is-layout-flow wp-block-column-is-layout-flow\">\n<h2 class=\"wp-block-heading\"><strong>Avis de rappel volontaire de produit par Epizyme, Inc. pour les comprim\u00e9s de\u00a0Taz\u00e9m\u00e9tostat\u00a0bromhydrate (Tazverik\u00ae)<\/strong>\u00a0<\/h2>\n<\/div>\n<\/div>\n\n\n\n<p>Epizyme, Inc., en tant que titulaire de l\u2019autorisation de mise sur le march\u00e9 des comprim\u00e9s de&nbsp;Taz\u00e9m\u00e9tostat&nbsp;bromhydrate (Tazverik\u00ae) (le \u00ab\u202fProduit\u202f\u00bb), informe que, en raison de l\u2019apparition d\u2019un profil b\u00e9n\u00e9fice\/risque d\u00e9favorable et afin de prot\u00e9ger la s\u00e9curit\u00e9&nbsp;des patients, Epizyme Inc. a d\u00e9cid\u00e9&nbsp;d\u2019effectuer un rappel volontaire de tous les lots du Produit, fabriqu\u00e9s par&nbsp;Patheon&nbsp;Pharmaceuticals Inc., 2110 East Galbraith Road, Cincinnati, OH 45237, USA, sur le march\u00e9&nbsp;chinois, conform\u00e9ment aux&nbsp;<em>Measures&nbsp;for the Administration of Drug&nbsp;Recall<\/em>&nbsp;et autres r\u00e9glementations pertinentes.&nbsp;<\/p>\n\n\n\n<p>Le Produit distribu\u00e9 en Chine est pr\u00e9sent\u00e9 sous forme de comprim\u00e9s de 200 mg, portant le num\u00e9ro de lot\u202f:&nbsp;<strong>3237911S<\/strong>. Il s\u2019agit d\u2019un rappel de m\u00e9dicament de&nbsp;<strong>Classe I<\/strong>.&nbsp;<\/p>\n\n\n\n<p>Epizyme, en collaboration avec son agent\/licenci\u00e9 local HUTCHMED Limited, a initi\u00e9 le retrait imm\u00e9diat et le rappel du Produit du march\u00e9 chinois.&nbsp;<\/p>\n\n\n\n<p><\/p>\n","protected":false},"excerpt":{"rendered":"","protected":false},"author":9,"featured_media":0,"parent":0,"menu_order":0,"comment_status":"closed","ping_status":"closed","template":"","meta":{"_acf_changed":false,"footnotes":""},"class_list":["post-101272","page","type-page","status-publish","hentry","entry"],"acf":[],"yoast_head":"<!-- This site is optimized with the Yoast SEO plugin v26.8 - https:\/\/yoast.com\/product\/yoast-seo-wordpress\/ -->\n<title>Ipsen Annonce<\/title>\n<meta name=\"description\" content=\"Avis de rappel volontaire de produit par Epizyme, Inc. pour les comprim\u00e9s de\u00a0Taz\u00e9m\u00e9tostat\u00a0bromhydrate (Tazverik\u00ae)\u00a0\" \/>\n<meta name=\"robots\" content=\"index, follow, max-snippet:-1, max-image-preview:large, max-video-preview:-1\" \/>\n<link rel=\"canonical\" href=\"https:\/\/www.ipsen.com\/fr\/annonce-tazverik\/\" \/>\n<meta property=\"og:locale\" content=\"fr_FR\" \/>\n<meta property=\"og:type\" content=\"article\" \/>\n<meta property=\"og:title\" content=\"Ipsen Annonce\" \/>\n<meta property=\"og:description\" content=\"Avis de rappel volontaire de produit par Epizyme, Inc. pour les comprim\u00e9s de\u00a0Taz\u00e9m\u00e9tostat\u00a0bromhydrate (Tazverik\u00ae)\u00a0\" \/>\n<meta property=\"og:url\" content=\"https:\/\/www.ipsen.com\/fr\/annonce-tazverik\/\" \/>\n<meta property=\"og:site_name\" content=\"Global\" \/>\n<meta name=\"twitter:card\" content=\"summary_large_image\" \/>\n<meta name=\"twitter:site\" content=\"@ipsengroup\" \/>\n<meta name=\"twitter:label1\" content=\"Est. reading time\" \/>\n\t<meta name=\"twitter:data1\" content=\"1 minute\" \/>\n<script type=\"application\/ld+json\" class=\"yoast-schema-graph\">{\"@context\":\"https:\/\/schema.org\",\"@graph\":[{\"@type\":\"WebPage\",\"@id\":\"https:\/\/www.ipsen.com\/fr\/annonce-tazverik\/\",\"url\":\"https:\/\/www.ipsen.com\/fr\/annonce-tazverik\/\",\"name\":\"Ipsen Annonce\",\"isPartOf\":{\"@id\":\"https:\/\/www.ipsen.com\/fr\/#website\"},\"datePublished\":\"2026-03-09T17:19:32+00:00\",\"description\":\"Avis de rappel volontaire de produit par Epizyme, Inc. pour les comprim\u00e9s de\u00a0Taz\u00e9m\u00e9tostat\u00a0bromhydrate (Tazverik\u00ae)\u00a0\",\"breadcrumb\":{\"@id\":\"https:\/\/www.ipsen.com\/fr\/annonce-tazverik\/#breadcrumb\"},\"inLanguage\":\"fr-FR\",\"potentialAction\":[{\"@type\":\"ReadAction\",\"target\":[\"https:\/\/www.ipsen.com\/fr\/annonce-tazverik\/\"]}]},{\"@type\":\"BreadcrumbList\",\"@id\":\"https:\/\/www.ipsen.com\/fr\/annonce-tazverik\/#breadcrumb\",\"itemListElement\":[{\"@type\":\"ListItem\",\"position\":1,\"name\":\"Home\",\"item\":\"https:\/\/www.ipsen.com\/fr\/\"},{\"@type\":\"ListItem\",\"position\":2,\"name\":\"Annonce\"}]},{\"@type\":\"WebSite\",\"@id\":\"https:\/\/www.ipsen.com\/fr\/#website\",\"url\":\"https:\/\/www.ipsen.com\/fr\/\",\"name\":\"Global\",\"description\":\"\",\"publisher\":{\"@id\":\"https:\/\/www.ipsen.com\/fr\/#organization\"},\"potentialAction\":[{\"@type\":\"SearchAction\",\"target\":{\"@type\":\"EntryPoint\",\"urlTemplate\":\"https:\/\/www.ipsen.com\/fr\/?s={search_term_string}\"},\"query-input\":{\"@type\":\"PropertyValueSpecification\",\"valueRequired\":true,\"valueName\":\"search_term_string\"}}],\"inLanguage\":\"fr-FR\"},{\"@type\":\"Organization\",\"@id\":\"https:\/\/www.ipsen.com\/fr\/#organization\",\"name\":\"IPSEN\",\"url\":\"https:\/\/www.ipsen.com\/fr\/\",\"logo\":{\"@type\":\"ImageObject\",\"inLanguage\":\"fr-FR\",\"@id\":\"https:\/\/www.ipsen.com\/fr\/#\/schema\/logo\/image\/\",\"url\":\"https:\/\/www.ipsen.com\/wp-content\/uploads\/2023\/12\/Latest_Ipsen-logo_168x48.svg\",\"contentUrl\":\"https:\/\/www.ipsen.com\/wp-content\/uploads\/2023\/12\/Latest_Ipsen-logo_168x48.svg\",\"caption\":\"IPSEN\"},\"image\":{\"@id\":\"https:\/\/www.ipsen.com\/fr\/#\/schema\/logo\/image\/\"},\"sameAs\":[\"https:\/\/www.facebook.com\/Ipsengroup\",\"https:\/\/x.com\/ipsengroup\"]}]}<\/script>\n<!-- \/ Yoast SEO plugin. -->","yoast_head_json":{"title":"Ipsen Annonce","description":"Avis de rappel volontaire de produit par Epizyme, Inc. pour les comprim\u00e9s de\u00a0Taz\u00e9m\u00e9tostat\u00a0bromhydrate (Tazverik\u00ae)\u00a0","robots":{"index":"index","follow":"follow","max-snippet":"max-snippet:-1","max-image-preview":"max-image-preview:large","max-video-preview":"max-video-preview:-1"},"canonical":"https:\/\/www.ipsen.com\/fr\/annonce-tazverik\/","og_locale":"fr_FR","og_type":"article","og_title":"Ipsen Annonce","og_description":"Avis de rappel volontaire de produit par Epizyme, Inc. pour les comprim\u00e9s de\u00a0Taz\u00e9m\u00e9tostat\u00a0bromhydrate (Tazverik\u00ae)\u00a0","og_url":"https:\/\/www.ipsen.com\/fr\/annonce-tazverik\/","og_site_name":"Global","twitter_card":"summary_large_image","twitter_site":"@ipsengroup","twitter_misc":{"Est. reading time":"1 minute"},"schema":{"@context":"https:\/\/schema.org","@graph":[{"@type":"WebPage","@id":"https:\/\/www.ipsen.com\/fr\/annonce-tazverik\/","url":"https:\/\/www.ipsen.com\/fr\/annonce-tazverik\/","name":"Ipsen Annonce","isPartOf":{"@id":"https:\/\/www.ipsen.com\/fr\/#website"},"datePublished":"2026-03-09T17:19:32+00:00","description":"Avis de rappel volontaire de produit par Epizyme, Inc. pour les comprim\u00e9s de\u00a0Taz\u00e9m\u00e9tostat\u00a0bromhydrate (Tazverik\u00ae)\u00a0","breadcrumb":{"@id":"https:\/\/www.ipsen.com\/fr\/annonce-tazverik\/#breadcrumb"},"inLanguage":"fr-FR","potentialAction":[{"@type":"ReadAction","target":["https:\/\/www.ipsen.com\/fr\/annonce-tazverik\/"]}]},{"@type":"BreadcrumbList","@id":"https:\/\/www.ipsen.com\/fr\/annonce-tazverik\/#breadcrumb","itemListElement":[{"@type":"ListItem","position":1,"name":"Home","item":"https:\/\/www.ipsen.com\/fr\/"},{"@type":"ListItem","position":2,"name":"Annonce"}]},{"@type":"WebSite","@id":"https:\/\/www.ipsen.com\/fr\/#website","url":"https:\/\/www.ipsen.com\/fr\/","name":"Global","description":"","publisher":{"@id":"https:\/\/www.ipsen.com\/fr\/#organization"},"potentialAction":[{"@type":"SearchAction","target":{"@type":"EntryPoint","urlTemplate":"https:\/\/www.ipsen.com\/fr\/?s={search_term_string}"},"query-input":{"@type":"PropertyValueSpecification","valueRequired":true,"valueName":"search_term_string"}}],"inLanguage":"fr-FR"},{"@type":"Organization","@id":"https:\/\/www.ipsen.com\/fr\/#organization","name":"IPSEN","url":"https:\/\/www.ipsen.com\/fr\/","logo":{"@type":"ImageObject","inLanguage":"fr-FR","@id":"https:\/\/www.ipsen.com\/fr\/#\/schema\/logo\/image\/","url":"https:\/\/www.ipsen.com\/wp-content\/uploads\/2023\/12\/Latest_Ipsen-logo_168x48.svg","contentUrl":"https:\/\/www.ipsen.com\/wp-content\/uploads\/2023\/12\/Latest_Ipsen-logo_168x48.svg","caption":"IPSEN"},"image":{"@id":"https:\/\/www.ipsen.com\/fr\/#\/schema\/logo\/image\/"},"sameAs":["https:\/\/www.facebook.com\/Ipsengroup","https:\/\/x.com\/ipsengroup"]}]}},"jetpack_sharing_enabled":true,"_links":{"self":[{"href":"https:\/\/www.ipsen.com\/fr\/wp-json\/wp\/v2\/pages\/101272","targetHints":{"allow":["GET"]}}],"collection":[{"href":"https:\/\/www.ipsen.com\/fr\/wp-json\/wp\/v2\/pages"}],"about":[{"href":"https:\/\/www.ipsen.com\/fr\/wp-json\/wp\/v2\/types\/page"}],"author":[{"embeddable":true,"href":"https:\/\/www.ipsen.com\/fr\/wp-json\/wp\/v2\/users\/9"}],"replies":[{"embeddable":true,"href":"https:\/\/www.ipsen.com\/fr\/wp-json\/wp\/v2\/comments?post=101272"}],"version-history":[{"count":3,"href":"https:\/\/www.ipsen.com\/fr\/wp-json\/wp\/v2\/pages\/101272\/revisions"}],"predecessor-version":[{"id":101277,"href":"https:\/\/www.ipsen.com\/fr\/wp-json\/wp\/v2\/pages\/101272\/revisions\/101277"}],"wp:attachment":[{"href":"https:\/\/www.ipsen.com\/fr\/wp-json\/wp\/v2\/media?parent=101272"}],"curies":[{"name":"wp","href":"https:\/\/api.w.org\/{rel}","templated":true}]}}