{"id":741,"date":"2026-02-02T17:33:43","date_gmt":"2026-02-02T15:33:43","guid":{"rendered":"https:\/\/www.ipsen.com\/czc\/?page_id=741"},"modified":"2026-02-03T14:22:45","modified_gmt":"2026-02-03T12:22:45","slug":"hlaseni-podezreni-na-nezadouci-ucinky","status":"publish","type":"page","link":"https:\/\/www.ipsen.com\/czc\/kontakt\/hlaseni-podezreni-na-nezadouci-ucinky\/","title":{"rendered":"HL\u00c1\u0160EN\u00cd PODEZ\u0158EN\u00cd NA NE\u017d\u00c1DOUC\u00cd \u00da\u010cINKY"},"content":{"rendered":"    <section class=\"sub-page-banner \" style=\"background: linear-gradient(93.64deg, #224A81 2.99%, #2797D3 97.01%)\">\n        <div class=\"container content-sec\">\n            <nav aria-label=\"breadcrumb\">\n            <ol class=\"breadcrumb\">\n                <li class=\"breadcrumb-item\"><a href=\"https:\/\/www.ipsen.com\/czc\">Dom\u016f<\/a><\/li><li class=\"breadcrumb-item visible\"><a href=\"https:\/\/www.ipsen.com\/czc\/kontakt\/\">Kontakt<\/a><\/li><li class=\"breadcrumb-item active\"><a class=\"link-pointer-events-none\" href=\"#\" aria-current=\"page\">HL\u00c1\u0160EN\u00cd PODEZ\u0158EN\u00cd NA NE\u017d\u00c1DOUC\u00cd \u00da\u010cINKY<\/a><\/li><\/ol>\n            <\/nav>            <h1 class=\"visible\">HL\u00c1\u0160EN\u00cd PODEZ\u0158EN\u00cd NA NE\u017d\u00c1DOUC\u00cd \u00da\u010cINKY<\/h1>\n            <p class=\"hidden\"><\/p>\n        <\/div>\n    <\/section>\n\n\n    <section class=\"title-text \">\n        <div class=\"container\">\n            <div class=\"title-text-inner\" style=\"background-color:#EDEBE4;\">\n\n                <!-- If heading is enabled then it's visible -->\n                <div class=\"text-head-dash visible\">\n                <h3 class=\"heading-three\" role=\"heading\" aria-level=\"2\">\n                        HL\u00c1\u0160EN\u00cd PODEZ\u0158EN\u00cd NA NE\u017d\u00c1DOUC\u00cd \u00da\u010cINKY a dal\u0161\u00edch informac\u00ed t\u00fdkaj\u00edc\u00edch se bezpe\u010dnosti na\u0161ich p\u0159\u00edpravk\u016f:                    <\/h3>\n                <\/div>\n               \n                <!-- If description is enabled then it's visible -->\n                <div class=\"text-parbase visible\">\n                    <p><strong>Hlaste n\u00e1m je pros\u00edm co nejd\u0159\u00edve, abyste n\u00e1m pomohli zajistit bezpe\u010dnost pacient\u016f.<\/strong><\/p>\n<p>Je d\u016fle\u017eit\u00e9 hl\u00e1sit i podez\u0159en\u00ed na ne\u017e\u00e1douc\u00ed reakci. Nahlaste pros\u00edm jak\u00e9koli reakce, kter\u00e9 pova\u017eujete za neobvykl\u00e9 nebo odli\u0161n\u00e9 . P\u0159i hl\u00e1\u0161en\u00ed podez\u0159en\u00ed na ne\u017e\u00e1douc\u00ed reakci nemus\u00edte m\u00edt jistotu, \u017ee reakce byla zp\u016fsobena dan\u00fdm l\u00e9\u010div\u00fdm p\u0159\u00edpravkem. Hl\u00e1sit je t\u0159eba i podez\u0159en\u00ed na ne\u017e\u00e1douc\u00ed \u00fa\u010dinek, proto\u017ee rozhodnut\u00ed, zda existuje vztah mezi reakc\u00ed a pod\u00e1n\u00edm l\u00e9\u010di v\u00e9ho p\u0159\u00edpravku je v mnoha p\u0159\u00edpadech velmi obt\u00ed\u017en\u00e9.<\/p>\n<p>Shroma\u017e\u010fujeme nejen informace o podez\u0159en\u00edch na ne\u017e\u00e1douc\u00ed \u00fa\u010dinky, ale tak\u00e9 \u00fadaje o dal\u0161\u00edch bezpe\u010dnostn\u011b relevantn\u00edch situac\u00edch (nap\u0159. u\u017eit\u00ed p\u0159\u00edpravku b\u011bhem t\u011bhotenstv\u00ed nebo kojen\u00ed, p\u0159ed\u00e1vkov\u00e1n\u00ed, chyb\u00e1ch v medikaci apod.) a to i v p\u0159\u00edpad\u011b, \u017ee nebyla pozorov\u00e1na ne\u017e\u00e1douc\u00ed reakce. Podrobn\u00e9 informace o tom, jak\u00e1 data shroma\u017e\u010fujeme, naleznete v sekci \u201e<span style=\"text-decoration: underline\"><strong><a href=\"https:\/\/www.ipsen.com\/czc\/nase-produkty\/farmakovigilance\/\">Farmakovigilance<\/a><\/strong><\/span>\u201c.<\/p>\n<p><strong>KAM HL\u00c1SIT ?<\/strong><br \/>\nHlaste je pros\u00edm p\u0159\u00edmo na\u0161emu farmakovigilan\u010dn\u00edmu odd\u011blen\u00ed na:<\/p>\n<p><strong>Email:<\/strong> <a href=\"mailto:pharmacovigilance.czech@ipsen.com\">pharmacovigilance.czech@ipsen.com<\/a><\/p>\n<p>P\u0159\u00edpadn\u011b jej m\u016f\u017eete nahl\u00e1sit tak\u00e9 telefonicky prost\u0159ednictv\u00edm obecn\u00e9ho telefonn\u00ed kontaktu na\u0161\u00ed pobo\u010dky : +420 242 481 821<\/p>\n<p><strong>CO HL\u00c1SIT ?<\/strong><\/p>\n<p>\u2022 <strong>Kter\u00fd p\u0159\u00edpravek\/p\u0159\u00edpravky podez\u0159\u00edv\u00e1te<\/strong> z vyvol\u00e1n\u00ed podez\u0159el\u00e9 ne\u017e\u00e1douc\u00ed reakce, nebo kter\u00e9ho p\u0159\u00edpravku se dan\u00e1 bezpe\u010dnostn\u00ed informace t\u00fdk\u00e1?\u00a0<em>(pokud je zn\u00e1mo, uve\u010fte pros\u00edm tak\u00e9: pou\u017eit\u00fd d\u00e1vkovac\u00ed re\u017eim, d\u00e9lka trv\u00e1n\u00ed l\u00e9 \u010dby \u2013 ide\u00e1ln\u011b p\u0159esn\u00e9 datum nebo \u010dasov\u00e9 obdob\u00ed, indikaci, pro kterou byl p\u0159\u00edpravek u\u017e\u00edv\u00e1n, \u010d\u00edslo \u0161ar\u017ee a datum expirace)<\/em><\/p>\n<p>\u2022 <strong>Popis podez\u0159el\u00e9 ne\u017e\u00e1douc\u00ed reakce nebo ud\u00e1losti:<\/strong><em>(chronologick\u00fd popis toho, co se stalo, z\u00e1va\u017enost, datum za\u010d\u00e1tku a ukon\u010den\u00ed reakce nebo jak dlouho trvala\/trv\u00e1 a jak\u00fd je v\u00fdsledek reakce )<\/em><\/p>\n<p>\u2022 <strong>\u00dadaje o pacientovi, kter\u00e9ho se hl\u00e1\u0161en\u00ed t\u00fdk\u00e1<\/strong> <em>(alespo\u0148 jeden z\u202fn\u00e1sleduj\u00edc\u00edch \u00fadaj\u016f: pohlav\u00ed, v\u011bk\/datum narozen\u00ed, inici\u00e1ly)<\/em><\/p>\n<p>\u2022 <strong>Informace o V\u00e1s \u2013 osob\u011b, kter\u00e1 p\u0159\u00edpad hl\u00e1s\u00ed <\/strong><em>(kvalifikace, zda jste zdravotnick\u00fd pracovn\u00edk, pacient nebo pe\u010duj\u00edc\u00ed osoba, Va\u0161e jm\u00e9no <\/em><em>a kontaktn\u00ed \u00fadaje (e mail \/ telefon) a zda ud\u011blujete souhlas s\u202ft\u00edm, abychom V\u00e1s mohli <\/em><em>kontaktovat v\u202fp\u0159\u00edpad\u011b pot\u0159eby dopln\u011bn\u00ed informac\u00ed k\u202fhl\u00e1\u0161en\u00ed)<\/em><\/p>\n<p>Pokud je to mo\u017en\u00e9, uve\u010fte tak\u00e9 jak\u00e9koli dal\u0161\u00ed u\u017eite\u010dn\u00e9 informace, nap\u0159\u00edklad:<\/p>\n<p>Informace o dal\u0161\u00edch sou\u010dasn\u011b u\u017e\u00edvan\u00fdch l\u00e9c\u00edch, podrobnosti o anamn\u00e9ze a u\u017e\u00edv\u00e1n\u00ed jin\u00fdch l\u00e9k\u016f v minulosti nebo jak\u00e9koli jin\u00e9 \u00fadaje, kter\u00e9 pova\u017eujete za relevantn\u00ed pro hl\u00e1\u0161en\u00ed.<\/p>\n<p><strong>V\u202f\u010cesk\u00e9 republice m\u016f\u017eete podez\u0159en\u00ed na ne\u017e\u00e1douc\u00ed \u00fa\u010dinky hl\u00e1sit tak\u00e9 p\u0159\u00edmo prost\u0159ednictv\u00edm St\u00e1tn\u00edho \u00fastavu pro kontrolu l\u00e9\u010div (S\u00daKL): <span style=\"text-decoration: underline\"><a href=\"https:\/\/nezadouciucinky.sukl.cz\/\">Ne\u017e\u00e1douc\u00ed \u00fa\u010dinky<\/a><\/span><\/strong><\/p>\n<p>Uji\u0161\u0165ujeme v\u00e1s, \u017ee v\u0161echny informace, kter\u00e9 n\u00e1m poskytnete, budou pova\u017eov\u00e1ny za p\u0159\u00edsn\u011b d\u016fv\u011brn\u00e9. Db\u00e1me na ochranu osobn\u00edch \u00fadaj\u016f, kter\u00e9 zpracov\u00e1v\u00e1me, v souladu s platn\u00fdmi pr\u00e1vn\u00edmi p\u0159edpisy o ochran\u011b soukrom\u00ed a osobn\u00edch \u00fadaj\u016f, v\u010detn\u011b Obecn\u00e9ho na\u0159\u00edzen\u00ed Evropsk\u00e9 unie o ochran\u011b osobn\u00edch \u00fadaj\u016f (GDPR), a dal\u0161\u00edmi p\u0159\u00edslu\u0161n\u00fdmi m\u00edstn\u00edmi z\u00e1kony upravuj\u00edc\u00edmi uchov\u00e1v\u00e1n\u00ed, zpracov\u00e1n\u00ed, p\u0159\u00edstup a p\u0159ed\u00e1v\u00e1n\u00ed osobn\u00edch \u00fadaj\u016f. (V\u00edce informac\u00ed ohledn\u011b zpracov\u00e1n\u00ed osobn\u00edch \u00fadaj\u016f m\u016f\u017eete naj\u00edt <a href=\"https:\/\/www.ipsen.com\/czc\/pravidla-ochrany-osobnich-udaju\/\">zde)<\/a><\/p>\n<p>V\u00e1\u017e\u00edme si Va\u0161\u00ed spolupr\u00e1ce a podpory v na\u0161em \u00fasil\u00ed o zaji\u0161t\u011bn\u00ed bezpe\u010dnosti pacient\u016f.<\/p>\n                <\/div>\n\n                <!-- If button is enabled then it's visible -->\n                \n            <\/div>\n        <\/div>\n    <\/section>\n\n\n    <section class=\"title-text \">\n        <div class=\"container\">\n            <div class=\"title-text-inner\" style=\"background-color:#EDEBE4;\">\n\n                <!-- If heading is enabled then it's visible -->\n                <div class=\"text-head-dash visible\">\n                <h3 class=\"heading-three\" role=\"heading\" aria-level=\"2\">\n                        Hl\u00e1\u0161en\u00ed st\u00ed\u017enost\u00ed na kvalitu produktu                    <\/h3>\n                <\/div>\n               \n                <!-- If description is enabled then it's visible -->\n                <div class=\"text-parbase visible\">\n                    <p>V p\u0159\u00edpad\u011b st\u00ed\u017enosti na kvalitu produktu firmy Ipsen Pharma s.r.o. kontaktujte: <a href=\"mailto:complaints.czech@ipsen.com\">complaints.czech@ipsen.com <\/a>nebo na telefonn\u00edm \u010d\u00edsle +420 242 481 821 zvolte linku \u010d\u00edslo 3.<\/p>\n<p>Co hl\u00e1sit pro st\u00ed\u017enost:<\/p>\n<ul>\n<li><strong>KDO<\/strong> ozn\u00e1mil (distributor \/ l\u00e9ka\u0159 \/ l\u00e9k\u00e1rn\u00edk \/ sestra \/ pacient atd.) a kontaktn\u00ed \u00fadaje \u2013 jm\u00e9no, telefon, e\u2011mail, adresa<\/li>\n<li><strong>CO<\/strong> se stalo \u2013 popis st\u00ed\u017enosti a zda byl p\u0159\u00edpravek pou\u017eit<\/li>\n<li><strong>KTER\u00dd<\/strong> p\u0159\u00edpravek firmy Ipsen \u2013 n\u00e1zev, doba pou\u017eitelnosti, \u010d\u00edslo \u0161ar\u017ee<\/li>\n<\/ul>\n<p>Po\u017e\u00e1dejte, aby si st\u011b\u017eovatel p\u0159\u00edpravek ponechal do doby, ne\u017e spole\u010dnost Ipsen Pharma s.r.o. st\u011b\u017eovateli potvrd\u00ed \/ up\u0159esn\u00ed zp\u016fsob jeho vr\u00e1cen\u00ed.<\/p>\n                <\/div>\n\n                <!-- If button is enabled then it's visible -->\n                \n            <\/div>\n        <\/div>\n    <\/section>\n\n\n    <section class=\"title-text \">\n        <div class=\"container\">\n            <div class=\"title-text-inner\" style=\"background-color:#EDEBE4;\">\n\n                <!-- If heading is enabled then it's visible -->\n                <div class=\"text-head-dash visible\">\n                <h3 class=\"heading-three\" role=\"heading\" aria-level=\"2\">\n                        Medic\u00ednsk\u00e9 dotazy                    <\/h3>\n                <\/div>\n               \n                <!-- If description is enabled then it's visible -->\n                <div class=\"text-parbase visible\">\n                    <p>V p\u0159\u00edpad\u011b medic\u00ednsk\u00e9ho dotazu kontaktujte: <a href=\"mailto:Medinfo.czech@ipsen.com\">Medinfo.czech@ipsen.com<\/a><\/p>\n<p>Nebo na telefonn\u00edm \u010d\u00edsle +420 242 481 821 zvolte linku \u010d\u00edslo 1, kter\u00e1 je ur\u010dena zdravotnick\u00fdm odborn\u00edk\u016fm. K dispozici je zde medic\u00ednsk\u00fd informa\u010dn\u00ed servis, kter\u00fd je poskytov\u00e1n v anglick\u00e9m jazyce.<\/p>\n                <\/div>\n\n                <!-- If button is enabled then it's visible -->\n                \n            <\/div>\n        <\/div>\n    <\/section>\n","protected":false},"excerpt":{"rendered":"","protected":false},"author":125,"featured_media":0,"parent":31,"menu_order":0,"comment_status":"closed","ping_status":"closed","template":"","meta":{"_acf_changed":false,"footnotes":""},"class_list":["post-741","page","type-page","status-publish","hentry","entry"],"acf":[],"yoast_head":"<!-- This site is optimized with the Yoast SEO plugin v26.8 - https:\/\/yoast.com\/product\/yoast-seo-wordpress\/ -->\n<title>HL\u00c1\u0160EN\u00cd PODEZ\u0158EN\u00cd NA NE\u017d\u00c1DOUC\u00cd \u00da\u010cINKY - Czech Republic<\/title>\n<meta name=\"robots\" content=\"index, follow, max-snippet:-1, max-image-preview:large, max-video-preview:-1\" \/>\n<link rel=\"canonical\" href=\"https:\/\/www.ipsen.com\/czc\/kontakt\/hlaseni-podezreni-na-nezadouci-ucinky\/\" \/>\n<meta property=\"og:locale\" content=\"cs_CZ\" \/>\n<meta property=\"og:type\" content=\"article\" \/>\n<meta property=\"og:title\" content=\"HL\u00c1\u0160EN\u00cd PODEZ\u0158EN\u00cd NA NE\u017d\u00c1DOUC\u00cd \u00da\u010cINKY - Czech Republic\" \/>\n<meta property=\"og:url\" content=\"https:\/\/www.ipsen.com\/czc\/kontakt\/hlaseni-podezreni-na-nezadouci-ucinky\/\" \/>\n<meta property=\"og:site_name\" content=\"Czech Republic\" \/>\n<meta property=\"article:modified_time\" content=\"2026-02-03T12:22:45+00:00\" \/>\n<meta name=\"twitter:card\" content=\"summary_large_image\" \/>\n<script type=\"application\/ld+json\" class=\"yoast-schema-graph\">{\"@context\":\"https:\/\/schema.org\",\"@graph\":[{\"@type\":\"WebPage\",\"@id\":\"https:\/\/www.ipsen.com\/czc\/kontakt\/hlaseni-podezreni-na-nezadouci-ucinky\/\",\"url\":\"https:\/\/www.ipsen.com\/czc\/kontakt\/hlaseni-podezreni-na-nezadouci-ucinky\/\",\"name\":\"HL\u00c1\u0160EN\u00cd PODEZ\u0158EN\u00cd NA NE\u017d\u00c1DOUC\u00cd \u00da\u010cINKY - Czech Republic\",\"isPartOf\":{\"@id\":\"https:\/\/www.ipsen.com\/czc\/#website\"},\"datePublished\":\"2026-02-02T15:33:43+00:00\",\"dateModified\":\"2026-02-03T12:22:45+00:00\",\"breadcrumb\":{\"@id\":\"https:\/\/www.ipsen.com\/czc\/kontakt\/hlaseni-podezreni-na-nezadouci-ucinky\/#breadcrumb\"},\"inLanguage\":\"cs-CZ\",\"potentialAction\":[{\"@type\":\"ReadAction\",\"target\":[\"https:\/\/www.ipsen.com\/czc\/kontakt\/hlaseni-podezreni-na-nezadouci-ucinky\/\"]}]},{\"@type\":\"BreadcrumbList\",\"@id\":\"https:\/\/www.ipsen.com\/czc\/kontakt\/hlaseni-podezreni-na-nezadouci-ucinky\/#breadcrumb\",\"itemListElement\":[{\"@type\":\"ListItem\",\"position\":1,\"name\":\"Home\",\"item\":\"https:\/\/www.ipsen.com\/czc\/\"},{\"@type\":\"ListItem\",\"position\":2,\"name\":\"Kontakt\",\"item\":\"https:\/\/www.ipsen.com\/czc\/kontakt\/\"},{\"@type\":\"ListItem\",\"position\":3,\"name\":\"HL\u00c1\u0160EN\u00cd PODEZ\u0158EN\u00cd NA NE\u017d\u00c1DOUC\u00cd \u00da\u010cINKY\"}]},{\"@type\":\"WebSite\",\"@id\":\"https:\/\/www.ipsen.com\/czc\/#website\",\"url\":\"https:\/\/www.ipsen.com\/czc\/\",\"name\":\"Czech Republic\",\"description\":\"\",\"publisher\":{\"@id\":\"https:\/\/www.ipsen.com\/czc\/#organization\"},\"potentialAction\":[{\"@type\":\"SearchAction\",\"target\":{\"@type\":\"EntryPoint\",\"urlTemplate\":\"https:\/\/www.ipsen.com\/czc\/?s={search_term_string}\"},\"query-input\":{\"@type\":\"PropertyValueSpecification\",\"valueRequired\":true,\"valueName\":\"search_term_string\"}}],\"inLanguage\":\"cs-CZ\"},{\"@type\":\"Organization\",\"@id\":\"https:\/\/www.ipsen.com\/czc\/#organization\",\"name\":\"Czech Republic\",\"url\":\"https:\/\/www.ipsen.com\/czc\/\",\"logo\":{\"@type\":\"ImageObject\",\"inLanguage\":\"cs-CZ\",\"@id\":\"https:\/\/www.ipsen.com\/czc\/#\/schema\/logo\/image\/\",\"url\":\"https:\/\/www.ipsen.com\/czc\/wp-content\/uploads\/sites\/23\/2025\/09\/Logo-Ipsen-new.svg\",\"contentUrl\":\"https:\/\/www.ipsen.com\/czc\/wp-content\/uploads\/sites\/23\/2025\/09\/Logo-Ipsen-new.svg\",\"caption\":\"Czech Republic\"},\"image\":{\"@id\":\"https:\/\/www.ipsen.com\/czc\/#\/schema\/logo\/image\/\"}}]}<\/script>\n<!-- \/ Yoast SEO plugin. -->","yoast_head_json":{"title":"HL\u00c1\u0160EN\u00cd PODEZ\u0158EN\u00cd NA NE\u017d\u00c1DOUC\u00cd \u00da\u010cINKY - Czech Republic","robots":{"index":"index","follow":"follow","max-snippet":"max-snippet:-1","max-image-preview":"max-image-preview:large","max-video-preview":"max-video-preview:-1"},"canonical":"https:\/\/www.ipsen.com\/czc\/kontakt\/hlaseni-podezreni-na-nezadouci-ucinky\/","og_locale":"cs_CZ","og_type":"article","og_title":"HL\u00c1\u0160EN\u00cd PODEZ\u0158EN\u00cd NA NE\u017d\u00c1DOUC\u00cd \u00da\u010cINKY - Czech Republic","og_url":"https:\/\/www.ipsen.com\/czc\/kontakt\/hlaseni-podezreni-na-nezadouci-ucinky\/","og_site_name":"Czech Republic","article_modified_time":"2026-02-03T12:22:45+00:00","twitter_card":"summary_large_image","schema":{"@context":"https:\/\/schema.org","@graph":[{"@type":"WebPage","@id":"https:\/\/www.ipsen.com\/czc\/kontakt\/hlaseni-podezreni-na-nezadouci-ucinky\/","url":"https:\/\/www.ipsen.com\/czc\/kontakt\/hlaseni-podezreni-na-nezadouci-ucinky\/","name":"HL\u00c1\u0160EN\u00cd PODEZ\u0158EN\u00cd NA NE\u017d\u00c1DOUC\u00cd \u00da\u010cINKY - Czech Republic","isPartOf":{"@id":"https:\/\/www.ipsen.com\/czc\/#website"},"datePublished":"2026-02-02T15:33:43+00:00","dateModified":"2026-02-03T12:22:45+00:00","breadcrumb":{"@id":"https:\/\/www.ipsen.com\/czc\/kontakt\/hlaseni-podezreni-na-nezadouci-ucinky\/#breadcrumb"},"inLanguage":"cs-CZ","potentialAction":[{"@type":"ReadAction","target":["https:\/\/www.ipsen.com\/czc\/kontakt\/hlaseni-podezreni-na-nezadouci-ucinky\/"]}]},{"@type":"BreadcrumbList","@id":"https:\/\/www.ipsen.com\/czc\/kontakt\/hlaseni-podezreni-na-nezadouci-ucinky\/#breadcrumb","itemListElement":[{"@type":"ListItem","position":1,"name":"Home","item":"https:\/\/www.ipsen.com\/czc\/"},{"@type":"ListItem","position":2,"name":"Kontakt","item":"https:\/\/www.ipsen.com\/czc\/kontakt\/"},{"@type":"ListItem","position":3,"name":"HL\u00c1\u0160EN\u00cd PODEZ\u0158EN\u00cd NA NE\u017d\u00c1DOUC\u00cd \u00da\u010cINKY"}]},{"@type":"WebSite","@id":"https:\/\/www.ipsen.com\/czc\/#website","url":"https:\/\/www.ipsen.com\/czc\/","name":"Czech Republic","description":"","publisher":{"@id":"https:\/\/www.ipsen.com\/czc\/#organization"},"potentialAction":[{"@type":"SearchAction","target":{"@type":"EntryPoint","urlTemplate":"https:\/\/www.ipsen.com\/czc\/?s={search_term_string}"},"query-input":{"@type":"PropertyValueSpecification","valueRequired":true,"valueName":"search_term_string"}}],"inLanguage":"cs-CZ"},{"@type":"Organization","@id":"https:\/\/www.ipsen.com\/czc\/#organization","name":"Czech Republic","url":"https:\/\/www.ipsen.com\/czc\/","logo":{"@type":"ImageObject","inLanguage":"cs-CZ","@id":"https:\/\/www.ipsen.com\/czc\/#\/schema\/logo\/image\/","url":"https:\/\/www.ipsen.com\/czc\/wp-content\/uploads\/sites\/23\/2025\/09\/Logo-Ipsen-new.svg","contentUrl":"https:\/\/www.ipsen.com\/czc\/wp-content\/uploads\/sites\/23\/2025\/09\/Logo-Ipsen-new.svg","caption":"Czech Republic"},"image":{"@id":"https:\/\/www.ipsen.com\/czc\/#\/schema\/logo\/image\/"}}]}},"parsely":{"version":"1.1.0","canonical_url":"https:\/\/ipsen.com\/czc\/kontakt\/hlaseni-podezreni-na-nezadouci-ucinky\/","smart_links":{"inbound":0,"outbound":0},"traffic_boost_suggestions_count":0,"meta":{"@context":"https:\/\/schema.org","@type":"WebPage","headline":"HL\u00c1\u0160EN\u00cd PODEZ\u0158EN\u00cd NA NE\u017d\u00c1DOUC\u00cd \u00da\u010cINKY","url":"http:\/\/www.ipsen.com\/czc\/kontakt\/hlaseni-podezreni-na-nezadouci-ucinky\/","mainEntityOfPage":{"@type":"WebPage","@id":"http:\/\/www.ipsen.com\/czc\/kontakt\/hlaseni-podezreni-na-nezadouci-ucinky\/"},"thumbnailUrl":"","image":{"@type":"ImageObject","url":""},"articleSection":"Uncategorized @cs","author":[{"@type":"Person","name":"antonio"}],"creator":["antonio"],"publisher":{"@type":"Organization","name":"Czech Republic","logo":""},"keywords":[],"dateCreated":"2026-02-02T15:33:43Z","datePublished":"2026-02-02T15:33:43Z","dateModified":"2026-02-03T12:22:45Z"},"rendered":"<script type=\"application\/ld+json\" class=\"wp-parsely-metadata\">{\"@context\":\"https:\\\/\\\/schema.org\",\"@type\":\"WebPage\",\"headline\":\"HL\\u00c1\\u0160EN\\u00cd PODEZ\\u0158EN\\u00cd NA NE\\u017d\\u00c1DOUC\\u00cd \\u00da\\u010cINKY\",\"url\":\"http:\\\/\\\/www.ipsen.com\\\/czc\\\/kontakt\\\/hlaseni-podezreni-na-nezadouci-ucinky\\\/\",\"mainEntityOfPage\":{\"@type\":\"WebPage\",\"@id\":\"http:\\\/\\\/www.ipsen.com\\\/czc\\\/kontakt\\\/hlaseni-podezreni-na-nezadouci-ucinky\\\/\"},\"thumbnailUrl\":\"\",\"image\":{\"@type\":\"ImageObject\",\"url\":\"\"},\"articleSection\":\"Uncategorized @cs\",\"author\":[{\"@type\":\"Person\",\"name\":\"antonio\"}],\"creator\":[\"antonio\"],\"publisher\":{\"@type\":\"Organization\",\"name\":\"Czech Republic\",\"logo\":\"\"},\"keywords\":[],\"dateCreated\":\"2026-02-02T15:33:43Z\",\"datePublished\":\"2026-02-02T15:33:43Z\",\"dateModified\":\"2026-02-03T12:22:45Z\"}<\/script>","tracker_url":"https:\/\/cdn.parsely.com\/keys\/ipsen.com\/p.js"},"_links":{"self":[{"href":"https:\/\/www.ipsen.com\/czc\/wp-json\/wp\/v2\/pages\/741","targetHints":{"allow":["GET"]}}],"collection":[{"href":"https:\/\/www.ipsen.com\/czc\/wp-json\/wp\/v2\/pages"}],"about":[{"href":"https:\/\/www.ipsen.com\/czc\/wp-json\/wp\/v2\/types\/page"}],"author":[{"embeddable":true,"href":"https:\/\/www.ipsen.com\/czc\/wp-json\/wp\/v2\/users\/125"}],"replies":[{"embeddable":true,"href":"https:\/\/www.ipsen.com\/czc\/wp-json\/wp\/v2\/comments?post=741"}],"version-history":[{"count":5,"href":"https:\/\/www.ipsen.com\/czc\/wp-json\/wp\/v2\/pages\/741\/revisions"}],"predecessor-version":[{"id":761,"href":"https:\/\/www.ipsen.com\/czc\/wp-json\/wp\/v2\/pages\/741\/revisions\/761"}],"up":[{"embeddable":true,"href":"https:\/\/www.ipsen.com\/czc\/wp-json\/wp\/v2\/pages\/31"}],"wp:attachment":[{"href":"https:\/\/www.ipsen.com\/czc\/wp-json\/wp\/v2\/media?parent=741"}],"curies":[{"name":"wp","href":"https:\/\/api.w.org\/{rel}","templated":true}]}}