{"id":47,"date":"2025-11-24T08:17:32","date_gmt":"2025-11-24T06:17:32","guid":{"rendered":"https:\/\/www.ipsen.com\/czc\/?page_id=47"},"modified":"2026-01-28T16:47:36","modified_gmt":"2026-01-28T14:47:36","slug":"zasady-tykajici-se-cookies","status":"publish","type":"page","link":"https:\/\/www.ipsen.com\/czc\/zasady-tykajici-se-cookies\/","title":{"rendered":"Z\u00e1sady t\u00fdkaj\u00edc\u00ed se cookies"},"content":{"rendered":"    <section class=\"sub-page-banner bg-img-enabled  banner-no-filter\" style=\"background-image:url(https:\/\/www.ipsen.com\/czc\/wp-content\/uploads\/sites\/23\/2026\/01\/Health-Medicines-300x44-1.jpg)\">\n                <div class=\"container content-sec\">\n            <nav aria-label=\"breadcrumb banner-font-color-blue\">\n            <ol class=\"breadcrumb\">\n                <li class=\"breadcrumb-item\"><a href=\"https:\/\/www.ipsen.com\/czc\">Dom\u016f<\/a><\/li><li class=\"breadcrumb-item active\"><a class=\"link-pointer-events-none\" href=\"#\" aria-current=\"page\">Z\u00e1sady t\u00fdkaj\u00edc\u00ed se cookies<\/a><\/li><\/ol>\n            <\/nav>            <h1 class=\"visible banner-font-color-white\">Z\u00e1sady t\u00fdkaj\u00edc\u00ed se cookies<\/h1>\n            <p class=\"visible banner-font-color-white\"><\/p>\n        <\/div>\n    <\/section>\n\n\n\n    <section class=\"title-text \">\n        <div class=\"container\">\n            <div class=\"title-text-inner\" style=\"background-color:#EDEBE4;\">\n\n                <!-- If heading is enabled then it's visible -->\n                <div class=\"text-head-dash visible\">\n                <h3 class=\"heading-three\" role=\"heading\" aria-level=\"2\">\n                                            <\/h3>\n                <\/div>\n               \n                <!-- If description is enabled then it's visible -->\n                <div class=\"text-parbase visible\">\n                    <p><strong>Typy soubor\u016f Cookies<\/strong><\/p>\n<p>Cookies mohou b\u00fdt \u201erela\u010dn\u00ed Cookies\u201c (Session Cookies) nebo \u201etrval\u00e9 Cookies\u201c (Persistent Cookies). Rela\u010dn\u00ed Cookies umo\u017e\u0148uj\u00ed webov\u00e9 str\u00e1nce \u010di aplikaci propojit s\u00e9rii va\u0161ich \u00fakon\u016f b\u011bhem jedn\u00e9 relace prohl\u00ed\u017ee\u010de; po jej\u00edm ukon\u010den\u00ed automaticky expiruj\u00ed. Trval\u00e9 Cookies z\u016fst\u00e1vaj\u00ed na va\u0161em po\u010d\u00edta\u010di nebo za\u0159\u00edzen\u00ed i mezi relacemi a mohou b\u00fdt znovu pou\u017eity p\u0159i dal\u0161\u00ed n\u00e1v\u0161t\u011bv\u011b webu\/aplikace, nap\u0159\u00edklad k zapamatov\u00e1n\u00ed va\u0161ich preferenc\u00ed.<\/p>\n<p>N\u011bkter\u00e9 Cookies jsou pova\u017eov\u00e1ny za nezbytn\u011b nutn\u00e9; tyto Cookies slou\u017e\u00ed k zaji\u0161t\u011bn\u00ed z\u00e1kladn\u00edch funkc\u00ed webu\/aplikace, jako je efektivn\u00ed navigace mezi str\u00e1nkami \u010di zaji\u0161t\u011bn\u00ed bezpe\u010dn\u00e9ho a stabiln\u00edho provozu. Dal\u0161\u00ed Cookies se pou\u017e\u00edvaj\u00ed pro m\u011b\u0159en\u00ed v\u00fdkonu a sledov\u00e1n\u00ed pou\u017e\u00edv\u00e1n\u00ed webu\/aplikace. Spole\u010dnost Ipsen vyu\u017e\u00edv\u00e1 tyto Cookies na na\u0161ich webech\/aplikac\u00edch za \u00fa\u010delem pochopen\u00ed zp\u016fsobu jejich pou\u017e\u00edv\u00e1n\u00ed, abychom je mohli neust\u00e1le zlep\u0161ovat a rozv\u00edjet.<\/p>\n<p>Cookies ulo\u017een\u00e9 na v\u00e1\u0161 po\u010d\u00edta\u010d nebo za\u0159\u00edzen\u00ed mohou zahrnovat \u201eCookies prvn\u00ed strany\u201c, tedy Cookies um\u00edst\u011bn\u00e9 n\u00e1mi nebo poskytovateli slu\u017eeb t\u0159et\u00edch stran, kte\u0159\u00ed jednaj\u00ed na\u0161\u00edm jm\u00e9nem. Pokud jsou tyto Cookies spravov\u00e1ny t\u0159et\u00edmi stranami, povolujeme jejich pou\u017eit\u00ed pouze pro na\u0161e \u00fa\u010dely popsan\u00e9 v t\u011bchto Z\u00e1sad\u00e1ch pou\u017e\u00edv\u00e1n\u00ed Cookies, nikoli pro \u00fa\u010dely t\u011bchto t\u0159et\u00edch stran.<\/p>\n<p>Cookies ulo\u017een\u00e9 na va\u0161em za\u0159\u00edzen\u00ed mohou zahrnovat tak\u00e9 \u201eCookies t\u0159et\u00edch stran\u201c, tedy Cookies um\u00edst\u011bn\u00e9 extern\u00edmi subjekty. Tyto Cookies mohou poch\u00e1zet nap\u0159\u00edklad od poskytovatel\u016f soci\u00e1ln\u00edch s\u00edt\u00ed umo\u017e\u0148uj\u00edc\u00edch funkce \u201el\u00edb\u00ed se\u201c nebo \u201esd\u00edlet\u201c. Mohou b\u00fdt tak\u00e9 um\u00edst\u011bny poskytovateli videoobsahu (nap\u0159. YouTube), jeho\u017e obsah je vlo\u017een na na\u0161ich webov\u00fdch str\u00e1nk\u00e1ch\/aplikac\u00edch. Dal\u0161\u00ed informace naleznete v podm\u00ednk\u00e1ch a z\u00e1sad\u00e1ch ochrany osobn\u00edch \u00fadaj\u016f p\u0159\u00edslu\u0161n\u00fdch t\u0159et\u00edch stran.<\/p>\n<p><strong>Jak\u00e9 Cookies tento web pou\u017e\u00edv\u00e1?<\/strong><\/p>\n<p>Tento web\/aplikace pou\u017e\u00edv\u00e1 Cookies pro \u0159\u00edzen\u00ed navigace, funk\u010dnosti pro u\u017eivatele a zaji\u0161t\u011bn\u00ed bezpe\u010dnosti.<\/p>\n<p>Pro analytick\u00e9 \u00fa\u010dely pou\u017e\u00edv\u00e1me <strong>Piwik PRO Analytics Suite<\/strong>. Pomoc\u00ed tohoto n\u00e1stroje shroma\u017e\u010fujeme \u00fadaje o n\u00e1v\u0161t\u011bvn\u00edc\u00edch webu\/aplikace na z\u00e1klad\u011b <a href=\"https:\/\/help.piwik.pro\/support\/getting-started\/cookies-created-by-piwik-pro\/\">Cookies<\/a>. Shroma\u017e\u010fovan\u00e9 informace mohou zahrnovat IP adresu n\u00e1v\u0161t\u011bvn\u00edka, opera\u010dn\u00ed syst\u00e9m, identifik\u00e1tor prohl\u00ed\u017ee\u010de, historii proch\u00e1zen\u00ed a dal\u0161\u00ed \u00fadaje. V\u00edce informac\u00ed o rozsahu shroma\u017e\u010fovan\u00fdch dat naleznete na odkazu poskytovan\u00e9m <a href=\"https:\/\/help.piwik.pro\/support\/getting-started\/what-data-does-piwik-pro-collect\/\">Piwik PRO<\/a>.<\/p>\n<p>Vypo\u010d\u00edt\u00e1v\u00e1me metriky, jako je m\u00edra okam\u017eit\u00e9ho opu\u0161t\u011bn\u00ed, po\u010det zobrazen\u00ed str\u00e1nek, relace a dal\u0161\u00ed, abychom porozum\u011bli zp\u016fsobu pou\u017e\u00edv\u00e1n\u00ed webu\/aplikace. M\u016f\u017eeme tak\u00e9 vytv\u00e1\u0159et profily n\u00e1v\u0161t\u011bvn\u00edk\u016f na z\u00e1klad\u011b jejich historie proch\u00e1zen\u00ed za \u00fa\u010delem anal\u00fdzy jejich chov\u00e1n\u00ed, zobrazov\u00e1n\u00ed personalizovan\u00e9ho obsahu a obecn\u00e9ho zlep\u0161ov\u00e1n\u00ed na\u0161ich web\u016f\/aplikac\u00ed.<\/p>\n<p>Piwik PRO nep\u0159ed\u00e1v\u00e1 va\u0161e data \u017e\u00e1dn\u00fdm dal\u0161\u00edm podzpracovatel\u016fm ani t\u0159et\u00edm stran\u00e1m a nepou\u017e\u00edv\u00e1 je pro vlastn\u00ed \u00fa\u010dely. Podrobnosti naleznete v z\u00e1sad\u00e1ch <a href=\"https:\/\/help.piwik.pro\/support\/getting-started\/what-data-does-piwik-pro-collect\/\">ochrany osobn\u00edch \u00fadaj\u016f Piwik PRO<\/a>.<\/p>\n<p><strong>Jak nastavit nebo zm\u011bnit nastaven\u00ed Cookies?<\/strong><\/p>\n<p>Podle sm\u011brnice EU 2009\/136\/ES (a m\u00edstn\u00edch pr\u00e1vn\u00edch p\u0159edpis\u016f t\u00fdkaj\u00edc\u00edch se Cookies) m\u016f\u017eeme ukl\u00e1dat Cookies na va\u0161e za\u0159\u00edzen\u00ed, pokud jsou nezbytn\u011b nutn\u00e9 nebo pokud je to povoleno pr\u00e1vn\u00edmi po\u017eadavky ve va\u0161\u00ed zemi. U \u201evoliteln\u00fdch\u201c Cookies je m\u016f\u017eeme pou\u017e\u00edvat pouze na z\u00e1klad\u011b va\u0161eho souhlasu.<\/p>\n<p>V\u017edy m\u00e1te mo\u017enost rozhodnout, zda \u201evoliteln\u00e9\u201c Cookies p\u0159ijmete. P\u0159i prvn\u00ed n\u00e1v\u0161t\u011bv\u011b webu\/aplikace budete m\u00edt mo\u017enost spravovat nastaven\u00ed Cookies \u2013 m\u016f\u017eete p\u0159ijmout v\u0161echny Cookies nebo si vybrat, kter\u00e9 p\u0159ijmete \u010di odm\u00edtnete. Pokud n\u011bkter\u00e9 Cookies odm\u00edtnete, nebudou na va\u0161e za\u0159\u00edzen\u00ed ukl\u00e1d\u00e1ny.<\/p>\n<p>Pokud chcete zm\u011bnit sv\u00e9 volby ohledn\u011b Cookies, klikn\u011bte zde:<\/p>\n<p><strong class=\"ot-sdk-show-settings\">Cookie Settings<\/strong><\/p>\n<p>Cookies m\u016f\u017eete spravovat tak\u00e9 prost\u0159ednictv\u00edm v\u011bt\u0161iny webov\u00fdch prohl\u00ed\u017ee\u010d\u016f. M\u016f\u017eete blokovat nebo omezovat ukl\u00e1d\u00e1n\u00ed Cookies, zobrazit Cookies ulo\u017een\u00e9 ve va\u0161em za\u0159\u00edzen\u00ed nebo je deaktivovat. V\u00edce informac\u00ed o spr\u00e1v\u011b Cookies naleznete na webech: <a href=\"http:\/\/www.allaboutCookies.org\">www.allaboutCookies.org<\/a> a <a href=\"http:\/\/www.youronlinechoices.com\">www.youronlinechoices.com<\/a><\/p>\n<p><strong>Jak dlouho jsou informace z\u00edskan\u00e9 z Cookies uchov\u00e1v\u00e1ny?<\/strong><\/p>\n<p>Cookies expiruj\u00ed v okam\u017eiku, kdy ji\u017e nejsou pot\u0159ebn\u00e9, nebo po maxim\u00e1ln\u00ed dob\u011b 13 m\u011bs\u00edc\u016f.<\/p>\n<p><strong>Co se stane, kdy\u017e sd\u00edl\u00edm obsah na soci\u00e1ln\u00edch s\u00edt\u00edch?<\/strong><\/p>\n<p>Pokud sd\u00edl\u00edte obsah Ipsen na soci\u00e1ln\u00edch s\u00edt\u00edch, jako je Facebook nebo Twitter, mohou v\u00e1m tyto weby zaslat sv\u00e9 vlastn\u00ed Cookies. Nastaven\u00ed t\u011bchto Cookies nekontrolujeme, proto si pros\u00edm p\u0159e\u010dt\u011bte z\u00e1sady ochrany soukrom\u00ed p\u0159\u00edslu\u0161n\u00fdch t\u0159et\u00edch stran pro v\u00edce informac\u00ed o jejich spr\u00e1v\u011b.<\/p>\n<p><strong>Zm\u011bny v Z\u00e1sad\u00e1ch Cookies\u00a0<\/strong><\/p>\n<p>Abychom zohlednili zm\u011bny legislativy a doporu\u010den\u00fdch postup\u016f, m\u016f\u017eeme tyto Z\u00e1sady Cookies \u010das od \u010dasu upravit bez p\u0159edchoz\u00edho ozn\u00e1men\u00ed. Proto doporu\u010dujeme pravideln\u011b kontrolovat tuto str\u00e1nku a seznamovat se s p\u0159\u00edpadn\u00fdmi zm\u011bnami.<\/p>\n<p>&nbsp;<\/p>\n                <\/div>\n\n                <!-- If button is enabled then it's visible -->\n                \n            <\/div>\n        <\/div>\n    <\/section>\n\n\n\n<!--Alert Card Layout Start Here-->\n<section class=\"alertcard-section\">\n      <div class=\"container\">\n        <!--Alert Box HTML Start Here-->\n        <div class=\"alert-box general-box\">\n                    <div class=\"info-icon\">\n              <span class=\"info-circle\"><img decoding=\"async\" src=\"https:\/\/www.ipsen.com\/czc\/wp-content\/themes\/ipsen-main\/dist\/images\/alert-info-icon.png\" alt=\"Alert\"\/><\/i>\n            <\/div>\n                    <div class=\"info-contents\">\n          <h4 role=\"heading\" aria-level=\"2\" class=\"info-head heading-four heading-four\"><\/h4>\n            <p class=\"info-sub-head-para hidden heading-para\"><\/p>\n            <div class=\"alert-content visible\"><p>Naposledy aktualizov\u00e1no 15. prosince 2025<\/p>\n<\/div>\n          <\/div>\n        <\/div>\n        <!--Alert Box HTML Start Here-->\n      <\/div>\n    <\/section>\n<!--Alert Card Layout End Here-->\n","protected":false},"excerpt":{"rendered":"","protected":false},"author":2,"featured_media":0,"parent":0,"menu_order":0,"comment_status":"closed","ping_status":"closed","template":"","meta":{"_acf_changed":false,"footnotes":""},"class_list":["post-47","page","type-page","status-publish","hentry","entry"],"acf":[],"yoast_head":"<!-- This site is optimized with the Yoast SEO plugin v26.8 - https:\/\/yoast.com\/product\/yoast-seo-wordpress\/ -->\n<title>Z\u00e1sady t\u00fdkaj\u00edc\u00ed se cookies - Czech Republic<\/title>\n<meta name=\"robots\" content=\"index, follow, max-snippet:-1, max-image-preview:large, max-video-preview:-1\" \/>\n<link rel=\"canonical\" href=\"https:\/\/www.ipsen.com\/czc\/zasady-tykajici-se-cookies\/\" \/>\n<meta property=\"og:locale\" content=\"cs_CZ\" \/>\n<meta property=\"og:type\" content=\"article\" \/>\n<meta property=\"og:title\" content=\"Z\u00e1sady t\u00fdkaj\u00edc\u00ed se cookies - Czech Republic\" \/>\n<meta property=\"og:url\" content=\"https:\/\/www.ipsen.com\/czc\/zasady-tykajici-se-cookies\/\" \/>\n<meta property=\"og:site_name\" content=\"Czech Republic\" \/>\n<meta property=\"article:modified_time\" content=\"2026-01-28T14:47:36+00:00\" \/>\n<meta name=\"twitter:card\" content=\"summary_large_image\" \/>\n<script type=\"application\/ld+json\" class=\"yoast-schema-graph\">{\"@context\":\"https:\/\/schema.org\",\"@graph\":[{\"@type\":\"WebPage\",\"@id\":\"https:\/\/www.ipsen.com\/czc\/zasady-tykajici-se-cookies\/\",\"url\":\"https:\/\/www.ipsen.com\/czc\/zasady-tykajici-se-cookies\/\",\"name\":\"Z\u00e1sady t\u00fdkaj\u00edc\u00ed se cookies - Czech Republic\",\"isPartOf\":{\"@id\":\"https:\/\/www.ipsen.com\/czc\/#website\"},\"datePublished\":\"2025-11-24T06:17:32+00:00\",\"dateModified\":\"2026-01-28T14:47:36+00:00\",\"breadcrumb\":{\"@id\":\"https:\/\/www.ipsen.com\/czc\/zasady-tykajici-se-cookies\/#breadcrumb\"},\"inLanguage\":\"cs-CZ\",\"potentialAction\":[{\"@type\":\"ReadAction\",\"target\":[\"https:\/\/www.ipsen.com\/czc\/zasady-tykajici-se-cookies\/\"]}]},{\"@type\":\"BreadcrumbList\",\"@id\":\"https:\/\/www.ipsen.com\/czc\/zasady-tykajici-se-cookies\/#breadcrumb\",\"itemListElement\":[{\"@type\":\"ListItem\",\"position\":1,\"name\":\"Home\",\"item\":\"https:\/\/www.ipsen.com\/czc\/\"},{\"@type\":\"ListItem\",\"position\":2,\"name\":\"Z\u00e1sady t\u00fdkaj\u00edc\u00ed se cookies\"}]},{\"@type\":\"WebSite\",\"@id\":\"https:\/\/www.ipsen.com\/czc\/#website\",\"url\":\"https:\/\/www.ipsen.com\/czc\/\",\"name\":\"Czech Republic\",\"description\":\"\",\"publisher\":{\"@id\":\"https:\/\/www.ipsen.com\/czc\/#organization\"},\"potentialAction\":[{\"@type\":\"SearchAction\",\"target\":{\"@type\":\"EntryPoint\",\"urlTemplate\":\"https:\/\/www.ipsen.com\/czc\/?s={search_term_string}\"},\"query-input\":{\"@type\":\"PropertyValueSpecification\",\"valueRequired\":true,\"valueName\":\"search_term_string\"}}],\"inLanguage\":\"cs-CZ\"},{\"@type\":\"Organization\",\"@id\":\"https:\/\/www.ipsen.com\/czc\/#organization\",\"name\":\"Czech Republic\",\"url\":\"https:\/\/www.ipsen.com\/czc\/\",\"logo\":{\"@type\":\"ImageObject\",\"inLanguage\":\"cs-CZ\",\"@id\":\"https:\/\/www.ipsen.com\/czc\/#\/schema\/logo\/image\/\",\"url\":\"https:\/\/www.ipsen.com\/czc\/wp-content\/uploads\/sites\/23\/2025\/09\/Logo-Ipsen-new.svg\",\"contentUrl\":\"https:\/\/www.ipsen.com\/czc\/wp-content\/uploads\/sites\/23\/2025\/09\/Logo-Ipsen-new.svg\",\"caption\":\"Czech Republic\"},\"image\":{\"@id\":\"https:\/\/www.ipsen.com\/czc\/#\/schema\/logo\/image\/\"}}]}<\/script>\n<!-- \/ Yoast SEO plugin. -->","yoast_head_json":{"title":"Z\u00e1sady t\u00fdkaj\u00edc\u00ed se cookies - Czech Republic","robots":{"index":"index","follow":"follow","max-snippet":"max-snippet:-1","max-image-preview":"max-image-preview:large","max-video-preview":"max-video-preview:-1"},"canonical":"https:\/\/www.ipsen.com\/czc\/zasady-tykajici-se-cookies\/","og_locale":"cs_CZ","og_type":"article","og_title":"Z\u00e1sady t\u00fdkaj\u00edc\u00ed se cookies - Czech Republic","og_url":"https:\/\/www.ipsen.com\/czc\/zasady-tykajici-se-cookies\/","og_site_name":"Czech Republic","article_modified_time":"2026-01-28T14:47:36+00:00","twitter_card":"summary_large_image","schema":{"@context":"https:\/\/schema.org","@graph":[{"@type":"WebPage","@id":"https:\/\/www.ipsen.com\/czc\/zasady-tykajici-se-cookies\/","url":"https:\/\/www.ipsen.com\/czc\/zasady-tykajici-se-cookies\/","name":"Z\u00e1sady t\u00fdkaj\u00edc\u00ed se cookies - Czech Republic","isPartOf":{"@id":"https:\/\/www.ipsen.com\/czc\/#website"},"datePublished":"2025-11-24T06:17:32+00:00","dateModified":"2026-01-28T14:47:36+00:00","breadcrumb":{"@id":"https:\/\/www.ipsen.com\/czc\/zasady-tykajici-se-cookies\/#breadcrumb"},"inLanguage":"cs-CZ","potentialAction":[{"@type":"ReadAction","target":["https:\/\/www.ipsen.com\/czc\/zasady-tykajici-se-cookies\/"]}]},{"@type":"BreadcrumbList","@id":"https:\/\/www.ipsen.com\/czc\/zasady-tykajici-se-cookies\/#breadcrumb","itemListElement":[{"@type":"ListItem","position":1,"name":"Home","item":"https:\/\/www.ipsen.com\/czc\/"},{"@type":"ListItem","position":2,"name":"Z\u00e1sady t\u00fdkaj\u00edc\u00ed se cookies"}]},{"@type":"WebSite","@id":"https:\/\/www.ipsen.com\/czc\/#website","url":"https:\/\/www.ipsen.com\/czc\/","name":"Czech Republic","description":"","publisher":{"@id":"https:\/\/www.ipsen.com\/czc\/#organization"},"potentialAction":[{"@type":"SearchAction","target":{"@type":"EntryPoint","urlTemplate":"https:\/\/www.ipsen.com\/czc\/?s={search_term_string}"},"query-input":{"@type":"PropertyValueSpecification","valueRequired":true,"valueName":"search_term_string"}}],"inLanguage":"cs-CZ"},{"@type":"Organization","@id":"https:\/\/www.ipsen.com\/czc\/#organization","name":"Czech Republic","url":"https:\/\/www.ipsen.com\/czc\/","logo":{"@type":"ImageObject","inLanguage":"cs-CZ","@id":"https:\/\/www.ipsen.com\/czc\/#\/schema\/logo\/image\/","url":"https:\/\/www.ipsen.com\/czc\/wp-content\/uploads\/sites\/23\/2025\/09\/Logo-Ipsen-new.svg","contentUrl":"https:\/\/www.ipsen.com\/czc\/wp-content\/uploads\/sites\/23\/2025\/09\/Logo-Ipsen-new.svg","caption":"Czech Republic"},"image":{"@id":"https:\/\/www.ipsen.com\/czc\/#\/schema\/logo\/image\/"}}]}},"parsely":{"version":"1.1.0","canonical_url":"https:\/\/ipsen.com\/czc\/zasady-tykajici-se-cookies\/","smart_links":{"inbound":0,"outbound":0},"traffic_boost_suggestions_count":0,"meta":{"@context":"https:\/\/schema.org","@type":"WebPage","headline":"Z\u00e1sady t\u00fdkaj\u00edc\u00ed se cookies","url":"http:\/\/www.ipsen.com\/czc\/zasady-tykajici-se-cookies\/","mainEntityOfPage":{"@type":"WebPage","@id":"http:\/\/www.ipsen.com\/czc\/zasady-tykajici-se-cookies\/"},"thumbnailUrl":"","image":{"@type":"ImageObject","url":""},"articleSection":"Uncategorized @cs","author":[{"@type":"Person","name":"navya"}],"creator":["navya"],"publisher":{"@type":"Organization","name":"Czech Republic","logo":""},"keywords":[],"dateCreated":"2025-11-24T06:17:32Z","datePublished":"2025-11-24T06:17:32Z","dateModified":"2026-01-28T14:47:36Z"},"rendered":"<script type=\"application\/ld+json\" class=\"wp-parsely-metadata\">{\"@context\":\"https:\\\/\\\/schema.org\",\"@type\":\"WebPage\",\"headline\":\"Z\\u00e1sady t\\u00fdkaj\\u00edc\\u00ed se cookies\",\"url\":\"http:\\\/\\\/www.ipsen.com\\\/czc\\\/zasady-tykajici-se-cookies\\\/\",\"mainEntityOfPage\":{\"@type\":\"WebPage\",\"@id\":\"http:\\\/\\\/www.ipsen.com\\\/czc\\\/zasady-tykajici-se-cookies\\\/\"},\"thumbnailUrl\":\"\",\"image\":{\"@type\":\"ImageObject\",\"url\":\"\"},\"articleSection\":\"Uncategorized @cs\",\"author\":[{\"@type\":\"Person\",\"name\":\"navya\"}],\"creator\":[\"navya\"],\"publisher\":{\"@type\":\"Organization\",\"name\":\"Czech Republic\",\"logo\":\"\"},\"keywords\":[],\"dateCreated\":\"2025-11-24T06:17:32Z\",\"datePublished\":\"2025-11-24T06:17:32Z\",\"dateModified\":\"2026-01-28T14:47:36Z\"}<\/script>","tracker_url":"https:\/\/cdn.parsely.com\/keys\/ipsen.com\/p.js"},"_links":{"self":[{"href":"https:\/\/www.ipsen.com\/czc\/wp-json\/wp\/v2\/pages\/47","targetHints":{"allow":["GET"]}}],"collection":[{"href":"https:\/\/www.ipsen.com\/czc\/wp-json\/wp\/v2\/pages"}],"about":[{"href":"https:\/\/www.ipsen.com\/czc\/wp-json\/wp\/v2\/types\/page"}],"author":[{"embeddable":true,"href":"https:\/\/www.ipsen.com\/czc\/wp-json\/wp\/v2\/users\/2"}],"replies":[{"embeddable":true,"href":"https:\/\/www.ipsen.com\/czc\/wp-json\/wp\/v2\/comments?post=47"}],"version-history":[{"count":12,"href":"https:\/\/www.ipsen.com\/czc\/wp-json\/wp\/v2\/pages\/47\/revisions"}],"predecessor-version":[{"id":593,"href":"https:\/\/www.ipsen.com\/czc\/wp-json\/wp\/v2\/pages\/47\/revisions\/593"}],"wp:attachment":[{"href":"https:\/\/www.ipsen.com\/czc\/wp-json\/wp\/v2\/media?parent=47"}],"curies":[{"name":"wp","href":"https:\/\/api.w.org\/{rel}","templated":true}]}}