{"id":43,"date":"2025-11-24T08:16:50","date_gmt":"2025-11-24T06:16:50","guid":{"rendered":"https:\/\/www.ipsen.com\/czc\/?page_id=43"},"modified":"2026-01-28T16:15:16","modified_gmt":"2026-01-28T14:15:16","slug":"udrzitelnost","status":"publish","type":"page","link":"https:\/\/www.ipsen.com\/czc\/udrzitelnost\/","title":{"rendered":"Udr\u017eitelnost"},"content":{"rendered":"    <section class=\"sub-page-banner bg-img\" style=\"background-image:url(https:\/\/www.ipsen.com\/czc\/wp-content\/uploads\/sites\/23\/2026\/01\/Health-Medicines-300x44-1.jpg)\">\n        <div class=\"container content-sec\">\n            <nav aria-label=\"breadcrumb\">\n            <ol class=\"breadcrumb\">\n                <li class=\"breadcrumb-item\"><a href=\"https:\/\/www.ipsen.com\/czc\">Dom\u016f<\/a><\/li><li class=\"breadcrumb-item active\"><a class=\"link-pointer-events-none\" href=\"#\" aria-current=\"page\">Udr\u017eitelnost<\/a><\/li><\/ol>\n            <\/nav>            <h1 class=\"visible\">Udr\u017eitelnost<\/h1>\n            <p class=\"visible\">Ve spole\u010dnosti Ipsen podporujeme z\u00e1vazek k udr\u017eitelnosti, kter\u00fd prostupuje v\u0161emi oblastmi na\u0161eho podnik\u00e1n\u00ed.<\/p>\n        <\/div>\n    <\/section>\n\n\n\t<!-- Ipsen Quotes Start -->\n\t<section class=\"quotes-section\" aria-label=\"quotes-section\">\n\t\t<div class=\"container\">\n\t\t\t\t\t\t<div class=\"quote-sec-inner\"    >\n\t\t\t\t\t<div class=\"row\">\n\t\t\t\t\t\t\t\t\t\t\t\t<div class=\"column-1 col-xl-4 col-md-6 col-xs-12 \">\n\t\t\t\t\t\t\t\t\t\t\t\t\t\t\t\t\t\t<div class=\"quote-img\">\n\t\t\t\t\t\t\t\t\t\t\t<img \n\t\t\t\t\t\t\t\t\t\t\t\tsrc=\"https:\/\/www.ipsen.com\/czc\/wp-content\/uploads\/sites\/23\/2025\/12\/Exec-Photos.png\" \n\t\t\t\t\t\t\t\t\t\t\t\talt=\"David Loew\"\n\t\t\t\t\t\t\t\t\t\t\t>\n\t\t\t\t\t\t\t\t\t\t<\/div>\n\t\t\t\t\t\t\t\t\t\t\t\t\t\t\t<\/div>\n\t\t\t\t\t\t\t<div class=\"column-2 col-xl-8 col-md-6 col-xs-12 \">\n\t\t\t\t\t\t\t\t<div class=\"quote-content\">\n\t\t\t\t\t\t\t\t\t<div class=\"quote-para \">\n\t\t\t\t\t\t\t\t\t\t<p class=\"para\">\n\t\t\t\t\t\t\t\t\t\t\t<p>Ve spole\u010dnosti Ipsen uv\u00e1d\u00edme n\u00e1\u0161 z\u00e1vazek k udr\u017eitelnosti do praxe prost\u0159ednictv\u00edm programu Generation Ipsen \u2013 na\u0161\u00ed transforma\u010dn\u00ed strategie udr\u017eitelnosti spu\u0161t\u011bn\u00e9 v roce 2022, kter\u00e1 potvrzuje odhodl\u00e1n\u00ed Ipsenu p\u0159in\u00e1\u0161et pozitivn\u00ed zm\u011bny. Generation Ipsen stoj\u00ed na \u010dty\u0159ech pil\u00ed\u0159\u00edch \u2013 \u017eivotn\u00ed prost\u0159ed\u00ed, pacienti, lid\u00e9 a spr\u00e1va \u2013 a propojuje c\u00edlen\u00e9 kroky sm\u011b\u0159uj\u00edc\u00ed k pozitivn\u00edm zm\u011bn\u00e1m a trval\u00e9mu dopadu pro lep\u0161\u00ed a zdrav\u011bj\u0161\u00ed sv\u011bt.<\/p>\n\t\t\t\t\t\t\t\t\t\t<\/p>\n\t\t\t\t\t\t\t\t\t<\/div>\n\t\t\t\t\t\t\t\t\t<div class=\"quote-sign-div\">\n\t\t\t\t\t\t\t\t\t\t<div class=\"quote-author-div\">\n\t\t\t\t\t\t\t\t\t\t\t<div class=\"quote-dash-div\">\n\t\t\t\t\t\t\t\t\t\t\t\t<span class=\"quote-dash\">\n\n\t\t\t\t\t\t\t\t\t\t\t\t<\/span>\n\t\t\t\t\t\t\t\t\t\t\t\t\t\t\t\t\t\t\t\t\t\t\t\t\t\t\t\t<p class=\"quote-author primary-blue\">\n\t\t\t\t\t\t\t\t\t\t\t\t\t\t\t\tDavid Loew\t\t\t\t\t\t\t\t\t\t\t\t\t\t\t<\/p>\t\n\t\t\t\t\t\t\t\t\t\t\t\t\t\t\t\t\t\t\t\t\t\t<\/div>\n\t\t\t\t\t\t\t\t\t\t\t\t\t\t\t\t\t\t\t\t\t\t\t<p class=\"quote-author-role\">\n\t\t\t\t\t\t\t\t\t\t\t\t\t<b>CEO<\/b>\t\t\t\t\t\t\t\t\t\t\t\t<\/p> \n\t\t\t\t\t\t\t\t\t\t\t\t\t\t\t\t\t\t\t\t\t<\/div>\n\t\t\t\t\t\t\t\t\t<\/div>\n\t\t\t\t\t\t\t\t<\/div>\n\t\t\t\t\t\t\t<\/div>\n\t\t\t\t\t\t\t\t\t<\/div>\n\t\t\t<\/div>\n\t\t\t<\/div>\n<\/section>\n<!-- Ipsen Quotes End -->\n\n\n\n<div class=\"wp-block-group\"><div class=\"wp-block-group__inner-container is-layout-constrained wp-block-group-is-layout-constrained\">\n<h3 class=\"wp-block-heading\">Generation Ipsen se zam\u011b\u0159uje na podporu pozitivn\u00edch zm\u011bn prost\u0159ednictv\u00edm \u010dty\u0159 kl\u00ed\u010dov\u00fdch pil\u00ed\u0159\u016f:<\/h3>\n<\/div><\/div>\n\n\n<!-- Ipsen Content Overlay Start -->\n<section class=\"two-col-image-section\">\n    <div class=\"container two-img-section-innner\"  >\n        <div class=\"content-overlay-inner bg-color-enabled\" style=\"background-color:#EDEBE4\">\n                <!-- Ipsen Content Overlay Variation Two Start -->\n                <div class=\"row \">\n                    <div class=\"col-xs-12 col-sm-12 col-md-6 column-1 \">\n                        <div id=\"image-carousel\" class=\"img-video-section carousel\" data-bs-ride=\"carousel\">\n                            <div class=\"carousel-inner\">\n                                                                        <div class=\"carousel-item active\">\n                                            <img decoding=\"async\" src=\"https:\/\/www.ipsen.com\/czc\/wp-content\/uploads\/sites\/23\/2026\/01\/Module-5-Generation-Ipsen-Pillar_Environment_690x460pix-Flare.jpg\" alt=\"Media Image\" >\n                                        <\/div>\n                                                            <\/div>\n                                                    <\/div>\n                    <\/div>\n                    <div class=\" col-xs-12 col-sm-12 col-md-6 column-2 \">\n                        <div class=\" section-content\">\n                                                                <div class=\"heading-dash\">\n                                        <span class=\"dash\"><\/span>\n                                        <h4 role=\"heading\" aria-level=\"2\" class=\"heading-para-right heading-four\">\n                                            \u017divotn\u00ed prost\u0159ed\u00ed                                        <\/h4>\n                                    <\/div>\n                                                                                            <p role=\"heading\" aria-level=\"2\" class=\"section-head-two heading-four\">\n                                        P\u00e9\u010de o planetu                                    <\/p>\n                                                                                            <p class=\"section-para \">\n                                        Zm\u011bna klimatu je nejv\u011bt\u0161\u00ed v\u00fdzvou na\u0161\u00ed generace. N\u00e1\u0161 environment\u00e1ln\u00ed pil\u00ed\u0159 se siln\u011b zam\u011b\u0159uje na sni\u017eov\u00e1n\u00ed emis\u00ed sklen\u00edkov\u00fdch plyn\u016f \/ uhl\u00edkov\u00e9 stopy, ale tak\u00e9 usiluje o omezen\u00ed dal\u0161\u00edch environment\u00e1ln\u00edch stop spole\u010dnosti Ipsen v r\u016fzn\u00fdch oblastech \u2014 od veden\u00ed v ot\u00e1zk\u00e1ch klimatu p\u0159es ochranu p\u0159\u00edrodn\u00edch zdroj\u016f a ekosyst\u00e9m\u016f a\u017e po zvy\u0161ov\u00e1n\u00ed udr\u017eitelnosti na\u0161ich produkt\u016f.                                    <\/p>\n                                                                                                <a \n                                            role=\"link\" \n                                            class=\"btn-link section-btn cta-visible\" \n                                            href=\"https:\/\/www.ipsen.com\/responsibility\/environment\/\" \n                                            aria-label=\"Zjistit v\u00edce o \u017dIVOTN\u00cdM PROST\u0158ED\u00cd\" \n                                            target=\"_self\"\n                                        >\n                                            Zjistit v\u00edce                                        <\/a>    \n                                    <\/button>\n                                                    <\/div>\n                    <\/div>\n                    <!-- Ipsen Content Overlay Variation Two End -->\n                <\/div>\n        <!-- Ipsen Content Overlay Variation two End -->\n                <\/div>\n    <\/div>\n<\/section>\n<!-- Ipsen Content Overlay End -->\n\n<!-- Ipsen Content Overlay Start -->\n<section class=\"two-col-image-section\">\n    <div class=\"container two-img-section-innner\"  >\n        <div class=\"content-overlay-inner bg-color-enabled\" style=\"background-color:#EDEBE4\">\n                <!-- Ipsen Content Overlay Variation Two Start -->\n                <div class=\"row section-bg-reverse\">\n                    <div class=\"col-xs-12 col-sm-12 col-md-6 column-1 order-2\">\n                        <div id=\"image-carousel\" class=\"img-video-section carousel\" data-bs-ride=\"carousel\">\n                            <div class=\"carousel-inner\">\n                                                                        <div class=\"carousel-item active\">\n                                            <img decoding=\"async\" src=\"https:\/\/www.ipsen.com\/czc\/wp-content\/uploads\/sites\/23\/2026\/01\/Module-6-Generation-Ipsen-Pillar_Patients_690x460pix-1.jpg\" alt=\"Media Image\" >\n                                        <\/div>\n                                                            <\/div>\n                                                    <\/div>\n                    <\/div>\n                    <div class=\" col-xs-12 col-sm-12 col-md-6 column-2 order-1\">\n                        <div class=\" section-content\">\n                                                                <div class=\"heading-dash\">\n                                        <span class=\"dash\"><\/span>\n                                        <h4 role=\"heading\" aria-level=\"2\" class=\"heading-para-right heading-four\">\n                                            Pacienti                                        <\/h4>\n                                    <\/div>\n                                                                                            <p role=\"heading\" aria-level=\"2\" class=\"section-head-two heading-four\">\n                                        \u0158\u00edd\u00ed v\u0161e, co d\u011bl\u00e1me                                    <\/p>\n                                                                                            <p class=\"section-para \">\n                                        Na\u0161e zam\u011b\u0159en\u00ed na oblast onkologie, vz\u00e1cn\u00fdch onemocn\u011bn\u00ed a neurologie n\u00e1m umo\u017e\u0148uje je\u0161t\u011b \u00fa\u010dinn\u011bji reagovat na pot\u0159eby pacient\u016f. Tato strategick\u00e1 oblast je odhodl\u00e1na poskytovat skute\u010dn\u011b pacientsky orientovanou p\u00e9\u010di, zvy\u0161ovat dostupnost kvalitn\u00ed zdravotn\u00ed p\u00e9\u010de a podporovat inovace. Toto \u00fasil\u00ed sm\u011b\u0159uje ke zv\u00fd\u0161en\u00ed dostupnosti, cenov\u00e9 p\u0159ijatelnosti a kvality zdravotn\u00ed p\u00e9\u010de, a z\u00e1rove\u0148 k dal\u0161\u00edmu zlep\u0161ov\u00e1n\u00ed pacientsk\u00e9 zku\u0161enosti.                                    <\/p>\n                                                                                                <a \n                                            role=\"link\" \n                                            class=\"btn-link section-btn cta-visible\" \n                                            href=\"https:\/\/www.ipsen.com\/responsibility\/patients\/\" \n                                            aria-label=\"Zjistit v\u00edce o PACIENTECH\" \n                                            target=\"_self\"\n                                        >\n                                            Zjistit v\u00edce                                        <\/a>    \n                                    <\/button>\n                                                    <\/div>\n                    <\/div>\n                    <!-- Ipsen Content Overlay Variation Two End -->\n                <\/div>\n        <!-- Ipsen Content Overlay Variation two End -->\n                <\/div>\n    <\/div>\n<\/section>\n<!-- Ipsen Content Overlay End -->\n\n<!-- Ipsen Content Overlay Start -->\n<section class=\"two-col-image-section\">\n    <div class=\"container two-img-section-innner\"  >\n        <div class=\"content-overlay-inner bg-color-enabled\" style=\"background-color:#EDEBE4\">\n                <!-- Ipsen Content Overlay Variation Two Start -->\n                <div class=\"row \">\n                    <div class=\"col-xs-12 col-sm-12 col-md-6 column-1 \">\n                        <div id=\"image-carousel\" class=\"img-video-section carousel\" data-bs-ride=\"carousel\">\n                            <div class=\"carousel-inner\">\n                                                                        <div class=\"carousel-item active\">\n                                            <img decoding=\"async\" src=\"https:\/\/www.ipsen.com\/czc\/wp-content\/uploads\/sites\/23\/2026\/01\/Cambridge-USA-img-05-hd.jpg\" alt=\"Media Image\" >\n                                        <\/div>\n                                                            <\/div>\n                                                    <\/div>\n                    <\/div>\n                    <div class=\" col-xs-12 col-sm-12 col-md-6 column-2 \">\n                        <div class=\" section-content\">\n                                                                <div class=\"heading-dash\">\n                                        <span class=\"dash\"><\/span>\n                                        <h4 role=\"heading\" aria-level=\"2\" class=\"heading-para-right heading-four\">\n                                            Lid\u00e9                                        <\/h4>\n                                    <\/div>\n                                                                                            <p role=\"heading\" aria-level=\"2\" class=\"section-head-two heading-four\">\n                                        Skute\u010dn\u00fd dopad ka\u017ed\u00fd den                                    <\/p>\n                                                                                            <p class=\"section-para \">\n                                        N\u00e1\u0161 pil\u00ed\u0159 zam\u011b\u0159en\u00fd na lidi je v\u011bnov\u00e1n p\u00e9\u010di o na\u0161e zam\u011bstnance a komunity. V\u011b\u0159\u00edme ve spravedliv\u00e9 zach\u00e1zen\u00ed se v\u0161emi zam\u011bstnanci a p\u0159ijet\u00edm princip\u016f diverzity, rovnosti a inkluze (DE&amp;I) usilovn\u011b pracujeme na optimalizaci zdrav\u00ed, bezpe\u010dnosti a pohody na\u0161ich t\u00fdm\u016f. Z\u00e1rove\u0148 podporujeme a odm\u011b\u0148ujeme ve\u0161ker\u00e9 talenty, aby se ka\u017ed\u00fd jednotlivec c\u00edtil oce\u0148ovan\u00fd a podporovan\u00fd.                                    <\/p>\n                                                                                                <a \n                                            role=\"link\" \n                                            class=\"btn-link section-btn cta-visible\" \n                                            href=\"https:\/\/www.ipsen.com\/responsibility\/people\/\" \n                                            aria-label=\"Zjistit v\u00edce o LIDECH\" \n                                            target=\"_self\"\n                                        >\n                                            Zjistit v\u00edce                                        <\/a>    \n                                    <\/button>\n                                                    <\/div>\n                    <\/div>\n                    <!-- Ipsen Content Overlay Variation Two End -->\n                <\/div>\n        <!-- Ipsen Content Overlay Variation two End -->\n                <\/div>\n    <\/div>\n<\/section>\n<!-- Ipsen Content Overlay End -->\n\n<!-- Ipsen Content Overlay Start -->\n<section class=\"two-col-image-section\">\n    <div class=\"container two-img-section-innner\"  >\n        <div class=\"content-overlay-inner bg-color-enabled\" style=\"background-color:#EDEBE4\">\n                <!-- Ipsen Content Overlay Variation Two Start -->\n                <div class=\"row section-bg-reverse\">\n                    <div class=\"col-xs-12 col-sm-12 col-md-6 column-1 order-2\">\n                        <div id=\"image-carousel\" class=\"img-video-section carousel\" data-bs-ride=\"carousel\">\n                            <div class=\"carousel-inner\">\n                                                                        <div class=\"carousel-item active\">\n                                            <img decoding=\"async\" src=\"https:\/\/www.ipsen.com\/czc\/wp-content\/uploads\/sites\/23\/2026\/01\/Module-8-Generation-Ipsen-Pillar_Governance_690x460pix-1-copy.jpg\" alt=\"Media Image\" >\n                                        <\/div>\n                                                            <\/div>\n                                                    <\/div>\n                    <\/div>\n                    <div class=\" col-xs-12 col-sm-12 col-md-6 column-2 order-1\">\n                        <div class=\" section-content\">\n                                                                <div class=\"heading-dash\">\n                                        <span class=\"dash\"><\/span>\n                                        <h4 role=\"heading\" aria-level=\"2\" class=\"heading-para-right heading-four\">\n                                            Odpov\u011bdn\u00e9 \u0159\u00edzen\u00ed                                        <\/h4>\n                                    <\/div>\n                                                                                            <p role=\"heading\" aria-level=\"2\" class=\"section-head-two heading-four\">\n                                        Jedn\u00e1me f\u00e9rov\u011b a s odpov\u011bdnost\u00ed                                    <\/p>\n                                                                                            <p class=\"section-para \">\n                                        Na\u0161e udr\u017eitelnost je zalo\u017eena na siln\u00e9m etick\u00e9m my\u0161len\u00ed. Na v\u0161ech \u00farovn\u00edch organizace a ve v\u0161ech na\u0161ich \u010dinnostech jsme odhodl\u00e1ni jednat s integritou a transparentnost\u00ed. N\u00e1\u0161 pil\u00ed\u0159 spr\u00e1vy se zam\u011b\u0159uje na etick\u00e9, odpov\u011bdn\u00e9 obchodn\u00ed praktiky a transparentnost.                                    <\/p>\n                                                                                                <a \n                                            role=\"link\" \n                                            class=\"btn-link section-btn cta-visible\" \n                                            href=\"https:\/\/www.ipsen.com\/responsibility\/governance\/\" \n                                            aria-label=\"Zjist\u011bte v\u00edce o \u0158\u00cdZEN\u00cd.\" \n                                            target=\"_self\"\n                                        >\n                                            Zjistit v\u00edce                                        <\/a>    \n                                    <\/button>\n                                                    <\/div>\n                    <\/div>\n                    <!-- Ipsen Content Overlay Variation Two End -->\n                <\/div>\n        <!-- Ipsen Content Overlay Variation two End -->\n                <\/div>\n    <\/div>\n<\/section>\n<!-- Ipsen Content Overlay End -->","protected":false},"excerpt":{"rendered":"","protected":false},"author":2,"featured_media":0,"parent":0,"menu_order":0,"comment_status":"closed","ping_status":"closed","template":"","meta":{"_acf_changed":false,"footnotes":""},"class_list":["post-43","page","type-page","status-publish","hentry","entry"],"acf":[],"yoast_head":"<!-- This site is optimized with the Yoast SEO plugin v26.8 - https:\/\/yoast.com\/product\/yoast-seo-wordpress\/ -->\n<title>Udr\u017eitelnost - Czech Republic<\/title>\n<meta name=\"robots\" content=\"index, follow, max-snippet:-1, max-image-preview:large, max-video-preview:-1\" \/>\n<link rel=\"canonical\" href=\"https:\/\/www.ipsen.com\/czc\/udrzitelnost\/\" \/>\n<meta property=\"og:locale\" content=\"cs_CZ\" \/>\n<meta property=\"og:type\" content=\"article\" \/>\n<meta property=\"og:title\" content=\"Udr\u017eitelnost - Czech Republic\" \/>\n<meta property=\"og:url\" content=\"https:\/\/www.ipsen.com\/czc\/udrzitelnost\/\" \/>\n<meta property=\"og:site_name\" content=\"Czech Republic\" \/>\n<meta property=\"article:modified_time\" content=\"2026-01-28T14:15:16+00:00\" \/>\n<meta name=\"twitter:card\" content=\"summary_large_image\" \/>\n<meta name=\"twitter:label1\" content=\"Est. reading time\" \/>\n\t<meta name=\"twitter:data1\" content=\"1 minute\" \/>\n<script type=\"application\/ld+json\" class=\"yoast-schema-graph\">{\"@context\":\"https:\/\/schema.org\",\"@graph\":[{\"@type\":\"WebPage\",\"@id\":\"https:\/\/www.ipsen.com\/czc\/udrzitelnost\/\",\"url\":\"https:\/\/www.ipsen.com\/czc\/udrzitelnost\/\",\"name\":\"Udr\u017eitelnost - Czech Republic\",\"isPartOf\":{\"@id\":\"https:\/\/www.ipsen.com\/czc\/#website\"},\"datePublished\":\"2025-11-24T06:16:50+00:00\",\"dateModified\":\"2026-01-28T14:15:16+00:00\",\"breadcrumb\":{\"@id\":\"https:\/\/www.ipsen.com\/czc\/udrzitelnost\/#breadcrumb\"},\"inLanguage\":\"cs-CZ\",\"potentialAction\":[{\"@type\":\"ReadAction\",\"target\":[\"https:\/\/www.ipsen.com\/czc\/udrzitelnost\/\"]}]},{\"@type\":\"BreadcrumbList\",\"@id\":\"https:\/\/www.ipsen.com\/czc\/udrzitelnost\/#breadcrumb\",\"itemListElement\":[{\"@type\":\"ListItem\",\"position\":1,\"name\":\"Home\",\"item\":\"https:\/\/www.ipsen.com\/czc\/\"},{\"@type\":\"ListItem\",\"position\":2,\"name\":\"Udr\u017eitelnost\"}]},{\"@type\":\"WebSite\",\"@id\":\"https:\/\/www.ipsen.com\/czc\/#website\",\"url\":\"https:\/\/www.ipsen.com\/czc\/\",\"name\":\"Czech Republic\",\"description\":\"\",\"publisher\":{\"@id\":\"https:\/\/www.ipsen.com\/czc\/#organization\"},\"potentialAction\":[{\"@type\":\"SearchAction\",\"target\":{\"@type\":\"EntryPoint\",\"urlTemplate\":\"https:\/\/www.ipsen.com\/czc\/?s={search_term_string}\"},\"query-input\":{\"@type\":\"PropertyValueSpecification\",\"valueRequired\":true,\"valueName\":\"search_term_string\"}}],\"inLanguage\":\"cs-CZ\"},{\"@type\":\"Organization\",\"@id\":\"https:\/\/www.ipsen.com\/czc\/#organization\",\"name\":\"Czech Republic\",\"url\":\"https:\/\/www.ipsen.com\/czc\/\",\"logo\":{\"@type\":\"ImageObject\",\"inLanguage\":\"cs-CZ\",\"@id\":\"https:\/\/www.ipsen.com\/czc\/#\/schema\/logo\/image\/\",\"url\":\"https:\/\/www.ipsen.com\/czc\/wp-content\/uploads\/sites\/23\/2025\/09\/Logo-Ipsen-new.svg\",\"contentUrl\":\"https:\/\/www.ipsen.com\/czc\/wp-content\/uploads\/sites\/23\/2025\/09\/Logo-Ipsen-new.svg\",\"caption\":\"Czech Republic\"},\"image\":{\"@id\":\"https:\/\/www.ipsen.com\/czc\/#\/schema\/logo\/image\/\"}}]}<\/script>\n<!-- \/ Yoast SEO plugin. -->","yoast_head_json":{"title":"Udr\u017eitelnost - Czech Republic","robots":{"index":"index","follow":"follow","max-snippet":"max-snippet:-1","max-image-preview":"max-image-preview:large","max-video-preview":"max-video-preview:-1"},"canonical":"https:\/\/www.ipsen.com\/czc\/udrzitelnost\/","og_locale":"cs_CZ","og_type":"article","og_title":"Udr\u017eitelnost - Czech Republic","og_url":"https:\/\/www.ipsen.com\/czc\/udrzitelnost\/","og_site_name":"Czech Republic","article_modified_time":"2026-01-28T14:15:16+00:00","twitter_card":"summary_large_image","twitter_misc":{"Est. reading time":"1 minute"},"schema":{"@context":"https:\/\/schema.org","@graph":[{"@type":"WebPage","@id":"https:\/\/www.ipsen.com\/czc\/udrzitelnost\/","url":"https:\/\/www.ipsen.com\/czc\/udrzitelnost\/","name":"Udr\u017eitelnost - Czech Republic","isPartOf":{"@id":"https:\/\/www.ipsen.com\/czc\/#website"},"datePublished":"2025-11-24T06:16:50+00:00","dateModified":"2026-01-28T14:15:16+00:00","breadcrumb":{"@id":"https:\/\/www.ipsen.com\/czc\/udrzitelnost\/#breadcrumb"},"inLanguage":"cs-CZ","potentialAction":[{"@type":"ReadAction","target":["https:\/\/www.ipsen.com\/czc\/udrzitelnost\/"]}]},{"@type":"BreadcrumbList","@id":"https:\/\/www.ipsen.com\/czc\/udrzitelnost\/#breadcrumb","itemListElement":[{"@type":"ListItem","position":1,"name":"Home","item":"https:\/\/www.ipsen.com\/czc\/"},{"@type":"ListItem","position":2,"name":"Udr\u017eitelnost"}]},{"@type":"WebSite","@id":"https:\/\/www.ipsen.com\/czc\/#website","url":"https:\/\/www.ipsen.com\/czc\/","name":"Czech Republic","description":"","publisher":{"@id":"https:\/\/www.ipsen.com\/czc\/#organization"},"potentialAction":[{"@type":"SearchAction","target":{"@type":"EntryPoint","urlTemplate":"https:\/\/www.ipsen.com\/czc\/?s={search_term_string}"},"query-input":{"@type":"PropertyValueSpecification","valueRequired":true,"valueName":"search_term_string"}}],"inLanguage":"cs-CZ"},{"@type":"Organization","@id":"https:\/\/www.ipsen.com\/czc\/#organization","name":"Czech Republic","url":"https:\/\/www.ipsen.com\/czc\/","logo":{"@type":"ImageObject","inLanguage":"cs-CZ","@id":"https:\/\/www.ipsen.com\/czc\/#\/schema\/logo\/image\/","url":"https:\/\/www.ipsen.com\/czc\/wp-content\/uploads\/sites\/23\/2025\/09\/Logo-Ipsen-new.svg","contentUrl":"https:\/\/www.ipsen.com\/czc\/wp-content\/uploads\/sites\/23\/2025\/09\/Logo-Ipsen-new.svg","caption":"Czech Republic"},"image":{"@id":"https:\/\/www.ipsen.com\/czc\/#\/schema\/logo\/image\/"}}]}},"parsely":{"version":"1.1.0","canonical_url":"https:\/\/ipsen.com\/czc\/udrzitelnost\/","smart_links":{"inbound":0,"outbound":0},"traffic_boost_suggestions_count":0,"meta":{"@context":"https:\/\/schema.org","@type":"WebPage","headline":"Udr\u017eitelnost","url":"http:\/\/www.ipsen.com\/czc\/udrzitelnost\/","mainEntityOfPage":{"@type":"WebPage","@id":"http:\/\/www.ipsen.com\/czc\/udrzitelnost\/"},"thumbnailUrl":"","image":{"@type":"ImageObject","url":""},"articleSection":"Uncategorized @cs","author":[{"@type":"Person","name":"navya"}],"creator":["navya"],"publisher":{"@type":"Organization","name":"Czech Republic","logo":""},"keywords":[],"dateCreated":"2025-11-24T06:16:50Z","datePublished":"2025-11-24T06:16:50Z","dateModified":"2026-01-28T14:15:16Z"},"rendered":"<script type=\"application\/ld+json\" class=\"wp-parsely-metadata\">{\"@context\":\"https:\\\/\\\/schema.org\",\"@type\":\"WebPage\",\"headline\":\"Udr\\u017eitelnost\",\"url\":\"http:\\\/\\\/www.ipsen.com\\\/czc\\\/udrzitelnost\\\/\",\"mainEntityOfPage\":{\"@type\":\"WebPage\",\"@id\":\"http:\\\/\\\/www.ipsen.com\\\/czc\\\/udrzitelnost\\\/\"},\"thumbnailUrl\":\"\",\"image\":{\"@type\":\"ImageObject\",\"url\":\"\"},\"articleSection\":\"Uncategorized @cs\",\"author\":[{\"@type\":\"Person\",\"name\":\"navya\"}],\"creator\":[\"navya\"],\"publisher\":{\"@type\":\"Organization\",\"name\":\"Czech Republic\",\"logo\":\"\"},\"keywords\":[],\"dateCreated\":\"2025-11-24T06:16:50Z\",\"datePublished\":\"2025-11-24T06:16:50Z\",\"dateModified\":\"2026-01-28T14:15:16Z\"}<\/script>","tracker_url":"https:\/\/cdn.parsely.com\/keys\/ipsen.com\/p.js"},"_links":{"self":[{"href":"https:\/\/www.ipsen.com\/czc\/wp-json\/wp\/v2\/pages\/43","targetHints":{"allow":["GET"]}}],"collection":[{"href":"https:\/\/www.ipsen.com\/czc\/wp-json\/wp\/v2\/pages"}],"about":[{"href":"https:\/\/www.ipsen.com\/czc\/wp-json\/wp\/v2\/types\/page"}],"author":[{"embeddable":true,"href":"https:\/\/www.ipsen.com\/czc\/wp-json\/wp\/v2\/users\/2"}],"replies":[{"embeddable":true,"href":"https:\/\/www.ipsen.com\/czc\/wp-json\/wp\/v2\/comments?post=43"}],"version-history":[{"count":10,"href":"https:\/\/www.ipsen.com\/czc\/wp-json\/wp\/v2\/pages\/43\/revisions"}],"predecessor-version":[{"id":579,"href":"https:\/\/www.ipsen.com\/czc\/wp-json\/wp\/v2\/pages\/43\/revisions\/579"}],"wp:attachment":[{"href":"https:\/\/www.ipsen.com\/czc\/wp-json\/wp\/v2\/media?parent=43"}],"curies":[{"name":"wp","href":"https:\/\/api.w.org\/{rel}","templated":true}]}}