{"id":321,"date":"2026-01-06T18:06:32","date_gmt":"2026-01-06T16:06:32","guid":{"rendered":"https:\/\/www.ipsen.com\/czc\/?page_id=321"},"modified":"2026-02-27T15:17:19","modified_gmt":"2026-02-27T13:17:19","slug":"vopis","status":"publish","type":"page","link":"https:\/\/www.ipsen.com\/czc\/nase-produkty\/vopis\/","title":{"rendered":"VPOIS"},"content":{"rendered":"    <section class=\"sub-page-banner bg-img\" style=\"background-image:url(https:\/\/www.ipsen.com\/czc\/wp-content\/uploads\/sites\/23\/2026\/01\/Health-Medicines-300x44-1.jpg)\">\n        <div class=\"container content-sec\">\n            <nav aria-label=\"breadcrumb\">\n            <ol class=\"breadcrumb\">\n                <li class=\"breadcrumb-item\"><a href=\"https:\/\/www.ipsen.com\/czc\">Dom\u016f<\/a><\/li><li class=\"breadcrumb-item visible\"><a href=\"https:\/\/www.ipsen.com\/czc\/nase-produkty\/\">Na\u0161e produkty<\/a><\/li><li class=\"breadcrumb-item active\"><a class=\"link-pointer-events-none\" href=\"#\" aria-current=\"page\">VPOIS<\/a><\/li><\/ol>\n            <\/nav>            <h1 class=\"visible\">VPOIS<\/h1>\n            <p class=\"visible\">Produktov\u00e9 portfolio zahrnuje l\u00e9\u010div\u00e9 p\u0159\u00edpravky uv\u00e1d\u011bn\u00e9 na trh pro odborn\u00edky v c\u00edlov\u00fdch terapeutick\u00fdch oblastech (onkologie, endokrinologie, neurologie), kter\u00e9 p\u0159edstavuj\u00ed prioritn\u00ed oblasti v\u00fdvoje.<\/p>\n        <\/div>\n    <\/section>\n\n\n\n<div class=\"wp-block-group alignwide is-layout-grid wp-container-core-group-is-layout-9649a0d9 wp-block-group-is-layout-grid\">\n<p><\/p>\n\n\n\n<p class=\"wp-container-content-72558541\"><\/p>\n<\/div>\n\n\n\n<div class=\"wp-block-group alignwide is-layout-grid wp-container-core-group-is-layout-9649a0d9 wp-block-group-is-layout-grid\">\n<p>Somatuline<sup>\u00ae<\/sup><\/p>\n\n\n\n<p>Lanreotid<\/p>\n\n\n\n<p>60\u202fmg nebo 120\u202fmg<\/p>\n\n\n\n<p class=\"wp-container-content-e29552f7\"><a href=\"https:\/\/www.ipsen.com\/czc\/wp-content\/uploads\/sites\/23\/2026\/01\/CZ_Somatuline_Autogel_60_120_souhrn-udaju_2025Sep12.pdf\">Souhrn \u00fadaj\u016f o p\u0159\u00edpravku<\/a><br><a href=\"https:\/\/www.ipsen.com\/czc\/wp-content\/uploads\/sites\/23\/2026\/01\/CZ_Somatuline_Autogel_60_120_pribalova-informace_2025Sep12.pdf\">P\u0159\u00edbalov\u00e1 informace pro pacienta<\/a><\/p>\n<\/div>\n\n\n\n<div class=\"wp-block-group alignwide is-layout-grid wp-container-core-group-is-layout-9649a0d9 wp-block-group-is-layout-grid\">\n<p><\/p>\n\n\n\n<hr class=\"wp-container-content-72558541\">\n<\/div>\n\n\n\n<div class=\"wp-block-group alignwide is-layout-grid wp-container-core-group-is-layout-9649a0d9 wp-block-group-is-layout-grid\">\n<p>Cabometyx<sup>\u00ae<\/sup><\/p>\n\n\n\n<p>Kabozantinib<\/p>\n\n\n\n<p>20 mg, 40 mg nebo 60 mg<\/p>\n\n\n\n<p class=\"wp-container-content-e29552f7\"><a href=\"https:\/\/www.ipsen.com\/czc\/wp-content\/uploads\/sites\/23\/2026\/02\/2026-01-15-cabometyx-combined-h-4163-clean-cs.pdf\">Souhrn \u00fadaj\u016f o p\u0159\u00edpravku<\/a><br><a href=\"https:\/\/www.ipsen.com\/czc\/wp-content\/uploads\/sites\/23\/2026\/02\/2026-01-15-cabometyx-combined-h-4163-clean-cs.pdf\">P\u0159\u00edbalov\u00e1 informace pro pacienta<\/a><\/p>\n<\/div>\n\n\n\n<div class=\"wp-block-group alignwide is-layout-grid wp-container-core-group-is-layout-9649a0d9 wp-block-group-is-layout-grid\">\n<p><\/p>\n\n\n\n<hr class=\"wp-container-content-72558541\">\n<\/div>\n\n\n\n<div class=\"wp-block-group alignwide is-layout-grid wp-container-core-group-is-layout-9649a0d9 wp-block-group-is-layout-grid\">\n<p>Diphereline<sup>\u00ae<\/sup>SR<\/p>\n\n\n\n<p>Triptorelin<\/p>\n\n\n\n<p>0,1 mg<br>S.R. 3 mg<br>S.R. 11,25 mg<br>S.R 22,5 mg<\/p>\n\n\n\n<p class=\"wp-container-content-e29552f7\">\n<a href=\"https:\/\/www.ipsen.com\/czc\/wp-content\/uploads\/sites\/23\/2026\/01\/CZ_Diphereline_01_souhrn-udaju_2025Sep12.pdf\">Souhrn \u00fadaj\u016f o p\u0159\u00edpravku &#8211; 0,1 mg<\/a><br>\n<a href=\"https:\/\/www.ipsen.com\/czc\/wp-content\/uploads\/sites\/23\/2026\/01\/CZ_Diphereline_01_pribalova-informace_2025Sep12.pdf\">P\u0159\u00edbalov\u00e1 informace pro pacienta &#8211; 0,1 mg<\/a><br>\n<a href=\"https:\/\/www.ipsen.com\/czc\/wp-content\/uploads\/sites\/23\/2026\/01\/CZ_Diphereline_SR_3_souhrn-udaju_2025Sep12.pdf\">Souhrn \u00fadaj\u016f o p\u0159\u00edpravku &#8211; S.R. 3 mg<\/a><br>\n<a href=\"https:\/\/www.ipsen.com\/czc\/wp-content\/uploads\/sites\/23\/2026\/01\/CZ_Diphereline_SR_3_pribalova-informace_2025Sep12.pdf\">P\u0159\u00edbalov\u00e1 informace pro pacienta &#8211; S.R. 3 mg<\/a><br>\n<a href=\"https:\/\/www.ipsen.com\/czc\/wp-content\/uploads\/sites\/23\/2026\/01\/CZ_Diphereline_SR_1125_souhrn-udaju_2025Sep12.pdf\">Souhrn \u00fadaj\u016f o p\u0159\u00edpravku &#8211; S.R. 11,25 mg<\/a><br>\n<a href=\"https:\/\/www.ipsen.com\/czc\/wp-content\/uploads\/sites\/23\/2026\/01\/CZ_Diphereline_SR_1125_pribalova-informace_2025Sep12.pdf\">P\u0159\u00edbalov\u00e1 informace pro pacienta &#8211; S.R. 11,25 mg<\/a><br>\n<a href=\"https:\/\/www.ipsen.com\/czc\/wp-content\/uploads\/sites\/23\/2026\/01\/CZ_Diphereline_SR_225_Souhrn-udaju.pdf\">Souhrn \u00fadaj\u016f o p\u0159\u00edpravku &#8211; S.R. 22,5 mg<\/a><br>\n<a href=\"https:\/\/www.ipsen.com\/czc\/wp-content\/uploads\/sites\/23\/2026\/01\/CZ_Diphereline_SR_225_Pribalova-informace.pdf\">P\u0159\u00edbalov\u00e1 informace pro pacienta &#8211; S.R. 22,5 mg<\/a><br>\n<\/p>\n<\/div>\n\n\n\n<div class=\"wp-block-group alignwide is-layout-grid wp-container-core-group-is-layout-9649a0d9 wp-block-group-is-layout-grid\">\n<p><\/p>\n\n\n\n<hr class=\"wp-container-content-72558541\">\n<\/div>\n\n\n\n<div class=\"wp-block-group alignwide is-layout-grid wp-container-core-group-is-layout-9649a0d9 wp-block-group-is-layout-grid\">\n<p>Dysport<sup>\u00ae<\/sup><\/p>\n\n\n\n<p>Botulotoxin typ A<\/p>\n\n\n\n<p>300 SU<br>500 SU<\/p>\n\n\n\n<p class=\"wp-container-content-e29552f7\"><a href=\"https:\/\/www.ipsen.com\/czc\/wp-content\/uploads\/sites\/23\/2026\/02\/CZ_Dysport-300-Sj_SPC_2025Dec22.pdf\">Souhrn \u00fadaj\u016f o p\u0159\u00edpravku \u2013 300 SU<\/a><br><a href=\"https:\/\/www.ipsen.com\/czc\/wp-content\/uploads\/sites\/23\/2026\/02\/CZ_Dysport-300-Sj_letak.pdf\">P\u0159\u00edbalov\u00e1 informace pro pacienta \u2013 300 SU<\/a><br> <a href=\"https:\/\/www.ipsen.com\/czc\/wp-content\/uploads\/sites\/23\/2026\/02\/CZ_Dysport-500-Sj_SPC_2025Dec22.pdf\">Souhrn \u00fadaj\u016f o p\u0159\u00edpravku &#8211; 500 SU<\/a><br> <a href=\"https:\/\/www.ipsen.com\/czc\/wp-content\/uploads\/sites\/23\/2026\/02\/CZ_Dysport-500-Sj_letak.pdf\">P\u0159\u00edbalov\u00e1 informace pro pacienta &#8211; 500 SU<\/a><\/p>\n<\/div>\n\n\n\n<div class=\"wp-block-group alignwide is-layout-grid wp-container-core-group-is-layout-9649a0d9 wp-block-group-is-layout-grid\">\n<p><\/p>\n\n\n\n<hr class=\"wp-container-content-72558541\">\n<\/div>\n\n\n\n<div class=\"wp-block-group alignwide is-layout-grid wp-container-core-group-is-layout-9649a0d9 wp-block-group-is-layout-grid\">\n<p>Azzalure<sup>\u00ae<\/sup><\/p>\n\n\n\n<p>Butolotoxin typ A<\/p>\n\n\n\n<p>0,05 ml, INJ PLV SOL<\/p>\n\n\n\n<p class=\"wp-container-content-e29552f7\"><a href=\"https:\/\/www.ipsen.com\/czc\/wp-content\/uploads\/sites\/23\/2026\/02\/CZ_Azzalure_125IU_SmPC_2025Dec22.pdf\">Souhrn \u00fadaj\u016f o p\u0159\u00edpravku<\/a><br><a href=\"https:\/\/www.ipsen.com\/czc\/wp-content\/uploads\/sites\/23\/2026\/02\/CZ_Azzalure_125IU_leaflet_2025Dec22.pdf\">P\u0159\u00edbalov\u00e1 informace pro pacienta<\/a><\/p>\n<\/div>\n\n\n\n<div class=\"wp-block-group alignwide is-layout-grid wp-container-core-group-is-layout-9649a0d9 wp-block-group-is-layout-grid\">\n<p><\/p>\n\n\n\n<hr class=\"wp-container-content-72558541\">\n<\/div>\n\n\n\n<div class=\"wp-block-group alignwide is-layout-grid wp-container-core-group-is-layout-9649a0d9 wp-block-group-is-layout-grid\">\n<p>Alluzience<\/p>\n\n\n\n<p>Butolotoxin typ A<\/p>\n\n\n\n<p>200 Speywood jednotek\/ml <\/p>\n\n\n\n<p class=\"wp-container-content-e29552f7\"><a href=\"https:\/\/www.ipsen.com\/czc\/wp-content\/uploads\/sites\/23\/2026\/01\/CZ_alluzience_souhrn-udaju.pdf\">Souhrn \u00fadaj\u016f o p\u0159\u00edpravku<\/a><br><a href=\"https:\/\/www.ipsen.com\/czc\/wp-content\/uploads\/sites\/23\/2026\/01\/CZ_alluzience_letak.pdf\">P\u0159\u00edbalov\u00e1 informace pro pacienta<\/a><\/p>\n<\/div>\n\n\n\n<div class=\"wp-block-group alignwide is-layout-grid wp-container-core-group-is-layout-9649a0d9 wp-block-group-is-layout-grid\">\n<p><\/p>\n\n\n\n<hr class=\"wp-container-content-72558541\">\n<\/div>\n\n\n\n<div class=\"wp-block-group alignwide is-layout-grid wp-container-core-group-is-layout-9649a0d9 wp-block-group-is-layout-grid\">\n<p>Cometriq<sup>\u00ae<\/sup><\/p>\n\n\n\n<p>Kabozantinib<\/p>\n\n\n\n<p>20 mg nebo 80 mg<\/p>\n\n\n\n<p class=\"wp-container-content-e29552f7\"><a href=\"https:\/\/www.ipsen.com\/czc\/wp-content\/uploads\/sites\/23\/2026\/01\/2026-01-15-cometriq-combined-h-2640-clean-cs.pdf\">Souhrn \u00fadaj\u016f o p\u0159\u00edpravku<\/a><br><a href=\"https:\/\/www.ipsen.com\/czc\/wp-content\/uploads\/sites\/23\/2026\/01\/2026-01-15-cometriq-combined-h-2640-clean-cs.pdf\">P\u0159\u00edbalov\u00e1 informace pro pacienta<\/a><\/p>\n<\/div>\n\n\n\n<div class=\"wp-block-group alignwide is-layout-grid wp-container-core-group-is-layout-9649a0d9 wp-block-group-is-layout-grid\">\n<p><\/p>\n\n\n\n<hr class=\"wp-container-content-72558541\">\n<\/div>\n\n\n\n<div class=\"wp-block-group alignwide is-layout-grid wp-container-core-group-is-layout-9649a0d9 wp-block-group-is-layout-grid\">\n<p>Bylvay<sup>\u00ae<\/sup><\/p>\n\n\n\n<p>Odevixib\u00e1t<\/p>\n\n\n\n<p>200 mcg<br>400 mcg<br>600 mcg<br>1 200 mcg<\/p>\n\n\n\n<p class=\"wp-container-content-e29552f7\"><a href=\"https:\/\/www.ipsen.com\/czc\/wp-content\/uploads\/sites\/23\/2026\/01\/ema-combined-h-4691-cs-Balard.pdf\">Souhrn \u00fadaj\u016f o p\u0159\u00edpravku<\/a><br><a href=\"https:\/\/www.ipsen.com\/czc\/wp-content\/uploads\/sites\/23\/2026\/01\/ema-combined-h-4691-cs-Balard.pdf\">P\u0159\u00edbalov\u00e1 informace pro pacienta<\/a><\/p>\n<\/div>\n\n\n\n<div class=\"wp-block-group alignwide is-layout-grid wp-container-core-group-is-layout-9649a0d9 wp-block-group-is-layout-grid\">\n<p><\/p>\n\n\n\n<hr class=\"wp-container-content-72558541\">\n<\/div>\n\n\n\n<div class=\"wp-block-group alignwide is-layout-grid wp-container-core-group-is-layout-9649a0d9 wp-block-group-is-layout-grid\">\n<p>Kayfanda<\/p>\n\n\n\n<p>Odevixib\u00e1t<\/p>\n\n\n\n<p>200 mcg<br>400 mcg<br>600 mcg<br>1 200 mcg<\/p>\n\n\n\n<p class=\"wp-container-content-e29552f7\"><a href=\"https:\/\/www.ipsen.com\/czc\/wp-content\/uploads\/sites\/23\/2026\/01\/ema-combined-h-6462-cs-Balard.pdf\">Souhrn \u00fadaj\u016f o p\u0159\u00edpravku<\/a><br><a href=\"https:\/\/www.ipsen.com\/czc\/wp-content\/uploads\/sites\/23\/2026\/01\/ema-combined-h-6462-cs-Balard.pdf\">P\u0159\u00edbalov\u00e1 informace pro pacienta<\/a><\/p>\n<\/div>\n\n\n\n<div class=\"wp-block-group alignwide is-layout-grid wp-container-core-group-is-layout-9649a0d9 wp-block-group-is-layout-grid\">\n<p><\/p>\n\n\n\n<hr class=\"wp-container-content-72558541\">\n<\/div>\n\n\n\n<div class=\"wp-block-group alignwide is-layout-grid wp-container-core-group-is-layout-9649a0d9 wp-block-group-is-layout-grid\">\n<p>Iqirvo<\/p>\n\n\n\n<p>Elafibranor<\/p>\n\n\n\n<p>80 mg<\/p>\n\n\n\n<p class=\"wp-container-content-e29552f7\"><a href=\"https:\/\/www.ipsen.com\/czc\/wp-content\/uploads\/sites\/23\/2026\/01\/2025-07-ema-combined-h-6231-cs.pdf\">Souhrn \u00fadaj\u016f o p\u0159\u00edpravku<\/a><br><a href=\"https:\/\/www.ipsen.com\/czc\/wp-content\/uploads\/sites\/23\/2026\/01\/2025-07-ema-combined-h-6231-cs.pdf\">P\u0159\u00edbalov\u00e1 informace pro pacienta<\/a><\/p>\n<\/div>\n\n\n\n<div class=\"wp-block-group alignwide is-layout-grid wp-container-core-group-is-layout-9649a0d9 wp-block-group-is-layout-grid\">\n<p><\/p>\n\n\n\n<hr class=\"wp-container-content-72558541\">\n<\/div>\n\n\n<p><\/p>\n\n<!-- Text & Media Block Code -->\n<section class=\"two-col-section text-media-section\">\n    <div class=\"container two-section-innner \">\n        <div class=\"response-inner\" style=\"background-image: url('')\">\n            <div class=\"row \">\n                <div class=\"col-xs-12 col-sm-12 col-md-6\">\n                                                    <div class=\"img-video-section\">\n                                <img decoding=\"async\" \n                                    src=\"https:\/\/www.ipsen.com\/czc\/wp-content\/uploads\/sites\/23\/2026\/01\/Charter-scaled-1.jpg\" \n                                    alt=\"\" \n                                >\n                            <\/div>\n                                        <\/div>\n                <div class=\" col-xs-12 col-sm-12 col-md-6\">\n                    <div class=\"section-content\">\n                        <div class=\"heading-dash\">\n                                                            <span class=\"dash\"><\/span>\n                                <h4 class=\"heading-para heading-four\" role=\"heading\" aria-level=\"2\">\n                                    Distribuce l\u00e9\u010div\u00fdch p\u0159\u00edpravk\u016f v \u010cR s ozna\u010den\u00edm \u201eomezen\u00e1 dostupnost\u201c:                                <\/h4>\n                                                    <\/div>\n                                                <p>V p\u0159\u00edpad\u011b omezen\u00e9 dostupnosti n\u011bkter\u00fdch l\u00e9\u010div\u00fdch p\u0159\u00edpravk\u016f spole\u010dnosti Ipsen Pharma s.r.o. bude jejich distribuce zaji\u0161\u0165ov\u00e1na prost\u0159ednictv\u00edm n\u00e1sleduj\u00edc\u00edch autorizovan\u00fdch distributor\u016f<\/p>\n<p>Alliance Healthcare s.r.o. (I\u010cO 14707420),<\/p>\n<p>PHARMOS, a.s. (I\u010cO 19010290),<\/p>\n<p>PHOENIX l\u00e9k\u00e1rensk\u00fd velkoobchod, s.r.o. (I\u010cO 45359326)<\/p>\n<p><em>Seznam autorizovan\u00fdch distributor\u016f je pravideln\u011b aktualizov\u00e1n a zve\u0159ej\u0148ov\u00e1n na na\u0161ich webov\u00fdch str\u00e1nk\u00e1ch.<\/em><\/p>\n<p>Pro v\u00edce informac\u00ed o dostupnosti na\u0161ich produkt\u016f\u00a0<u>v\u00a0p\u0159\u00edpad\u011b jejich za\u0159azen\u00ed do skupiny s \u201eomezenou dostupnost\u00ed\u201c<\/u>\u00a0se pros\u00edm obra\u0165te na na\u0161e distribu\u010dn\u00ed partnery nebo n\u00e1s kontaktujte prost\u0159ednictv\u00edm e-mailu:\u00a0<a href=\"mailto:info.czech@ipsen.com\">info.czech@ipsen.com<\/a>\u00a0nebo telefonicky +420 242 481\u00a0821.<\/p>\n                            <a \n                            aria-label=\" about Distribuce l\u00e9\u010div\u00fdch p\u0159\u00edpravk\u016f v \u010cR s ozna\u010den\u00edm \u201eomezen\u00e1 dostupnost\u201c:\"  \n                                role=\"link\" \n                                class=\"btn-link hidden\"\n                                href=\"\" \n                                target=\"_self\"\n                            > \n                                 \n                            <\/a>\n\n                    <\/div>\n                <\/div>\n            <\/div>\n        <\/div>\n    <\/div>\n<\/section>","protected":false},"excerpt":{"rendered":"","protected":false},"author":125,"featured_media":0,"parent":38,"menu_order":0,"comment_status":"closed","ping_status":"closed","template":"","meta":{"_acf_changed":false,"footnotes":""},"class_list":["post-321","page","type-page","status-publish","hentry","entry"],"acf":[],"yoast_head":"<!-- This site is optimized with the Yoast SEO plugin v26.8 - https:\/\/yoast.com\/product\/yoast-seo-wordpress\/ -->\n<title>VPOIS - Czech Republic<\/title>\n<meta name=\"robots\" content=\"index, follow, max-snippet:-1, max-image-preview:large, max-video-preview:-1\" \/>\n<link rel=\"canonical\" href=\"https:\/\/www.ipsen.com\/czc\/nase-produkty\/vopis\/\" \/>\n<meta property=\"og:locale\" content=\"cs_CZ\" \/>\n<meta property=\"og:type\" content=\"article\" \/>\n<meta property=\"og:title\" content=\"VPOIS - Czech Republic\" \/>\n<meta property=\"og:url\" content=\"https:\/\/www.ipsen.com\/czc\/nase-produkty\/vopis\/\" \/>\n<meta property=\"og:site_name\" content=\"Czech Republic\" \/>\n<meta property=\"article:modified_time\" content=\"2026-02-27T13:17:19+00:00\" \/>\n<meta name=\"twitter:card\" content=\"summary_large_image\" \/>\n<meta name=\"twitter:label1\" content=\"Est. reading time\" \/>\n\t<meta name=\"twitter:data1\" content=\"2 minutes\" \/>\n<script type=\"application\/ld+json\" class=\"yoast-schema-graph\">{\"@context\":\"https:\/\/schema.org\",\"@graph\":[{\"@type\":\"WebPage\",\"@id\":\"https:\/\/www.ipsen.com\/czc\/nase-produkty\/vopis\/\",\"url\":\"https:\/\/www.ipsen.com\/czc\/nase-produkty\/vopis\/\",\"name\":\"VPOIS - Czech Republic\",\"isPartOf\":{\"@id\":\"https:\/\/www.ipsen.com\/czc\/#website\"},\"datePublished\":\"2026-01-06T16:06:32+00:00\",\"dateModified\":\"2026-02-27T13:17:19+00:00\",\"breadcrumb\":{\"@id\":\"https:\/\/www.ipsen.com\/czc\/nase-produkty\/vopis\/#breadcrumb\"},\"inLanguage\":\"cs-CZ\",\"potentialAction\":[{\"@type\":\"ReadAction\",\"target\":[\"https:\/\/www.ipsen.com\/czc\/nase-produkty\/vopis\/\"]}]},{\"@type\":\"BreadcrumbList\",\"@id\":\"https:\/\/www.ipsen.com\/czc\/nase-produkty\/vopis\/#breadcrumb\",\"itemListElement\":[{\"@type\":\"ListItem\",\"position\":1,\"name\":\"Home\",\"item\":\"https:\/\/www.ipsen.com\/czc\/\"},{\"@type\":\"ListItem\",\"position\":2,\"name\":\"Na\u0161e produkty\",\"item\":\"https:\/\/www.ipsen.com\/czc\/nase-produkty\/\"},{\"@type\":\"ListItem\",\"position\":3,\"name\":\"VPOIS\"}]},{\"@type\":\"WebSite\",\"@id\":\"https:\/\/www.ipsen.com\/czc\/#website\",\"url\":\"https:\/\/www.ipsen.com\/czc\/\",\"name\":\"Czech Republic\",\"description\":\"\",\"publisher\":{\"@id\":\"https:\/\/www.ipsen.com\/czc\/#organization\"},\"potentialAction\":[{\"@type\":\"SearchAction\",\"target\":{\"@type\":\"EntryPoint\",\"urlTemplate\":\"https:\/\/www.ipsen.com\/czc\/?s={search_term_string}\"},\"query-input\":{\"@type\":\"PropertyValueSpecification\",\"valueRequired\":true,\"valueName\":\"search_term_string\"}}],\"inLanguage\":\"cs-CZ\"},{\"@type\":\"Organization\",\"@id\":\"https:\/\/www.ipsen.com\/czc\/#organization\",\"name\":\"Czech Republic\",\"url\":\"https:\/\/www.ipsen.com\/czc\/\",\"logo\":{\"@type\":\"ImageObject\",\"inLanguage\":\"cs-CZ\",\"@id\":\"https:\/\/www.ipsen.com\/czc\/#\/schema\/logo\/image\/\",\"url\":\"https:\/\/www.ipsen.com\/czc\/wp-content\/uploads\/sites\/23\/2025\/09\/Logo-Ipsen-new.svg\",\"contentUrl\":\"https:\/\/www.ipsen.com\/czc\/wp-content\/uploads\/sites\/23\/2025\/09\/Logo-Ipsen-new.svg\",\"caption\":\"Czech Republic\"},\"image\":{\"@id\":\"https:\/\/www.ipsen.com\/czc\/#\/schema\/logo\/image\/\"}}]}<\/script>\n<!-- \/ Yoast SEO plugin. -->","yoast_head_json":{"title":"VPOIS - Czech Republic","robots":{"index":"index","follow":"follow","max-snippet":"max-snippet:-1","max-image-preview":"max-image-preview:large","max-video-preview":"max-video-preview:-1"},"canonical":"https:\/\/www.ipsen.com\/czc\/nase-produkty\/vopis\/","og_locale":"cs_CZ","og_type":"article","og_title":"VPOIS - Czech Republic","og_url":"https:\/\/www.ipsen.com\/czc\/nase-produkty\/vopis\/","og_site_name":"Czech Republic","article_modified_time":"2026-02-27T13:17:19+00:00","twitter_card":"summary_large_image","twitter_misc":{"Est. reading time":"2 minutes"},"schema":{"@context":"https:\/\/schema.org","@graph":[{"@type":"WebPage","@id":"https:\/\/www.ipsen.com\/czc\/nase-produkty\/vopis\/","url":"https:\/\/www.ipsen.com\/czc\/nase-produkty\/vopis\/","name":"VPOIS - Czech Republic","isPartOf":{"@id":"https:\/\/www.ipsen.com\/czc\/#website"},"datePublished":"2026-01-06T16:06:32+00:00","dateModified":"2026-02-27T13:17:19+00:00","breadcrumb":{"@id":"https:\/\/www.ipsen.com\/czc\/nase-produkty\/vopis\/#breadcrumb"},"inLanguage":"cs-CZ","potentialAction":[{"@type":"ReadAction","target":["https:\/\/www.ipsen.com\/czc\/nase-produkty\/vopis\/"]}]},{"@type":"BreadcrumbList","@id":"https:\/\/www.ipsen.com\/czc\/nase-produkty\/vopis\/#breadcrumb","itemListElement":[{"@type":"ListItem","position":1,"name":"Home","item":"https:\/\/www.ipsen.com\/czc\/"},{"@type":"ListItem","position":2,"name":"Na\u0161e produkty","item":"https:\/\/www.ipsen.com\/czc\/nase-produkty\/"},{"@type":"ListItem","position":3,"name":"VPOIS"}]},{"@type":"WebSite","@id":"https:\/\/www.ipsen.com\/czc\/#website","url":"https:\/\/www.ipsen.com\/czc\/","name":"Czech Republic","description":"","publisher":{"@id":"https:\/\/www.ipsen.com\/czc\/#organization"},"potentialAction":[{"@type":"SearchAction","target":{"@type":"EntryPoint","urlTemplate":"https:\/\/www.ipsen.com\/czc\/?s={search_term_string}"},"query-input":{"@type":"PropertyValueSpecification","valueRequired":true,"valueName":"search_term_string"}}],"inLanguage":"cs-CZ"},{"@type":"Organization","@id":"https:\/\/www.ipsen.com\/czc\/#organization","name":"Czech Republic","url":"https:\/\/www.ipsen.com\/czc\/","logo":{"@type":"ImageObject","inLanguage":"cs-CZ","@id":"https:\/\/www.ipsen.com\/czc\/#\/schema\/logo\/image\/","url":"https:\/\/www.ipsen.com\/czc\/wp-content\/uploads\/sites\/23\/2025\/09\/Logo-Ipsen-new.svg","contentUrl":"https:\/\/www.ipsen.com\/czc\/wp-content\/uploads\/sites\/23\/2025\/09\/Logo-Ipsen-new.svg","caption":"Czech Republic"},"image":{"@id":"https:\/\/www.ipsen.com\/czc\/#\/schema\/logo\/image\/"}}]}},"parsely":{"version":"1.1.0","canonical_url":"https:\/\/ipsen.com\/czc\/nase-produkty\/vopis\/","smart_links":{"inbound":0,"outbound":0},"traffic_boost_suggestions_count":0,"meta":{"@context":"https:\/\/schema.org","@type":"WebPage","headline":"VPOIS","url":"http:\/\/www.ipsen.com\/czc\/nase-produkty\/vopis\/","mainEntityOfPage":{"@type":"WebPage","@id":"http:\/\/www.ipsen.com\/czc\/nase-produkty\/vopis\/"},"thumbnailUrl":"","image":{"@type":"ImageObject","url":""},"articleSection":"Uncategorized @cs","author":[{"@type":"Person","name":"antonio"}],"creator":["antonio"],"publisher":{"@type":"Organization","name":"Czech Republic","logo":""},"keywords":[],"dateCreated":"2026-01-06T16:06:32Z","datePublished":"2026-01-06T16:06:32Z","dateModified":"2026-02-27T13:17:19Z"},"rendered":"<script type=\"application\/ld+json\" class=\"wp-parsely-metadata\">{\"@context\":\"https:\\\/\\\/schema.org\",\"@type\":\"WebPage\",\"headline\":\"VPOIS\",\"url\":\"http:\\\/\\\/www.ipsen.com\\\/czc\\\/nase-produkty\\\/vopis\\\/\",\"mainEntityOfPage\":{\"@type\":\"WebPage\",\"@id\":\"http:\\\/\\\/www.ipsen.com\\\/czc\\\/nase-produkty\\\/vopis\\\/\"},\"thumbnailUrl\":\"\",\"image\":{\"@type\":\"ImageObject\",\"url\":\"\"},\"articleSection\":\"Uncategorized @cs\",\"author\":[{\"@type\":\"Person\",\"name\":\"antonio\"}],\"creator\":[\"antonio\"],\"publisher\":{\"@type\":\"Organization\",\"name\":\"Czech Republic\",\"logo\":\"\"},\"keywords\":[],\"dateCreated\":\"2026-01-06T16:06:32Z\",\"datePublished\":\"2026-01-06T16:06:32Z\",\"dateModified\":\"2026-02-27T13:17:19Z\"}<\/script>","tracker_url":"https:\/\/cdn.parsely.com\/keys\/ipsen.com\/p.js"},"_links":{"self":[{"href":"https:\/\/www.ipsen.com\/czc\/wp-json\/wp\/v2\/pages\/321","targetHints":{"allow":["GET"]}}],"collection":[{"href":"https:\/\/www.ipsen.com\/czc\/wp-json\/wp\/v2\/pages"}],"about":[{"href":"https:\/\/www.ipsen.com\/czc\/wp-json\/wp\/v2\/types\/page"}],"author":[{"embeddable":true,"href":"https:\/\/www.ipsen.com\/czc\/wp-json\/wp\/v2\/users\/125"}],"replies":[{"embeddable":true,"href":"https:\/\/www.ipsen.com\/czc\/wp-json\/wp\/v2\/comments?post=321"}],"version-history":[{"count":97,"href":"https:\/\/www.ipsen.com\/czc\/wp-json\/wp\/v2\/pages\/321\/revisions"}],"predecessor-version":[{"id":858,"href":"https:\/\/www.ipsen.com\/czc\/wp-json\/wp\/v2\/pages\/321\/revisions\/858"}],"up":[{"embeddable":true,"href":"https:\/\/www.ipsen.com\/czc\/wp-json\/wp\/v2\/pages\/38"}],"wp:attachment":[{"href":"https:\/\/www.ipsen.com\/czc\/wp-json\/wp\/v2\/media?parent=321"}],"curies":[{"name":"wp","href":"https:\/\/api.w.org\/{rel}","templated":true}]}}