{"id":31,"date":"2025-11-24T08:13:03","date_gmt":"2025-11-24T06:13:03","guid":{"rendered":"https:\/\/www.ipsen.com\/czc\/?page_id=31"},"modified":"2026-01-29T17:25:49","modified_gmt":"2026-01-29T15:25:49","slug":"kontakt","status":"publish","type":"page","link":"https:\/\/www.ipsen.com\/czc\/kontakt\/","title":{"rendered":"Kontakt"},"content":{"rendered":"    <section class=\"sub-page-banner bg-img\" style=\"background-image:url(https:\/\/www.ipsen.com\/czc\/wp-content\/uploads\/sites\/23\/2026\/01\/Health-Medicines-300x44-1.jpg)\">\n        <div class=\"container content-sec\">\n            <nav aria-label=\"breadcrumb\">\n            <ol class=\"breadcrumb\">\n                <li class=\"breadcrumb-item\"><a href=\"https:\/\/www.ipsen.com\/czc\">Dom\u016f<\/a><\/li><li class=\"breadcrumb-item active\"><a class=\"link-pointer-events-none\" href=\"#\" aria-current=\"page\">Kontakt<\/a><\/li><\/ol>\n            <\/nav>            <h1 class=\"visible\">Kontakt<\/h1>\n            <p class=\"visible\">Nev\u00e1hejte n\u00e1s kontaktovat, pokud budete m\u00edt jak\u00e9koli dotazy ohledn\u011b spole\u010dnosti Ipsen.<\/p>\n        <\/div>\n    <\/section>\n\n\n        <div class=\"container\">\n            <section class=\"location-card\">\n                <div class=\"location-header\">\n                    <h3 class=\"location-type hidden heading-three\">\n                                            <\/h3>\n                    <p class=\"location-summary hidden\"> <\/p>\n                <\/div>\n                                    <div class=\"location-card-inner\">\n                        <div class=\"row normal-div\">\n                            <div class=\"column-1 col-lg-6 col-md-6 col-sm-12\">\n                                <div class=\"location-img\">\n                                    <img decoding=\"async\" src=\"https:\/\/www.ipsen.com\/czc\/wp-content\/uploads\/sites\/23\/2026\/01\/Wrexham-UK-img-06-none_LD.jpg\" alt=\"Ipsen Pharma s.r.o\" title=\"Ipsen Pharma s.r.o\" >\n                                <\/div>\n\n                                \n                            <\/div>\n                            <div class=\"column-2 col-lg-6 col-md-6 col-sm-12\">\n                                <div class=\"location-details\">\n                                    \n                                    <div class=\"location-txtcopy-img location-head\">\n                                        <h4 class=\"location-head\" tabindex=\"0\">\n                                            Ipsen Pharma s.r.o                                        <\/h4>\n                                        <a class=\"copy-txt\" role=\"button\" tabindex=\"0\">\n                                            <img decoding=\"async\" \n                                                class=\"copy\" \n                                                src=\"https:\/\/www.ipsen.com\/czc\/wp-content\/themes\/ipsen-main\/dist\/images\/Copy-Icon-New.svg\" \n                                                alt=\"Copy Ipsen Pharma s.r.o Office name\"  \n                                                title=\"Copy Ipsen Pharma s.r.o Office name\"  \n                                            >\n                                        <\/a>\n                                    <\/div>\n                                    \n                                    <div class=\"location-details-icon\">\n\n                                                                                    <div class=\"flex-sec\">\n                                                <img decoding=\"async\" src=\"https:\/\/www.ipsen.com\/czc\/wp-content\/themes\/ipsen-main\/dist\/images\/material-symbols_location-on-outline.svg\" alt=\"Adresa\" title=\"Adresa\" >\n                                                <p class=\"address\">\n                                                    I\u010cO: 07099321      DI\u010c: CZ 07099321 <br>Olbrachtova 2006\/9, Praha 4 140 00  <br>Zapsan\u00e1 v obchodn\u00edm rejst\u0159\u00edku u M\u011bstsk\u00e9ho soudu v Praze, odd\u00edl C, vlo\u017eka 294625, Praha, \u010cesk\u00e1 republika                        \n                                                <\/p>\n                                            <\/div>\n                                         \n\n                                                                                    <div class=\"flex-sec\">\n                                                <img decoding=\"async\" src=\"https:\/\/www.ipsen.com\/czc\/wp-content\/themes\/ipsen-main\/dist\/images\/phone-icon-locationcard.svg\" alt=\"Telefonn\u00ed \u010d\u00edslo\" Title=\"Telefonn\u00ed \u010d\u00edslo\">\n                                                <p class=\"number\">\n                                                    <a href=\"tel:+420 242 481 821\">+420 242 481 821<\/a>\n                                                <\/p>\n                                                <a class=\"copy-txt\" role=\"button\" tabindex=\"0\">\n                                                    <img decoding=\"async\" \n                                                        class=\"copy\" \n                                                        src=\"https:\/\/www.ipsen.com\/czc\/wp-content\/themes\/ipsen-main\/dist\/images\/Copy-Icon-New.svg\" \n                                                        alt=\"Copy Ipsen Pharma s.r.o Telefonn\u00ed \u010d\u00edslo\" \n                                                        title=\"Copy Ipsen Pharma s.r.o Telefonn\u00ed \u010d\u00edslo\"\n                                                    \/>\n                                                <\/a>\n                                            <\/div>\n                                        \n                                                                                    <div class=\"flex-sec\">\n                                                <img decoding=\"async\" src=\"https:\/\/www.ipsen.com\/czc\/wp-content\/themes\/ipsen-main\/dist\/images\/mail.png\" alt=\"E-mailov\u00e1 adresa\" title=\"E-mailov\u00e1 adresa\" >\n                                                <p class=\"mail\">\n                                                    <a href=\"mailto:info.czech@ipsen.com\">info.czech@ipsen.com<\/a>\n                                                <\/p>\n                                                <a class=\"copy-txt\" role=\"button\" tabindex=\"0\">\n                                                    <img decoding=\"async\" \n                                                        class=\"copy\" \n                                                        src=\"https:\/\/www.ipsen.com\/czc\/wp-content\/themes\/ipsen-main\/dist\/images\/Copy-Icon-New.svg\" \n                                                        alt=\"Copy Ipsen Pharma s.r.o E-mailov\u00e1 adresa\"\n                                                        title=\"Copy Ipsen Pharma s.r.o E-mailov\u00e1 adresa\"\n                                                    \/>\n                                                <\/a>\n                                            <\/div>\n                                        \n                                        \n                                                                                    <div class=\"flex-sec\">\n                                                <img decoding=\"async\" src=\"https:\/\/www.ipsen.com\/czc\/wp-content\/themes\/ipsen-main\/dist\/images\/get_direction.svg\" alt=\"Mapa\" title=\"Mapa\">\n                                                <p class=\"map\">\n                                                                                                            <a aria-label=\"Get directions to Ipsen Pharma s.r.o\" target=\"_blank\" href=\"https:\/\/maps.app.goo.gl\/Ts85R3ahkpdLjU9r6\" aria-label=\"Get direction toNavigovat\">Navigovat<\/a>\n                                                                                                    <\/p>\n                                                <a class=\"copy-txt\" role=\"button\" tabindex=\"0\">\n                                                    <img decoding=\"async\" \n                                                        class=\"copy\" \n                                                        src=\"https:\/\/www.ipsen.com\/czc\/wp-content\/themes\/ipsen-main\/dist\/images\/Copy-Icon-New.svg\" \n                                                        alt=\"Copy Ipsen Pharma s.r.o Map Link\"\n                                                        title=\"Copy Ipsen Pharma s.r.o Map Link\"\n                                                    \/>\n                                                <\/a>\n                                            <\/div>\n                                        \n                                    <\/div>\n                                <\/div>\n                            <\/div>\n                        <\/div>\n                    <\/div>\n                            <\/section>\n        <\/div> \n    ","protected":false},"excerpt":{"rendered":"","protected":false},"author":2,"featured_media":0,"parent":0,"menu_order":0,"comment_status":"closed","ping_status":"closed","template":"","meta":{"_acf_changed":false,"footnotes":""},"class_list":["post-31","page","type-page","status-publish","hentry","entry"],"acf":[],"yoast_head":"<!-- This site is optimized with the Yoast SEO plugin v26.8 - https:\/\/yoast.com\/product\/yoast-seo-wordpress\/ -->\n<title>Kontakt - Czech Republic<\/title>\n<meta name=\"robots\" content=\"index, follow, max-snippet:-1, max-image-preview:large, max-video-preview:-1\" \/>\n<link rel=\"canonical\" href=\"https:\/\/www.ipsen.com\/czc\/kontakt\/\" \/>\n<meta property=\"og:locale\" content=\"cs_CZ\" \/>\n<meta property=\"og:type\" content=\"article\" \/>\n<meta property=\"og:title\" content=\"Kontakt - Czech Republic\" \/>\n<meta property=\"og:url\" content=\"https:\/\/www.ipsen.com\/czc\/kontakt\/\" \/>\n<meta property=\"og:site_name\" content=\"Czech Republic\" \/>\n<meta property=\"article:modified_time\" content=\"2026-01-29T15:25:49+00:00\" \/>\n<meta name=\"twitter:card\" content=\"summary_large_image\" \/>\n<script type=\"application\/ld+json\" class=\"yoast-schema-graph\">{\"@context\":\"https:\/\/schema.org\",\"@graph\":[{\"@type\":\"WebPage\",\"@id\":\"https:\/\/www.ipsen.com\/czc\/kontakt\/\",\"url\":\"https:\/\/www.ipsen.com\/czc\/kontakt\/\",\"name\":\"Kontakt - Czech Republic\",\"isPartOf\":{\"@id\":\"https:\/\/www.ipsen.com\/czc\/#website\"},\"datePublished\":\"2025-11-24T06:13:03+00:00\",\"dateModified\":\"2026-01-29T15:25:49+00:00\",\"breadcrumb\":{\"@id\":\"https:\/\/www.ipsen.com\/czc\/kontakt\/#breadcrumb\"},\"inLanguage\":\"cs-CZ\",\"potentialAction\":[{\"@type\":\"ReadAction\",\"target\":[\"https:\/\/www.ipsen.com\/czc\/kontakt\/\"]}]},{\"@type\":\"BreadcrumbList\",\"@id\":\"https:\/\/www.ipsen.com\/czc\/kontakt\/#breadcrumb\",\"itemListElement\":[{\"@type\":\"ListItem\",\"position\":1,\"name\":\"Home\",\"item\":\"https:\/\/www.ipsen.com\/czc\/\"},{\"@type\":\"ListItem\",\"position\":2,\"name\":\"Kontakt\"}]},{\"@type\":\"WebSite\",\"@id\":\"https:\/\/www.ipsen.com\/czc\/#website\",\"url\":\"https:\/\/www.ipsen.com\/czc\/\",\"name\":\"Czech Republic\",\"description\":\"\",\"publisher\":{\"@id\":\"https:\/\/www.ipsen.com\/czc\/#organization\"},\"potentialAction\":[{\"@type\":\"SearchAction\",\"target\":{\"@type\":\"EntryPoint\",\"urlTemplate\":\"https:\/\/www.ipsen.com\/czc\/?s={search_term_string}\"},\"query-input\":{\"@type\":\"PropertyValueSpecification\",\"valueRequired\":true,\"valueName\":\"search_term_string\"}}],\"inLanguage\":\"cs-CZ\"},{\"@type\":\"Organization\",\"@id\":\"https:\/\/www.ipsen.com\/czc\/#organization\",\"name\":\"Czech Republic\",\"url\":\"https:\/\/www.ipsen.com\/czc\/\",\"logo\":{\"@type\":\"ImageObject\",\"inLanguage\":\"cs-CZ\",\"@id\":\"https:\/\/www.ipsen.com\/czc\/#\/schema\/logo\/image\/\",\"url\":\"https:\/\/www.ipsen.com\/czc\/wp-content\/uploads\/sites\/23\/2025\/09\/Logo-Ipsen-new.svg\",\"contentUrl\":\"https:\/\/www.ipsen.com\/czc\/wp-content\/uploads\/sites\/23\/2025\/09\/Logo-Ipsen-new.svg\",\"caption\":\"Czech Republic\"},\"image\":{\"@id\":\"https:\/\/www.ipsen.com\/czc\/#\/schema\/logo\/image\/\"}}]}<\/script>\n<!-- \/ Yoast SEO plugin. -->","yoast_head_json":{"title":"Kontakt - Czech Republic","robots":{"index":"index","follow":"follow","max-snippet":"max-snippet:-1","max-image-preview":"max-image-preview:large","max-video-preview":"max-video-preview:-1"},"canonical":"https:\/\/www.ipsen.com\/czc\/kontakt\/","og_locale":"cs_CZ","og_type":"article","og_title":"Kontakt - Czech Republic","og_url":"https:\/\/www.ipsen.com\/czc\/kontakt\/","og_site_name":"Czech Republic","article_modified_time":"2026-01-29T15:25:49+00:00","twitter_card":"summary_large_image","schema":{"@context":"https:\/\/schema.org","@graph":[{"@type":"WebPage","@id":"https:\/\/www.ipsen.com\/czc\/kontakt\/","url":"https:\/\/www.ipsen.com\/czc\/kontakt\/","name":"Kontakt - Czech Republic","isPartOf":{"@id":"https:\/\/www.ipsen.com\/czc\/#website"},"datePublished":"2025-11-24T06:13:03+00:00","dateModified":"2026-01-29T15:25:49+00:00","breadcrumb":{"@id":"https:\/\/www.ipsen.com\/czc\/kontakt\/#breadcrumb"},"inLanguage":"cs-CZ","potentialAction":[{"@type":"ReadAction","target":["https:\/\/www.ipsen.com\/czc\/kontakt\/"]}]},{"@type":"BreadcrumbList","@id":"https:\/\/www.ipsen.com\/czc\/kontakt\/#breadcrumb","itemListElement":[{"@type":"ListItem","position":1,"name":"Home","item":"https:\/\/www.ipsen.com\/czc\/"},{"@type":"ListItem","position":2,"name":"Kontakt"}]},{"@type":"WebSite","@id":"https:\/\/www.ipsen.com\/czc\/#website","url":"https:\/\/www.ipsen.com\/czc\/","name":"Czech Republic","description":"","publisher":{"@id":"https:\/\/www.ipsen.com\/czc\/#organization"},"potentialAction":[{"@type":"SearchAction","target":{"@type":"EntryPoint","urlTemplate":"https:\/\/www.ipsen.com\/czc\/?s={search_term_string}"},"query-input":{"@type":"PropertyValueSpecification","valueRequired":true,"valueName":"search_term_string"}}],"inLanguage":"cs-CZ"},{"@type":"Organization","@id":"https:\/\/www.ipsen.com\/czc\/#organization","name":"Czech Republic","url":"https:\/\/www.ipsen.com\/czc\/","logo":{"@type":"ImageObject","inLanguage":"cs-CZ","@id":"https:\/\/www.ipsen.com\/czc\/#\/schema\/logo\/image\/","url":"https:\/\/www.ipsen.com\/czc\/wp-content\/uploads\/sites\/23\/2025\/09\/Logo-Ipsen-new.svg","contentUrl":"https:\/\/www.ipsen.com\/czc\/wp-content\/uploads\/sites\/23\/2025\/09\/Logo-Ipsen-new.svg","caption":"Czech Republic"},"image":{"@id":"https:\/\/www.ipsen.com\/czc\/#\/schema\/logo\/image\/"}}]}},"parsely":{"version":"1.1.0","canonical_url":"https:\/\/ipsen.com\/czc\/kontakt\/","smart_links":{"inbound":0,"outbound":0},"traffic_boost_suggestions_count":0,"meta":{"@context":"https:\/\/schema.org","@type":"WebPage","headline":"Kontakt","url":"http:\/\/www.ipsen.com\/czc\/kontakt\/","mainEntityOfPage":{"@type":"WebPage","@id":"http:\/\/www.ipsen.com\/czc\/kontakt\/"},"thumbnailUrl":"","image":{"@type":"ImageObject","url":""},"articleSection":"Uncategorized @cs","author":[{"@type":"Person","name":"navya"}],"creator":["navya"],"publisher":{"@type":"Organization","name":"Czech Republic","logo":""},"keywords":[],"dateCreated":"2025-11-24T06:13:03Z","datePublished":"2025-11-24T06:13:03Z","dateModified":"2026-01-29T15:25:49Z"},"rendered":"<script type=\"application\/ld+json\" class=\"wp-parsely-metadata\">{\"@context\":\"https:\\\/\\\/schema.org\",\"@type\":\"WebPage\",\"headline\":\"Kontakt\",\"url\":\"http:\\\/\\\/www.ipsen.com\\\/czc\\\/kontakt\\\/\",\"mainEntityOfPage\":{\"@type\":\"WebPage\",\"@id\":\"http:\\\/\\\/www.ipsen.com\\\/czc\\\/kontakt\\\/\"},\"thumbnailUrl\":\"\",\"image\":{\"@type\":\"ImageObject\",\"url\":\"\"},\"articleSection\":\"Uncategorized @cs\",\"author\":[{\"@type\":\"Person\",\"name\":\"navya\"}],\"creator\":[\"navya\"],\"publisher\":{\"@type\":\"Organization\",\"name\":\"Czech Republic\",\"logo\":\"\"},\"keywords\":[],\"dateCreated\":\"2025-11-24T06:13:03Z\",\"datePublished\":\"2025-11-24T06:13:03Z\",\"dateModified\":\"2026-01-29T15:25:49Z\"}<\/script>","tracker_url":"https:\/\/cdn.parsely.com\/keys\/ipsen.com\/p.js"},"_links":{"self":[{"href":"https:\/\/www.ipsen.com\/czc\/wp-json\/wp\/v2\/pages\/31","targetHints":{"allow":["GET"]}}],"collection":[{"href":"https:\/\/www.ipsen.com\/czc\/wp-json\/wp\/v2\/pages"}],"about":[{"href":"https:\/\/www.ipsen.com\/czc\/wp-json\/wp\/v2\/types\/page"}],"author":[{"embeddable":true,"href":"https:\/\/www.ipsen.com\/czc\/wp-json\/wp\/v2\/users\/2"}],"replies":[{"embeddable":true,"href":"https:\/\/www.ipsen.com\/czc\/wp-json\/wp\/v2\/comments?post=31"}],"version-history":[{"count":24,"href":"https:\/\/www.ipsen.com\/czc\/wp-json\/wp\/v2\/pages\/31\/revisions"}],"predecessor-version":[{"id":696,"href":"https:\/\/www.ipsen.com\/czc\/wp-json\/wp\/v2\/pages\/31\/revisions\/696"}],"wp:attachment":[{"href":"https:\/\/www.ipsen.com\/czc\/wp-json\/wp\/v2\/media?parent=31"}],"curies":[{"name":"wp","href":"https:\/\/api.w.org\/{rel}","templated":true}]}}