{"id":91,"date":"2024-06-28T07:15:12","date_gmt":"2024-06-28T05:15:12","guid":{"rendered":"https:\/\/www.ipsen.com\/canada\/privacy-policy\/"},"modified":"2024-09-30T09:11:31","modified_gmt":"2024-09-30T07:11:31","slug":"politique-de-confidentialite","status":"publish","type":"page","link":"https:\/\/www.ipsen.com\/canada\/fr\/politique-de-confidentialite\/","title":{"rendered":"Politique de confidentialit\u00e9"},"content":{"rendered":"    <section class=\"sub-page-banner bg-color-enabled  banner-no-filter\" style=\"background: linear-gradient(93.64deg, #224A81 2.99%, #2797D3 97.01%)\">\n                <div class=\"container content-sec\">\n            <nav aria-label=\"breadcrumb\">\n            <ol class=\"breadcrumb\">\n                <li class=\"breadcrumb-item\"><a href=\"https:\/\/www.ipsen.com\/canada\/fr\/\">Accueil<\/a><\/li><li class=\"breadcrumb-item active\"><a class=\"link-pointer-events-none\" href=\"#\" aria-current=\"page\">Politique de confidentialit\u00e9<\/a><\/li><\/ol>\n            <\/nav>            <h1 class=\"visible banner-font-color-white\">Politique de confidentialit\u00e9<\/h1>\n            <p class=\"hidden banner-font-color-white\"><\/p>\n        <\/div>\n    <\/section>\n\n\n\n\n<div class=\"wp-block-columns is-layout-flex wp-container-core-columns-is-layout-9d6595d7 wp-block-columns-is-layout-flex\">\n<div class=\"wp-block-column is-layout-flow wp-block-column-is-layout-flow\">\n<p>Ipsen\u00a0Biopharmaceuticals\u00a0Canada\u00a0Inc. (\u00ab\u00a0Ipsen\u00a0\u00bb, \u00ab\u00a0nous\u00a0\u00bb, \u00ab\u00a0notre\u00a0\u00bb ou \u00ab\u00a0nos\u00a0\u00bb) respecte la confidentialit\u00e9 des visiteurs de ses sites\u00a0Web, et nous reconnaissons votre besoin d\u2019une protection et d\u2019une gestion appropri\u00e9es des renseignements que vous partagez avec nous. La pr\u00e9sente Politique de confidentialit\u00e9 d\u00e9crit la fa\u00e7on dont les renseignements pouvant servir \u00e0 identifier les personnes (\u00ab\u00a0<strong>Renseignements personnels<\/strong>\u00a0\u00bb) qui utilisent ce site\u00a0Web (\u00ab\u00a0<strong>Utilisateurs<\/strong>\u00a0\u00bb) peuvent \u00eatre recueillis, ainsi que la fa\u00e7on dont ils sont stock\u00e9s et utilis\u00e9s par Ipsen\u00a0Biopharmaceuticals\u00a0Canada,\u00a0Inc. (\u00ab\u00a0<strong>Ipsen<\/strong>\u00a0\u00bb). La pr\u00e9sente Politique de confidentialit\u00e9 est int\u00e9gr\u00e9e aux conditions d\u2019utilisation de ce site\u00a0Web (le \u00ab\u00a0<strong>site\u00a0Web<\/strong>\u00a0\u00bb) et en fait partie.<\/p>\n\n\n\n<p>La pr\u00e9sente Politique de confidentialit\u00e9 ne s\u2019applique pas aux pratiques d\u2019information des soci\u00e9t\u00e9s tierces que nous ne poss\u00e9dons pas ou ne contr\u00f4lons pas. Avant d\u2019utiliser les sites de ces tiers, nous vous encourageons \u00e0 lire leurs politiques de confidentialit\u00e9 des donn\u00e9es et leurs conditions g\u00e9n\u00e9rales.<\/p>\n\n\n\n<p>CETTE POLITIQUE DE CONFIDENTIALIT\u00c9 PEUT P\u00c9RIODIQUEMENT CHANGER, \u00caTRE MODIFI\u00c9E OU AUTREMENT MISE \u00c0 JOUR SANS NOTIFICATION PR\u00c9ALABLE. Toutefois, vos Donn\u00e9es personnelles seront toujours trait\u00e9es conform\u00e9ment \u00e0 la Politique de confidentialit\u00e9 en vigueur au jour de leur recueil.<\/p>\n\n\n\n<p><strong>1. DONN\u00c9ES PERSONNELLES RECUEILLIES\u00a0:<\/strong><\/p>\n\n\n\n<p>Ipsen peut recueillir les renseignements personnels que vous fournissez lorsque vous vous inscrivez pour devenir un utilisateur, lorsque vous vous inscrivez pour recevoir nos lettres d\u2019information \u00e9lectroniques ou nos mises \u00e0 jour, lorsque vous vous inscrivez aux programmes et services que nous offrons, lorsque vous utilisez les outils que nous pouvons mettre \u00e0 disposition sur le site\u00a0Web, lorsque vous participez \u00e0 des sondages ou \u00e0 des enqu\u00eates, lorsque vous communiquez avec nous pour poser une question, faire un commentaire ou une demande, ou lorsque vous choisissez de toute autre mani\u00e8re de nous fournir vos renseignements personnels. Si vous souhaitez recevoir des renseignements d\u2019Ipsen ou communiquer avec Ipsen, des renseignements personnels peuvent \u00eatre n\u00e9cessaires pour r\u00e9pondre \u00e0 votre demande. Nous indiquons clairement quels renseignements sont obligatoires et lesquels sont facultatifs et peuvent \u00eatre fournis \u00e0 votre discr\u00e9tion.<\/p>\n\n\n\n<p>En utilisant notre site\u00a0Web ou en nous fournissant des renseignements personnels, vous consentez \u00e0 ce qu\u2019Ipsen recueille, utilise et divulgue ces renseignements conform\u00e9ment \u00e0 la pr\u00e9sente Politique de confidentialit\u00e9 des donn\u00e9es. Si vous n\u2019acceptez pas la collecte, l\u2019utilisation et la divulgation de vos renseignements personnels de cette mani\u00e8re, veuillez ne pas utiliser le site\u00a0Web ou nous fournir des renseignements personnels.<\/p>\n\n\n\n<p><strong>2. UTILISATION DES DONN\u00c9ES PERSONNELLES\u00a0:<\/strong><\/p>\n\n\n\n<p>Vos renseignements personnels ne seront trait\u00e9s par Ipsen et ses affili\u00e9s, partenaires et prestataires de services que pour les int\u00e9r\u00eats l\u00e9gitimes poursuivis par Ipsen, \u00e0 savoir avoir une meilleure interaction avec vous et vous fournir les services ou les renseignements que vous demandez, dans la mesure o\u00f9 la loi applicable le permet. Sauf interdiction dans la pr\u00e9sente Politique de confidentialit\u00e9, nous pouvons combiner ou agr\u00e9ger les renseignements que nous recueillons par le biais du site\u00a0Web ou ailleurs pour l\u2019un quelconque de ces objectifs l\u00e9gitimes. Nous nous conformerons \u00e0 toutes les lois et r\u00e9glementations applicables en mati\u00e8re de protection des donn\u00e9es, y compris la loi canadienne sur la protection des renseignements personnels et documents \u00e9lectroniques<\/p>\n\n\n\n<p>Vos Donn\u00e9es personnelles ne seront pas vendues, partag\u00e9es ou distribu\u00e9es d\u2019une quelconque mani\u00e8re \u00e0 un tiers sans votre consentement, \u00e0 l\u2019exception des cas o\u00f9 Ipsen y est tenu en raison de toute loi applicable, d\u00e9cision de justice ou r\u00e9glementation administrative, ou si cette divulgation est autrement n\u00e9cessaire dans le cadre de toute enqu\u00eate ou proc\u00e9dure p\u00e9nale, judiciaire ou administrative ayant lieu ici ou \u00e0 l\u2019\u00e9tranger.<\/p>\n\n\n\n<p><strong>3. TRANSFERT DE VOS RENSEIGNEMENTS PERSONNELS<\/strong><\/p>\n\n\n\n<p>Nous pouvons transf\u00e9rer vos renseignements personnels \u00e0 des serveurs situ\u00e9s \u00e0 l\u2019ext\u00e9rieur du Canada, \u00e0 des soci\u00e9t\u00e9s affili\u00e9es ou \u00e0 des tiers dans d\u2019autres pays, conform\u00e9ment aux conditions de la pr\u00e9sente Politique de confidentialit\u00e9 et aux lois et r\u00e8glements applicables en mati\u00e8re de protection des donn\u00e9es, y compris la <em>Loi canadienne sur la protection des renseignements personnels et documents \u00e9lectroniques<\/em>.<\/p>\n\n\n\n<p>Il se peut que vos renseignements personnels ne b\u00e9n\u00e9ficient pas, dans d\u2019autres pays, de la m\u00eame protection juridique que celle dont vous b\u00e9n\u00e9ficiez au Canada. Lorsque vos renseignements personnels se trouvent dans un autre pays, nous veillerons \u00e0 ce que toute personne traitant vos renseignements personnels soit tenue de mettre en \u0153uvre des mesures pour les prot\u00e9ger conform\u00e9ment \u00e0 la pr\u00e9sente politique de confidentialit\u00e9 des donn\u00e9es et aux lois et r\u00e8glements applicables en mati\u00e8re de protection des donn\u00e9es, y compris la <em>Loi canadienne sur la protection des renseignements personnels et Documents \u00e9lectroniques<\/em>.<\/p>\n\n\n\n<p><strong>4. DUR\u00c9E DE CONSERVATION DE VOS DONN\u00c9ES PERSONNELLES<\/strong><\/p>\n\n\n\n<p>Vos Donn\u00e9es personnelles sont trait\u00e9es et conserv\u00e9es pour moins de trois ans {\u00e0 compter de\u00a0: leur recueil (i) ou du dernier contact que nous avons eu avec vous (ii).<\/p>\n\n\n\n<p><strong>5. S\u00c9CURIT\u00c9<\/strong><\/p>\n\n\n\n<p>Vos Donn\u00e9es personnelles seront conserv\u00e9es sur des serveurs s\u00e9curis\u00e9s et maintenues strictement confidentielles.\u00a0 Vous \u00eates responsable de la confidentialit\u00e9 de votre mot de passe et de vos informations de compte.<\/p>\n\n\n\n<p>Vos renseignements personnels peuvent \u00eatre consult\u00e9s par des personnes au sein de notre soci\u00e9t\u00e9, ou par nos soci\u00e9t\u00e9s affili\u00e9es, nos partenaires et nos fournisseurs de services tiers, qui ont besoin d\u2019un tel acc\u00e8s pour atteindre les objectifs indiqu\u00e9s ci-dessus, ou tout autre objectif autoris\u00e9 ou exig\u00e9 par la loi applicable. Nous g\u00e9rons les renseignements que nous recueillons depuis nos bureaux situ\u00e9s \u00e0 Mississauga, en Ontario.<\/p>\n\n\n\n<p><strong>6. DROIT D\u2019ACC\u00c8S, DE RECTIFICATION ET D\u2019OPPOSITION<\/strong><\/p>\n\n\n\n<p>Vous disposez d\u2019un droit d\u2019acc\u00e8s, de rectification, de restriction et d\u2019opposition \u00e0 l\u2019utilisation de vos renseignements personnels, sous r\u00e9serve des obligations l\u00e9gales et \u00e9thiques qui nous sont impos\u00e9es en mati\u00e8re de rapports, d\u2019archivage ou de conservation des documents. Dans ce cas, vous en serez inform\u00e9(e) et vos renseignements personnels ne seront conserv\u00e9s qu\u2019\u00e0 ces fins.<\/p>\n\n\n\n<p>Si vous d\u00e9sirez nous joindre relativement \u00e0 notre utilisation de vos informations \u00e0 caract\u00e8re personnel ou exercer tout droit les concernant dont vous disposez, veuillez nous envoyer un courriel \u00e0 <strong><a href=\"mailto:dataprivacy@ipsen.com\">dataprivacy@ipsen.com<\/a><\/strong>. Lorsque vous communiquez avec nous, veuillez indiquer le motif sp\u00e9cifique pour lequel vous communiquez avec nous et joindre une copie d\u2019une pi\u00e8ce d\u2019identit\u00e9 (par exemple, carte d\u2019identit\u00e9, passeport, permis de conduire), sous r\u00e9serve des exigences l\u00e9gales applicables.<\/p>\n\n\n\n<p>Vous pouvez communiquer avec le responsable de la protection des donn\u00e9es d\u2019Ipsen \u00e0 l\u2019adresse <strong><a href=\"mailto:dataprivacy@ipsen.com\">dataprivacy@ipsen.com<\/a><\/strong> pour exercer vos droits.<\/p>\n\n\n\n<p><strong>7. D\u00c9SABONNEMENT<\/strong><\/p>\n\n\n\n<p>Vous pouvez vous d\u00e9sabonner \u00e0 tout moment en envoyant un courriel \u00e0 <strong><a href=\"mailto:dataprivacy@ipsen.com\">dataprivacy@ipsen.com<\/a><\/strong>. Si vous retirez votre consentement, nous ne serons plus en mesure de vous fournir les services qui d\u00e9pendent de l\u2019utilisation de vos renseignements personnels.<\/p>\n\n\n\n<p><strong>8. T\u00c9MOINS<\/strong><\/p>\n\n\n\n<p>Ce site\u00a0Web utilise des outils d\u2019analyse anonymes, y compris des t\u00e9moins g\u00e9n\u00e9r\u00e9s par Google\u00a0Analytics. Les t\u00e9moins sont des petits fichiers de donn\u00e9es qui sont plac\u00e9s sur votre ordinateur, t\u00e9l\u00e9phone intelligent ou autre appareil. Les t\u00e9moins sont stock\u00e9s sur le disque dur de votre appareil sans risquer de l\u2019endommager.<\/p>\n\n\n\n<p>Les t\u00e9moins nous permettent de recueillir automatiquement certaines donn\u00e9es d\u2019utilisateur lors de votre utilisation du site\u00a0Web, telles que\u00a0:<\/p>\n\n\n\n<ul class=\"wp-block-list\">\n<li>L\u2019adresse\u00a0IP de l\u2019utilisateur (cette adresse, qui permet d\u2019acc\u00e9der \u00e0 Internet, est attribu\u00e9e \u00e0 l\u2019appareil de l\u2019utilisateur par le fournisseur d\u2019acc\u00e8s \u00e0 Internet et l\u2019information, qui change en fonction de la session de l\u2019utilisateur, n\u2019est pas directement identifiable personnellement);<\/li>\n\n\n\n<li>La date et l\u2019heure de la visite de l\u2019utilisateur sur le site\u00a0Web;<\/li>\n\n\n\n<li>Le syst\u00e8me d\u2019exploitation de l\u2019appareil de l\u2019utilisateur ainsi que son navigateur;<\/li>\n\n\n\n<li>Comment l\u2019utilisateur acc\u00e8de au site\u00a0Web.<\/li>\n<\/ul>\n\n\n\n<p>Le site\u00a0Web utilise plusieurs types de t\u00e9moins\u00a0:<\/p>\n\n\n\n<p><strong>Les t\u00e9moins strictement n\u00e9cessaires:<\/strong> Ces t\u00e9moins sont essentiels pour vous permettre de vous d\u00e9placer sur le site\u00a0Web en toute s\u00e9curit\u00e9 et d\u2019utiliser ses fonctions.<\/p>\n\n\n\n<p><strong>T\u00e9moins de performance:<\/strong> Ces t\u00e9moins recueillent des renseignements analytiques sur la fa\u00e7on dont les visiteurs utilisent le site\u00a0Web, par exemple les pages sur lesquelles les visiteurs se rendent le plus souvent, et s\u2019ils re\u00e7oivent des messages d\u2019erreur du site\u00a0Web. Il s\u2019agit notamment des t\u00e9moins d\u2019analyse g\u00e9n\u00e9r\u00e9s par Google\u00a0Analytics.<\/p>\n\n\n\n<p>Ces types de t\u00e9moins ne recueillent pas de renseignements permettant d\u2019identifier directement les utilisateurs, mais utilisent plut\u00f4t des nombres et des codes. Ces renseignements sont uniquement utilis\u00e9s pour g\u00e9rer le site\u00a0Web et am\u00e9liorer l\u2019exp\u00e9rience de l\u2019utilisateur. Les renseignements ne sont pas utilis\u00e9s pour cr\u00e9er des profils sur les Utilisateurs ou pour fournir de la publicit\u00e9 cibl\u00e9e.\u00a0 Ipsen ne conservera pas les donn\u00e9es personnelles recueillies (l\u2019identifiant du t\u00e9moin) pendant plus de treize mois.<\/p>\n\n\n\n<p>En visitant ce site\u00a0Web, vous acceptez l\u2019utilisation de t\u00e9moins de performance sur votre appareil.<\/p>\n\n\n\n<p>Vous pouvez emp\u00eacher l\u2019enregistrement des t\u00e9moins en <strong><a href=\"mailto:dataprivacy@ipsen.com\">cliquant sur ici<\/a><\/strong>.<\/p>\n\n\n\n<p><strong>CONTACTEZ-NOUS<\/strong><\/p>\n\n\n\n<p>Si vous d\u00e9sirez nous joindre relativement \u00e0 notre utilisation de vos informations \u00e0 caract\u00e8re personnel ou exercer tout droit les concernant dont vous disposez, veuillez nous envoyer un courriel \u00e0 <strong><a href=\"mailto:dataprivacy@ipsen.com\">dataprivacy@ipsen.com<\/a><\/strong>. Vous pouvez \u00e9galement joindre le responsable de la confidentialit\u00e9 des donn\u00e9es d\u2019Ipsen \u00e0 l\u2019adresse <strong><a href=\"mailto:dataprivacy@ipsen.com\">dataprivacy@ipsen.com<\/a><\/strong>.<\/p>\n\n\n\n<p>Cette Politique de confidentialit\u00e9 a \u00e9t\u00e9 modifi\u00e9e pour la derni\u00e8re fois en ao\u00fbt\u00a02018.<\/p>\n\n\n\n<p>Si vous avez des questions ou des pr\u00e9occupations concernant l\u2019accessibilit\u00e9 \u00e0 nos bureaux d\u2019Ipsen, vous pouvez vous adresser \u00e0 <strong><a href=\"mailto:accessibility@ipsen.com\">accessibility@ipsen.com<\/a><\/strong>.<\/p>\n<\/div>\n<\/div>\n\n\n\n<!--Alert Card Layout Start Here-->\n<section class=\"alertcard-section\">\n      <div class=\"container\">\n        <!--Alert Box HTML Start Here-->\n        <div class=\"alert-box general-box\">\n                    <div class=\"info-icon\">\n              <span class=\"info-circle\"><img decoding=\"async\" src=\"https:\/\/www.ipsen.com\/canada\/wp-content\/themes\/ipsen-main\/dist\/images\/alert-info-icon.png\" alt=\"Alert\"\/><\/i>\n            <\/div>\n                    <div class=\"info-contents\">\n          <h4 role=\"heading\" aria-level=\"2\" class=\"info-head heading-four heading-four\"><\/h4>\n            <p class=\"info-sub-head-para hidden heading-para\"><\/p>\n            <div class=\"alert-content visible\"><p>Derni\u00e8re mise \u00e0 jour\u00a0: ao\u00fbt\u00a02018<\/p>\n<\/div>\n          <\/div>\n        <\/div>\n        <!--Alert Box HTML Start Here-->\n      <\/div>\n    <\/section>\n<!--Alert Card Layout End Here-->\n","protected":false},"excerpt":{"rendered":"","protected":false},"author":2,"featured_media":0,"parent":0,"menu_order":0,"comment_status":"closed","ping_status":"closed","template":"","meta":{"_acf_changed":false,"footnotes":""},"class_list":["post-91","page","type-page","status-publish","hentry","entry"],"acf":[],"yoast_head":"<!-- This site is optimized with the Yoast SEO plugin v26.8 - https:\/\/yoast.com\/product\/yoast-seo-wordpress\/ -->\n<title>Politique de confidentialit\u00e9<\/title>\n<meta name=\"description\" content=\"Politique Ipsen Canada relative \u00e0 la confidentialit\u00e9\" \/>\n<meta name=\"robots\" content=\"index, follow, max-snippet:-1, max-image-preview:large, max-video-preview:-1\" \/>\n<link rel=\"canonical\" href=\"https:\/\/www.ipsen.com\/canada\/fr\/politique-de-confidentialite\/\" \/>\n<meta property=\"og:locale\" content=\"fr_FR\" \/>\n<meta property=\"og:type\" content=\"article\" \/>\n<meta property=\"og:title\" content=\"Politique de confidentialit\u00e9\" \/>\n<meta property=\"og:description\" content=\"Politique Ipsen Canada relative \u00e0 la confidentialit\u00e9\" \/>\n<meta property=\"og:url\" content=\"https:\/\/www.ipsen.com\/canada\/fr\/politique-de-confidentialite\/\" \/>\n<meta property=\"og:site_name\" content=\"Canada\" \/>\n<meta property=\"article:modified_time\" content=\"2024-09-30T07:11:31+00:00\" \/>\n<meta name=\"twitter:card\" content=\"summary_large_image\" \/>\n<meta name=\"twitter:label1\" content=\"Est. reading time\" \/>\n\t<meta name=\"twitter:data1\" content=\"7 minutes\" \/>\n<script type=\"application\/ld+json\" class=\"yoast-schema-graph\">{\"@context\":\"https:\/\/schema.org\",\"@graph\":[{\"@type\":\"WebPage\",\"@id\":\"https:\/\/www.ipsen.com\/canada\/fr\/politique-de-confidentialite\/\",\"url\":\"https:\/\/www.ipsen.com\/canada\/fr\/politique-de-confidentialite\/\",\"name\":\"Politique de confidentialit\u00e9\",\"isPartOf\":{\"@id\":\"https:\/\/www.ipsen.com\/canada\/fr\/#website\"},\"datePublished\":\"2024-06-28T05:15:12+00:00\",\"dateModified\":\"2024-09-30T07:11:31+00:00\",\"description\":\"Politique Ipsen Canada relative \u00e0 la confidentialit\u00e9\",\"breadcrumb\":{\"@id\":\"https:\/\/www.ipsen.com\/canada\/fr\/politique-de-confidentialite\/#breadcrumb\"},\"inLanguage\":\"fr-FR\",\"potentialAction\":[{\"@type\":\"ReadAction\",\"target\":[\"https:\/\/www.ipsen.com\/canada\/fr\/politique-de-confidentialite\/\"]}]},{\"@type\":\"BreadcrumbList\",\"@id\":\"https:\/\/www.ipsen.com\/canada\/fr\/politique-de-confidentialite\/#breadcrumb\",\"itemListElement\":[{\"@type\":\"ListItem\",\"position\":1,\"name\":\"Home\",\"item\":\"https:\/\/www.ipsen.com\/canada\/fr\/\"},{\"@type\":\"ListItem\",\"position\":2,\"name\":\"Politique de confidentialit\u00e9\"}]},{\"@type\":\"WebSite\",\"@id\":\"https:\/\/www.ipsen.com\/canada\/fr\/#website\",\"url\":\"https:\/\/www.ipsen.com\/canada\/fr\/\",\"name\":\"Canada\",\"description\":\"\",\"publisher\":{\"@id\":\"https:\/\/www.ipsen.com\/canada\/fr\/#organization\"},\"potentialAction\":[{\"@type\":\"SearchAction\",\"target\":{\"@type\":\"EntryPoint\",\"urlTemplate\":\"https:\/\/www.ipsen.com\/canada\/fr\/?s={search_term_string}\"},\"query-input\":{\"@type\":\"PropertyValueSpecification\",\"valueRequired\":true,\"valueName\":\"search_term_string\"}}],\"inLanguage\":\"fr-FR\"},{\"@type\":\"Organization\",\"@id\":\"https:\/\/www.ipsen.com\/canada\/fr\/#organization\",\"name\":\"Canada\",\"url\":\"https:\/\/www.ipsen.com\/canada\/fr\/\",\"logo\":{\"@type\":\"ImageObject\",\"inLanguage\":\"fr-FR\",\"@id\":\"https:\/\/www.ipsen.com\/canada\/fr\/#\/schema\/logo\/image\/\",\"url\":\"https:\/\/www.ipsen.com\/canada\/wp-content\/uploads\/sites\/16\/2024\/06\/Logo-Ipsen-new.svg\",\"contentUrl\":\"https:\/\/www.ipsen.com\/canada\/wp-content\/uploads\/sites\/16\/2024\/06\/Logo-Ipsen-new.svg\",\"caption\":\"Canada\"},\"image\":{\"@id\":\"https:\/\/www.ipsen.com\/canada\/fr\/#\/schema\/logo\/image\/\"}}]}<\/script>\n<!-- \/ Yoast SEO plugin. -->","yoast_head_json":{"title":"Politique de confidentialit\u00e9","description":"Politique Ipsen Canada relative \u00e0 la confidentialit\u00e9","robots":{"index":"index","follow":"follow","max-snippet":"max-snippet:-1","max-image-preview":"max-image-preview:large","max-video-preview":"max-video-preview:-1"},"canonical":"https:\/\/www.ipsen.com\/canada\/fr\/politique-de-confidentialite\/","og_locale":"fr_FR","og_type":"article","og_title":"Politique de confidentialit\u00e9","og_description":"Politique Ipsen Canada relative \u00e0 la confidentialit\u00e9","og_url":"https:\/\/www.ipsen.com\/canada\/fr\/politique-de-confidentialite\/","og_site_name":"Canada","article_modified_time":"2024-09-30T07:11:31+00:00","twitter_card":"summary_large_image","twitter_misc":{"Est. reading time":"7 minutes"},"schema":{"@context":"https:\/\/schema.org","@graph":[{"@type":"WebPage","@id":"https:\/\/www.ipsen.com\/canada\/fr\/politique-de-confidentialite\/","url":"https:\/\/www.ipsen.com\/canada\/fr\/politique-de-confidentialite\/","name":"Politique de confidentialit\u00e9","isPartOf":{"@id":"https:\/\/www.ipsen.com\/canada\/fr\/#website"},"datePublished":"2024-06-28T05:15:12+00:00","dateModified":"2024-09-30T07:11:31+00:00","description":"Politique Ipsen Canada relative \u00e0 la confidentialit\u00e9","breadcrumb":{"@id":"https:\/\/www.ipsen.com\/canada\/fr\/politique-de-confidentialite\/#breadcrumb"},"inLanguage":"fr-FR","potentialAction":[{"@type":"ReadAction","target":["https:\/\/www.ipsen.com\/canada\/fr\/politique-de-confidentialite\/"]}]},{"@type":"BreadcrumbList","@id":"https:\/\/www.ipsen.com\/canada\/fr\/politique-de-confidentialite\/#breadcrumb","itemListElement":[{"@type":"ListItem","position":1,"name":"Home","item":"https:\/\/www.ipsen.com\/canada\/fr\/"},{"@type":"ListItem","position":2,"name":"Politique de confidentialit\u00e9"}]},{"@type":"WebSite","@id":"https:\/\/www.ipsen.com\/canada\/fr\/#website","url":"https:\/\/www.ipsen.com\/canada\/fr\/","name":"Canada","description":"","publisher":{"@id":"https:\/\/www.ipsen.com\/canada\/fr\/#organization"},"potentialAction":[{"@type":"SearchAction","target":{"@type":"EntryPoint","urlTemplate":"https:\/\/www.ipsen.com\/canada\/fr\/?s={search_term_string}"},"query-input":{"@type":"PropertyValueSpecification","valueRequired":true,"valueName":"search_term_string"}}],"inLanguage":"fr-FR"},{"@type":"Organization","@id":"https:\/\/www.ipsen.com\/canada\/fr\/#organization","name":"Canada","url":"https:\/\/www.ipsen.com\/canada\/fr\/","logo":{"@type":"ImageObject","inLanguage":"fr-FR","@id":"https:\/\/www.ipsen.com\/canada\/fr\/#\/schema\/logo\/image\/","url":"https:\/\/www.ipsen.com\/canada\/wp-content\/uploads\/sites\/16\/2024\/06\/Logo-Ipsen-new.svg","contentUrl":"https:\/\/www.ipsen.com\/canada\/wp-content\/uploads\/sites\/16\/2024\/06\/Logo-Ipsen-new.svg","caption":"Canada"},"image":{"@id":"https:\/\/www.ipsen.com\/canada\/fr\/#\/schema\/logo\/image\/"}}]}},"parsely":{"version":"1.1.0","canonical_url":"https:\/\/ipsen.com\/canada\/fr\/politique-de-confidentialite\/","smart_links":{"inbound":0,"outbound":0},"traffic_boost_suggestions_count":0,"meta":{"@context":"https:\/\/schema.org","@type":"WebPage","headline":"Politique de confidentialit\u00e9","url":"http:\/\/www.ipsen.com\/canada\/fr\/politique-de-confidentialite\/","mainEntityOfPage":{"@type":"WebPage","@id":"http:\/\/www.ipsen.com\/canada\/fr\/politique-de-confidentialite\/"},"thumbnailUrl":"","image":{"@type":"ImageObject","url":""},"articleSection":"Non classifi\u00e9(e)","author":[{"@type":"Person","name":"navya"}],"creator":["navya"],"publisher":{"@type":"Organization","name":"Canada","logo":""},"keywords":[],"dateCreated":"2024-06-28T05:15:12Z","datePublished":"2024-06-28T05:15:12Z","dateModified":"2024-09-30T07:11:31Z"},"rendered":"<script type=\"application\/ld+json\" class=\"wp-parsely-metadata\">{\"@context\":\"https:\\\/\\\/schema.org\",\"@type\":\"WebPage\",\"headline\":\"Politique de confidentialit\\u00e9\",\"url\":\"http:\\\/\\\/www.ipsen.com\\\/canada\\\/fr\\\/politique-de-confidentialite\\\/\",\"mainEntityOfPage\":{\"@type\":\"WebPage\",\"@id\":\"http:\\\/\\\/www.ipsen.com\\\/canada\\\/fr\\\/politique-de-confidentialite\\\/\"},\"thumbnailUrl\":\"\",\"image\":{\"@type\":\"ImageObject\",\"url\":\"\"},\"articleSection\":\"Non classifi\\u00e9(e)\",\"author\":[{\"@type\":\"Person\",\"name\":\"navya\"}],\"creator\":[\"navya\"],\"publisher\":{\"@type\":\"Organization\",\"name\":\"Canada\",\"logo\":\"\"},\"keywords\":[],\"dateCreated\":\"2024-06-28T05:15:12Z\",\"datePublished\":\"2024-06-28T05:15:12Z\",\"dateModified\":\"2024-09-30T07:11:31Z\"}<\/script>","tracker_url":"https:\/\/cdn.parsely.com\/keys\/ipsen.com\/p.js"},"jetpack_sharing_enabled":true,"_links":{"self":[{"href":"https:\/\/www.ipsen.com\/canada\/fr\/wp-json\/wp\/v2\/pages\/91","targetHints":{"allow":["GET"]}}],"collection":[{"href":"https:\/\/www.ipsen.com\/canada\/fr\/wp-json\/wp\/v2\/pages"}],"about":[{"href":"https:\/\/www.ipsen.com\/canada\/fr\/wp-json\/wp\/v2\/types\/page"}],"author":[{"embeddable":true,"href":"https:\/\/www.ipsen.com\/canada\/fr\/wp-json\/wp\/v2\/users\/2"}],"replies":[{"embeddable":true,"href":"https:\/\/www.ipsen.com\/canada\/fr\/wp-json\/wp\/v2\/comments?post=91"}],"version-history":[{"count":6,"href":"https:\/\/www.ipsen.com\/canada\/fr\/wp-json\/wp\/v2\/pages\/91\/revisions"}],"predecessor-version":[{"id":1740,"href":"https:\/\/www.ipsen.com\/canada\/fr\/wp-json\/wp\/v2\/pages\/91\/revisions\/1740"}],"wp:attachment":[{"href":"https:\/\/www.ipsen.com\/canada\/fr\/wp-json\/wp\/v2\/media?parent=91"}],"curies":[{"name":"wp","href":"https:\/\/api.w.org\/{rel}","templated":true}]}}