{"id":90,"date":"2024-06-28T07:15:01","date_gmt":"2024-06-28T05:15:01","guid":{"rendered":"https:\/\/www.ipsen.com\/canada\/terms-of-use\/"},"modified":"2024-09-30T07:12:53","modified_gmt":"2024-09-30T05:12:53","slug":"conditions-dutilisation","status":"publish","type":"page","link":"https:\/\/www.ipsen.com\/canada\/fr\/conditions-dutilisation\/","title":{"rendered":"Conditions d\u2019utilisation"},"content":{"rendered":"    <section class=\"sub-page-banner \" style=\"background: linear-gradient(93.64deg, #224A81 2.99%, #2797D3 97.01%)\">\n        <div class=\"container content-sec\">\n            <nav aria-label=\"breadcrumb\">\n            <ol class=\"breadcrumb\">\n                <li class=\"breadcrumb-item\"><a href=\"https:\/\/www.ipsen.com\/canada\/fr\/\">Accueil<\/a><\/li><li class=\"breadcrumb-item active\"><a class=\"link-pointer-events-none\" href=\"#\" aria-current=\"page\">Conditions d\u2019utilisation<\/a><\/li><\/ol>\n            <\/nav>            <h1 class=\"visible\">Conditions d\u2019utilisation<\/h1>\n            <p class=\"hidden\"><\/p>\n        <\/div>\n    <\/section>\n\n\n\n<div class=\"wp-block-columns is-layout-flex wp-container-core-columns-is-layout-9d6595d7 wp-block-columns-is-layout-flex\">\n<div class=\"wp-block-column is-layout-flow wp-block-column-is-layout-flow\">\n<p>L\u2019objectif de ce site\u00a0Web est de vous pr\u00e9senter les activit\u00e9s d\u2019Ipsen\u00a0Biopharmaceuticals\u00a0Canada\u00a0Inc. (IPSEN), et le site\u00a0Web est disponible pour votre information, votre int\u00e9r\u00eat et votre \u00e9ducation. L\u2019acc\u00e8s et l\u2019utilisation des renseignements pr\u00e9sent\u00e9s sur ce site sont soumis aux conditions d\u2019utilisation suivantes, qui peuvent \u00eatre modifi\u00e9es de temps \u00e0 autre. En acc\u00e9dant \u00e0 ce site\u00a0Web et en l\u2019utilisant, vous acceptez, sans limitation ni r\u00e9serve, les conditions d\u2019utilisation d\u00e9crites ci-dessous.<\/p>\n\n\n\n<p><strong>Contenu<\/strong><\/p>\n\n\n\n<p>Les renseignements sont fournis \u00e0 titre informatif et ne sont pas destin\u00e9s \u00e0 remplacer les conseils fournis par des professionnels de la sant\u00e9 qualifi\u00e9s. Vous devriez consulter un professionnel de la sant\u00e9 qualifi\u00e9 si vous avez ou pensez avoir des probl\u00e8mes de sant\u00e9.<\/p>\n\n\n\n<p>Ipsen\u00a0Biopharmaceuticals\u00a0Canada\u00a0Inc. se r\u00e9serve le droit d\u2019alt\u00e9rer, de modifier, de remplacer ou de supprimer tout contenu de ce site, d\u2019en restreindre l\u2019acc\u00e8s ou d\u2019en interrompre la distribution en tout temps et \u00e0 sa seule discr\u00e9tion.<\/p>\n\n\n\n<p><strong>Aucune garantie<\/strong><\/p>\n\n\n\n<p>Les renseignements du site sont fournis \u00ab\u00a0en l\u2019\u00e9tat\u00a0\u00bb et Ipsen ne donne aucune garantie expresse ou implicite, y compris, mais sans s\u2019y limiter, les garanties implicites de qualit\u00e9 marchande, d\u2019ad\u00e9quation \u00e0 un usage particulier ou d\u2019absence de contrefa\u00e7on. Ipsen ne fait aucune d\u00e9claration et ne donne aucune garantie de quelque nature que ce soit quant \u00e0 l\u2019exhaustivit\u00e9, l\u2019exactitude, l\u2019actualit\u00e9, la disponibilit\u00e9, la fonctionnalit\u00e9 et le respect des lois applicables, en ce qui concerne l\u2019information contenue dans ce site\u00a0Web. En utilisant ce site\u00a0Web, vous acceptez le risque que les renseignements soient incomplets ou inexacts ou qu\u2019ils ne r\u00e9pondent pas \u00e0 vos besoins ou \u00e0 vos exigences.<\/p>\n\n\n\n<p><strong>Exclusion de responsabilit\u00e9<\/strong><\/p>\n\n\n\n<p>Ipsen ne sera pas responsable des dommages ou pr\u00e9judices r\u00e9sultant de l\u2019acc\u00e8s ou de l\u2019impossibilit\u00e9 d\u2019acc\u00e8s \u00e0 ce site ou de la confiance accord\u00e9e aux renseignements qui y sont fournis. Ipsen d\u00e9cline toute responsabilit\u00e9 en cas de dommages directs, indirects, accessoires, cons\u00e9cutifs, punitifs, sp\u00e9ciaux ou autres, de perte d\u2019opportunit\u00e9s, de manque \u00e0 gagner ou de toute autre perte ou tout dommage de quelque nature que ce soit. Cette limitation inclut les dommages ou les virus qui peuvent affecter votre \u00e9quipement informatique.<\/p>\n\n\n\n<p><strong>Indemnisation<\/strong><\/p>\n\n\n\n<p>Toute personne qui acc\u00e8de \u00e0 ce site ou qui l\u2019utilise accepte par les pr\u00e9sentes d\u2019indemniser, de d\u00e9fendre et de d\u00e9gager de toute responsabilit\u00e9 Ipsen, ses dirigeants, administrateurs, employ\u00e9s, agents, fournisseurs et partenaires tiers contre l\u2019ensemble des pertes, d\u00e9penses, dommages et co\u00fbts, y compris les honoraires raisonnables d\u2019avocat, r\u00e9sultant d\u2019une violation des Conditions d\u2019utilisation par ladite personne.<\/p>\n\n\n\n<p><strong>Liens de tiers vers d\u2019autres sites\u00a0Web<\/strong><\/p>\n\n\n\n<p>Les liens vers d\u2019autres sites\u00a0Internet sont fournis \u00e0 titre de commodit\u00e9. Ipsen n\u2019a aucune responsabilit\u00e9 ni aucun contr\u00f4le sur le contenu ou le fonctionnement de ces sites et ne peut \u00eatre tenu responsable de tout dommage ou pr\u00e9judice r\u00e9sultant de ce contenu ou de son fonctionnement. L\u2019inclusion d\u2019un lien vers un tiers n\u2019implique pas une approbation ou une recommandation de la part d\u2019Ipsen.<\/p>\n\n\n\n<p><strong>Droits d\u2019auteur et utilisation du contenu<\/strong><\/p>\n\n\n\n<p>Ipsen fera respecter ses droits de propri\u00e9t\u00e9 intellectuelle dans toute la mesure permise par la loi. Le contenu de ce site est la propri\u00e9t\u00e9 d\u2019Ipsen et est prot\u00e9g\u00e9 par les lois sur les droits d\u2019auteur. Les marques commerciales, les marques de service, les noms commerciaux, les logos et les produits affich\u00e9s sur ce site sont prot\u00e9g\u00e9s dans le monde entier, et aucune utilisation de ceux-ci ne peut \u00eatre faite sans le consentement \u00e9crit pr\u00e9alable d\u2019Ipsen. Vous pouvez t\u00e9l\u00e9charger le contenu de ce site\u00a0Web, mais uniquement pour votre usage personnel et non commercial. Aucune modification ou reproduction du contenu n\u2019est autoris\u00e9e. Par ailleurs, le contenu ne peut \u00eatre copi\u00e9 ou utilis\u00e9 de quelque autre mani\u00e8re que ce soit sans l\u2019accord \u00e9crit pr\u00e9alable d\u2019Ipsen. Aucune disposition des pr\u00e9sentes ne peut \u00eatre interpr\u00e9t\u00e9e comme conf\u00e9rant implicitement, par pr\u00e9clusion ou autrement, une licence ou un droit en vertu d\u2019un brevet, d\u2019une marque ou d\u2019un droit d\u2019auteur d\u2019Ipsen.<\/p>\n\n\n\n<p><strong>Droit applicable<\/strong><\/p>\n\n\n\n<p>Ce site\u00a0Web est exploit\u00e9 par Ipsen\u00a0Biopharmaceuticals\u00a0Canada\u00a0Inc. \u00e0 partir de son bureau de Mississauga, Ontario, Canada. Ipsen ne fait aucune d\u00e9claration selon laquelle les renseignements contenus dans ce site\u00a0Web sont appropri\u00e9s ou disponibles dans d\u2019autres lieux o\u00f9 le contenu et l\u2019acc\u00e8s \u00e0 celui-ci peuvent \u00eatre ill\u00e9gaux.<\/p>\n\n\n\n<p>Pour les personnes autres que les individus r\u00e9sidant dans la province de Qu\u00e9bec, votre acc\u00e8s et votre utilisation de ce site\u00a0Web et de son contenu seront r\u00e9gis et interpr\u00e9t\u00e9s conform\u00e9ment aux lois de l\u2019Ontario et du Canada qui y sont applicables, et toute action en justice ou proc\u00e9dure li\u00e9e \u00e0 ce site\u00a0Web sera port\u00e9e exclusivement devant un tribunal comp\u00e9tent situ\u00e9 en Ontario.<\/p>\n\n\n\n<!--Alert Card Layout Start Here-->\n<section class=\"alertcard-section\">\n      <div class=\"container\">\n        <!--Alert Box HTML Start Here-->\n        <div class=\"alert-box general-box\">\n                    <div class=\"info-icon\">\n              <span class=\"info-circle\"><img decoding=\"async\" src=\"https:\/\/www.ipsen.com\/canada\/wp-content\/themes\/ipsen-main\/dist\/images\/alert-info-icon.png\" alt=\"Alert\"\/><\/i>\n            <\/div>\n                    <div class=\"info-contents\">\n          <h4 role=\"heading\" aria-level=\"2\" class=\"info-head heading-four heading-four\"><\/h4>\n            <p class=\"info-sub-head-para hidden heading-para\"><\/p>\n            <div class=\"alert-content visible\"><p>Derni\u00e8re mise \u00e0 jour\u00a0: 8\u00a0mars\u00a02018<\/p>\n<\/div>\n          <\/div>\n        <\/div>\n        <!--Alert Box HTML Start Here-->\n      <\/div>\n    <\/section>\n<!--Alert Card Layout End Here-->\n<\/div>\n<\/div>\n","protected":false},"excerpt":{"rendered":"","protected":false},"author":2,"featured_media":0,"parent":0,"menu_order":0,"comment_status":"closed","ping_status":"closed","template":"","meta":{"_acf_changed":false,"footnotes":""},"class_list":["post-90","page","type-page","status-publish","hentry","entry"],"acf":[],"yoast_head":"<!-- This site is optimized with the Yoast SEO plugin v26.8 - https:\/\/yoast.com\/product\/yoast-seo-wordpress\/ -->\n<title>Conditions d\u2019utilisation<\/title>\n<meta name=\"description\" content=\"Conditions d\u2019utilisation d\u2019Ipsen Canada\" \/>\n<meta name=\"robots\" content=\"index, follow, max-snippet:-1, max-image-preview:large, max-video-preview:-1\" \/>\n<link rel=\"canonical\" href=\"https:\/\/www.ipsen.com\/canada\/fr\/conditions-dutilisation\/\" \/>\n<meta property=\"og:locale\" content=\"fr_FR\" \/>\n<meta property=\"og:type\" content=\"article\" \/>\n<meta property=\"og:title\" content=\"Conditions d\u2019utilisation\" \/>\n<meta property=\"og:description\" content=\"Conditions d\u2019utilisation d\u2019Ipsen Canada\" \/>\n<meta property=\"og:url\" content=\"https:\/\/www.ipsen.com\/canada\/fr\/conditions-dutilisation\/\" \/>\n<meta property=\"og:site_name\" content=\"Canada\" \/>\n<meta property=\"article:modified_time\" content=\"2024-09-30T05:12:53+00:00\" \/>\n<meta name=\"twitter:card\" content=\"summary_large_image\" \/>\n<meta name=\"twitter:label1\" content=\"Est. reading time\" \/>\n\t<meta name=\"twitter:data1\" content=\"4 minutes\" \/>\n<script type=\"application\/ld+json\" class=\"yoast-schema-graph\">{\"@context\":\"https:\/\/schema.org\",\"@graph\":[{\"@type\":\"WebPage\",\"@id\":\"https:\/\/www.ipsen.com\/canada\/fr\/conditions-dutilisation\/\",\"url\":\"https:\/\/www.ipsen.com\/canada\/fr\/conditions-dutilisation\/\",\"name\":\"Conditions d\u2019utilisation\",\"isPartOf\":{\"@id\":\"https:\/\/www.ipsen.com\/canada\/fr\/#website\"},\"datePublished\":\"2024-06-28T05:15:01+00:00\",\"dateModified\":\"2024-09-30T05:12:53+00:00\",\"description\":\"Conditions d\u2019utilisation d\u2019Ipsen Canada\",\"breadcrumb\":{\"@id\":\"https:\/\/www.ipsen.com\/canada\/fr\/conditions-dutilisation\/#breadcrumb\"},\"inLanguage\":\"fr-FR\",\"potentialAction\":[{\"@type\":\"ReadAction\",\"target\":[\"https:\/\/www.ipsen.com\/canada\/fr\/conditions-dutilisation\/\"]}]},{\"@type\":\"BreadcrumbList\",\"@id\":\"https:\/\/www.ipsen.com\/canada\/fr\/conditions-dutilisation\/#breadcrumb\",\"itemListElement\":[{\"@type\":\"ListItem\",\"position\":1,\"name\":\"Home\",\"item\":\"https:\/\/www.ipsen.com\/canada\/fr\/\"},{\"@type\":\"ListItem\",\"position\":2,\"name\":\"Conditions d\u2019utilisation\"}]},{\"@type\":\"WebSite\",\"@id\":\"https:\/\/www.ipsen.com\/canada\/fr\/#website\",\"url\":\"https:\/\/www.ipsen.com\/canada\/fr\/\",\"name\":\"Canada\",\"description\":\"\",\"publisher\":{\"@id\":\"https:\/\/www.ipsen.com\/canada\/fr\/#organization\"},\"potentialAction\":[{\"@type\":\"SearchAction\",\"target\":{\"@type\":\"EntryPoint\",\"urlTemplate\":\"https:\/\/www.ipsen.com\/canada\/fr\/?s={search_term_string}\"},\"query-input\":{\"@type\":\"PropertyValueSpecification\",\"valueRequired\":true,\"valueName\":\"search_term_string\"}}],\"inLanguage\":\"fr-FR\"},{\"@type\":\"Organization\",\"@id\":\"https:\/\/www.ipsen.com\/canada\/fr\/#organization\",\"name\":\"Canada\",\"url\":\"https:\/\/www.ipsen.com\/canada\/fr\/\",\"logo\":{\"@type\":\"ImageObject\",\"inLanguage\":\"fr-FR\",\"@id\":\"https:\/\/www.ipsen.com\/canada\/fr\/#\/schema\/logo\/image\/\",\"url\":\"https:\/\/www.ipsen.com\/canada\/wp-content\/uploads\/sites\/16\/2024\/06\/Logo-Ipsen-new.svg\",\"contentUrl\":\"https:\/\/www.ipsen.com\/canada\/wp-content\/uploads\/sites\/16\/2024\/06\/Logo-Ipsen-new.svg\",\"caption\":\"Canada\"},\"image\":{\"@id\":\"https:\/\/www.ipsen.com\/canada\/fr\/#\/schema\/logo\/image\/\"}}]}<\/script>\n<!-- \/ Yoast SEO plugin. -->","yoast_head_json":{"title":"Conditions d\u2019utilisation","description":"Conditions d\u2019utilisation d\u2019Ipsen Canada","robots":{"index":"index","follow":"follow","max-snippet":"max-snippet:-1","max-image-preview":"max-image-preview:large","max-video-preview":"max-video-preview:-1"},"canonical":"https:\/\/www.ipsen.com\/canada\/fr\/conditions-dutilisation\/","og_locale":"fr_FR","og_type":"article","og_title":"Conditions d\u2019utilisation","og_description":"Conditions d\u2019utilisation d\u2019Ipsen Canada","og_url":"https:\/\/www.ipsen.com\/canada\/fr\/conditions-dutilisation\/","og_site_name":"Canada","article_modified_time":"2024-09-30T05:12:53+00:00","twitter_card":"summary_large_image","twitter_misc":{"Est. reading time":"4 minutes"},"schema":{"@context":"https:\/\/schema.org","@graph":[{"@type":"WebPage","@id":"https:\/\/www.ipsen.com\/canada\/fr\/conditions-dutilisation\/","url":"https:\/\/www.ipsen.com\/canada\/fr\/conditions-dutilisation\/","name":"Conditions d\u2019utilisation","isPartOf":{"@id":"https:\/\/www.ipsen.com\/canada\/fr\/#website"},"datePublished":"2024-06-28T05:15:01+00:00","dateModified":"2024-09-30T05:12:53+00:00","description":"Conditions d\u2019utilisation d\u2019Ipsen Canada","breadcrumb":{"@id":"https:\/\/www.ipsen.com\/canada\/fr\/conditions-dutilisation\/#breadcrumb"},"inLanguage":"fr-FR","potentialAction":[{"@type":"ReadAction","target":["https:\/\/www.ipsen.com\/canada\/fr\/conditions-dutilisation\/"]}]},{"@type":"BreadcrumbList","@id":"https:\/\/www.ipsen.com\/canada\/fr\/conditions-dutilisation\/#breadcrumb","itemListElement":[{"@type":"ListItem","position":1,"name":"Home","item":"https:\/\/www.ipsen.com\/canada\/fr\/"},{"@type":"ListItem","position":2,"name":"Conditions d\u2019utilisation"}]},{"@type":"WebSite","@id":"https:\/\/www.ipsen.com\/canada\/fr\/#website","url":"https:\/\/www.ipsen.com\/canada\/fr\/","name":"Canada","description":"","publisher":{"@id":"https:\/\/www.ipsen.com\/canada\/fr\/#organization"},"potentialAction":[{"@type":"SearchAction","target":{"@type":"EntryPoint","urlTemplate":"https:\/\/www.ipsen.com\/canada\/fr\/?s={search_term_string}"},"query-input":{"@type":"PropertyValueSpecification","valueRequired":true,"valueName":"search_term_string"}}],"inLanguage":"fr-FR"},{"@type":"Organization","@id":"https:\/\/www.ipsen.com\/canada\/fr\/#organization","name":"Canada","url":"https:\/\/www.ipsen.com\/canada\/fr\/","logo":{"@type":"ImageObject","inLanguage":"fr-FR","@id":"https:\/\/www.ipsen.com\/canada\/fr\/#\/schema\/logo\/image\/","url":"https:\/\/www.ipsen.com\/canada\/wp-content\/uploads\/sites\/16\/2024\/06\/Logo-Ipsen-new.svg","contentUrl":"https:\/\/www.ipsen.com\/canada\/wp-content\/uploads\/sites\/16\/2024\/06\/Logo-Ipsen-new.svg","caption":"Canada"},"image":{"@id":"https:\/\/www.ipsen.com\/canada\/fr\/#\/schema\/logo\/image\/"}}]}},"parsely":{"version":"1.1.0","canonical_url":"https:\/\/ipsen.com\/canada\/fr\/conditions-dutilisation\/","smart_links":{"inbound":0,"outbound":0},"traffic_boost_suggestions_count":0,"meta":{"@context":"https:\/\/schema.org","@type":"WebPage","headline":"Conditions d\u2019utilisation","url":"http:\/\/www.ipsen.com\/canada\/fr\/conditions-dutilisation\/","mainEntityOfPage":{"@type":"WebPage","@id":"http:\/\/www.ipsen.com\/canada\/fr\/conditions-dutilisation\/"},"thumbnailUrl":"","image":{"@type":"ImageObject","url":""},"articleSection":"Non classifi\u00e9(e)","author":[{"@type":"Person","name":"navya"}],"creator":["navya"],"publisher":{"@type":"Organization","name":"Canada","logo":""},"keywords":[],"dateCreated":"2024-06-28T05:15:01Z","datePublished":"2024-06-28T05:15:01Z","dateModified":"2024-09-30T05:12:53Z"},"rendered":"<script type=\"application\/ld+json\" class=\"wp-parsely-metadata\">{\"@context\":\"https:\\\/\\\/schema.org\",\"@type\":\"WebPage\",\"headline\":\"Conditions d\\u2019utilisation\",\"url\":\"http:\\\/\\\/www.ipsen.com\\\/canada\\\/fr\\\/conditions-dutilisation\\\/\",\"mainEntityOfPage\":{\"@type\":\"WebPage\",\"@id\":\"http:\\\/\\\/www.ipsen.com\\\/canada\\\/fr\\\/conditions-dutilisation\\\/\"},\"thumbnailUrl\":\"\",\"image\":{\"@type\":\"ImageObject\",\"url\":\"\"},\"articleSection\":\"Non classifi\\u00e9(e)\",\"author\":[{\"@type\":\"Person\",\"name\":\"navya\"}],\"creator\":[\"navya\"],\"publisher\":{\"@type\":\"Organization\",\"name\":\"Canada\",\"logo\":\"\"},\"keywords\":[],\"dateCreated\":\"2024-06-28T05:15:01Z\",\"datePublished\":\"2024-06-28T05:15:01Z\",\"dateModified\":\"2024-09-30T05:12:53Z\"}<\/script>","tracker_url":"https:\/\/cdn.parsely.com\/keys\/ipsen.com\/p.js"},"jetpack_sharing_enabled":true,"_links":{"self":[{"href":"https:\/\/www.ipsen.com\/canada\/fr\/wp-json\/wp\/v2\/pages\/90","targetHints":{"allow":["GET"]}}],"collection":[{"href":"https:\/\/www.ipsen.com\/canada\/fr\/wp-json\/wp\/v2\/pages"}],"about":[{"href":"https:\/\/www.ipsen.com\/canada\/fr\/wp-json\/wp\/v2\/types\/page"}],"author":[{"embeddable":true,"href":"https:\/\/www.ipsen.com\/canada\/fr\/wp-json\/wp\/v2\/users\/2"}],"replies":[{"embeddable":true,"href":"https:\/\/www.ipsen.com\/canada\/fr\/wp-json\/wp\/v2\/comments?post=90"}],"version-history":[{"count":8,"href":"https:\/\/www.ipsen.com\/canada\/fr\/wp-json\/wp\/v2\/pages\/90\/revisions"}],"predecessor-version":[{"id":1437,"href":"https:\/\/www.ipsen.com\/canada\/fr\/wp-json\/wp\/v2\/pages\/90\/revisions\/1437"}],"wp:attachment":[{"href":"https:\/\/www.ipsen.com\/canada\/fr\/wp-json\/wp\/v2\/media?parent=90"}],"curies":[{"name":"wp","href":"https:\/\/api.w.org\/{rel}","templated":true}]}}