{"id":81,"date":"2024-06-28T07:14:02","date_gmt":"2024-06-28T05:14:02","guid":{"rendered":"https:\/\/www.ipsen.com\/canada\/responsibility\/charitable-contributions\/"},"modified":"2025-07-17T14:44:04","modified_gmt":"2025-07-17T12:44:04","slug":"contributions-de-bienfaisance","status":"publish","type":"page","link":"https:\/\/www.ipsen.com\/canada\/fr\/durabilite\/contributions-de-bienfaisance\/","title":{"rendered":"Contributions de bienfaisance"},"content":{"rendered":"    <section class=\"sub-page-banner bg-img-enabled  banner-no-filter\" style=\"background-image:url(https:\/\/www.ipsen.com\/canada\/wp-content\/uploads\/sites\/16\/2025\/07\/Sustainability-Our-Standards.jpg)\">\n                <div class=\"container content-sec\">\n            <nav aria-label=\"breadcrumb\">\n            <ol class=\"breadcrumb\">\n                <li class=\"breadcrumb-item\"><a href=\"https:\/\/www.ipsen.com\/canada\/fr\/\">Accueil<\/a><\/li><li class=\"breadcrumb-item visible\"><a href=\"https:\/\/www.ipsen.com\/canada\/fr\/durabilite\/\">Durabilit\u00e9<\/a><\/li><li class=\"breadcrumb-item active\"><a class=\"link-pointer-events-none\" href=\"#\" aria-current=\"page\">Contributions de bienfaisance<\/a><\/li><\/ol>\n            <\/nav>            <h1 class=\"visible banner-font-color-white\">Contributions de bienfaisance<\/h1>\n            <p class=\"visible banner-font-color-white\">Tout ce que vous devez savoir sur notre processus de demande de dons de bienfaisance.<\/p>\n        <\/div>\n    <\/section>\n\n\n\n\t<!-- Hero Carousel Start Here-->\n\t<section class=\"hero-section no-filter\">\n\t\t<div class=\"hero_gridwidth container\"><!-- container class shown if gridlayout choosen -->\n\t\t\t<div id=\"heroCarousel\" class=\"carousel slide herocaro hero-banner-no-bg-image\" data-bs-ride=\"carousel\" data-enableplaybtn=\"\" data-autoplay= \"\"  data-autospeed= \"\" >\n\t\t\t\t<!-- Slider Indicator-->\n\t\t\t\t<div class=\"carousel-indicators hidden\">\n\t\t\t\t<button type=\"button\" data-bs-target=\"#heroCarousel\" data-bs-slide-to=\"0\" class=\"active\" aria-current=\"true\" aria-label=\"Slide 0\"><\/button>\t\t\t\t<\/div>\n\t\t\t\t<!-- Items -->\n\t\t\t\t<div class=\"carousel-inner\">\n\t\t\t\t\t\t\n\t\t\t\t\t\t<!-- Hero Banner with carousel HTML -->\n\t\t\t\t\t\t<div class=\"carousel-item active banner-no-filter\">\n\n\t\t\t\t\t\t\t\t\t\t\t\t\t\t\t<img decoding=\"async\" class=\"bd-placeholder-img visible\" alt=\"\" width=\"100%\" height=\"100%\" src=\"https:\/\/www.ipsen.com\/canada\/wp-content\/uploads\/sites\/16\/2025\/07\/Light-Hero-Banner.jpg\" \/> \n\t\t\t\t\t\t\t\n\t\t\t\t\t\t\t\t\n\n\t\t\t\t\t\t\t<div class=\"container align-left\">\n\t\t\t\t\t\t\t\t<div class=\"carousel-caption\">\n\t\t\t\t\t\t\t\t\t<h2 class=\"visible text-start heading-two banner-font-color-blue\">\n\t\t\t\t\t\t\t\t\t\tContributions de bienfaisance\t\t\t\t\t\t\t\t\t<\/h2>\n\t\t\t\t\t\t\t\t\t<div class=\"hidden text-start banner-font-color-blue\"><\/div>\n\t\t\t\t\t\t\t\t\t\n\t\t\t\t\t\t\t\t\t\t\t\t\t\t\t\t\t\t\n\t\t\t\t\t\t\t\t<\/div>\n\t\t\t\t\t\t\t<\/div>\n\t\t\t\t\t\t<\/div>\n\n\t\t\t\t\t\t\t\t\t<\/div>\n\t\t\t\t\n\t\t\t\t\n\t\t\t<\/div>\n\t\t<\/div>\n\t<\/section>\n\t<!-- Hero Carousel End Here-->\n  \n\n    <section class=\"title-text \">\n        <div class=\"container\">\n            <div class=\"title-text-inner\" style=\"background-color:#EDEBE4;\">\n\n                <!-- If heading is enabled then it's visible -->\n                <div class=\"text-head-dash visible\">\n                <h3 class=\"heading-three\" role=\"heading\" aria-level=\"2\">\n                        Quels types de dons finan\u00e7ons-nous?                    <\/h3>\n                <\/div>\n               \n                <!-- If description is enabled then it's visible -->\n                <div class=\"text-parbase visible\">\n                    <p><strong>Appui mon\u00e9taire ou don en nature<\/strong><\/p>\n<p>Ipsen peut faire un don \u00e0 une initiative ou \u00e0 un projet sp\u00e9cifique. Ces dons ne peuvent \u00eatre vers\u00e9s qu\u2019\u00e0 des organismes \u00e0 but non lucratif et \u00e0 des organismes de bienfaisance enregistr\u00e9s impliqu\u00e9s dans la conduite d\u2019activit\u00e9s telles que les efforts caritatifs, communautaires, \u00e9ducatifs, humanitaires, sanitaires et philanthropiques. Ipsen ne contr\u00f4le ni n\u2019influence les initiatives soutenues par ces dons.<\/p>\n                <\/div>\n\n                <!-- If button is enabled then it's visible -->\n                \n            <\/div>\n        <\/div>\n    <\/section>\n\n\n\n<!--Alert Card Layout Start Here-->\n<section class=\"alertcard-section\">\n      <div class=\"container\">\n        <!--Alert Box HTML Start Here-->\n        <div class=\"alert-box general-box\">\n                    <div class=\"info-icon\">\n              <span class=\"info-circle\"><img decoding=\"async\" src=\"https:\/\/www.ipsen.com\/canada\/wp-content\/themes\/ipsen-main\/dist\/images\/alert-info-icon.png\" alt=\"Alert\"\/><\/i>\n            <\/div>\n                    <div class=\"info-contents\">\n          <h4 role=\"heading\" aria-level=\"2\" class=\"info-head heading-four heading-four\"><\/h4>\n            <p class=\"info-sub-head-para hidden heading-para\"><\/p>\n            <div class=\"alert-content visible\"><p>Pour plus de renseignements, communiquez avec nous \u00e0 l\u2019adresse suivante\u202f: <a href=\"mailto:GrantsDonationsCanada@ipsen.com\"><strong>GrantsDonationsCanada@ipsen.com<\/strong><\/a>.<\/p>\n<\/div>\n          <\/div>\n        <\/div>\n        <!--Alert Box HTML Start Here-->\n      <\/div>\n    <\/section>\n<!--Alert Card Layout End Here-->\n\n\n\n    <!--Accordion Cards Start Here-->\n    <section class=\"accordion bg-color-disabled\"  data-according-id=\"1859006758\">\n        <div class=\"container\">\n            <div class=\"row\">\n                <!--Accordion info section-->\n                <div class=\"column-1 col-xl-12 col-md-12 col-sm-12\">\n                    <div class=\"accordian-info\">\n                        <h3 class=\"accordian-heading hidden heading-three\" role=\"heading\" aria-level=\"2\">\n                                                    <\/h3>\n                        <p class=\"accordian-summary hidden\"><\/p>\n                    <\/div>\n                <\/div><!--Accordion info section over here -->\n\n                <div class=\"col-xl-12 col-lg-12 col-md-12 col-sm-12\">\n                    <div class=\"accordion accor-group\" id=\"accordionExample1859006758\">\n                         \n                                    <!-- Accordion with Expandable panel & FAQs -->\n                                    <div class=\"accordion-item accor-item\">\n                                        <p  role=\"heading\" aria-level=\"3\" class=\"accordion-header accor-head-para\" id=\"faqHeading0\">\n                                            <button class=\"accordion-button accor-faq-btn collapsed\" type=\"button\" data-bs-toggle=\"collapse\" data-bs-target=\"#faqHeading18590067580\" aria-expanded=\"false\" aria-controls=\"faqHeading18590067580\">\n                                                De quoi avez-vous besoin pour soumettre une demande de don?                                            <\/button>\n                                        <\/p>\n                                        <div id=\"faqHeading18590067580\" class=\"accordion-collapse collapse \" aria-labelledby=\"faqHeading0\" data-bs-parent=\"#accordionExample1859006758\">\n                                            <div class=\"accordion-body\">\n                                                <div class=\"accordion-data\">\n                                                    <p><p>Pour que votre demande soit prise en compte, vous devez remplir un formulaire de demande de subventions et de dons d\u2019Ipsen, que vous pouvez obtenir en communiquant avec nous \u00e0 l\u2019adresse suivante : <a href=\"mailto:GrantsDonationsCanada@ipsen.com\"><strong>GrantsDonationsCanada@ipsen.com<\/strong><\/a>. Ce formulaire garantit qu\u2019Ipsen dispose de tous les documents et de tous les renseignements n\u00e9cessaires \u00e0 l\u2019examen de la demande. En plus de remplir ce formulaire, vous devez \u00e9galement fournir les documents suivants:<\/p>\n<p>&nbsp;<\/p>\n<p><strong>Lettre de demande<\/strong> qui comprend:<\/p>\n<ul>\n<li>une description de votre organisation, de sa mission de bienfaisance et de son importance<\/li>\n<li>la relation, le cas \u00e9ch\u00e9ant, de votre organisation avec Ipsen<\/li>\n<li>la date du programme ou de l(\u00e9v\u00e9nement (le cas \u00e9ch\u00e9ant)<\/li>\n<li>le budget total, le montant et le pourcentage du don demand\u00e9 \u00e0 Ipsen<\/li>\n<li>le nombre pr\u00e9vu de participants (le cas \u00e9ch\u00e9ant)<\/li>\n<li>le lieu du programme, y compris le lieu, la ville et la province<\/li>\n<li>le b\u00e9n\u00e9ficiaire et son adresse<\/li>\n<li>en cas de demandes de produits (soutien en nature), la quantit\u00e9 de m\u00e9dicaments demand\u00e9e et la mani\u00e8re dont le m\u00e9dicament sera utilis\u00e9 dans le cadre du programme.<\/li>\n<li>une description de tout don ant\u00e9rieur fait par Ipsen \u00e0 l\u2019organisme et la fa\u00e7on dont il a \u00e9t\u00e9 utilis\u00e9<\/li>\n<li>le nombre de donateurs, autres qu\u2019Ipsen, qui sont sollicit\u00e9s pour soutenir la demande<\/li>\n<\/ul>\n<p>&nbsp;<\/p>\n<p><strong>Ordre du jour ou brochure<\/strong>\u00a0\u2013\u00a0y compris une description d\u00e9taill\u00e9e de l\u2019\u00e9v\u00e9nement ou un r\u00e9sum\u00e9 du document \u00e0 cr\u00e9er<\/p>\n<p>&nbsp;<\/p>\n<p><strong>Budget<\/strong>\u00a0\u2013\u00a0un budget d\u00e9taill\u00e9 pour l\u2019ensemble de l\u2019\u00e9v\u00e9nement\/du projet, y compris (a) le montant total des fonds demand\u00e9s \u00e0 Ipsen; (b) une ventilation des d\u00e9penses et, le cas \u00e9ch\u00e9ant, le nombre pr\u00e9vu de participants; (c) le pourcentage du financement demand\u00e9 \u00e0 Ipsen par rapport au financement total de l\u2019activit\u00e9; et (d) le nombre de donateurs qui sont contact\u00e9s pour soutenir l\u2019\u00e9v\u00e9nement. La priorit\u00e9 sera donn\u00e9e aux \u00e9v\u00e9nements financ\u00e9s par plus d\u2019un donateur.<\/p>\n<p>&nbsp;<\/p>\n<p><strong>Autres exigences en mati\u00e8re de documentation<\/strong><\/p>\n<ul>\n<li>Document prouvant la situation juridique de l\u2019\u00e9tablissement (par exemple, copie de l\u2019enregistrement de l\u2019entreprise, extrait du registre du commerce, statut de l\u2019organisation, acte de fondation, documentation sur l\u2019enregistrement de l\u2019organisme de bienfaisance)<\/li>\n<li>tout autre document pertinent \u00e0 l\u2019appui de votre demande de don<\/li>\n<\/ul>\n<\/p>\n                                                    <div class=\"cta-block hidden\" >\n                                                                                                            <\/div>\n                                                <\/div>\n                                            <\/div>\n                                        <\/div>\n                                    <\/div>\n                             \n                                    <!-- Accordion with Expandable panel & FAQs -->\n                                    <div class=\"accordion-item accor-item\">\n                                        <p  role=\"heading\" aria-level=\"3\" class=\"accordion-header accor-head-para\" id=\"faqHeading1\">\n                                            <button class=\"accordion-button accor-faq-btn collapsed\" type=\"button\" data-bs-toggle=\"collapse\" data-bs-target=\"#faqHeading18590067581\" aria-expanded=\"false\" aria-controls=\"faqHeading18590067581\">\n                                                O\u00f9 devez-vous soumettre une demande de don?                                            <\/button>\n                                        <\/p>\n                                        <div id=\"faqHeading18590067581\" class=\"accordion-collapse collapse \" aria-labelledby=\"faqHeading1\" data-bs-parent=\"#accordionExample1859006758\">\n                                            <div class=\"accordion-body\">\n                                                <div class=\"accordion-data\">\n                                                    <p><p>Pour soumettre une demande, veuillez envoyer le formulaire de demande de subventions et de dons d\u00fbment rempli et les documents requis \u00e0 <a href=\"mailto:GrantsDonationsCanada@ipsen.com\"><strong>GrantsDonationsCanada@ipsen.com<\/strong><\/a>.<\/p>\n<\/p>\n                                                    <div class=\"cta-block hidden\" >\n                                                                                                            <\/div>\n                                                <\/div>\n                                            <\/div>\n                                        <\/div>\n                                    <\/div>\n                                                <\/div>\n                <\/div> \n            <\/div>\n        <\/div>\n    <\/section>\n    <!--Accordion Cards End Here-->\n","protected":false},"excerpt":{"rendered":"","protected":false},"author":2,"featured_media":0,"parent":66,"menu_order":0,"comment_status":"closed","ping_status":"closed","template":"","meta":{"_acf_changed":false,"footnotes":""},"class_list":["post-81","page","type-page","status-publish","hentry","entry"],"acf":[],"yoast_head":"<!-- This site is optimized with the Yoast SEO plugin v26.8 - https:\/\/yoast.com\/product\/yoast-seo-wordpress\/ -->\n<title>Contributions de bienfaisance \u2013 Canada<\/title>\n<meta name=\"robots\" content=\"index, follow, max-snippet:-1, max-image-preview:large, max-video-preview:-1\" \/>\n<link rel=\"canonical\" href=\"https:\/\/www.ipsen.com\/canada\/fr\/durabilite\/contributions-de-bienfaisance\/\" \/>\n<meta property=\"og:locale\" content=\"fr_FR\" \/>\n<meta property=\"og:type\" content=\"article\" \/>\n<meta property=\"og:title\" content=\"Contributions de bienfaisance \u2013 Canada\" \/>\n<meta property=\"og:url\" content=\"https:\/\/www.ipsen.com\/canada\/fr\/durabilite\/contributions-de-bienfaisance\/\" \/>\n<meta property=\"og:site_name\" content=\"Canada\" \/>\n<meta property=\"article:modified_time\" content=\"2025-07-17T12:44:04+00:00\" \/>\n<meta name=\"twitter:card\" content=\"summary_large_image\" \/>\n<script type=\"application\/ld+json\" class=\"yoast-schema-graph\">{\"@context\":\"https:\/\/schema.org\",\"@graph\":[{\"@type\":\"WebPage\",\"@id\":\"https:\/\/www.ipsen.com\/canada\/fr\/durabilite\/contributions-de-bienfaisance\/\",\"url\":\"https:\/\/www.ipsen.com\/canada\/fr\/durabilite\/contributions-de-bienfaisance\/\",\"name\":\"Contributions de bienfaisance \u2013 Canada\",\"isPartOf\":{\"@id\":\"https:\/\/www.ipsen.com\/canada\/fr\/#website\"},\"datePublished\":\"2024-06-28T05:14:02+00:00\",\"dateModified\":\"2025-07-17T12:44:04+00:00\",\"breadcrumb\":{\"@id\":\"https:\/\/www.ipsen.com\/canada\/fr\/durabilite\/contributions-de-bienfaisance\/#breadcrumb\"},\"inLanguage\":\"fr-FR\",\"potentialAction\":[{\"@type\":\"ReadAction\",\"target\":[\"https:\/\/www.ipsen.com\/canada\/fr\/durabilite\/contributions-de-bienfaisance\/\"]}]},{\"@type\":\"BreadcrumbList\",\"@id\":\"https:\/\/www.ipsen.com\/canada\/fr\/durabilite\/contributions-de-bienfaisance\/#breadcrumb\",\"itemListElement\":[{\"@type\":\"ListItem\",\"position\":1,\"name\":\"Home\",\"item\":\"https:\/\/www.ipsen.com\/canada\/fr\/\"},{\"@type\":\"ListItem\",\"position\":2,\"name\":\"Durabilit\u00e9\",\"item\":\"https:\/\/www.ipsen.com\/canada\/fr\/durabilite\/\"},{\"@type\":\"ListItem\",\"position\":3,\"name\":\"Contributions de bienfaisance\"}]},{\"@type\":\"WebSite\",\"@id\":\"https:\/\/www.ipsen.com\/canada\/fr\/#website\",\"url\":\"https:\/\/www.ipsen.com\/canada\/fr\/\",\"name\":\"Canada\",\"description\":\"\",\"publisher\":{\"@id\":\"https:\/\/www.ipsen.com\/canada\/fr\/#organization\"},\"potentialAction\":[{\"@type\":\"SearchAction\",\"target\":{\"@type\":\"EntryPoint\",\"urlTemplate\":\"https:\/\/www.ipsen.com\/canada\/fr\/?s={search_term_string}\"},\"query-input\":{\"@type\":\"PropertyValueSpecification\",\"valueRequired\":true,\"valueName\":\"search_term_string\"}}],\"inLanguage\":\"fr-FR\"},{\"@type\":\"Organization\",\"@id\":\"https:\/\/www.ipsen.com\/canada\/fr\/#organization\",\"name\":\"Canada\",\"url\":\"https:\/\/www.ipsen.com\/canada\/fr\/\",\"logo\":{\"@type\":\"ImageObject\",\"inLanguage\":\"fr-FR\",\"@id\":\"https:\/\/www.ipsen.com\/canada\/fr\/#\/schema\/logo\/image\/\",\"url\":\"https:\/\/www.ipsen.com\/canada\/wp-content\/uploads\/sites\/16\/2024\/06\/Logo-Ipsen-new.svg\",\"contentUrl\":\"https:\/\/www.ipsen.com\/canada\/wp-content\/uploads\/sites\/16\/2024\/06\/Logo-Ipsen-new.svg\",\"caption\":\"Canada\"},\"image\":{\"@id\":\"https:\/\/www.ipsen.com\/canada\/fr\/#\/schema\/logo\/image\/\"}}]}<\/script>\n<!-- \/ Yoast SEO plugin. -->","yoast_head_json":{"title":"Contributions de bienfaisance \u2013 Canada","robots":{"index":"index","follow":"follow","max-snippet":"max-snippet:-1","max-image-preview":"max-image-preview:large","max-video-preview":"max-video-preview:-1"},"canonical":"https:\/\/www.ipsen.com\/canada\/fr\/durabilite\/contributions-de-bienfaisance\/","og_locale":"fr_FR","og_type":"article","og_title":"Contributions de bienfaisance \u2013 Canada","og_url":"https:\/\/www.ipsen.com\/canada\/fr\/durabilite\/contributions-de-bienfaisance\/","og_site_name":"Canada","article_modified_time":"2025-07-17T12:44:04+00:00","twitter_card":"summary_large_image","schema":{"@context":"https:\/\/schema.org","@graph":[{"@type":"WebPage","@id":"https:\/\/www.ipsen.com\/canada\/fr\/durabilite\/contributions-de-bienfaisance\/","url":"https:\/\/www.ipsen.com\/canada\/fr\/durabilite\/contributions-de-bienfaisance\/","name":"Contributions de bienfaisance \u2013 Canada","isPartOf":{"@id":"https:\/\/www.ipsen.com\/canada\/fr\/#website"},"datePublished":"2024-06-28T05:14:02+00:00","dateModified":"2025-07-17T12:44:04+00:00","breadcrumb":{"@id":"https:\/\/www.ipsen.com\/canada\/fr\/durabilite\/contributions-de-bienfaisance\/#breadcrumb"},"inLanguage":"fr-FR","potentialAction":[{"@type":"ReadAction","target":["https:\/\/www.ipsen.com\/canada\/fr\/durabilite\/contributions-de-bienfaisance\/"]}]},{"@type":"BreadcrumbList","@id":"https:\/\/www.ipsen.com\/canada\/fr\/durabilite\/contributions-de-bienfaisance\/#breadcrumb","itemListElement":[{"@type":"ListItem","position":1,"name":"Home","item":"https:\/\/www.ipsen.com\/canada\/fr\/"},{"@type":"ListItem","position":2,"name":"Durabilit\u00e9","item":"https:\/\/www.ipsen.com\/canada\/fr\/durabilite\/"},{"@type":"ListItem","position":3,"name":"Contributions de bienfaisance"}]},{"@type":"WebSite","@id":"https:\/\/www.ipsen.com\/canada\/fr\/#website","url":"https:\/\/www.ipsen.com\/canada\/fr\/","name":"Canada","description":"","publisher":{"@id":"https:\/\/www.ipsen.com\/canada\/fr\/#organization"},"potentialAction":[{"@type":"SearchAction","target":{"@type":"EntryPoint","urlTemplate":"https:\/\/www.ipsen.com\/canada\/fr\/?s={search_term_string}"},"query-input":{"@type":"PropertyValueSpecification","valueRequired":true,"valueName":"search_term_string"}}],"inLanguage":"fr-FR"},{"@type":"Organization","@id":"https:\/\/www.ipsen.com\/canada\/fr\/#organization","name":"Canada","url":"https:\/\/www.ipsen.com\/canada\/fr\/","logo":{"@type":"ImageObject","inLanguage":"fr-FR","@id":"https:\/\/www.ipsen.com\/canada\/fr\/#\/schema\/logo\/image\/","url":"https:\/\/www.ipsen.com\/canada\/wp-content\/uploads\/sites\/16\/2024\/06\/Logo-Ipsen-new.svg","contentUrl":"https:\/\/www.ipsen.com\/canada\/wp-content\/uploads\/sites\/16\/2024\/06\/Logo-Ipsen-new.svg","caption":"Canada"},"image":{"@id":"https:\/\/www.ipsen.com\/canada\/fr\/#\/schema\/logo\/image\/"}}]}},"parsely":{"version":"1.1.0","canonical_url":"https:\/\/ipsen.com\/canada\/fr\/durabilite\/contributions-de-bienfaisance\/","smart_links":{"inbound":0,"outbound":0},"traffic_boost_suggestions_count":0,"meta":{"@context":"https:\/\/schema.org","@type":"WebPage","headline":"Contributions de bienfaisance","url":"http:\/\/www.ipsen.com\/canada\/fr\/durabilite\/contributions-de-bienfaisance\/","mainEntityOfPage":{"@type":"WebPage","@id":"http:\/\/www.ipsen.com\/canada\/fr\/durabilite\/contributions-de-bienfaisance\/"},"thumbnailUrl":"","image":{"@type":"ImageObject","url":""},"articleSection":"Non classifi\u00e9(e)","author":[{"@type":"Person","name":"navya"}],"creator":["navya"],"publisher":{"@type":"Organization","name":"Canada","logo":""},"keywords":[],"dateCreated":"2024-06-28T05:14:02Z","datePublished":"2024-06-28T05:14:02Z","dateModified":"2025-07-17T12:44:04Z"},"rendered":"<script type=\"application\/ld+json\" class=\"wp-parsely-metadata\">{\"@context\":\"https:\\\/\\\/schema.org\",\"@type\":\"WebPage\",\"headline\":\"Contributions de bienfaisance\",\"url\":\"http:\\\/\\\/www.ipsen.com\\\/canada\\\/fr\\\/durabilite\\\/contributions-de-bienfaisance\\\/\",\"mainEntityOfPage\":{\"@type\":\"WebPage\",\"@id\":\"http:\\\/\\\/www.ipsen.com\\\/canada\\\/fr\\\/durabilite\\\/contributions-de-bienfaisance\\\/\"},\"thumbnailUrl\":\"\",\"image\":{\"@type\":\"ImageObject\",\"url\":\"\"},\"articleSection\":\"Non classifi\\u00e9(e)\",\"author\":[{\"@type\":\"Person\",\"name\":\"navya\"}],\"creator\":[\"navya\"],\"publisher\":{\"@type\":\"Organization\",\"name\":\"Canada\",\"logo\":\"\"},\"keywords\":[],\"dateCreated\":\"2024-06-28T05:14:02Z\",\"datePublished\":\"2024-06-28T05:14:02Z\",\"dateModified\":\"2025-07-17T12:44:04Z\"}<\/script>","tracker_url":"https:\/\/cdn.parsely.com\/keys\/ipsen.com\/p.js"},"jetpack_sharing_enabled":true,"_links":{"self":[{"href":"https:\/\/www.ipsen.com\/canada\/fr\/wp-json\/wp\/v2\/pages\/81","targetHints":{"allow":["GET"]}}],"collection":[{"href":"https:\/\/www.ipsen.com\/canada\/fr\/wp-json\/wp\/v2\/pages"}],"about":[{"href":"https:\/\/www.ipsen.com\/canada\/fr\/wp-json\/wp\/v2\/types\/page"}],"author":[{"embeddable":true,"href":"https:\/\/www.ipsen.com\/canada\/fr\/wp-json\/wp\/v2\/users\/2"}],"replies":[{"embeddable":true,"href":"https:\/\/www.ipsen.com\/canada\/fr\/wp-json\/wp\/v2\/comments?post=81"}],"version-history":[{"count":14,"href":"https:\/\/www.ipsen.com\/canada\/fr\/wp-json\/wp\/v2\/pages\/81\/revisions"}],"predecessor-version":[{"id":2138,"href":"https:\/\/www.ipsen.com\/canada\/fr\/wp-json\/wp\/v2\/pages\/81\/revisions\/2138"}],"up":[{"embeddable":true,"href":"https:\/\/www.ipsen.com\/canada\/fr\/wp-json\/wp\/v2\/pages\/66"}],"wp:attachment":[{"href":"https:\/\/www.ipsen.com\/canada\/fr\/wp-json\/wp\/v2\/media?parent=81"}],"curies":[{"name":"wp","href":"https:\/\/api.w.org\/{rel}","templated":true}]}}