{"id":78,"date":"2024-06-28T07:13:10","date_gmt":"2024-06-28T05:13:10","guid":{"rendered":"https:\/\/www.ipsen.com\/canada\/responsibility\/environment\/"},"modified":"2025-07-01T16:21:06","modified_gmt":"2025-07-01T14:21:06","slug":"environnement","status":"publish","type":"page","link":"https:\/\/www.ipsen.com\/canada\/fr\/durabilite\/environnement\/","title":{"rendered":"Environnement"},"content":{"rendered":"    <section class=\"sub-page-banner \" style=\"background: linear-gradient(93.64deg, #224A81 2.99%, #2797D3 97.01%)\">\n        <div class=\"container content-sec\">\n            <nav aria-label=\"breadcrumb\">\n            <ol class=\"breadcrumb\">\n                <li class=\"breadcrumb-item\"><a href=\"https:\/\/www.ipsen.com\/canada\/fr\/\">Accueil<\/a><\/li><li class=\"breadcrumb-item visible\"><a href=\"https:\/\/www.ipsen.com\/canada\/fr\/durabilite\/\">Durabilit\u00e9<\/a><\/li><li class=\"breadcrumb-item active\"><a class=\"link-pointer-events-none\" href=\"#\" aria-current=\"page\">Environnement<\/a><\/li><\/ol>\n            <\/nav>            <h1 class=\"visible\">Environnement<\/h1>\n            <p class=\"hidden\"><\/p>\n        <\/div>\n    <\/section>\n\n\n\t<!-- Hero Carousel Start Here-->\n\t<section class=\"hero-section no-filter\">\n\t\t<div class=\"hero_gridwidth container\"><!-- container class shown if gridlayout choosen -->\n\t\t\t<div id=\"heroCarousel\" class=\"carousel slide herocaro hero-banner-no-bg-image\" data-bs-ride=\"carousel\" data-enableplaybtn=\"\" data-autoplay= \"\"  data-autospeed= \"\" >\n\t\t\t\t<!-- Slider Indicator-->\n\t\t\t\t<div class=\"carousel-indicators hidden\">\n\t\t\t\t<button type=\"button\" data-bs-target=\"#heroCarousel\" data-bs-slide-to=\"0\" class=\"active\" aria-current=\"true\" aria-label=\"Slide 0\"><\/button>\t\t\t\t<\/div>\n\t\t\t\t<!-- Items -->\n\t\t\t\t<div class=\"carousel-inner\">\n\t\t\t\t\t\t\n\t\t\t\t\t\t<!-- Hero Banner with carousel HTML -->\n\t\t\t\t\t\t<div class=\"carousel-item active banner-no-filter\">\n\n\t\t\t\t\t\t\t\t\t\t\t\t\t\t\t<img decoding=\"async\" class=\"bd-placeholder-img visible\" alt=\"\" width=\"100%\" height=\"100%\" src=\"https:\/\/www.ipsen.com\/canada\/wp-content\/uploads\/sites\/16\/2025\/07\/Light-Hero-Banner.jpg\" \/> \n\t\t\t\t\t\t\t\n\t\t\t\t\t\t\t\t\n\n\t\t\t\t\t\t\t<div class=\"container align-left\">\n\t\t\t\t\t\t\t\t<div class=\"carousel-caption\">\n\t\t\t\t\t\t\t\t\t<h2 class=\"visible text-start heading-two banner-font-color-blue\">\n\t\t\t\t\t\t\t\t\t\tPrendre soin de la plan\u00e8te\t\t\t\t\t\t\t\t\t<\/h2>\n\t\t\t\t\t\t\t\t\t<div class=\"hidden text-start banner-font-color-blue\"><\/div>\n\t\t\t\t\t\t\t\t\t\n\t\t\t\t\t\t\t\t\t\t\t\t\t\t\t\t\t\t\n\t\t\t\t\t\t\t\t<\/div>\n\t\t\t\t\t\t\t<\/div>\n\t\t\t\t\t\t<\/div>\n\n\t\t\t\t\t\t\t\t\t<\/div>\n\t\t\t\t\n\t\t\t\t\n\t\t\t<\/div>\n\t\t<\/div>\n\t<\/section>\n\t<!-- Hero Carousel End Here-->\n  \n\n\n<!--Alert Card Layout Start Here-->\n<section class=\"alertcard-section\">\n      <div class=\"container\">\n        <!--Alert Box HTML Start Here-->\n        <div class=\"alert-box info-box\">\n                    <div class=\"info-icon\">\n              <span class=\"info-circle\"><img decoding=\"async\" src=\"https:\/\/www.ipsen.com\/canada\/wp-content\/themes\/ipsen-main\/dist\/images\/alert-general-icon.png\" alt=\"Alert\"\/><\/i>\n            <\/div>\n                    <div class=\"info-contents\">\n          <h4 role=\"heading\" aria-level=\"2\" class=\"info-head heading-four heading-four\">Promouvoir un avenir plus durable <\/h4>\n            <p class=\"info-sub-head-para hidden heading-para\"><\/p>\n            <div class=\"alert-content visible\"><p>Chez Ipsen, nous d\u00e9fendons avec ferveur un avenir durable pour notre plan\u00e8te et nos communaut\u00e9s. Notre strat\u00e9gie globale pour l\u2019environnement repose sur une consommation et une production responsables, une action d\u00e9cisive en faveur du climat, ainsi que la protection des \u00e9cosyst\u00e8mes inestimables de la Terre. En accord avec le 12e objectif de d\u00e9veloppement durable des Nations unies, notre pilier environnemental est fortement ax\u00e9 sur la r\u00e9duction de notre empreinte environnementale par le biais d&#8217;engagements ambitieux\u00a0:<\/p>\n<ul>\n<li>Mener une action sur le climat, ce qui implique des engagements scientifiques en mati\u00e8re d&#8217;\u00e9missions directes et indirectes, et, \u00e0 terme, une \u00e9mission nette nulle d&#8217;ici \u00e0 2045.<\/li>\n<li>Pr\u00e9server les ressources naturelles\u00a0\u2013 pr\u00e9server la nature en g\u00e9rant l&#8217;eau de mani\u00e8re responsable, en veillant \u00e0 minimiser l&#8217;impact de nos rejets sur l&#8217;environnement et en promouvant activement la biodiversit\u00e9.<\/li>\n<li>Am\u00e9liorer la durabilit\u00e9 des produits\u00a0\u2013 accro\u00eetre la circularit\u00e9, concevoir des produits en mettant l&#8217;accent sur la recyclabilit\u00e9, impl\u00e9menter des solutions de cha\u00eene de valeur durable et r\u00e9duire activement les d\u00e9chets.<\/li>\n<\/ul>\n<p>Toutes les questions environnementales sont g\u00e9r\u00e9es par les organes de gouvernance Environnement, Sant\u00e9 et S\u00e9curit\u00e9 (EHS) d\u2019Ipsen \u00e0 tous les niveaux de l\u2019organisation du Groupe. Nous nous conformons \u00e0 l\u2019ensemble des exigences r\u00e9glementaires applicables ainsi qu\u2019\u00e0 nos propres politiques, normes et <strong><a href=\"https:\/\/www.ipsen.com\/websites\/ipsen_com_v2\/wp-content\/uploads\/2023\/06\/19155139\/Group-EHS-Policy-Commitment-Page-2021-FR.pdf\" target=\"_blank\" rel=\"noopener\">exigences EHS<\/a><\/strong>, o\u00f9 que nous nous trouvions. Cette d\u00e9marche est valid\u00e9e par la certification du groupe aux normes internationales <strong><a href=\"https:\/\/www.ipsen.com\/websites\/ipsen_com_v2\/wp-content\/uploads\/2024\/03\/07165704\/18.8132-Ipsen-Biopharm-Ltd-ISO-45001-2018-Certificate-1-10-24-.pdf\" target=\"_blank\" rel=\"noopener\">ISO\u00a045001-2018<\/a><\/strong> sur la sant\u00e9 et la s\u00e9curit\u00e9 au travail et <strong><a href=\"https:\/\/www.ipsen.com\/websites\/ipsen_com_v2\/wp-content\/uploads\/2024\/03\/07165658\/14.8132-Ipsen-Biopharm-Ltd-ISO-14001-2015-Certificate-1-10-24-.pdf\" target=\"_blank\" rel=\"noopener\">ISO\u00a014001-2015<\/a><\/strong> sur le syst\u00e8me de gestion de l\u2019environnement.<\/p>\n<\/div>\n          <\/div>\n        <\/div>\n        <!--Alert Box HTML Start Here-->\n      <\/div>\n    <\/section>\n<!--Alert Card Layout End Here-->\n","protected":false},"excerpt":{"rendered":"","protected":false},"author":2,"featured_media":0,"parent":66,"menu_order":0,"comment_status":"closed","ping_status":"closed","template":"","meta":{"_acf_changed":false,"footnotes":""},"class_list":["post-78","page","type-page","status-publish","hentry","entry"],"acf":[],"yoast_head":"<!-- This site is optimized with the Yoast SEO plugin v26.8 - https:\/\/yoast.com\/product\/yoast-seo-wordpress\/ -->\n<title>Durabilit\u00e9 Ipsen\u00a0: Environnement<\/title>\n<meta name=\"description\" content=\"D\u00e9couvrez l\u2019engagement d\u2019Ipsen en faveur de l\u2019environnement, notamment nos objectifs climatiques, nos initiatives en mati\u00e8re d\u2019\u00e9nergies renouvelables et nos solutions de transport durables.\" \/>\n<meta name=\"robots\" content=\"index, follow, max-snippet:-1, max-image-preview:large, max-video-preview:-1\" \/>\n<link rel=\"canonical\" href=\"https:\/\/www.ipsen.com\/canada\/fr\/durabilite\/environnement\/\" \/>\n<meta property=\"og:locale\" content=\"fr_FR\" \/>\n<meta property=\"og:type\" content=\"article\" \/>\n<meta property=\"og:title\" content=\"Durabilit\u00e9 Ipsen\u00a0: Environnement\" \/>\n<meta property=\"og:description\" content=\"D\u00e9couvrez l\u2019engagement d\u2019Ipsen en faveur de l\u2019environnement, notamment nos objectifs climatiques, nos initiatives en mati\u00e8re d\u2019\u00e9nergies renouvelables et nos solutions de transport durables.\" \/>\n<meta property=\"og:url\" content=\"https:\/\/www.ipsen.com\/canada\/fr\/durabilite\/environnement\/\" \/>\n<meta property=\"og:site_name\" content=\"Canada\" \/>\n<meta property=\"article:modified_time\" content=\"2025-07-01T14:21:06+00:00\" \/>\n<meta name=\"twitter:card\" content=\"summary_large_image\" \/>\n<script type=\"application\/ld+json\" class=\"yoast-schema-graph\">{\"@context\":\"https:\/\/schema.org\",\"@graph\":[{\"@type\":\"WebPage\",\"@id\":\"https:\/\/www.ipsen.com\/canada\/fr\/durabilite\/environnement\/\",\"url\":\"https:\/\/www.ipsen.com\/canada\/fr\/durabilite\/environnement\/\",\"name\":\"Durabilit\u00e9 Ipsen\u00a0: Environnement\",\"isPartOf\":{\"@id\":\"https:\/\/www.ipsen.com\/canada\/fr\/#website\"},\"datePublished\":\"2024-06-28T05:13:10+00:00\",\"dateModified\":\"2025-07-01T14:21:06+00:00\",\"description\":\"D\u00e9couvrez l\u2019engagement d\u2019Ipsen en faveur de l\u2019environnement, notamment nos objectifs climatiques, nos initiatives en mati\u00e8re d\u2019\u00e9nergies renouvelables et nos solutions de transport durables.\",\"breadcrumb\":{\"@id\":\"https:\/\/www.ipsen.com\/canada\/fr\/durabilite\/environnement\/#breadcrumb\"},\"inLanguage\":\"fr-FR\",\"potentialAction\":[{\"@type\":\"ReadAction\",\"target\":[\"https:\/\/www.ipsen.com\/canada\/fr\/durabilite\/environnement\/\"]}]},{\"@type\":\"BreadcrumbList\",\"@id\":\"https:\/\/www.ipsen.com\/canada\/fr\/durabilite\/environnement\/#breadcrumb\",\"itemListElement\":[{\"@type\":\"ListItem\",\"position\":1,\"name\":\"Home\",\"item\":\"https:\/\/www.ipsen.com\/canada\/fr\/\"},{\"@type\":\"ListItem\",\"position\":2,\"name\":\"Durabilit\u00e9\",\"item\":\"https:\/\/www.ipsen.com\/canada\/fr\/durabilite\/\"},{\"@type\":\"ListItem\",\"position\":3,\"name\":\"Environnement\"}]},{\"@type\":\"WebSite\",\"@id\":\"https:\/\/www.ipsen.com\/canada\/fr\/#website\",\"url\":\"https:\/\/www.ipsen.com\/canada\/fr\/\",\"name\":\"Canada\",\"description\":\"\",\"publisher\":{\"@id\":\"https:\/\/www.ipsen.com\/canada\/fr\/#organization\"},\"potentialAction\":[{\"@type\":\"SearchAction\",\"target\":{\"@type\":\"EntryPoint\",\"urlTemplate\":\"https:\/\/www.ipsen.com\/canada\/fr\/?s={search_term_string}\"},\"query-input\":{\"@type\":\"PropertyValueSpecification\",\"valueRequired\":true,\"valueName\":\"search_term_string\"}}],\"inLanguage\":\"fr-FR\"},{\"@type\":\"Organization\",\"@id\":\"https:\/\/www.ipsen.com\/canada\/fr\/#organization\",\"name\":\"Canada\",\"url\":\"https:\/\/www.ipsen.com\/canada\/fr\/\",\"logo\":{\"@type\":\"ImageObject\",\"inLanguage\":\"fr-FR\",\"@id\":\"https:\/\/www.ipsen.com\/canada\/fr\/#\/schema\/logo\/image\/\",\"url\":\"https:\/\/www.ipsen.com\/canada\/wp-content\/uploads\/sites\/16\/2024\/06\/Logo-Ipsen-new.svg\",\"contentUrl\":\"https:\/\/www.ipsen.com\/canada\/wp-content\/uploads\/sites\/16\/2024\/06\/Logo-Ipsen-new.svg\",\"caption\":\"Canada\"},\"image\":{\"@id\":\"https:\/\/www.ipsen.com\/canada\/fr\/#\/schema\/logo\/image\/\"}}]}<\/script>\n<!-- \/ Yoast SEO plugin. -->","yoast_head_json":{"title":"Durabilit\u00e9 Ipsen\u00a0: Environnement","description":"D\u00e9couvrez l\u2019engagement d\u2019Ipsen en faveur de l\u2019environnement, notamment nos objectifs climatiques, nos initiatives en mati\u00e8re d\u2019\u00e9nergies renouvelables et nos solutions de transport durables.","robots":{"index":"index","follow":"follow","max-snippet":"max-snippet:-1","max-image-preview":"max-image-preview:large","max-video-preview":"max-video-preview:-1"},"canonical":"https:\/\/www.ipsen.com\/canada\/fr\/durabilite\/environnement\/","og_locale":"fr_FR","og_type":"article","og_title":"Durabilit\u00e9 Ipsen\u00a0: Environnement","og_description":"D\u00e9couvrez l\u2019engagement d\u2019Ipsen en faveur de l\u2019environnement, notamment nos objectifs climatiques, nos initiatives en mati\u00e8re d\u2019\u00e9nergies renouvelables et nos solutions de transport durables.","og_url":"https:\/\/www.ipsen.com\/canada\/fr\/durabilite\/environnement\/","og_site_name":"Canada","article_modified_time":"2025-07-01T14:21:06+00:00","twitter_card":"summary_large_image","schema":{"@context":"https:\/\/schema.org","@graph":[{"@type":"WebPage","@id":"https:\/\/www.ipsen.com\/canada\/fr\/durabilite\/environnement\/","url":"https:\/\/www.ipsen.com\/canada\/fr\/durabilite\/environnement\/","name":"Durabilit\u00e9 Ipsen\u00a0: Environnement","isPartOf":{"@id":"https:\/\/www.ipsen.com\/canada\/fr\/#website"},"datePublished":"2024-06-28T05:13:10+00:00","dateModified":"2025-07-01T14:21:06+00:00","description":"D\u00e9couvrez l\u2019engagement d\u2019Ipsen en faveur de l\u2019environnement, notamment nos objectifs climatiques, nos initiatives en mati\u00e8re d\u2019\u00e9nergies renouvelables et nos solutions de transport durables.","breadcrumb":{"@id":"https:\/\/www.ipsen.com\/canada\/fr\/durabilite\/environnement\/#breadcrumb"},"inLanguage":"fr-FR","potentialAction":[{"@type":"ReadAction","target":["https:\/\/www.ipsen.com\/canada\/fr\/durabilite\/environnement\/"]}]},{"@type":"BreadcrumbList","@id":"https:\/\/www.ipsen.com\/canada\/fr\/durabilite\/environnement\/#breadcrumb","itemListElement":[{"@type":"ListItem","position":1,"name":"Home","item":"https:\/\/www.ipsen.com\/canada\/fr\/"},{"@type":"ListItem","position":2,"name":"Durabilit\u00e9","item":"https:\/\/www.ipsen.com\/canada\/fr\/durabilite\/"},{"@type":"ListItem","position":3,"name":"Environnement"}]},{"@type":"WebSite","@id":"https:\/\/www.ipsen.com\/canada\/fr\/#website","url":"https:\/\/www.ipsen.com\/canada\/fr\/","name":"Canada","description":"","publisher":{"@id":"https:\/\/www.ipsen.com\/canada\/fr\/#organization"},"potentialAction":[{"@type":"SearchAction","target":{"@type":"EntryPoint","urlTemplate":"https:\/\/www.ipsen.com\/canada\/fr\/?s={search_term_string}"},"query-input":{"@type":"PropertyValueSpecification","valueRequired":true,"valueName":"search_term_string"}}],"inLanguage":"fr-FR"},{"@type":"Organization","@id":"https:\/\/www.ipsen.com\/canada\/fr\/#organization","name":"Canada","url":"https:\/\/www.ipsen.com\/canada\/fr\/","logo":{"@type":"ImageObject","inLanguage":"fr-FR","@id":"https:\/\/www.ipsen.com\/canada\/fr\/#\/schema\/logo\/image\/","url":"https:\/\/www.ipsen.com\/canada\/wp-content\/uploads\/sites\/16\/2024\/06\/Logo-Ipsen-new.svg","contentUrl":"https:\/\/www.ipsen.com\/canada\/wp-content\/uploads\/sites\/16\/2024\/06\/Logo-Ipsen-new.svg","caption":"Canada"},"image":{"@id":"https:\/\/www.ipsen.com\/canada\/fr\/#\/schema\/logo\/image\/"}}]}},"parsely":{"version":"1.1.0","canonical_url":"https:\/\/ipsen.com\/canada\/fr\/durabilite\/environnement\/","smart_links":{"inbound":0,"outbound":0},"traffic_boost_suggestions_count":0,"meta":{"@context":"https:\/\/schema.org","@type":"WebPage","headline":"Environnement","url":"http:\/\/www.ipsen.com\/canada\/fr\/durabilite\/environnement\/","mainEntityOfPage":{"@type":"WebPage","@id":"http:\/\/www.ipsen.com\/canada\/fr\/durabilite\/environnement\/"},"thumbnailUrl":"","image":{"@type":"ImageObject","url":""},"articleSection":"Non classifi\u00e9(e)","author":[{"@type":"Person","name":"navya"}],"creator":["navya"],"publisher":{"@type":"Organization","name":"Canada","logo":""},"keywords":[],"dateCreated":"2024-06-28T05:13:10Z","datePublished":"2024-06-28T05:13:10Z","dateModified":"2025-07-01T14:21:06Z"},"rendered":"<script type=\"application\/ld+json\" class=\"wp-parsely-metadata\">{\"@context\":\"https:\\\/\\\/schema.org\",\"@type\":\"WebPage\",\"headline\":\"Environnement\",\"url\":\"http:\\\/\\\/www.ipsen.com\\\/canada\\\/fr\\\/durabilite\\\/environnement\\\/\",\"mainEntityOfPage\":{\"@type\":\"WebPage\",\"@id\":\"http:\\\/\\\/www.ipsen.com\\\/canada\\\/fr\\\/durabilite\\\/environnement\\\/\"},\"thumbnailUrl\":\"\",\"image\":{\"@type\":\"ImageObject\",\"url\":\"\"},\"articleSection\":\"Non classifi\\u00e9(e)\",\"author\":[{\"@type\":\"Person\",\"name\":\"navya\"}],\"creator\":[\"navya\"],\"publisher\":{\"@type\":\"Organization\",\"name\":\"Canada\",\"logo\":\"\"},\"keywords\":[],\"dateCreated\":\"2024-06-28T05:13:10Z\",\"datePublished\":\"2024-06-28T05:13:10Z\",\"dateModified\":\"2025-07-01T14:21:06Z\"}<\/script>","tracker_url":"https:\/\/cdn.parsely.com\/keys\/ipsen.com\/p.js"},"jetpack_sharing_enabled":true,"_links":{"self":[{"href":"https:\/\/www.ipsen.com\/canada\/fr\/wp-json\/wp\/v2\/pages\/78","targetHints":{"allow":["GET"]}}],"collection":[{"href":"https:\/\/www.ipsen.com\/canada\/fr\/wp-json\/wp\/v2\/pages"}],"about":[{"href":"https:\/\/www.ipsen.com\/canada\/fr\/wp-json\/wp\/v2\/types\/page"}],"author":[{"embeddable":true,"href":"https:\/\/www.ipsen.com\/canada\/fr\/wp-json\/wp\/v2\/users\/2"}],"replies":[{"embeddable":true,"href":"https:\/\/www.ipsen.com\/canada\/fr\/wp-json\/wp\/v2\/comments?post=78"}],"version-history":[{"count":13,"href":"https:\/\/www.ipsen.com\/canada\/fr\/wp-json\/wp\/v2\/pages\/78\/revisions"}],"predecessor-version":[{"id":1985,"href":"https:\/\/www.ipsen.com\/canada\/fr\/wp-json\/wp\/v2\/pages\/78\/revisions\/1985"}],"up":[{"embeddable":true,"href":"https:\/\/www.ipsen.com\/canada\/fr\/wp-json\/wp\/v2\/pages\/66"}],"wp:attachment":[{"href":"https:\/\/www.ipsen.com\/canada\/fr\/wp-json\/wp\/v2\/media?parent=78"}],"curies":[{"name":"wp","href":"https:\/\/api.w.org\/{rel}","templated":true}]}}