{"id":63,"date":"2024-06-28T07:11:07","date_gmt":"2024-06-28T05:11:07","guid":{"rendered":"https:\/\/www.ipsen.com\/canada\/grant-requests\/"},"modified":"2025-07-03T10:11:47","modified_gmt":"2025-07-03T08:11:47","slug":"demandes-de-subvention","status":"publish","type":"page","link":"https:\/\/www.ipsen.com\/canada\/fr\/demandes-de-subvention\/","title":{"rendered":"Demandes de subvention"},"content":{"rendered":"    <section class=\"sub-page-banner bg-img\" style=\"background-image:url(https:\/\/www.ipsen.com\/canada\/wp-content\/uploads\/sites\/16\/2025\/07\/Health-Medicines.jpg)\">\n        <div class=\"container content-sec\">\n            <nav aria-label=\"breadcrumb\">\n            <ol class=\"breadcrumb\">\n                <li class=\"breadcrumb-item\"><a href=\"https:\/\/www.ipsen.com\/canada\/fr\/\">Accueil<\/a><\/li><li class=\"breadcrumb-item active\"><a href=\"#\" aria-current=\"page\">Science &#8211; Demandes de subvention<\/a><\/li><\/ol>\n            <\/nav>            <h1 class=\"visible\">Demandes de subvention<\/h1>\n            <p class=\"visible\">Nous cherchons \u00e0 faire \u00e9voluer les connaissances scientifiques et m\u00e9dicales en finan\u00e7ant certains types de demandes pour l\u2019\u00e9ducation m\u00e9dicale et la recherche.<\/p>\n        <\/div>\n    <\/section>\n\n\n<!-- Text & Media Block Code -->\n<section class=\"two-col-section text-media-section\">\n    <div class=\"container two-section-innner \">\n        <div class=\"response-inner\" style=\"background-image: url('')\">\n            <div class=\"row \">\n                <div class=\"col-xs-12 col-sm-12 col-md-6\">\n                                                    <div class=\"img-video-section\">\n                                <img decoding=\"async\" \n                                    src=\"https:\/\/www.ipsen.com\/canada\/wp-content\/uploads\/sites\/16\/2025\/07\/Module-9-\u2013-Responsibility_Generation-Ipsen-Governance_04.jpg\" \n                                    alt=\"\" \n                                >\n                            <\/div>\n                                        <\/div>\n                <div class=\" col-xs-12 col-sm-12 col-md-6\">\n                    <div class=\"section-content\">\n                        <div class=\"heading-dash\">\n                                                            <span class=\"dash\"><\/span>\n                                <h4 class=\"heading-para heading-four\" role=\"heading\" aria-level=\"2\">\n                                    Quels sont les types de subventions que nous finan\u00e7ons?                                <\/h4>\n                                                    <\/div>\n                                                <p><strong>Subventions pour l\u2019\u00e9ducation<\/strong><\/p>\n<p>Des subventions peuvent \u00eatre accord\u00e9es \u00e0 des associations m\u00e9dicales agr\u00e9\u00e9es, \u00e0 des \u00e9tablissements universitaires ou \u00e0 des associations de patients pour soutenir une formation m\u00e9dicale ind\u00e9pendante. Ces subventions doivent \u00eatre destin\u00e9es en priorit\u00e9 aux professionnels de la sant\u00e9 ou aux patients. Ipsen peut financer des s\u00e9minaires \u00e9ducatifs, des webinaires et des symposiums, le d\u00e9veloppement de mat\u00e9riel \u00e9ducatif et d\u2019autres types de programmes \u00e9ducatifs de valeur.<\/p>\n<p><strong>Subventions de recherche<\/strong><\/p>\n<p>Le financement peut \u00eatre accord\u00e9 \u00e0 toute entit\u00e9 de recherche tierce enregistr\u00e9e, aux institutions acad\u00e9miques, aux organisations de patients ou \u00e0 d\u2019autres entit\u00e9s qui souhaiteraient mener une recherche \u00e9pid\u00e9miologique non li\u00e9e \u00e0 un m\u00e9dicament. Ce type de financement n\u2019est permis que lorsqu\u2019Ipsen n\u2019exerce aucun contr\u00f4le sur, ni n\u2019intervient dans, l\u2019objectif, la conception ou le r\u00e9sultat de la recherche. Par ailleurs, tous les r\u00e9sultats, rapports ou produits du travail cr\u00e9\u00e9s par l\u2019organisation doivent avoir pour objet d\u2019\u00eatre publi\u00e9s \u00e0 l\u2019intention du grand public et non d\u2019\u00eatre des produits \u00e0 livrer \u00e0 Ipsen. Ce type de financement ne peut intervenir aux fins de recherche et d\u00e9veloppement d\u2019Ipsen. Pour plus de renseignements sur les \u00e9tudes commandit\u00e9es par des chercheurs (ISS), <strong><a href=\"https:\/\/www.ipsen.com\/canada\/fr\/etudes-commanditees-par-des-chercheurs\/\">cliquez ici<\/a><\/strong>.<\/p>\n                            <a \n                            aria-label=\" about Quels sont les types de subventions que nous finan\u00e7ons?\"  \n                                role=\"link\" \n                                class=\"btn-link hidden\"\n                                href=\"\" \n                                target=\"_self\"\n                            > \n                                 \n                            <\/a>\n\n                    <\/div>\n                <\/div>\n            <\/div>\n        <\/div>\n    <\/div>\n<\/section>\n\n    <section class=\"title-text \">\n        <div class=\"container\">\n            <div class=\"title-text-inner\" style=\"background-color:#EDEBE4;\">\n\n                <!-- If heading is enabled then it's visible -->\n                <div class=\"text-head-dash visible\">\n                <h3 class=\"heading-three\" role=\"heading\" aria-level=\"2\">\n                        Champs d\u2019int\u00e9r\u00eat th\u00e9rapeutiques                    <\/h3>\n                <\/div>\n               \n                <!-- If description is enabled then it's visible -->\n                <div class=\"text-parbase visible\">\n                    <p>De plus, Ipsen examinera les demandes de financement d\u2019\u00e9tudes relatives \u00e0 l\u2019\u00e9pid\u00e9miologie, au diagnostic et\/ou au champs d\u2019int\u00e9r\u00eat th\u00e9rapeutiques :<\/p>\n<ul>\n<li><strong>Maladies rares<\/strong><\/li>\n<li><strong>Neurosciences<\/strong><\/li>\n<li><strong>Oncologie<\/strong><\/li>\n<\/ul>\n                <\/div>\n\n                <!-- If button is enabled then it's visible -->\n                \n            <\/div>\n        <\/div>\n    <\/section>\n\n\n\n    <!--Accordion Cards Start Here-->\n    <section class=\"accordion bg-color-disabled\"  data-according-id=\"698256877\">\n        <div class=\"container\">\n            <div class=\"row\">\n                <!--Accordion info section-->\n                <div class=\"column-1 col-xl-12 col-md-12 col-sm-12\">\n                    <div class=\"accordian-info\">\n                        <h3 class=\"accordian-heading hidden heading-three\" role=\"heading\" aria-level=\"2\">\n                                                    <\/h3>\n                        <p class=\"accordian-summary hidden\"><\/p>\n                    <\/div>\n                <\/div><!--Accordion info section over here -->\n\n                <div class=\"col-xl-12 col-lg-12 col-md-12 col-sm-12\">\n                    <div class=\"accordion accor-group\" id=\"accordionExample698256877\">\n                         \n                                    <!-- Accordion with Expandable panel & FAQs -->\n                                    <div class=\"accordion-item accor-item\">\n                                        <p  role=\"heading\" aria-level=\"3\" class=\"accordion-header accor-head-para\" id=\"expHeading0\">\n                                            <button class=\"accordion-button accor-btn collapsed\" type=\"button\" data-bs-toggle=\"collapse\" data-bs-target=\"#expHeading6982568770\" aria-expanded=\"false\" aria-controls=\"expHeading6982568770\">\n                                                De quoi avez-vous besoin pour soumettre une demande de subvention?                                            <\/button>\n                                        <\/p>\n                                        <div id=\"expHeading6982568770\" class=\"accordion-collapse collapse \" aria-labelledby=\"expHeading0\" data-bs-parent=\"#accordionExample698256877\">\n                                            <div class=\"accordion-body\">\n                                                <div class=\"accordion-data\">\n                                                    <p><p>Pour pouvoir b\u00e9n\u00e9ficier d\u2019un financement, la demande doit r\u00e9pondre \u00e0 tous les crit\u00e8res d\u2019une activit\u00e9 \u00e9ducative appropri\u00e9e, notamment \u00eatre ind\u00e9pendante, les renseignements fournis doivent \u00eatre \u00e9quilibr\u00e9s, exacts et non trompeurs, s\u2019adresser \u00e0 un large public et \u00eatre d\u2019un co\u00fbt raisonnable.<\/p>\n<p>&nbsp;<\/p>\n<p>Les demandes de subvention seront examin\u00e9es par le comit\u00e9 d\u2019examen des subventions et des dons d\u2019Ipsen sur la base de crit\u00e8res scientifiques, m\u00e9dicaux et\/ou de sant\u00e9 publique. Ce comit\u00e9 se r\u00e9unit tous les trimestres ou au besoin tout au long de l\u2019ann\u00e9e.<\/p>\n<p>&nbsp;<\/p>\n<p>Pour que votre demande soit prise en compte, vous devez remplir un formulaire de demande de subventions et de dons d\u2019Ipsen, que vous pouvez obtenir en communiquant avec nous \u00e0 l\u2019adresse suivante\u00a0: <a href=\"mailto:GrantsDonationsCanada@ipsen.com\"><strong>GrantsDonationsCanada@ipsen.com<\/strong><\/a>. Ce formulaire garantit qu\u2019Ipsen dispose de tous les documents et de tous les renseignements n\u00e9cessaires \u00e0 l\u2019examen de la demande. En plus de remplir ce formulaire, vous devez \u00e9galement fournir les documents suivants:<\/p>\n<p>&nbsp;<\/p>\n<p><strong>Lettre de demande\u00a0<\/strong>\u2013 y compris:<\/p>\n<ul>\n<li>un besoin \u00e9ducatif pour le programme<\/li>\n<li>des objectifs d\u2019apprentissage<\/li>\n<li>une description de votre organisation et de sa mission\/son objectif<\/li>\n<li>Ce qui est demand\u00e9<\/li>\n<li>Date et lieu de l\u2019activit\u00e9<\/li>\n<\/ul>\n<p>&nbsp;<\/p>\n<p><strong>Ordre du jour ou brochure<\/strong>\u00a0\u2013\u00a0y compris une description d\u00e9taill\u00e9e de l\u2019\u00e9v\u00e9nement ou un r\u00e9sum\u00e9 du document \u00e0 cr\u00e9er<\/p>\n<p>&nbsp;<\/p>\n<p><strong>Document budg\u00e9taire d\u00e9taill\u00e9<\/strong>\u00a0\u2013\u00a0un budget d\u00e9taill\u00e9 pour l\u2019ensemble de l\u2019\u00e9v\u00e9nement\/du projet, y compris<\/p>\n<ul>\n<li>le montant total des fonds demand\u00e9s \u00e0 Ipse<\/li>\n<li>une ventilation des d\u00e9penses et du nombre pr\u00e9vu de participants<\/li>\n<li>le pourcentage du financement demand\u00e9 \u00e0 Ipsen par rapport au financement total de l\u2019activit\u00e9. La priorit\u00e9 sera donn\u00e9e aux \u00e9v\u00e9nements financ\u00e9s par plus d\u2019un donateur.<\/li>\n<li>Pourcentage de la contribution cumul\u00e9e d\u2019Ipsen par rapport au budget annuel global du Demandeur externe<\/li>\n<\/ul>\n<p>&nbsp;<\/p>\n<p><strong>Autres documents requis<\/strong><\/p>\n<ul>\n<li>document attestant du statut juridique de l\u2019institution (par exemple, copie du formulaire d\u2019enregistrement de l\u2019entreprise, extrait du registre du commerce, statut de l\u2019organisation, acte de fondation)<\/li>\n<li>tout autre document pertinent \u00e0 l\u2019appui de votre demande de subvention (ordre du jour de l\u2019\u00e9v\u00e9nement, protocole pour une subvention de recherche, etc.)<\/li>\n<\/ul>\n<\/p>\n                                                    <div class=\"cta-block hidden\" >\n                                                                                                            <\/div>\n                                                <\/div>\n                                            <\/div>\n                                        <\/div>\n                                    <\/div>\n                             \n                                    <!-- Accordion with Expandable panel & FAQs -->\n                                    <div class=\"accordion-item accor-item\">\n                                        <p  role=\"heading\" aria-level=\"3\" class=\"accordion-header accor-head-para\" id=\"expHeading1\">\n                                            <button class=\"accordion-button accor-btn collapsed\" type=\"button\" data-bs-toggle=\"collapse\" data-bs-target=\"#expHeading6982568771\" aria-expanded=\"false\" aria-controls=\"expHeading6982568771\">\n                                                O\u00f9 devez-vous soumettre une demande de subvention?                                            <\/button>\n                                        <\/p>\n                                        <div id=\"expHeading6982568771\" class=\"accordion-collapse collapse \" aria-labelledby=\"expHeading1\" data-bs-parent=\"#accordionExample698256877\">\n                                            <div class=\"accordion-body\">\n                                                <div class=\"accordion-data\">\n                                                    <p><p>Pour soumettre une demande, veuillez vous adresser \u00e0 <a href=\"mailto:GrantsDonationsCanada@ipsen.com\"><strong>GrantsDonationsCanada@ipsen.com<\/strong><\/a>\u00a0 et demander le formulaire de subventions\/dons. Une fois le formulaire rempli, veuillez l\u2019envoyer par courriel avec les pi\u00e8ces jointes n\u00e9cessaires \u00e0 <strong><a href=\"mailto:GrantsDonationsCanada@ipsen.com\">GrantsDonationsCanada@ipsen.com<\/a><\/strong><span style=\"color: #000000\"><a style=\"color: #000000\" href=\"mailto:GrantsDonationsCanada@ipsen.com\">.<\/a><\/span><\/p>\n<\/p>\n                                                    <div class=\"cta-block hidden\" >\n                                                                                                            <\/div>\n                                                <\/div>\n                                            <\/div>\n                                        <\/div>\n                                    <\/div>\n                                                <\/div>\n                <\/div> \n            <\/div>\n        <\/div>\n    <\/section>\n    <!--Accordion Cards End Here-->\n","protected":false},"excerpt":{"rendered":"","protected":false},"author":2,"featured_media":0,"parent":0,"menu_order":0,"comment_status":"closed","ping_status":"closed","template":"","meta":{"_acf_changed":false,"footnotes":""},"class_list":["post-63","page","type-page","status-publish","hentry","entry"],"acf":[],"yoast_head":"<!-- This site is optimized with the Yoast SEO plugin v26.8 - https:\/\/yoast.com\/product\/yoast-seo-wordpress\/ -->\n<title>Demandes de subvention \u2013 Canada<\/title>\n<meta name=\"description\" content=\"Nous cherchons \u00e0 faire \u00e9voluer les connaissances scientifiques et m\u00e9dicales en finan\u00e7ant certains types de demandes pour l\u2019\u00e9ducation m\u00e9dicale et la recherche.\" \/>\n<meta name=\"robots\" content=\"index, follow, max-snippet:-1, max-image-preview:large, max-video-preview:-1\" \/>\n<link rel=\"canonical\" href=\"https:\/\/www.ipsen.com\/canada\/fr\/demandes-de-subvention\/\" \/>\n<meta property=\"og:locale\" content=\"fr_FR\" \/>\n<meta property=\"og:type\" content=\"article\" \/>\n<meta property=\"og:title\" content=\"Demandes de subvention \u2013 Canada\" \/>\n<meta property=\"og:description\" content=\"Nous cherchons \u00e0 faire \u00e9voluer les connaissances scientifiques et m\u00e9dicales en finan\u00e7ant certains types de demandes pour l\u2019\u00e9ducation m\u00e9dicale et la recherche.\" \/>\n<meta property=\"og:url\" content=\"https:\/\/www.ipsen.com\/canada\/fr\/demandes-de-subvention\/\" \/>\n<meta property=\"og:site_name\" content=\"Canada\" \/>\n<meta property=\"article:modified_time\" content=\"2025-07-03T08:11:47+00:00\" \/>\n<meta name=\"twitter:card\" content=\"summary_large_image\" \/>\n<script type=\"application\/ld+json\" class=\"yoast-schema-graph\">{\"@context\":\"https:\/\/schema.org\",\"@graph\":[{\"@type\":\"WebPage\",\"@id\":\"https:\/\/www.ipsen.com\/canada\/fr\/demandes-de-subvention\/\",\"url\":\"https:\/\/www.ipsen.com\/canada\/fr\/demandes-de-subvention\/\",\"name\":\"Demandes de subvention \u2013 Canada\",\"isPartOf\":{\"@id\":\"https:\/\/www.ipsen.com\/canada\/fr\/#website\"},\"datePublished\":\"2024-06-28T05:11:07+00:00\",\"dateModified\":\"2025-07-03T08:11:47+00:00\",\"description\":\"Nous cherchons \u00e0 faire \u00e9voluer les connaissances scientifiques et m\u00e9dicales en finan\u00e7ant certains types de demandes pour l\u2019\u00e9ducation m\u00e9dicale et la recherche.\",\"breadcrumb\":{\"@id\":\"https:\/\/www.ipsen.com\/canada\/fr\/demandes-de-subvention\/#breadcrumb\"},\"inLanguage\":\"fr-FR\",\"potentialAction\":[{\"@type\":\"ReadAction\",\"target\":[\"https:\/\/www.ipsen.com\/canada\/fr\/demandes-de-subvention\/\"]}]},{\"@type\":\"BreadcrumbList\",\"@id\":\"https:\/\/www.ipsen.com\/canada\/fr\/demandes-de-subvention\/#breadcrumb\",\"itemListElement\":[{\"@type\":\"ListItem\",\"position\":1,\"name\":\"Home\",\"item\":\"https:\/\/www.ipsen.com\/canada\/fr\/\"},{\"@type\":\"ListItem\",\"position\":2,\"name\":\"Demandes de subvention\"}]},{\"@type\":\"WebSite\",\"@id\":\"https:\/\/www.ipsen.com\/canada\/fr\/#website\",\"url\":\"https:\/\/www.ipsen.com\/canada\/fr\/\",\"name\":\"Canada\",\"description\":\"\",\"publisher\":{\"@id\":\"https:\/\/www.ipsen.com\/canada\/fr\/#organization\"},\"potentialAction\":[{\"@type\":\"SearchAction\",\"target\":{\"@type\":\"EntryPoint\",\"urlTemplate\":\"https:\/\/www.ipsen.com\/canada\/fr\/?s={search_term_string}\"},\"query-input\":{\"@type\":\"PropertyValueSpecification\",\"valueRequired\":true,\"valueName\":\"search_term_string\"}}],\"inLanguage\":\"fr-FR\"},{\"@type\":\"Organization\",\"@id\":\"https:\/\/www.ipsen.com\/canada\/fr\/#organization\",\"name\":\"Canada\",\"url\":\"https:\/\/www.ipsen.com\/canada\/fr\/\",\"logo\":{\"@type\":\"ImageObject\",\"inLanguage\":\"fr-FR\",\"@id\":\"https:\/\/www.ipsen.com\/canada\/fr\/#\/schema\/logo\/image\/\",\"url\":\"https:\/\/www.ipsen.com\/canada\/wp-content\/uploads\/sites\/16\/2024\/06\/Logo-Ipsen-new.svg\",\"contentUrl\":\"https:\/\/www.ipsen.com\/canada\/wp-content\/uploads\/sites\/16\/2024\/06\/Logo-Ipsen-new.svg\",\"caption\":\"Canada\"},\"image\":{\"@id\":\"https:\/\/www.ipsen.com\/canada\/fr\/#\/schema\/logo\/image\/\"}}]}<\/script>\n<!-- \/ Yoast SEO plugin. -->","yoast_head_json":{"title":"Demandes de subvention \u2013 Canada","description":"Nous cherchons \u00e0 faire \u00e9voluer les connaissances scientifiques et m\u00e9dicales en finan\u00e7ant certains types de demandes pour l\u2019\u00e9ducation m\u00e9dicale et la recherche.","robots":{"index":"index","follow":"follow","max-snippet":"max-snippet:-1","max-image-preview":"max-image-preview:large","max-video-preview":"max-video-preview:-1"},"canonical":"https:\/\/www.ipsen.com\/canada\/fr\/demandes-de-subvention\/","og_locale":"fr_FR","og_type":"article","og_title":"Demandes de subvention \u2013 Canada","og_description":"Nous cherchons \u00e0 faire \u00e9voluer les connaissances scientifiques et m\u00e9dicales en finan\u00e7ant certains types de demandes pour l\u2019\u00e9ducation m\u00e9dicale et la recherche.","og_url":"https:\/\/www.ipsen.com\/canada\/fr\/demandes-de-subvention\/","og_site_name":"Canada","article_modified_time":"2025-07-03T08:11:47+00:00","twitter_card":"summary_large_image","schema":{"@context":"https:\/\/schema.org","@graph":[{"@type":"WebPage","@id":"https:\/\/www.ipsen.com\/canada\/fr\/demandes-de-subvention\/","url":"https:\/\/www.ipsen.com\/canada\/fr\/demandes-de-subvention\/","name":"Demandes de subvention \u2013 Canada","isPartOf":{"@id":"https:\/\/www.ipsen.com\/canada\/fr\/#website"},"datePublished":"2024-06-28T05:11:07+00:00","dateModified":"2025-07-03T08:11:47+00:00","description":"Nous cherchons \u00e0 faire \u00e9voluer les connaissances scientifiques et m\u00e9dicales en finan\u00e7ant certains types de demandes pour l\u2019\u00e9ducation m\u00e9dicale et la recherche.","breadcrumb":{"@id":"https:\/\/www.ipsen.com\/canada\/fr\/demandes-de-subvention\/#breadcrumb"},"inLanguage":"fr-FR","potentialAction":[{"@type":"ReadAction","target":["https:\/\/www.ipsen.com\/canada\/fr\/demandes-de-subvention\/"]}]},{"@type":"BreadcrumbList","@id":"https:\/\/www.ipsen.com\/canada\/fr\/demandes-de-subvention\/#breadcrumb","itemListElement":[{"@type":"ListItem","position":1,"name":"Home","item":"https:\/\/www.ipsen.com\/canada\/fr\/"},{"@type":"ListItem","position":2,"name":"Demandes de subvention"}]},{"@type":"WebSite","@id":"https:\/\/www.ipsen.com\/canada\/fr\/#website","url":"https:\/\/www.ipsen.com\/canada\/fr\/","name":"Canada","description":"","publisher":{"@id":"https:\/\/www.ipsen.com\/canada\/fr\/#organization"},"potentialAction":[{"@type":"SearchAction","target":{"@type":"EntryPoint","urlTemplate":"https:\/\/www.ipsen.com\/canada\/fr\/?s={search_term_string}"},"query-input":{"@type":"PropertyValueSpecification","valueRequired":true,"valueName":"search_term_string"}}],"inLanguage":"fr-FR"},{"@type":"Organization","@id":"https:\/\/www.ipsen.com\/canada\/fr\/#organization","name":"Canada","url":"https:\/\/www.ipsen.com\/canada\/fr\/","logo":{"@type":"ImageObject","inLanguage":"fr-FR","@id":"https:\/\/www.ipsen.com\/canada\/fr\/#\/schema\/logo\/image\/","url":"https:\/\/www.ipsen.com\/canada\/wp-content\/uploads\/sites\/16\/2024\/06\/Logo-Ipsen-new.svg","contentUrl":"https:\/\/www.ipsen.com\/canada\/wp-content\/uploads\/sites\/16\/2024\/06\/Logo-Ipsen-new.svg","caption":"Canada"},"image":{"@id":"https:\/\/www.ipsen.com\/canada\/fr\/#\/schema\/logo\/image\/"}}]}},"parsely":{"version":"1.1.0","canonical_url":"https:\/\/ipsen.com\/canada\/fr\/demandes-de-subvention\/","smart_links":{"inbound":0,"outbound":0},"traffic_boost_suggestions_count":0,"meta":{"@context":"https:\/\/schema.org","@type":"WebPage","headline":"Demandes de subvention","url":"http:\/\/www.ipsen.com\/canada\/fr\/demandes-de-subvention\/","mainEntityOfPage":{"@type":"WebPage","@id":"http:\/\/www.ipsen.com\/canada\/fr\/demandes-de-subvention\/"},"thumbnailUrl":"","image":{"@type":"ImageObject","url":""},"articleSection":"Non classifi\u00e9(e)","author":[{"@type":"Person","name":"navya"}],"creator":["navya"],"publisher":{"@type":"Organization","name":"Canada","logo":""},"keywords":[],"dateCreated":"2024-06-28T05:11:07Z","datePublished":"2024-06-28T05:11:07Z","dateModified":"2025-07-03T08:11:47Z"},"rendered":"<script type=\"application\/ld+json\" class=\"wp-parsely-metadata\">{\"@context\":\"https:\\\/\\\/schema.org\",\"@type\":\"WebPage\",\"headline\":\"Demandes de subvention\",\"url\":\"http:\\\/\\\/www.ipsen.com\\\/canada\\\/fr\\\/demandes-de-subvention\\\/\",\"mainEntityOfPage\":{\"@type\":\"WebPage\",\"@id\":\"http:\\\/\\\/www.ipsen.com\\\/canada\\\/fr\\\/demandes-de-subvention\\\/\"},\"thumbnailUrl\":\"\",\"image\":{\"@type\":\"ImageObject\",\"url\":\"\"},\"articleSection\":\"Non classifi\\u00e9(e)\",\"author\":[{\"@type\":\"Person\",\"name\":\"navya\"}],\"creator\":[\"navya\"],\"publisher\":{\"@type\":\"Organization\",\"name\":\"Canada\",\"logo\":\"\"},\"keywords\":[],\"dateCreated\":\"2024-06-28T05:11:07Z\",\"datePublished\":\"2024-06-28T05:11:07Z\",\"dateModified\":\"2025-07-03T08:11:47Z\"}<\/script>","tracker_url":"https:\/\/cdn.parsely.com\/keys\/ipsen.com\/p.js"},"jetpack_sharing_enabled":true,"_links":{"self":[{"href":"https:\/\/www.ipsen.com\/canada\/fr\/wp-json\/wp\/v2\/pages\/63","targetHints":{"allow":["GET"]}}],"collection":[{"href":"https:\/\/www.ipsen.com\/canada\/fr\/wp-json\/wp\/v2\/pages"}],"about":[{"href":"https:\/\/www.ipsen.com\/canada\/fr\/wp-json\/wp\/v2\/types\/page"}],"author":[{"embeddable":true,"href":"https:\/\/www.ipsen.com\/canada\/fr\/wp-json\/wp\/v2\/users\/2"}],"replies":[{"embeddable":true,"href":"https:\/\/www.ipsen.com\/canada\/fr\/wp-json\/wp\/v2\/comments?post=63"}],"version-history":[{"count":12,"href":"https:\/\/www.ipsen.com\/canada\/fr\/wp-json\/wp\/v2\/pages\/63\/revisions"}],"predecessor-version":[{"id":2046,"href":"https:\/\/www.ipsen.com\/canada\/fr\/wp-json\/wp\/v2\/pages\/63\/revisions\/2046"}],"wp:attachment":[{"href":"https:\/\/www.ipsen.com\/canada\/fr\/wp-json\/wp\/v2\/media?parent=63"}],"curies":[{"name":"wp","href":"https:\/\/api.w.org\/{rel}","templated":true}]}}