{"id":51,"date":"2024-06-28T07:10:07","date_gmt":"2024-06-28T05:10:07","guid":{"rendered":"https:\/\/www.ipsen.com\/canada\/ares-of-focus\/"},"modified":"2025-07-03T09:47:02","modified_gmt":"2025-07-03T07:47:02","slug":"champs-dinteret","status":"publish","type":"page","link":"https:\/\/www.ipsen.com\/canada\/fr\/champs-dinteret\/","title":{"rendered":"Champs d\u2019int\u00e9r\u00eat"},"content":{"rendered":"    <section class=\"sub-page-banner bg-color-disabled  banner-no-filter\" style=\"background: linear-gradient(93.64deg, #224A81 2.99%, #2797D3 97.01%)\">\n                <div class=\"container content-sec\">\n            <nav aria-label=\"breadcrumb\">\n            <ol class=\"breadcrumb\">\n                <li class=\"breadcrumb-item\"><a href=\"https:\/\/www.ipsen.com\/canada\/fr\/\">Accueil<\/a><\/li><li class=\"breadcrumb-item active\"><a href=\"#\" aria-current=\"page\">Science &#8211; Champs d\u2019int\u00e9r\u00eat<\/a><\/li><\/ol>\n            <\/nav>            <h1 class=\"visible banner-font-color-white\">Champs d\u2019int\u00e9r\u00eat<\/h1>\n            <p class=\"visible banner-font-color-white\">En concentrant nos efforts de d\u00e9veloppement dans nos trois champs th\u00e9rapeutiques, nous g\u00e9n\u00e9rons un impact positif pour les patients et la soci\u00e9t\u00e9.<\/p>\n        <\/div>\n    <\/section>\n\n\n\n\t<!-- Hero Carousel Start Here-->\n\t<section class=\"hero-section no-filter\">\n\t\t<div class=\"hero_gridwidth container\"><!-- container class shown if gridlayout choosen -->\n\t\t\t<div id=\"heroCarousel\" class=\"carousel slide herocaro hero-banner-no-bg-image\" data-bs-ride=\"carousel\" data-enableplaybtn=\"\" data-autoplay= \"\"  data-autospeed= \"\" >\n\t\t\t\t<!-- Slider Indicator-->\n\t\t\t\t<div class=\"carousel-indicators hidden\">\n\t\t\t\t<button type=\"button\" data-bs-target=\"#heroCarousel\" data-bs-slide-to=\"0\" class=\"active\" aria-current=\"true\" aria-label=\"Slide 0\"><\/button>\t\t\t\t<\/div>\n\t\t\t\t<!-- Items -->\n\t\t\t\t<div class=\"carousel-inner\">\n\t\t\t\t\t\t\n\t\t\t\t\t\t<!-- Hero Banner with carousel HTML -->\n\t\t\t\t\t\t<div class=\"carousel-item active banner-no-filter\">\n\n\t\t\t\t\t\t\t\t\t\t\t\t\t\t\t<img decoding=\"async\" class=\"bd-placeholder-img visible\" alt=\"\" width=\"100%\" height=\"100%\" src=\"https:\/\/www.ipsen.com\/canada\/wp-content\/uploads\/sites\/16\/2025\/07\/Light-Hero-Banner.jpg\" \/> \n\t\t\t\t\t\t\t\n\t\t\t\t\t\t\t\t\n\n\t\t\t\t\t\t\t<div class=\"container align-left\">\n\t\t\t\t\t\t\t\t<div class=\"carousel-caption\">\n\t\t\t\t\t\t\t\t\t<h2 class=\"visible text-start heading-two banner-font-color-blue\">\n\t\t\t\t\t\t\t\t\t\tAm\u00e9liorer les r\u00e9sultats pour les patients atteints de maladies rares, neurologiques ou de cancers.\t\t\t\t\t\t\t\t\t<\/h2>\n\t\t\t\t\t\t\t\t\t<div class=\"hidden text-start banner-font-color-blue\"><\/div>\n\t\t\t\t\t\t\t\t\t\n\t\t\t\t\t\t\t\t\t\t\t\t\t\t\t\t\t\t\n\t\t\t\t\t\t\t\t<\/div>\n\t\t\t\t\t\t\t<\/div>\n\t\t\t\t\t\t<\/div>\n\n\t\t\t\t\t\t\t\t\t<\/div>\n\t\t\t\t\n\t\t\t\t\n\t\t\t<\/div>\n\t\t<\/div>\n\t<\/section>\n\t<!-- Hero Carousel End Here-->\n  \n\n<!-- Text & Media Block Code -->\n<section class=\"two-col-section text-media-section\">\n    <div class=\"container two-section-innner \">\n        <div class=\"response-inner\" style=\"background-image: url('')\">\n            <div class=\"row \">\n                <div class=\"col-xs-12 col-sm-12 col-md-6\">\n                                                    <div class=\"img-video-section\">\n                                <img decoding=\"async\" \n                                    src=\"https:\/\/www.ipsen.com\/canada\/wp-content\/uploads\/sites\/16\/2024\/08\/Oncology_Areas_Focus-700x420-1.jpg\" \n                                    alt=\"\" \n                                >\n                            <\/div>\n                                        <\/div>\n                <div class=\" col-xs-12 col-sm-12 col-md-6\">\n                    <div class=\"section-content\">\n                        <div class=\"heading-dash\">\n                                                            <span class=\"dash\"><\/span>\n                                <h4 class=\"heading-para heading-four\" role=\"heading\" aria-level=\"2\">\n                                    Oncologie                                <\/h4>\n                                                    <\/div>\n                                                <p>L\u2019engagement d\u2019Ipsen en oncologie est d\u00e9montr\u00e9 par son portefeuille croissant de th\u00e9rapies visant \u00e0 aider les patients atteints de cancers dont les besoins m\u00e9dicaux sont importants et non satisfaits, notamment ceux atteints de tumeurs neuroendocrines, de cancer du rein avanc\u00e9 (carcinome \u00e0 cellules r\u00e9nales), de cancer du foie (carcinome h\u00e9patocellulaire) et de cancer de la thyro\u00efde diff\u00e9renci\u00e9 avanc\u00e9 ou m\u00e9tastatique.<\/p>\n                            <a \n                            aria-label=\" about Oncologie\"  \n                                role=\"link\" \n                                class=\"btn-link hidden\"\n                                href=\"\" \n                                target=\"_self\"\n                            > \n                                 \n                            <\/a>\n\n                    <\/div>\n                <\/div>\n            <\/div>\n        <\/div>\n    <\/div>\n<\/section>\n\n<!-- Text & Media Block Code -->\n<section class=\"two-col-section text-media-section\">\n    <div class=\"container two-section-innner section-reverse\">\n        <div class=\"response-inner\" style=\"background-image: url('')\">\n            <div class=\"row section-reverse\">\n                <div class=\"col-xs-12 col-sm-12 col-md-6\">\n                                                    <div class=\"img-video-section\">\n                                <img decoding=\"async\" \n                                    src=\"https:\/\/www.ipsen.com\/canada\/wp-content\/uploads\/sites\/16\/2024\/08\/Rare_Disease_Areas_Focus-700x420-1.jpg\" \n                                    alt=\"\" \n                                >\n                            <\/div>\n                                        <\/div>\n                <div class=\" col-xs-12 col-sm-12 col-md-6\">\n                    <div class=\"section-content\">\n                        <div class=\"heading-dash\">\n                                                            <span class=\"dash\"><\/span>\n                                <h4 class=\"heading-para heading-four\" role=\"heading\" aria-level=\"2\">\n                                    Maladies rares                                <\/h4>\n                                                    <\/div>\n                                                <p>Nous continuons d\u2019\u00e9voluer et d\u2019accro\u00eetre nos efforts de recherche dans le domaine des maladies rares et ultra-rares. \u00c9tant donn\u00e9 la compr\u00e9hension limit\u00e9e de ces maladies, nous nous engageons \u00e0 r\u00e9pondre aux besoins des patients, du soutien au diagnostic jusqu&#8217;au traitement, en investissant sp\u00e9cifiquement dans les pathologies hypophysaires, les troubles de la croissance, les maladies du foie\u00a0et les maladies osseuses ultra-rares, y compris la fibrodysplasie ossifiante progressive, mieux connue sous le nom de FOP.<\/p>\n                            <a \n                            aria-label=\" about Maladies rares\"  \n                                role=\"link\" \n                                class=\"btn-link hidden\"\n                                href=\"\" \n                                target=\"_self\"\n                            > \n                                 \n                            <\/a>\n\n                    <\/div>\n                <\/div>\n            <\/div>\n        <\/div>\n    <\/div>\n<\/section>\n\n<!-- Text & Media Block Code -->\n<section class=\"two-col-section text-media-section\">\n    <div class=\"container two-section-innner \">\n        <div class=\"response-inner\" style=\"background-image: url('')\">\n            <div class=\"row \">\n                <div class=\"col-xs-12 col-sm-12 col-md-6\">\n                                                    <div class=\"img-video-section\">\n                                <img decoding=\"async\" \n                                    src=\"https:\/\/www.ipsen.com\/canada\/wp-content\/uploads\/sites\/16\/2024\/08\/05-03_PATIENTS_Text-and-Photos-Overlapped_ipsen-81_DIANA_700X420px.jpg\" \n                                    alt=\"\" \n                                >\n                            <\/div>\n                                        <\/div>\n                <div class=\" col-xs-12 col-sm-12 col-md-6\">\n                    <div class=\"section-content\">\n                        <div class=\"heading-dash\">\n                                                            <span class=\"dash\"><\/span>\n                                <h4 class=\"heading-para heading-four\" role=\"heading\" aria-level=\"2\">\n                                    Neurosciences                                <\/h4>\n                                                    <\/div>\n                                                <p>Il existe un besoin important de traitements chez les patients souffrant de troubles neurologiques. Ipsen est devenu un chef de file mondial dans la recherche, le d\u00e9veloppement, la fabrication et la commercialisation de neurotoxines pour traiter certains types de spasticit\u00e9 chez l\u2019adulte et l\u2019enfant de deux ans et plus, la dystonie cervicale, la paralysie c\u00e9r\u00e9brale, le spasme h\u00e9mifacial et le bl\u00e9pharospasme.<\/p>\n                            <a \n                            aria-label=\" about Neurosciences\"  \n                                role=\"link\" \n                                class=\"btn-link hidden\"\n                                href=\"\" \n                                target=\"_self\"\n                            > \n                                 \n                            <\/a>\n\n                    <\/div>\n                <\/div>\n            <\/div>\n        <\/div>\n    <\/div>\n<\/section>","protected":false},"excerpt":{"rendered":"","protected":false},"author":2,"featured_media":0,"parent":0,"menu_order":0,"comment_status":"closed","ping_status":"closed","template":"","meta":{"_acf_changed":false,"footnotes":""},"class_list":["post-51","page","type-page","status-publish","hentry","entry"],"acf":[],"yoast_head":"<!-- This site is optimized with the Yoast SEO plugin v26.8 - https:\/\/yoast.com\/product\/yoast-seo-wordpress\/ -->\n<title>Champs d\u2019int\u00e9r\u00eat<\/title>\n<meta name=\"description\" content=\"Groupe biopharmaceutique mondial de taille moyenne, Ipsen am\u00e9liore la vie des patients gr\u00e2ce \u00e0 la recherche, l\u2019innovation et la mise au point de m\u00e9dicaments innovants en oncologie, dans les maladies rares et en neurosciences.\" \/>\n<meta name=\"robots\" content=\"index, follow, max-snippet:-1, max-image-preview:large, max-video-preview:-1\" \/>\n<link rel=\"canonical\" href=\"https:\/\/www.ipsen.com\/canada\/fr\/champs-dinteret\/\" \/>\n<meta property=\"og:locale\" content=\"fr_FR\" \/>\n<meta property=\"og:type\" content=\"article\" \/>\n<meta property=\"og:title\" content=\"Champs d\u2019int\u00e9r\u00eat\" \/>\n<meta property=\"og:description\" content=\"Groupe biopharmaceutique mondial de taille moyenne, Ipsen am\u00e9liore la vie des patients gr\u00e2ce \u00e0 la recherche, l\u2019innovation et la mise au point de m\u00e9dicaments innovants en oncologie, dans les maladies rares et en neurosciences.\" \/>\n<meta property=\"og:url\" content=\"https:\/\/www.ipsen.com\/canada\/fr\/champs-dinteret\/\" \/>\n<meta property=\"og:site_name\" content=\"Canada\" \/>\n<meta property=\"article:modified_time\" content=\"2025-07-03T07:47:02+00:00\" \/>\n<meta name=\"twitter:card\" content=\"summary_large_image\" \/>\n<script type=\"application\/ld+json\" class=\"yoast-schema-graph\">{\"@context\":\"https:\/\/schema.org\",\"@graph\":[{\"@type\":\"WebPage\",\"@id\":\"https:\/\/www.ipsen.com\/canada\/fr\/champs-dinteret\/\",\"url\":\"https:\/\/www.ipsen.com\/canada\/fr\/champs-dinteret\/\",\"name\":\"Champs d\u2019int\u00e9r\u00eat\",\"isPartOf\":{\"@id\":\"https:\/\/www.ipsen.com\/canada\/fr\/#website\"},\"datePublished\":\"2024-06-28T05:10:07+00:00\",\"dateModified\":\"2025-07-03T07:47:02+00:00\",\"description\":\"Groupe biopharmaceutique mondial de taille moyenne, Ipsen am\u00e9liore la vie des patients gr\u00e2ce \u00e0 la recherche, l\u2019innovation et la mise au point de m\u00e9dicaments innovants en oncologie, dans les maladies rares et en neurosciences.\",\"breadcrumb\":{\"@id\":\"https:\/\/www.ipsen.com\/canada\/fr\/champs-dinteret\/#breadcrumb\"},\"inLanguage\":\"fr-FR\",\"potentialAction\":[{\"@type\":\"ReadAction\",\"target\":[\"https:\/\/www.ipsen.com\/canada\/fr\/champs-dinteret\/\"]}]},{\"@type\":\"BreadcrumbList\",\"@id\":\"https:\/\/www.ipsen.com\/canada\/fr\/champs-dinteret\/#breadcrumb\",\"itemListElement\":[{\"@type\":\"ListItem\",\"position\":1,\"name\":\"Home\",\"item\":\"https:\/\/www.ipsen.com\/canada\/fr\/\"},{\"@type\":\"ListItem\",\"position\":2,\"name\":\"Champs d\u2019int\u00e9r\u00eat\"}]},{\"@type\":\"WebSite\",\"@id\":\"https:\/\/www.ipsen.com\/canada\/fr\/#website\",\"url\":\"https:\/\/www.ipsen.com\/canada\/fr\/\",\"name\":\"Canada\",\"description\":\"\",\"publisher\":{\"@id\":\"https:\/\/www.ipsen.com\/canada\/fr\/#organization\"},\"potentialAction\":[{\"@type\":\"SearchAction\",\"target\":{\"@type\":\"EntryPoint\",\"urlTemplate\":\"https:\/\/www.ipsen.com\/canada\/fr\/?s={search_term_string}\"},\"query-input\":{\"@type\":\"PropertyValueSpecification\",\"valueRequired\":true,\"valueName\":\"search_term_string\"}}],\"inLanguage\":\"fr-FR\"},{\"@type\":\"Organization\",\"@id\":\"https:\/\/www.ipsen.com\/canada\/fr\/#organization\",\"name\":\"Canada\",\"url\":\"https:\/\/www.ipsen.com\/canada\/fr\/\",\"logo\":{\"@type\":\"ImageObject\",\"inLanguage\":\"fr-FR\",\"@id\":\"https:\/\/www.ipsen.com\/canada\/fr\/#\/schema\/logo\/image\/\",\"url\":\"https:\/\/www.ipsen.com\/canada\/wp-content\/uploads\/sites\/16\/2024\/06\/Logo-Ipsen-new.svg\",\"contentUrl\":\"https:\/\/www.ipsen.com\/canada\/wp-content\/uploads\/sites\/16\/2024\/06\/Logo-Ipsen-new.svg\",\"caption\":\"Canada\"},\"image\":{\"@id\":\"https:\/\/www.ipsen.com\/canada\/fr\/#\/schema\/logo\/image\/\"}}]}<\/script>\n<!-- \/ Yoast SEO plugin. -->","yoast_head_json":{"title":"Champs d\u2019int\u00e9r\u00eat","description":"Groupe biopharmaceutique mondial de taille moyenne, Ipsen am\u00e9liore la vie des patients gr\u00e2ce \u00e0 la recherche, l\u2019innovation et la mise au point de m\u00e9dicaments innovants en oncologie, dans les maladies rares et en neurosciences.","robots":{"index":"index","follow":"follow","max-snippet":"max-snippet:-1","max-image-preview":"max-image-preview:large","max-video-preview":"max-video-preview:-1"},"canonical":"https:\/\/www.ipsen.com\/canada\/fr\/champs-dinteret\/","og_locale":"fr_FR","og_type":"article","og_title":"Champs d\u2019int\u00e9r\u00eat","og_description":"Groupe biopharmaceutique mondial de taille moyenne, Ipsen am\u00e9liore la vie des patients gr\u00e2ce \u00e0 la recherche, l\u2019innovation et la mise au point de m\u00e9dicaments innovants en oncologie, dans les maladies rares et en neurosciences.","og_url":"https:\/\/www.ipsen.com\/canada\/fr\/champs-dinteret\/","og_site_name":"Canada","article_modified_time":"2025-07-03T07:47:02+00:00","twitter_card":"summary_large_image","schema":{"@context":"https:\/\/schema.org","@graph":[{"@type":"WebPage","@id":"https:\/\/www.ipsen.com\/canada\/fr\/champs-dinteret\/","url":"https:\/\/www.ipsen.com\/canada\/fr\/champs-dinteret\/","name":"Champs d\u2019int\u00e9r\u00eat","isPartOf":{"@id":"https:\/\/www.ipsen.com\/canada\/fr\/#website"},"datePublished":"2024-06-28T05:10:07+00:00","dateModified":"2025-07-03T07:47:02+00:00","description":"Groupe biopharmaceutique mondial de taille moyenne, Ipsen am\u00e9liore la vie des patients gr\u00e2ce \u00e0 la recherche, l\u2019innovation et la mise au point de m\u00e9dicaments innovants en oncologie, dans les maladies rares et en neurosciences.","breadcrumb":{"@id":"https:\/\/www.ipsen.com\/canada\/fr\/champs-dinteret\/#breadcrumb"},"inLanguage":"fr-FR","potentialAction":[{"@type":"ReadAction","target":["https:\/\/www.ipsen.com\/canada\/fr\/champs-dinteret\/"]}]},{"@type":"BreadcrumbList","@id":"https:\/\/www.ipsen.com\/canada\/fr\/champs-dinteret\/#breadcrumb","itemListElement":[{"@type":"ListItem","position":1,"name":"Home","item":"https:\/\/www.ipsen.com\/canada\/fr\/"},{"@type":"ListItem","position":2,"name":"Champs d\u2019int\u00e9r\u00eat"}]},{"@type":"WebSite","@id":"https:\/\/www.ipsen.com\/canada\/fr\/#website","url":"https:\/\/www.ipsen.com\/canada\/fr\/","name":"Canada","description":"","publisher":{"@id":"https:\/\/www.ipsen.com\/canada\/fr\/#organization"},"potentialAction":[{"@type":"SearchAction","target":{"@type":"EntryPoint","urlTemplate":"https:\/\/www.ipsen.com\/canada\/fr\/?s={search_term_string}"},"query-input":{"@type":"PropertyValueSpecification","valueRequired":true,"valueName":"search_term_string"}}],"inLanguage":"fr-FR"},{"@type":"Organization","@id":"https:\/\/www.ipsen.com\/canada\/fr\/#organization","name":"Canada","url":"https:\/\/www.ipsen.com\/canada\/fr\/","logo":{"@type":"ImageObject","inLanguage":"fr-FR","@id":"https:\/\/www.ipsen.com\/canada\/fr\/#\/schema\/logo\/image\/","url":"https:\/\/www.ipsen.com\/canada\/wp-content\/uploads\/sites\/16\/2024\/06\/Logo-Ipsen-new.svg","contentUrl":"https:\/\/www.ipsen.com\/canada\/wp-content\/uploads\/sites\/16\/2024\/06\/Logo-Ipsen-new.svg","caption":"Canada"},"image":{"@id":"https:\/\/www.ipsen.com\/canada\/fr\/#\/schema\/logo\/image\/"}}]}},"parsely":{"version":"1.1.0","canonical_url":"https:\/\/ipsen.com\/canada\/fr\/champs-dinteret\/","smart_links":{"inbound":0,"outbound":0},"traffic_boost_suggestions_count":0,"meta":{"@context":"https:\/\/schema.org","@type":"WebPage","headline":"Champs d\u2019int\u00e9r\u00eat","url":"http:\/\/www.ipsen.com\/canada\/fr\/champs-dinteret\/","mainEntityOfPage":{"@type":"WebPage","@id":"http:\/\/www.ipsen.com\/canada\/fr\/champs-dinteret\/"},"thumbnailUrl":"","image":{"@type":"ImageObject","url":""},"articleSection":"Non classifi\u00e9(e)","author":[{"@type":"Person","name":"navya"}],"creator":["navya"],"publisher":{"@type":"Organization","name":"Canada","logo":""},"keywords":[],"dateCreated":"2024-06-28T05:10:07Z","datePublished":"2024-06-28T05:10:07Z","dateModified":"2025-07-03T07:47:02Z"},"rendered":"<script type=\"application\/ld+json\" class=\"wp-parsely-metadata\">{\"@context\":\"https:\\\/\\\/schema.org\",\"@type\":\"WebPage\",\"headline\":\"Champs d\\u2019int\\u00e9r\\u00eat\",\"url\":\"http:\\\/\\\/www.ipsen.com\\\/canada\\\/fr\\\/champs-dinteret\\\/\",\"mainEntityOfPage\":{\"@type\":\"WebPage\",\"@id\":\"http:\\\/\\\/www.ipsen.com\\\/canada\\\/fr\\\/champs-dinteret\\\/\"},\"thumbnailUrl\":\"\",\"image\":{\"@type\":\"ImageObject\",\"url\":\"\"},\"articleSection\":\"Non classifi\\u00e9(e)\",\"author\":[{\"@type\":\"Person\",\"name\":\"navya\"}],\"creator\":[\"navya\"],\"publisher\":{\"@type\":\"Organization\",\"name\":\"Canada\",\"logo\":\"\"},\"keywords\":[],\"dateCreated\":\"2024-06-28T05:10:07Z\",\"datePublished\":\"2024-06-28T05:10:07Z\",\"dateModified\":\"2025-07-03T07:47:02Z\"}<\/script>","tracker_url":"https:\/\/cdn.parsely.com\/keys\/ipsen.com\/p.js"},"jetpack_sharing_enabled":true,"_links":{"self":[{"href":"https:\/\/www.ipsen.com\/canada\/fr\/wp-json\/wp\/v2\/pages\/51","targetHints":{"allow":["GET"]}}],"collection":[{"href":"https:\/\/www.ipsen.com\/canada\/fr\/wp-json\/wp\/v2\/pages"}],"about":[{"href":"https:\/\/www.ipsen.com\/canada\/fr\/wp-json\/wp\/v2\/types\/page"}],"author":[{"embeddable":true,"href":"https:\/\/www.ipsen.com\/canada\/fr\/wp-json\/wp\/v2\/users\/2"}],"replies":[{"embeddable":true,"href":"https:\/\/www.ipsen.com\/canada\/fr\/wp-json\/wp\/v2\/comments?post=51"}],"version-history":[{"count":14,"href":"https:\/\/www.ipsen.com\/canada\/fr\/wp-json\/wp\/v2\/pages\/51\/revisions"}],"predecessor-version":[{"id":2031,"href":"https:\/\/www.ipsen.com\/canada\/fr\/wp-json\/wp\/v2\/pages\/51\/revisions\/2031"}],"wp:attachment":[{"href":"https:\/\/www.ipsen.com\/canada\/fr\/wp-json\/wp\/v2\/media?parent=51"}],"curies":[{"name":"wp","href":"https:\/\/api.w.org\/{rel}","templated":true}]}}