{"id":36,"date":"2024-06-28T07:07:32","date_gmt":"2024-06-28T05:07:32","guid":{"rendered":"https:\/\/www.ipsen.com\/canada\/careers\/"},"modified":"2025-07-03T10:10:26","modified_gmt":"2025-07-03T08:10:26","slug":"carrieres","status":"publish","type":"page","link":"https:\/\/www.ipsen.com\/canada\/fr\/carrieres\/","title":{"rendered":"Carri\u00e8res"},"content":{"rendered":"    <section class=\"sub-page-banner bg-img-enabled  banner-no-filter\" style=\"background-image:url(https:\/\/www.ipsen.com\/canada\/wp-content\/uploads\/sites\/16\/2025\/07\/Careers.jpg)\">\n                <div class=\"container content-sec\">\n            <nav aria-label=\"breadcrumb\">\n            <ol class=\"breadcrumb\">\n                <li class=\"breadcrumb-item\"><a href=\"https:\/\/www.ipsen.com\/canada\/fr\/\">Accueil<\/a><\/li><li class=\"breadcrumb-item active\"><a class=\"link-pointer-events-none\" href=\"#\" aria-current=\"page\">Carri\u00e8res<\/a><\/li><\/ol>\n            <\/nav>            <h1 class=\"visible banner-font-color-white\">Carri\u00e8res<\/h1>\n            <p class=\"visible banner-font-color-white\">Innover ensemble dans la sant\u00e9 pour un avenir meilleur<\/p>\n        <\/div>\n    <\/section>\n\n\n\n\t<!-- Hero Carousel Start Here-->\n\t<section class=\"hero-section no-filter\">\n\t\t<div class=\"hero_gridwidth container\"><!-- container class shown if gridlayout choosen -->\n\t\t\t<div id=\"heroCarousel\" class=\"carousel slide herocaro hero-banner-no-bg-image\" data-bs-ride=\"carousel\" data-enableplaybtn=\"\" data-autoplay= \"\"  data-autospeed= \"\" >\n\t\t\t\t<!-- Slider Indicator-->\n\t\t\t\t<div class=\"carousel-indicators hidden\">\n\t\t\t\t<button type=\"button\" data-bs-target=\"#heroCarousel\" data-bs-slide-to=\"0\" class=\"active\" aria-current=\"true\" aria-label=\"Slide 0\"><\/button>\t\t\t\t<\/div>\n\t\t\t\t<!-- Items -->\n\t\t\t\t<div class=\"carousel-inner\">\n\t\t\t\t\t\t\n\t\t\t\t\t\t<!-- Hero Banner with carousel HTML -->\n\t\t\t\t\t\t<div class=\"carousel-item active banner-no-filter\">\n\n\t\t\t\t\t\t\t\t\t\t\t\t\t\t\t<img decoding=\"async\" class=\"bd-placeholder-img visible\" alt=\"\" width=\"100%\" height=\"100%\" src=\"https:\/\/www.ipsen.com\/canada\/wp-content\/uploads\/sites\/16\/2025\/07\/Light-Hero-Banner.jpg\" \/> \n\t\t\t\t\t\t\t\n\t\t\t\t\t\t\t\t\n\n\t\t\t\t\t\t\t<div class=\"container align-left\">\n\t\t\t\t\t\t\t\t<div class=\"carousel-caption\">\n\t\t\t\t\t\t\t\t\t<h2 class=\"visible text-start heading-two banner-font-color-blue\">\n\t\t\t\t\t\t\t\t\t\tLes carri\u00e8res d&#8217;Ipsen, au service de vos talents uniques\t\t\t\t\t\t\t\t\t<\/h2>\n\t\t\t\t\t\t\t\t\t<div class=\"hidden text-start banner-font-color-blue\"><\/div>\n\t\t\t\t\t\t\t\t\t\n\t\t\t\t\t\t\t\t\t\t\t\t\t\t\t\t\t\t\t<p class=\"visible text-start banner-font-color-blue\">\n\t\t\t\t\t\t\t\t\t\t\t<a class=\"btn btn-lg btn-primary\" href=\"https:\/\/ipsen.wd103.myworkdayjobs.com\/fr-FR\/Ipsen_Careers\" aria-label=\"Parcourir les offres d\u2019emploi chez Ipsen about Les carri\u00e8res d'Ipsen, au service de vos talents uniques\" target=\"_blank\">\n\t\t\t\t\t\t\t\t\t\t\t\tParcourir les offres d\u2019emploi chez Ipsen\t\t\t\t\t\t\t\t\t\t\t<\/a>\n\t\t\t\t\t\t\t\t\t\t<\/p>\n\t\t\t\t\t\t\t\t\t\t\t\t\t\t\t\t\t\t\n\t\t\t\t\t\t\t\t<\/div>\n\t\t\t\t\t\t\t<\/div>\n\t\t\t\t\t\t<\/div>\n\n\t\t\t\t\t\t\t\t\t<\/div>\n\t\t\t\t\n\t\t\t\t\n\t\t\t<\/div>\n\t\t<\/div>\n\t<\/section>\n\t<!-- Hero Carousel End Here-->\n  \n\n<!-- Text & Media Block Code -->\n<section class=\"two-col-section text-media-section\">\n    <div class=\"container two-section-innner \">\n        <div class=\"response-inner\" style=\"background-image: url('')\">\n            <div class=\"row \">\n                <div class=\"col-xs-12 col-sm-12 col-md-6\">\n                                                    <div class=\"img-video-section\">\n                                <img decoding=\"async\" \n                                    src=\"https:\/\/www.ipsen.com\/canada\/wp-content\/uploads\/sites\/16\/2025\/07\/Boulogne-France-img-25-S-2.jpg\" \n                                    alt=\"\" \n                                >\n                            <\/div>\n                                        <\/div>\n                <div class=\" col-xs-12 col-sm-12 col-md-6\">\n                    <div class=\"section-content\">\n                        <div class=\"heading-dash\">\n                                                            <span class=\"dash\"><\/span>\n                                <h4 class=\"heading-para heading-four\" role=\"heading\" aria-level=\"2\">\n                                    Pourquoi Rejoindre Ipsen?                                <\/h4>\n                                                    <\/div>\n                                                <p>Chez Ipsen, chaque collaborateur produit un r\u00e9el impact. Nos \u00e9quipes sont passionn\u00e9es par leur m\u00e9tier, parce qu\u2019elles ont \u00e0 c\u0153ur de faire une diff\u00e9rence dans la vie des patients. Nous nous investissons, aux c\u00f4t\u00e9s de nos employ\u00e9s, pour soutenir des projets qui r\u00e9volutionnent le quotidien des patients et produisent un impact positif pour les patients et la soci\u00e9t\u00e9. Surtout, nous veillons \u00e0 r\u00e9compenser ce qui compte. Nos programmes de r\u00e9mun\u00e9ration comp\u00e9titifs sont con\u00e7us pour reconna\u00eetre la contribution de chacun et favoriser des r\u00e9sultats innovants.<\/p>\n                            <a \n                            aria-label=\"En savoir plus about Pourquoi Rejoindre Ipsen?\"  \n                                role=\"link\" \n                                class=\"btn-link section-btn cta-visible\"\n                                href=\"https:\/\/www.ipsen.com\/canada\/fr\/carrieres\/travailler-chez-ipsen\/\" \n                                target=\"_self\"\n                            > \n                                En savoir plus \n                            <\/a>\n\n                    <\/div>\n                <\/div>\n            <\/div>\n        <\/div>\n    <\/div>\n<\/section>\n\n<!-- Text & Media Block Code -->\n<section class=\"two-col-section text-media-section\">\n    <div class=\"container two-section-innner section-reverse\">\n        <div class=\"response-inner\" style=\"background-image: url('')\">\n            <div class=\"row section-reverse\">\n                <div class=\"col-xs-12 col-sm-12 col-md-6\">\n                                                    <div class=\"img-video-section\">\n                                <img decoding=\"async\" \n                                    src=\"https:\/\/www.ipsen.com\/canada\/wp-content\/uploads\/sites\/16\/2024\/08\/Module-5_discover-the-right-team_10_GABO_181219_4433_-scaled-1.jpg\" \n                                    alt=\"\" \n                                >\n                            <\/div>\n                                        <\/div>\n                <div class=\" col-xs-12 col-sm-12 col-md-6\">\n                    <div class=\"section-content\">\n                        <div class=\"heading-dash\">\n                                                            <span class=\"dash\"><\/span>\n                                <h4 class=\"heading-para heading-four\" role=\"heading\" aria-level=\"2\">\n                                    Notre Culture                                <\/h4>\n                                                    <\/div>\n                                                <p>Ipsen encourage une culture de collaboration et d\u2019excellence, aliment\u00e9e par notre mode de vie Ipsen, qui repose sur cinq piliers\u00a0: S\u2019engager avec d\u00e9termination, Apprendre et partager, \u0152uvrer pour notre r\u00e9ussite, Faire confiance et S\u2019approprier les r\u00e9sultats. Ces valeurs interconnect\u00e9es guident notre strat\u00e9gie. Gr\u00e2ce \u00e0 la diversit\u00e9 de ses \u00e9quipes et \u00e0 l&#8217;importance qu&#8217;elle accorde \u00e0 sa culture, Ipsen\u00a0Canada a re\u00e7u la certification Great Place to WorkMD et a \u00e9galement \u00e9t\u00e9 reconnue comme Best Workplace dans le domaine des soins de sant\u00e9.<\/p>\n                            <a \n                            aria-label=\"En savoir plus about Notre Culture\"  \n                                role=\"link\" \n                                class=\"btn-link section-btn cta-visible\"\n                                href=\"https:\/\/www.ipsen.com\/fr\/carrieres\/notre-culture\/\" \n                                target=\"_blank\"\n                            > \n                                En savoir plus \n                            <\/a>\n\n                    <\/div>\n                <\/div>\n            <\/div>\n        <\/div>\n    <\/div>\n<\/section>\n\n    <section class=\"title-text \">\n        <div class=\"container\">\n            <div class=\"title-text-inner\" style=\"background-color:#EDEBE4;\">\n\n                <!-- If heading is enabled then it's visible -->\n                <div class=\"text-head-dash visible\">\n                <h3 class=\"heading-three\" role=\"heading\" aria-level=\"2\">\n                        Domaines D\u2019activit\u00e9                    <\/h3>\n                <\/div>\n               \n                <!-- If description is enabled then it's visible -->\n                <div class=\"text-parbase visible\">\n                    <p>D\u00e9couvrez les perspectives de carri\u00e8re chez Ipsen et faites une r\u00e9elle diff\u00e9rence dans la vie des patients. Explorez nos cat\u00e9gories d\u2019emploi :<\/p>\n<ul>\n<li>Vente et commercialisation<\/li>\n<li>M\u00e9dical<\/li>\n<li>Cha\u00eene d\u2019approvisionnement achats<\/li>\n<li>Service des finances<\/li>\n<li>Ressources humaines<\/li>\n<li>Affaires juridiques et conformit\u00e9<\/li>\n<li>Administration<\/li>\n<li>Direction g\u00e9n\u00e9rale<\/li>\n<li>Communications et Affaires publiques<\/li>\n<\/ul>\n                <\/div>\n\n                <!-- If button is enabled then it's visible -->\n                                        <div class=\"btn-txt\">\n                            <a \n                                aria-label=\"\" \n                                class=\"btn-link section-btn cta-visible\"  \n                                role=\"link\"\n                                href=\"https:\/\/ipsen.wd103.myworkdayjobs.com\/fr-FR\/Ipsen_Careers\" target=\"_blank\">\n                                En savoir plus                            <\/a>\n                        <\/div>\n                \n            <\/div>\n        <\/div>\n    <\/section>\n\n\n    <section class=\"title-text \">\n        <div class=\"container\">\n            <div class=\"title-text-inner\" style=\"background-color:#EDEBE4;\">\n\n                <!-- If heading is enabled then it's visible -->\n                <div class=\"text-head-dash visible\">\n                <h3 class=\"heading-three\" role=\"heading\" aria-level=\"2\">\n                        Notre Processus De Recrutement                    <\/h3>\n                <\/div>\n               \n                <!-- If description is enabled then it's visible -->\n                <div class=\"text-parbase visible\">\n                    <p>Le processus de recrutement de talents d\u2019Ipsen repose en priorit\u00e9 sur une planification claire, des politiques rigoureuses en mati\u00e8re de communication et un retour d\u2019exp\u00e9rience utile. Nous avons redoubl\u00e9 d&#8217;efforts pour augmenter les exigences de qualit\u00e9 pour les postes cl\u00e9s, en mettant l\u2019accent sur les principes de diversit\u00e9, d\u2019\u00e9quit\u00e9 et d\u2019inclusion (DE&amp;I) dans le cadre de notre strat\u00e9gie de DE&amp;I \u00e9largie. Nous r\u00e9visons constamment nos processus RH, tout au long de nos \u00e9tapes de recrutement et d\u2019int\u00e9gration, et ce, afin de garantir des r\u00e9sultats \u00e9quitables.<\/p>\n                <\/div>\n\n                <!-- If button is enabled then it's visible -->\n                \n            <\/div>\n        <\/div>\n    <\/section>\n","protected":false},"excerpt":{"rendered":"","protected":false},"author":2,"featured_media":0,"parent":0,"menu_order":0,"comment_status":"closed","ping_status":"closed","template":"","meta":{"_acf_changed":false,"footnotes":""},"class_list":["post-36","page","type-page","status-publish","hentry","entry"],"acf":[],"yoast_head":"<!-- This site is optimized with the Yoast SEO plugin v26.8 - https:\/\/yoast.com\/product\/yoast-seo-wordpress\/ -->\n<title>Carri\u00e8res \u2013 Canada<\/title>\n<meta name=\"description\" content=\"Parcourez les offres d\u2019emploi chez Ipsen dans divers domaines d\u2019activit\u00e9s. Recherchez une offre d\u2019emploi chez Ipsen, en fonction de vos comp\u00e9tences uniques, et rejoignez-nous pour produire un impact concret sur la vie des patients.\" \/>\n<meta name=\"robots\" content=\"index, follow, max-snippet:-1, max-image-preview:large, max-video-preview:-1\" \/>\n<link rel=\"canonical\" href=\"https:\/\/www.ipsen.com\/canada\/fr\/carrieres\/\" \/>\n<meta property=\"og:locale\" content=\"fr_FR\" \/>\n<meta property=\"og:type\" content=\"article\" \/>\n<meta property=\"og:title\" content=\"Carri\u00e8res \u2013 Canada\" \/>\n<meta property=\"og:description\" content=\"Parcourez les offres d\u2019emploi chez Ipsen dans divers domaines d\u2019activit\u00e9s. Recherchez une offre d\u2019emploi chez Ipsen, en fonction de vos comp\u00e9tences uniques, et rejoignez-nous pour produire un impact concret sur la vie des patients.\" \/>\n<meta property=\"og:url\" content=\"https:\/\/www.ipsen.com\/canada\/fr\/carrieres\/\" \/>\n<meta property=\"og:site_name\" content=\"Canada\" \/>\n<meta property=\"article:modified_time\" content=\"2025-07-03T08:10:26+00:00\" \/>\n<meta name=\"twitter:card\" content=\"summary_large_image\" \/>\n<script type=\"application\/ld+json\" class=\"yoast-schema-graph\">{\"@context\":\"https:\/\/schema.org\",\"@graph\":[{\"@type\":\"WebPage\",\"@id\":\"https:\/\/www.ipsen.com\/canada\/fr\/carrieres\/\",\"url\":\"https:\/\/www.ipsen.com\/canada\/fr\/carrieres\/\",\"name\":\"Carri\u00e8res \u2013 Canada\",\"isPartOf\":{\"@id\":\"https:\/\/www.ipsen.com\/canada\/fr\/#website\"},\"datePublished\":\"2024-06-28T05:07:32+00:00\",\"dateModified\":\"2025-07-03T08:10:26+00:00\",\"description\":\"Parcourez les offres d\u2019emploi chez Ipsen dans divers domaines d\u2019activit\u00e9s. Recherchez une offre d\u2019emploi chez Ipsen, en fonction de vos comp\u00e9tences uniques, et rejoignez-nous pour produire un impact concret sur la vie des patients.\",\"breadcrumb\":{\"@id\":\"https:\/\/www.ipsen.com\/canada\/fr\/carrieres\/#breadcrumb\"},\"inLanguage\":\"fr-FR\",\"potentialAction\":[{\"@type\":\"ReadAction\",\"target\":[\"https:\/\/www.ipsen.com\/canada\/fr\/carrieres\/\"]}]},{\"@type\":\"BreadcrumbList\",\"@id\":\"https:\/\/www.ipsen.com\/canada\/fr\/carrieres\/#breadcrumb\",\"itemListElement\":[{\"@type\":\"ListItem\",\"position\":1,\"name\":\"Home\",\"item\":\"https:\/\/www.ipsen.com\/canada\/fr\/\"},{\"@type\":\"ListItem\",\"position\":2,\"name\":\"Carri\u00e8res\"}]},{\"@type\":\"WebSite\",\"@id\":\"https:\/\/www.ipsen.com\/canada\/fr\/#website\",\"url\":\"https:\/\/www.ipsen.com\/canada\/fr\/\",\"name\":\"Canada\",\"description\":\"\",\"publisher\":{\"@id\":\"https:\/\/www.ipsen.com\/canada\/fr\/#organization\"},\"potentialAction\":[{\"@type\":\"SearchAction\",\"target\":{\"@type\":\"EntryPoint\",\"urlTemplate\":\"https:\/\/www.ipsen.com\/canada\/fr\/?s={search_term_string}\"},\"query-input\":{\"@type\":\"PropertyValueSpecification\",\"valueRequired\":true,\"valueName\":\"search_term_string\"}}],\"inLanguage\":\"fr-FR\"},{\"@type\":\"Organization\",\"@id\":\"https:\/\/www.ipsen.com\/canada\/fr\/#organization\",\"name\":\"Canada\",\"url\":\"https:\/\/www.ipsen.com\/canada\/fr\/\",\"logo\":{\"@type\":\"ImageObject\",\"inLanguage\":\"fr-FR\",\"@id\":\"https:\/\/www.ipsen.com\/canada\/fr\/#\/schema\/logo\/image\/\",\"url\":\"https:\/\/www.ipsen.com\/canada\/wp-content\/uploads\/sites\/16\/2024\/06\/Logo-Ipsen-new.svg\",\"contentUrl\":\"https:\/\/www.ipsen.com\/canada\/wp-content\/uploads\/sites\/16\/2024\/06\/Logo-Ipsen-new.svg\",\"caption\":\"Canada\"},\"image\":{\"@id\":\"https:\/\/www.ipsen.com\/canada\/fr\/#\/schema\/logo\/image\/\"}}]}<\/script>\n<!-- \/ Yoast SEO plugin. -->","yoast_head_json":{"title":"Carri\u00e8res \u2013 Canada","description":"Parcourez les offres d\u2019emploi chez Ipsen dans divers domaines d\u2019activit\u00e9s. Recherchez une offre d\u2019emploi chez Ipsen, en fonction de vos comp\u00e9tences uniques, et rejoignez-nous pour produire un impact concret sur la vie des patients.","robots":{"index":"index","follow":"follow","max-snippet":"max-snippet:-1","max-image-preview":"max-image-preview:large","max-video-preview":"max-video-preview:-1"},"canonical":"https:\/\/www.ipsen.com\/canada\/fr\/carrieres\/","og_locale":"fr_FR","og_type":"article","og_title":"Carri\u00e8res \u2013 Canada","og_description":"Parcourez les offres d\u2019emploi chez Ipsen dans divers domaines d\u2019activit\u00e9s. Recherchez une offre d\u2019emploi chez Ipsen, en fonction de vos comp\u00e9tences uniques, et rejoignez-nous pour produire un impact concret sur la vie des patients.","og_url":"https:\/\/www.ipsen.com\/canada\/fr\/carrieres\/","og_site_name":"Canada","article_modified_time":"2025-07-03T08:10:26+00:00","twitter_card":"summary_large_image","schema":{"@context":"https:\/\/schema.org","@graph":[{"@type":"WebPage","@id":"https:\/\/www.ipsen.com\/canada\/fr\/carrieres\/","url":"https:\/\/www.ipsen.com\/canada\/fr\/carrieres\/","name":"Carri\u00e8res \u2013 Canada","isPartOf":{"@id":"https:\/\/www.ipsen.com\/canada\/fr\/#website"},"datePublished":"2024-06-28T05:07:32+00:00","dateModified":"2025-07-03T08:10:26+00:00","description":"Parcourez les offres d\u2019emploi chez Ipsen dans divers domaines d\u2019activit\u00e9s. Recherchez une offre d\u2019emploi chez Ipsen, en fonction de vos comp\u00e9tences uniques, et rejoignez-nous pour produire un impact concret sur la vie des patients.","breadcrumb":{"@id":"https:\/\/www.ipsen.com\/canada\/fr\/carrieres\/#breadcrumb"},"inLanguage":"fr-FR","potentialAction":[{"@type":"ReadAction","target":["https:\/\/www.ipsen.com\/canada\/fr\/carrieres\/"]}]},{"@type":"BreadcrumbList","@id":"https:\/\/www.ipsen.com\/canada\/fr\/carrieres\/#breadcrumb","itemListElement":[{"@type":"ListItem","position":1,"name":"Home","item":"https:\/\/www.ipsen.com\/canada\/fr\/"},{"@type":"ListItem","position":2,"name":"Carri\u00e8res"}]},{"@type":"WebSite","@id":"https:\/\/www.ipsen.com\/canada\/fr\/#website","url":"https:\/\/www.ipsen.com\/canada\/fr\/","name":"Canada","description":"","publisher":{"@id":"https:\/\/www.ipsen.com\/canada\/fr\/#organization"},"potentialAction":[{"@type":"SearchAction","target":{"@type":"EntryPoint","urlTemplate":"https:\/\/www.ipsen.com\/canada\/fr\/?s={search_term_string}"},"query-input":{"@type":"PropertyValueSpecification","valueRequired":true,"valueName":"search_term_string"}}],"inLanguage":"fr-FR"},{"@type":"Organization","@id":"https:\/\/www.ipsen.com\/canada\/fr\/#organization","name":"Canada","url":"https:\/\/www.ipsen.com\/canada\/fr\/","logo":{"@type":"ImageObject","inLanguage":"fr-FR","@id":"https:\/\/www.ipsen.com\/canada\/fr\/#\/schema\/logo\/image\/","url":"https:\/\/www.ipsen.com\/canada\/wp-content\/uploads\/sites\/16\/2024\/06\/Logo-Ipsen-new.svg","contentUrl":"https:\/\/www.ipsen.com\/canada\/wp-content\/uploads\/sites\/16\/2024\/06\/Logo-Ipsen-new.svg","caption":"Canada"},"image":{"@id":"https:\/\/www.ipsen.com\/canada\/fr\/#\/schema\/logo\/image\/"}}]}},"parsely":{"version":"1.1.0","canonical_url":"https:\/\/ipsen.com\/canada\/fr\/carrieres\/","smart_links":{"inbound":0,"outbound":0},"traffic_boost_suggestions_count":0,"meta":{"@context":"https:\/\/schema.org","@type":"WebPage","headline":"Carri\u00e8res","url":"http:\/\/www.ipsen.com\/canada\/fr\/carrieres\/","mainEntityOfPage":{"@type":"WebPage","@id":"http:\/\/www.ipsen.com\/canada\/fr\/carrieres\/"},"thumbnailUrl":"","image":{"@type":"ImageObject","url":""},"articleSection":"Non classifi\u00e9(e)","author":[{"@type":"Person","name":"navya"}],"creator":["navya"],"publisher":{"@type":"Organization","name":"Canada","logo":""},"keywords":[],"dateCreated":"2024-06-28T05:07:32Z","datePublished":"2024-06-28T05:07:32Z","dateModified":"2025-07-03T08:10:26Z"},"rendered":"<script type=\"application\/ld+json\" class=\"wp-parsely-metadata\">{\"@context\":\"https:\\\/\\\/schema.org\",\"@type\":\"WebPage\",\"headline\":\"Carri\\u00e8res\",\"url\":\"http:\\\/\\\/www.ipsen.com\\\/canada\\\/fr\\\/carrieres\\\/\",\"mainEntityOfPage\":{\"@type\":\"WebPage\",\"@id\":\"http:\\\/\\\/www.ipsen.com\\\/canada\\\/fr\\\/carrieres\\\/\"},\"thumbnailUrl\":\"\",\"image\":{\"@type\":\"ImageObject\",\"url\":\"\"},\"articleSection\":\"Non classifi\\u00e9(e)\",\"author\":[{\"@type\":\"Person\",\"name\":\"navya\"}],\"creator\":[\"navya\"],\"publisher\":{\"@type\":\"Organization\",\"name\":\"Canada\",\"logo\":\"\"},\"keywords\":[],\"dateCreated\":\"2024-06-28T05:07:32Z\",\"datePublished\":\"2024-06-28T05:07:32Z\",\"dateModified\":\"2025-07-03T08:10:26Z\"}<\/script>","tracker_url":"https:\/\/cdn.parsely.com\/keys\/ipsen.com\/p.js"},"jetpack_sharing_enabled":true,"_links":{"self":[{"href":"https:\/\/www.ipsen.com\/canada\/fr\/wp-json\/wp\/v2\/pages\/36","targetHints":{"allow":["GET"]}}],"collection":[{"href":"https:\/\/www.ipsen.com\/canada\/fr\/wp-json\/wp\/v2\/pages"}],"about":[{"href":"https:\/\/www.ipsen.com\/canada\/fr\/wp-json\/wp\/v2\/types\/page"}],"author":[{"embeddable":true,"href":"https:\/\/www.ipsen.com\/canada\/fr\/wp-json\/wp\/v2\/users\/2"}],"replies":[{"embeddable":true,"href":"https:\/\/www.ipsen.com\/canada\/fr\/wp-json\/wp\/v2\/comments?post=36"}],"version-history":[{"count":17,"href":"https:\/\/www.ipsen.com\/canada\/fr\/wp-json\/wp\/v2\/pages\/36\/revisions"}],"predecessor-version":[{"id":2045,"href":"https:\/\/www.ipsen.com\/canada\/fr\/wp-json\/wp\/v2\/pages\/36\/revisions\/2045"}],"wp:attachment":[{"href":"https:\/\/www.ipsen.com\/canada\/fr\/wp-json\/wp\/v2\/media?parent=36"}],"curies":[{"name":"wp","href":"https:\/\/api.w.org\/{rel}","templated":true}]}}