{"id":1063,"date":"2024-09-04T06:52:42","date_gmt":"2024-09-04T04:52:42","guid":{"rendered":"https:\/\/www.ipsen.com\/canada\/cookie-policy\/"},"modified":"2024-09-30T07:48:38","modified_gmt":"2024-09-30T05:48:38","slug":"politique-relative-aux-cookies","status":"publish","type":"page","link":"https:\/\/www.ipsen.com\/canada\/fr\/politique-relative-aux-cookies\/","title":{"rendered":"Politique relative aux cookies"},"content":{"rendered":"    <section class=\"sub-page-banner \" style=\"background: linear-gradient(93.64deg, #224A81 2.99%, #2797D3 97.01%)\">\n        <div class=\"container content-sec\">\n            <nav aria-label=\"breadcrumb\">\n            <ol class=\"breadcrumb\">\n                <li class=\"breadcrumb-item\"><a href=\"https:\/\/www.ipsen.com\/canada\/fr\/\">Accueil<\/a><\/li><li class=\"breadcrumb-item active\"><a class=\"link-pointer-events-none\" href=\"#\" aria-current=\"page\">Politique relative aux cookies<\/a><\/li><\/ol>\n            <\/nav>            <h1 class=\"visible\">Politique relative aux cookies<\/h1>\n            <p class=\"hidden\"><\/p>\n        <\/div>\n    <\/section>\n\n\n\n<div class=\"wp-block-columns is-layout-flex wp-container-core-columns-is-layout-9d6595d7 wp-block-columns-is-layout-flex\">\n<div class=\"wp-block-column is-layout-flow wp-block-column-is-layout-flow\">\n<p>La pr\u00e9sente Politique relative aux cookies a pour but de d\u00e9crire les types de cookies utilis\u00e9s sur ce <strong>Site<\/strong>, la mani\u00e8re dont ils sont utilis\u00e9s et la fa\u00e7on dont vous pouvez contr\u00f4ler leur utilisation.<\/p>\n\n\n\n<p><strong>Qu\u2019est-ce qu\u2019un cookie?<\/strong><\/p>\n\n\n\n<p>Les cookies sont des petits fichiers de donn\u00e9es qui sont plac\u00e9s sur votre appareil lorsque vous consultez un site Web. Ils sont stock\u00e9s sur le disque dur de votre appareil.<\/p>\n\n\n\n<p>Certains cookies sont consid\u00e9r\u00e9s comme strictement n\u00e9cessaires \u00e0 votre navigation. Ces cookies sont utilis\u00e9s pour faciliter des t\u00e2ches essentielles sur le site Web, notamment pour aider les utilisateurs \u00e0 naviguer entre les pages de mani\u00e8re fluide et garantir que le site fonctionne de fa\u00e7on s\u00e9curis\u00e9e et efficace.<\/p>\n\n\n\n<p>D\u2019autres cookies sont utilis\u00e9s pour g\u00e9rer les performances et suivre l\u2019utilisation du site. Ipsen exploite ces t\u00e9moins sur nos sites pour nous aider \u00e0 comprendre comment nos sites sont utilis\u00e9s, dans une d\u00e9marche continue d\u2019am\u00e9lioration et de d\u00e9veloppement.<\/p>\n\n\n\n<p>En vertu de la directive europ\u00e9enne 2009\/136\/CE, nous ne stockerons des cookies sur votre appareil que s\u2019ils sont strictement n\u00e9cessaires. Lorsque nous utilisons d\u2019autres cookies qui ne sont pas strictement n\u00e9cessaires, nous vous demandons votre autorisation au pr\u00e9alable.<\/p>\n\n\n\n<p>Les renseignements recueillis \u00e0 l\u2019aide des cookies ne permettent g\u00e9n\u00e9ralement pas de vous identifier personnellement. Cependant, certains cookies peuvent contenir des donn\u00e9es personnelles, telles que l\u2019adresse IP, la date et l\u2019heure de visite du site Web, le syst\u00e8me d\u2019exploitation, le navigateur et la fa\u00e7on dont l\u2019utilisateur acc\u00e8de au site (consultez la D\u00e9claration relative \u00e0 la protection de la vie priv\u00e9e pour obtenir plus de renseignements sur la fa\u00e7on dont nous traitons vos donn\u00e9es personnelles, conna\u00eetre vos droits et savoir comment nous joindre).<\/p>\n\n\n\n<p><strong>Quels cookies ce site utilise-t-il?<\/strong><\/p>\n\n\n\n<p>Ce site Web utilise des cookies strictement n\u00e9cessaires pour g\u00e9rer la navigation sur le site et essentiels pour assurer la fonctionnalit\u00e9 et la s\u00e9curit\u00e9 de l\u2019utilisateur.<\/p>\n\n\n\n<p>Le site utilise \u00e9galement des donn\u00e9es d\u2019analyse Web. Ipsen obtient ainsi des renseignements sur le comportement des visiteurs sur son site, tels que les mots-cl\u00e9s saisis dans les moteurs de recherche qui les ont conduits vers le site, la dur\u00e9e de leur visite sur le site, les pages qu\u2019ils ont consult\u00e9es et les pages les plus consult\u00e9es.<\/p>\n\n\n\n<p>Ipsen a \u00e9galement recours \u00e0 Google\u00a0Analytics pour suivre l\u2019utilisation de son site et obtenir des statistiques Web globales sur son utilisation.<\/p>\n\n\n\n<p><strong>Quelle est la dur\u00e9e de conservation des informations recueillies \u00e0 l\u2019aide des cookies?<\/strong><\/p>\n\n\n\n<p>Les cookies sont param\u00e9tr\u00e9s pour expirer lorsque les informations ne sont plus n\u00e9cessaires ou apr\u00e8s un d\u00e9lai maximal de 13\u00a0mois.<\/p>\n\n\n\n<p><strong>Comment d\u00e9finir ou modifier mes param\u00e8tres relatifs aux cookies?<\/strong><\/p>\n\n\n\n<p>Plusieurs options vous seront propos\u00e9es afin de g\u00e9rer les cookies sur ce site Web lorsque vous y acc\u00e9derez pour la premi\u00e8re fois, puis r\u00e9guli\u00e8rement par la suite. Vous pourrez accepter tous les cookies ou choisir quels cookies accepter ou refuser. Si vous refusez tous les types t\u00e9moins, aucun cookies ne sera plac\u00e9 sur votre appareil.<\/p>\n\n\n\n<p>Vous pouvez par ailleurs contr\u00f4ler les cookies par le biais de la plupart des navigateurs Web, depuis les param\u00e8tres du navigateur. Pour en savoir plus sur les cookies et voir notamment quels cookies ont \u00e9t\u00e9 configur\u00e9s, consultez le site <a href=\"https:\/\/www.aboutcookies.org\/\" target=\"_blank\" rel=\"noreferrer noopener\"><strong>www.aboutcookies.org<\/strong><\/a> ou <strong><a href=\"https:\/\/www.allaboutcookies.org\/\" target=\"_blank\" rel=\"noreferrer noopener\">www.allaboutcookies.org<\/a><\/strong>.<\/p>\n\n\n\n<p><strong>Que se passe-t-il lorsque je partage du contenu sur les plateformes de m\u00e9dias sociaux?<\/strong><\/p>\n\n\n\n<p>Si vous \u00ab\u00a0partagez\u00a0\u00bb du contenu Ipsen sur des m\u00e9dias sociaux tels que Facebook et Twitter, des cookies issus de ces sites Web peuvent \u00eatre plac\u00e9s sur votre appareil. Nous ne contr\u00f4lons pas la configuration de ces cookies, veuillez donc consulter les sites Web tiers pour savoir comment les g\u00e9rer.<\/p>\n<\/div>\n<\/div>\n\n\n\n<!--Alert Card Layout Start Here-->\n<section class=\"alertcard-section\">\n      <div class=\"container\">\n        <!--Alert Box HTML Start Here-->\n        <div class=\"alert-box general-box\">\n                    <div class=\"info-icon\">\n              <span class=\"info-circle\"><img decoding=\"async\" src=\"https:\/\/www.ipsen.com\/canada\/wp-content\/themes\/ipsen-main\/dist\/images\/alert-info-icon.png\" alt=\"Alert\"\/><\/i>\n            <\/div>\n                    <div class=\"info-contents\">\n          <h4 role=\"heading\" aria-level=\"2\" class=\"info-head heading-four heading-four\"><\/h4>\n            <p class=\"info-sub-head-para hidden heading-para\"><\/p>\n            <div class=\"alert-content visible\"><p>Derni\u00e8re mise \u00e0 jour\u00a0: 3\u00a0mai\u00a02023<\/p>\n<\/div>\n          <\/div>\n        <\/div>\n        <!--Alert Box HTML Start Here-->\n      <\/div>\n    <\/section>\n<!--Alert Card Layout End Here-->\n","protected":false},"excerpt":{"rendered":"","protected":false},"author":2,"featured_media":0,"parent":0,"menu_order":0,"comment_status":"closed","ping_status":"closed","template":"","meta":{"_acf_changed":false,"footnotes":""},"class_list":["post-1063","page","type-page","status-publish","hentry","entry"],"acf":[],"yoast_head":"<!-- This site is optimized with the Yoast SEO plugin v26.8 - https:\/\/yoast.com\/product\/yoast-seo-wordpress\/ -->\n<title>Politique relative aux cookies<\/title>\n<meta name=\"description\" content=\"Politique Ipsen relative aux cookies\" \/>\n<meta name=\"robots\" content=\"index, follow, max-snippet:-1, max-image-preview:large, max-video-preview:-1\" \/>\n<link rel=\"canonical\" href=\"https:\/\/www.ipsen.com\/canada\/fr\/politique-relative-aux-cookies\/\" \/>\n<meta property=\"og:locale\" content=\"fr_FR\" \/>\n<meta property=\"og:type\" content=\"article\" \/>\n<meta property=\"og:title\" content=\"Politique relative aux cookies\" \/>\n<meta property=\"og:description\" content=\"Politique Ipsen relative aux cookies\" \/>\n<meta property=\"og:url\" content=\"https:\/\/www.ipsen.com\/canada\/fr\/politique-relative-aux-cookies\/\" \/>\n<meta property=\"og:site_name\" content=\"Canada\" \/>\n<meta property=\"article:modified_time\" content=\"2024-09-30T05:48:38+00:00\" \/>\n<meta name=\"twitter:card\" content=\"summary_large_image\" \/>\n<meta name=\"twitter:label1\" content=\"Est. reading time\" \/>\n\t<meta name=\"twitter:data1\" content=\"3 minutes\" \/>\n<script type=\"application\/ld+json\" class=\"yoast-schema-graph\">{\"@context\":\"https:\/\/schema.org\",\"@graph\":[{\"@type\":\"WebPage\",\"@id\":\"https:\/\/www.ipsen.com\/canada\/fr\/politique-relative-aux-cookies\/\",\"url\":\"https:\/\/www.ipsen.com\/canada\/fr\/politique-relative-aux-cookies\/\",\"name\":\"Politique relative aux cookies\",\"isPartOf\":{\"@id\":\"https:\/\/www.ipsen.com\/canada\/fr\/#website\"},\"datePublished\":\"2024-09-04T04:52:42+00:00\",\"dateModified\":\"2024-09-30T05:48:38+00:00\",\"description\":\"Politique Ipsen relative aux cookies\",\"breadcrumb\":{\"@id\":\"https:\/\/www.ipsen.com\/canada\/fr\/politique-relative-aux-cookies\/#breadcrumb\"},\"inLanguage\":\"fr-FR\",\"potentialAction\":[{\"@type\":\"ReadAction\",\"target\":[\"https:\/\/www.ipsen.com\/canada\/fr\/politique-relative-aux-cookies\/\"]}]},{\"@type\":\"BreadcrumbList\",\"@id\":\"https:\/\/www.ipsen.com\/canada\/fr\/politique-relative-aux-cookies\/#breadcrumb\",\"itemListElement\":[{\"@type\":\"ListItem\",\"position\":1,\"name\":\"Home\",\"item\":\"https:\/\/www.ipsen.com\/canada\/fr\/\"},{\"@type\":\"ListItem\",\"position\":2,\"name\":\"Politique relative aux cookies\"}]},{\"@type\":\"WebSite\",\"@id\":\"https:\/\/www.ipsen.com\/canada\/fr\/#website\",\"url\":\"https:\/\/www.ipsen.com\/canada\/fr\/\",\"name\":\"Canada\",\"description\":\"\",\"publisher\":{\"@id\":\"https:\/\/www.ipsen.com\/canada\/fr\/#organization\"},\"potentialAction\":[{\"@type\":\"SearchAction\",\"target\":{\"@type\":\"EntryPoint\",\"urlTemplate\":\"https:\/\/www.ipsen.com\/canada\/fr\/?s={search_term_string}\"},\"query-input\":{\"@type\":\"PropertyValueSpecification\",\"valueRequired\":true,\"valueName\":\"search_term_string\"}}],\"inLanguage\":\"fr-FR\"},{\"@type\":\"Organization\",\"@id\":\"https:\/\/www.ipsen.com\/canada\/fr\/#organization\",\"name\":\"Canada\",\"url\":\"https:\/\/www.ipsen.com\/canada\/fr\/\",\"logo\":{\"@type\":\"ImageObject\",\"inLanguage\":\"fr-FR\",\"@id\":\"https:\/\/www.ipsen.com\/canada\/fr\/#\/schema\/logo\/image\/\",\"url\":\"https:\/\/www.ipsen.com\/canada\/wp-content\/uploads\/sites\/16\/2024\/06\/Logo-Ipsen-new.svg\",\"contentUrl\":\"https:\/\/www.ipsen.com\/canada\/wp-content\/uploads\/sites\/16\/2024\/06\/Logo-Ipsen-new.svg\",\"caption\":\"Canada\"},\"image\":{\"@id\":\"https:\/\/www.ipsen.com\/canada\/fr\/#\/schema\/logo\/image\/\"}}]}<\/script>\n<!-- \/ Yoast SEO plugin. -->","yoast_head_json":{"title":"Politique relative aux cookies","description":"Politique Ipsen relative aux cookies","robots":{"index":"index","follow":"follow","max-snippet":"max-snippet:-1","max-image-preview":"max-image-preview:large","max-video-preview":"max-video-preview:-1"},"canonical":"https:\/\/www.ipsen.com\/canada\/fr\/politique-relative-aux-cookies\/","og_locale":"fr_FR","og_type":"article","og_title":"Politique relative aux cookies","og_description":"Politique Ipsen relative aux cookies","og_url":"https:\/\/www.ipsen.com\/canada\/fr\/politique-relative-aux-cookies\/","og_site_name":"Canada","article_modified_time":"2024-09-30T05:48:38+00:00","twitter_card":"summary_large_image","twitter_misc":{"Est. reading time":"3 minutes"},"schema":{"@context":"https:\/\/schema.org","@graph":[{"@type":"WebPage","@id":"https:\/\/www.ipsen.com\/canada\/fr\/politique-relative-aux-cookies\/","url":"https:\/\/www.ipsen.com\/canada\/fr\/politique-relative-aux-cookies\/","name":"Politique relative aux cookies","isPartOf":{"@id":"https:\/\/www.ipsen.com\/canada\/fr\/#website"},"datePublished":"2024-09-04T04:52:42+00:00","dateModified":"2024-09-30T05:48:38+00:00","description":"Politique Ipsen relative aux cookies","breadcrumb":{"@id":"https:\/\/www.ipsen.com\/canada\/fr\/politique-relative-aux-cookies\/#breadcrumb"},"inLanguage":"fr-FR","potentialAction":[{"@type":"ReadAction","target":["https:\/\/www.ipsen.com\/canada\/fr\/politique-relative-aux-cookies\/"]}]},{"@type":"BreadcrumbList","@id":"https:\/\/www.ipsen.com\/canada\/fr\/politique-relative-aux-cookies\/#breadcrumb","itemListElement":[{"@type":"ListItem","position":1,"name":"Home","item":"https:\/\/www.ipsen.com\/canada\/fr\/"},{"@type":"ListItem","position":2,"name":"Politique relative aux cookies"}]},{"@type":"WebSite","@id":"https:\/\/www.ipsen.com\/canada\/fr\/#website","url":"https:\/\/www.ipsen.com\/canada\/fr\/","name":"Canada","description":"","publisher":{"@id":"https:\/\/www.ipsen.com\/canada\/fr\/#organization"},"potentialAction":[{"@type":"SearchAction","target":{"@type":"EntryPoint","urlTemplate":"https:\/\/www.ipsen.com\/canada\/fr\/?s={search_term_string}"},"query-input":{"@type":"PropertyValueSpecification","valueRequired":true,"valueName":"search_term_string"}}],"inLanguage":"fr-FR"},{"@type":"Organization","@id":"https:\/\/www.ipsen.com\/canada\/fr\/#organization","name":"Canada","url":"https:\/\/www.ipsen.com\/canada\/fr\/","logo":{"@type":"ImageObject","inLanguage":"fr-FR","@id":"https:\/\/www.ipsen.com\/canada\/fr\/#\/schema\/logo\/image\/","url":"https:\/\/www.ipsen.com\/canada\/wp-content\/uploads\/sites\/16\/2024\/06\/Logo-Ipsen-new.svg","contentUrl":"https:\/\/www.ipsen.com\/canada\/wp-content\/uploads\/sites\/16\/2024\/06\/Logo-Ipsen-new.svg","caption":"Canada"},"image":{"@id":"https:\/\/www.ipsen.com\/canada\/fr\/#\/schema\/logo\/image\/"}}]}},"parsely":{"version":"1.1.0","canonical_url":"https:\/\/ipsen.com\/canada\/fr\/politique-relative-aux-cookies\/","smart_links":{"inbound":0,"outbound":0},"traffic_boost_suggestions_count":0,"meta":{"@context":"https:\/\/schema.org","@type":"WebPage","headline":"Politique relative aux cookies","url":"http:\/\/www.ipsen.com\/canada\/fr\/politique-relative-aux-cookies\/","mainEntityOfPage":{"@type":"WebPage","@id":"http:\/\/www.ipsen.com\/canada\/fr\/politique-relative-aux-cookies\/"},"thumbnailUrl":"","image":{"@type":"ImageObject","url":""},"articleSection":"Non classifi\u00e9(e)","author":[{"@type":"Person","name":"navya"}],"creator":["navya"],"publisher":{"@type":"Organization","name":"Canada","logo":""},"keywords":[],"dateCreated":"2024-09-04T04:52:42Z","datePublished":"2024-09-04T04:52:42Z","dateModified":"2024-09-30T05:48:38Z"},"rendered":"<script type=\"application\/ld+json\" class=\"wp-parsely-metadata\">{\"@context\":\"https:\\\/\\\/schema.org\",\"@type\":\"WebPage\",\"headline\":\"Politique relative aux cookies\",\"url\":\"http:\\\/\\\/www.ipsen.com\\\/canada\\\/fr\\\/politique-relative-aux-cookies\\\/\",\"mainEntityOfPage\":{\"@type\":\"WebPage\",\"@id\":\"http:\\\/\\\/www.ipsen.com\\\/canada\\\/fr\\\/politique-relative-aux-cookies\\\/\"},\"thumbnailUrl\":\"\",\"image\":{\"@type\":\"ImageObject\",\"url\":\"\"},\"articleSection\":\"Non classifi\\u00e9(e)\",\"author\":[{\"@type\":\"Person\",\"name\":\"navya\"}],\"creator\":[\"navya\"],\"publisher\":{\"@type\":\"Organization\",\"name\":\"Canada\",\"logo\":\"\"},\"keywords\":[],\"dateCreated\":\"2024-09-04T04:52:42Z\",\"datePublished\":\"2024-09-04T04:52:42Z\",\"dateModified\":\"2024-09-30T05:48:38Z\"}<\/script>","tracker_url":"https:\/\/cdn.parsely.com\/keys\/ipsen.com\/p.js"},"jetpack_sharing_enabled":true,"_links":{"self":[{"href":"https:\/\/www.ipsen.com\/canada\/fr\/wp-json\/wp\/v2\/pages\/1063","targetHints":{"allow":["GET"]}}],"collection":[{"href":"https:\/\/www.ipsen.com\/canada\/fr\/wp-json\/wp\/v2\/pages"}],"about":[{"href":"https:\/\/www.ipsen.com\/canada\/fr\/wp-json\/wp\/v2\/types\/page"}],"author":[{"embeddable":true,"href":"https:\/\/www.ipsen.com\/canada\/fr\/wp-json\/wp\/v2\/users\/2"}],"replies":[{"embeddable":true,"href":"https:\/\/www.ipsen.com\/canada\/fr\/wp-json\/wp\/v2\/comments?post=1063"}],"version-history":[{"count":5,"href":"https:\/\/www.ipsen.com\/canada\/fr\/wp-json\/wp\/v2\/pages\/1063\/revisions"}],"predecessor-version":[{"id":1384,"href":"https:\/\/www.ipsen.com\/canada\/fr\/wp-json\/wp\/v2\/pages\/1063\/revisions\/1384"}],"wp:attachment":[{"href":"https:\/\/www.ipsen.com\/canada\/fr\/wp-json\/wp\/v2\/media?parent=1063"}],"curies":[{"name":"wp","href":"https:\/\/api.w.org\/{rel}","templated":true}]}}