{"id":99,"date":"2025-02-04T07:09:40","date_gmt":"2025-02-04T05:09:40","guid":{"rendered":"https:\/\/www.ipsen.com\/br\/?page_id=99"},"modified":"2025-07-31T11:17:54","modified_gmt":"2025-07-31T09:17:54","slug":"comunidade-de-pacientes","status":"publish","type":"page","link":"https:\/\/www.ipsen.com\/brazil\/pacientes\/comunidade-de-pacientes\/","title":{"rendered":"Comunidade de pacientes"},"content":{"rendered":"    <section class=\"sub-page-banner bg-img\" style=\"background-image:url(https:\/\/www.ipsen.com\/brazil\/wp-content\/uploads\/sites\/22\/2025\/07\/Patients-Collaborate-with-us.jpg)\">\n        <div class=\"container content-sec\">\n            <nav aria-label=\"breadcrumb\">\n            <ol class=\"breadcrumb\">\n                <li class=\"breadcrumb-item\"><a href=\"https:\/\/www.ipsen.com\/brazil\">Home<\/a><\/li><li class=\"breadcrumb-item visible\"><a href=\"https:\/\/www.ipsen.com\/brazil\/pacientes\/\">Pacientes<\/a><\/li><li class=\"breadcrumb-item active\"><a class=\"link-pointer-events-none\" href=\"#\" aria-current=\"page\">Comunidade de pacientes<\/a><\/li><\/ol>\n            <\/nav>            <h1 class=\"visible\">Comunidade de pacientes<\/h1>\n            <p class=\"visible\">Estamos sempre buscando oportunidades para criar solu\u00e7\u00f5es que ofere\u00e7am impacto de longo prazo.<\/p>\n        <\/div>\n    <\/section>\n\n\n\n<div class=\"wp-block-columns alignfull is-layout-flex wp-container-core-columns-is-layout-9d6595d7 wp-block-columns-is-layout-flex\">\n<div class=\"wp-block-column is-layout-flow wp-block-column-is-layout-flow\" style=\"flex-basis:75%\">\n<div class=\"wp-block-group\"><div class=\"wp-block-group__inner-container is-layout-constrained wp-block-group-is-layout-constrained\">\n<div class=\"wp-block-columns is-layout-flex wp-container-core-columns-is-layout-9d6595d7 wp-block-columns-is-layout-flex\">\n<div class=\"wp-block-column is-layout-flow wp-block-column-is-layout-flow\">\n<h3 class=\"wp-block-heading\">Colaborando com a comunidade de pacientes<\/h3>\n\n\n\n<p><br>Trabalhamos em conjunto com associa\u00e7\u00f5es de pacientes e pacientes para que juntos possamos desenvolver solu\u00e7\u00f5es que ofere\u00e7am impacto de longo prazo: Estamos sempre buscando oportunidades para estreitar o relacionamento com a comunidade.<\/p>\n\n\n\n<figure class=\"wp-block-image alignfull size-full\"><img loading=\"lazy\" decoding=\"async\" width=\"1563\" height=\"723\" src=\"https:\/\/www.ipsen.com\/brazil\/wp-content\/uploads\/sites\/22\/2025\/07\/POs-1.jpg\" alt=\"\" class=\"wp-image-1156\" srcset=\"https:\/\/www.ipsen.com\/brazil\/wp-content\/uploads\/sites\/22\/2025\/07\/POs-1.jpg 1563w, https:\/\/www.ipsen.com\/brazil\/wp-content\/uploads\/sites\/22\/2025\/07\/POs-1.jpg?resize=300,139 300w, https:\/\/www.ipsen.com\/brazil\/wp-content\/uploads\/sites\/22\/2025\/07\/POs-1.jpg?resize=768,355 768w, https:\/\/www.ipsen.com\/brazil\/wp-content\/uploads\/sites\/22\/2025\/07\/POs-1.jpg?resize=1024,474 1024w, https:\/\/www.ipsen.com\/brazil\/wp-content\/uploads\/sites\/22\/2025\/07\/POs-1.jpg?resize=1536,711 1536w\" sizes=\"auto, (max-width: 1563px) 100vw, 1563px\" \/><\/figure>\n\n\n\n<div style=\"height:47px\" aria-hidden=\"true\" class=\"wp-block-spacer\"><\/div>\n\n\n\n<p>Na Ipsen, trabalhamos em conjunto com os pacientes, para os pacientes. Juntos, colaboramos para oferecer inova\u00e7\u00f5es e melhorar o acesso \u00e0 informa\u00e7\u00e3o, orientados pelas prioridades dos pacientes.<\/p>\n<\/div>\n<\/div>\n<\/div><\/div>\n\n\n    <section class=\"title-text \">\n        <div class=\"container\">\n            <div class=\"title-text-inner\" style=\"background-color:#EDEBE4;\">\n\n                <!-- If heading is enabled then it's visible -->\n                <div class=\"text-head-dash visible\">\n                <h3 class=\"heading-three\" role=\"heading\" aria-level=\"2\">\n                        Trabalhamos junto com os pacientes, para os pacientes                    <\/h3>\n                <\/div>\n               \n                <!-- If description is enabled then it's visible -->\n                <div class=\"text-parbase visible\">\n                    <p><strong>Quando dizemos que trabalhamos juntos com os pacientes, para os pacientes, o que isso significa?<\/strong><\/p>\n<p>Nosso objetivo \u00e9 garantir que, em tudo o que fazemos, os pacientes e as associa\u00e7\u00f5es de pacientes sempre tenham espa\u00e7o. Isso significa intera\u00e7\u00e3o ativa, significativa e colaborativa entre associa\u00e7\u00f5es de pacientes, pacientes, suas fam\u00edlias, profissionais da sa\u00fade e pesquisadores em todos os est\u00e1gios de pesquisa e desenvolvimento de produtos de sa\u00fade, reconhecendo as contribui\u00e7\u00f5es dos pacientes como parceiros, com base em suas experi\u00eancias, valores e conhecimentos espec\u00edficos.<\/p>\n<p>O primeiro passo \u00e9 ouvir para entender e incorporar as perspectivas dos pacientes em cada est\u00e1gio do processo de desenvolvimento de medicamentos, com o objetivo de melhorar sua experi\u00eancia.<\/p>\n<p>Em nossas parcerias, buscamos continuamente aprimorar nosso relacionamento com as associa\u00e7\u00f5es de pacientes e as comunidades que elas representam, perguntando como podemos fazer melhor.<\/p>\n<p>Se voc\u00ea tem um projeto no qual acredita que a Ipsen poderia colaborar com voc\u00ea, adorar\u00edamos conhecer.<\/p>\n                <\/div>\n\n                <!-- If button is enabled then it's visible -->\n                \n            <\/div>\n        <\/div>\n    <\/section>\n\n\n\n<h3 class=\"wp-block-heading\">Pilares da colabora\u00e7\u00e3o<\/h3>\n\n\n<!-- Text & Media Block Code -->\n<section class=\"two-col-section text-media-section\">\n    <div class=\"container two-section-innner \">\n        <div class=\"response-inner\" style=\"background-image: url('')\">\n            <div class=\"row \">\n                <div class=\"col-xs-12 col-sm-12 col-md-6\">\n                                                    <div class=\"img-video-section\">\n                                <img decoding=\"async\" \n                                    src=\"https:\/\/www.ipsen.com\/brazil\/wp-content\/uploads\/sites\/22\/2025\/06\/Patient-page-2.jpg\" \n                                    alt=\"\" \n                                >\n                            <\/div>\n                                        <\/div>\n                <div class=\" col-xs-12 col-sm-12 col-md-6\">\n                    <div class=\"section-content\">\n                        <div class=\"heading-dash\">\n                                                            <span class=\"dash\"><\/span>\n                                <h4 class=\"heading-para heading-four\" role=\"heading\" aria-level=\"2\">\n                                    Di\u00e1logo                                <\/h4>\n                                                    <\/div>\n                                                <p>Ao desenvolver novos medicamentos, iniciamos o di\u00e1logo com os pacientes o mais cedo poss\u00edvel para ouvi-los e compreender melhor quais iniciativas e materiais seriam mais adequados para melhorar sua experi\u00eancia.<\/p>\n                            <a \n                            aria-label=\" about Di\u00e1logo\"  \n                                role=\"link\" \n                                class=\"btn-link hidden\"\n                                href=\"\" \n                                target=\"_self\"\n                            > \n                                 \n                            <\/a>\n\n                    <\/div>\n                <\/div>\n            <\/div>\n        <\/div>\n    <\/div>\n<\/section>\n\n<!-- Text & Media Block Code -->\n<section class=\"two-col-section text-media-section\">\n    <div class=\"container two-section-innner section-reverse\">\n        <div class=\"response-inner\" style=\"background-image: url('')\">\n            <div class=\"row section-reverse\">\n                <div class=\"col-xs-12 col-sm-12 col-md-6\">\n                                                    <div class=\"img-video-section\">\n                                <img decoding=\"async\" \n                                    src=\"https:\/\/www.ipsen.com\/brazil\/wp-content\/uploads\/sites\/22\/2025\/06\/Patient-page-3.jpg\" \n                                    alt=\"\" \n                                >\n                            <\/div>\n                                        <\/div>\n                <div class=\" col-xs-12 col-sm-12 col-md-6\">\n                    <div class=\"section-content\">\n                        <div class=\"heading-dash\">\n                                                            <span class=\"dash\"><\/span>\n                                <h4 class=\"heading-para heading-four\" role=\"heading\" aria-level=\"2\">\n                                    Colabora\u00e7\u00e3o                                <\/h4>\n                                                    <\/div>\n                                                <p>Trabalhamos em conjunto com associa\u00e7\u00f5es de pacientes ao redor do mundo. Acreditamos que uma colabora\u00e7\u00e3o eficaz \u00e9 alcan\u00e7ada quando as opini\u00f5es dos pacientes t\u00eam o mesmo peso das de outros stakeholders chave.<\/p>\n                            <a \n                            aria-label=\" about Colabora\u00e7\u00e3o\"  \n                                role=\"link\" \n                                class=\"btn-link hidden\"\n                                href=\"\" \n                                target=\"_self\"\n                            > \n                                 \n                            <\/a>\n\n                    <\/div>\n                <\/div>\n            <\/div>\n        <\/div>\n    <\/div>\n<\/section>\n\n<!-- Text & Media Block Code -->\n<section class=\"two-col-section text-media-section\">\n    <div class=\"container two-section-innner \">\n        <div class=\"response-inner\" style=\"background-image: url('')\">\n            <div class=\"row \">\n                <div class=\"col-xs-12 col-sm-12 col-md-6\">\n                                                    <div class=\"img-video-section\">\n                                <img decoding=\"async\" \n                                    src=\"https:\/\/www.ipsen.com\/brazil\/wp-content\/uploads\/sites\/22\/2025\/06\/Patient-page-4.jpg\" \n                                    alt=\"\" \n                                >\n                            <\/div>\n                                        <\/div>\n                <div class=\" col-xs-12 col-sm-12 col-md-6\">\n                    <div class=\"section-content\">\n                        <div class=\"heading-dash\">\n                                                            <span class=\"dash\"><\/span>\n                                <h4 class=\"heading-para heading-four\" role=\"heading\" aria-level=\"2\">\n                                    Transforma\u00e7\u00e3o                                <\/h4>\n                                                    <\/div>\n                                                <p>Do laborat\u00f3rio ao mundo real, coletamos evid\u00eancias e dados sobre a qualidade de vida que garantem que nossas descobertas cient\u00edficas acompanhem as necessidades dos pacientes.<\/p>\n                            <a \n                            aria-label=\" about Transforma\u00e7\u00e3o\"  \n                                role=\"link\" \n                                class=\"btn-link hidden\"\n                                href=\"\" \n                                target=\"_self\"\n                            > \n                                 \n                            <\/a>\n\n                    <\/div>\n                <\/div>\n            <\/div>\n        <\/div>\n    <\/div>\n<\/section><\/div>\n\n\n\n<div class=\"wp-block-column is-layout-flow wp-block-column-is-layout-flow\" style=\"flex-basis:25%\">\n    <section class=\"side-panel contacts-card\">\n        <div class=\"container\">\n            <div class=\"side-media-contacts\">\n    <div class=\"media-contacts-head visible\">\n    <h6 class=\"contact-side heading-six\" role=\"heading\" aria-level=\"2\">\n            Seus contatos dedicados        <\/h6>\n    <\/div>\n    <div class=\"media-contacts-list\">\n        <div class=\"main-media-contact-list\">\n                               \n                        \n                        <h5 class=\"name-label visible\" role=\"heading\" aria-level=\"3\">Informa\u00e7\u00f5es m\u00e9dicas e sobre produtos<\/h5>\n                                                <!--<p class=\"designation-country \"><\/p> -->\n                        \n                        <div class=\"parent-list\">\n                            \n                                                            <ul class=\"phone-child visible\" >\n                                    <li class=\"phone\"><img decoding=\"async\" src=\"https:\/\/www.ipsen.com\/brazil\/wp-content\/themes\/ipsen-main\/dist\/images\/Phone-Icon-New.svg\" alt=\"N\u00famero de telefone\"><\/li>\n                                    <li class=\"phone-number\"><a href=\"tel:+33 1 58 33 50 00\" id=\"user_phone\">+33 1 58 33 50 00<\/a><\/li>\n                                    <li class=\"copy-icon\">\n                                        <button type=\"button\" class=\"copy-btn desktop-view\" data-value=\"+33 1 58 33 50 00\" aria-label=\"Copiar n\u00famero de telefone\">\n                                            <img decoding=\"async\" src=\"https:\/\/www.ipsen.com\/brazil\/wp-content\/themes\/ipsen-main\/dist\/images\/Copy-Icon-New.svg\" alt=\"\">\n                                        <\/button>\n                                    <\/li>\n                                <\/ul>\n                            \n                              \n\n                                                            <ul class=\"email-child visible\">\n                                    <li class=\"email\"><img decoding=\"async\" src=\"https:\/\/www.ipsen.com\/brazil\/wp-content\/themes\/ipsen-main\/dist\/images\/Mail-Icon-New.svg\" alt=\"Endere\u00e7o de email\"><\/li>\n                                    <li class=\"email-id\"><a href=\"mailto:Globalmedinfo@ipsen.com\" id=\"user_email\">Globalmedinfo@ipsen.com<\/a><\/li>\n                                    <li class=\"copy-icon\">\n                                        <button type=\"button\" class=\"copy-btn desktop-view\" data-value=\"Globalmedinfo@ipsen.com\" aria-label=\"Copiar endere\u00e7o de e-mail\">\n                                            <img decoding=\"async\" src=\"https:\/\/www.ipsen.com\/brazil\/wp-content\/themes\/ipsen-main\/dist\/images\/Copy-Icon-New.svg\" alt=\"\">\n                                        <\/button>\n                                    <\/li>\n                                <\/ul>\n                            \n                                                      <\/ul>          \n                        <\/div>\n                                            \n\n                    <hr class=\"down-divider hidden\"> \n                                 \n        <\/div>\n\n        \n    <\/div>\n<\/div>        <\/div> \n    <\/section>\n<\/div>\n<\/div>\n","protected":false},"excerpt":{"rendered":"","protected":false},"author":2,"featured_media":0,"parent":91,"menu_order":0,"comment_status":"closed","ping_status":"closed","template":"","meta":{"_acf_changed":false,"footnotes":""},"class_list":["post-99","page","type-page","status-publish","hentry","entry"],"acf":[],"yoast_head":"<!-- This site is optimized with the Yoast SEO plugin v26.8 - https:\/\/yoast.com\/product\/yoast-seo-wordpress\/ -->\n<title>Colabore conosco<\/title>\n<meta name=\"description\" content=\"Colaboramos com pacientes e organiza\u00e7\u00f5es de pacientes para que juntos possamos desenvolver solu\u00e7\u00f5es que ofere\u00e7am impacto de longo prazo.\" \/>\n<meta name=\"robots\" content=\"index, follow, max-snippet:-1, max-image-preview:large, max-video-preview:-1\" \/>\n<link rel=\"canonical\" href=\"https:\/\/www.ipsen.com\/brazil\/pacientes\/comunidade-de-pacientes\/\" \/>\n<meta property=\"og:locale\" content=\"pt_BR\" \/>\n<meta property=\"og:type\" content=\"article\" \/>\n<meta property=\"og:title\" content=\"Colabore conosco\" \/>\n<meta property=\"og:description\" content=\"Colaboramos com pacientes e organiza\u00e7\u00f5es de pacientes para que juntos possamos desenvolver solu\u00e7\u00f5es que ofere\u00e7am impacto de longo prazo.\" \/>\n<meta property=\"og:url\" content=\"https:\/\/www.ipsen.com\/brazil\/pacientes\/comunidade-de-pacientes\/\" \/>\n<meta property=\"og:site_name\" content=\"Brazil\" \/>\n<meta property=\"article:modified_time\" content=\"2025-07-31T09:17:54+00:00\" \/>\n<meta property=\"og:image\" content=\"https:\/\/www.ipsen.com\/brazil\/wp-content\/uploads\/sites\/22\/2025\/07\/POs-1.jpg\" \/>\n<meta name=\"twitter:card\" content=\"summary_large_image\" \/>\n<meta name=\"twitter:label1\" content=\"Est. reading time\" \/>\n\t<meta name=\"twitter:data1\" content=\"1 minute\" \/>\n<script type=\"application\/ld+json\" class=\"yoast-schema-graph\">{\"@context\":\"https:\/\/schema.org\",\"@graph\":[{\"@type\":\"WebPage\",\"@id\":\"https:\/\/www.ipsen.com\/brazil\/pacientes\/comunidade-de-pacientes\/\",\"url\":\"https:\/\/www.ipsen.com\/brazil\/pacientes\/comunidade-de-pacientes\/\",\"name\":\"Colabore conosco\",\"isPartOf\":{\"@id\":\"https:\/\/www.ipsen.com\/brazil\/#website\"},\"primaryImageOfPage\":{\"@id\":\"https:\/\/www.ipsen.com\/brazil\/pacientes\/comunidade-de-pacientes\/#primaryimage\"},\"image\":{\"@id\":\"https:\/\/www.ipsen.com\/brazil\/pacientes\/comunidade-de-pacientes\/#primaryimage\"},\"thumbnailUrl\":\"https:\/\/www.ipsen.com\/brazil\/wp-content\/uploads\/sites\/22\/2025\/07\/POs-1.jpg\",\"datePublished\":\"2025-02-04T05:09:40+00:00\",\"dateModified\":\"2025-07-31T09:17:54+00:00\",\"description\":\"Colaboramos com pacientes e organiza\u00e7\u00f5es de pacientes para que juntos possamos desenvolver solu\u00e7\u00f5es que ofere\u00e7am impacto de longo prazo.\",\"breadcrumb\":{\"@id\":\"https:\/\/www.ipsen.com\/brazil\/pacientes\/comunidade-de-pacientes\/#breadcrumb\"},\"inLanguage\":\"pt-BR\",\"potentialAction\":[{\"@type\":\"ReadAction\",\"target\":[\"https:\/\/www.ipsen.com\/brazil\/pacientes\/comunidade-de-pacientes\/\"]}]},{\"@type\":\"ImageObject\",\"inLanguage\":\"pt-BR\",\"@id\":\"https:\/\/www.ipsen.com\/brazil\/pacientes\/comunidade-de-pacientes\/#primaryimage\",\"url\":\"https:\/\/www.ipsen.com\/brazil\/wp-content\/uploads\/sites\/22\/2025\/07\/POs-1.jpg\",\"contentUrl\":\"https:\/\/www.ipsen.com\/brazil\/wp-content\/uploads\/sites\/22\/2025\/07\/POs-1.jpg\",\"width\":1563,\"height\":723},{\"@type\":\"BreadcrumbList\",\"@id\":\"https:\/\/www.ipsen.com\/brazil\/pacientes\/comunidade-de-pacientes\/#breadcrumb\",\"itemListElement\":[{\"@type\":\"ListItem\",\"position\":1,\"name\":\"Home\",\"item\":\"https:\/\/www.ipsen.com\/brazil\/\"},{\"@type\":\"ListItem\",\"position\":2,\"name\":\"Pacientes\",\"item\":\"https:\/\/www.ipsen.com\/brazil\/pacientes\/\"},{\"@type\":\"ListItem\",\"position\":3,\"name\":\"Comunidade de pacientes\"}]},{\"@type\":\"WebSite\",\"@id\":\"https:\/\/www.ipsen.com\/brazil\/#website\",\"url\":\"https:\/\/www.ipsen.com\/brazil\/\",\"name\":\"Brazil\",\"description\":\"\",\"publisher\":{\"@id\":\"https:\/\/www.ipsen.com\/brazil\/#organization\"},\"potentialAction\":[{\"@type\":\"SearchAction\",\"target\":{\"@type\":\"EntryPoint\",\"urlTemplate\":\"https:\/\/www.ipsen.com\/brazil\/?s={search_term_string}\"},\"query-input\":{\"@type\":\"PropertyValueSpecification\",\"valueRequired\":true,\"valueName\":\"search_term_string\"}}],\"inLanguage\":\"pt-BR\"},{\"@type\":\"Organization\",\"@id\":\"https:\/\/www.ipsen.com\/brazil\/#organization\",\"name\":\"Brazil\",\"url\":\"https:\/\/www.ipsen.com\/brazil\/\",\"logo\":{\"@type\":\"ImageObject\",\"inLanguage\":\"pt-BR\",\"@id\":\"https:\/\/www.ipsen.com\/brazil\/#\/schema\/logo\/image\/\",\"url\":\"https:\/\/www.ipsen.com\/brazil\/wp-content\/uploads\/sites\/22\/2024\/12\/Logo-Ipsen-new.svg\",\"contentUrl\":\"https:\/\/www.ipsen.com\/brazil\/wp-content\/uploads\/sites\/22\/2024\/12\/Logo-Ipsen-new.svg\",\"caption\":\"Brazil\"},\"image\":{\"@id\":\"https:\/\/www.ipsen.com\/brazil\/#\/schema\/logo\/image\/\"}}]}<\/script>\n<!-- \/ Yoast SEO plugin. -->","yoast_head_json":{"title":"Colabore conosco","description":"Colaboramos com pacientes e organiza\u00e7\u00f5es de pacientes para que juntos possamos desenvolver solu\u00e7\u00f5es que ofere\u00e7am impacto de longo prazo.","robots":{"index":"index","follow":"follow","max-snippet":"max-snippet:-1","max-image-preview":"max-image-preview:large","max-video-preview":"max-video-preview:-1"},"canonical":"https:\/\/www.ipsen.com\/brazil\/pacientes\/comunidade-de-pacientes\/","og_locale":"pt_BR","og_type":"article","og_title":"Colabore conosco","og_description":"Colaboramos com pacientes e organiza\u00e7\u00f5es de pacientes para que juntos possamos desenvolver solu\u00e7\u00f5es que ofere\u00e7am impacto de longo prazo.","og_url":"https:\/\/www.ipsen.com\/brazil\/pacientes\/comunidade-de-pacientes\/","og_site_name":"Brazil","article_modified_time":"2025-07-31T09:17:54+00:00","og_image":[{"url":"https:\/\/www.ipsen.com\/brazil\/wp-content\/uploads\/sites\/22\/2025\/07\/POs-1.jpg","type":"","width":"","height":""}],"twitter_card":"summary_large_image","twitter_misc":{"Est. reading time":"1 minute"},"schema":{"@context":"https:\/\/schema.org","@graph":[{"@type":"WebPage","@id":"https:\/\/www.ipsen.com\/brazil\/pacientes\/comunidade-de-pacientes\/","url":"https:\/\/www.ipsen.com\/brazil\/pacientes\/comunidade-de-pacientes\/","name":"Colabore conosco","isPartOf":{"@id":"https:\/\/www.ipsen.com\/brazil\/#website"},"primaryImageOfPage":{"@id":"https:\/\/www.ipsen.com\/brazil\/pacientes\/comunidade-de-pacientes\/#primaryimage"},"image":{"@id":"https:\/\/www.ipsen.com\/brazil\/pacientes\/comunidade-de-pacientes\/#primaryimage"},"thumbnailUrl":"https:\/\/www.ipsen.com\/brazil\/wp-content\/uploads\/sites\/22\/2025\/07\/POs-1.jpg","datePublished":"2025-02-04T05:09:40+00:00","dateModified":"2025-07-31T09:17:54+00:00","description":"Colaboramos com pacientes e organiza\u00e7\u00f5es de pacientes para que juntos possamos desenvolver solu\u00e7\u00f5es que ofere\u00e7am impacto de longo prazo.","breadcrumb":{"@id":"https:\/\/www.ipsen.com\/brazil\/pacientes\/comunidade-de-pacientes\/#breadcrumb"},"inLanguage":"pt-BR","potentialAction":[{"@type":"ReadAction","target":["https:\/\/www.ipsen.com\/brazil\/pacientes\/comunidade-de-pacientes\/"]}]},{"@type":"ImageObject","inLanguage":"pt-BR","@id":"https:\/\/www.ipsen.com\/brazil\/pacientes\/comunidade-de-pacientes\/#primaryimage","url":"https:\/\/www.ipsen.com\/brazil\/wp-content\/uploads\/sites\/22\/2025\/07\/POs-1.jpg","contentUrl":"https:\/\/www.ipsen.com\/brazil\/wp-content\/uploads\/sites\/22\/2025\/07\/POs-1.jpg","width":1563,"height":723},{"@type":"BreadcrumbList","@id":"https:\/\/www.ipsen.com\/brazil\/pacientes\/comunidade-de-pacientes\/#breadcrumb","itemListElement":[{"@type":"ListItem","position":1,"name":"Home","item":"https:\/\/www.ipsen.com\/brazil\/"},{"@type":"ListItem","position":2,"name":"Pacientes","item":"https:\/\/www.ipsen.com\/brazil\/pacientes\/"},{"@type":"ListItem","position":3,"name":"Comunidade de pacientes"}]},{"@type":"WebSite","@id":"https:\/\/www.ipsen.com\/brazil\/#website","url":"https:\/\/www.ipsen.com\/brazil\/","name":"Brazil","description":"","publisher":{"@id":"https:\/\/www.ipsen.com\/brazil\/#organization"},"potentialAction":[{"@type":"SearchAction","target":{"@type":"EntryPoint","urlTemplate":"https:\/\/www.ipsen.com\/brazil\/?s={search_term_string}"},"query-input":{"@type":"PropertyValueSpecification","valueRequired":true,"valueName":"search_term_string"}}],"inLanguage":"pt-BR"},{"@type":"Organization","@id":"https:\/\/www.ipsen.com\/brazil\/#organization","name":"Brazil","url":"https:\/\/www.ipsen.com\/brazil\/","logo":{"@type":"ImageObject","inLanguage":"pt-BR","@id":"https:\/\/www.ipsen.com\/brazil\/#\/schema\/logo\/image\/","url":"https:\/\/www.ipsen.com\/brazil\/wp-content\/uploads\/sites\/22\/2024\/12\/Logo-Ipsen-new.svg","contentUrl":"https:\/\/www.ipsen.com\/brazil\/wp-content\/uploads\/sites\/22\/2024\/12\/Logo-Ipsen-new.svg","caption":"Brazil"},"image":{"@id":"https:\/\/www.ipsen.com\/brazil\/#\/schema\/logo\/image\/"}}]}},"parsely":{"version":"1.1.0","canonical_url":"https:\/\/ipsen.com\/brazil\/pacientes\/comunidade-de-pacientes\/","smart_links":{"inbound":0,"outbound":0},"traffic_boost_suggestions_count":0,"meta":{"@context":"https:\/\/schema.org","@type":"WebPage","headline":"Comunidade de pacientes","url":"http:\/\/www.ipsen.com\/brazil\/pacientes\/comunidade-de-pacientes\/","mainEntityOfPage":{"@type":"WebPage","@id":"http:\/\/www.ipsen.com\/brazil\/pacientes\/comunidade-de-pacientes\/"},"thumbnailUrl":"","image":{"@type":"ImageObject","url":""},"articleSection":"N\u00e3o categorizado","author":[{"@type":"Person","name":"navya"}],"creator":["navya"],"publisher":{"@type":"Organization","name":"Brazil","logo":""},"keywords":[],"dateCreated":"2025-02-04T05:09:40Z","datePublished":"2025-02-04T05:09:40Z","dateModified":"2025-07-31T09:17:54Z"},"rendered":"<script type=\"application\/ld+json\" class=\"wp-parsely-metadata\">{\"@context\":\"https:\\\/\\\/schema.org\",\"@type\":\"WebPage\",\"headline\":\"Comunidade de pacientes\",\"url\":\"http:\\\/\\\/www.ipsen.com\\\/brazil\\\/pacientes\\\/comunidade-de-pacientes\\\/\",\"mainEntityOfPage\":{\"@type\":\"WebPage\",\"@id\":\"http:\\\/\\\/www.ipsen.com\\\/brazil\\\/pacientes\\\/comunidade-de-pacientes\\\/\"},\"thumbnailUrl\":\"\",\"image\":{\"@type\":\"ImageObject\",\"url\":\"\"},\"articleSection\":\"N\\u00e3o categorizado\",\"author\":[{\"@type\":\"Person\",\"name\":\"navya\"}],\"creator\":[\"navya\"],\"publisher\":{\"@type\":\"Organization\",\"name\":\"Brazil\",\"logo\":\"\"},\"keywords\":[],\"dateCreated\":\"2025-02-04T05:09:40Z\",\"datePublished\":\"2025-02-04T05:09:40Z\",\"dateModified\":\"2025-07-31T09:17:54Z\"}<\/script>","tracker_url":"https:\/\/cdn.parsely.com\/keys\/ipsen.com\/p.js"},"jetpack_sharing_enabled":true,"_links":{"self":[{"href":"https:\/\/www.ipsen.com\/brazil\/wp-json\/wp\/v2\/pages\/99","targetHints":{"allow":["GET"]}}],"collection":[{"href":"https:\/\/www.ipsen.com\/brazil\/wp-json\/wp\/v2\/pages"}],"about":[{"href":"https:\/\/www.ipsen.com\/brazil\/wp-json\/wp\/v2\/types\/page"}],"author":[{"embeddable":true,"href":"https:\/\/www.ipsen.com\/brazil\/wp-json\/wp\/v2\/users\/2"}],"replies":[{"embeddable":true,"href":"https:\/\/www.ipsen.com\/brazil\/wp-json\/wp\/v2\/comments?post=99"}],"version-history":[{"count":6,"href":"https:\/\/www.ipsen.com\/brazil\/wp-json\/wp\/v2\/pages\/99\/revisions"}],"predecessor-version":[{"id":1159,"href":"https:\/\/www.ipsen.com\/brazil\/wp-json\/wp\/v2\/pages\/99\/revisions\/1159"}],"up":[{"embeddable":true,"href":"https:\/\/www.ipsen.com\/brazil\/wp-json\/wp\/v2\/pages\/91"}],"wp:attachment":[{"href":"https:\/\/www.ipsen.com\/brazil\/wp-json\/wp\/v2\/media?parent=99"}],"curies":[{"name":"wp","href":"https:\/\/api.w.org\/{rel}","templated":true}]}}