{"id":65,"date":"2025-02-04T06:54:14","date_gmt":"2025-02-04T04:54:14","guid":{"rendered":"https:\/\/www.ipsen.com\/br\/?page_id=65"},"modified":"2025-07-09T12:37:38","modified_gmt":"2025-07-09T10:37:38","slug":"neurociencias","status":"publish","type":"page","link":"https:\/\/www.ipsen.com\/brazil\/neurociencias\/","title":{"rendered":"Neuroci\u00eancias"},"content":{"rendered":"    <section class=\"sub-page-banner bg-img\" style=\"background-image:url(https:\/\/www.ipsen.com\/brazil\/wp-content\/uploads\/sites\/22\/2025\/07\/Health-Neuroscience.jpg)\">\n        <div class=\"container content-sec\">\n            <nav aria-label=\"breadcrumb\">\n            <ol class=\"breadcrumb\">\n                <li class=\"breadcrumb-item\"><a href=\"https:\/\/www.ipsen.com\/brazil\">Home<\/a><\/li><li class=\"breadcrumb-item active\"><a href=\"#\" aria-current=\"page\">Ci\u00eancia &#8211; Neuroci\u00eancias<\/a><\/li><\/ol>\n            <\/nav>            <h1 class=\"visible\">Neuroci\u00eancias<\/h1>\n            <p class=\"visible\">Liderando a luta contra condi\u00e7\u00f5es neurol\u00f3gicas debilitantes<\/p>\n        <\/div>\n    <\/section>\n\n\n<!-- Text & Media Block Code -->\n<section class=\"two-col-section text-media-section\">\n    <div class=\"container two-section-innner \">\n        <div class=\"response-inner\" style=\"background-image: url('')\">\n            <div class=\"row \">\n                <div class=\"col-xs-12 col-sm-12 col-md-6\">\n                                                    <div class=\"img-video-section\">\n                                <img decoding=\"async\" \n                                    src=\"https:\/\/www.ipsen.com\/brazil\/wp-content\/uploads\/sites\/22\/2025\/07\/Module-2-\u2013-Brief-about-neuroscience_IPSEN_Production_Signes_060.jpg\" \n                                    alt=\"\" \n                                >\n                            <\/div>\n                                        <\/div>\n                <div class=\" col-xs-12 col-sm-12 col-md-6\">\n                    <div class=\"section-content\">\n                        <div class=\"heading-dash\">\n                                                            <span class=\"dash\"><\/span>\n                                <h4 class=\"heading-para heading-four\" role=\"heading\" aria-level=\"2\">\n                                    Nosso compromisso com a neuroci\u00eancia                                <\/h4>\n                                                    <\/div>\n                                                <p>A neuroci\u00eancia est\u00e1 avan\u00e7ando a uma velocidade sem precedentes, e estamos orgulhosos de estar na vanguarda dessa transforma\u00e7\u00e3o. Nosso foco \u00e9 permitir que crian\u00e7as e adultos que sofrem de dist\u00farbios neurol\u00f3gicos debilitantes e degenerativos recuperem o controle de suas vidas. Nosso compromisso de longo prazo com o avan\u00e7o da neuroci\u00eancia e da pesquisa sobre toxinas \u00e9 evidenciado por 30 anos de experi\u00eancia cl\u00ednica.<\/p>\n<p>A \u00e1rea de neuroci\u00eancia \u00e9 fundamental para a inova\u00e7\u00e3o interna da Ipsen e para as parcerias externas, sendo parte integrante da estrat\u00e9gia da empresa e chave para agregar valor e crescimento de longo prazo.<\/p>\n                            <a \n                            aria-label=\" about Nosso compromisso com a neuroci\u00eancia\"  \n                                role=\"link\" \n                                class=\"btn-link hidden\"\n                                href=\"\" \n                                target=\"_self\"\n                            > \n                                 \n                            <\/a>\n\n                    <\/div>\n                <\/div>\n            <\/div>\n        <\/div>\n    <\/div>\n<\/section>\n\n    <section class=\"title-text \">\n        <div class=\"container\">\n            <div class=\"title-text-inner\" style=\"background-color:#EDEBE4;\">\n\n                <!-- If heading is enabled then it's visible -->\n                <div class=\"text-head-dash visible\">\n                <h3 class=\"heading-three\" role=\"heading\" aria-level=\"2\">\n                        Nosso compromisso com os pacientes                    <\/h3>\n                <\/div>\n               \n                <!-- If description is enabled then it's visible -->\n                <div class=\"text-parbase visible\">\n                    <p>Desde 1994, a Ipsen tem se concentrado em pesquisas pioneiras em neurotoxinas. Pessoas que sofrem de dist\u00farbios neurol\u00f3gicos precisam de tratamentos, e nos tornamos l\u00edderes globais na cria\u00e7\u00e3o desses tratamentos.<\/p>\n<p>Conseguimos isso por meio da pesquisa, desenvolvimento, fabrica\u00e7\u00e3o e comercializa\u00e7\u00e3o de produtos para ajudar a tratar certos tipos de espasticidade em adultos e crian\u00e7as a partir de dois anos de idade e tamb\u00e9m outros dist\u00farbios que incluem: distonia cervical, paralisia cerebral, espasmo hemifacial e blefaroespasmo.<\/p>\n<p>Al\u00e9m disso, nosso trabalho com neurotoxinas se estende a indica\u00e7\u00f5es est\u00e9ticas, que inclui a redu\u00e7\u00e3o das linhas de express\u00e3o da face, por meio da nossa parceria com a Galderma.<\/p>\n<p>Tamb\u00e9m continuamos focados em desenvolver medicamentos para necessidades n\u00e3o atendidas e em colaborar onde houver oportunidades para novos tratamentos promissores aos pacientes.<\/p>\n                <\/div>\n\n                <!-- If button is enabled then it's visible -->\n                                        <div class=\"btn-txt\">\n                            <a \n                                aria-label=\"Saiba mais\" \n                                class=\"btn-link section-btn cta-visible\"  \n                                role=\"link\"\n                                href=\"https:\/\/www.ipsen.com\/brazil\/pacientes\/\" target=\"_self\">\n                                Saiba mais                            <\/a>\n                        <\/div>\n                \n            <\/div>\n        <\/div>\n    <\/section>\n\n\n<!-- Text & Media Block Code -->\n<section class=\"two-col-section text-media-section\">\n    <div class=\"container two-section-innner section-reverse\">\n        <div class=\"response-inner\" style=\"background-image: url('')\">\n            <div class=\"row section-reverse\">\n                <div class=\"col-xs-12 col-sm-12 col-md-6\">\n                                                    <div class=\"img-video-section\">\n                                <img decoding=\"async\" \n                                    src=\"https:\/\/www.ipsen.com\/brazil\/wp-content\/uploads\/sites\/22\/2025\/07\/Module-9-\u2013-Responsibility_Generation-Ipsen-Governance_04.jpg\" \n                                    alt=\"\" \n                                >\n                            <\/div>\n                                        <\/div>\n                <div class=\" col-xs-12 col-sm-12 col-md-6\">\n                    <div class=\"section-content\">\n                        <div class=\"heading-dash\">\n                                                            <span class=\"dash\"><\/span>\n                                <h4 class=\"heading-para heading-four\" role=\"heading\" aria-level=\"2\">\n                                    Educa\u00e7\u00e3o continuada                                 <\/h4>\n                                                    <\/div>\n                                                <p>M\u00e9dicos ao redor do mundo j\u00e1 se beneficiaram do programa educacional sobre toxinas da Ipsen.<\/p>\n                            <a \n                            aria-label=\" about Educa\u00e7\u00e3o continuada \"  \n                                role=\"link\" \n                                class=\"btn-link hidden\"\n                                href=\"\" \n                                target=\"_self\"\n                            > \n                                 \n                            <\/a>\n\n                    <\/div>\n                <\/div>\n            <\/div>\n        <\/div>\n    <\/div>\n<\/section>\n\n\n    <!--Accordion Cards Start Here-->\n    <section class=\"accordion bg-color-disabled\"  data-according-id=\"1595011797\">\n        <div class=\"container\">\n            <div class=\"row\">\n                <!--Accordion info section-->\n                <div class=\"column-1 col-xl-12 col-md-12 col-sm-12\">\n                    <div class=\"accordian-info\">\n                        <h3 class=\"accordian-heading visible heading-three\" role=\"heading\" aria-level=\"2\">\n                            Nossa experi\u00eancia em neuroci\u00eancia                        <\/h3>\n                        <p class=\"accordian-summary hidden\"><\/p>\n                    <\/div>\n                <\/div><!--Accordion info section over here -->\n\n                <div class=\"col-xl-12 col-lg-12 col-md-12 col-sm-12\">\n                    <div class=\"accordion accor-group\" id=\"accordionExample1595011797\">\n                         \n                                    <!-- Accordion with Expandable panel & FAQs -->\n                                    <div class=\"accordion-item accor-item\">\n                                        <p  role=\"heading\" aria-level=\"3\" class=\"accordion-header accor-head-para\" id=\"expHeading0\">\n                                            <button class=\"accordion-button accor-btn collapsed\" type=\"button\" data-bs-toggle=\"collapse\" data-bs-target=\"#expHeading15950117970\" aria-expanded=\"false\" aria-controls=\"expHeading15950117970\">\n                                                Neurotoxinas                                            <\/button>\n                                        <\/p>\n                                        <div id=\"expHeading15950117970\" class=\"accordion-collapse collapse \" aria-labelledby=\"expHeading0\" data-bs-parent=\"#accordionExample1595011797\">\n                                            <div class=\"accordion-body\">\n                                                <div class=\"accordion-data\">\n                                                    <p><p>Desde 1994, a Ipsen tem se concentrado em pesquisas pioneiras sobre neurotoxinas. Pessoas que sofrem de dist\u00farbios neurol\u00f3gicos precisam de tratamentos, e nos tornamos l\u00edderes globais na cria\u00e7\u00e3o deles por meio da pesquisa, desenvolvimento, fabrica\u00e7\u00e3o e comercializa\u00e7\u00e3o de produtos para ajudar a tratar certos tipos de espasticidade em adultos e crian\u00e7as de dois anos ou mais, distonia cervical, paralisia cerebral, espasmo hemifacial e blefaroespasmo. Al\u00e9m disso, nosso trabalho em neurotoxinas se estende a indica\u00e7\u00f5es est\u00e9ticas, que inclui a redu\u00e7\u00e3o de linhas de express\u00e3o da face, por meio da nossa parceria com a Galderma.<\/p>\n<\/p>\n                                                    <div class=\"cta-block hidden\" >\n                                                                                                            <\/div>\n                                                <\/div>\n                                            <\/div>\n                                        <\/div>\n                                    <\/div>\n                                                <\/div>\n                <\/div> \n            <\/div>\n        <\/div>\n    <\/section>\n    <!--Accordion Cards End Here-->\n\n\n    <section class=\"title-text \">\n        <div class=\"container\">\n            <div class=\"title-text-inner\" style=\"background-color:#EDEBE4;\">\n\n                <!-- If heading is enabled then it's visible -->\n                <div class=\"text-head-dash visible\">\n                <h3 class=\"heading-three\" role=\"heading\" aria-level=\"2\">\n                        O que est\u00e1 no pipeline da ipsen em neuroci\u00eancia                    <\/h3>\n                <\/div>\n               \n                <!-- If description is enabled then it's visible -->\n                <div class=\"text-parbase visible\">\n                    <p>Como a \u00fanica empresa com toxinas botul\u00ednicas recombinantes no portf\u00f3lio e em desenvolvimento cl\u00ednico ativo, nossos centros de P&amp;D ao redor do mundo est\u00e3o liderando pesquisas nessa \u00e1rea.<\/p>\n<p>Reconhecendo a necessidade de novas op\u00e7\u00f5es de tratamento de longa dura\u00e7\u00e3o, a Ipsen aproveitou seu conhecimento e mais de 30 anos de experi\u00eancia nessa \u00e1rea e sua capacidade de P&amp;D para explorar potenciais biol\u00f3gicos e ser pioneira na inova\u00e7\u00e3o de terapias dessa categoria.<\/p>\n<p>Al\u00e9m da nossa expertise em neurotoxinas, nossa estrat\u00e9gia inclui a pesquisa sobre doen\u00e7as neurodegenerativas raras. Nossa forte capacidade de desenvolvimento cobre todas as etapas do processo de desenvolvimento de medicamentos. Temos um hist\u00f3rico de sucesso em aprova\u00e7\u00f5es regulat\u00f3rias globais e aceleradas, tornando a Ipsen um parceiro ideal para a inova\u00e7\u00e3o em neuroci\u00eancias.<\/p>\n                <\/div>\n\n                <!-- If button is enabled then it's visible -->\n                \n            <\/div>\n        <\/div>\n    <\/section>\n","protected":false},"excerpt":{"rendered":"","protected":false},"author":2,"featured_media":0,"parent":0,"menu_order":0,"comment_status":"closed","ping_status":"closed","template":"","meta":{"_acf_changed":false,"footnotes":""},"class_list":["post-65","page","type-page","status-publish","hentry","entry"],"acf":[],"yoast_head":"<!-- This site is optimized with the Yoast SEO plugin v26.8 - https:\/\/yoast.com\/product\/yoast-seo-wordpress\/ -->\n<title>Na vanguarda da pesquisa sobre neurotoxinas, a Ipsen est\u00e1 ampliando sua capacidade em neuroci\u00eancia para responder \u00e0s necessidades n\u00e3o atendidas dos pacientes.<\/title>\n<meta name=\"description\" content=\"A Ipsen \u00e9 l\u00edder global em pesquisa sobre neuroci\u00eancia e toxinas para tratamentos de dist\u00farbios neurol\u00f3gicos.\" \/>\n<meta name=\"robots\" content=\"index, follow, max-snippet:-1, max-image-preview:large, max-video-preview:-1\" \/>\n<link rel=\"canonical\" href=\"https:\/\/www.ipsen.com\/brazil\/neurociencias\/\" \/>\n<meta property=\"og:locale\" content=\"pt_BR\" \/>\n<meta property=\"og:type\" content=\"article\" \/>\n<meta property=\"og:title\" content=\"Na vanguarda da pesquisa sobre neurotoxinas, a Ipsen est\u00e1 ampliando sua capacidade em neuroci\u00eancia para responder \u00e0s necessidades n\u00e3o atendidas dos pacientes.\" \/>\n<meta property=\"og:description\" content=\"A Ipsen \u00e9 l\u00edder global em pesquisa sobre neuroci\u00eancia e toxinas para tratamentos de dist\u00farbios neurol\u00f3gicos.\" \/>\n<meta property=\"og:url\" content=\"https:\/\/www.ipsen.com\/brazil\/neurociencias\/\" \/>\n<meta property=\"og:site_name\" content=\"Brazil\" \/>\n<meta property=\"article:modified_time\" content=\"2025-07-09T10:37:38+00:00\" \/>\n<meta name=\"twitter:card\" content=\"summary_large_image\" \/>\n<script type=\"application\/ld+json\" class=\"yoast-schema-graph\">{\"@context\":\"https:\/\/schema.org\",\"@graph\":[{\"@type\":\"WebPage\",\"@id\":\"https:\/\/www.ipsen.com\/brazil\/neurociencias\/\",\"url\":\"https:\/\/www.ipsen.com\/brazil\/neurociencias\/\",\"name\":\"Na vanguarda da pesquisa sobre neurotoxinas, a Ipsen est\u00e1 ampliando sua capacidade em neuroci\u00eancia para responder \u00e0s necessidades n\u00e3o atendidas dos pacientes.\",\"isPartOf\":{\"@id\":\"https:\/\/www.ipsen.com\/brazil\/#website\"},\"datePublished\":\"2025-02-04T04:54:14+00:00\",\"dateModified\":\"2025-07-09T10:37:38+00:00\",\"description\":\"A Ipsen \u00e9 l\u00edder global em pesquisa sobre neuroci\u00eancia e toxinas para tratamentos de dist\u00farbios neurol\u00f3gicos.\",\"breadcrumb\":{\"@id\":\"https:\/\/www.ipsen.com\/brazil\/neurociencias\/#breadcrumb\"},\"inLanguage\":\"pt-BR\",\"potentialAction\":[{\"@type\":\"ReadAction\",\"target\":[\"https:\/\/www.ipsen.com\/brazil\/neurociencias\/\"]}]},{\"@type\":\"BreadcrumbList\",\"@id\":\"https:\/\/www.ipsen.com\/brazil\/neurociencias\/#breadcrumb\",\"itemListElement\":[{\"@type\":\"ListItem\",\"position\":1,\"name\":\"Home\",\"item\":\"https:\/\/www.ipsen.com\/brazil\/\"},{\"@type\":\"ListItem\",\"position\":2,\"name\":\"Neuroci\u00eancias\"}]},{\"@type\":\"WebSite\",\"@id\":\"https:\/\/www.ipsen.com\/brazil\/#website\",\"url\":\"https:\/\/www.ipsen.com\/brazil\/\",\"name\":\"Brazil\",\"description\":\"\",\"publisher\":{\"@id\":\"https:\/\/www.ipsen.com\/brazil\/#organization\"},\"potentialAction\":[{\"@type\":\"SearchAction\",\"target\":{\"@type\":\"EntryPoint\",\"urlTemplate\":\"https:\/\/www.ipsen.com\/brazil\/?s={search_term_string}\"},\"query-input\":{\"@type\":\"PropertyValueSpecification\",\"valueRequired\":true,\"valueName\":\"search_term_string\"}}],\"inLanguage\":\"pt-BR\"},{\"@type\":\"Organization\",\"@id\":\"https:\/\/www.ipsen.com\/brazil\/#organization\",\"name\":\"Brazil\",\"url\":\"https:\/\/www.ipsen.com\/brazil\/\",\"logo\":{\"@type\":\"ImageObject\",\"inLanguage\":\"pt-BR\",\"@id\":\"https:\/\/www.ipsen.com\/brazil\/#\/schema\/logo\/image\/\",\"url\":\"https:\/\/www.ipsen.com\/brazil\/wp-content\/uploads\/sites\/22\/2024\/12\/Logo-Ipsen-new.svg\",\"contentUrl\":\"https:\/\/www.ipsen.com\/brazil\/wp-content\/uploads\/sites\/22\/2024\/12\/Logo-Ipsen-new.svg\",\"caption\":\"Brazil\"},\"image\":{\"@id\":\"https:\/\/www.ipsen.com\/brazil\/#\/schema\/logo\/image\/\"}}]}<\/script>\n<!-- \/ Yoast SEO plugin. -->","yoast_head_json":{"title":"Na vanguarda da pesquisa sobre neurotoxinas, a Ipsen est\u00e1 ampliando sua capacidade em neuroci\u00eancia para responder \u00e0s necessidades n\u00e3o atendidas dos pacientes.","description":"A Ipsen \u00e9 l\u00edder global em pesquisa sobre neuroci\u00eancia e toxinas para tratamentos de dist\u00farbios neurol\u00f3gicos.","robots":{"index":"index","follow":"follow","max-snippet":"max-snippet:-1","max-image-preview":"max-image-preview:large","max-video-preview":"max-video-preview:-1"},"canonical":"https:\/\/www.ipsen.com\/brazil\/neurociencias\/","og_locale":"pt_BR","og_type":"article","og_title":"Na vanguarda da pesquisa sobre neurotoxinas, a Ipsen est\u00e1 ampliando sua capacidade em neuroci\u00eancia para responder \u00e0s necessidades n\u00e3o atendidas dos pacientes.","og_description":"A Ipsen \u00e9 l\u00edder global em pesquisa sobre neuroci\u00eancia e toxinas para tratamentos de dist\u00farbios neurol\u00f3gicos.","og_url":"https:\/\/www.ipsen.com\/brazil\/neurociencias\/","og_site_name":"Brazil","article_modified_time":"2025-07-09T10:37:38+00:00","twitter_card":"summary_large_image","schema":{"@context":"https:\/\/schema.org","@graph":[{"@type":"WebPage","@id":"https:\/\/www.ipsen.com\/brazil\/neurociencias\/","url":"https:\/\/www.ipsen.com\/brazil\/neurociencias\/","name":"Na vanguarda da pesquisa sobre neurotoxinas, a Ipsen est\u00e1 ampliando sua capacidade em neuroci\u00eancia para responder \u00e0s necessidades n\u00e3o atendidas dos pacientes.","isPartOf":{"@id":"https:\/\/www.ipsen.com\/brazil\/#website"},"datePublished":"2025-02-04T04:54:14+00:00","dateModified":"2025-07-09T10:37:38+00:00","description":"A Ipsen \u00e9 l\u00edder global em pesquisa sobre neuroci\u00eancia e toxinas para tratamentos de dist\u00farbios neurol\u00f3gicos.","breadcrumb":{"@id":"https:\/\/www.ipsen.com\/brazil\/neurociencias\/#breadcrumb"},"inLanguage":"pt-BR","potentialAction":[{"@type":"ReadAction","target":["https:\/\/www.ipsen.com\/brazil\/neurociencias\/"]}]},{"@type":"BreadcrumbList","@id":"https:\/\/www.ipsen.com\/brazil\/neurociencias\/#breadcrumb","itemListElement":[{"@type":"ListItem","position":1,"name":"Home","item":"https:\/\/www.ipsen.com\/brazil\/"},{"@type":"ListItem","position":2,"name":"Neuroci\u00eancias"}]},{"@type":"WebSite","@id":"https:\/\/www.ipsen.com\/brazil\/#website","url":"https:\/\/www.ipsen.com\/brazil\/","name":"Brazil","description":"","publisher":{"@id":"https:\/\/www.ipsen.com\/brazil\/#organization"},"potentialAction":[{"@type":"SearchAction","target":{"@type":"EntryPoint","urlTemplate":"https:\/\/www.ipsen.com\/brazil\/?s={search_term_string}"},"query-input":{"@type":"PropertyValueSpecification","valueRequired":true,"valueName":"search_term_string"}}],"inLanguage":"pt-BR"},{"@type":"Organization","@id":"https:\/\/www.ipsen.com\/brazil\/#organization","name":"Brazil","url":"https:\/\/www.ipsen.com\/brazil\/","logo":{"@type":"ImageObject","inLanguage":"pt-BR","@id":"https:\/\/www.ipsen.com\/brazil\/#\/schema\/logo\/image\/","url":"https:\/\/www.ipsen.com\/brazil\/wp-content\/uploads\/sites\/22\/2024\/12\/Logo-Ipsen-new.svg","contentUrl":"https:\/\/www.ipsen.com\/brazil\/wp-content\/uploads\/sites\/22\/2024\/12\/Logo-Ipsen-new.svg","caption":"Brazil"},"image":{"@id":"https:\/\/www.ipsen.com\/brazil\/#\/schema\/logo\/image\/"}}]}},"parsely":{"version":"1.1.0","canonical_url":"https:\/\/ipsen.com\/brazil\/neurociencias\/","smart_links":{"inbound":0,"outbound":0},"traffic_boost_suggestions_count":0,"meta":{"@context":"https:\/\/schema.org","@type":"WebPage","headline":"Neuroci\u00eancias","url":"http:\/\/www.ipsen.com\/brazil\/neurociencias\/","mainEntityOfPage":{"@type":"WebPage","@id":"http:\/\/www.ipsen.com\/brazil\/neurociencias\/"},"thumbnailUrl":"","image":{"@type":"ImageObject","url":""},"articleSection":"N\u00e3o categorizado","author":[{"@type":"Person","name":"navya"}],"creator":["navya"],"publisher":{"@type":"Organization","name":"Brazil","logo":""},"keywords":[],"dateCreated":"2025-02-04T04:54:14Z","datePublished":"2025-02-04T04:54:14Z","dateModified":"2025-07-09T10:37:38Z"},"rendered":"<script type=\"application\/ld+json\" class=\"wp-parsely-metadata\">{\"@context\":\"https:\\\/\\\/schema.org\",\"@type\":\"WebPage\",\"headline\":\"Neuroci\\u00eancias\",\"url\":\"http:\\\/\\\/www.ipsen.com\\\/brazil\\\/neurociencias\\\/\",\"mainEntityOfPage\":{\"@type\":\"WebPage\",\"@id\":\"http:\\\/\\\/www.ipsen.com\\\/brazil\\\/neurociencias\\\/\"},\"thumbnailUrl\":\"\",\"image\":{\"@type\":\"ImageObject\",\"url\":\"\"},\"articleSection\":\"N\\u00e3o categorizado\",\"author\":[{\"@type\":\"Person\",\"name\":\"navya\"}],\"creator\":[\"navya\"],\"publisher\":{\"@type\":\"Organization\",\"name\":\"Brazil\",\"logo\":\"\"},\"keywords\":[],\"dateCreated\":\"2025-02-04T04:54:14Z\",\"datePublished\":\"2025-02-04T04:54:14Z\",\"dateModified\":\"2025-07-09T10:37:38Z\"}<\/script>","tracker_url":"https:\/\/cdn.parsely.com\/keys\/ipsen.com\/p.js"},"jetpack_sharing_enabled":true,"_links":{"self":[{"href":"https:\/\/www.ipsen.com\/brazil\/wp-json\/wp\/v2\/pages\/65","targetHints":{"allow":["GET"]}}],"collection":[{"href":"https:\/\/www.ipsen.com\/brazil\/wp-json\/wp\/v2\/pages"}],"about":[{"href":"https:\/\/www.ipsen.com\/brazil\/wp-json\/wp\/v2\/types\/page"}],"author":[{"embeddable":true,"href":"https:\/\/www.ipsen.com\/brazil\/wp-json\/wp\/v2\/users\/2"}],"replies":[{"embeddable":true,"href":"https:\/\/www.ipsen.com\/brazil\/wp-json\/wp\/v2\/comments?post=65"}],"version-history":[{"count":9,"href":"https:\/\/www.ipsen.com\/brazil\/wp-json\/wp\/v2\/pages\/65\/revisions"}],"predecessor-version":[{"id":1086,"href":"https:\/\/www.ipsen.com\/brazil\/wp-json\/wp\/v2\/pages\/65\/revisions\/1086"}],"wp:attachment":[{"href":"https:\/\/www.ipsen.com\/brazil\/wp-json\/wp\/v2\/media?parent=65"}],"curies":[{"name":"wp","href":"https:\/\/api.w.org\/{rel}","templated":true}]}}