{"id":523,"date":"2025-05-16T07:58:49","date_gmt":"2025-05-16T05:58:49","guid":{"rendered":"https:\/\/www.ipsen.com\/br\/?page_id=523"},"modified":"2026-03-30T19:39:24","modified_gmt":"2026-03-30T17:39:24","slug":"divulgacao-do-relatorio-de-transparencia-salarial","status":"publish","type":"page","link":"https:\/\/www.ipsen.com\/brazil\/divulgacao-do-relatorio-de-transparencia-salarial\/","title":{"rendered":"Divulga\u00e7\u00e3o do Relat\u00f3rio de Transpar\u00eancia Salarial"},"content":{"rendered":"    <section class=\"sub-page-banner \" style=\"background: linear-gradient(93.64deg, #224A81 2.99%, #2797D3 97.01%)\">\n        <div class=\"container content-sec\">\n            <nav aria-label=\"breadcrumb\">\n            <ol class=\"breadcrumb\">\n                <li class=\"breadcrumb-item\"><a href=\"https:\/\/www.ipsen.com\/brazil\">Home<\/a><\/li><li class=\"breadcrumb-item active\"><a class=\"link-pointer-events-none\" href=\"#\" aria-current=\"page\">Divulga\u00e7\u00e3o do Relat\u00f3rio de Transpar\u00eancia Salarial<\/a><\/li><\/ol>\n            <\/nav>            <h1 class=\"visible\">Divulga\u00e7\u00e3o do Relat\u00f3rio de Transpar\u00eancia Salarial<\/h1>\n            <p class=\"hidden\"><\/p>\n        <\/div>\n    <\/section>\n\n\n\n<div class=\"wp-block-columns is-layout-flex wp-container-core-columns-is-layout-9d6595d7 wp-block-columns-is-layout-flex\">\n<div class=\"wp-block-column is-layout-flow wp-block-column-is-layout-flow\">\n<p>De acordo com nosso compromisso com a promo\u00e7\u00e3o de um ambiente de trabalho inclusivo e equitativo e atendendo \u00e0 Lei n\u00ba 14.611 de 2023, que disp\u00f5e sobre a Igualdade Salarial e de Crit\u00e9rios Remunerat\u00f3rios entre Mulheres e Homens, a Ipsen Brasil divulga seu Relat\u00f3rio de Transpar\u00eancia Salarial.&nbsp;<\/p>\n\n\n\n<p>Segundo a lei, a publica\u00e7\u00e3o do relat\u00f3rio deve ser feita de forma clara e acess\u00edvel, garantindo a ampla divulga\u00e7\u00e3o.<\/p>\n\n\n\n<p>Clique\u00a0<strong><a href=\"https:\/\/www.ipsen.com\/brazil\/wp-content\/uploads\/sites\/22\/2026\/03\/Relatorio-Igualdade-Salarial-1o-Semestre-2026.pdf\" target=\"_blank\" rel=\"noreferrer noopener\">aqui<\/a>\u00a0<\/strong>para acessar os relat\u00f3rios em PDF.<\/p>\n<\/div>\n<\/div>\n","protected":false},"excerpt":{"rendered":"","protected":false},"author":2,"featured_media":0,"parent":0,"menu_order":0,"comment_status":"closed","ping_status":"closed","template":"","meta":{"_acf_changed":false,"footnotes":""},"class_list":["post-523","page","type-page","status-publish","hentry","entry"],"acf":[],"yoast_head":"<!-- This site is optimized with the Yoast SEO plugin v26.8 - https:\/\/yoast.com\/product\/yoast-seo-wordpress\/ -->\n<title>Divulga\u00e7\u00e3o do Relat\u00f3rio de Transpar\u00eancia Salarial<\/title>\n<meta name=\"robots\" content=\"index, follow, max-snippet:-1, max-image-preview:large, max-video-preview:-1\" \/>\n<link rel=\"canonical\" href=\"https:\/\/www.ipsen.com\/brazil\/divulgacao-do-relatorio-de-transparencia-salarial\/\" \/>\n<meta property=\"og:locale\" content=\"pt_BR\" \/>\n<meta property=\"og:type\" content=\"article\" \/>\n<meta property=\"og:title\" content=\"Divulga\u00e7\u00e3o do Relat\u00f3rio de Transpar\u00eancia Salarial\" \/>\n<meta property=\"og:url\" content=\"https:\/\/www.ipsen.com\/brazil\/divulgacao-do-relatorio-de-transparencia-salarial\/\" \/>\n<meta property=\"og:site_name\" content=\"Brazil\" \/>\n<meta property=\"article:modified_time\" content=\"2026-03-30T17:39:24+00:00\" \/>\n<meta name=\"twitter:card\" content=\"summary_large_image\" \/>\n<meta name=\"twitter:label1\" content=\"Est. reading time\" \/>\n\t<meta name=\"twitter:data1\" content=\"1 minute\" \/>\n<script type=\"application\/ld+json\" class=\"yoast-schema-graph\">{\"@context\":\"https:\/\/schema.org\",\"@graph\":[{\"@type\":\"WebPage\",\"@id\":\"https:\/\/www.ipsen.com\/brazil\/divulgacao-do-relatorio-de-transparencia-salarial\/\",\"url\":\"https:\/\/www.ipsen.com\/brazil\/divulgacao-do-relatorio-de-transparencia-salarial\/\",\"name\":\"Divulga\u00e7\u00e3o do Relat\u00f3rio de Transpar\u00eancia Salarial\",\"isPartOf\":{\"@id\":\"https:\/\/www.ipsen.com\/brazil\/#website\"},\"datePublished\":\"2025-05-16T05:58:49+00:00\",\"dateModified\":\"2026-03-30T17:39:24+00:00\",\"breadcrumb\":{\"@id\":\"https:\/\/www.ipsen.com\/brazil\/divulgacao-do-relatorio-de-transparencia-salarial\/#breadcrumb\"},\"inLanguage\":\"pt-BR\",\"potentialAction\":[{\"@type\":\"ReadAction\",\"target\":[\"https:\/\/www.ipsen.com\/brazil\/divulgacao-do-relatorio-de-transparencia-salarial\/\"]}]},{\"@type\":\"BreadcrumbList\",\"@id\":\"https:\/\/www.ipsen.com\/brazil\/divulgacao-do-relatorio-de-transparencia-salarial\/#breadcrumb\",\"itemListElement\":[{\"@type\":\"ListItem\",\"position\":1,\"name\":\"Home\",\"item\":\"https:\/\/www.ipsen.com\/brazil\/\"},{\"@type\":\"ListItem\",\"position\":2,\"name\":\"Divulga\u00e7\u00e3o do Relat\u00f3rio de Transpar\u00eancia Salarial\"}]},{\"@type\":\"WebSite\",\"@id\":\"https:\/\/www.ipsen.com\/brazil\/#website\",\"url\":\"https:\/\/www.ipsen.com\/brazil\/\",\"name\":\"Brazil\",\"description\":\"\",\"publisher\":{\"@id\":\"https:\/\/www.ipsen.com\/brazil\/#organization\"},\"potentialAction\":[{\"@type\":\"SearchAction\",\"target\":{\"@type\":\"EntryPoint\",\"urlTemplate\":\"https:\/\/www.ipsen.com\/brazil\/?s={search_term_string}\"},\"query-input\":{\"@type\":\"PropertyValueSpecification\",\"valueRequired\":true,\"valueName\":\"search_term_string\"}}],\"inLanguage\":\"pt-BR\"},{\"@type\":\"Organization\",\"@id\":\"https:\/\/www.ipsen.com\/brazil\/#organization\",\"name\":\"Brazil\",\"url\":\"https:\/\/www.ipsen.com\/brazil\/\",\"logo\":{\"@type\":\"ImageObject\",\"inLanguage\":\"pt-BR\",\"@id\":\"https:\/\/www.ipsen.com\/brazil\/#\/schema\/logo\/image\/\",\"url\":\"https:\/\/www.ipsen.com\/brazil\/wp-content\/uploads\/sites\/22\/2024\/12\/Logo-Ipsen-new.svg\",\"contentUrl\":\"https:\/\/www.ipsen.com\/brazil\/wp-content\/uploads\/sites\/22\/2024\/12\/Logo-Ipsen-new.svg\",\"caption\":\"Brazil\"},\"image\":{\"@id\":\"https:\/\/www.ipsen.com\/brazil\/#\/schema\/logo\/image\/\"}}]}<\/script>\n<!-- \/ Yoast SEO plugin. -->","yoast_head_json":{"title":"Divulga\u00e7\u00e3o do Relat\u00f3rio de Transpar\u00eancia Salarial","robots":{"index":"index","follow":"follow","max-snippet":"max-snippet:-1","max-image-preview":"max-image-preview:large","max-video-preview":"max-video-preview:-1"},"canonical":"https:\/\/www.ipsen.com\/brazil\/divulgacao-do-relatorio-de-transparencia-salarial\/","og_locale":"pt_BR","og_type":"article","og_title":"Divulga\u00e7\u00e3o do Relat\u00f3rio de Transpar\u00eancia Salarial","og_url":"https:\/\/www.ipsen.com\/brazil\/divulgacao-do-relatorio-de-transparencia-salarial\/","og_site_name":"Brazil","article_modified_time":"2026-03-30T17:39:24+00:00","twitter_card":"summary_large_image","twitter_misc":{"Est. reading time":"1 minute"},"schema":{"@context":"https:\/\/schema.org","@graph":[{"@type":"WebPage","@id":"https:\/\/www.ipsen.com\/brazil\/divulgacao-do-relatorio-de-transparencia-salarial\/","url":"https:\/\/www.ipsen.com\/brazil\/divulgacao-do-relatorio-de-transparencia-salarial\/","name":"Divulga\u00e7\u00e3o do Relat\u00f3rio de Transpar\u00eancia Salarial","isPartOf":{"@id":"https:\/\/www.ipsen.com\/brazil\/#website"},"datePublished":"2025-05-16T05:58:49+00:00","dateModified":"2026-03-30T17:39:24+00:00","breadcrumb":{"@id":"https:\/\/www.ipsen.com\/brazil\/divulgacao-do-relatorio-de-transparencia-salarial\/#breadcrumb"},"inLanguage":"pt-BR","potentialAction":[{"@type":"ReadAction","target":["https:\/\/www.ipsen.com\/brazil\/divulgacao-do-relatorio-de-transparencia-salarial\/"]}]},{"@type":"BreadcrumbList","@id":"https:\/\/www.ipsen.com\/brazil\/divulgacao-do-relatorio-de-transparencia-salarial\/#breadcrumb","itemListElement":[{"@type":"ListItem","position":1,"name":"Home","item":"https:\/\/www.ipsen.com\/brazil\/"},{"@type":"ListItem","position":2,"name":"Divulga\u00e7\u00e3o do Relat\u00f3rio de Transpar\u00eancia Salarial"}]},{"@type":"WebSite","@id":"https:\/\/www.ipsen.com\/brazil\/#website","url":"https:\/\/www.ipsen.com\/brazil\/","name":"Brazil","description":"","publisher":{"@id":"https:\/\/www.ipsen.com\/brazil\/#organization"},"potentialAction":[{"@type":"SearchAction","target":{"@type":"EntryPoint","urlTemplate":"https:\/\/www.ipsen.com\/brazil\/?s={search_term_string}"},"query-input":{"@type":"PropertyValueSpecification","valueRequired":true,"valueName":"search_term_string"}}],"inLanguage":"pt-BR"},{"@type":"Organization","@id":"https:\/\/www.ipsen.com\/brazil\/#organization","name":"Brazil","url":"https:\/\/www.ipsen.com\/brazil\/","logo":{"@type":"ImageObject","inLanguage":"pt-BR","@id":"https:\/\/www.ipsen.com\/brazil\/#\/schema\/logo\/image\/","url":"https:\/\/www.ipsen.com\/brazil\/wp-content\/uploads\/sites\/22\/2024\/12\/Logo-Ipsen-new.svg","contentUrl":"https:\/\/www.ipsen.com\/brazil\/wp-content\/uploads\/sites\/22\/2024\/12\/Logo-Ipsen-new.svg","caption":"Brazil"},"image":{"@id":"https:\/\/www.ipsen.com\/brazil\/#\/schema\/logo\/image\/"}}]}},"parsely":{"version":"1.1.0","canonical_url":"https:\/\/ipsen.com\/brazil\/divulgacao-do-relatorio-de-transparencia-salarial\/","smart_links":{"inbound":0,"outbound":0},"traffic_boost_suggestions_count":0,"meta":{"@context":"https:\/\/schema.org","@type":"WebPage","headline":"Divulga\u00e7\u00e3o do Relat\u00f3rio de Transpar\u00eancia Salarial","url":"http:\/\/www.ipsen.com\/brazil\/divulgacao-do-relatorio-de-transparencia-salarial\/","mainEntityOfPage":{"@type":"WebPage","@id":"http:\/\/www.ipsen.com\/brazil\/divulgacao-do-relatorio-de-transparencia-salarial\/"},"thumbnailUrl":"","image":{"@type":"ImageObject","url":""},"articleSection":"N\u00e3o categorizado","author":[{"@type":"Person","name":"navya"}],"creator":["navya"],"publisher":{"@type":"Organization","name":"Brazil","logo":""},"keywords":[],"dateCreated":"2025-05-16T05:58:49Z","datePublished":"2025-05-16T05:58:49Z","dateModified":"2026-03-30T17:39:24Z"},"rendered":"<script type=\"application\/ld+json\" class=\"wp-parsely-metadata\">{\"@context\":\"https:\\\/\\\/schema.org\",\"@type\":\"WebPage\",\"headline\":\"Divulga\\u00e7\\u00e3o do Relat\\u00f3rio de Transpar\\u00eancia Salarial\",\"url\":\"http:\\\/\\\/www.ipsen.com\\\/brazil\\\/divulgacao-do-relatorio-de-transparencia-salarial\\\/\",\"mainEntityOfPage\":{\"@type\":\"WebPage\",\"@id\":\"http:\\\/\\\/www.ipsen.com\\\/brazil\\\/divulgacao-do-relatorio-de-transparencia-salarial\\\/\"},\"thumbnailUrl\":\"\",\"image\":{\"@type\":\"ImageObject\",\"url\":\"\"},\"articleSection\":\"N\\u00e3o categorizado\",\"author\":[{\"@type\":\"Person\",\"name\":\"navya\"}],\"creator\":[\"navya\"],\"publisher\":{\"@type\":\"Organization\",\"name\":\"Brazil\",\"logo\":\"\"},\"keywords\":[],\"dateCreated\":\"2025-05-16T05:58:49Z\",\"datePublished\":\"2025-05-16T05:58:49Z\",\"dateModified\":\"2026-03-30T17:39:24Z\"}<\/script>","tracker_url":"https:\/\/cdn.parsely.com\/keys\/ipsen.com\/p.js"},"jetpack_sharing_enabled":true,"_links":{"self":[{"href":"https:\/\/www.ipsen.com\/brazil\/wp-json\/wp\/v2\/pages\/523","targetHints":{"allow":["GET"]}}],"collection":[{"href":"https:\/\/www.ipsen.com\/brazil\/wp-json\/wp\/v2\/pages"}],"about":[{"href":"https:\/\/www.ipsen.com\/brazil\/wp-json\/wp\/v2\/types\/page"}],"author":[{"embeddable":true,"href":"https:\/\/www.ipsen.com\/brazil\/wp-json\/wp\/v2\/users\/2"}],"replies":[{"embeddable":true,"href":"https:\/\/www.ipsen.com\/brazil\/wp-json\/wp\/v2\/comments?post=523"}],"version-history":[{"count":4,"href":"https:\/\/www.ipsen.com\/brazil\/wp-json\/wp\/v2\/pages\/523\/revisions"}],"predecessor-version":[{"id":1281,"href":"https:\/\/www.ipsen.com\/brazil\/wp-json\/wp\/v2\/pages\/523\/revisions\/1281"}],"wp:attachment":[{"href":"https:\/\/www.ipsen.com\/brazil\/wp-json\/wp\/v2\/media?parent=523"}],"curies":[{"name":"wp","href":"https:\/\/api.w.org\/{rel}","templated":true}]}}