{"id":41,"date":"2025-02-04T06:42:13","date_gmt":"2025-02-04T04:42:13","guid":{"rendered":"https:\/\/www.ipsen.com\/br\/?page_id=41"},"modified":"2025-07-04T07:03:08","modified_gmt":"2025-07-04T05:03:08","slug":"carreira","status":"publish","type":"page","link":"https:\/\/www.ipsen.com\/brazil\/carreira\/","title":{"rendered":"Carreira"},"content":{"rendered":"    <section class=\"sub-page-banner bg-img\" style=\"background-image:url(https:\/\/www.ipsen.com\/brazil\/wp-content\/uploads\/sites\/22\/2025\/07\/Careers.jpg)\">\n        <div class=\"container content-sec\">\n            <nav aria-label=\"breadcrumb\">\n            <ol class=\"breadcrumb\">\n                <li class=\"breadcrumb-item\"><a href=\"https:\/\/www.ipsen.com\/brazil\">Home<\/a><\/li><li class=\"breadcrumb-item active\"><a class=\"link-pointer-events-none\" href=\"#\" aria-current=\"page\">Carreira<\/a><\/li><\/ol>\n            <\/nav>            <h1 class=\"visible\">Carreira<\/h1>\n            <p class=\"visible\">Inovando juntos para um amanh\u00e3 melhor.<\/p>\n        <\/div>\n    <\/section>\n\n\n\t<!-- Hero Carousel Start Here-->\n\t<section class=\"hero-section no-filter\">\n\t\t<div class=\"hero_gridwidth container\"><!-- container class shown if gridlayout choosen -->\n\t\t\t<div id=\"heroCarousel\" class=\"carousel slide herocaro hero-banner-no-bg-image\" data-bs-ride=\"carousel\" data-enableplaybtn=\"1\" data-autoplay= \"\"  data-autospeed= \"\" >\n\t\t\t\t<!-- Slider Indicator-->\n\t\t\t\t<div class=\"carousel-indicators hidden\">\n\t\t\t\t<button type=\"button\" data-bs-target=\"#heroCarousel\" data-bs-slide-to=\"0\" class=\"active\" aria-current=\"true\" aria-label=\"Slide 0\"><\/button>\t\t\t\t<\/div>\n\t\t\t\t<!-- Items -->\n\t\t\t\t<div class=\"carousel-inner\">\n\t\t\t\t\t\t\n\t\t\t\t\t\t<!-- Hero Banner with carousel HTML -->\n\t\t\t\t\t\t<div class=\"carousel-item active banner-no-filter\">\n\n\t\t\t\t\t\t\t\t\t\t\t\t\t\t\t<img decoding=\"async\" class=\"bd-placeholder-img visible\" alt=\"\" width=\"100%\" height=\"100%\" src=\"https:\/\/www.ipsen.com\/brazil\/wp-content\/uploads\/sites\/22\/2025\/07\/Light-Hero-Banner-1.jpg\" \/> \n\t\t\t\t\t\t\t\n\t\t\t\t\t\t\t\t\n\n\t\t\t\t\t\t\t<div class=\"container align-left\">\n\t\t\t\t\t\t\t\t<div class=\"carousel-caption\">\n\t\t\t\t\t\t\t\t\t<h2 class=\"visible text-start heading-two banner-font-color-blue\">\n\t\t\t\t\t\t\t\t\t\tCarreiras na Ipsen alinhadas aos seus talentos\t\t\t\t\t\t\t\t\t<\/h2>\n\t\t\t\t\t\t\t\t\t<div class=\"hidden text-start banner-font-color-blue\"><\/div>\n\t\t\t\t\t\t\t\t\t\n\t\t\t\t\t\t\t\t\t\t\t\t\t\t\t\t\t\t\t<p class=\"visible text-start banner-font-color-blue\">\n\t\t\t\t\t\t\t\t\t\t\t<a class=\"btn btn-lg btn-primary\" href=\"https:\/\/ipsen.wd103.myworkdayjobs.com\/en-EN\/Ipsen_Careers\" aria-label=\"Explore carreiras na Ipsen\" target=\"_blank\">\n\t\t\t\t\t\t\t\t\t\t\t\tExplore carreiras na Ipsen\t\t\t\t\t\t\t\t\t\t\t<\/a>\n\t\t\t\t\t\t\t\t\t\t<\/p>\n\t\t\t\t\t\t\t\t\t\t\t\t\t\t\t\t\t\t\n\t\t\t\t\t\t\t\t<\/div>\n\t\t\t\t\t\t\t<\/div>\n\t\t\t\t\t\t<\/div>\n\n\t\t\t\t\t\t\t\t\t<\/div>\n\t\t\t\t\n\t\t\t\t\t\t\t\t\t<div id=\"carouselButtons\" class=\"hidden visible\">\n\t\t\t\t\t\t<button id=\"playButton\" class=\"hidden\" aria-label=\"Pr\u00f3ximo slide\" type=\"button\"><\/button>\n\t\t\t\t\t\t<button id=\"pauseButton\" aria-label=\"Pr\u00f3ximo slide\" type=\"button\"><\/button>\n\t\t\t\t\t<\/div>\n\t\t\t\t\n\t\t\t<\/div>\n\t\t<\/div>\n\t<\/section>\n\t<!-- Hero Carousel End Here-->\n  \n\n<!-- Text & Media Block Code -->\n<section class=\"two-col-section text-media-section\">\n    <div class=\"container two-section-innner \">\n        <div class=\"response-inner\" style=\"background-image: url('')\">\n            <div class=\"row \">\n                <div class=\"col-xs-12 col-sm-12 col-md-6\">\n                                                    <div class=\"img-video-section\">\n                                <img decoding=\"async\" \n                                    src=\"https:\/\/www.ipsen.com\/brazil\/wp-content\/uploads\/sites\/22\/2025\/07\/Boulogne-France-img-25-S-1.jpg\" \n                                    alt=\"\" \n                                >\n                            <\/div>\n                                        <\/div>\n                <div class=\" col-xs-12 col-sm-12 col-md-6\">\n                    <div class=\"section-content\">\n                        <div class=\"heading-dash\">\n                                                            <span class=\"dash\"><\/span>\n                                <h4 class=\"heading-para heading-four\" role=\"heading\" aria-level=\"2\">\n                                    Por que fazer parte da Ipsen?                                <\/h4>\n                                                    <\/div>\n                                                <p>Na Ipsen, acreditamos no poder da inova\u00e7\u00e3o para transformar a sa\u00fade e melhorar a vida das pessoas. Nossas equipes s\u00e3o apaixonadas pelo que fazem, porque se importam em fazer a diferen\u00e7a na vida dos pacientes. Investimos em nossos funcion\u00e1rios para apoiar projetos transformadores que criam um impacto positivo para os pacientes e a sociedade. Com isso, recompensamos o que importa. Nossos pacotes de remunera\u00e7\u00e3o e benef\u00edcios s\u00e3o competitivos e projetados para reconhecer a contribui\u00e7\u00e3o de todos e incentivar resultados inovadores.<\/p>\n                            <a \n                            aria-label=\"Saiba mais about Por que fazer parte da Ipsen?\"  \n                                role=\"link\" \n                                class=\"btn-link section-btn cta-visible\"\n                                href=\"https:\/\/www.ipsen.com\/brazil\/carreira\/trabalhando-na-ipsen\/\" \n                                target=\"_self\"\n                            > \n                                Saiba mais \n                            <\/a>\n\n                    <\/div>\n                <\/div>\n            <\/div>\n        <\/div>\n    <\/div>\n<\/section>\n\n<!-- Text & Media Block Code -->\n<section class=\"two-col-section text-media-section\">\n    <div class=\"container two-section-innner section-reverse\">\n        <div class=\"response-inner\" style=\"background-image: url('')\">\n            <div class=\"row section-reverse\">\n                <div class=\"col-xs-12 col-sm-12 col-md-6\">\n                                                    <div class=\"img-video-section\">\n                                <img decoding=\"async\" \n                                    src=\"https:\/\/www.ipsen.com\/brazil\/wp-content\/uploads\/sites\/22\/2025\/07\/Cambridge-USA-img-33-hd-scaled-1.jpg\" \n                                    alt=\"\" \n                                >\n                            <\/div>\n                                        <\/div>\n                <div class=\" col-xs-12 col-sm-12 col-md-6\">\n                    <div class=\"section-content\">\n                        <div class=\"heading-dash\">\n                                                            <span class=\"dash\"><\/span>\n                                <h4 class=\"heading-para heading-four\" role=\"heading\" aria-level=\"2\">\n                                    Nossa cultura                                <\/h4>\n                                                    <\/div>\n                                                <p>A Ipsen promove uma cultura de colabora\u00e7\u00e3o e excel\u00eancia, nutrida pelo nosso Jeito Ipsen de Ser, organizado em cinco pilares: Liderar com Prop\u00f3sito, Aprender e Compartilhar, Impulsionar para o Sucesso, Confiar Uns nos Outros e Assumir o controle do Resultado. Esses valores interconectados orientam nossa estrat\u00e9gia. Impulsionada por nossas equipes inclusivas e diversas, a Ipsen foi nomeada Great Place to Work<sup>\u00ae<\/sup> \/ Best Place to Work<sup>\u00ae<\/sup> \/ Top<sup>\u00ae<\/sup> Employer em 18 locais no mundo todo.<\/p>\n                            <a \n                            aria-label=\"Saiba mais about Nossa cultura\"  \n                                role=\"link\" \n                                class=\"btn-link section-btn cta-visible\"\n                                href=\"https:\/\/www.ipsen.com\/brazil\/carreira\/nossa-cultura\/\" \n                                target=\"_self\"\n                            > \n                                Saiba mais \n                            <\/a>\n\n                    <\/div>\n                <\/div>\n            <\/div>\n        <\/div>\n    <\/div>\n<\/section>\n\n\t<!-- Ipsen Quotes Start -->\n\t<section class=\"quotes-section\" aria-label=\"quotes-section\">\n\t\t<div class=\"container\">\n\t\t\t\t\t\t<div class=\"quote-sec-inner\"    >\n\t\t\t\t\t<div class=\"row\">\n\t\t\t\t\t\t\t\t\t\t\t\t<div class=\"column-1 col-xl-4 col-md-6 col-xs-12 \">\n\t\t\t\t\t\t\t\t\t\t\t\t\t\t\t\t\t\t<div class=\"quote-img\">\n\t\t\t\t\t\t\t\t\t\t\t<img \n\t\t\t\t\t\t\t\t\t\t\t\tsrc=\"https:\/\/www.ipsen.com\/brazil\/wp-content\/uploads\/sites\/22\/2025\/07\/Janaine-Oliveira-Ferreira.png\" \n\t\t\t\t\t\t\t\t\t\t\t\talt=\"Janaine Oliveira Ferreira\"\n\t\t\t\t\t\t\t\t\t\t\t>\n\t\t\t\t\t\t\t\t\t\t<\/div>\n\t\t\t\t\t\t\t\t\t\t\t\t\t\t\t<\/div>\n\t\t\t\t\t\t\t<div class=\"column-2 col-xl-8 col-md-6 col-xs-12 \">\n\t\t\t\t\t\t\t\t<div class=\"quote-content\">\n\t\t\t\t\t\t\t\t\t<div class=\"quote-para \">\n\t\t\t\t\t\t\t\t\t\t<p class=\"para\">\n\t\t\t\t\t\t\t\t\t\t\t<p>O que me faz sair da cama pela manh\u00e3 \u00e9 meu comprometimento com a Ipsen e meus colegas, com o conhecimento cient\u00edfico e com o melhor tratamento poss\u00edvel para melhorar a vida dos pacientes.<\/p>\n\t\t\t\t\t\t\t\t\t\t<\/p>\n\t\t\t\t\t\t\t\t\t<\/div>\n\t\t\t\t\t\t\t\t\t<div class=\"quote-sign-div\">\n\t\t\t\t\t\t\t\t\t\t<div class=\"quote-author-div\">\n\t\t\t\t\t\t\t\t\t\t\t<div class=\"quote-dash-div\">\n\t\t\t\t\t\t\t\t\t\t\t\t<span class=\"quote-dash\">\n\n\t\t\t\t\t\t\t\t\t\t\t\t<\/span>\n\t\t\t\t\t\t\t\t\t\t\t\t\t\t\t\t\t\t\t\t\t\t\t\t\t\t\t\t<p class=\"quote-author primary-blue\">\n\t\t\t\t\t\t\t\t\t\t\t\t\t\t\t\tJanaine Oliveira Ferreira\t\t\t\t\t\t\t\t\t\t\t\t\t\t\t<\/p>\t\n\t\t\t\t\t\t\t\t\t\t\t\t\t\t\t\t\t\t\t\t\t\t<\/div>\n\t\t\t\t\t\t\t\t\t\t\t\t\t\t\t\t\t\t\t\t\t\t\t<p class=\"quote-author-role\">\n\t\t\t\t\t\t\t\t\t\t\t\t\tGerente de Marketing\t\t\t\t\t\t\t\t\t\t\t\t<\/p> \n\t\t\t\t\t\t\t\t\t\t\t\t\t\t\t\t\t\t\t\t\t<\/div>\n\t\t\t\t\t\t\t\t\t<\/div>\n\t\t\t\t\t\t\t\t<\/div>\n\t\t\t\t\t\t\t<\/div>\n\t\t\t\t\t\t\t\t\t<\/div>\n\t\t\t<\/div>\n\t\t\t<\/div>\n<\/section>\n<!-- Ipsen Quotes End -->\n\n\n    <section class=\"video-card \">\n        <div class=\"container\">\n            <!-- Block Details -->\n            <div class=\"video-card-header\">\n                <h3 class=\"video-card-block-title hidden heading-three\">\n                                    <\/h3>\n                <p class=\"charcoal-grey video-card-block-summary hidden\"> \n                                    <\/p>\n            <\/div>\n\n            <!-- Video Iframe embed -->\n                            <div class=\"video-embed\"> \n                <iframe loading=\"lazy\" title=\"Janaine-For-A-Purpose_video_VOST_EN-none\" src=\"https:\/\/player.vimeo.com\/video\/827607227?h=b9d5f14818&amp;app_id=122963&#038;autoplay=1&#038;muted=1&#038;controls=1&#038;loop=1&#038;autopause=1&#038;background=0\" width=\"640\" height=\"360\" frameborder=\"0\" allow=\"autoplay; fullscreen; picture-in-picture; clipboard-write; encrypted-media; web-share\" referrerpolicy=\"strict-origin-when-cross-origin\" frameborder=\"0\" allow=\"autoplay; fullscreen; picture-in-picture\" data-ot-ignore><\/iframe>                <\/div>\n            \n            <!-- Block CTA -->\n            <div class=\"cta-block hidden\">\n                            <\/div>\n\n        <\/div>\n    <\/section>\n\n\n    <section class=\"title-text \">\n        <div class=\"container\">\n            <div class=\"title-text-inner\" style=\"background-color:#EDEBE4;\">\n\n                <!-- If heading is enabled then it's visible -->\n                <div class=\"text-head-dash visible\">\n                <h3 class=\"heading-three\" role=\"heading\" aria-level=\"2\">\n                        Categorias De Vagas                    <\/h3>\n                <\/div>\n               \n                <!-- If description is enabled then it's visible -->\n                <div class=\"text-parbase visible\">\n                    <p>Descubra oportunidades de carreira na Ipsen e fa\u00e7a uma diferen\u00e7a real na vida dos pacientes:<\/p>\n<ul>\n<li>Vendas e Marketing<\/li>\n<li>\u00c1rea M\u00e9dica<\/li>\n<li>Pesquisa e Desenvolvimento<\/li>\n<li>Produ\u00e7\u00e3o e Fabrica\u00e7\u00e3o<\/li>\n<li>Qualidade e Sa\u00fade e Seguran\u00e7a Ambiental<\/li>\n<li>Cadeia de Suprimentos e Compras<\/li>\n<li>Finan\u00e7as<\/li>\n<li>Recursos Humanos<\/li>\n<li>TI e Digital<\/li>\n<li>Jur\u00eddico e Compliance<\/li>\n<li>Administra\u00e7\u00e3o<\/li>\n<li>Desenvolvimento de Neg\u00f3cios e Gest\u00e3o Geral<\/li>\n<li>Comunica\u00e7\u00f5es e Rela\u00e7\u00f5es P\u00fablicas<\/li>\n<\/ul>\n                <\/div>\n\n                <!-- If button is enabled then it's visible -->\n                                        <div class=\"btn-txt\">\n                            <a \n                                aria-label=\"Saiba mais\" \n                                class=\"btn-link section-btn cta-visible\"  \n                                role=\"link\"\n                                href=\"https:\/\/ipsen.wd103.myworkdayjobs.com\/en-EN\/Ipsen_Careers\" target=\"_blank\">\n                                Saiba mais                            <\/a>\n                        <\/div>\n                \n            <\/div>\n        <\/div>\n    <\/section>\n\n\n    <section class=\"title-text \">\n        <div class=\"container\">\n            <div class=\"title-text-inner\" style=\"background-color:#EDEBE4;\">\n\n                <!-- If heading is enabled then it's visible -->\n                <div class=\"text-head-dash visible\">\n                <h3 class=\"heading-three\" role=\"heading\" aria-level=\"2\">\n                        Nosso processo de recrutamento                    <\/h3>\n                <\/div>\n               \n                <!-- If description is enabled then it's visible -->\n                <div class=\"text-parbase visible\">\n                    <p>O processo de aquisi\u00e7\u00e3o de talentos da Ipsen prioriza planejamento claro, pol\u00edticas de comunica\u00e7\u00e3o eficazes e feedback construtivo. Aumentamos os esfor\u00e7os para elevar os requisitos de qualidade para posi\u00e7\u00f5es cr\u00edticas, com foco nos princ\u00edpios de diversidade, equidade e inclus\u00e3o (DE&amp;I) como parte de nossa estrat\u00e9gia mais ampla de DE&amp;I. Revisamos constantemente nossos processos de recursos humanos nas fases de recrutamento e integra\u00e7\u00e3o para garantir resultados equitativos.<br \/>\n<!--EndFragment --><\/p>\n                <\/div>\n\n                <!-- If button is enabled then it's visible -->\n                \n            <\/div>\n        <\/div>\n    <\/section>\n","protected":false},"excerpt":{"rendered":"","protected":false},"author":2,"featured_media":0,"parent":0,"menu_order":0,"comment_status":"closed","ping_status":"closed","template":"","meta":{"_acf_changed":false,"footnotes":""},"class_list":["post-41","page","type-page","status-publish","hentry","entry"],"acf":[],"yoast_head":"<!-- This site is optimized with the Yoast SEO plugin v26.8 - https:\/\/yoast.com\/product\/yoast-seo-wordpress\/ -->\n<title>Oportunidades de carreira na Ipsen<\/title>\n<meta name=\"description\" content=\"Explore oportunidades de carreiras na Ipsen em uma variedade de \u00e1reas. Pesquise vagas na Ipsen de acordo com suas habilidades e cause um impacto real na vida dos pacientes.\" \/>\n<meta name=\"robots\" content=\"index, follow, max-snippet:-1, max-image-preview:large, max-video-preview:-1\" \/>\n<link rel=\"canonical\" href=\"https:\/\/www.ipsen.com\/brazil\/carreira\/\" \/>\n<meta property=\"og:locale\" content=\"pt_BR\" \/>\n<meta property=\"og:type\" content=\"article\" \/>\n<meta property=\"og:title\" content=\"Oportunidades de carreira na Ipsen\" \/>\n<meta property=\"og:description\" content=\"Explore oportunidades de carreiras na Ipsen em uma variedade de \u00e1reas. Pesquise vagas na Ipsen de acordo com suas habilidades e cause um impacto real na vida dos pacientes.\" \/>\n<meta property=\"og:url\" content=\"https:\/\/www.ipsen.com\/brazil\/carreira\/\" \/>\n<meta property=\"og:site_name\" content=\"Brazil\" \/>\n<meta property=\"article:modified_time\" content=\"2025-07-04T05:03:08+00:00\" \/>\n<meta name=\"twitter:card\" content=\"summary_large_image\" \/>\n<script type=\"application\/ld+json\" class=\"yoast-schema-graph\">{\"@context\":\"https:\/\/schema.org\",\"@graph\":[{\"@type\":\"WebPage\",\"@id\":\"https:\/\/www.ipsen.com\/brazil\/carreira\/\",\"url\":\"https:\/\/www.ipsen.com\/brazil\/carreira\/\",\"name\":\"Oportunidades de carreira na Ipsen\",\"isPartOf\":{\"@id\":\"https:\/\/www.ipsen.com\/brazil\/#website\"},\"datePublished\":\"2025-02-04T04:42:13+00:00\",\"dateModified\":\"2025-07-04T05:03:08+00:00\",\"description\":\"Explore oportunidades de carreiras na Ipsen em uma variedade de \u00e1reas. Pesquise vagas na Ipsen de acordo com suas habilidades e cause um impacto real na vida dos pacientes.\",\"breadcrumb\":{\"@id\":\"https:\/\/www.ipsen.com\/brazil\/carreira\/#breadcrumb\"},\"inLanguage\":\"pt-BR\",\"potentialAction\":[{\"@type\":\"ReadAction\",\"target\":[\"https:\/\/www.ipsen.com\/brazil\/carreira\/\"]}]},{\"@type\":\"BreadcrumbList\",\"@id\":\"https:\/\/www.ipsen.com\/brazil\/carreira\/#breadcrumb\",\"itemListElement\":[{\"@type\":\"ListItem\",\"position\":1,\"name\":\"Home\",\"item\":\"https:\/\/www.ipsen.com\/brazil\/\"},{\"@type\":\"ListItem\",\"position\":2,\"name\":\"Carreira\"}]},{\"@type\":\"WebSite\",\"@id\":\"https:\/\/www.ipsen.com\/brazil\/#website\",\"url\":\"https:\/\/www.ipsen.com\/brazil\/\",\"name\":\"Brazil\",\"description\":\"\",\"publisher\":{\"@id\":\"https:\/\/www.ipsen.com\/brazil\/#organization\"},\"potentialAction\":[{\"@type\":\"SearchAction\",\"target\":{\"@type\":\"EntryPoint\",\"urlTemplate\":\"https:\/\/www.ipsen.com\/brazil\/?s={search_term_string}\"},\"query-input\":{\"@type\":\"PropertyValueSpecification\",\"valueRequired\":true,\"valueName\":\"search_term_string\"}}],\"inLanguage\":\"pt-BR\"},{\"@type\":\"Organization\",\"@id\":\"https:\/\/www.ipsen.com\/brazil\/#organization\",\"name\":\"Brazil\",\"url\":\"https:\/\/www.ipsen.com\/brazil\/\",\"logo\":{\"@type\":\"ImageObject\",\"inLanguage\":\"pt-BR\",\"@id\":\"https:\/\/www.ipsen.com\/brazil\/#\/schema\/logo\/image\/\",\"url\":\"https:\/\/www.ipsen.com\/brazil\/wp-content\/uploads\/sites\/22\/2024\/12\/Logo-Ipsen-new.svg\",\"contentUrl\":\"https:\/\/www.ipsen.com\/brazil\/wp-content\/uploads\/sites\/22\/2024\/12\/Logo-Ipsen-new.svg\",\"caption\":\"Brazil\"},\"image\":{\"@id\":\"https:\/\/www.ipsen.com\/brazil\/#\/schema\/logo\/image\/\"}}]}<\/script>\n<!-- \/ Yoast SEO plugin. -->","yoast_head_json":{"title":"Oportunidades de carreira na Ipsen","description":"Explore oportunidades de carreiras na Ipsen em uma variedade de \u00e1reas. Pesquise vagas na Ipsen de acordo com suas habilidades e cause um impacto real na vida dos pacientes.","robots":{"index":"index","follow":"follow","max-snippet":"max-snippet:-1","max-image-preview":"max-image-preview:large","max-video-preview":"max-video-preview:-1"},"canonical":"https:\/\/www.ipsen.com\/brazil\/carreira\/","og_locale":"pt_BR","og_type":"article","og_title":"Oportunidades de carreira na Ipsen","og_description":"Explore oportunidades de carreiras na Ipsen em uma variedade de \u00e1reas. Pesquise vagas na Ipsen de acordo com suas habilidades e cause um impacto real na vida dos pacientes.","og_url":"https:\/\/www.ipsen.com\/brazil\/carreira\/","og_site_name":"Brazil","article_modified_time":"2025-07-04T05:03:08+00:00","twitter_card":"summary_large_image","schema":{"@context":"https:\/\/schema.org","@graph":[{"@type":"WebPage","@id":"https:\/\/www.ipsen.com\/brazil\/carreira\/","url":"https:\/\/www.ipsen.com\/brazil\/carreira\/","name":"Oportunidades de carreira na Ipsen","isPartOf":{"@id":"https:\/\/www.ipsen.com\/brazil\/#website"},"datePublished":"2025-02-04T04:42:13+00:00","dateModified":"2025-07-04T05:03:08+00:00","description":"Explore oportunidades de carreiras na Ipsen em uma variedade de \u00e1reas. Pesquise vagas na Ipsen de acordo com suas habilidades e cause um impacto real na vida dos pacientes.","breadcrumb":{"@id":"https:\/\/www.ipsen.com\/brazil\/carreira\/#breadcrumb"},"inLanguage":"pt-BR","potentialAction":[{"@type":"ReadAction","target":["https:\/\/www.ipsen.com\/brazil\/carreira\/"]}]},{"@type":"BreadcrumbList","@id":"https:\/\/www.ipsen.com\/brazil\/carreira\/#breadcrumb","itemListElement":[{"@type":"ListItem","position":1,"name":"Home","item":"https:\/\/www.ipsen.com\/brazil\/"},{"@type":"ListItem","position":2,"name":"Carreira"}]},{"@type":"WebSite","@id":"https:\/\/www.ipsen.com\/brazil\/#website","url":"https:\/\/www.ipsen.com\/brazil\/","name":"Brazil","description":"","publisher":{"@id":"https:\/\/www.ipsen.com\/brazil\/#organization"},"potentialAction":[{"@type":"SearchAction","target":{"@type":"EntryPoint","urlTemplate":"https:\/\/www.ipsen.com\/brazil\/?s={search_term_string}"},"query-input":{"@type":"PropertyValueSpecification","valueRequired":true,"valueName":"search_term_string"}}],"inLanguage":"pt-BR"},{"@type":"Organization","@id":"https:\/\/www.ipsen.com\/brazil\/#organization","name":"Brazil","url":"https:\/\/www.ipsen.com\/brazil\/","logo":{"@type":"ImageObject","inLanguage":"pt-BR","@id":"https:\/\/www.ipsen.com\/brazil\/#\/schema\/logo\/image\/","url":"https:\/\/www.ipsen.com\/brazil\/wp-content\/uploads\/sites\/22\/2024\/12\/Logo-Ipsen-new.svg","contentUrl":"https:\/\/www.ipsen.com\/brazil\/wp-content\/uploads\/sites\/22\/2024\/12\/Logo-Ipsen-new.svg","caption":"Brazil"},"image":{"@id":"https:\/\/www.ipsen.com\/brazil\/#\/schema\/logo\/image\/"}}]}},"parsely":{"version":"1.1.0","canonical_url":"https:\/\/ipsen.com\/brazil\/carreira\/","smart_links":{"inbound":0,"outbound":0},"traffic_boost_suggestions_count":0,"meta":{"@context":"https:\/\/schema.org","@type":"WebPage","headline":"Carreira","url":"http:\/\/www.ipsen.com\/brazil\/carreira\/","mainEntityOfPage":{"@type":"WebPage","@id":"http:\/\/www.ipsen.com\/brazil\/carreira\/"},"thumbnailUrl":"","image":{"@type":"ImageObject","url":""},"articleSection":"N\u00e3o categorizado","author":[{"@type":"Person","name":"navya"}],"creator":["navya"],"publisher":{"@type":"Organization","name":"Brazil","logo":""},"keywords":[],"dateCreated":"2025-02-04T04:42:13Z","datePublished":"2025-02-04T04:42:13Z","dateModified":"2025-07-04T05:03:08Z"},"rendered":"<script type=\"application\/ld+json\" class=\"wp-parsely-metadata\">{\"@context\":\"https:\\\/\\\/schema.org\",\"@type\":\"WebPage\",\"headline\":\"Carreira\",\"url\":\"http:\\\/\\\/www.ipsen.com\\\/brazil\\\/carreira\\\/\",\"mainEntityOfPage\":{\"@type\":\"WebPage\",\"@id\":\"http:\\\/\\\/www.ipsen.com\\\/brazil\\\/carreira\\\/\"},\"thumbnailUrl\":\"\",\"image\":{\"@type\":\"ImageObject\",\"url\":\"\"},\"articleSection\":\"N\\u00e3o categorizado\",\"author\":[{\"@type\":\"Person\",\"name\":\"navya\"}],\"creator\":[\"navya\"],\"publisher\":{\"@type\":\"Organization\",\"name\":\"Brazil\",\"logo\":\"\"},\"keywords\":[],\"dateCreated\":\"2025-02-04T04:42:13Z\",\"datePublished\":\"2025-02-04T04:42:13Z\",\"dateModified\":\"2025-07-04T05:03:08Z\"}<\/script>","tracker_url":"https:\/\/cdn.parsely.com\/keys\/ipsen.com\/p.js"},"jetpack_sharing_enabled":true,"_links":{"self":[{"href":"https:\/\/www.ipsen.com\/brazil\/wp-json\/wp\/v2\/pages\/41","targetHints":{"allow":["GET"]}}],"collection":[{"href":"https:\/\/www.ipsen.com\/brazil\/wp-json\/wp\/v2\/pages"}],"about":[{"href":"https:\/\/www.ipsen.com\/brazil\/wp-json\/wp\/v2\/types\/page"}],"author":[{"embeddable":true,"href":"https:\/\/www.ipsen.com\/brazil\/wp-json\/wp\/v2\/users\/2"}],"replies":[{"embeddable":true,"href":"https:\/\/www.ipsen.com\/brazil\/wp-json\/wp\/v2\/comments?post=41"}],"version-history":[{"count":10,"href":"https:\/\/www.ipsen.com\/brazil\/wp-json\/wp\/v2\/pages\/41\/revisions"}],"predecessor-version":[{"id":989,"href":"https:\/\/www.ipsen.com\/brazil\/wp-json\/wp\/v2\/pages\/41\/revisions\/989"}],"wp:attachment":[{"href":"https:\/\/www.ipsen.com\/brazil\/wp-json\/wp\/v2\/media?parent=41"}],"curies":[{"name":"wp","href":"https:\/\/api.w.org\/{rel}","templated":true}]}}