{"id":103,"date":"2025-02-04T07:15:53","date_gmt":"2025-02-04T05:15:53","guid":{"rendered":"https:\/\/www.ipsen.com\/br\/?page_id=103"},"modified":"2025-07-16T08:19:51","modified_gmt":"2025-07-16T06:19:51","slug":"politica-de-cookies","status":"publish","type":"page","link":"https:\/\/www.ipsen.com\/brazil\/politica-de-cookies\/","title":{"rendered":"Pol\u00edtica de Cookies"},"content":{"rendered":"    <section class=\"sub-page-banner bg-color-enabled  banner-no-filter\" style=\"background: linear-gradient(93.64deg, #224A81 2.99%, #2797D3 97.01%)\">\n                <div class=\"container content-sec\">\n            <nav aria-label=\"breadcrumb\">\n            <ol class=\"breadcrumb\">\n                <li class=\"breadcrumb-item\"><a href=\"https:\/\/www.ipsen.com\/brazil\">Home<\/a><\/li><li class=\"breadcrumb-item active\"><a class=\"link-pointer-events-none\" href=\"#\" aria-current=\"page\">Pol\u00edtica de Cookies<\/a><\/li><\/ol>\n            <\/nav>            <h1 class=\"visible banner-font-color-white\">Pol\u00edtica de Cookies<\/h1>\n            <p class=\"hidden banner-font-color-white\"><\/p>\n        <\/div>\n    <\/section>\n\n\n\n\n<div class=\"wp-block-group\"><div class=\"wp-block-group__inner-container is-layout-constrained wp-block-group-is-layout-constrained\">\n<div class=\"wp-block-columns is-layout-flex wp-container-core-columns-is-layout-9d6595d7 wp-block-columns-is-layout-flex\">\n<div class=\"wp-block-column is-layout-flow wp-block-column-is-layout-flow\">\n<p><strong>O que \u00e9 um cookie?<\/strong><\/p>\n\n\n\n<p>Cookies s\u00e3o pequenos arquivos de texto que s\u00e3o enviados ao seu dispositivo quando voc\u00ea visita um site. Eles s\u00e3o armazenados no disco r\u00edgido do dispositivo. Alguns cookies s\u00e3o considerados estritamente necess\u00e1rios. Esses cookies s\u00e3o utilizados para facilitar tarefas essenciais no site, como ajudar os usu\u00e1rios a navegar entre as p\u00e1ginas de forma eficiente e manter o site funcionando de forma segura.<\/p>\n\n\n\n<p>Outros cookies s\u00e3o utilizados para gerenciar o desempenho e rastrear o uso do site. Esses cookies nos ajudam a entender como nosso site est\u00e1 sendo utilizado, para que possamos melhor\u00e1-lo continuamente.<\/p>\n\n\n\n<p>Conforme orienta\u00e7\u00f5es da Autoridade Nacional de Prote\u00e7\u00e3o de Dados Pessoais (em seu Guia Orientativo: Cookies e Prote\u00e7\u00e3o de Dados Pessoais), utilizamos cookies em seu dispositivo se forem estritamente necess\u00e1rios.<\/p>\n\n\n\n<p>Quando utilizarmos outros cookies que n\u00e3o sejam estritamente necess\u00e1rios, solicitaremos sua permiss\u00e3o.<\/p>\n\n\n\n<p>As informa\u00e7\u00f5es coletadas por meio de cookies geralmente n\u00e3o identificam o usu\u00e1rio do site diretamente. No entanto, alguns cookies podem conter dados pessoais, como endere\u00e7o IP, data e hora da visita ao site, sistema operacional, navegador e informa\u00e7\u00f5es sobre como o usu\u00e1rio acessa o site.<\/p>\n\n\n\n<p><strong>Quais cookies esse site utiliza?<\/strong><\/p>\n\n\n\n<p>Este site utiliza cookies estritamente necess\u00e1rios para gerenciar a navega\u00e7\u00e3o no site e garantir a funcionalidade e a seguran\u00e7a do usu\u00e1rio.<\/p>\n\n\n\n<p>O site tamb\u00e9m utiliza cookies anal\u00edticos da web, que fornecem \u00e0 IPSEN informa\u00e7\u00f5es sobre o comportamento dos visitantes do site, como a identifica\u00e7\u00e3o das palavras-chave do mecanismo de busca que levaram o usu\u00e1rio ao site, quanto tempo os usu\u00e1rios permanecem no site, quais p\u00e1ginas visitam e quais s\u00e3o as mais visitadas.<\/p>\n\n\n\n<p>Por fim, o site utiliza cookies Analytics para rastrear o uso da web e fornecer estat\u00edsticas gerais de uso.<\/p>\n\n\n\n<p><strong>Por quanto tempo as informa\u00e7\u00f5es coletadas pelos cookies s\u00e3o mantidas?<\/strong><\/p>\n\n\n\n<p>Os cookies s\u00e3o configurados para expirar quando as informa\u00e7\u00f5es n\u00e3o s\u00e3o mais necess\u00e1rias ou ap\u00f3s um per\u00edodo m\u00e1ximo de 13 meses.<\/p>\n\n\n\n<p><strong>Como posso definir ou alterar minhas configura\u00e7\u00f5es de cookies?<\/strong><\/p>\n\n\n\n<p>Ser\u00e3o apresentadas op\u00e7\u00f5es para gerenciar os cookies quando voc\u00ea acessar nosso site pela primeira vez e, depois disso, periodicamente. Tamb\u00e9m \u00e9 poss\u00edvel gerenciar os cookies clicando <strong class=\"ot-sdk-show-settings\">aqui<\/strong>. Voc\u00ea poder\u00e1 aceitar todos os cookies ou escolher quais cookies aceitar ou recusar. Se voc\u00ea recusar qualquer tipo de cookie, ele n\u00e3o ser\u00e1 enviado ao seu dispositivo.<\/p>\n\n\n\n<p>Como alternativa, voc\u00ea pode controlar os cookies na maioria dos navegadores da Web por meio das configura\u00e7\u00f5es do navegador. Os links para gerenciar cookies dos principais navegadores est\u00e3o abaixo:<\/p>\n\n\n\n<ul class=\"wp-block-list\">\n<li><strong>Internet Explorer:<\/strong> <a href=\"https:\/\/support.microsoft.com\/pt-br\/help\/17442\/windows-internetexplorer-delete-manage-cookies\" target=\"_blank\" rel=\"noreferrer noopener\">https:\/\/support.microsoft.com\/pt-br\/help\/17442\/windows-internetexplorer-delete-manage-cookies<\/a><\/li>\n\n\n\n<li><strong>Mozilla Firefox:<\/strong> <a href=\"https:\/\/support.mozilla.org\/pt-BR\/kb\/ative-e-desative-os-cookies-queos-sites-usam\" target=\"_blank\" rel=\"noreferrer noopener\">https:\/\/support.mozilla.org\/pt-BR\/kb\/ative-e-desative-os-cookies-queos-sites-usam<\/a><\/li>\n\n\n\n<li><strong>Google Chrome:<\/strong> <a href=\"https:\/\/support.google.com\/accounts\/answer\/61416?co=GENIE.Platform%3DDesktop&amp; hl=pt-BR\" target=\"_blank\" rel=\"noreferrer noopener\">https:\/\/support.google.com\/accounts\/answer\/61416?co=GENIE.Platform%3DDesktop&amp; hl=pt-BR<\/a><\/li>\n\n\n\n<li><strong>Safari:<\/strong> <a href=\"https:\/\/support.apple.com\/pt-br\/guide\/safari\/sfri11471\/mac\" target=\"_blank\" rel=\"noreferrer noopener\">https:\/\/support.apple.com\/pt-br\/guide\/safari\/sfri11471\/mac<\/a><\/li>\n<\/ul>\n\n\n\n<p>Note que a desativa\u00e7\u00e3o de alguns cookies poder\u00e1 comprometer determinadas funcionalidades do website.<\/p>\n\n\n\n<p>Para saber mais sobre cookies, inclusive obter mais informa\u00e7\u00f5es sobre os cookies definidos nessa Pol\u00edtica, visite <a href=\"http:\/\/www.aboutcookies.org\/\" target=\"_blank\" rel=\"noreferrer noopener\"><strong>www.aboutcookies.org<\/strong><\/a> ou <a href=\"http:\/\/www.allaboutcookies.org\/\" target=\"_blank\" rel=\"noreferrer noopener\"><strong>www.allaboutcookies.org<\/strong><\/a>.<\/p>\n\n\n\n<p><strong>O que acontece quando voc\u00ea compartilha em plataformas de m\u00eddia social?<\/strong><\/p>\n\n\n\n<p>Se voc\u00ea compartilhar conte\u00fado da IPSEN em redes sociais, como Facebook e Twitter, poder\u00e1 receber cookies desses sites. N\u00e3o controlamos a configura\u00e7\u00e3o desses cookies, portanto, verifique os sites de terceiros para obter mais informa\u00e7\u00f5es sobre como gerenci\u00e1-los.<\/p>\n<\/div>\n<\/div>\n<\/div><\/div>\n\n\n\n<!--Alert Card Layout Start Here-->\n<section class=\"alertcard-section\">\n      <div class=\"container\">\n        <!--Alert Box HTML Start Here-->\n        <div class=\"alert-box general-box\">\n                    <div class=\"info-icon\">\n              <span class=\"info-circle\"><img decoding=\"async\" src=\"https:\/\/www.ipsen.com\/brazil\/wp-content\/themes\/ipsen-main\/dist\/images\/alert-info-icon.png\" alt=\"Alert\"\/><\/i>\n            <\/div>\n                    <div class=\"info-contents\">\n          <h4 role=\"heading\" aria-level=\"2\" class=\"info-head heading-four heading-four\"><\/h4>\n            <p class=\"info-sub-head-para hidden heading-para\"><\/p>\n            <div class=\"alert-content visible\"><p>\u00daltima atualiza\u00e7\u00e3o em 10 de junho de 2025<\/p>\n<\/div>\n          <\/div>\n        <\/div>\n        <!--Alert Box HTML Start Here-->\n      <\/div>\n    <\/section>\n<!--Alert Card Layout End Here-->\n","protected":false},"excerpt":{"rendered":"","protected":false},"author":2,"featured_media":0,"parent":0,"menu_order":0,"comment_status":"closed","ping_status":"closed","template":"","meta":{"_acf_changed":false,"footnotes":""},"class_list":["post-103","page","type-page","status-publish","hentry","entry"],"acf":[],"yoast_head":"<!-- This site is optimized with the Yoast SEO plugin v26.8 - https:\/\/yoast.com\/product\/yoast-seo-wordpress\/ -->\n<title>Pol\u00edtica de Cookies<\/title>\n<meta name=\"description\" content=\"Pol\u00edtica de Cookies da Ipsen\" \/>\n<meta name=\"robots\" content=\"index, follow, max-snippet:-1, max-image-preview:large, max-video-preview:-1\" \/>\n<link rel=\"canonical\" href=\"https:\/\/www.ipsen.com\/brazil\/politica-de-cookies\/\" \/>\n<meta property=\"og:locale\" content=\"pt_BR\" \/>\n<meta property=\"og:type\" content=\"article\" \/>\n<meta property=\"og:title\" content=\"Pol\u00edtica de Cookies\" \/>\n<meta property=\"og:description\" content=\"Pol\u00edtica de Cookies da Ipsen\" \/>\n<meta property=\"og:url\" content=\"https:\/\/www.ipsen.com\/brazil\/politica-de-cookies\/\" \/>\n<meta property=\"og:site_name\" content=\"Brazil\" \/>\n<meta property=\"article:modified_time\" content=\"2025-07-16T06:19:51+00:00\" \/>\n<meta name=\"twitter:card\" content=\"summary_large_image\" \/>\n<meta name=\"twitter:label1\" content=\"Est. reading time\" \/>\n\t<meta name=\"twitter:data1\" content=\"3 minutes\" \/>\n<script type=\"application\/ld+json\" class=\"yoast-schema-graph\">{\"@context\":\"https:\/\/schema.org\",\"@graph\":[{\"@type\":\"WebPage\",\"@id\":\"https:\/\/www.ipsen.com\/brazil\/politica-de-cookies\/\",\"url\":\"https:\/\/www.ipsen.com\/brazil\/politica-de-cookies\/\",\"name\":\"Pol\u00edtica de Cookies\",\"isPartOf\":{\"@id\":\"https:\/\/www.ipsen.com\/brazil\/#website\"},\"datePublished\":\"2025-02-04T05:15:53+00:00\",\"dateModified\":\"2025-07-16T06:19:51+00:00\",\"description\":\"Pol\u00edtica de Cookies da Ipsen\",\"breadcrumb\":{\"@id\":\"https:\/\/www.ipsen.com\/brazil\/politica-de-cookies\/#breadcrumb\"},\"inLanguage\":\"pt-BR\",\"potentialAction\":[{\"@type\":\"ReadAction\",\"target\":[\"https:\/\/www.ipsen.com\/brazil\/politica-de-cookies\/\"]}]},{\"@type\":\"BreadcrumbList\",\"@id\":\"https:\/\/www.ipsen.com\/brazil\/politica-de-cookies\/#breadcrumb\",\"itemListElement\":[{\"@type\":\"ListItem\",\"position\":1,\"name\":\"Home\",\"item\":\"https:\/\/www.ipsen.com\/brazil\/\"},{\"@type\":\"ListItem\",\"position\":2,\"name\":\"Pol\u00edtica de Cookies\"}]},{\"@type\":\"WebSite\",\"@id\":\"https:\/\/www.ipsen.com\/brazil\/#website\",\"url\":\"https:\/\/www.ipsen.com\/brazil\/\",\"name\":\"Brazil\",\"description\":\"\",\"publisher\":{\"@id\":\"https:\/\/www.ipsen.com\/brazil\/#organization\"},\"potentialAction\":[{\"@type\":\"SearchAction\",\"target\":{\"@type\":\"EntryPoint\",\"urlTemplate\":\"https:\/\/www.ipsen.com\/brazil\/?s={search_term_string}\"},\"query-input\":{\"@type\":\"PropertyValueSpecification\",\"valueRequired\":true,\"valueName\":\"search_term_string\"}}],\"inLanguage\":\"pt-BR\"},{\"@type\":\"Organization\",\"@id\":\"https:\/\/www.ipsen.com\/brazil\/#organization\",\"name\":\"Brazil\",\"url\":\"https:\/\/www.ipsen.com\/brazil\/\",\"logo\":{\"@type\":\"ImageObject\",\"inLanguage\":\"pt-BR\",\"@id\":\"https:\/\/www.ipsen.com\/brazil\/#\/schema\/logo\/image\/\",\"url\":\"https:\/\/www.ipsen.com\/brazil\/wp-content\/uploads\/sites\/22\/2024\/12\/Logo-Ipsen-new.svg\",\"contentUrl\":\"https:\/\/www.ipsen.com\/brazil\/wp-content\/uploads\/sites\/22\/2024\/12\/Logo-Ipsen-new.svg\",\"caption\":\"Brazil\"},\"image\":{\"@id\":\"https:\/\/www.ipsen.com\/brazil\/#\/schema\/logo\/image\/\"}}]}<\/script>\n<!-- \/ Yoast SEO plugin. -->","yoast_head_json":{"title":"Pol\u00edtica de Cookies","description":"Pol\u00edtica de Cookies da Ipsen","robots":{"index":"index","follow":"follow","max-snippet":"max-snippet:-1","max-image-preview":"max-image-preview:large","max-video-preview":"max-video-preview:-1"},"canonical":"https:\/\/www.ipsen.com\/brazil\/politica-de-cookies\/","og_locale":"pt_BR","og_type":"article","og_title":"Pol\u00edtica de Cookies","og_description":"Pol\u00edtica de Cookies da Ipsen","og_url":"https:\/\/www.ipsen.com\/brazil\/politica-de-cookies\/","og_site_name":"Brazil","article_modified_time":"2025-07-16T06:19:51+00:00","twitter_card":"summary_large_image","twitter_misc":{"Est. reading time":"3 minutes"},"schema":{"@context":"https:\/\/schema.org","@graph":[{"@type":"WebPage","@id":"https:\/\/www.ipsen.com\/brazil\/politica-de-cookies\/","url":"https:\/\/www.ipsen.com\/brazil\/politica-de-cookies\/","name":"Pol\u00edtica de Cookies","isPartOf":{"@id":"https:\/\/www.ipsen.com\/brazil\/#website"},"datePublished":"2025-02-04T05:15:53+00:00","dateModified":"2025-07-16T06:19:51+00:00","description":"Pol\u00edtica de Cookies da Ipsen","breadcrumb":{"@id":"https:\/\/www.ipsen.com\/brazil\/politica-de-cookies\/#breadcrumb"},"inLanguage":"pt-BR","potentialAction":[{"@type":"ReadAction","target":["https:\/\/www.ipsen.com\/brazil\/politica-de-cookies\/"]}]},{"@type":"BreadcrumbList","@id":"https:\/\/www.ipsen.com\/brazil\/politica-de-cookies\/#breadcrumb","itemListElement":[{"@type":"ListItem","position":1,"name":"Home","item":"https:\/\/www.ipsen.com\/brazil\/"},{"@type":"ListItem","position":2,"name":"Pol\u00edtica de Cookies"}]},{"@type":"WebSite","@id":"https:\/\/www.ipsen.com\/brazil\/#website","url":"https:\/\/www.ipsen.com\/brazil\/","name":"Brazil","description":"","publisher":{"@id":"https:\/\/www.ipsen.com\/brazil\/#organization"},"potentialAction":[{"@type":"SearchAction","target":{"@type":"EntryPoint","urlTemplate":"https:\/\/www.ipsen.com\/brazil\/?s={search_term_string}"},"query-input":{"@type":"PropertyValueSpecification","valueRequired":true,"valueName":"search_term_string"}}],"inLanguage":"pt-BR"},{"@type":"Organization","@id":"https:\/\/www.ipsen.com\/brazil\/#organization","name":"Brazil","url":"https:\/\/www.ipsen.com\/brazil\/","logo":{"@type":"ImageObject","inLanguage":"pt-BR","@id":"https:\/\/www.ipsen.com\/brazil\/#\/schema\/logo\/image\/","url":"https:\/\/www.ipsen.com\/brazil\/wp-content\/uploads\/sites\/22\/2024\/12\/Logo-Ipsen-new.svg","contentUrl":"https:\/\/www.ipsen.com\/brazil\/wp-content\/uploads\/sites\/22\/2024\/12\/Logo-Ipsen-new.svg","caption":"Brazil"},"image":{"@id":"https:\/\/www.ipsen.com\/brazil\/#\/schema\/logo\/image\/"}}]}},"parsely":{"version":"1.1.0","canonical_url":"https:\/\/ipsen.com\/brazil\/politica-de-cookies\/","smart_links":{"inbound":0,"outbound":0},"traffic_boost_suggestions_count":0,"meta":{"@context":"https:\/\/schema.org","@type":"WebPage","headline":"Pol\u00edtica de Cookies","url":"http:\/\/www.ipsen.com\/brazil\/politica-de-cookies\/","mainEntityOfPage":{"@type":"WebPage","@id":"http:\/\/www.ipsen.com\/brazil\/politica-de-cookies\/"},"thumbnailUrl":"","image":{"@type":"ImageObject","url":""},"articleSection":"N\u00e3o categorizado","author":[{"@type":"Person","name":"navya"}],"creator":["navya"],"publisher":{"@type":"Organization","name":"Brazil","logo":""},"keywords":[],"dateCreated":"2025-02-04T05:15:53Z","datePublished":"2025-02-04T05:15:53Z","dateModified":"2025-07-16T06:19:51Z"},"rendered":"<script type=\"application\/ld+json\" class=\"wp-parsely-metadata\">{\"@context\":\"https:\\\/\\\/schema.org\",\"@type\":\"WebPage\",\"headline\":\"Pol\\u00edtica de Cookies\",\"url\":\"http:\\\/\\\/www.ipsen.com\\\/brazil\\\/politica-de-cookies\\\/\",\"mainEntityOfPage\":{\"@type\":\"WebPage\",\"@id\":\"http:\\\/\\\/www.ipsen.com\\\/brazil\\\/politica-de-cookies\\\/\"},\"thumbnailUrl\":\"\",\"image\":{\"@type\":\"ImageObject\",\"url\":\"\"},\"articleSection\":\"N\\u00e3o categorizado\",\"author\":[{\"@type\":\"Person\",\"name\":\"navya\"}],\"creator\":[\"navya\"],\"publisher\":{\"@type\":\"Organization\",\"name\":\"Brazil\",\"logo\":\"\"},\"keywords\":[],\"dateCreated\":\"2025-02-04T05:15:53Z\",\"datePublished\":\"2025-02-04T05:15:53Z\",\"dateModified\":\"2025-07-16T06:19:51Z\"}<\/script>","tracker_url":"https:\/\/cdn.parsely.com\/keys\/ipsen.com\/p.js"},"jetpack_sharing_enabled":true,"_links":{"self":[{"href":"https:\/\/www.ipsen.com\/brazil\/wp-json\/wp\/v2\/pages\/103","targetHints":{"allow":["GET"]}}],"collection":[{"href":"https:\/\/www.ipsen.com\/brazil\/wp-json\/wp\/v2\/pages"}],"about":[{"href":"https:\/\/www.ipsen.com\/brazil\/wp-json\/wp\/v2\/types\/page"}],"author":[{"embeddable":true,"href":"https:\/\/www.ipsen.com\/brazil\/wp-json\/wp\/v2\/users\/2"}],"replies":[{"embeddable":true,"href":"https:\/\/www.ipsen.com\/brazil\/wp-json\/wp\/v2\/comments?post=103"}],"version-history":[{"count":3,"href":"https:\/\/www.ipsen.com\/brazil\/wp-json\/wp\/v2\/pages\/103\/revisions"}],"predecessor-version":[{"id":1122,"href":"https:\/\/www.ipsen.com\/brazil\/wp-json\/wp\/v2\/pages\/103\/revisions\/1122"}],"wp:attachment":[{"href":"https:\/\/www.ipsen.com\/brazil\/wp-json\/wp\/v2\/media?parent=103"}],"curies":[{"name":"wp","href":"https:\/\/api.w.org\/{rel}","templated":true}]}}