{"id":101,"date":"2025-02-04T07:15:26","date_gmt":"2025-02-04T05:15:26","guid":{"rendered":"https:\/\/www.ipsen.com\/br\/?page_id=101"},"modified":"2025-07-22T08:22:09","modified_gmt":"2025-07-22T06:22:09","slug":"termos-e-condicoes","status":"publish","type":"page","link":"https:\/\/www.ipsen.com\/brazil\/termos-e-condicoes\/","title":{"rendered":"Termos e Condi\u00e7\u00f5es"},"content":{"rendered":"    <section class=\"sub-page-banner \" style=\"background: linear-gradient(93.64deg, #224A81 2.99%, #2797D3 97.01%)\">\n        <div class=\"container content-sec\">\n            <nav aria-label=\"breadcrumb\">\n            <ol class=\"breadcrumb\">\n                <li class=\"breadcrumb-item\"><a href=\"https:\/\/www.ipsen.com\/brazil\">Home<\/a><\/li><li class=\"breadcrumb-item active\"><a class=\"link-pointer-events-none\" href=\"#\" aria-current=\"page\">Termos e Condi\u00e7\u00f5es<\/a><\/li><\/ol>\n            <\/nav>            <h1 class=\"visible\">Termos e Condi\u00e7\u00f5es<\/h1>\n            <p class=\"hidden\"><\/p>\n        <\/div>\n    <\/section>\n\n\n\n<div class=\"wp-block-group\"><div class=\"wp-block-group__inner-container is-layout-constrained wp-block-group-is-layout-constrained\">\n<div class=\"wp-block-columns is-layout-flex wp-container-core-columns-is-layout-9d6595d7 wp-block-columns-is-layout-flex\">\n<div class=\"wp-block-column is-layout-flow wp-block-column-is-layout-flow\">\n<p><strong>Ades\u00e3o aos Termos e Condi\u00e7\u00f5es<\/strong><\/p>\n\n\n\n<p>O website corporativo \u201cipsen.com\/brazil\/\u201d (\u201cSite\u201d) foi desenvolvido e \u00e9 fornecido pela Beaufour Ipsen Farmac\u00eautica LTDA., inscrita no CNPJ sob o n\u00ba 07.718.721\/0001-80, com sede no Edif\u00edcio Berrini 500, Pra\u00e7a Professor Jos\u00e9 Lannes, 40 \u2013 10\u00ba andar, Cidade Mon\u00e7\u00f5es, S\u00e3o Paulo \u2013 SP, Brasil, CEP: 04571-100, em conjunto com Ipsen Pharma, sediada em 65 Quai Georges Gorse, 92100 Boulogne-Billancourt, Fran\u00e7a, na qualidade de matriz global do grupo Ipsen, e suas afiliadas (doravante denominadas, em conjunto, \u201cIpsen\u201d). O acesso e utiliza\u00e7\u00e3o do Site est\u00e3o sujeitos aos presentes Termos e Condi\u00e7\u00f5es, bem como \u00e0 legisla\u00e7\u00e3o aplic\u00e1vel. Ao acessar o Site, voc\u00ea aceita expressamente, sem limita\u00e7\u00f5es ou ressalvas, estes Termos e Condi\u00e7\u00f5es.<\/p>\n\n\n\n<p><strong>Uso das informa\u00e7\u00f5es<\/strong><\/p>\n\n\n\n<p>Este Site foi criado para fornecer informa\u00e7\u00f5es gerais sobre a Beaufour Ipsen Farmac\u00eautica LTDA.<\/p>\n\n\n\n<p>O website corporativo \u00e9 um site de propriedade da Ipsen que fornece informa\u00e7\u00f5es gerais sobre a Ipsen, seus produtos e servi\u00e7os. As informa\u00e7\u00f5es contidas no website corporativo incluem:<\/p>\n\n\n\n<ul class=\"wp-block-list\">\n<li>Not\u00edcias e comunicados de imprensa;<\/li>\n\n\n\n<li>Vis\u00e3o, estrat\u00e9gia e compromissos;<\/li>\n\n\n\n<li>Descri\u00e7\u00e3o das \u00e1reas terap\u00eauticas, principais fatos e estrat\u00e9gia;<\/li>\n\n\n\n<li>Descri\u00e7\u00f5es da estrat\u00e9gia de pesquisa e desenvolvimento, expertise, centros e pipeline;<\/li>\n\n\n\n<li>Informa\u00e7\u00f5es para funcion\u00e1rios em potencial;<\/li>\n\n\n\n<li>Lista de todos os produtos da Ipsen;<\/li>\n\n\n\n<li>Informa\u00e7\u00f5es financeiras; e,<\/li>\n\n\n\n<li>Divulga\u00e7\u00e3o de informa\u00e7\u00f5es de transpar\u00eancia.<\/li>\n<\/ul>\n\n\n\n<p>N\u00e3o \u00e9 permitido distribuir, modificar, transmitir, reutilizar, republicar ou usar quaisquer informa\u00e7\u00f5es do Site para fins comerciais. Presume-se que todo conte\u00fado exibido ou lido neste Site est\u00e1 protegido por direitos autorais, salvo indica\u00e7\u00e3o em contr\u00e1rio, e n\u00e3o pode ser utilizado, exceto conforme estabelecido nestes Termos e Condi\u00e7\u00f5es.<\/p>\n\n\n\n<p>Salvo disposi\u00e7\u00e3o em contr\u00e1rio neste par\u00e1grafo, a Ipsen n\u00e3o garante nem declara que o uso dos materiais exibidos no Site n\u00e3o infringir\u00e1 direitos de terceiros n\u00e3o pertencentes ou afiliados \u00e0 Ipsen. Exceto pela autoriza\u00e7\u00e3o limitada mencionada acima, nenhum direito ou licen\u00e7a sobre as informa\u00e7\u00f5es, direitos autorais da Ipsen ou de qualquer outra Parte, s\u00e3o concedidos ou conferidos a voc\u00ea.<\/p>\n\n\n\n<p>Este Site pode conter ou fazer refer\u00eancia a informa\u00e7\u00f5es de propriedade, tecnologias, produtos, processos ou outros direitos de propriedade da Ipsen e\/ou de outras partes. Nenhum direito ou licen\u00e7a sobre essas marcas registradas, patentes, segredos comerciais, tecnologias, produtos, processos e outros direitos de propriedade da Ipsen e\/ou de terceiros \u00e9 concedido ou transferido a voc\u00ea.<\/p>\n\n\n\n<p>As informa\u00e7\u00f5es contidas neste Site, para todos os p\u00fablicos, s\u00e3o fornecidas exclusivamente para fins informativos e n\u00e3o se destinam, de forma alguma, a:<\/p>\n\n\n\n<ul class=\"wp-block-list\">\n<li>Fornecer uma opini\u00e3o m\u00e9dica;<\/li>\n\n\n\n<li>Fornecer um diagn\u00f3stico;<\/li>\n\n\n\n<li>Substituir uma consulta, opini\u00e3o ou recomenda\u00e7\u00e3o de um profissional de sa\u00fade;<\/li>\n\n\n\n<li>Recomendar ou promover o uso de qualquer produto ou servi\u00e7o da Ipsen;<\/li>\n<\/ul>\n\n\n\n<p>\u00c9 essencial seguir as orienta\u00e7\u00f5es ou consultar seu m\u00e9dico ou outros profissionais de sa\u00fade antes de usar qualquer um dos produtos mencionados neste Site.<\/p>\n\n\n\n<p><strong>Responsabilidades do usu\u00e1rio<\/strong><\/p>\n\n\n\n<p>Ao utilizar este Site, o usu\u00e1rio concorda em faz\u00ea-lo de maneira adequada e em conformidade com as leis e regulamenta\u00e7\u00f5es aplic\u00e1veis. \u00c9 estritamente proibido o uso do Site para qualquer atividade il\u00edcita, fraudulenta, abusiva, ou que possa prejudicar os direitos de terceiros, incluindo, mas n\u00e3o se limitando, ao uso para fins de dissemina\u00e7\u00e3o de v\u00edrus ou malwares ou viola\u00e7\u00e3o de direitos autorais.<\/p>\n\n\n\n<p><strong>Links de terceiros<\/strong><\/p>\n\n\n\n<p>O Site pode conter links para websites ou servi\u00e7os de terceiros que n\u00e3o s\u00e3o controlados, operados ou mantidos pela Ipsen. Tais links s\u00e3o fornecidos apenas para conveni\u00eancia dos usu\u00e1rios e n\u00e3o implicam, sob nenhuma hip\u00f3tese, aprova\u00e7\u00e3o, endosso ou responsabilidade da Ipsen com rela\u00e7\u00e3o ao conte\u00fado, produtos, ou servi\u00e7os, destes terceiros.<\/p>\n\n\n\n<p>A Ipsen n\u00e3o possui controle sobre, nem assume qualquer responsabilidade pelo conte\u00fado, pol\u00edticas de privacidade ou pr\u00e1ticas de websites ou servi\u00e7os de terceiros. Ao acessar links de terceiros, voc\u00ea est\u00e1 ciente de que est\u00e1 sujeito aos termos e pol\u00edticas desses websites, sendo recomend\u00e1vel que revise os respectivos termos e condi\u00e7\u00f5es e pol\u00edticas de privacidade antes de prosseguir com qualquer intera\u00e7\u00e3o.<\/p>\n\n\n\n<p><strong>Isen\u00e7\u00e3o de garantias<\/strong><\/p>\n\n\n\n<p>\u00c0 medida que a Ipsen envide esfor\u00e7os para garantir que as informa\u00e7\u00f5es disponibilizadas no Site sejam precisas e atualizadas, tais informa\u00e7\u00f5es podem conter imprecis\u00f5es ou erros tipogr\u00e1ficos.<\/p>\n\n\n\n<p>A Ipsen reserva-se o direito de realizar altera\u00e7\u00f5es, corre\u00e7\u00f5es e\/ou melhorias nas informa\u00e7\u00f5es contidas no Site, a qualquer momento, e sem aviso pr\u00e9vio. A Ipsen n\u00e3o garante nem declara a precis\u00e3o, completude ou atualidade do conte\u00fado disponibilizado, e se exime de qualquer responsabilidade por erros ou omiss\u00f5es.<\/p>\n\n\n\n<p>Todas as informa\u00e7\u00f5es s\u00e3o fornecidas \u201cno estado em que se encontram\u201d. A Ipsen n\u00e3o oferece quaisquer garantias, expressas ou impl\u00edcitas, quanto \u00e0 completude, precis\u00e3o, adequa\u00e7\u00e3o ou utilidade das informa\u00e7\u00f5es neste site ou de seus poss\u00edveis usos.<\/p>\n\n\n\n<p>Consequentemente, recomenda-se que os usu\u00e1rios avaliem cuidadosamente tais informa\u00e7\u00f5es antes de utiliz\u00e1-las. O uso de qualquer conte\u00fado deste Site \u00e9 realizado por conta e risco do pr\u00f3prio usu\u00e1rio.<\/p>\n\n\n\n<p>Na m\u00e1xima extens\u00e3o permitida pela legisla\u00e7\u00e3o aplic\u00e1vel, a Ipsen, suas afiliadas, e qualquer outra parte envolvida na cria\u00e7\u00e3o, produ\u00e7\u00e3o ou disponibiliza\u00e7\u00e3o deste Site, isentam-se de qualquer garantia ou responsabilidade por danos diretos, incidentais, consequenciais, indiretos ou punitivos decorrentes do acesso, uso ou impossibilidade de uso deste Site, ou qualquer erro, omiss\u00e3o, falha t\u00e9cnica ou conte\u00fado incorreto.<\/p>\n\n\n\n<p>A Ipsen tamb\u00e9m n\u00e3o se responsabiliza, e n\u00e3o deve ser respons\u00e1vel, por quaisquer danos, inclusive infec\u00e7\u00e3o por v\u00edrus que possam infectar seus equipamentos, dispositivos ou demais bens, em decorr\u00eancia do acesso, uso ou navega\u00e7\u00e3o neste Site, ou do download de qualquer conte\u00fado aqui disponibilizado.<\/p>\n\n\n\n<p>A Ipsen se empenha para assegurar que o Site esteja dispon\u00edvel de forma cont\u00ednua e sem interrup\u00e7\u00f5es. No entanto, n\u00e3o \u00e9 poss\u00edvel garantir sua disponibilidade ininterrupta. A opera\u00e7\u00e3o do Site pode ser temporariamente suspensa, no todo ou em parte, sem aviso pr\u00e9vio, por raz\u00f5es t\u00e9cnicas, de manuten\u00e7\u00e3o, atualiza\u00e7\u00f5es ou por fatores fora de nosso controle, como falhas de internet ou interven\u00e7\u00f5es de terceiros.<\/p>\n\n\n\n<p><strong>Prote\u00e7\u00e3o de dados pessoais e cookies<\/strong><\/p>\n\n\n\n<p>Para mais informa\u00e7\u00f5es sobre como a Ipsen trata dados pessoais, ou sobre os cookies utilizados neste Site, consulte nossa <strong><a href=\"https:\/\/www.ipsen.com\/brazil\/politica-de-privacidade\/\">Pol\u00edtica de Privacidade<\/a><\/strong>.<\/p>\n\n\n\n<p>Salvo se expressamente disposto na Pol\u00edtica de Privacidade, toda e qualquer comunica\u00e7\u00e3o ou material transmitido por voc\u00ea por meio do Site \u2014 incluindo dados, perguntas, coment\u00e1rios, sugest\u00f5es ou conte\u00fados similares \u2014 ser\u00e1 considerado como n\u00e3o confidencial e n\u00e3o exclusivo.<\/p>\n\n\n\n<p>Ao submeter tais informa\u00e7\u00f5es, voc\u00ea concede \u00e0 Ipsen o direito irrestrito de usar, reproduzir, modificar, transmitir, divulgar ou explorar esse conte\u00fado para quaisquer finalidades l\u00edcitas.<\/p>\n\n\n\n<p><strong>Infra\u00e7\u00f5es aos Termos e Condi\u00e7\u00f5es<\/strong><\/p>\n\n\n\n<p>Caso a Ipsen tome conhecimento de que voc\u00ea violou qualquer disposi\u00e7\u00e3o destes Termos e Condi\u00e7\u00f5es, poder\u00e1 adotar, de forma imediata e sem aviso pr\u00e9vio, todas as medidas corretivas que entender cab\u00edveis, incluindo, mas n\u00e3o se limitando \u00e0 suspens\u00e3o ou bloqueio do seu acesso ao Site.<\/p>\n\n\n\n<p>Se a viola\u00e7\u00e3o resultar em qualquer preju\u00edzo \u00e0 Ipsen, esta poder\u00e1, a seu exclusivo crit\u00e9rio, buscar a repara\u00e7\u00e3o integral pelos danos sofridos, por via judicial ou extrajudicial, incluindo o reembolso de despesas, perdas e danos, honor\u00e1rios advocat\u00edcios e demais encargos eventualmente incorridos.<\/p>\n\n\n\n<p><strong>Revis\u00f5es<\/strong><\/p>\n\n\n\n<p>A Ipsen pode, a qualquer momento, modificar, atualizar ou revisar estes Termos e Condi\u00e7\u00f5es, mediante atualiza\u00e7\u00e3o desta publica\u00e7\u00e3o e comunica\u00e7\u00e3o adequada ao usu\u00e1rio, por exemplo, por e-mail ou por meio de uma janela pop-up no pr\u00f3prio Site, solicitando seu consentimento para a nova vers\u00e3o.<\/p>\n\n\n\n<p>Os Termos e Condi\u00e7\u00f5es revisados entrar\u00e3o em vigor dentro de 30 dias ap\u00f3s a publica\u00e7\u00e3o da atualiza\u00e7\u00e3o. Caso voc\u00ea n\u00e3o concorde com os novos Termos e Condi\u00e7\u00f5es, dever\u00e1 manifestar sua discord\u00e2ncia por meio do mecanismo disponibilizado na comunica\u00e7\u00e3o recebida e, em seguida, interromper o uso e acesso ao Site.<\/p>\n\n\n\n<p>Recomenda-se que voc\u00ea visite periodicamente esta p\u00e1gina para se manter informado sobre os Termos e Condi\u00e7\u00f5es em vigor.<\/p>\n\n\n\n<p>A Ipsen reserva-se ainda o direito de descontinuar, parcial ou integralmente, o Site a qualquer momento, sem qualquer responsabilidade perante voc\u00ea ou terceiros. Voc\u00ea ser\u00e1 notificado previamente sobre tal descontinua\u00e7\u00e3o.<\/p>\n\n\n\n<p><strong>Cr\u00e9ditos<\/strong><\/p>\n\n\n\n<p><strong>Ilustra\u00e7\u00f5es:<\/strong>&nbsp;Ipsen Group<br><strong>V\u00eddeos:<\/strong> Ipsen Group<br><strong>Fotos: <\/strong>Ipsen Group, CAPA Pictures, Corbis<\/p>\n\n\n\n<p><strong>Propriedade intelectual<\/strong><\/p>\n\n\n\n<p>O conte\u00fado deste Site \u00e9 protegido integralmente pelos direitos de propriedade intelectual aplic\u00e1veis. N\u00e3o \u00e9 permitida a reprodu\u00e7\u00e3o, exibi\u00e7\u00e3o ou uso indevido de nenhum dos materiais contidos neste Site sem autoriza\u00e7\u00e3o pr\u00e9via por escrito da Ipsen.<\/p>\n\n\n\n<p><strong>Eventos adversos<\/strong><\/p>\n\n\n\n<p>Pacientes, cuidadores, profissionais de sa\u00fade e associa\u00e7\u00f5es de pacientes s\u00e3o incentivados a relatar todas as suspeitas de eventos adversos por meio da Ag\u00eancia Nacional de Vigil\u00e2ncia Sanit\u00e1ria (ANVISA).<\/p>\n\n\n\n<p>Caso desejem <strong><a href=\"mailto:sac.brasil@ipsen.com\">entrar em contato<\/a><\/strong> com a Ipsen, relatar um <strong><a href=\"mailto:pharmacovigilance.brasil@ipsen.com\">evento adverso<\/a><\/strong> ou fazer uma reclama\u00e7\u00e3o sobre a <strong><a href=\"mailto:qualidade.brasil@ipsen.com\">qualidade do produto<\/a><\/strong>, utilizem os meios de contato aqui disponibilizados ou liguem para o Servi\u00e7o de Atendimento ao Consumidor atrav\u00e9s do telefone +55 0800 770 1820, dispon\u00edvel das 08h \u00e0s 18h, hor\u00e1rio de Bras\u00edlia, exceto finais de semana e feriados.<\/p>\n\n\n\n<p><strong>Divisibilidade<\/strong><\/p>\n\n\n\n<p>A eventual invalidade, nulidade ou inexequibilidade de qualquer disposi\u00e7\u00e3o destes Termos e Condi\u00e7\u00f5es n\u00e3o afetar\u00e1 a validade das demais disposi\u00e7\u00f5es, que permanecer\u00e3o em pleno vigor e efeito, exceto nos casos em que a cl\u00e1usula considerada inv\u00e1lida seja essencial ao equil\u00edbrio do contrato.<\/p>\n\n\n\n<p><strong>Legisla\u00e7\u00e3o em vigor e Resolu\u00e7\u00e3o de Lit\u00edgios<\/strong><\/p>\n\n\n\n<p>Estes Termos e Condi\u00e7\u00f5es, bem como o uso do Site ser\u00e3o regidos e interpretados de acordo com as leis da Rep\u00fablica Federativa do Brasil, com exclus\u00e3o das normas de direito internacional privado que possam indicar a aplica\u00e7\u00e3o de legisla\u00e7\u00e3o estrangeira.<\/p>\n\n\n\n<p>Quaisquer controv\u00e9rsias que n\u00e3o possam ser resolvidas amigavelmente pelas partes ser\u00e3o submetidas ao foro da Comarca de S\u00e3o Paulo \u2013 SP, com ren\u00fancia expressa a qualquer outro, por mais privilegiado que seja.<\/p>\n\n\n\n<!--Alert Card Layout Start Here-->\n<section class=\"alertcard-section\">\n      <div class=\"container\">\n        <!--Alert Box HTML Start Here-->\n        <div class=\"alert-box general-box\">\n                    <div class=\"info-icon\">\n              <span class=\"info-circle\"><img decoding=\"async\" src=\"https:\/\/www.ipsen.com\/brazil\/wp-content\/themes\/ipsen-main\/dist\/images\/alert-info-icon.png\" alt=\"Alert\"\/><\/i>\n            <\/div>\n                    <div class=\"info-contents\">\n          <h4 role=\"heading\" aria-level=\"2\" class=\"info-head heading-four heading-four\"><\/h4>\n            <p class=\"info-sub-head-para hidden heading-para\"><\/p>\n            <div class=\"alert-content visible\"><p>\u00daltima atualiza\u00e7\u00e3o em 14 de maio de 2025<\/p>\n<\/div>\n          <\/div>\n        <\/div>\n        <!--Alert Box HTML Start Here-->\n      <\/div>\n    <\/section>\n<!--Alert Card Layout End Here-->\n<\/div>\n<\/div>\n<\/div><\/div>\n","protected":false},"excerpt":{"rendered":"","protected":false},"author":2,"featured_media":0,"parent":0,"menu_order":0,"comment_status":"closed","ping_status":"closed","template":"","meta":{"_acf_changed":false,"footnotes":""},"class_list":["post-101","page","type-page","status-publish","hentry","entry"],"acf":[],"yoast_head":"<!-- This site is optimized with the Yoast SEO plugin v26.8 - https:\/\/yoast.com\/product\/yoast-seo-wordpress\/ -->\n<title>Termos e Condi\u00e7\u00f5es<\/title>\n<meta name=\"description\" content=\"Termos e Condi\u00e7\u00f5es da Ipsen\" \/>\n<meta name=\"robots\" content=\"index, follow, max-snippet:-1, max-image-preview:large, max-video-preview:-1\" \/>\n<link rel=\"canonical\" href=\"https:\/\/www.ipsen.com\/brazil\/termos-e-condicoes\/\" \/>\n<meta property=\"og:locale\" content=\"pt_BR\" \/>\n<meta property=\"og:type\" content=\"article\" \/>\n<meta property=\"og:title\" content=\"Termos e Condi\u00e7\u00f5es\" \/>\n<meta property=\"og:description\" content=\"Termos e Condi\u00e7\u00f5es da Ipsen\" \/>\n<meta property=\"og:url\" content=\"https:\/\/www.ipsen.com\/brazil\/termos-e-condicoes\/\" \/>\n<meta property=\"og:site_name\" content=\"Brazil\" \/>\n<meta property=\"article:modified_time\" content=\"2025-07-22T06:22:09+00:00\" \/>\n<meta name=\"twitter:card\" content=\"summary_large_image\" \/>\n<meta name=\"twitter:label1\" content=\"Est. reading time\" \/>\n\t<meta name=\"twitter:data1\" content=\"7 minutes\" \/>\n<script type=\"application\/ld+json\" class=\"yoast-schema-graph\">{\"@context\":\"https:\/\/schema.org\",\"@graph\":[{\"@type\":\"WebPage\",\"@id\":\"https:\/\/www.ipsen.com\/brazil\/termos-e-condicoes\/\",\"url\":\"https:\/\/www.ipsen.com\/brazil\/termos-e-condicoes\/\",\"name\":\"Termos e Condi\u00e7\u00f5es\",\"isPartOf\":{\"@id\":\"https:\/\/www.ipsen.com\/brazil\/#website\"},\"datePublished\":\"2025-02-04T05:15:26+00:00\",\"dateModified\":\"2025-07-22T06:22:09+00:00\",\"description\":\"Termos e Condi\u00e7\u00f5es da Ipsen\",\"breadcrumb\":{\"@id\":\"https:\/\/www.ipsen.com\/brazil\/termos-e-condicoes\/#breadcrumb\"},\"inLanguage\":\"pt-BR\",\"potentialAction\":[{\"@type\":\"ReadAction\",\"target\":[\"https:\/\/www.ipsen.com\/brazil\/termos-e-condicoes\/\"]}]},{\"@type\":\"BreadcrumbList\",\"@id\":\"https:\/\/www.ipsen.com\/brazil\/termos-e-condicoes\/#breadcrumb\",\"itemListElement\":[{\"@type\":\"ListItem\",\"position\":1,\"name\":\"Home\",\"item\":\"https:\/\/www.ipsen.com\/brazil\/\"},{\"@type\":\"ListItem\",\"position\":2,\"name\":\"Termos e Condi\u00e7\u00f5es\"}]},{\"@type\":\"WebSite\",\"@id\":\"https:\/\/www.ipsen.com\/brazil\/#website\",\"url\":\"https:\/\/www.ipsen.com\/brazil\/\",\"name\":\"Brazil\",\"description\":\"\",\"publisher\":{\"@id\":\"https:\/\/www.ipsen.com\/brazil\/#organization\"},\"potentialAction\":[{\"@type\":\"SearchAction\",\"target\":{\"@type\":\"EntryPoint\",\"urlTemplate\":\"https:\/\/www.ipsen.com\/brazil\/?s={search_term_string}\"},\"query-input\":{\"@type\":\"PropertyValueSpecification\",\"valueRequired\":true,\"valueName\":\"search_term_string\"}}],\"inLanguage\":\"pt-BR\"},{\"@type\":\"Organization\",\"@id\":\"https:\/\/www.ipsen.com\/brazil\/#organization\",\"name\":\"Brazil\",\"url\":\"https:\/\/www.ipsen.com\/brazil\/\",\"logo\":{\"@type\":\"ImageObject\",\"inLanguage\":\"pt-BR\",\"@id\":\"https:\/\/www.ipsen.com\/brazil\/#\/schema\/logo\/image\/\",\"url\":\"https:\/\/www.ipsen.com\/brazil\/wp-content\/uploads\/sites\/22\/2024\/12\/Logo-Ipsen-new.svg\",\"contentUrl\":\"https:\/\/www.ipsen.com\/brazil\/wp-content\/uploads\/sites\/22\/2024\/12\/Logo-Ipsen-new.svg\",\"caption\":\"Brazil\"},\"image\":{\"@id\":\"https:\/\/www.ipsen.com\/brazil\/#\/schema\/logo\/image\/\"}}]}<\/script>\n<!-- \/ Yoast SEO plugin. -->","yoast_head_json":{"title":"Termos e Condi\u00e7\u00f5es","description":"Termos e Condi\u00e7\u00f5es da Ipsen","robots":{"index":"index","follow":"follow","max-snippet":"max-snippet:-1","max-image-preview":"max-image-preview:large","max-video-preview":"max-video-preview:-1"},"canonical":"https:\/\/www.ipsen.com\/brazil\/termos-e-condicoes\/","og_locale":"pt_BR","og_type":"article","og_title":"Termos e Condi\u00e7\u00f5es","og_description":"Termos e Condi\u00e7\u00f5es da Ipsen","og_url":"https:\/\/www.ipsen.com\/brazil\/termos-e-condicoes\/","og_site_name":"Brazil","article_modified_time":"2025-07-22T06:22:09+00:00","twitter_card":"summary_large_image","twitter_misc":{"Est. reading time":"7 minutes"},"schema":{"@context":"https:\/\/schema.org","@graph":[{"@type":"WebPage","@id":"https:\/\/www.ipsen.com\/brazil\/termos-e-condicoes\/","url":"https:\/\/www.ipsen.com\/brazil\/termos-e-condicoes\/","name":"Termos e Condi\u00e7\u00f5es","isPartOf":{"@id":"https:\/\/www.ipsen.com\/brazil\/#website"},"datePublished":"2025-02-04T05:15:26+00:00","dateModified":"2025-07-22T06:22:09+00:00","description":"Termos e Condi\u00e7\u00f5es da Ipsen","breadcrumb":{"@id":"https:\/\/www.ipsen.com\/brazil\/termos-e-condicoes\/#breadcrumb"},"inLanguage":"pt-BR","potentialAction":[{"@type":"ReadAction","target":["https:\/\/www.ipsen.com\/brazil\/termos-e-condicoes\/"]}]},{"@type":"BreadcrumbList","@id":"https:\/\/www.ipsen.com\/brazil\/termos-e-condicoes\/#breadcrumb","itemListElement":[{"@type":"ListItem","position":1,"name":"Home","item":"https:\/\/www.ipsen.com\/brazil\/"},{"@type":"ListItem","position":2,"name":"Termos e Condi\u00e7\u00f5es"}]},{"@type":"WebSite","@id":"https:\/\/www.ipsen.com\/brazil\/#website","url":"https:\/\/www.ipsen.com\/brazil\/","name":"Brazil","description":"","publisher":{"@id":"https:\/\/www.ipsen.com\/brazil\/#organization"},"potentialAction":[{"@type":"SearchAction","target":{"@type":"EntryPoint","urlTemplate":"https:\/\/www.ipsen.com\/brazil\/?s={search_term_string}"},"query-input":{"@type":"PropertyValueSpecification","valueRequired":true,"valueName":"search_term_string"}}],"inLanguage":"pt-BR"},{"@type":"Organization","@id":"https:\/\/www.ipsen.com\/brazil\/#organization","name":"Brazil","url":"https:\/\/www.ipsen.com\/brazil\/","logo":{"@type":"ImageObject","inLanguage":"pt-BR","@id":"https:\/\/www.ipsen.com\/brazil\/#\/schema\/logo\/image\/","url":"https:\/\/www.ipsen.com\/brazil\/wp-content\/uploads\/sites\/22\/2024\/12\/Logo-Ipsen-new.svg","contentUrl":"https:\/\/www.ipsen.com\/brazil\/wp-content\/uploads\/sites\/22\/2024\/12\/Logo-Ipsen-new.svg","caption":"Brazil"},"image":{"@id":"https:\/\/www.ipsen.com\/brazil\/#\/schema\/logo\/image\/"}}]}},"parsely":{"version":"1.1.0","canonical_url":"https:\/\/ipsen.com\/brazil\/termos-e-condicoes\/","smart_links":{"inbound":0,"outbound":0},"traffic_boost_suggestions_count":0,"meta":{"@context":"https:\/\/schema.org","@type":"WebPage","headline":"Termos e Condi\u00e7\u00f5es","url":"http:\/\/www.ipsen.com\/brazil\/termos-e-condicoes\/","mainEntityOfPage":{"@type":"WebPage","@id":"http:\/\/www.ipsen.com\/brazil\/termos-e-condicoes\/"},"thumbnailUrl":"","image":{"@type":"ImageObject","url":""},"articleSection":"N\u00e3o categorizado","author":[{"@type":"Person","name":"navya"}],"creator":["navya"],"publisher":{"@type":"Organization","name":"Brazil","logo":""},"keywords":[],"dateCreated":"2025-02-04T05:15:26Z","datePublished":"2025-02-04T05:15:26Z","dateModified":"2025-07-22T06:22:09Z"},"rendered":"<script type=\"application\/ld+json\" class=\"wp-parsely-metadata\">{\"@context\":\"https:\\\/\\\/schema.org\",\"@type\":\"WebPage\",\"headline\":\"Termos e Condi\\u00e7\\u00f5es\",\"url\":\"http:\\\/\\\/www.ipsen.com\\\/brazil\\\/termos-e-condicoes\\\/\",\"mainEntityOfPage\":{\"@type\":\"WebPage\",\"@id\":\"http:\\\/\\\/www.ipsen.com\\\/brazil\\\/termos-e-condicoes\\\/\"},\"thumbnailUrl\":\"\",\"image\":{\"@type\":\"ImageObject\",\"url\":\"\"},\"articleSection\":\"N\\u00e3o categorizado\",\"author\":[{\"@type\":\"Person\",\"name\":\"navya\"}],\"creator\":[\"navya\"],\"publisher\":{\"@type\":\"Organization\",\"name\":\"Brazil\",\"logo\":\"\"},\"keywords\":[],\"dateCreated\":\"2025-02-04T05:15:26Z\",\"datePublished\":\"2025-02-04T05:15:26Z\",\"dateModified\":\"2025-07-22T06:22:09Z\"}<\/script>","tracker_url":"https:\/\/cdn.parsely.com\/keys\/ipsen.com\/p.js"},"jetpack_sharing_enabled":true,"_links":{"self":[{"href":"https:\/\/www.ipsen.com\/brazil\/wp-json\/wp\/v2\/pages\/101","targetHints":{"allow":["GET"]}}],"collection":[{"href":"https:\/\/www.ipsen.com\/brazil\/wp-json\/wp\/v2\/pages"}],"about":[{"href":"https:\/\/www.ipsen.com\/brazil\/wp-json\/wp\/v2\/types\/page"}],"author":[{"embeddable":true,"href":"https:\/\/www.ipsen.com\/brazil\/wp-json\/wp\/v2\/users\/2"}],"replies":[{"embeddable":true,"href":"https:\/\/www.ipsen.com\/brazil\/wp-json\/wp\/v2\/comments?post=101"}],"version-history":[{"count":8,"href":"https:\/\/www.ipsen.com\/brazil\/wp-json\/wp\/v2\/pages\/101\/revisions"}],"predecessor-version":[{"id":1139,"href":"https:\/\/www.ipsen.com\/brazil\/wp-json\/wp\/v2\/pages\/101\/revisions\/1139"}],"wp:attachment":[{"href":"https:\/\/www.ipsen.com\/brazil\/wp-json\/wp\/v2\/media?parent=101"}],"curies":[{"name":"wp","href":"https:\/\/api.w.org\/{rel}","templated":true}]}}