{"id":1099,"date":"2024-03-22T01:02:20","date_gmt":"2024-03-21T23:02:20","guid":{"rendered":"https:\/\/www.ipsen.com\/be\/?page_id=1099"},"modified":"2024-11-27T16:48:32","modified_gmt":"2024-11-27T14:48:32","slug":"algemene-voorwaarden","status":"publish","type":"page","link":"https:\/\/www.ipsen.com\/be\/nl\/algemene-voorwaarden\/","title":{"rendered":"Algemene voorwaarden"},"content":{"rendered":"    <section class=\"sub-page-banner \" style=\"background: linear-gradient(93.64deg, #224A81 2.99%, #2797D3 97.01%)\">\n        <div class=\"container content-sec\">\n            <nav aria-label=\"breadcrumb\">\n            <ol class=\"breadcrumb\">\n                <li class=\"breadcrumb-item\"><a href=\"https:\/\/www.ipsen.com\/be\/nl\/\">Home<\/a><\/li><li class=\"breadcrumb-item active\"><a class=\"link-pointer-events-none\" href=\"#\" aria-current=\"page\">Algemene voorwaarden<\/a><\/li><\/ol>\n            <\/nav>            <h1 class=\"visible\">Algemene voorwaarden<\/h1>\n            <p class=\"hidden\"><\/p>\n        <\/div>\n    <\/section>\n\n\n\n<div class=\"wp-block-columns is-layout-flex wp-container-core-columns-is-layout-9d6595d7 wp-block-columns-is-layout-flex\">\n<div class=\"wp-block-column is-layout-flow wp-block-column-is-layout-flow\">\n<p><strong>Aanvaarding<\/strong><\/p>\n\n\n\n<p>De bedrijfswebsite ipsen.com (&#8220;&#8221;Website&#8221;&#8221;) is ontwikkeld en wordt aangeboden door Ipsen Pharma, 65 Quai Georges Gorse 92100 Boulogne-Billancourt, (hierna, samen met zijn filialen, &#8220;&#8221;Ipsen&#8221;&#8221; genoemd). Uw toegang tot en gebruik van de Website is onderworpen aan de volgende Voorwaarden en alle toepasselijke wetten. Door de Website te bezoeken, aanvaardt u, zonder beperking of voorbehoud, deze Voorwaarden.<\/p>\n\n\n\n<p><strong>Gebruik van informatie<\/strong><\/p>\n\n\n\n<p>De bedrijfswebsite is een website van Ipsen die algemene informatie verschaft over Ipsen en haar producten en diensten. De informatie voor de bedrijfswebsite omvat:<\/p>\n\n\n\n<ul class=\"wp-block-list\">\n<li>Nieuws en persberichten<\/li>\n\n\n\n<li>Visie, strategie en verplichtingen<\/li>\n\n\n\n<li>Beschrijving van de therapeutische gebieden, belangrijkste feiten en strategie<\/li>\n\n\n\n<li>Beschrijving van de onderzoeks- en ontwikkelingsstrategie, expertise, centra en pijplijn.<\/li>\n\n\n\n<li>Informatie voor toekomstige werknemers<\/li>\n\n\n\n<li>Een lijst van alle Ipsen-producten.<\/li>\n\n\n\n<li>Financi\u00eble informatie<\/li>\n\n\n\n<li>Informatie over transparantie<\/li>\n<\/ul>\n\n\n\n<p>U mag de informatie op de website niet voor commerci\u00eble doeleinden verdelen, wijzigen, verzenden, hergebruiken, reposten of gebruiken, en u dient ervan uit te gaan dat alles wat u op deze website ziet of leest auteursrechtelijk is beschermd, tenzij anders aangegeven, en niet mag worden gebruikt, behalve zoals bepaald in deze Voorwaarden.<\/p>\n\n\n\n<p>Tenzij anderszins toegestaan in deze paragraaf, garandeert noch verklaart Ipsen dat uw gebruik van op de website weergegeven materialen geen inbreuk maakt op rechten van derden die geen eigendom zijn van of niet gelieerd zijn aan Ipsen. Met uitzondering van de voorgaande beperkte toestemming wordt aan u geen licentie op of recht op de informatie of enig auteursrecht van Ipsen of van enige andere partij verleend of toegekend.<\/p>\n\n\n\n<p>Deze Website kan eigendomsinformatie, technologie\u00ebn, producten, processen of andere eigendomsrechten van Ipsen en\/of andere partijen bevatten of hiernaar verwijzen. Er wordt u geen licentie of recht op dergelijke handelsmerken, octrooien, handelsgeheimen, technologie\u00ebn, producten, processen en andere eigendomsrechten van Ipsen en\/of andere partijen verleend of toegekend.<\/p>\n\n\n\n<p>De informatie op deze website, voor alle publiek, wordt u uitsluitend ter informatie aangeboden en is op geen enkele wijze bedoeld om:<\/p>\n\n\n\n<ul class=\"wp-block-list\">\n<li>een medisch advies te geven;<\/li>\n\n\n\n<li>een diagnose te stellen<\/li>\n\n\n\n<li>een consult, mening of aanbevelingen van een gezondheidsprofessional te vervangen;<\/li>\n\n\n\n<li>het gebruik van een product of dienst van Ipsen aan te bevelen of te promoten;<\/li>\n<\/ul>\n\n\n\n<p>Het is van essentieel belang dat u het advies opvolgt of uw arts of andere medische professionals raadpleegt voordat u een van de op deze website genoemde producten gebruikt.<\/p>\n\n\n\n<p><\/p>\n\n\n\n<p><strong>Afwijzing van garanties<\/strong><\/p>\n\n\n\n<p>Hoewel Ipsen redelijke inspanningen levert om ervoor te zorgen dat de informatie op de website accuraat en actueel is, kan dergelijke informatie onnauwkeurigheden of typografische fouten bevatten. Ipsen behoudt zich het recht voor te allen tijde en zonder voorafgaande kennisgeving wijzigingen, correcties en\/of verbeteringen in de informatie aan te brengen. Ipsen geeft geen garanties of verklaringen met betrekking tot de nauwkeurigheid van de informatie en aanvaardt geen aansprakelijkheid of verantwoordelijkheid voor eventuele fouten of weglatingen in de inhoud van de website.<\/p>\n\n\n\n<!--Alert Card Layout Start Here-->\n<section class=\"alertcard-section\">\n      <div class=\"container\">\n        <!--Alert Box HTML Start Here-->\n        <div class=\"alert-box warning-box\">\n                    <div class=\"info-icon\">\n              <span class=\"info-circle\"><img decoding=\"async\" src=\"https:\/\/www.ipsen.com\/be\/wp-content\/themes\/ipsen-main\/dist\/images\/alert-warning-icon.png\" alt=\"Alert\"\/><\/i>\n            <\/div>\n                    <div class=\"info-contents\">\n          <h4 role=\"heading\" aria-level=\"2\" class=\"info-head heading-four heading-four\"><\/h4>\n            <p class=\"info-sub-head-para hidden heading-para\"><\/p>\n            <div class=\"alert-content visible\"><p>ALLE INFORMATIE WORDT VERSTREKT &#8220;ZOALS ZE IS&#8221;. IPSEN GEEFT GEEN GARANTIES MET BETREKKING TOT DE VOLLEDIGHEID OF NAUWKEURIGHEID VAN DE INFORMATIE OP DEZE WEBSITE OF HET MOGELIJKE GEBRUIK ERVAN. BIJGEVOLG MOET DE INFORMATIE V\u00d3\u00d3R GEBRUIK ZORGVULDIG DOOR DE GEBRUIKER WORDEN GE\u00cbVALUEERD. U KUNT DEZE INFORMATIE NAAR EIGEN GOEDDUNKEN EN OP EIGEN RISICO GEBRUIKEN. VOOR ZOVER WETTELIJK TOEGESTAAN WIJZEN IPSEN, ALLE ANDERE BEDRIJVEN VAN DE IPSEN-GROEP EN ALLE ANDERE PARTIJEN DIE BETROKKEN ZIJN BIJ DE CREATIE, PRODUCTIE OF LEVERING VAN DEZE WEBSITE AAN U, ELKE GARANTIE OF AANSPRAKELIJKHEID AF VOOR DIRECTE, INCIDENTELE, GEVOLG-, INDIRECTE OF PUNITIEVE SCHADE DIE VOORTVLOEIT UIT DE TOEGANG TOT, HET GEBRUIK VAN OF DE ONMOGELIJKHEID TOT GEBRUIK VAN DEZE WEBSITE, OF FOUTEN OF WEGLATINGEN IN DE INHOUD VAN DE WEBSITE.<\/p>\n<\/div>\n          <\/div>\n        <\/div>\n        <!--Alert Box HTML Start Here-->\n      <\/div>\n    <\/section>\n<!--Alert Card Layout End Here-->\n\n\n\n<p>Ipsen aanvaardt ook geen verantwoordelijkheid en is niet aansprakelijk voor schade aan, of virussen die uw apparatuur of andere eigendommen kunnen infecteren als gevolg van uw toegang tot of gebruik van de informatie.<\/p>\n\n\n\n<p><\/p>\n\n\n\n<p><strong>Informatie die u verstrekt<\/strong><\/p>\n\n\n\n<p>Met uitzondering van informatie die valt onder het Privacybeleid, indien een dergelijk beleid van toepassing is, is alle communicatie of materiaal dat u naar de Website verzendt, met inbegrip van gegevens, vragen, opmerkingen, suggesties en dergelijke, niet-vertrouwelijk en niet aan eigendomsrechten gebonden en zal als zodanig worden behandeld.<\/p>\n\n\n\n<p><\/p>\n\n\n\n<p><strong>Gevolgen<\/strong><\/p>\n\n\n\n<p>Indien Ipsen constateert dat u een van de hierin opgenomen Voorwaarden hebt overtreden, kan Ipsen op elk moment en zonder kennisgeving onmiddellijk corrigerende maatregelen nemen, waaronder het verhinderen dat de gebruiker de Website gebruikt. Indien Ipsen schade of nadeel ondervindt van uw overtreding, kan Ipsen naar eigen goeddunken schadevergoeding van u eisen.<\/p>\n\n\n\n<p><\/p>\n\n\n\n<p><strong>Herzieningen<\/strong><\/p>\n\n\n\n<p>Ipsen kan deze Voorwaarden te allen tijde herzien door deze posting bij te werken en de gebruiker daarvan op voldoende wijze in kennis te stellen (zoals een e-mail of een pop-upvenster op de Website, waarin u wordt gevraagd in te stemmen met de gewijzigde versie). De herziene Voorwaarden treden in werking binnen 30 kalenderdagen na een dergelijke update. Als u het niet eens bent met de nieuwe Voorwaarden, dient u dit aan te geven via het mechanisme in de desbetreffende e-mail of pop-up en vervolgens de toegang tot en het gebruik van de Website te staken. U dient deze pagina regelmatig te bezoeken om de huidige Voorwaarden waaraan u gebonden bent te controleren.<\/p>\n\n\n\n<p>Ipsen behoudt zich het recht voor deze Website te allen tijde te be\u00ebindigen zonder aansprakelijkheid jegens u of iemand anders. U zult vooraf van een dergelijke be\u00ebindiging op de hoogte worden gesteld.<\/p>\n\n\n\n<p><\/p>\n\n\n\n<p><strong>Credits<\/strong><\/p>\n\n\n\n<p><strong>Illustrations:<\/strong>&nbsp;Ipsen Group<br><strong>Video&#8217;s:<\/strong>&nbsp;Ipsen Group<br><strong>Foto&#8217;s:&nbsp;<\/strong>Ipsen Group, CAPA Foto&#8217;s, Corbis<\/p>\n\n\n\n<p><\/p>\n\n\n\n<p><strong>Intellectueel eigendom<\/strong><\/p>\n\n\n\n<p>De inhoud van deze website wordt volledig beschermd door de toepasselijke intellectuele eigendomsrechten. Al het materiaal op deze website mag op geen enkele wijze worden gereproduceerd, weergegeven of verder gebruikt zonder voorafgaande schriftelijke toestemming van Ipsen.<\/p>\n\n\n\n<p><\/p>\n\n\n\n<p><strong>Bijwerkingen<\/strong><\/p>\n\n\n\n<p>Pati\u00ebnten en pati\u00ebntenverenigingen worden aangemoedigd om alle vermoedelijke bijwerkingen te melden via het Federaal Agentschap voor Geneesmiddelen en Gezondheidsproducten (FAGG).<br>Indien gezondheidsmedewerkers een bijwerking of een klacht over productkwaliteit willen melden aan Ipsen Pharma, dienen zij gebruik te maken van de daarvoor bestemde velden op de <a href=\"https:\/\/www.ipsenmedicalinformation.com\" target=\"_blank\" rel=\"noreferrer noopener\"><strong>website van Ipsen Medical Information<\/strong><\/a>.<\/p>\n\n\n\n<p><\/p>\n\n\n\n<p><strong>Scheidbaarheid<\/strong><\/p>\n\n\n\n<p>De ongeldigheid of niet-afdwingbaarheid van een bepaling van deze Voorwaarden heeft geen invloed op de geldigheid of afdwingbaarheid van andere bepalingen, die volledig van kracht blijven, behalve wanneer de ongeldigheid of niet-afdwingbaarheid betrekking heeft op een essenti\u00eble voorwaarde van deze Voorwaarden.<\/p>\n\n\n\n<p><\/p>\n\n\n\n<p><strong>Toepasselijk recht en geschillenbeslechting<\/strong><\/p>\n\n\n\n<p>Op deze Voorwaarden en uw gebruik van de Website is de Franse wetgeving van toepassing, met uitzondering van de bepalingen van internationaal privaatrecht.<br>Geschillen die niet in der minne kunnen worden geschikt, zullen worden voorgelegd aan de rechtbanken en gerechtshoven van Frankrijk.<\/p>\n\n\n\n<p><\/p>\n\n\n\n<!--Alert Card Layout Start Here-->\n<section class=\"alertcard-section\">\n      <div class=\"container\">\n        <!--Alert Box HTML Start Here-->\n        <div class=\"alert-box general-box\">\n                    <div class=\"info-icon\">\n              <span class=\"info-circle\"><img decoding=\"async\" src=\"https:\/\/www.ipsen.com\/be\/wp-content\/themes\/ipsen-main\/dist\/images\/alert-info-icon.png\" alt=\"Alert\"\/><\/i>\n            <\/div>\n                    <div class=\"info-contents\">\n          <h4 role=\"heading\" aria-level=\"2\" class=\"info-head heading-four heading-four\"><\/h4>\n            <p class=\"info-sub-head-para hidden heading-para\"><\/p>\n            <div class=\"alert-content visible\"><p>Laatst bijgewerkt op 3 mei 2023<\/p>\n<\/div>\n          <\/div>\n        <\/div>\n        <!--Alert Box HTML Start Here-->\n      <\/div>\n    <\/section>\n<!--Alert Card Layout End Here-->\n<\/div>\n<\/div>\n","protected":false},"excerpt":{"rendered":"","protected":false},"author":24,"featured_media":0,"parent":0,"menu_order":0,"comment_status":"closed","ping_status":"closed","template":"","meta":{"_acf_changed":false,"footnotes":""},"class_list":["post-1099","page","type-page","status-publish","hentry","entry"],"acf":[],"yoast_head":"<!-- This site is optimized with the Yoast SEO plugin v26.8 - https:\/\/yoast.com\/product\/yoast-seo-wordpress\/ -->\n<title>Algemene voorwaarden<\/title>\n<meta name=\"description\" content=\"Algemene voorwaarden van Ipsen\" \/>\n<meta name=\"robots\" content=\"index, follow, max-snippet:-1, max-image-preview:large, max-video-preview:-1\" \/>\n<link rel=\"canonical\" href=\"https:\/\/www.ipsen.com\/be\/nl\/algemene-voorwaarden\/\" \/>\n<meta property=\"og:locale\" content=\"nl_NL\" \/>\n<meta property=\"og:type\" content=\"article\" \/>\n<meta property=\"og:title\" content=\"Algemene voorwaarden\" \/>\n<meta property=\"og:description\" content=\"Algemene voorwaarden van Ipsen\" \/>\n<meta property=\"og:url\" content=\"https:\/\/www.ipsen.com\/be\/nl\/algemene-voorwaarden\/\" \/>\n<meta property=\"og:site_name\" content=\"Belgium\" \/>\n<meta property=\"article:modified_time\" content=\"2024-11-27T14:48:32+00:00\" \/>\n<meta name=\"twitter:card\" content=\"summary_large_image\" \/>\n<meta name=\"twitter:label1\" content=\"Est. reading time\" \/>\n\t<meta name=\"twitter:data1\" content=\"5 minutes\" \/>\n<script type=\"application\/ld+json\" class=\"yoast-schema-graph\">{\"@context\":\"https:\/\/schema.org\",\"@graph\":[{\"@type\":\"WebPage\",\"@id\":\"https:\/\/www.ipsen.com\/be\/nl\/algemene-voorwaarden\/\",\"url\":\"https:\/\/www.ipsen.com\/be\/nl\/algemene-voorwaarden\/\",\"name\":\"Algemene voorwaarden\",\"isPartOf\":{\"@id\":\"https:\/\/www.ipsen.com\/be\/nl\/#website\"},\"datePublished\":\"2024-03-21T23:02:20+00:00\",\"dateModified\":\"2024-11-27T14:48:32+00:00\",\"description\":\"Algemene voorwaarden van Ipsen\",\"breadcrumb\":{\"@id\":\"https:\/\/www.ipsen.com\/be\/nl\/algemene-voorwaarden\/#breadcrumb\"},\"inLanguage\":\"nl-NL\",\"potentialAction\":[{\"@type\":\"ReadAction\",\"target\":[\"https:\/\/www.ipsen.com\/be\/nl\/algemene-voorwaarden\/\"]}]},{\"@type\":\"BreadcrumbList\",\"@id\":\"https:\/\/www.ipsen.com\/be\/nl\/algemene-voorwaarden\/#breadcrumb\",\"itemListElement\":[{\"@type\":\"ListItem\",\"position\":1,\"name\":\"Home\",\"item\":\"https:\/\/www.ipsen.com\/be\/nl\/\"},{\"@type\":\"ListItem\",\"position\":2,\"name\":\"Algemene voorwaarden\"}]},{\"@type\":\"WebSite\",\"@id\":\"https:\/\/www.ipsen.com\/be\/nl\/#website\",\"url\":\"https:\/\/www.ipsen.com\/be\/nl\/\",\"name\":\"Belgium\",\"description\":\"\",\"publisher\":{\"@id\":\"https:\/\/www.ipsen.com\/be\/nl\/#organization\"},\"potentialAction\":[{\"@type\":\"SearchAction\",\"target\":{\"@type\":\"EntryPoint\",\"urlTemplate\":\"https:\/\/www.ipsen.com\/be\/nl\/?s={search_term_string}\"},\"query-input\":{\"@type\":\"PropertyValueSpecification\",\"valueRequired\":true,\"valueName\":\"search_term_string\"}}],\"inLanguage\":\"nl-NL\"},{\"@type\":\"Organization\",\"@id\":\"https:\/\/www.ipsen.com\/be\/nl\/#organization\",\"name\":\"Belgium\",\"url\":\"https:\/\/www.ipsen.com\/be\/nl\/\",\"logo\":{\"@type\":\"ImageObject\",\"inLanguage\":\"nl-NL\",\"@id\":\"https:\/\/www.ipsen.com\/be\/nl\/#\/schema\/logo\/image\/\",\"url\":\"https:\/\/www.ipsen.com\/be\/wp-content\/uploads\/sites\/7\/2023\/12\/Latest_Ipsen-logo_168x48.svg\",\"contentUrl\":\"https:\/\/www.ipsen.com\/be\/wp-content\/uploads\/sites\/7\/2023\/12\/Latest_Ipsen-logo_168x48.svg\",\"caption\":\"Belgium\"},\"image\":{\"@id\":\"https:\/\/www.ipsen.com\/be\/nl\/#\/schema\/logo\/image\/\"}}]}<\/script>\n<!-- \/ Yoast SEO plugin. -->","yoast_head_json":{"title":"Algemene voorwaarden","description":"Algemene voorwaarden van Ipsen","robots":{"index":"index","follow":"follow","max-snippet":"max-snippet:-1","max-image-preview":"max-image-preview:large","max-video-preview":"max-video-preview:-1"},"canonical":"https:\/\/www.ipsen.com\/be\/nl\/algemene-voorwaarden\/","og_locale":"nl_NL","og_type":"article","og_title":"Algemene voorwaarden","og_description":"Algemene voorwaarden van Ipsen","og_url":"https:\/\/www.ipsen.com\/be\/nl\/algemene-voorwaarden\/","og_site_name":"Belgium","article_modified_time":"2024-11-27T14:48:32+00:00","twitter_card":"summary_large_image","twitter_misc":{"Est. reading time":"5 minutes"},"schema":{"@context":"https:\/\/schema.org","@graph":[{"@type":"WebPage","@id":"https:\/\/www.ipsen.com\/be\/nl\/algemene-voorwaarden\/","url":"https:\/\/www.ipsen.com\/be\/nl\/algemene-voorwaarden\/","name":"Algemene voorwaarden","isPartOf":{"@id":"https:\/\/www.ipsen.com\/be\/nl\/#website"},"datePublished":"2024-03-21T23:02:20+00:00","dateModified":"2024-11-27T14:48:32+00:00","description":"Algemene voorwaarden van Ipsen","breadcrumb":{"@id":"https:\/\/www.ipsen.com\/be\/nl\/algemene-voorwaarden\/#breadcrumb"},"inLanguage":"nl-NL","potentialAction":[{"@type":"ReadAction","target":["https:\/\/www.ipsen.com\/be\/nl\/algemene-voorwaarden\/"]}]},{"@type":"BreadcrumbList","@id":"https:\/\/www.ipsen.com\/be\/nl\/algemene-voorwaarden\/#breadcrumb","itemListElement":[{"@type":"ListItem","position":1,"name":"Home","item":"https:\/\/www.ipsen.com\/be\/nl\/"},{"@type":"ListItem","position":2,"name":"Algemene voorwaarden"}]},{"@type":"WebSite","@id":"https:\/\/www.ipsen.com\/be\/nl\/#website","url":"https:\/\/www.ipsen.com\/be\/nl\/","name":"Belgium","description":"","publisher":{"@id":"https:\/\/www.ipsen.com\/be\/nl\/#organization"},"potentialAction":[{"@type":"SearchAction","target":{"@type":"EntryPoint","urlTemplate":"https:\/\/www.ipsen.com\/be\/nl\/?s={search_term_string}"},"query-input":{"@type":"PropertyValueSpecification","valueRequired":true,"valueName":"search_term_string"}}],"inLanguage":"nl-NL"},{"@type":"Organization","@id":"https:\/\/www.ipsen.com\/be\/nl\/#organization","name":"Belgium","url":"https:\/\/www.ipsen.com\/be\/nl\/","logo":{"@type":"ImageObject","inLanguage":"nl-NL","@id":"https:\/\/www.ipsen.com\/be\/nl\/#\/schema\/logo\/image\/","url":"https:\/\/www.ipsen.com\/be\/wp-content\/uploads\/sites\/7\/2023\/12\/Latest_Ipsen-logo_168x48.svg","contentUrl":"https:\/\/www.ipsen.com\/be\/wp-content\/uploads\/sites\/7\/2023\/12\/Latest_Ipsen-logo_168x48.svg","caption":"Belgium"},"image":{"@id":"https:\/\/www.ipsen.com\/be\/nl\/#\/schema\/logo\/image\/"}}]}},"parsely":{"version":"1.1.0","canonical_url":"https:\/\/ipsen.com\/be\/nl\/algemene-voorwaarden\/","smart_links":{"inbound":0,"outbound":0},"traffic_boost_suggestions_count":0,"meta":{"@context":"https:\/\/schema.org","@type":"WebPage","headline":"Algemene voorwaarden","url":"http:\/\/www.ipsen.com\/be\/nl\/algemene-voorwaarden\/","mainEntityOfPage":{"@type":"WebPage","@id":"http:\/\/www.ipsen.com\/be\/nl\/algemene-voorwaarden\/"},"thumbnailUrl":"","image":{"@type":"ImageObject","url":""},"articleSection":"Geen onderdeel van een categorie","author":[{"@type":"Person","name":"umar"}],"creator":["umar"],"publisher":{"@type":"Organization","name":"Belgium","logo":""},"keywords":[],"dateCreated":"2024-03-21T23:02:20Z","datePublished":"2024-03-21T23:02:20Z","dateModified":"2024-11-27T14:48:32Z"},"rendered":"<script type=\"application\/ld+json\" class=\"wp-parsely-metadata\">{\"@context\":\"https:\\\/\\\/schema.org\",\"@type\":\"WebPage\",\"headline\":\"Algemene voorwaarden\",\"url\":\"http:\\\/\\\/www.ipsen.com\\\/be\\\/nl\\\/algemene-voorwaarden\\\/\",\"mainEntityOfPage\":{\"@type\":\"WebPage\",\"@id\":\"http:\\\/\\\/www.ipsen.com\\\/be\\\/nl\\\/algemene-voorwaarden\\\/\"},\"thumbnailUrl\":\"\",\"image\":{\"@type\":\"ImageObject\",\"url\":\"\"},\"articleSection\":\"Geen onderdeel van een categorie\",\"author\":[{\"@type\":\"Person\",\"name\":\"umar\"}],\"creator\":[\"umar\"],\"publisher\":{\"@type\":\"Organization\",\"name\":\"Belgium\",\"logo\":\"\"},\"keywords\":[],\"dateCreated\":\"2024-03-21T23:02:20Z\",\"datePublished\":\"2024-03-21T23:02:20Z\",\"dateModified\":\"2024-11-27T14:48:32Z\"}<\/script>","tracker_url":"https:\/\/cdn.parsely.com\/keys\/ipsen.com\/p.js"},"_links":{"self":[{"href":"https:\/\/www.ipsen.com\/be\/nl\/wp-json\/wp\/v2\/pages\/1099","targetHints":{"allow":["GET"]}}],"collection":[{"href":"https:\/\/www.ipsen.com\/be\/nl\/wp-json\/wp\/v2\/pages"}],"about":[{"href":"https:\/\/www.ipsen.com\/be\/nl\/wp-json\/wp\/v2\/types\/page"}],"author":[{"embeddable":true,"href":"https:\/\/www.ipsen.com\/be\/nl\/wp-json\/wp\/v2\/users\/24"}],"replies":[{"embeddable":true,"href":"https:\/\/www.ipsen.com\/be\/nl\/wp-json\/wp\/v2\/comments?post=1099"}],"version-history":[{"count":8,"href":"https:\/\/www.ipsen.com\/be\/nl\/wp-json\/wp\/v2\/pages\/1099\/revisions"}],"predecessor-version":[{"id":1223,"href":"https:\/\/www.ipsen.com\/be\/nl\/wp-json\/wp\/v2\/pages\/1099\/revisions\/1223"}],"wp:attachment":[{"href":"https:\/\/www.ipsen.com\/be\/nl\/wp-json\/wp\/v2\/media?parent=1099"}],"curies":[{"name":"wp","href":"https:\/\/api.w.org\/{rel}","templated":true}]}}