{"id":41,"date":"2024-03-08T11:13:52","date_gmt":"2024-03-08T09:13:52","guid":{"rendered":"https:\/\/www.ipsen.com\/switzerland\/?page_id=32"},"modified":"2025-09-17T15:01:59","modified_gmt":"2025-09-17T13:01:59","slug":"unternehmen","status":"publish","type":"page","link":"https:\/\/www.ipsen.com\/austria\/unternehmen\/","title":{"rendered":"Unternehmen"},"content":{"rendered":"    <section class=\"sub-page-banner bg-img\" style=\"background-image:url(https:\/\/www.ipsen.com\/austria\/wp-content\/uploads\/sites\/12\/2025\/07\/Company.jpg)\">\n        <div class=\"container content-sec\">\n            <nav aria-label=\"breadcrumb\">\n            <ol class=\"breadcrumb\">\n                <li class=\"breadcrumb-item\"><a href=\"https:\/\/www.ipsen.com\/austria\">Home<\/a><\/li><li class=\"breadcrumb-item active\"><a class=\"link-pointer-events-none\" href=\"#\" aria-current=\"page\">Unternehmen<\/a><\/li><\/ol>\n            <\/nav>            <h1 class=\"visible\">Unternehmen<\/h1>\n            <p class=\"visible\">Wir sind ein globales, mittelgro\u00dfes Pharmaunternehmen, das sich auf Bereiche mit hohem medizinischem Bedarf fokussiert<\/p>\n        <\/div>\n    <\/section>\n\n\n\t<!-- Hero Carousel Start Here-->\n\t<section class=\"hero-section no-filter\">\n\t\t<div class=\"hero_gridwidth container\"><!-- container class shown if gridlayout choosen -->\n\t\t\t<div id=\"heroCarousel\" class=\"carousel slide herocaro hero-banner-no-bg-image\" data-bs-ride=\"carousel\" data-enableplaybtn=\"\" data-autoplay= \"\"  data-autospeed= \"\" >\n\t\t\t\t<!-- Slider Indicator-->\n\t\t\t\t<div class=\"carousel-indicators hidden\">\n\t\t\t\t<button type=\"button\" data-bs-target=\"#heroCarousel\" data-bs-slide-to=\"0\" class=\"active\" aria-current=\"true\" aria-label=\"Slide 0\"><\/button>\t\t\t\t<\/div>\n\t\t\t\t<!-- Items -->\n\t\t\t\t<div class=\"carousel-inner\">\n\t\t\t\t\t\t\n\t\t\t\t\t\t<!-- Hero Banner with carousel HTML -->\n\t\t\t\t\t\t<div class=\"carousel-item active banner-no-filter\">\n\n\t\t\t\t\t\t\t\t\t\t\t\t\t\t\t<img decoding=\"async\" class=\"bd-placeholder-img visible\" alt=\"\" width=\"100%\" height=\"100%\" src=\"https:\/\/www.ipsen.com\/austria\/wp-content\/uploads\/sites\/12\/2025\/07\/Light-Hero-Banner.jpg\" \/> \n\t\t\t\t\t\t\t\n\t\t\t\t\t\t\t\t\n\n\t\t\t\t\t\t\t<div class=\"container align-left\">\n\t\t\t\t\t\t\t\t<div class=\"carousel-caption\">\n\t\t\t\t\t\t\t\t\t<h2 class=\"visible text-start heading-two banner-font-color-blue\">\n\t\t\t\t\t\t\t\t\t\tFocus. Together. For patients and society.\t\t\t\t\t\t\t\t\t<\/h2>\n\t\t\t\t\t\t\t\t\t<div class=\"hidden text-start banner-font-color-blue\"><\/div>\n\t\t\t\t\t\t\t\t\t\n\t\t\t\t\t\t\t\t\t\t\t\t\t\t\t\t\t\t\n\t\t\t\t\t\t\t\t<\/div>\n\t\t\t\t\t\t\t<\/div>\n\t\t\t\t\t\t<\/div>\n\n\t\t\t\t\t\t\t\t\t<\/div>\n\t\t\t\t\n\t\t\t\t\n\t\t\t<\/div>\n\t\t<\/div>\n\t<\/section>\n\t<!-- Hero Carousel End Here-->\n  \n\n    <section class=\"title-text \">\n        <div class=\"container\">\n            <div class=\"title-text-inner\" style=\"background-color:#EDEBE4;\">\n\n                <!-- If heading is enabled then it's visible -->\n                <div class=\"text-head-dash visible\">\n                <h3 class=\"heading-three\" role=\"heading\" aria-level=\"2\">\n                        \u00dcber Ipsen Pharma \u00d6sterreich                    <\/h3>\n                <\/div>\n               \n                <!-- If description is enabled then it's visible -->\n                <div class=\"text-parbase visible\">\n                    <p>Als L\u00e4ndergesellschaft der weltweit t\u00e4tigen Ipsen-Gruppe konzentrieren wir uns in \u00d6sterreich seit vielen Jahren auf L\u00f6sungen f\u00fcr seltene oder schwere Erkrankungen, f\u00fcr die ein hoher ungedeckter medizinischer Bedarf besteht. Dabei legen wir unseren Fokus auf innovative Medikamente f\u00fcr seltene Erkrankungen, Onkologie und Neurologie.<\/p>\n<p>Seit Gr\u00fcndung der eigenen Niederlassung in Wien im Jahr 2022 w\u00e4chst das lokale Team kontinuierlich und k\u00fcmmert sich mit viel Engagement und Herz um die Versorgung \u00f6sterreichischer Patient*innen.<\/p>\n                <\/div>\n\n                <!-- If button is enabled then it's visible -->\n                \n            <\/div>\n        <\/div>\n    <\/section>\n\n\n<!-- Text & Media Block Code -->\n<section class=\"two-col-section text-media-section\">\n    <div class=\"container two-section-innner \">\n        <div class=\"response-inner\" style=\"background-image: url('')\">\n            <div class=\"row \">\n                <div class=\"col-xs-12 col-sm-12 col-md-6\">\n                                                    <div class=\"img-video-section\">\n                                <img decoding=\"async\" \n                                    src=\"https:\/\/www.ipsen.com\/austria\/wp-content\/uploads\/sites\/12\/2024\/10\/Icon-Vienna_11.jpg\" \n                                    alt=\"\" \n                                >\n                            <\/div>\n                                        <\/div>\n                <div class=\" col-xs-12 col-sm-12 col-md-6\">\n                    <div class=\"section-content\">\n                        <div class=\"heading-dash\">\n                                                            <span class=\"dash\"><\/span>\n                                <h4 class=\"heading-para heading-four\" role=\"heading\" aria-level=\"2\">\n                                    Mit Team Power f\u00fcr \u00f6sterreichische Patient*innen                                <\/h4>\n                                                    <\/div>\n                                                <p>&#8220;<em>Wir sind in \u00d6sterreich ein st\u00e4ndig wachsendes Team von \u00fcber 15 Mitarbeiter*innen im Innen- und Au\u00dfendienst. In Zusammenarbeit mit unseren Kolleg*innen in Deutschland und in der Schweiz ist es unser Ziel, \u00c4rzt*Innen, Patient*innen und den Verantwortlichen in verschiedenen Gesundheitseinrichtungen bestes Service zu bieten.<\/em><\/p>\n<p><em>Unser B\u00fcro befindet sich zentral in Wien und bietet beste Infrastruktur und Raum f\u00fcr den regelm\u00e4\u00dfigen Austausch<\/em>&#8220;.<\/p>\n                            <a \n                            aria-label=\" about Mit Team Power f\u00fcr \u00f6sterreichische Patient*innen\"  \n                                role=\"link\" \n                                class=\"btn-link hidden\"\n                                href=\"\" \n                                target=\"_self\"\n                            > \n                                 \n                            <\/a>\n\n                    <\/div>\n                <\/div>\n            <\/div>\n        <\/div>\n    <\/div>\n<\/section>\n\n\n    <!--Accordion Cards Start Here-->\n    <section class=\"accordion bg-color-disabled\"  data-according-id=\"2095582541\">\n        <div class=\"container\">\n            <div class=\"row\">\n                <!--Accordion info section-->\n                <div class=\"column-1 col-xl-12 col-md-12 col-sm-12\">\n                    <div class=\"accordian-info\">\n                        <h3 class=\"accordian-heading visible heading-three\" role=\"heading\" aria-level=\"2\">\n                            Unsere Strategie                        <\/h3>\n                        <p class=\"accordian-summary visible\">Um die n\u00e4chste Generation unserer innovativen pharmazeutischen Produkte zu entwickeln, arbeiten wir bei Ipsen mit allen wichtigen Akteuren im Gesundheitswesen zusammen. Wir bauen langfristig wertvolle Partnerschaften auf, die die Innovationen von morgen in unseren drei Therapiegebieten vorantreiben: Onkologie, Seltene Krankheiten und Neurologie.<\/p>\n                    <\/div>\n                <\/div><!--Accordion info section over here -->\n\n                <div class=\"col-xl-12 col-lg-12 col-md-12 col-sm-12\">\n                    <div class=\"accordion accor-group\" id=\"accordionExample2095582541\">\n                         \n                                    <!-- Accordion with Expandable panel & FAQs -->\n                                    <div class=\"accordion-item accor-item\">\n                                        <p  role=\"heading\" aria-level=\"3\" class=\"accordion-header accor-head-para\" id=\"expHeading0\">\n                                            <button class=\"accordion-button accor-btn collapsed\" type=\"button\" data-bs-toggle=\"collapse\" data-bs-target=\"#expHeading20955825410\" aria-expanded=\"false\" aria-controls=\"expHeading20955825410\">\n                                                Das volle Potenzial unserer Pr\u00e4parate aussch\u00f6pfen                                            <\/button>\n                                        <\/p>\n                                        <div id=\"expHeading20955825410\" class=\"accordion-collapse collapse \" aria-labelledby=\"expHeading0\" data-bs-parent=\"#accordionExample2095582541\">\n                                            <div class=\"accordion-body\">\n                                                <div class=\"accordion-data\">\n                                                    <p><p>Wir arbeiten mit Patient*innen zusammen und lernen gemeinsam, damit der bestm\u00f6gliche Zugang zu allen erforderlichen Therapien erm\u00f6glicht und st\u00e4ndig optimiert wird.<\/p>\n<\/p>\n                                                    <div class=\"cta-block hidden\" >\n                                                                                                            <\/div>\n                                                <\/div>\n                                            <\/div>\n                                        <\/div>\n                                    <\/div>\n                             \n                                    <!-- Accordion with Expandable panel & FAQs -->\n                                    <div class=\"accordion-item accor-item\">\n                                        <p  role=\"heading\" aria-level=\"3\" class=\"accordion-header accor-head-para\" id=\"expHeading1\">\n                                            <button class=\"accordion-button accor-btn collapsed\" type=\"button\" data-bs-toggle=\"collapse\" data-bs-target=\"#expHeading20955825411\" aria-expanded=\"false\" aria-controls=\"expHeading20955825411\">\n                                                Hochwertige und innovative Pipeline aufbauen                                            <\/button>\n                                        <\/p>\n                                        <div id=\"expHeading20955825411\" class=\"accordion-collapse collapse \" aria-labelledby=\"expHeading1\" data-bs-parent=\"#accordionExample2095582541\">\n                                            <div class=\"accordion-body\">\n                                                <div class=\"accordion-data\">\n                                                    <p><p>Wir sind bestrebt, eine robuste, nachhaltige Pipeline in allen Entwicklungsstadien und in jedem unserer drei Therapiebereiche aufzubauen, damit wir auch in Zukunft innovative Behandlungen anbieten k\u00f6nnen. Wir suchen Biotech-Unternehmen, akademische Einrichtungen und andere Partner, die unsere Vision teilen, einen echten Beitrag f\u00fcr Patienten zu leisten, und wir wollen jedes Jahr mindestens eine molekulare Entit\u00e4t oder eine bedeutende Indikation entwickeln.<\/p>\n<\/p>\n                                                    <div class=\"cta-block hidden\" >\n                                                                                                            <\/div>\n                                                <\/div>\n                                            <\/div>\n                                        <\/div>\n                                    <\/div>\n                             \n                                    <!-- Accordion with Expandable panel & FAQs -->\n                                    <div class=\"accordion-item accor-item\">\n                                        <p  role=\"heading\" aria-level=\"3\" class=\"accordion-header accor-head-para\" id=\"expHeading2\">\n                                            <button class=\"accordion-button accor-btn collapsed\" type=\"button\" data-bs-toggle=\"collapse\" data-bs-target=\"#expHeading20955825412\" aria-expanded=\"false\" aria-controls=\"expHeading20955825412\">\n                                                Leistungsf\u00e4higkeit steigern f\u00fcr gezieltes Investment und Wachstum                                            <\/button>\n                                        <\/p>\n                                        <div id=\"expHeading20955825412\" class=\"accordion-collapse collapse \" aria-labelledby=\"expHeading2\" data-bs-parent=\"#accordionExample2095582541\">\n                                            <div class=\"accordion-body\">\n                                                <div class=\"accordion-data\">\n                                                    <p><p>Wir konzentrieren unsere Bem\u00fchungen und Ressourcen dort, wo sie f\u00fcr die Patient*innen von Nutzen sind. Indem wir Effizienz schaffen, k\u00f6nnen wir zum richtigen Zeitpunkt die richtigen Investitionen t\u00e4tigen, um Patient*innen auf der ganzen Welt neue, innovative Therapien zur Verf\u00fcgung zu stellen.<\/p>\n<\/p>\n                                                    <div class=\"cta-block hidden\" >\n                                                                                                            <\/div>\n                                                <\/div>\n                                            <\/div>\n                                        <\/div>\n                                    <\/div>\n                             \n                                    <!-- Accordion with Expandable panel & FAQs -->\n                                    <div class=\"accordion-item accor-item\">\n                                        <p  role=\"heading\" aria-level=\"3\" class=\"accordion-header accor-head-para\" id=\"expHeading3\">\n                                            <button class=\"accordion-button accor-btn collapsed\" type=\"button\" data-bs-toggle=\"collapse\" data-bs-target=\"#expHeading20955825413\" aria-expanded=\"false\" aria-controls=\"expHeading20955825413\">\n                                                F\u00f6rderung einer Kultur der Zusammenarbeit und Exzellenz                                             <\/button>\n                                        <\/p>\n                                        <div id=\"expHeading20955825413\" class=\"accordion-collapse collapse \" aria-labelledby=\"expHeading3\" data-bs-parent=\"#accordionExample2095582541\">\n                                            <div class=\"accordion-body\">\n                                                <div class=\"accordion-data\">\n                                                    <p><p>Unser Team von mehr als 5 000 talentierten und engagierten Mitarbeiter*innen auf der ganzen Welt ist jeden Tag bestrebt, unsere F\u00e4higkeiten zu entwickeln und auszubauen. Mit unserem wissenschaftsbasierten und patientenorientierten Ansatz wachsen wir gemeinsam in einem unterst\u00fctzenden Umfeld.<\/p>\n<\/p>\n                                                    <div class=\"cta-block hidden\" >\n                                                                                                            <\/div>\n                                                <\/div>\n                                            <\/div>\n                                        <\/div>\n                                    <\/div>\n                                                <\/div>\n                <\/div> \n            <\/div>\n        <\/div>\n    <\/section>\n    <!--Accordion Cards End Here-->\n\n\n\n<p class=\"has-text-align-center has-small-font-size\">ALLSC-AT-000033, 01\/2025<\/p>\n","protected":false},"excerpt":{"rendered":"","protected":false},"author":2,"featured_media":0,"parent":0,"menu_order":0,"comment_status":"closed","ping_status":"closed","template":"","meta":{"_acf_changed":false,"footnotes":""},"class_list":["post-41","page","type-page","status-publish","hentry","entry"],"acf":[],"yoast_head":"<!-- This site is optimized with the Yoast SEO plugin v26.8 - https:\/\/yoast.com\/product\/yoast-seo-wordpress\/ -->\n<title>Ipsen: Wer wir sind<\/title>\n<meta name=\"description\" content=\"Erfahren Sie mehr \u00fcber Ipsen, ein globales Pharmaunternehmen, das sich zum Ziel gesetzt hat, das Leben von Patient:innen zu verl\u00e4ngern, die Gesundheitsergebnisse zu verbessern und einen positiven Einfluss auf Patient:innen und die Gesellschaft auszu\u00fcben.\" \/>\n<meta name=\"robots\" content=\"index, follow, max-snippet:-1, max-image-preview:large, max-video-preview:-1\" \/>\n<link rel=\"canonical\" href=\"https:\/\/www.ipsen.com\/austria\/unternehmen\/\" \/>\n<meta property=\"og:locale\" content=\"de_DE\" \/>\n<meta property=\"og:type\" content=\"article\" \/>\n<meta property=\"og:title\" content=\"Ipsen: Wer wir sind\" \/>\n<meta property=\"og:description\" content=\"Erfahren Sie mehr \u00fcber Ipsen, ein globales Pharmaunternehmen, das sich zum Ziel gesetzt hat, das Leben von Patient:innen zu verl\u00e4ngern, die Gesundheitsergebnisse zu verbessern und einen positiven Einfluss auf Patient:innen und die Gesellschaft auszu\u00fcben.\" \/>\n<meta property=\"og:url\" content=\"https:\/\/www.ipsen.com\/austria\/unternehmen\/\" \/>\n<meta property=\"og:site_name\" content=\"Austria\" \/>\n<meta property=\"article:modified_time\" content=\"2025-09-17T13:01:59+00:00\" \/>\n<meta name=\"twitter:card\" content=\"summary_large_image\" \/>\n<meta name=\"twitter:label1\" content=\"Est. reading time\" \/>\n\t<meta name=\"twitter:data1\" content=\"1 minute\" \/>\n<script type=\"application\/ld+json\" class=\"yoast-schema-graph\">{\"@context\":\"https:\/\/schema.org\",\"@graph\":[{\"@type\":\"WebPage\",\"@id\":\"https:\/\/www.ipsen.com\/austria\/unternehmen\/\",\"url\":\"https:\/\/www.ipsen.com\/austria\/unternehmen\/\",\"name\":\"Ipsen: Wer wir sind\",\"isPartOf\":{\"@id\":\"https:\/\/www.ipsen.com\/austria\/#website\"},\"datePublished\":\"2024-03-08T09:13:52+00:00\",\"dateModified\":\"2025-09-17T13:01:59+00:00\",\"description\":\"Erfahren Sie mehr \u00fcber Ipsen, ein globales Pharmaunternehmen, das sich zum Ziel gesetzt hat, das Leben von Patient:innen zu verl\u00e4ngern, die Gesundheitsergebnisse zu verbessern und einen positiven Einfluss auf Patient:innen und die Gesellschaft auszu\u00fcben.\",\"breadcrumb\":{\"@id\":\"https:\/\/www.ipsen.com\/austria\/unternehmen\/#breadcrumb\"},\"inLanguage\":\"de-DE\",\"potentialAction\":[{\"@type\":\"ReadAction\",\"target\":[\"https:\/\/www.ipsen.com\/austria\/unternehmen\/\"]}]},{\"@type\":\"BreadcrumbList\",\"@id\":\"https:\/\/www.ipsen.com\/austria\/unternehmen\/#breadcrumb\",\"itemListElement\":[{\"@type\":\"ListItem\",\"position\":1,\"name\":\"Home\",\"item\":\"https:\/\/www.ipsen.com\/austria\/\"},{\"@type\":\"ListItem\",\"position\":2,\"name\":\"Unternehmen\"}]},{\"@type\":\"WebSite\",\"@id\":\"https:\/\/www.ipsen.com\/austria\/#website\",\"url\":\"https:\/\/www.ipsen.com\/austria\/\",\"name\":\"Austria\",\"description\":\"\",\"publisher\":{\"@id\":\"https:\/\/www.ipsen.com\/austria\/#organization\"},\"potentialAction\":[{\"@type\":\"SearchAction\",\"target\":{\"@type\":\"EntryPoint\",\"urlTemplate\":\"https:\/\/www.ipsen.com\/austria\/?s={search_term_string}\"},\"query-input\":{\"@type\":\"PropertyValueSpecification\",\"valueRequired\":true,\"valueName\":\"search_term_string\"}}],\"inLanguage\":\"de-DE\"},{\"@type\":\"Organization\",\"@id\":\"https:\/\/www.ipsen.com\/austria\/#organization\",\"name\":\"Austria\",\"url\":\"https:\/\/www.ipsen.com\/austria\/\",\"logo\":{\"@type\":\"ImageObject\",\"inLanguage\":\"de-DE\",\"@id\":\"https:\/\/www.ipsen.com\/austria\/#\/schema\/logo\/image\/\",\"url\":\"https:\/\/www.ipsen.com\/austria\/wp-content\/uploads\/sites\/12\/2024\/03\/Logo-Ipsen.svg\",\"contentUrl\":\"https:\/\/www.ipsen.com\/austria\/wp-content\/uploads\/sites\/12\/2024\/03\/Logo-Ipsen.svg\",\"caption\":\"Austria\"},\"image\":{\"@id\":\"https:\/\/www.ipsen.com\/austria\/#\/schema\/logo\/image\/\"}}]}<\/script>\n<!-- \/ Yoast SEO plugin. -->","yoast_head_json":{"title":"Ipsen: Wer wir sind","description":"Erfahren Sie mehr \u00fcber Ipsen, ein globales Pharmaunternehmen, das sich zum Ziel gesetzt hat, das Leben von Patient:innen zu verl\u00e4ngern, die Gesundheitsergebnisse zu verbessern und einen positiven Einfluss auf Patient:innen und die Gesellschaft auszu\u00fcben.","robots":{"index":"index","follow":"follow","max-snippet":"max-snippet:-1","max-image-preview":"max-image-preview:large","max-video-preview":"max-video-preview:-1"},"canonical":"https:\/\/www.ipsen.com\/austria\/unternehmen\/","og_locale":"de_DE","og_type":"article","og_title":"Ipsen: Wer wir sind","og_description":"Erfahren Sie mehr \u00fcber Ipsen, ein globales Pharmaunternehmen, das sich zum Ziel gesetzt hat, das Leben von Patient:innen zu verl\u00e4ngern, die Gesundheitsergebnisse zu verbessern und einen positiven Einfluss auf Patient:innen und die Gesellschaft auszu\u00fcben.","og_url":"https:\/\/www.ipsen.com\/austria\/unternehmen\/","og_site_name":"Austria","article_modified_time":"2025-09-17T13:01:59+00:00","twitter_card":"summary_large_image","twitter_misc":{"Est. reading time":"1 minute"},"schema":{"@context":"https:\/\/schema.org","@graph":[{"@type":"WebPage","@id":"https:\/\/www.ipsen.com\/austria\/unternehmen\/","url":"https:\/\/www.ipsen.com\/austria\/unternehmen\/","name":"Ipsen: Wer wir sind","isPartOf":{"@id":"https:\/\/www.ipsen.com\/austria\/#website"},"datePublished":"2024-03-08T09:13:52+00:00","dateModified":"2025-09-17T13:01:59+00:00","description":"Erfahren Sie mehr \u00fcber Ipsen, ein globales Pharmaunternehmen, das sich zum Ziel gesetzt hat, das Leben von Patient:innen zu verl\u00e4ngern, die Gesundheitsergebnisse zu verbessern und einen positiven Einfluss auf Patient:innen und die Gesellschaft auszu\u00fcben.","breadcrumb":{"@id":"https:\/\/www.ipsen.com\/austria\/unternehmen\/#breadcrumb"},"inLanguage":"de-DE","potentialAction":[{"@type":"ReadAction","target":["https:\/\/www.ipsen.com\/austria\/unternehmen\/"]}]},{"@type":"BreadcrumbList","@id":"https:\/\/www.ipsen.com\/austria\/unternehmen\/#breadcrumb","itemListElement":[{"@type":"ListItem","position":1,"name":"Home","item":"https:\/\/www.ipsen.com\/austria\/"},{"@type":"ListItem","position":2,"name":"Unternehmen"}]},{"@type":"WebSite","@id":"https:\/\/www.ipsen.com\/austria\/#website","url":"https:\/\/www.ipsen.com\/austria\/","name":"Austria","description":"","publisher":{"@id":"https:\/\/www.ipsen.com\/austria\/#organization"},"potentialAction":[{"@type":"SearchAction","target":{"@type":"EntryPoint","urlTemplate":"https:\/\/www.ipsen.com\/austria\/?s={search_term_string}"},"query-input":{"@type":"PropertyValueSpecification","valueRequired":true,"valueName":"search_term_string"}}],"inLanguage":"de-DE"},{"@type":"Organization","@id":"https:\/\/www.ipsen.com\/austria\/#organization","name":"Austria","url":"https:\/\/www.ipsen.com\/austria\/","logo":{"@type":"ImageObject","inLanguage":"de-DE","@id":"https:\/\/www.ipsen.com\/austria\/#\/schema\/logo\/image\/","url":"https:\/\/www.ipsen.com\/austria\/wp-content\/uploads\/sites\/12\/2024\/03\/Logo-Ipsen.svg","contentUrl":"https:\/\/www.ipsen.com\/austria\/wp-content\/uploads\/sites\/12\/2024\/03\/Logo-Ipsen.svg","caption":"Austria"},"image":{"@id":"https:\/\/www.ipsen.com\/austria\/#\/schema\/logo\/image\/"}}]}},"parsely":{"version":"1.1.0","canonical_url":"https:\/\/ipsen.com\/austria\/unternehmen\/","smart_links":{"inbound":0,"outbound":0},"traffic_boost_suggestions_count":0,"meta":{"@context":"https:\/\/schema.org","@type":"WebPage","headline":"Unternehmen","url":"http:\/\/www.ipsen.com\/austria\/unternehmen\/","mainEntityOfPage":{"@type":"WebPage","@id":"http:\/\/www.ipsen.com\/austria\/unternehmen\/"},"thumbnailUrl":"","image":{"@type":"ImageObject","url":""},"articleSection":"Unkategorisiert","author":[{"@type":"Person","name":"navya"}],"creator":["navya"],"publisher":{"@type":"Organization","name":"Austria","logo":""},"keywords":[],"dateCreated":"2024-03-08T09:13:52Z","datePublished":"2024-03-08T09:13:52Z","dateModified":"2025-09-17T13:01:59Z"},"rendered":"<script type=\"application\/ld+json\" class=\"wp-parsely-metadata\">{\"@context\":\"https:\\\/\\\/schema.org\",\"@type\":\"WebPage\",\"headline\":\"Unternehmen\",\"url\":\"http:\\\/\\\/www.ipsen.com\\\/austria\\\/unternehmen\\\/\",\"mainEntityOfPage\":{\"@type\":\"WebPage\",\"@id\":\"http:\\\/\\\/www.ipsen.com\\\/austria\\\/unternehmen\\\/\"},\"thumbnailUrl\":\"\",\"image\":{\"@type\":\"ImageObject\",\"url\":\"\"},\"articleSection\":\"Unkategorisiert\",\"author\":[{\"@type\":\"Person\",\"name\":\"navya\"}],\"creator\":[\"navya\"],\"publisher\":{\"@type\":\"Organization\",\"name\":\"Austria\",\"logo\":\"\"},\"keywords\":[],\"dateCreated\":\"2024-03-08T09:13:52Z\",\"datePublished\":\"2024-03-08T09:13:52Z\",\"dateModified\":\"2025-09-17T13:01:59Z\"}<\/script>","tracker_url":"https:\/\/cdn.parsely.com\/keys\/ipsen.com\/p.js"},"jetpack_sharing_enabled":true,"_links":{"self":[{"href":"https:\/\/www.ipsen.com\/austria\/wp-json\/wp\/v2\/pages\/41","targetHints":{"allow":["GET"]}}],"collection":[{"href":"https:\/\/www.ipsen.com\/austria\/wp-json\/wp\/v2\/pages"}],"about":[{"href":"https:\/\/www.ipsen.com\/austria\/wp-json\/wp\/v2\/types\/page"}],"author":[{"embeddable":true,"href":"https:\/\/www.ipsen.com\/austria\/wp-json\/wp\/v2\/users\/2"}],"replies":[{"embeddable":true,"href":"https:\/\/www.ipsen.com\/austria\/wp-json\/wp\/v2\/comments?post=41"}],"version-history":[{"count":16,"href":"https:\/\/www.ipsen.com\/austria\/wp-json\/wp\/v2\/pages\/41\/revisions"}],"predecessor-version":[{"id":23877,"href":"https:\/\/www.ipsen.com\/austria\/wp-json\/wp\/v2\/pages\/41\/revisions\/23877"}],"wp:attachment":[{"href":"https:\/\/www.ipsen.com\/austria\/wp-json\/wp\/v2\/media?parent=41"}],"curies":[{"name":"wp","href":"https:\/\/api.w.org\/{rel}","templated":true}]}}