{"id":1801,"date":"2023-04-28T19:50:22","date_gmt":"2023-04-28T19:50:22","guid":{"rendered":"https:\/\/www.ipsen.com\/annualreport\/?page_id=1801"},"modified":"2023-05-31T07:33:09","modified_gmt":"2023-05-31T07:33:09","slug":"conditions-generales-dutilisation","status":"publish","type":"page","link":"https:\/\/www.ipsen.com\/annualreport\/fr\/conditions-generales-dutilisation\/","title":{"rendered":"Conditions G\u00e9n\u00e9rales d\u2019Utilisation"},"content":{"rendered":"    <section class=\"sub-page-banner \" style=\"background: linear-gradient(93.64deg, #224A81 2.99%, #2797D3 97.01%)\">\n        <div class=\"container content-sec\">\n            <nav aria-label=\"breadcrumb\">\n            <ol class=\"breadcrumb\">\n                <li class=\"breadcrumb-item\"><a href=\"https:\/\/www.ipsen.com\/annualreport\/fr\/\">Accueil<\/a><\/li><li class=\"breadcrumb-item active\"><a class=\"link-pointer-events-none\" href=\"#\" aria-current=\"page\">Conditions G\u00e9n\u00e9rales d\u2019Utilisation<\/a><\/li><\/ol>\n            <\/nav>            <h1 class=\"visible\">Conditions G\u00e9n\u00e9rales d\u2019Utilisation<\/h1>\n            <p class=\"hidden\"><\/p>\n        <\/div>\n    <\/section>\n\n\n\n<div class=\"wp-block-columns is-layout-flex wp-container-core-columns-is-layout-9d6595d7 wp-block-columns-is-layout-flex\">\n<div class=\"wp-block-column is-layout-flow wp-block-column-is-layout-flow\">\n<p><strong>1. Accord pr\u00e9alable<\/strong><\/p>\n\n\n\n<p>Le site internet ipsen.com (le&nbsp;\u00ab&nbsp;Site&nbsp;\u00bb) est d\u00e9velopp\u00e9 et fourni par IPSEN PHARMA SAS, 65 quai George Gorse, 92100 Boulogne-Billancourt (ci-apr\u00e8s d\u00e9sign\u00e9 \u00ab&nbsp;Ipsen&nbsp;\u00bb, en ce comprenant toutes ses entit\u00e9s affili\u00e9es). Votre acc\u00e8s et votre utilisation du Site sont sujets aux pr\u00e9sentes Conditions G\u00e9n\u00e9rales d\u2019Utilisation et \u00e0 toute loi applicable. En acc\u00e9dant au Site, vous acceptez, sans limitation ou r\u00e9serves, les pr\u00e9sentes Conditions G\u00e9n\u00e9rales d\u2019Utilisation.<\/p>\n\n\n\n<p><strong>2. Utilisation des informations<\/strong><\/p>\n\n\n\n<p>Le site Internet de la soci\u00e9t\u00e9 est un site Internet appartenant \u00e0 Ipsen qui fournit des informations g\u00e9n\u00e9rales sur Ipsen et ses produits et services. Les informations pour le site Web de l\u2019entreprise comprennent :<\/p>\n\n\n\n<ul class=\"wp-block-list\">\n<li>Actualit\u00e9s et communiqu\u00e9s de presse<\/li>\n\n\n\n<li>Vision, strat\u00e9gie et engagements<\/li>\n\n\n\n<li>Description des domaines th\u00e9rapeutiques, des faits marquants et de la strat\u00e9gie.<\/li>\n\n\n\n<li>Descriptions de la strat\u00e9gie de recherche et d\u00e9veloppement, de l\u2019expertise, des centres et du pipeline.<\/li>\n\n\n\n<li>Renseignements \u00e0 l\u2019intention des employ\u00e9s \u00e9ventuels<\/li>\n\n\n\n<li>Une liste de tous les produits Ipsen.<\/li>\n\n\n\n<li>Informations financi\u00e8res<\/li>\n\n\n\n<li>Transparence de l\u2019information sur la divulgation de l\u2019information<\/li>\n<\/ul>\n\n\n\n<p>Vous ne pouvez pas distribuer, modifier, transmettre, r\u00e9utiliser, r\u00e9exp\u00e9dier ou utiliser toute information de ce Site \u00e0 des fins commerciales, et vous devez pr\u00e9sumer que, sauf mention contraire, tout ce que vous voyez ou lisez sur ce Site est prot\u00e9g\u00e9 par des droits de propri\u00e9t\u00e9 intellectuelle sauf disposition contraire et ne peut \u00eatre utilis\u00e9, si ce n\u2019est conform\u00e9ment aux pr\u00e9sentes Conditions G\u00e9n\u00e9rales d\u2019Utilisation.<\/p>\n\n\n\n<p>Sauf dans les cas pr\u00e9vus par le pr\u00e9sent paragraphe, Ipsen ne peut ni garantir ni affirmer que votre utilisation des mat\u00e9riaux et supports se trouvant sur le Site ne portera pas atteinte aux droits de tiers qui n\u2019appartiennent pas ou ne sont pas affili\u00e9s \u00e0 Ipsen. \u00c0 l\u2019exception de l\u2019autorisation limitative r\u00e9sultant des pr\u00e9c\u00e9dentes dispositions, aucune licence, aucun droit sur les informations ou droits de propri\u00e9t\u00e9 intellectuelle d\u2019Ipsen ou de toute autre tierce partie, ne vous est accord\u00e9 ou conf\u00e9r\u00e9.<\/p>\n\n\n\n<p>Ce Site peut contenir ou faire r\u00e9f\u00e9rence \u00e0 des informations prot\u00e9g\u00e9es, des technologies, produits, proc\u00e9d\u00e9s ou d\u2019autres droits de propri\u00e9t\u00e9 d\u2019Ipsen et\/ou d\u2019autres parties. Aucune licence, ni aucun droit sur ces marques, brevets, secrets commerciaux, technologies, produits, proc\u00e9d\u00e9s et autres droits de propri\u00e9t\u00e9 d\u2019Ipsen et\/ou d\u2019une tierce personne, ne vous est accord\u00e9 ou conf\u00e9r\u00e9.<\/p>\n\n\n\n<p>L\u2019information contenue dans ce site Web, pour tout public, vous est fournie \u00e0 titre d\u2019information seulement et n\u2019est pas destin\u00e9e de quelque mani\u00e8re que ce soit \u00e0 :<\/p>\n\n\n\n<ul class=\"wp-block-list\">\n<li>donner un avis m\u00e9dical ;<\/li>\n\n\n\n<li>donner un diagnostic ;<\/li>\n\n\n\n<li>remplacer une consultation, un avis ou des recommandations d\u2019un professionnel de sant\u00e9 ;<\/li>\n\n\n\n<li>recommander ou promouvoir l\u2019utilisation de tout produit ou service d\u2019Ipsen.<\/li>\n<\/ul>\n\n\n\n<p>Il est essentiel de suivre les conseils ou de consulter votre m\u00e9decin ou d\u2019autres professionnels de sant\u00e9 avant d\u2019utiliser l\u2019un des produits mentionn\u00e9s sur ce site Web.<\/p>\n\n\n\n<p><strong>3. Exclusion de garantie<\/strong><\/p>\n\n\n\n<p>Bien qu\u2019Ipsen s\u2019efforce de garantir que les informations fournies par le Site soient correctes et \u00e0 jour, celles-ci peuvent contenir des inexactitudes ou des erreurs de typographique. Ipsen se r\u00e9serve le droit d\u2019effectuer des changements, des corrections et\/ou d\u2019apporter des am\u00e9liorations \u00e0 ses informations \u00e0 tout moment et sans pr\u00e9avis. Ipsen ne formule aucune garantie et ne prend aucun engagement quant \u00e0 l\u2019exactitude des informations. Ipsen d\u00e9cline toute responsabilit\u00e9 en cas d\u2019erreurs ou d\u2019omissions dans le contenu du Site.<\/p>\n\n\n\n<!--Alert Card Layout Start Here-->\n<section class=\"alertcard-section\">\n      <div class=\"container\">\n        <!--Alert Box HTML Start Here-->\n        <div class=\"alert-box warning-box\">\n                    <div class=\"info-icon\">\n              <span class=\"info-circle\"><img decoding=\"async\" src=\"https:\/\/www.ipsen.com\/annualreport\/wp-content\/themes\/ipsen-main\/dist\/images\/alert-warning-icon.png\" alt=\"Alert\"\/><\/i>\n            <\/div>\n                    <div class=\"info-contents\">\n          <h4 role=\"heading\" aria-level=\"2\" class=\"info-head heading-four heading-four\"><\/h4>\n            <p class=\"info-sub-head-para hidden heading-para\"><\/p>\n            <div class=\"alert-content visible\"><div class=\"info-icon\"><span class=\"info-circle\">TOUTES LES INFORMATIONS SONT FOURNIES \u00ab EN L\u2019\u00c9TAT \u00bb. IPSEN N\u2019OFFRE AUCUNE GARANTIE QUANT \u00c0 L\u2019EXHAUSTIVIT\u00c9 OU L\u2019EXACTITUDE DES INFORMATIONS DISPONIBLES SUR LE SITE OU QUANT \u00c0 LEURS UTILISATIONS POSSIBLES. PAR CONS\u00c9QUENT, LES INFORMATIONS DOIVENT ETRE EVALUEES ATTENTIVEMENT PAR LES UTILISATEURS AVANT LEUR USAGE. VOUS POUVEZ UTILISER CES INFORMATIONS A VOTRE DISCRETION ET VOUS EN SUPPORTEZ LES RISQUES. DANS LES LIMITES FIXEES PAR LA LOI, IPSEN, ET LES AUTRES SOCIETES DU GROUPE IPSEN, ET LES TIERS IMPLIQU\u00c9S DANS LA CR\u00c9ATION, LE DEVELOPPEMENT OU LA FOURNITURE DE CETTE SITE NE PEUVENT ETRE TENUS RESPONSABLES DE TOUT DOMMAGE DIRECT, FORTUIT, CONS\u00c9CUTIF, INDIRECT OU A CARATERE PUNITIF, RESULTANT DE L\u2019ACC\u00c8S AU SITE, L\u2019UTILISATION OU L\u2019INCAPACIT\u00c9 D\u2019UTILISER CE SITE, OU DE TOUTE ERREUR OU OMISSION DANS SON CONTENU.<\/span><\/div>\n<\/div>\n          <\/div>\n        <\/div>\n        <!--Alert Box HTML Start Here-->\n      <\/div>\n    <\/section>\n<!--Alert Card Layout End Here-->\n\n\n\n<p>Ipsen d\u00e9cline aussi toute responsabilit\u00e9, et ne peut \u00eatre tenu responsable de tout dommage ou de tout virus susceptible d\u2019affecter votre mat\u00e9riel informatique ou tout autre bien \u00e0 la suite de votre acc\u00e8s ou de votre utilisation des informations.<\/p>\n\n\n\n<p><strong>4. Informations fournies par l\u2019Utilisateur<\/strong><\/p>\n\n\n\n<p>A l\u2019exception des informations couvertes par la Politique de Confidentialit\u00e9, si une telle politique est appliqu\u00e9e, toutes les communications ou documents que vous mettez dans le Site, y compris les donn\u00e9es, questions, commentaires, suggestions ou autres, sont et seront trait\u00e9s comme \u00e9tant non-confidentiels et non prot\u00e9g\u00e9s.<\/p>\n\n\n\n<p><strong>5. Cons\u00e9quences<\/strong><\/p>\n\n\n\n<p>Si Ipsen prend connaissance du fait que vous avez enfreint certaines des pr\u00e9sentes Conditions G\u00e9n\u00e9rales d\u2019Utilisation, Ipsen pourra prendre imm\u00e9diatement des mesures correctrices, y compris celles pour emp\u00eacher l\u2019Utilisateur d\u2019user du Site, et cela, \u00e0 tout moment et sans pr\u00e9avis. Si Ipsen a \u00e9t\u00e9 affect\u00e9 ou l\u00e9s\u00e9 par votre violation, Ipsen pourra, \u00e0 sa discr\u00e9tion, exiger de vous des dommages et int\u00e9r\u00eats.<\/p>\n\n\n\n<p><strong>6. R\u00e9visions<\/strong><\/p>\n\n\n\n<p>Ipsen peut revoir \u00e0 tout moment ces Conditions G\u00e9n\u00e9rales d\u2019Utilisation en mettant \u00e0 jour cette publication et en le notifiant \u00e0 l\u2019Utilisateur par les moyens ad\u00e9quats (par courrier \u00e9lectronique, par une fen\u00eatre d\u2019alerte sur le Site, par lesquels il vous sera demand\u00e9 de donner votre accord \u00e0 la version modifi\u00e9e). La r\u00e9vision des Conditions G\u00e9n\u00e9rales d\u2019Utilisation entre en vigueur dans les 30 jours calendaires suivants cette mise \u00e0 jour. Si vous d\u00e9sapprouvez les nouvelles Conditions G\u00e9n\u00e9rales d\u2019Utilisation, vous devrez l\u2019indiquer par le biais du m\u00e9canisme pr\u00e9vu dans le courrier \u00e9lectronique ou la fen\u00eatre d\u2019alerte concern\u00e9s, et par cons\u00e9quent cesser d\u2019acc\u00e9der et d\u2019utiliser le Site. Vous devrez p\u00e9riodiquement visiter cette page pour consulter les Conditions G\u00e9n\u00e9rales d\u2019Utilisation en vigueur auxquelles vous \u00eates li\u00e9es.<\/p>\n\n\n\n<p>Ipsen se r\u00e9serve le droit de supprimer le Site \u00e0 tout moment sans aucune responsabilit\u00e9 \u00e0 votre \u00e9gard ou \u00e0 l\u2019\u00e9gard de quiconque. Vous recevrez une notification pr\u00e9alable \u00e0 cette suppression.<\/p>\n\n\n\n<p><strong>7. Sources<\/strong><\/p>\n\n\n\n<p><strong>Illustrations:<\/strong>&nbsp;Ipsen Group<br><strong>Videos:<\/strong>&nbsp;Ipsen Group<br><strong>Photos:&nbsp;<\/strong>Ipsen Group<br>CAPA Pictures<br>Xavier Boymond<br>Thomas Ch\u00e9n\u00e9<br>Philippe Dubreuil<br>Keith Freeburn<br>Matthew Healey<br>Thomas Laisn\u00e9<br>David Meignan<br>G\u00e9rard Uf\u00e9ras<br>Corbis<\/p>\n\n\n\n<p>Unsplash.com<\/p>\n\n\n\n<p><strong>8. Propri\u00e9t\u00e9 intellectuelle<\/strong><\/p>\n\n\n\n<p>Le contenu de ce Site est enti\u00e8rement prot\u00e9g\u00e9 par les droits de propri\u00e9t\u00e9 intellectuelle applicables. &nbsp;Tous les mat\u00e9riaux contenus dans ce Site ne peuvent \u00eatre reproduits, affich\u00e9s ou utilis\u00e9s de quelque autre mani\u00e8re que ce soit sans l\u2019autorisation pr\u00e9alable \u00e9crite d\u2019Ipsen.<\/p>\n\n\n\n<p><strong>9. Effets ind\u00e9sirables\/ effets secondaires<\/strong><\/p>\n\n\n\n<p>Les patients et les associations de patients sont encourag\u00e9s \u00e0 signaler tous les effets ind\u00e9sirables pr\u00e9sum\u00e9s par l\u2019interm\u00e9diaire de l\u2019Agence nationale pour la s\u00e9curit\u00e9 des m\u00e9dicaments et des produits de sant\u00e9 (ANSM) et du r\u00e9seau des centres r\u00e9gionaux de pharmacovigilance (www.ansm.sante.fr).<\/p>\n\n\n\n<p>Si les professionnels de sant\u00e9 souhaitent signaler un \u00e9v\u00e9nement ind\u00e9sirable ou une plainte relative \u00e0 la qualit\u00e9 d\u2019un produit \u00e0 Ipsen Pharma, ils doivent utiliser les champs appropri\u00e9s fournis sur le site Web http:\/\/www.ipsenmedicalinformation.com.<\/p>\n\n\n\n<p><strong>10. Divisibilit\u00e9<\/strong><\/p>\n\n\n\n<p>La non-validit\u00e9 ou l\u2019inapplicabilit\u00e9 d\u2019une ou de plusieurs Conditions G\u00e9n\u00e9rales d\u2019Utilisation ne porte pas atteinte \u00e0 la validit\u00e9 ou \u00e0 l\u2019applicabilit\u00e9 des autres dispositions, qui resteront pleinement valides et en vigueur, sauf dans le cas o\u00f9 l\u2019invalidit\u00e9 ou l\u2019inapplicabilit\u00e9 se rapporte \u00e0 une disposition essentielle de ces Conditions G\u00e9n\u00e9rales d\u2019Utilisation.<\/p>\n\n\n\n<p><strong>11. Lois applicables<\/strong><\/p>\n\n\n\n<p>Les pr\u00e9sentes Conditions G\u00e9n\u00e9rales d\u2019Utilisation et l\u2019utilisation que vous faites du Site sont soumises \u00e0 l\u2019application des lois fran\u00e7aises, \u00e0 l\u2019exception des dispositions de droit international priv\u00e9.<br><br><strong>12. R\u00e8glement des litiges<\/strong><\/p>\n\n\n\n<p>Les litiges qui ne peuvent \u00eatre r\u00e9gl\u00e9s \u00e0 l\u2019amiable seront soumis aux cours et aux tribunaux de Paris.<\/p>\n\n\n\n<p>Derni\u00e8re modification Janvier 2019.<\/p>\n<\/div>\n<\/div>\n\n\n\n<!--Alert Card Layout Start Here-->\n<section class=\"alertcard-section\">\n      <div class=\"container\">\n        <!--Alert Box HTML Start Here-->\n        <div class=\"alert-box general-box\">\n                    <div class=\"info-icon\">\n              <span class=\"info-circle\"><img decoding=\"async\" src=\"https:\/\/www.ipsen.com\/annualreport\/wp-content\/themes\/ipsen-main\/dist\/images\/alert-info-icon.png\" alt=\"Alert\"\/><\/i>\n            <\/div>\n                    <div class=\"info-contents\">\n          <h4 role=\"heading\" aria-level=\"2\" class=\"info-head heading-four heading-four\"><\/h4>\n            <p class=\"info-sub-head-para hidden heading-para\"><\/p>\n            <div class=\"alert-content visible\"><p>Derni\u00e8re mise \u00e0 jour le 3 mai 2023<\/p>\n<\/div>\n          <\/div>\n        <\/div>\n        <!--Alert Box HTML Start Here-->\n      <\/div>\n    <\/section>\n<!--Alert Card Layout End Here-->\n","protected":false},"excerpt":{"rendered":"","protected":false},"author":9,"featured_media":0,"parent":0,"menu_order":0,"comment_status":"closed","ping_status":"closed","template":"","meta":{"_acf_changed":false,"footnotes":""},"class_list":["post-1801","page","type-page","status-publish","hentry","entry"],"acf":[],"yoast_head":"<!-- This site is optimized with the Yoast SEO plugin v26.8 - https:\/\/yoast.com\/product\/yoast-seo-wordpress\/ -->\n<title>Conditions G\u00e9n\u00e9rales d\u2019Utilisation - Annual Report<\/title>\n<meta name=\"robots\" content=\"index, follow, max-snippet:-1, max-image-preview:large, max-video-preview:-1\" \/>\n<link rel=\"canonical\" href=\"https:\/\/www.ipsen.com\/annualreport\/fr\/conditions-generales-dutilisation\/\" \/>\n<meta property=\"og:locale\" content=\"fr_FR\" \/>\n<meta property=\"og:type\" content=\"article\" \/>\n<meta property=\"og:title\" content=\"Conditions G\u00e9n\u00e9rales d\u2019Utilisation - Annual Report\" \/>\n<meta property=\"og:url\" content=\"https:\/\/www.ipsen.com\/annualreport\/fr\/conditions-generales-dutilisation\/\" \/>\n<meta property=\"og:site_name\" content=\"Annual Report\" \/>\n<meta property=\"article:modified_time\" content=\"2023-05-31T07:33:09+00:00\" \/>\n<meta name=\"twitter:card\" content=\"summary_large_image\" \/>\n<meta name=\"twitter:label1\" content=\"Est. reading time\" \/>\n\t<meta name=\"twitter:data1\" content=\"5 minutes\" \/>\n<script type=\"application\/ld+json\" class=\"yoast-schema-graph\">{\"@context\":\"https:\/\/schema.org\",\"@graph\":[{\"@type\":\"WebPage\",\"@id\":\"https:\/\/www.ipsen.com\/annualreport\/fr\/conditions-generales-dutilisation\/\",\"url\":\"https:\/\/www.ipsen.com\/annualreport\/fr\/conditions-generales-dutilisation\/\",\"name\":\"Conditions G\u00e9n\u00e9rales d\u2019Utilisation - Annual Report\",\"isPartOf\":{\"@id\":\"https:\/\/www.ipsen.com\/annualreport\/#website\"},\"datePublished\":\"2023-04-28T19:50:22+00:00\",\"dateModified\":\"2023-05-31T07:33:09+00:00\",\"breadcrumb\":{\"@id\":\"https:\/\/www.ipsen.com\/annualreport\/fr\/conditions-generales-dutilisation\/#breadcrumb\"},\"inLanguage\":\"fr-FR\",\"potentialAction\":[{\"@type\":\"ReadAction\",\"target\":[\"https:\/\/www.ipsen.com\/annualreport\/fr\/conditions-generales-dutilisation\/\"]}]},{\"@type\":\"BreadcrumbList\",\"@id\":\"https:\/\/www.ipsen.com\/annualreport\/fr\/conditions-generales-dutilisation\/#breadcrumb\",\"itemListElement\":[{\"@type\":\"ListItem\",\"position\":1,\"name\":\"Home\",\"item\":\"https:\/\/www.ipsen.com\/annualreport\/fr\/\"},{\"@type\":\"ListItem\",\"position\":2,\"name\":\"Conditions G\u00e9n\u00e9rales d\u2019Utilisation\"}]},{\"@type\":\"WebSite\",\"@id\":\"https:\/\/www.ipsen.com\/annualreport\/#website\",\"url\":\"https:\/\/www.ipsen.com\/annualreport\/\",\"name\":\"Annual Report\",\"description\":\"\",\"publisher\":{\"@id\":\"https:\/\/www.ipsen.com\/annualreport\/#organization\"},\"potentialAction\":[{\"@type\":\"SearchAction\",\"target\":{\"@type\":\"EntryPoint\",\"urlTemplate\":\"https:\/\/www.ipsen.com\/annualreport\/?s={search_term_string}\"},\"query-input\":{\"@type\":\"PropertyValueSpecification\",\"valueRequired\":true,\"valueName\":\"search_term_string\"}}],\"inLanguage\":\"fr-FR\"},{\"@type\":\"Organization\",\"@id\":\"https:\/\/www.ipsen.com\/annualreport\/#organization\",\"name\":\"Annual Report\",\"url\":\"https:\/\/www.ipsen.com\/annualreport\/\",\"logo\":{\"@type\":\"ImageObject\",\"inLanguage\":\"fr-FR\",\"@id\":\"https:\/\/www.ipsen.com\/annualreport\/#\/schema\/logo\/image\/\",\"url\":\"https:\/\/www.ipsen.com\/annualreport\/wp-content\/uploads\/sites\/3\/2023\/12\/Latest_Ipsen-logo_168x48.svg\",\"contentUrl\":\"https:\/\/www.ipsen.com\/annualreport\/wp-content\/uploads\/sites\/3\/2023\/12\/Latest_Ipsen-logo_168x48.svg\",\"caption\":\"Annual Report\"},\"image\":{\"@id\":\"https:\/\/www.ipsen.com\/annualreport\/#\/schema\/logo\/image\/\"}}]}<\/script>\n<!-- \/ Yoast SEO plugin. -->","yoast_head_json":{"title":"Conditions G\u00e9n\u00e9rales d\u2019Utilisation - Annual Report","robots":{"index":"index","follow":"follow","max-snippet":"max-snippet:-1","max-image-preview":"max-image-preview:large","max-video-preview":"max-video-preview:-1"},"canonical":"https:\/\/www.ipsen.com\/annualreport\/fr\/conditions-generales-dutilisation\/","og_locale":"fr_FR","og_type":"article","og_title":"Conditions G\u00e9n\u00e9rales d\u2019Utilisation - Annual Report","og_url":"https:\/\/www.ipsen.com\/annualreport\/fr\/conditions-generales-dutilisation\/","og_site_name":"Annual Report","article_modified_time":"2023-05-31T07:33:09+00:00","twitter_card":"summary_large_image","twitter_misc":{"Est. reading time":"5 minutes"},"schema":{"@context":"https:\/\/schema.org","@graph":[{"@type":"WebPage","@id":"https:\/\/www.ipsen.com\/annualreport\/fr\/conditions-generales-dutilisation\/","url":"https:\/\/www.ipsen.com\/annualreport\/fr\/conditions-generales-dutilisation\/","name":"Conditions G\u00e9n\u00e9rales d\u2019Utilisation - Annual Report","isPartOf":{"@id":"https:\/\/www.ipsen.com\/annualreport\/#website"},"datePublished":"2023-04-28T19:50:22+00:00","dateModified":"2023-05-31T07:33:09+00:00","breadcrumb":{"@id":"https:\/\/www.ipsen.com\/annualreport\/fr\/conditions-generales-dutilisation\/#breadcrumb"},"inLanguage":"fr-FR","potentialAction":[{"@type":"ReadAction","target":["https:\/\/www.ipsen.com\/annualreport\/fr\/conditions-generales-dutilisation\/"]}]},{"@type":"BreadcrumbList","@id":"https:\/\/www.ipsen.com\/annualreport\/fr\/conditions-generales-dutilisation\/#breadcrumb","itemListElement":[{"@type":"ListItem","position":1,"name":"Home","item":"https:\/\/www.ipsen.com\/annualreport\/fr\/"},{"@type":"ListItem","position":2,"name":"Conditions G\u00e9n\u00e9rales d\u2019Utilisation"}]},{"@type":"WebSite","@id":"https:\/\/www.ipsen.com\/annualreport\/#website","url":"https:\/\/www.ipsen.com\/annualreport\/","name":"Annual Report","description":"","publisher":{"@id":"https:\/\/www.ipsen.com\/annualreport\/#organization"},"potentialAction":[{"@type":"SearchAction","target":{"@type":"EntryPoint","urlTemplate":"https:\/\/www.ipsen.com\/annualreport\/?s={search_term_string}"},"query-input":{"@type":"PropertyValueSpecification","valueRequired":true,"valueName":"search_term_string"}}],"inLanguage":"fr-FR"},{"@type":"Organization","@id":"https:\/\/www.ipsen.com\/annualreport\/#organization","name":"Annual Report","url":"https:\/\/www.ipsen.com\/annualreport\/","logo":{"@type":"ImageObject","inLanguage":"fr-FR","@id":"https:\/\/www.ipsen.com\/annualreport\/#\/schema\/logo\/image\/","url":"https:\/\/www.ipsen.com\/annualreport\/wp-content\/uploads\/sites\/3\/2023\/12\/Latest_Ipsen-logo_168x48.svg","contentUrl":"https:\/\/www.ipsen.com\/annualreport\/wp-content\/uploads\/sites\/3\/2023\/12\/Latest_Ipsen-logo_168x48.svg","caption":"Annual Report"},"image":{"@id":"https:\/\/www.ipsen.com\/annualreport\/#\/schema\/logo\/image\/"}}]}},"parsely":{"version":"1.1.0","canonical_url":"https:\/\/ipsen.com\/annualreport\/fr\/conditions-generales-dutilisation\/","smart_links":{"inbound":0,"outbound":0},"traffic_boost_suggestions_count":0,"meta":{"@context":"https:\/\/schema.org","@type":"WebPage","headline":"Conditions G\u00e9n\u00e9rales d\u2019Utilisation","url":"http:\/\/www.ipsen.com\/annualreport\/fr\/conditions-generales-dutilisation\/","mainEntityOfPage":{"@type":"WebPage","@id":"http:\/\/www.ipsen.com\/annualreport\/fr\/conditions-generales-dutilisation\/"},"thumbnailUrl":"","image":{"@type":"ImageObject","url":""},"articleSection":"Non classifi\u00e9(e)","author":[{"@type":"Person","name":"konstantinoskampanos"}],"creator":["konstantinoskampanos"],"publisher":{"@type":"Organization","name":"Annual Report","logo":""},"keywords":[],"dateCreated":"2023-04-28T19:50:22Z","datePublished":"2023-04-28T19:50:22Z","dateModified":"2023-05-31T07:33:09Z"},"rendered":"<script type=\"application\/ld+json\" class=\"wp-parsely-metadata\">{\"@context\":\"https:\\\/\\\/schema.org\",\"@type\":\"WebPage\",\"headline\":\"Conditions G\\u00e9n\\u00e9rales d\\u2019Utilisation\",\"url\":\"http:\\\/\\\/www.ipsen.com\\\/annualreport\\\/fr\\\/conditions-generales-dutilisation\\\/\",\"mainEntityOfPage\":{\"@type\":\"WebPage\",\"@id\":\"http:\\\/\\\/www.ipsen.com\\\/annualreport\\\/fr\\\/conditions-generales-dutilisation\\\/\"},\"thumbnailUrl\":\"\",\"image\":{\"@type\":\"ImageObject\",\"url\":\"\"},\"articleSection\":\"Non classifi\\u00e9(e)\",\"author\":[{\"@type\":\"Person\",\"name\":\"konstantinoskampanos\"}],\"creator\":[\"konstantinoskampanos\"],\"publisher\":{\"@type\":\"Organization\",\"name\":\"Annual Report\",\"logo\":\"\"},\"keywords\":[],\"dateCreated\":\"2023-04-28T19:50:22Z\",\"datePublished\":\"2023-04-28T19:50:22Z\",\"dateModified\":\"2023-05-31T07:33:09Z\"}<\/script>","tracker_url":"https:\/\/cdn.parsely.com\/keys\/ipsen.com\/p.js"},"jetpack_sharing_enabled":true,"_links":{"self":[{"href":"https:\/\/www.ipsen.com\/annualreport\/fr\/wp-json\/wp\/v2\/pages\/1801","targetHints":{"allow":["GET"]}}],"collection":[{"href":"https:\/\/www.ipsen.com\/annualreport\/fr\/wp-json\/wp\/v2\/pages"}],"about":[{"href":"https:\/\/www.ipsen.com\/annualreport\/fr\/wp-json\/wp\/v2\/types\/page"}],"author":[{"embeddable":true,"href":"https:\/\/www.ipsen.com\/annualreport\/fr\/wp-json\/wp\/v2\/users\/9"}],"replies":[{"embeddable":true,"href":"https:\/\/www.ipsen.com\/annualreport\/fr\/wp-json\/wp\/v2\/comments?post=1801"}],"version-history":[{"count":2,"href":"https:\/\/www.ipsen.com\/annualreport\/fr\/wp-json\/wp\/v2\/pages\/1801\/revisions"}],"predecessor-version":[{"id":1803,"href":"https:\/\/www.ipsen.com\/annualreport\/fr\/wp-json\/wp\/v2\/pages\/1801\/revisions\/1803"}],"wp:attachment":[{"href":"https:\/\/www.ipsen.com\/annualreport\/fr\/wp-json\/wp\/v2\/media?parent=1801"}],"curies":[{"name":"wp","href":"https:\/\/api.w.org\/{rel}","templated":true}]}}