{"id":1788,"date":"2023-04-28T19:50:54","date_gmt":"2023-04-28T17:50:54","guid":{"rendered":"https:\/\/www.ipsen.com\/annualreport\/?page_id=1788"},"modified":"2023-12-20T07:55:15","modified_gmt":"2023-12-20T05:55:15","slug":"politique-cookies","status":"publish","type":"page","link":"https:\/\/www.ipsen.com\/annualreport\/fr\/politique-cookies\/","title":{"rendered":"Politique Cookies"},"content":{"rendered":"    <section class=\"sub-page-banner \" style=\"background: linear-gradient(93.64deg, #224A81 2.99%, #2797D3 97.01%)\">\n        <div class=\"container content-sec\">\n            <nav aria-label=\"breadcrumb\">\n            <ol class=\"breadcrumb\">\n                <li class=\"breadcrumb-item\"><a href=\"https:\/\/www.ipsen.com\/annualreport\/fr\/\">Accueil<\/a><\/li><li class=\"breadcrumb-item active\"><a class=\"link-pointer-events-none\" href=\"#\" aria-current=\"page\">Politique Cookies<\/a><\/li><\/ol>\n            <\/nav>            <h1 class=\"visible\">Politique Cookies<\/h1>\n            <p class=\"hidden\"><\/p>\n        <\/div>\n    <\/section>\n\n\n\n<div class=\"wp-block-columns is-layout-flex wp-container-core-columns-is-layout-9d6595d7 wp-block-columns-is-layout-flex\">\n<div class=\"wp-block-column is-layout-flow wp-block-column-is-layout-flow\">\n<p>La pr\u00e9sente Politique relative aux cookies a pour objectif de d\u00e9crire les diff\u00e9rents types de cookies utilis\u00e9s sur ce&nbsp;<strong>Site<\/strong>, la mani\u00e8re dont ils sont utilis\u00e9s et la fa\u00e7on dont vous pouvez contr\u00f4ler leur utilisation.<\/p>\n\n\n\n<p><strong>Qu\u2019est-ce qu\u2019un cookie ?<\/strong><\/p>\n\n\n\n<p>Les cookies sont des petits fichiers de donn\u00e9es qui sont plac\u00e9s sur votre appareil (ordinateur, smartphone ou autre) lorsque vous consultez et naviguez sur un site Web. Ils sont stock\u00e9s sur le disque dur de votre appareil.<\/p>\n\n\n\n<p>Certains cookies sont consid\u00e9r\u00e9s comme strictement n\u00e9cessaires \u00e0 votre navigation. Ces cookies sont utilis\u00e9s pour faciliter des t\u00e2ches essentielles sur le site web, notamment pour aider les utilisateurs \u00e0 naviguer entre les pages de mani\u00e8re fluide et garantir que le site fonctionne de fa\u00e7on s\u00e9curis\u00e9e et efficace.<\/p>\n\n\n\n<p>D\u2019autres cookies sont utilis\u00e9s pour g\u00e9rer les performances et suivre l\u2019utilisation du site. Ipsen exploite ces cookies sur nos sites pour nous aider \u00e0 comprendre comment nos sites sont utilis\u00e9s, dans une d\u00e9marche continue d\u2019am\u00e9lioration et de d\u00e9veloppement.<\/p>\n\n\n\n<p>Conform\u00e9ment \u00e0 la directive europ\u00e9enne 2009\/136\/CE, nous ne stockerons des cookies sur votre appareil que s\u2019ils sont strictement n\u00e9cessaires. Lorsque nous utilisons d\u2019autres cookies qui ne sont pas strictement n\u00e9cessaires, nous vous demanderons votre autorisation au pr\u00e9alable.<\/p>\n\n\n\n<p>Les informations collect\u00e9es \u00e0 l\u2019aide des cookies ne permettent g\u00e9n\u00e9ralement pas de vous identifier directement. Cependant, certains cookies peuvent contenir des donn\u00e9es personnelles, telles que l\u2019adresse IP, la date et l\u2019heure de visite du site Web, le syst\u00e8me d\u2019exploitation, le navigateur et la fa\u00e7on dont l\u2019utilisateur acc\u00e8de au site (vous pouvez consulter la Politique de confidentialit\u00e9 du Site pour avoir plus d\u2019informations sur la mani\u00e8re dont nous traitons vos donn\u00e9es personnelles, vos droits et comment nous contacter).<\/p>\n\n\n\n<p><strong>Quels cookies ce site utilise-t-il&nbsp;?<\/strong><\/p>\n\n\n\n<p>Ce Site utilise des cookies strictement n\u00e9cessaires et essentiels pour g\u00e9rer la navigation sur le site et pour assurer la fonctionnalit\u00e9 et la s\u00e9curit\u00e9 de l\u2019utilisateur.<\/p>\n\n\n\n<p>Le site utilise \u00e9galement des outils d\u2019analyse web. Cela permet \u00e0 Ipsen d\u2019obtenir des &nbsp;informations sur le comportement des visiteurs sur son site, telles que les mots-cl\u00e9s saisis dans les moteurs de recherche qui les ont conduits vers le site, la dur\u00e9e de leur visite sur le site, les pages qu\u2019ils ont consult\u00e9es et les pages les plus consult\u00e9es.<\/p>\n\n\n\n<p><strong>Quelle est la dur\u00e9e de conservation des informations recueillies \u00e0 l\u2019aide des cookies&nbsp;?<\/strong><\/p>\n\n\n\n<p>Les cookies sont param\u00e9tr\u00e9s pour expirer lorsque les informations ne sont plus n\u00e9cessaires ou apr\u00e8s un d\u00e9lai maximal de 13 mois.<\/p>\n\n\n\n<p><strong>Comment d\u00e9finir ou modifier mes param\u00e8tres relatifs aux cookies&nbsp;?<\/strong><\/p>\n\n\n\n<p>Lors de votre premi\u00e8re acc\u00e8s sur le Site puis \u00e0 chaque nouvelle utilisation, vous pouvez choisir entre plusieurs options pour g\u00e9rer les cookies. Vous pourrez accepter tous les cookies ou choisir quels cookies accepter ou refuser. Si vous refusez certaines cat\u00e9gories de cookies, ceux-ci ne seront pas plac\u00e9s sur vos appareils.<\/p>\n\n\n\n<p>Vous pouvez par ailleurs contr\u00f4ler l\u2019utilisation des cookies via la plupart des navigateurs Web, depuis les param\u00e8tres du navigateur. Pour en savoir plus sur les cookies et voir notamment quels cookies ont \u00e9t\u00e9 configur\u00e9s, consultez le site&nbsp;<a href=\"http:\/\/www.aboutcookies.org\/\"><strong>www.aboutcookies.org<\/strong><\/a>&nbsp;ou&nbsp;<strong><a href=\"http:\/\/www.allaboutcookies.org\/\">www.allaboutcookies.org<\/a>.<\/strong><\/p>\n\n\n\n<p><strong>Que se passe-t-il lorsque je partage du contenu sur les plateformes de r\u00e9seaux sociaux ?<\/strong><\/p>\n\n\n\n<p>Si vous \u00ab&nbsp;partagez&nbsp;\u00bb du contenu Ipsen sur des r\u00e9seaux sociaux tels que Facebook et Twitter, des cookies issus de ces sites Web tiers peuvent \u00eatre plac\u00e9s sur votre appareil. Nous ne contr\u00f4lons pas la configuration de ces cookies, veuillez donc consulter les sites Web tiers pour savoir comment les g\u00e9rer.<\/p>\n<\/div>\n<\/div>\n\n\n\n<!--Alert Card Layout Start Here-->\n<section class=\"alertcard-section\">\n      <div class=\"container\">\n        <!--Alert Box HTML Start Here-->\n        <div class=\"alert-box general-box\">\n                    <div class=\"info-icon\">\n              <span class=\"info-circle\"><img decoding=\"async\" src=\"https:\/\/www.ipsen.com\/annualreport\/wp-content\/themes\/ipsen-main\/dist\/images\/alert-info-icon.png\" alt=\"Alert\"\/><\/i>\n            <\/div>\n                    <div class=\"info-contents\">\n          <h4 role=\"heading\" aria-level=\"2\" class=\"info-head heading-four heading-four\"><\/h4>\n            <p class=\"info-sub-head-para hidden heading-para\"><\/p>\n            <div class=\"alert-content visible\"><p>Derni\u00e8re mise \u00e0 jour le 3 mai 2023<\/p>\n<\/div>\n          <\/div>\n        <\/div>\n        <!--Alert Box HTML Start Here-->\n      <\/div>\n    <\/section>\n<!--Alert Card Layout End Here-->\n","protected":false},"excerpt":{"rendered":"","protected":false},"author":9,"featured_media":0,"parent":0,"menu_order":0,"comment_status":"closed","ping_status":"closed","template":"","meta":{"_acf_changed":false,"footnotes":""},"class_list":["post-1788","page","type-page","status-publish","hentry","entry"],"acf":[],"yoast_head":"<!-- This site is optimized with the Yoast SEO plugin v26.8 - https:\/\/yoast.com\/product\/yoast-seo-wordpress\/ -->\n<title>Politique Cookies - Annual Report<\/title>\n<meta name=\"robots\" content=\"noindex, nofollow\" \/>\n<meta property=\"og:locale\" content=\"fr_FR\" \/>\n<meta property=\"og:type\" content=\"article\" \/>\n<meta property=\"og:title\" content=\"Politique Cookies - Annual Report\" \/>\n<meta property=\"og:url\" content=\"https:\/\/www.ipsen.com\/annualreport\/fr\/politique-cookies\/\" \/>\n<meta property=\"og:site_name\" content=\"Annual Report\" \/>\n<meta property=\"article:modified_time\" content=\"2023-12-20T05:55:15+00:00\" \/>\n<meta name=\"twitter:card\" content=\"summary_large_image\" \/>\n<meta name=\"twitter:label1\" content=\"Est. reading time\" \/>\n\t<meta name=\"twitter:data1\" content=\"3 minutes\" \/>\n<script type=\"application\/ld+json\" class=\"yoast-schema-graph\">{\"@context\":\"https:\/\/schema.org\",\"@graph\":[{\"@type\":\"WebPage\",\"@id\":\"https:\/\/www.ipsen.com\/annualreport\/fr\/politique-cookies\/\",\"url\":\"https:\/\/www.ipsen.com\/annualreport\/fr\/politique-cookies\/\",\"name\":\"Politique Cookies - Annual Report\",\"isPartOf\":{\"@id\":\"https:\/\/www.ipsen.com\/annualreport\/#website\"},\"datePublished\":\"2023-04-28T17:50:54+00:00\",\"dateModified\":\"2023-12-20T05:55:15+00:00\",\"breadcrumb\":{\"@id\":\"https:\/\/www.ipsen.com\/annualreport\/fr\/politique-cookies\/#breadcrumb\"},\"inLanguage\":\"fr-FR\",\"potentialAction\":[{\"@type\":\"ReadAction\",\"target\":[\"https:\/\/www.ipsen.com\/annualreport\/fr\/politique-cookies\/\"]}]},{\"@type\":\"BreadcrumbList\",\"@id\":\"https:\/\/www.ipsen.com\/annualreport\/fr\/politique-cookies\/#breadcrumb\",\"itemListElement\":[{\"@type\":\"ListItem\",\"position\":1,\"name\":\"Home\",\"item\":\"https:\/\/www.ipsen.com\/annualreport\/fr\/\"},{\"@type\":\"ListItem\",\"position\":2,\"name\":\"Politique Cookies\"}]},{\"@type\":\"WebSite\",\"@id\":\"https:\/\/www.ipsen.com\/annualreport\/#website\",\"url\":\"https:\/\/www.ipsen.com\/annualreport\/\",\"name\":\"Annual Report\",\"description\":\"\",\"publisher\":{\"@id\":\"https:\/\/www.ipsen.com\/annualreport\/#organization\"},\"potentialAction\":[{\"@type\":\"SearchAction\",\"target\":{\"@type\":\"EntryPoint\",\"urlTemplate\":\"https:\/\/www.ipsen.com\/annualreport\/?s={search_term_string}\"},\"query-input\":{\"@type\":\"PropertyValueSpecification\",\"valueRequired\":true,\"valueName\":\"search_term_string\"}}],\"inLanguage\":\"fr-FR\"},{\"@type\":\"Organization\",\"@id\":\"https:\/\/www.ipsen.com\/annualreport\/#organization\",\"name\":\"Annual Report\",\"url\":\"https:\/\/www.ipsen.com\/annualreport\/\",\"logo\":{\"@type\":\"ImageObject\",\"inLanguage\":\"fr-FR\",\"@id\":\"https:\/\/www.ipsen.com\/annualreport\/#\/schema\/logo\/image\/\",\"url\":\"https:\/\/www.ipsen.com\/annualreport\/wp-content\/uploads\/sites\/3\/2023\/12\/Latest_Ipsen-logo_168x48.svg\",\"contentUrl\":\"https:\/\/www.ipsen.com\/annualreport\/wp-content\/uploads\/sites\/3\/2023\/12\/Latest_Ipsen-logo_168x48.svg\",\"caption\":\"Annual Report\"},\"image\":{\"@id\":\"https:\/\/www.ipsen.com\/annualreport\/#\/schema\/logo\/image\/\"}}]}<\/script>\n<!-- \/ Yoast SEO plugin. -->","yoast_head_json":{"title":"Politique Cookies - Annual Report","robots":{"index":"noindex","follow":"nofollow"},"og_locale":"fr_FR","og_type":"article","og_title":"Politique Cookies - Annual Report","og_url":"https:\/\/www.ipsen.com\/annualreport\/fr\/politique-cookies\/","og_site_name":"Annual Report","article_modified_time":"2023-12-20T05:55:15+00:00","twitter_card":"summary_large_image","twitter_misc":{"Est. reading time":"3 minutes"},"schema":{"@context":"https:\/\/schema.org","@graph":[{"@type":"WebPage","@id":"https:\/\/www.ipsen.com\/annualreport\/fr\/politique-cookies\/","url":"https:\/\/www.ipsen.com\/annualreport\/fr\/politique-cookies\/","name":"Politique Cookies - Annual Report","isPartOf":{"@id":"https:\/\/www.ipsen.com\/annualreport\/#website"},"datePublished":"2023-04-28T17:50:54+00:00","dateModified":"2023-12-20T05:55:15+00:00","breadcrumb":{"@id":"https:\/\/www.ipsen.com\/annualreport\/fr\/politique-cookies\/#breadcrumb"},"inLanguage":"fr-FR","potentialAction":[{"@type":"ReadAction","target":["https:\/\/www.ipsen.com\/annualreport\/fr\/politique-cookies\/"]}]},{"@type":"BreadcrumbList","@id":"https:\/\/www.ipsen.com\/annualreport\/fr\/politique-cookies\/#breadcrumb","itemListElement":[{"@type":"ListItem","position":1,"name":"Home","item":"https:\/\/www.ipsen.com\/annualreport\/fr\/"},{"@type":"ListItem","position":2,"name":"Politique Cookies"}]},{"@type":"WebSite","@id":"https:\/\/www.ipsen.com\/annualreport\/#website","url":"https:\/\/www.ipsen.com\/annualreport\/","name":"Annual Report","description":"","publisher":{"@id":"https:\/\/www.ipsen.com\/annualreport\/#organization"},"potentialAction":[{"@type":"SearchAction","target":{"@type":"EntryPoint","urlTemplate":"https:\/\/www.ipsen.com\/annualreport\/?s={search_term_string}"},"query-input":{"@type":"PropertyValueSpecification","valueRequired":true,"valueName":"search_term_string"}}],"inLanguage":"fr-FR"},{"@type":"Organization","@id":"https:\/\/www.ipsen.com\/annualreport\/#organization","name":"Annual Report","url":"https:\/\/www.ipsen.com\/annualreport\/","logo":{"@type":"ImageObject","inLanguage":"fr-FR","@id":"https:\/\/www.ipsen.com\/annualreport\/#\/schema\/logo\/image\/","url":"https:\/\/www.ipsen.com\/annualreport\/wp-content\/uploads\/sites\/3\/2023\/12\/Latest_Ipsen-logo_168x48.svg","contentUrl":"https:\/\/www.ipsen.com\/annualreport\/wp-content\/uploads\/sites\/3\/2023\/12\/Latest_Ipsen-logo_168x48.svg","caption":"Annual Report"},"image":{"@id":"https:\/\/www.ipsen.com\/annualreport\/#\/schema\/logo\/image\/"}}]}},"parsely":{"version":"1.1.0","canonical_url":"https:\/\/ipsen.com\/annualreport\/fr\/politique-cookies\/","smart_links":{"inbound":0,"outbound":0},"traffic_boost_suggestions_count":0,"meta":{"@context":"https:\/\/schema.org","@type":"WebPage","headline":"Politique Cookies","url":"http:\/\/www.ipsen.com\/annualreport\/fr\/politique-cookies\/","mainEntityOfPage":{"@type":"WebPage","@id":"http:\/\/www.ipsen.com\/annualreport\/fr\/politique-cookies\/"},"thumbnailUrl":"","image":{"@type":"ImageObject","url":""},"articleSection":"Non classifi\u00e9(e)","author":[{"@type":"Person","name":"konstantinoskampanos"}],"creator":["konstantinoskampanos"],"publisher":{"@type":"Organization","name":"Annual Report","logo":""},"keywords":[],"dateCreated":"2023-04-28T17:50:54Z","datePublished":"2023-04-28T17:50:54Z","dateModified":"2023-12-20T05:55:15Z"},"rendered":"<script type=\"application\/ld+json\" class=\"wp-parsely-metadata\">{\"@context\":\"https:\\\/\\\/schema.org\",\"@type\":\"WebPage\",\"headline\":\"Politique Cookies\",\"url\":\"http:\\\/\\\/www.ipsen.com\\\/annualreport\\\/fr\\\/politique-cookies\\\/\",\"mainEntityOfPage\":{\"@type\":\"WebPage\",\"@id\":\"http:\\\/\\\/www.ipsen.com\\\/annualreport\\\/fr\\\/politique-cookies\\\/\"},\"thumbnailUrl\":\"\",\"image\":{\"@type\":\"ImageObject\",\"url\":\"\"},\"articleSection\":\"Non classifi\\u00e9(e)\",\"author\":[{\"@type\":\"Person\",\"name\":\"konstantinoskampanos\"}],\"creator\":[\"konstantinoskampanos\"],\"publisher\":{\"@type\":\"Organization\",\"name\":\"Annual Report\",\"logo\":\"\"},\"keywords\":[],\"dateCreated\":\"2023-04-28T17:50:54Z\",\"datePublished\":\"2023-04-28T17:50:54Z\",\"dateModified\":\"2023-12-20T05:55:15Z\"}<\/script>","tracker_url":"https:\/\/cdn.parsely.com\/keys\/ipsen.com\/p.js"},"jetpack_sharing_enabled":true,"_links":{"self":[{"href":"https:\/\/www.ipsen.com\/annualreport\/fr\/wp-json\/wp\/v2\/pages\/1788","targetHints":{"allow":["GET"]}}],"collection":[{"href":"https:\/\/www.ipsen.com\/annualreport\/fr\/wp-json\/wp\/v2\/pages"}],"about":[{"href":"https:\/\/www.ipsen.com\/annualreport\/fr\/wp-json\/wp\/v2\/types\/page"}],"author":[{"embeddable":true,"href":"https:\/\/www.ipsen.com\/annualreport\/fr\/wp-json\/wp\/v2\/users\/9"}],"replies":[{"embeddable":true,"href":"https:\/\/www.ipsen.com\/annualreport\/fr\/wp-json\/wp\/v2\/comments?post=1788"}],"version-history":[{"count":3,"href":"https:\/\/www.ipsen.com\/annualreport\/fr\/wp-json\/wp\/v2\/pages\/1788\/revisions"}],"predecessor-version":[{"id":1800,"href":"https:\/\/www.ipsen.com\/annualreport\/fr\/wp-json\/wp\/v2\/pages\/1788\/revisions\/1800"}],"wp:attachment":[{"href":"https:\/\/www.ipsen.com\/annualreport\/fr\/wp-json\/wp\/v2\/media?parent=1788"}],"curies":[{"name":"wp","href":"https:\/\/api.w.org\/{rel}","templated":true}]}}